{"id":381,"date":"2019-07-01T14:41:05","date_gmt":"2019-07-01T12:41:05","guid":{"rendered":"https:\/\/www.enscmu.uha.fr\/en\/?page_id=381"},"modified":"2020-03-20T11:58:42","modified_gmt":"2020-03-20T10:58:42","slug":"history-and-heritage","status":"publish","type":"page","link":"https:\/\/www.enscmu.uha.fr\/en\/index.php\/history-and-heritage\/","title":{"rendered":"HISTORY AND HERITAGE"},"content":{"rendered":"<h1>The earliest French college of chemistry<\/h1>\n<h1><img loading=\"lazy\" decoding=\"async\" class=\"wp-image-369 alignleft\" src=\"https:\/\/www.enscmu.uha.fr\/en\/wp-content\/uploads\/2019\/07\/ENSCMu-archive1-300x206.gif\" alt=\"\" width=\"301\" height=\"207\" srcset=\"https:\/\/www.enscmu.uha.fr\/en\/wp-content\/uploads\/2019\/07\/ENSCMu-archive1-300x206.gif 300w, https:\/\/www.enscmu.uha.fr\/en\/wp-content\/uploads\/2019\/07\/ENSCMu-archive1-768x528.gif 768w\" sizes=\"auto, (max-width: 301px) 100vw, 301px\" \/><\/h1>\n<p>Today\u2019s college originated in March 1822 when Mulhouse city council set up an applied chemistry course along with a teaching laboratory, soon followed by research facilities. Industry asked for and participated in the foundation of this institution which developed under the scrutiny of Soci\u00e9t\u00e9 Industrielle de Mulhouse, the local learned society of industrialists, to become the first ever French college of chemistry. By the 1850\u2019s, the reputation of the college was already firmly established.<\/p>\n<h1><\/h1>\n<h1>From 1870 to 1915<\/h1>\n<p>After the 1870 Franco-Prussian War and the subsequent annexation of Alsace and despite German authorities\u2019 contempt for <a href=\"http:\/\/www.sim.asso.fr\/\" target=\"_blank\" rel=\"noopener noreferrer\">Soci\u00e9t\u00e9 Industrielle de Mulhouse<\/a> which was deemed to be too overtly francophile, Mulhouse\u2019s College of Chemistry flourished spectacularly and gained international fame. The duration of this high-level degree programme was progressively increased to three then to four years. It also introduced students to research: between 1880 and 1915, more than one hundred PhDs were completed under the supervision of Emilio Noelting.<\/p>\n<h1>The interwar period<\/h1>\n<p>The College of Chemistry was closed during the 1914-1918 War and had to adjust to a changed situation due to its return to France and fast-paced scientific progress. Its programme focused on training non-specialised chemists with solid practical skills enabling them to promptly enter the industrial world. Run by a Foundation comprising the state, the city council and the local communities involved, it was entitled to train and graduate chemical engineers after the establishment of the committee responsible for the accreditation of higher education institutions training engineers in 1934. However, it should be noted that the College had already been awarding this degree since 1919. In 1935, it became the first College to set up a polymer chemistry course, soon followed by a dedicated research laboratory.<\/p>\n<h1>Returning to Mulhouse after the war<\/h1>\n<p>Relocated in Lyon during the Second World War, the College returned to Mulhouse in 1945 and became one of the French National Colleges of Engineering in 1948. It was rebuilt in 1965 on the new Mulhouse campus and kept on developing. Its ever active research laboratories contributed to the creation of the Mulhouse Center for Textile Research as well as to that of the French National Center for Scientific Research\u2019s own laboratory which has become the <a href=\"https:\/\/www.is2m.uha.fr\/fr\/accueil\/\" target=\"_blank\" rel=\"noopener noreferrer\">Mulhouse Materials Science Institute (IS2M)<\/a>.<\/p>\n<h1>From 1977 to the present \u2013 creation of UHA<\/h1>\n<p>The college was nationalised in 1977 in order to become one of the main departments of the newly created <a href=\"https:\/\/www.uha.fr\/\" target=\"_blank\" rel=\"noopener noreferrer\">Universit\u00e9 de Haute-Alsace<\/a>. However during the implementation of the so-called 1984 Savary Law on higher education which made it illegal for any public institution to be part of another public institution, The National College of Chemical Engineering of Mulhouse (ENSCMu) decided to retain its autonomy and become a so-called \u201c\u00c9tablissement Public \u00e0 Caract\u00e8re Administratif\u201d, that is to say a public institution of an administrative nature, connected to the University of Mulhouse by decrees. This status lasted until 1<sup>st<\/sup> November 2006 when it reintegrated the University in accordance with the government\u2019s commitment to redefining the French university landscape. The National College of Chemical Engineering of Mulhouse thus joined again the university it had helped create and brought to it its prestige based on a strong identity.<\/p>\n","protected":false},"excerpt":{"rendered":"<p>The earliest French college of chemistry Today\u2019s college originated in March 1822 when Mulhouse city council set up an applied chemistry course along with a teaching laboratory, soon followed by research facilities. Industry asked for and participated in the foundation of this institution which developed under the scrutiny of Soci\u00e9t\u00e9 Industrielle de Mulhouse, the local [&hellip;]<\/p>\n","protected":false},"author":3,"featured_media":370,"parent":0,"menu_order":0,"comment_status":"closed","ping_status":"closed","template":"","meta":{"footnotes":""},"categories":[],"tags":[],"class_list":["post-381","page","type-page","status-publish","has-post-thumbnail","hentry"],"yoast_head":"<!-- This site is optimized with the Yoast SEO plugin v27.4 - https:\/\/yoast.com\/product\/yoast-seo-wordpress\/ -->\n<title>HISTORY AND HERITAGE - \u00c9cole Nationale Sup\u00e9rieure de Chimie de Mulhouse de l&#039;UHA<\/title>\n<meta name=\"robots\" content=\"index, follow, max-snippet:-1, max-image-preview:large, max-video-preview:-1\" \/>\n<link rel=\"canonical\" href=\"https:\/\/www.enscmu.uha.fr\/en\/index.php\/history-and-heritage\/\" \/>\n<meta property=\"og:locale\" content=\"fr_FR\" \/>\n<meta property=\"og:type\" content=\"article\" \/>\n<meta property=\"og:title\" content=\"HISTORY AND HERITAGE - \u00c9cole Nationale Sup\u00e9rieure de Chimie de Mulhouse de l&#039;UHA\" \/>\n<meta property=\"og:description\" content=\"The earliest French college of chemistry Today\u2019s college originated in March 1822 when Mulhouse city council set up an applied chemistry course along with a teaching laboratory, soon followed by research facilities. Industry asked for and participated in the foundation of this institution which developed under the scrutiny of Soci\u00e9t\u00e9 Industrielle de Mulhouse, the local [&hellip;]\" \/>\n<meta property=\"og:url\" content=\"https:\/\/www.enscmu.uha.fr\/en\/index.php\/history-and-heritage\/\" \/>\n<meta property=\"og:site_name\" content=\"\u00c9cole Nationale Sup\u00e9rieure de Chimie de Mulhouse de l&#039;UHA\" \/>\n<meta property=\"article:modified_time\" content=\"2020-03-20T10:58:42+00:00\" \/>\n<meta property=\"og:image\" content=\"https:\/\/www.enscmu.uha.fr\/en\/wp-content\/uploads\/2019\/07\/ENSCMu-archive2.gif\" \/>\n\t<meta property=\"og:image:width\" content=\"800\" \/>\n\t<meta property=\"og:image:height\" content=\"549\" \/>\n\t<meta property=\"og:image:type\" content=\"image\/gif\" \/>\n<meta name=\"twitter:card\" content=\"summary_large_image\" \/>\n<meta name=\"twitter:label1\" content=\"Dur\u00e9e de lecture estim\u00e9e\" \/>\n\t<meta name=\"twitter:data1\" content=\"3 minutes\" \/>\n<script type=\"application\/ld+json\" class=\"yoast-schema-graph\">{\"@context\":\"https:\\\/\\\/schema.org\",\"@graph\":[{\"@type\":\"WebPage\",\"@id\":\"https:\\\/\\\/www.enscmu.uha.fr\\\/en\\\/index.php\\\/history-and-heritage\\\/\",\"url\":\"https:\\\/\\\/www.enscmu.uha.fr\\\/en\\\/index.php\\\/history-and-heritage\\\/\",\"name\":\"HISTORY AND HERITAGE - \u00c9cole Nationale Sup\u00e9rieure de Chimie de Mulhouse de l&#039;UHA\",\"isPartOf\":{\"@id\":\"https:\\\/\\\/www.enscmu.uha.fr\\\/en\\\/#website\"},\"primaryImageOfPage\":{\"@id\":\"https:\\\/\\\/www.enscmu.uha.fr\\\/en\\\/index.php\\\/history-and-heritage\\\/#primaryimage\"},\"image\":{\"@id\":\"https:\\\/\\\/www.enscmu.uha.fr\\\/en\\\/index.php\\\/history-and-heritage\\\/#primaryimage\"},\"thumbnailUrl\":\"https:\\\/\\\/www.enscmu.uha.fr\\\/en\\\/wp-content\\\/uploads\\\/2019\\\/07\\\/ENSCMu-archive2.gif\",\"datePublished\":\"2019-07-01T12:41:05+00:00\",\"dateModified\":\"2020-03-20T10:58:42+00:00\",\"breadcrumb\":{\"@id\":\"https:\\\/\\\/www.enscmu.uha.fr\\\/en\\\/index.php\\\/history-and-heritage\\\/#breadcrumb\"},\"inLanguage\":\"fr-FR\",\"potentialAction\":[{\"@type\":\"ReadAction\",\"target\":[\"https:\\\/\\\/www.enscmu.uha.fr\\\/en\\\/index.php\\\/history-and-heritage\\\/\"]}]},{\"@type\":\"ImageObject\",\"inLanguage\":\"fr-FR\",\"@id\":\"https:\\\/\\\/www.enscmu.uha.fr\\\/en\\\/index.php\\\/history-and-heritage\\\/#primaryimage\",\"url\":\"https:\\\/\\\/www.enscmu.uha.fr\\\/en\\\/wp-content\\\/uploads\\\/2019\\\/07\\\/ENSCMu-archive2.gif\",\"contentUrl\":\"https:\\\/\\\/www.enscmu.uha.fr\\\/en\\\/wp-content\\\/uploads\\\/2019\\\/07\\\/ENSCMu-archive2.gif\",\"width\":800,\"height\":549},{\"@type\":\"BreadcrumbList\",\"@id\":\"https:\\\/\\\/www.enscmu.uha.fr\\\/en\\\/index.php\\\/history-and-heritage\\\/#breadcrumb\",\"itemListElement\":[{\"@type\":\"ListItem\",\"position\":1,\"name\":\"Accueil\",\"item\":\"https:\\\/\\\/www.enscmu.uha.fr\\\/en\\\/\"},{\"@type\":\"ListItem\",\"position\":2,\"name\":\"HISTORY AND HERITAGE\"}]},{\"@type\":\"WebSite\",\"@id\":\"https:\\\/\\\/www.enscmu.uha.fr\\\/en\\\/#website\",\"url\":\"https:\\\/\\\/www.enscmu.uha.fr\\\/en\\\/\",\"name\":\"\u00c9cole Nationale Sup\u00e9rieure de Chimie de Mulhouse de l&#039;UHA\",\"description\":\"Universit\u00e9 de Haute-Alsace\",\"potentialAction\":[{\"@type\":\"SearchAction\",\"target\":{\"@type\":\"EntryPoint\",\"urlTemplate\":\"https:\\\/\\\/www.enscmu.uha.fr\\\/en\\\/?s={search_term_string}\"},\"query-input\":{\"@type\":\"PropertyValueSpecification\",\"valueRequired\":true,\"valueName\":\"search_term_string\"}}],\"inLanguage\":\"fr-FR\"}]}<\/script>\n<!-- \/ Yoast SEO plugin. -->","yoast_head_json":{"title":"HISTORY AND HERITAGE - \u00c9cole Nationale Sup\u00e9rieure de Chimie de Mulhouse de l&#039;UHA","robots":{"index":"index","follow":"follow","max-snippet":"max-snippet:-1","max-image-preview":"max-image-preview:large","max-video-preview":"max-video-preview:-1"},"canonical":"https:\/\/www.enscmu.uha.fr\/en\/index.php\/history-and-heritage\/","og_locale":"fr_FR","og_type":"article","og_title":"HISTORY AND HERITAGE - \u00c9cole Nationale Sup\u00e9rieure de Chimie de Mulhouse de l&#039;UHA","og_description":"The earliest French college of chemistry Today\u2019s college originated in March 1822 when Mulhouse city council set up an applied chemistry course along with a teaching laboratory, soon followed by research facilities. Industry asked for and participated in the foundation of this institution which developed under the scrutiny of Soci\u00e9t\u00e9 Industrielle de Mulhouse, the local [&hellip;]","og_url":"https:\/\/www.enscmu.uha.fr\/en\/index.php\/history-and-heritage\/","og_site_name":"\u00c9cole Nationale Sup\u00e9rieure de Chimie de Mulhouse de l&#039;UHA","article_modified_time":"2020-03-20T10:58:42+00:00","og_image":[{"width":800,"height":549,"url":"https:\/\/www.enscmu.uha.fr\/en\/wp-content\/uploads\/2019\/07\/ENSCMu-archive2.gif","type":"image\/gif"}],"twitter_card":"summary_large_image","twitter_misc":{"Dur\u00e9e de lecture estim\u00e9e":"3 minutes"},"schema":{"@context":"https:\/\/schema.org","@graph":[{"@type":"WebPage","@id":"https:\/\/www.enscmu.uha.fr\/en\/index.php\/history-and-heritage\/","url":"https:\/\/www.enscmu.uha.fr\/en\/index.php\/history-and-heritage\/","name":"HISTORY AND HERITAGE - \u00c9cole Nationale Sup\u00e9rieure de Chimie de Mulhouse de l&#039;UHA","isPartOf":{"@id":"https:\/\/www.enscmu.uha.fr\/en\/#website"},"primaryImageOfPage":{"@id":"https:\/\/www.enscmu.uha.fr\/en\/index.php\/history-and-heritage\/#primaryimage"},"image":{"@id":"https:\/\/www.enscmu.uha.fr\/en\/index.php\/history-and-heritage\/#primaryimage"},"thumbnailUrl":"https:\/\/www.enscmu.uha.fr\/en\/wp-content\/uploads\/2019\/07\/ENSCMu-archive2.gif","datePublished":"2019-07-01T12:41:05+00:00","dateModified":"2020-03-20T10:58:42+00:00","breadcrumb":{"@id":"https:\/\/www.enscmu.uha.fr\/en\/index.php\/history-and-heritage\/#breadcrumb"},"inLanguage":"fr-FR","potentialAction":[{"@type":"ReadAction","target":["https:\/\/www.enscmu.uha.fr\/en\/index.php\/history-and-heritage\/"]}]},{"@type":"ImageObject","inLanguage":"fr-FR","@id":"https:\/\/www.enscmu.uha.fr\/en\/index.php\/history-and-heritage\/#primaryimage","url":"https:\/\/www.enscmu.uha.fr\/en\/wp-content\/uploads\/2019\/07\/ENSCMu-archive2.gif","contentUrl":"https:\/\/www.enscmu.uha.fr\/en\/wp-content\/uploads\/2019\/07\/ENSCMu-archive2.gif","width":800,"height":549},{"@type":"BreadcrumbList","@id":"https:\/\/www.enscmu.uha.fr\/en\/index.php\/history-and-heritage\/#breadcrumb","itemListElement":[{"@type":"ListItem","position":1,"name":"Accueil","item":"https:\/\/www.enscmu.uha.fr\/en\/"},{"@type":"ListItem","position":2,"name":"HISTORY AND HERITAGE"}]},{"@type":"WebSite","@id":"https:\/\/www.enscmu.uha.fr\/en\/#website","url":"https:\/\/www.enscmu.uha.fr\/en\/","name":"\u00c9cole Nationale Sup\u00e9rieure de Chimie de Mulhouse de l&#039;UHA","description":"Universit\u00e9 de Haute-Alsace","potentialAction":[{"@type":"SearchAction","target":{"@type":"EntryPoint","urlTemplate":"https:\/\/www.enscmu.uha.fr\/en\/?s={search_term_string}"},"query-input":{"@type":"PropertyValueSpecification","valueRequired":true,"valueName":"search_term_string"}}],"inLanguage":"fr-FR"}]}},"_links":{"self":[{"href":"https:\/\/www.enscmu.uha.fr\/en\/index.php\/wp-json\/wp\/v2\/pages\/381","targetHints":{"allow":["GET"]}}],"collection":[{"href":"https:\/\/www.enscmu.uha.fr\/en\/index.php\/wp-json\/wp\/v2\/pages"}],"about":[{"href":"https:\/\/www.enscmu.uha.fr\/en\/index.php\/wp-json\/wp\/v2\/types\/page"}],"author":[{"embeddable":true,"href":"https:\/\/www.enscmu.uha.fr\/en\/index.php\/wp-json\/wp\/v2\/users\/3"}],"replies":[{"embeddable":true,"href":"https:\/\/www.enscmu.uha.fr\/en\/index.php\/wp-json\/wp\/v2\/comments?post=381"}],"version-history":[{"count":7,"href":"https:\/\/www.enscmu.uha.fr\/en\/index.php\/wp-json\/wp\/v2\/pages\/381\/revisions"}],"predecessor-version":[{"id":680,"href":"https:\/\/www.enscmu.uha.fr\/en\/index.php\/wp-json\/wp\/v2\/pages\/381\/revisions\/680"}],"wp:featuredmedia":[{"embeddable":true,"href":"https:\/\/www.enscmu.uha.fr\/en\/index.php\/wp-json\/wp\/v2\/media\/370"}],"wp:attachment":[{"href":"https:\/\/www.enscmu.uha.fr\/en\/index.php\/wp-json\/wp\/v2\/media?parent=381"}],"wp:term":[{"taxonomy":"category","embeddable":true,"href":"https:\/\/www.enscmu.uha.fr\/en\/index.php\/wp-json\/wp\/v2\/categories?post=381"},{"taxonomy":"post_tag","embeddable":true,"href":"https:\/\/www.enscmu.uha.fr\/en\/index.php\/wp-json\/wp\/v2\/tags?post=381"}],"curies":[{"name":"wp","href":"https:\/\/api.w.org\/{rel}","templated":true}]}}