{"id":391,"date":"2019-07-01T15:11:20","date_gmt":"2019-07-01T13:11:20","guid":{"rendered":"https:\/\/www.enscmu.uha.fr\/en\/?page_id=391"},"modified":"2020-03-23T18:01:49","modified_gmt":"2020-03-23T17:01:49","slug":"admission-from-abroad","status":"publish","type":"page","link":"https:\/\/www.enscmu.uha.fr\/en\/index.php\/admission-from-abroad\/","title":{"rendered":"ADMISSION FROM ABROAD"},"content":{"rendered":"<h1>How to enter Chimie Mulhouse<\/h1>\n<p>Students can join ENSCMu after the French high school diploma or equivalent, or after two years of bachelor\u2019s degree through various admission pathways.<\/p>\n<h1><img loading=\"lazy\" decoding=\"async\" class=\"alignnone wp-image-647 size-full\" src=\"https:\/\/www.enscmu.uha.fr\/en\/wp-content\/uploads\/2019\/11\/ENSCMu_admission-EN_2019-20.jpg\" alt=\"Various admission pathways to join ENSCMu\" width=\"1908\" height=\"588\" srcset=\"https:\/\/www.enscmu.uha.fr\/en\/wp-content\/uploads\/2019\/11\/ENSCMu_admission-EN_2019-20.jpg 1908w, https:\/\/www.enscmu.uha.fr\/en\/wp-content\/uploads\/2019\/11\/ENSCMu_admission-EN_2019-20-300x92.jpg 300w, https:\/\/www.enscmu.uha.fr\/en\/wp-content\/uploads\/2019\/11\/ENSCMu_admission-EN_2019-20-1024x316.jpg 1024w, https:\/\/www.enscmu.uha.fr\/en\/wp-content\/uploads\/2019\/11\/ENSCMu_admission-EN_2019-20-768x237.jpg 768w, https:\/\/www.enscmu.uha.fr\/en\/wp-content\/uploads\/2019\/11\/ENSCMu_admission-EN_2019-20-1536x473.jpg 1536w\" sizes=\"auto, (max-width: 1908px) 100vw, 1908px\" \/><\/h1>\n","protected":false},"excerpt":{"rendered":"<p>How to enter Chimie Mulhouse Students can join ENSCMu after the French high school diploma or equivalent, or after two years of bachelor\u2019s degree through various admission pathways.<\/p>\n","protected":false},"author":3,"featured_media":0,"parent":0,"menu_order":0,"comment_status":"closed","ping_status":"closed","template":"","meta":{"footnotes":""},"categories":[],"tags":[],"class_list":["post-391","page","type-page","status-publish","hentry"],"yoast_head":"<!-- This site is optimized with the Yoast SEO plugin v27.4 - https:\/\/yoast.com\/product\/yoast-seo-wordpress\/ -->\n<title>ADMISSION FROM ABROAD - \u00c9cole Nationale Sup\u00e9rieure de Chimie de Mulhouse de l&#039;UHA<\/title>\n<meta name=\"robots\" content=\"index, follow, max-snippet:-1, max-image-preview:large, max-video-preview:-1\" \/>\n<link rel=\"canonical\" href=\"https:\/\/www.enscmu.uha.fr\/en\/index.php\/admission-from-abroad\/\" \/>\n<meta property=\"og:locale\" content=\"fr_FR\" \/>\n<meta property=\"og:type\" content=\"article\" \/>\n<meta property=\"og:title\" content=\"ADMISSION FROM ABROAD - \u00c9cole Nationale Sup\u00e9rieure de Chimie de Mulhouse de l&#039;UHA\" \/>\n<meta property=\"og:description\" content=\"How to enter Chimie Mulhouse Students can join ENSCMu after the French high school diploma or equivalent, or after two years of bachelor\u2019s degree through various admission pathways.\" \/>\n<meta property=\"og:url\" content=\"https:\/\/www.enscmu.uha.fr\/en\/index.php\/admission-from-abroad\/\" \/>\n<meta property=\"og:site_name\" content=\"\u00c9cole Nationale Sup\u00e9rieure de Chimie de Mulhouse de l&#039;UHA\" \/>\n<meta property=\"article:modified_time\" content=\"2020-03-23T17:01:49+00:00\" \/>\n<meta property=\"og:image\" content=\"https:\/\/www.enscmu.uha.fr\/en\/wp-content\/uploads\/2019\/11\/ENSCMu_admission-EN_2019-20.jpg\" \/>\n<meta name=\"twitter:card\" content=\"summary_large_image\" \/>\n<script type=\"application\/ld+json\" class=\"yoast-schema-graph\">{\"@context\":\"https:\\\/\\\/schema.org\",\"@graph\":[{\"@type\":\"WebPage\",\"@id\":\"https:\\\/\\\/www.enscmu.uha.fr\\\/en\\\/index.php\\\/admission-from-abroad\\\/\",\"url\":\"https:\\\/\\\/www.enscmu.uha.fr\\\/en\\\/index.php\\\/admission-from-abroad\\\/\",\"name\":\"ADMISSION FROM ABROAD - \u00c9cole Nationale Sup\u00e9rieure de Chimie de Mulhouse de l&#039;UHA\",\"isPartOf\":{\"@id\":\"https:\\\/\\\/www.enscmu.uha.fr\\\/en\\\/#website\"},\"primaryImageOfPage\":{\"@id\":\"https:\\\/\\\/www.enscmu.uha.fr\\\/en\\\/index.php\\\/admission-from-abroad\\\/#primaryimage\"},\"image\":{\"@id\":\"https:\\\/\\\/www.enscmu.uha.fr\\\/en\\\/index.php\\\/admission-from-abroad\\\/#primaryimage\"},\"thumbnailUrl\":\"https:\\\/\\\/www.enscmu.uha.fr\\\/en\\\/wp-content\\\/uploads\\\/2019\\\/11\\\/ENSCMu_admission-EN_2019-20.jpg\",\"datePublished\":\"2019-07-01T13:11:20+00:00\",\"dateModified\":\"2020-03-23T17:01:49+00:00\",\"breadcrumb\":{\"@id\":\"https:\\\/\\\/www.enscmu.uha.fr\\\/en\\\/index.php\\\/admission-from-abroad\\\/#breadcrumb\"},\"inLanguage\":\"fr-FR\",\"potentialAction\":[{\"@type\":\"ReadAction\",\"target\":[\"https:\\\/\\\/www.enscmu.uha.fr\\\/en\\\/index.php\\\/admission-from-abroad\\\/\"]}]},{\"@type\":\"ImageObject\",\"inLanguage\":\"fr-FR\",\"@id\":\"https:\\\/\\\/www.enscmu.uha.fr\\\/en\\\/index.php\\\/admission-from-abroad\\\/#primaryimage\",\"url\":\"https:\\\/\\\/www.enscmu.uha.fr\\\/en\\\/wp-content\\\/uploads\\\/2019\\\/11\\\/ENSCMu_admission-EN_2019-20.jpg\",\"contentUrl\":\"https:\\\/\\\/www.enscmu.uha.fr\\\/en\\\/wp-content\\\/uploads\\\/2019\\\/11\\\/ENSCMu_admission-EN_2019-20.jpg\",\"width\":1908,\"height\":588},{\"@type\":\"BreadcrumbList\",\"@id\":\"https:\\\/\\\/www.enscmu.uha.fr\\\/en\\\/index.php\\\/admission-from-abroad\\\/#breadcrumb\",\"itemListElement\":[{\"@type\":\"ListItem\",\"position\":1,\"name\":\"Accueil\",\"item\":\"https:\\\/\\\/www.enscmu.uha.fr\\\/en\\\/\"},{\"@type\":\"ListItem\",\"position\":2,\"name\":\"ADMISSION FROM ABROAD\"}]},{\"@type\":\"WebSite\",\"@id\":\"https:\\\/\\\/www.enscmu.uha.fr\\\/en\\\/#website\",\"url\":\"https:\\\/\\\/www.enscmu.uha.fr\\\/en\\\/\",\"name\":\"\u00c9cole Nationale Sup\u00e9rieure de Chimie de Mulhouse de l&#039;UHA\",\"description\":\"Universit\u00e9 de Haute-Alsace\",\"potentialAction\":[{\"@type\":\"SearchAction\",\"target\":{\"@type\":\"EntryPoint\",\"urlTemplate\":\"https:\\\/\\\/www.enscmu.uha.fr\\\/en\\\/?s={search_term_string}\"},\"query-input\":{\"@type\":\"PropertyValueSpecification\",\"valueRequired\":true,\"valueName\":\"search_term_string\"}}],\"inLanguage\":\"fr-FR\"}]}<\/script>\n<!-- \/ Yoast SEO plugin. -->","yoast_head_json":{"title":"ADMISSION FROM ABROAD - \u00c9cole Nationale Sup\u00e9rieure de Chimie de Mulhouse de l&#039;UHA","robots":{"index":"index","follow":"follow","max-snippet":"max-snippet:-1","max-image-preview":"max-image-preview:large","max-video-preview":"max-video-preview:-1"},"canonical":"https:\/\/www.enscmu.uha.fr\/en\/index.php\/admission-from-abroad\/","og_locale":"fr_FR","og_type":"article","og_title":"ADMISSION FROM ABROAD - \u00c9cole Nationale Sup\u00e9rieure de Chimie de Mulhouse de l&#039;UHA","og_description":"How to enter Chimie Mulhouse Students can join ENSCMu after the French high school diploma or equivalent, or after two years of bachelor\u2019s degree through various admission pathways.","og_url":"https:\/\/www.enscmu.uha.fr\/en\/index.php\/admission-from-abroad\/","og_site_name":"\u00c9cole Nationale Sup\u00e9rieure de Chimie de Mulhouse de l&#039;UHA","article_modified_time":"2020-03-23T17:01:49+00:00","og_image":[{"url":"https:\/\/www.enscmu.uha.fr\/en\/wp-content\/uploads\/2019\/11\/ENSCMu_admission-EN_2019-20.jpg","type":"","width":"","height":""}],"twitter_card":"summary_large_image","schema":{"@context":"https:\/\/schema.org","@graph":[{"@type":"WebPage","@id":"https:\/\/www.enscmu.uha.fr\/en\/index.php\/admission-from-abroad\/","url":"https:\/\/www.enscmu.uha.fr\/en\/index.php\/admission-from-abroad\/","name":"ADMISSION FROM ABROAD - \u00c9cole Nationale Sup\u00e9rieure de Chimie de Mulhouse de l&#039;UHA","isPartOf":{"@id":"https:\/\/www.enscmu.uha.fr\/en\/#website"},"primaryImageOfPage":{"@id":"https:\/\/www.enscmu.uha.fr\/en\/index.php\/admission-from-abroad\/#primaryimage"},"image":{"@id":"https:\/\/www.enscmu.uha.fr\/en\/index.php\/admission-from-abroad\/#primaryimage"},"thumbnailUrl":"https:\/\/www.enscmu.uha.fr\/en\/wp-content\/uploads\/2019\/11\/ENSCMu_admission-EN_2019-20.jpg","datePublished":"2019-07-01T13:11:20+00:00","dateModified":"2020-03-23T17:01:49+00:00","breadcrumb":{"@id":"https:\/\/www.enscmu.uha.fr\/en\/index.php\/admission-from-abroad\/#breadcrumb"},"inLanguage":"fr-FR","potentialAction":[{"@type":"ReadAction","target":["https:\/\/www.enscmu.uha.fr\/en\/index.php\/admission-from-abroad\/"]}]},{"@type":"ImageObject","inLanguage":"fr-FR","@id":"https:\/\/www.enscmu.uha.fr\/en\/index.php\/admission-from-abroad\/#primaryimage","url":"https:\/\/www.enscmu.uha.fr\/en\/wp-content\/uploads\/2019\/11\/ENSCMu_admission-EN_2019-20.jpg","contentUrl":"https:\/\/www.enscmu.uha.fr\/en\/wp-content\/uploads\/2019\/11\/ENSCMu_admission-EN_2019-20.jpg","width":1908,"height":588},{"@type":"BreadcrumbList","@id":"https:\/\/www.enscmu.uha.fr\/en\/index.php\/admission-from-abroad\/#breadcrumb","itemListElement":[{"@type":"ListItem","position":1,"name":"Accueil","item":"https:\/\/www.enscmu.uha.fr\/en\/"},{"@type":"ListItem","position":2,"name":"ADMISSION FROM ABROAD"}]},{"@type":"WebSite","@id":"https:\/\/www.enscmu.uha.fr\/en\/#website","url":"https:\/\/www.enscmu.uha.fr\/en\/","name":"\u00c9cole Nationale Sup\u00e9rieure de Chimie de Mulhouse de l&#039;UHA","description":"Universit\u00e9 de Haute-Alsace","potentialAction":[{"@type":"SearchAction","target":{"@type":"EntryPoint","urlTemplate":"https:\/\/www.enscmu.uha.fr\/en\/?s={search_term_string}"},"query-input":{"@type":"PropertyValueSpecification","valueRequired":true,"valueName":"search_term_string"}}],"inLanguage":"fr-FR"}]}},"_links":{"self":[{"href":"https:\/\/www.enscmu.uha.fr\/en\/index.php\/wp-json\/wp\/v2\/pages\/391","targetHints":{"allow":["GET"]}}],"collection":[{"href":"https:\/\/www.enscmu.uha.fr\/en\/index.php\/wp-json\/wp\/v2\/pages"}],"about":[{"href":"https:\/\/www.enscmu.uha.fr\/en\/index.php\/wp-json\/wp\/v2\/types\/page"}],"author":[{"embeddable":true,"href":"https:\/\/www.enscmu.uha.fr\/en\/index.php\/wp-json\/wp\/v2\/users\/3"}],"replies":[{"embeddable":true,"href":"https:\/\/www.enscmu.uha.fr\/en\/index.php\/wp-json\/wp\/v2\/comments?post=391"}],"version-history":[{"count":7,"href":"https:\/\/www.enscmu.uha.fr\/en\/index.php\/wp-json\/wp\/v2\/pages\/391\/revisions"}],"predecessor-version":[{"id":721,"href":"https:\/\/www.enscmu.uha.fr\/en\/index.php\/wp-json\/wp\/v2\/pages\/391\/revisions\/721"}],"wp:attachment":[{"href":"https:\/\/www.enscmu.uha.fr\/en\/index.php\/wp-json\/wp\/v2\/media?parent=391"}],"wp:term":[{"taxonomy":"category","embeddable":true,"href":"https:\/\/www.enscmu.uha.fr\/en\/index.php\/wp-json\/wp\/v2\/categories?post=391"},{"taxonomy":"post_tag","embeddable":true,"href":"https:\/\/www.enscmu.uha.fr\/en\/index.php\/wp-json\/wp\/v2\/tags?post=391"}],"curies":[{"name":"wp","href":"https:\/\/api.w.org\/{rel}","templated":true}]}}