{"id":393,"date":"2019-07-01T15:18:37","date_gmt":"2019-07-01T13:18:37","guid":{"rendered":"https:\/\/www.enscmu.uha.fr\/en\/?page_id=393"},"modified":"2020-03-20T17:39:43","modified_gmt":"2020-03-20T16:39:43","slug":"syllabus-1st-year-of-study","status":"publish","type":"page","link":"https:\/\/www.enscmu.uha.fr\/en\/index.php\/syllabus-1st-year-of-study\/","title":{"rendered":"SYLLABUS 1ST YEAR OF STUDY"},"content":{"rendered":"<h1><img loading=\"lazy\" decoding=\"async\" class=\"wp-image-208 size-large alignnone\" src=\"https:\/\/www.enscmu.uha.fr\/en\/wp-content\/uploads\/2019\/07\/ENSCMu-travaux-pratiques-chimie-macromoleculaire\u00a9GregoryTachet-1024x683.jpg\" alt=\"\" width=\"750\" height=\"500\" srcset=\"https:\/\/www.enscmu.uha.fr\/en\/wp-content\/uploads\/2019\/07\/ENSCMu-travaux-pratiques-chimie-macromoleculaire\u00a9GregoryTachet-1024x683.jpg 1024w, https:\/\/www.enscmu.uha.fr\/en\/wp-content\/uploads\/2019\/07\/ENSCMu-travaux-pratiques-chimie-macromoleculaire\u00a9GregoryTachet-300x200.jpg 300w, https:\/\/www.enscmu.uha.fr\/en\/wp-content\/uploads\/2019\/07\/ENSCMu-travaux-pratiques-chimie-macromoleculaire\u00a9GregoryTachet-768x512.jpg 768w, https:\/\/www.enscmu.uha.fr\/en\/wp-content\/uploads\/2019\/07\/ENSCMu-travaux-pratiques-chimie-macromoleculaire\u00a9GregoryTachet.jpg 1181w\" sizes=\"auto, (max-width: 750px) 100vw, 750px\" \/><\/h1>\n<h1>Taught Courses (lectures and seminars)<\/h1>\n<p>(about 300 hours per year)<\/p>\n<ul>\n<li>English<\/li>\n<li>Spanish, German or French for non-native speakers<\/li>\n<li>MOOC Sustainable development<\/li>\n<li>Electrochemistry<\/li>\n<li>Electrochemical methods<\/li>\n<li>Mineral chemistry<\/li>\n<li>Chemical equilibrium in solutions<\/li>\n<li>Chemical thermodynamics<\/li>\n<li>Mathematics and computing<\/li>\n<li>Statistics<\/li>\n<li>Organic chemistry<\/li>\n<li>Analytical techniques in organic chemistry<\/li>\n<li>Chemical bonds and spectroscopy<\/li>\n<li>Chemical kinetics<\/li>\n<li>Molecular symmetry<\/li>\n<li>Design of experiments<\/li>\n<li>Polymer chemistry<\/li>\n<li><span class=\"st\">Project management<\/span><\/li>\n<\/ul>\n<h1>Practicals<\/h1>\n<p>(about 290 hours per year)<\/p>\n<ul>\n<li>Organic chemistry<\/li>\n<li>Mineral sample preparation<\/li>\n<li>Chemical equilibrium in solutions<\/li>\n<li>Photochemistry<\/li>\n<li>Electrochemistry<\/li>\n<li>Thermodynamics<\/li>\n<\/ul>\n<h1>Training engineers<\/h1>\n<p>Career plan follow-up, personal projects \u2013 working in team to manage a project<\/p>\n<h1>Bachelor\u2019s degree<\/h1>\n<p>Engineering students wishing to obtain a Bachelor\u2019s of chemistry delivered by <a href=\"https:\/\/www.uha.fr\/\" target=\"_blank\" rel=\"noopener noreferrer\">Universit\u00e9 de Haute-Alsace<\/a> may do so, if they register and validate some ENSCMu courses.<\/p>\n<p>&nbsp;<\/p>\n<p>More details in complete <a href=\"https:\/\/www.enscmu.uha.fr\/wp-content\/uploads\/2020\/02\/ENSCMu_syllabus-1A.pdf\" target=\"_blank\" rel=\"noopener noreferrer\">syllabus in French<\/a>.<\/p>\n","protected":false},"excerpt":{"rendered":"<p>Taught Courses (lectures and seminars) (about 300 hours per year) English Spanish, German or French for non-native speakers MOOC Sustainable development Electrochemistry Electrochemical methods Mineral chemistry Chemical equilibrium in solutions Chemical thermodynamics Mathematics and computing Statistics Organic chemistry Analytical techniques in organic chemistry Chemical bonds and spectroscopy Chemical kinetics Molecular symmetry Design of experiments Polymer [&hellip;]<\/p>\n","protected":false},"author":3,"featured_media":0,"parent":0,"menu_order":0,"comment_status":"closed","ping_status":"closed","template":"","meta":{"footnotes":""},"categories":[],"tags":[],"class_list":["post-393","page","type-page","status-publish","hentry"],"yoast_head":"<!-- This site is optimized with the Yoast SEO plugin v27.4 - https:\/\/yoast.com\/product\/yoast-seo-wordpress\/ -->\n<title>SYLLABUS 1ST YEAR OF STUDY - \u00c9cole Nationale Sup\u00e9rieure de Chimie de Mulhouse de l&#039;UHA<\/title>\n<meta name=\"robots\" content=\"index, follow, max-snippet:-1, max-image-preview:large, max-video-preview:-1\" \/>\n<link rel=\"canonical\" href=\"https:\/\/www.enscmu.uha.fr\/en\/index.php\/syllabus-1st-year-of-study\/\" \/>\n<meta property=\"og:locale\" content=\"fr_FR\" \/>\n<meta property=\"og:type\" content=\"article\" \/>\n<meta property=\"og:title\" content=\"SYLLABUS 1ST YEAR OF STUDY - \u00c9cole Nationale Sup\u00e9rieure de Chimie de Mulhouse de l&#039;UHA\" \/>\n<meta property=\"og:description\" content=\"Taught Courses (lectures and seminars) (about 300 hours per year) English Spanish, German or French for non-native speakers MOOC Sustainable development Electrochemistry Electrochemical methods Mineral chemistry Chemical equilibrium in solutions Chemical thermodynamics Mathematics and computing Statistics Organic chemistry Analytical techniques in organic chemistry Chemical bonds and spectroscopy Chemical kinetics Molecular symmetry Design of experiments Polymer [&hellip;]\" \/>\n<meta property=\"og:url\" content=\"https:\/\/www.enscmu.uha.fr\/en\/index.php\/syllabus-1st-year-of-study\/\" \/>\n<meta property=\"og:site_name\" content=\"\u00c9cole Nationale Sup\u00e9rieure de Chimie de Mulhouse de l&#039;UHA\" \/>\n<meta property=\"article:modified_time\" content=\"2020-03-20T16:39:43+00:00\" \/>\n<meta property=\"og:image\" content=\"https:\/\/www.enscmu.uha.fr\/en\/wp-content\/uploads\/2019\/07\/ENSCMu-travaux-pratiques-chimie-macromoleculaire\u00a9GregoryTachet-1024x683.jpg\" \/>\n<meta name=\"twitter:card\" content=\"summary_large_image\" \/>\n<meta name=\"twitter:label1\" content=\"Dur\u00e9e de lecture estim\u00e9e\" \/>\n\t<meta name=\"twitter:data1\" content=\"1 minute\" \/>\n<script type=\"application\/ld+json\" class=\"yoast-schema-graph\">{\"@context\":\"https:\\\/\\\/schema.org\",\"@graph\":[{\"@type\":\"WebPage\",\"@id\":\"https:\\\/\\\/www.enscmu.uha.fr\\\/en\\\/index.php\\\/syllabus-1st-year-of-study\\\/\",\"url\":\"https:\\\/\\\/www.enscmu.uha.fr\\\/en\\\/index.php\\\/syllabus-1st-year-of-study\\\/\",\"name\":\"SYLLABUS 1ST YEAR OF STUDY - \u00c9cole Nationale Sup\u00e9rieure de Chimie de Mulhouse de l&#039;UHA\",\"isPartOf\":{\"@id\":\"https:\\\/\\\/www.enscmu.uha.fr\\\/en\\\/#website\"},\"datePublished\":\"2019-07-01T13:18:37+00:00\",\"dateModified\":\"2020-03-20T16:39:43+00:00\",\"breadcrumb\":{\"@id\":\"https:\\\/\\\/www.enscmu.uha.fr\\\/en\\\/index.php\\\/syllabus-1st-year-of-study\\\/#breadcrumb\"},\"inLanguage\":\"fr-FR\",\"potentialAction\":[{\"@type\":\"ReadAction\",\"target\":[\"https:\\\/\\\/www.enscmu.uha.fr\\\/en\\\/index.php\\\/syllabus-1st-year-of-study\\\/\"]}]},{\"@type\":\"BreadcrumbList\",\"@id\":\"https:\\\/\\\/www.enscmu.uha.fr\\\/en\\\/index.php\\\/syllabus-1st-year-of-study\\\/#breadcrumb\",\"itemListElement\":[{\"@type\":\"ListItem\",\"position\":1,\"name\":\"Accueil\",\"item\":\"https:\\\/\\\/www.enscmu.uha.fr\\\/en\\\/\"},{\"@type\":\"ListItem\",\"position\":2,\"name\":\"SYLLABUS 1ST YEAR OF STUDY\"}]},{\"@type\":\"WebSite\",\"@id\":\"https:\\\/\\\/www.enscmu.uha.fr\\\/en\\\/#website\",\"url\":\"https:\\\/\\\/www.enscmu.uha.fr\\\/en\\\/\",\"name\":\"\u00c9cole Nationale Sup\u00e9rieure de Chimie de Mulhouse de l&#039;UHA\",\"description\":\"Universit\u00e9 de Haute-Alsace\",\"potentialAction\":[{\"@type\":\"SearchAction\",\"target\":{\"@type\":\"EntryPoint\",\"urlTemplate\":\"https:\\\/\\\/www.enscmu.uha.fr\\\/en\\\/?s={search_term_string}\"},\"query-input\":{\"@type\":\"PropertyValueSpecification\",\"valueRequired\":true,\"valueName\":\"search_term_string\"}}],\"inLanguage\":\"fr-FR\"}]}<\/script>\n<!-- \/ Yoast SEO plugin. -->","yoast_head_json":{"title":"SYLLABUS 1ST YEAR OF STUDY - \u00c9cole Nationale Sup\u00e9rieure de Chimie de Mulhouse de l&#039;UHA","robots":{"index":"index","follow":"follow","max-snippet":"max-snippet:-1","max-image-preview":"max-image-preview:large","max-video-preview":"max-video-preview:-1"},"canonical":"https:\/\/www.enscmu.uha.fr\/en\/index.php\/syllabus-1st-year-of-study\/","og_locale":"fr_FR","og_type":"article","og_title":"SYLLABUS 1ST YEAR OF STUDY - \u00c9cole Nationale Sup\u00e9rieure de Chimie de Mulhouse de l&#039;UHA","og_description":"Taught Courses (lectures and seminars) (about 300 hours per year) English Spanish, German or French for non-native speakers MOOC Sustainable development Electrochemistry Electrochemical methods Mineral chemistry Chemical equilibrium in solutions Chemical thermodynamics Mathematics and computing Statistics Organic chemistry Analytical techniques in organic chemistry Chemical bonds and spectroscopy Chemical kinetics Molecular symmetry Design of experiments Polymer [&hellip;]","og_url":"https:\/\/www.enscmu.uha.fr\/en\/index.php\/syllabus-1st-year-of-study\/","og_site_name":"\u00c9cole Nationale Sup\u00e9rieure de Chimie de Mulhouse de l&#039;UHA","article_modified_time":"2020-03-20T16:39:43+00:00","og_image":[{"url":"https:\/\/www.enscmu.uha.fr\/en\/wp-content\/uploads\/2019\/07\/ENSCMu-travaux-pratiques-chimie-macromoleculaire\u00a9GregoryTachet-1024x683.jpg","type":"","width":"","height":""}],"twitter_card":"summary_large_image","twitter_misc":{"Dur\u00e9e de lecture estim\u00e9e":"1 minute"},"schema":{"@context":"https:\/\/schema.org","@graph":[{"@type":"WebPage","@id":"https:\/\/www.enscmu.uha.fr\/en\/index.php\/syllabus-1st-year-of-study\/","url":"https:\/\/www.enscmu.uha.fr\/en\/index.php\/syllabus-1st-year-of-study\/","name":"SYLLABUS 1ST YEAR OF STUDY - \u00c9cole Nationale Sup\u00e9rieure de Chimie de Mulhouse de l&#039;UHA","isPartOf":{"@id":"https:\/\/www.enscmu.uha.fr\/en\/#website"},"datePublished":"2019-07-01T13:18:37+00:00","dateModified":"2020-03-20T16:39:43+00:00","breadcrumb":{"@id":"https:\/\/www.enscmu.uha.fr\/en\/index.php\/syllabus-1st-year-of-study\/#breadcrumb"},"inLanguage":"fr-FR","potentialAction":[{"@type":"ReadAction","target":["https:\/\/www.enscmu.uha.fr\/en\/index.php\/syllabus-1st-year-of-study\/"]}]},{"@type":"BreadcrumbList","@id":"https:\/\/www.enscmu.uha.fr\/en\/index.php\/syllabus-1st-year-of-study\/#breadcrumb","itemListElement":[{"@type":"ListItem","position":1,"name":"Accueil","item":"https:\/\/www.enscmu.uha.fr\/en\/"},{"@type":"ListItem","position":2,"name":"SYLLABUS 1ST YEAR OF STUDY"}]},{"@type":"WebSite","@id":"https:\/\/www.enscmu.uha.fr\/en\/#website","url":"https:\/\/www.enscmu.uha.fr\/en\/","name":"\u00c9cole Nationale Sup\u00e9rieure de Chimie de Mulhouse de l&#039;UHA","description":"Universit\u00e9 de Haute-Alsace","potentialAction":[{"@type":"SearchAction","target":{"@type":"EntryPoint","urlTemplate":"https:\/\/www.enscmu.uha.fr\/en\/?s={search_term_string}"},"query-input":{"@type":"PropertyValueSpecification","valueRequired":true,"valueName":"search_term_string"}}],"inLanguage":"fr-FR"}]}},"_links":{"self":[{"href":"https:\/\/www.enscmu.uha.fr\/en\/index.php\/wp-json\/wp\/v2\/pages\/393","targetHints":{"allow":["GET"]}}],"collection":[{"href":"https:\/\/www.enscmu.uha.fr\/en\/index.php\/wp-json\/wp\/v2\/pages"}],"about":[{"href":"https:\/\/www.enscmu.uha.fr\/en\/index.php\/wp-json\/wp\/v2\/types\/page"}],"author":[{"embeddable":true,"href":"https:\/\/www.enscmu.uha.fr\/en\/index.php\/wp-json\/wp\/v2\/users\/3"}],"replies":[{"embeddable":true,"href":"https:\/\/www.enscmu.uha.fr\/en\/index.php\/wp-json\/wp\/v2\/comments?post=393"}],"version-history":[{"count":6,"href":"https:\/\/www.enscmu.uha.fr\/en\/index.php\/wp-json\/wp\/v2\/pages\/393\/revisions"}],"predecessor-version":[{"id":704,"href":"https:\/\/www.enscmu.uha.fr\/en\/index.php\/wp-json\/wp\/v2\/pages\/393\/revisions\/704"}],"wp:attachment":[{"href":"https:\/\/www.enscmu.uha.fr\/en\/index.php\/wp-json\/wp\/v2\/media?parent=393"}],"wp:term":[{"taxonomy":"category","embeddable":true,"href":"https:\/\/www.enscmu.uha.fr\/en\/index.php\/wp-json\/wp\/v2\/categories?post=393"},{"taxonomy":"post_tag","embeddable":true,"href":"https:\/\/www.enscmu.uha.fr\/en\/index.php\/wp-json\/wp\/v2\/tags?post=393"}],"curies":[{"name":"wp","href":"https:\/\/api.w.org\/{rel}","templated":true}]}}