{"id":403,"date":"2019-07-01T15:37:57","date_gmt":"2019-07-01T13:37:57","guid":{"rendered":"https:\/\/www.enscmu.uha.fr\/en\/?page_id=403"},"modified":"2020-03-20T17:06:32","modified_gmt":"2020-03-20T16:06:32","slug":"research-and-education","status":"publish","type":"page","link":"https:\/\/www.enscmu.uha.fr\/en\/index.php\/research-and-education\/","title":{"rendered":"RESEARCH AND EDUCATION"},"content":{"rendered":"<p><img loading=\"lazy\" decoding=\"async\" class=\"size-medium wp-image-109 alignright\" src=\"https:\/\/www.enscmu.uha.fr\/en\/wp-content\/uploads\/2019\/07\/ENSCMu-enseignement\u00a9GregoryTachet-200x300.jpg\" alt=\"\" width=\"200\" height=\"300\" srcset=\"https:\/\/www.enscmu.uha.fr\/en\/wp-content\/uploads\/2019\/07\/ENSCMu-enseignement\u00a9GregoryTachet-200x300.jpg 200w, https:\/\/www.enscmu.uha.fr\/en\/wp-content\/uploads\/2019\/07\/ENSCMu-enseignement\u00a9GregoryTachet-768x1151.jpg 768w, https:\/\/www.enscmu.uha.fr\/en\/wp-content\/uploads\/2019\/07\/ENSCMu-enseignement\u00a9GregoryTachet-683x1024.jpg 683w, https:\/\/www.enscmu.uha.fr\/en\/wp-content\/uploads\/2019\/07\/ENSCMu-enseignement\u00a9GregoryTachet.jpg 788w\" sizes=\"auto, (max-width: 200px) 100vw, 200px\" \/><\/p>\n<p>Teachings at the National College of Chemical Engineering of Mulhouse (ENSCMu) are based on research carried out on the Mulhouse campus within the center for Chemistry, Physics, Materials and Environment in various fields \u2013 organic and bio-organic chemistry, inorganic chemistry, macromolecular chemistry, materials, photochemistry, the environment and hazards, safety.<\/p>\n<p>Professors share the latest developments in their field with the engineering students.<\/p>\n<p>Students have to complete a research internship at the end of their second year of studies in order to become familiar with the world of research and to develop practical skills. This research internship lasts at least 8 weeks and can be completed in France or abroad.<\/p>\n<p>First and second-year students may complete research projects on a voluntary basis. These so-called \u201cProjetsLab\u201d are carried out in close collaboration with laboratories and research teams located on the Mulhouse campus.<\/p>\n<p>Volunteers select one of the topics submitted by the laboratories and work with researchers, PhD students and professors from October through May. Once they have completed their project, all students present their results in public provided that there is no confidentiality clause. Research laboratories staff and external partners are invited to attend these presentations held on a dedicated \u201cProjetsLab\u201d Day.<\/p>\n<p>&nbsp;<\/p>\n<p>&nbsp;<\/p>\n","protected":false},"excerpt":{"rendered":"<p>Teachings at the National College of Chemical Engineering of Mulhouse (ENSCMu) are based on research carried out on the Mulhouse campus within the center for Chemistry, Physics, Materials and Environment in various fields \u2013 organic and bio-organic chemistry, inorganic chemistry, macromolecular chemistry, materials, photochemistry, the environment and hazards, safety. Professors share the latest developments in [&hellip;]<\/p>\n","protected":false},"author":3,"featured_media":109,"parent":0,"menu_order":0,"comment_status":"closed","ping_status":"closed","template":"","meta":{"footnotes":""},"categories":[],"tags":[],"class_list":["post-403","page","type-page","status-publish","has-post-thumbnail","hentry"],"yoast_head":"<!-- This site is optimized with the Yoast SEO plugin v27.4 - https:\/\/yoast.com\/product\/yoast-seo-wordpress\/ -->\n<title>RESEARCH AND EDUCATION - \u00c9cole Nationale Sup\u00e9rieure de Chimie de Mulhouse de l&#039;UHA<\/title>\n<meta name=\"robots\" content=\"index, follow, max-snippet:-1, max-image-preview:large, max-video-preview:-1\" \/>\n<link rel=\"canonical\" href=\"https:\/\/www.enscmu.uha.fr\/en\/index.php\/research-and-education\/\" \/>\n<meta property=\"og:locale\" content=\"fr_FR\" \/>\n<meta property=\"og:type\" content=\"article\" \/>\n<meta property=\"og:title\" content=\"RESEARCH AND EDUCATION - \u00c9cole Nationale Sup\u00e9rieure de Chimie de Mulhouse de l&#039;UHA\" \/>\n<meta property=\"og:description\" content=\"Teachings at the National College of Chemical Engineering of Mulhouse (ENSCMu) are based on research carried out on the Mulhouse campus within the center for Chemistry, Physics, Materials and Environment in various fields \u2013 organic and bio-organic chemistry, inorganic chemistry, macromolecular chemistry, materials, photochemistry, the environment and hazards, safety. Professors share the latest developments in [&hellip;]\" \/>\n<meta property=\"og:url\" content=\"https:\/\/www.enscmu.uha.fr\/en\/index.php\/research-and-education\/\" \/>\n<meta property=\"og:site_name\" content=\"\u00c9cole Nationale Sup\u00e9rieure de Chimie de Mulhouse de l&#039;UHA\" \/>\n<meta property=\"article:modified_time\" content=\"2020-03-20T16:06:32+00:00\" \/>\n<meta property=\"og:image\" content=\"https:\/\/www.enscmu.uha.fr\/en\/wp-content\/uploads\/2019\/07\/ENSCMu-enseignement\u00a9GregoryTachet.jpg\" \/>\n\t<meta property=\"og:image:width\" content=\"788\" \/>\n\t<meta property=\"og:image:height\" content=\"1181\" \/>\n\t<meta property=\"og:image:type\" content=\"image\/jpeg\" \/>\n<meta name=\"twitter:card\" content=\"summary_large_image\" \/>\n<meta name=\"twitter:label1\" content=\"Dur\u00e9e de lecture estim\u00e9e\" \/>\n\t<meta name=\"twitter:data1\" content=\"1 minute\" \/>\n<script type=\"application\/ld+json\" class=\"yoast-schema-graph\">{\"@context\":\"https:\\\/\\\/schema.org\",\"@graph\":[{\"@type\":\"WebPage\",\"@id\":\"https:\\\/\\\/www.enscmu.uha.fr\\\/en\\\/index.php\\\/research-and-education\\\/\",\"url\":\"https:\\\/\\\/www.enscmu.uha.fr\\\/en\\\/index.php\\\/research-and-education\\\/\",\"name\":\"RESEARCH AND EDUCATION - \u00c9cole Nationale Sup\u00e9rieure de Chimie de Mulhouse de l&#039;UHA\",\"isPartOf\":{\"@id\":\"https:\\\/\\\/www.enscmu.uha.fr\\\/en\\\/#website\"},\"primaryImageOfPage\":{\"@id\":\"https:\\\/\\\/www.enscmu.uha.fr\\\/en\\\/index.php\\\/research-and-education\\\/#primaryimage\"},\"image\":{\"@id\":\"https:\\\/\\\/www.enscmu.uha.fr\\\/en\\\/index.php\\\/research-and-education\\\/#primaryimage\"},\"thumbnailUrl\":\"https:\\\/\\\/www.enscmu.uha.fr\\\/en\\\/wp-content\\\/uploads\\\/2019\\\/07\\\/ENSCMu-enseignement\u00a9GregoryTachet.jpg\",\"datePublished\":\"2019-07-01T13:37:57+00:00\",\"dateModified\":\"2020-03-20T16:06:32+00:00\",\"breadcrumb\":{\"@id\":\"https:\\\/\\\/www.enscmu.uha.fr\\\/en\\\/index.php\\\/research-and-education\\\/#breadcrumb\"},\"inLanguage\":\"fr-FR\",\"potentialAction\":[{\"@type\":\"ReadAction\",\"target\":[\"https:\\\/\\\/www.enscmu.uha.fr\\\/en\\\/index.php\\\/research-and-education\\\/\"]}]},{\"@type\":\"ImageObject\",\"inLanguage\":\"fr-FR\",\"@id\":\"https:\\\/\\\/www.enscmu.uha.fr\\\/en\\\/index.php\\\/research-and-education\\\/#primaryimage\",\"url\":\"https:\\\/\\\/www.enscmu.uha.fr\\\/en\\\/wp-content\\\/uploads\\\/2019\\\/07\\\/ENSCMu-enseignement\u00a9GregoryTachet.jpg\",\"contentUrl\":\"https:\\\/\\\/www.enscmu.uha.fr\\\/en\\\/wp-content\\\/uploads\\\/2019\\\/07\\\/ENSCMu-enseignement\u00a9GregoryTachet.jpg\",\"width\":788,\"height\":1181},{\"@type\":\"BreadcrumbList\",\"@id\":\"https:\\\/\\\/www.enscmu.uha.fr\\\/en\\\/index.php\\\/research-and-education\\\/#breadcrumb\",\"itemListElement\":[{\"@type\":\"ListItem\",\"position\":1,\"name\":\"Accueil\",\"item\":\"https:\\\/\\\/www.enscmu.uha.fr\\\/en\\\/\"},{\"@type\":\"ListItem\",\"position\":2,\"name\":\"RESEARCH AND EDUCATION\"}]},{\"@type\":\"WebSite\",\"@id\":\"https:\\\/\\\/www.enscmu.uha.fr\\\/en\\\/#website\",\"url\":\"https:\\\/\\\/www.enscmu.uha.fr\\\/en\\\/\",\"name\":\"\u00c9cole Nationale Sup\u00e9rieure de Chimie de Mulhouse de l&#039;UHA\",\"description\":\"Universit\u00e9 de Haute-Alsace\",\"potentialAction\":[{\"@type\":\"SearchAction\",\"target\":{\"@type\":\"EntryPoint\",\"urlTemplate\":\"https:\\\/\\\/www.enscmu.uha.fr\\\/en\\\/?s={search_term_string}\"},\"query-input\":{\"@type\":\"PropertyValueSpecification\",\"valueRequired\":true,\"valueName\":\"search_term_string\"}}],\"inLanguage\":\"fr-FR\"}]}<\/script>\n<!-- \/ Yoast SEO plugin. -->","yoast_head_json":{"title":"RESEARCH AND EDUCATION - \u00c9cole Nationale Sup\u00e9rieure de Chimie de Mulhouse de l&#039;UHA","robots":{"index":"index","follow":"follow","max-snippet":"max-snippet:-1","max-image-preview":"max-image-preview:large","max-video-preview":"max-video-preview:-1"},"canonical":"https:\/\/www.enscmu.uha.fr\/en\/index.php\/research-and-education\/","og_locale":"fr_FR","og_type":"article","og_title":"RESEARCH AND EDUCATION - \u00c9cole Nationale Sup\u00e9rieure de Chimie de Mulhouse de l&#039;UHA","og_description":"Teachings at the National College of Chemical Engineering of Mulhouse (ENSCMu) are based on research carried out on the Mulhouse campus within the center for Chemistry, Physics, Materials and Environment in various fields \u2013 organic and bio-organic chemistry, inorganic chemistry, macromolecular chemistry, materials, photochemistry, the environment and hazards, safety. Professors share the latest developments in [&hellip;]","og_url":"https:\/\/www.enscmu.uha.fr\/en\/index.php\/research-and-education\/","og_site_name":"\u00c9cole Nationale Sup\u00e9rieure de Chimie de Mulhouse de l&#039;UHA","article_modified_time":"2020-03-20T16:06:32+00:00","og_image":[{"width":788,"height":1181,"url":"https:\/\/www.enscmu.uha.fr\/en\/wp-content\/uploads\/2019\/07\/ENSCMu-enseignement\u00a9GregoryTachet.jpg","type":"image\/jpeg"}],"twitter_card":"summary_large_image","twitter_misc":{"Dur\u00e9e de lecture estim\u00e9e":"1 minute"},"schema":{"@context":"https:\/\/schema.org","@graph":[{"@type":"WebPage","@id":"https:\/\/www.enscmu.uha.fr\/en\/index.php\/research-and-education\/","url":"https:\/\/www.enscmu.uha.fr\/en\/index.php\/research-and-education\/","name":"RESEARCH AND EDUCATION - \u00c9cole Nationale Sup\u00e9rieure de Chimie de Mulhouse de l&#039;UHA","isPartOf":{"@id":"https:\/\/www.enscmu.uha.fr\/en\/#website"},"primaryImageOfPage":{"@id":"https:\/\/www.enscmu.uha.fr\/en\/index.php\/research-and-education\/#primaryimage"},"image":{"@id":"https:\/\/www.enscmu.uha.fr\/en\/index.php\/research-and-education\/#primaryimage"},"thumbnailUrl":"https:\/\/www.enscmu.uha.fr\/en\/wp-content\/uploads\/2019\/07\/ENSCMu-enseignement\u00a9GregoryTachet.jpg","datePublished":"2019-07-01T13:37:57+00:00","dateModified":"2020-03-20T16:06:32+00:00","breadcrumb":{"@id":"https:\/\/www.enscmu.uha.fr\/en\/index.php\/research-and-education\/#breadcrumb"},"inLanguage":"fr-FR","potentialAction":[{"@type":"ReadAction","target":["https:\/\/www.enscmu.uha.fr\/en\/index.php\/research-and-education\/"]}]},{"@type":"ImageObject","inLanguage":"fr-FR","@id":"https:\/\/www.enscmu.uha.fr\/en\/index.php\/research-and-education\/#primaryimage","url":"https:\/\/www.enscmu.uha.fr\/en\/wp-content\/uploads\/2019\/07\/ENSCMu-enseignement\u00a9GregoryTachet.jpg","contentUrl":"https:\/\/www.enscmu.uha.fr\/en\/wp-content\/uploads\/2019\/07\/ENSCMu-enseignement\u00a9GregoryTachet.jpg","width":788,"height":1181},{"@type":"BreadcrumbList","@id":"https:\/\/www.enscmu.uha.fr\/en\/index.php\/research-and-education\/#breadcrumb","itemListElement":[{"@type":"ListItem","position":1,"name":"Accueil","item":"https:\/\/www.enscmu.uha.fr\/en\/"},{"@type":"ListItem","position":2,"name":"RESEARCH AND EDUCATION"}]},{"@type":"WebSite","@id":"https:\/\/www.enscmu.uha.fr\/en\/#website","url":"https:\/\/www.enscmu.uha.fr\/en\/","name":"\u00c9cole Nationale Sup\u00e9rieure de Chimie de Mulhouse de l&#039;UHA","description":"Universit\u00e9 de Haute-Alsace","potentialAction":[{"@type":"SearchAction","target":{"@type":"EntryPoint","urlTemplate":"https:\/\/www.enscmu.uha.fr\/en\/?s={search_term_string}"},"query-input":{"@type":"PropertyValueSpecification","valueRequired":true,"valueName":"search_term_string"}}],"inLanguage":"fr-FR"}]}},"_links":{"self":[{"href":"https:\/\/www.enscmu.uha.fr\/en\/index.php\/wp-json\/wp\/v2\/pages\/403","targetHints":{"allow":["GET"]}}],"collection":[{"href":"https:\/\/www.enscmu.uha.fr\/en\/index.php\/wp-json\/wp\/v2\/pages"}],"about":[{"href":"https:\/\/www.enscmu.uha.fr\/en\/index.php\/wp-json\/wp\/v2\/types\/page"}],"author":[{"embeddable":true,"href":"https:\/\/www.enscmu.uha.fr\/en\/index.php\/wp-json\/wp\/v2\/users\/3"}],"replies":[{"embeddable":true,"href":"https:\/\/www.enscmu.uha.fr\/en\/index.php\/wp-json\/wp\/v2\/comments?post=403"}],"version-history":[{"count":3,"href":"https:\/\/www.enscmu.uha.fr\/en\/index.php\/wp-json\/wp\/v2\/pages\/403\/revisions"}],"predecessor-version":[{"id":694,"href":"https:\/\/www.enscmu.uha.fr\/en\/index.php\/wp-json\/wp\/v2\/pages\/403\/revisions\/694"}],"wp:featuredmedia":[{"embeddable":true,"href":"https:\/\/www.enscmu.uha.fr\/en\/index.php\/wp-json\/wp\/v2\/media\/109"}],"wp:attachment":[{"href":"https:\/\/www.enscmu.uha.fr\/en\/index.php\/wp-json\/wp\/v2\/media?parent=403"}],"wp:term":[{"taxonomy":"category","embeddable":true,"href":"https:\/\/www.enscmu.uha.fr\/en\/index.php\/wp-json\/wp\/v2\/categories?post=403"},{"taxonomy":"post_tag","embeddable":true,"href":"https:\/\/www.enscmu.uha.fr\/en\/index.php\/wp-json\/wp\/v2\/tags?post=403"}],"curies":[{"name":"wp","href":"https:\/\/api.w.org\/{rel}","templated":true}]}}