{"id":407,"date":"2019-07-01T15:51:31","date_gmt":"2019-07-01T13:51:31","guid":{"rendered":"https:\/\/www.enscmu.uha.fr\/en\/?page_id=407"},"modified":"2020-03-20T11:57:20","modified_gmt":"2020-03-20T10:57:20","slug":"go-abroad","status":"publish","type":"page","link":"https:\/\/www.enscmu.uha.fr\/en\/index.php\/go-abroad\/","title":{"rendered":"GO ABROAD"},"content":{"rendered":"<p>All National College of Chemical Engineering of Mulhouse (ENSCMu) students must go abroad during their studies. They may complete an intership or take part to academic exchange programme with one of ENSCMu\u2019s 40 international partners.<\/p>\n<h1>Academic exchanges in final year<\/h1>\n<p><img loading=\"lazy\" decoding=\"async\" class=\"size-medium wp-image-190 alignright\" src=\"https:\/\/www.enscmu.uha.fr\/en\/wp-content\/uploads\/2019\/07\/ENSCMu-travaux-pratiques-chimie-analytique2\u00a9GregoryTachet-300x200.jpg\" alt=\"\" width=\"300\" height=\"200\" srcset=\"https:\/\/www.enscmu.uha.fr\/en\/wp-content\/uploads\/2019\/07\/ENSCMu-travaux-pratiques-chimie-analytique2\u00a9GregoryTachet-300x200.jpg 300w, https:\/\/www.enscmu.uha.fr\/en\/wp-content\/uploads\/2019\/07\/ENSCMu-travaux-pratiques-chimie-analytique2\u00a9GregoryTachet-768x512.jpg 768w, https:\/\/www.enscmu.uha.fr\/en\/wp-content\/uploads\/2019\/07\/ENSCMu-travaux-pratiques-chimie-analytique2\u00a9GregoryTachet-1024x683.jpg 1024w, https:\/\/www.enscmu.uha.fr\/en\/wp-content\/uploads\/2019\/07\/ENSCMu-travaux-pratiques-chimie-analytique2\u00a9GregoryTachet.jpg 1181w\" sizes=\"auto, (max-width: 300px) 100vw, 300px\" \/><\/p>\n<p>Students who graduate from ENSCMu and students coming from a partner university have the possibility to:<\/p>\n<ul>\n<li>complete a double degree with the partner <a href=\"https:\/\/www.utoledo.edu\/\" target=\"_blank\" rel=\"noopener noreferrer\">university of Toledo<\/a>, USA or <a href=\"https:\/\/www.uqac.ca\/\" target=\"_blank\" rel=\"noopener noreferrer\">Chicoutimi, Quebec<\/a>.<\/li>\n<li>spend a semester as an exchange student in one of our partner universities \u2013 FITEC programmes in Argentina, Brazil, Mexico, \u201cErasmus +\u201d programmes in Bulgaria, Germany, Spain\u2026, other bilateral programmes in the UK, in Japan\u2026 \u2013 or at ENSCMu for incoming exchange students.<\/li>\n<\/ul>\n<h1>Internships in laboratories or with companies<\/h1>\n<p>First-year placement, second-year research internship, third-year engineering internship can be done abroad.<\/p>\n<p>&nbsp;<\/p>\n<div id=\"s3gt_translate_tooltip_mini\" class=\"s3gt_translate_tooltip_mini_box\" style=\"background: initial !important; border: initial !important; border-radius: initial !important; border-spacing: initial !important; border-collapse: initial !important; direction: ltr !important; flex-direction: initial !important; font-weight: initial !important; height: initial !important; letter-spacing: initial !important; min-width: initial !important; max-width: initial !important; min-height: initial !important; max-height: initial !important; margin: auto !important; outline: initial !important; padding: initial !important; position: absolute; table-layout: initial !important; text-align: initial !important; text-shadow: initial !important; width: initial !important; word-break: initial !important; word-spacing: initial !important; overflow-wrap: initial !important; box-sizing: initial !important; display: initial !important; color: inherit !important; font-size: 13px !important; font-family: X-LocaleSpecific, sans-serif, Tahoma, Helvetica !important; line-height: 13px !important; vertical-align: top !important; white-space: inherit !important; left: 813px; top: 284px; opacity: 0.6;\">\n<div id=\"s3gt_translate_tooltip_mini_logo\" class=\"s3gt_translate_tooltip_mini\" title=\"Traduire le texte s\u00e9lectionn\u00e9\"><\/div>\n<div id=\"s3gt_translate_tooltip_mini_sound\" class=\"s3gt_translate_tooltip_mini\" title=\"Lecture\"><\/div>\n<div id=\"s3gt_translate_tooltip_mini_copy\" class=\"s3gt_translate_tooltip_mini\" title=\"Copier le texte dans le presse-papiers\"><\/div>\n<\/div>\n","protected":false},"excerpt":{"rendered":"<p>All National College of Chemical Engineering of Mulhouse (ENSCMu) students must go abroad during their studies. They may complete an intership or take part to academic exchange programme with one of ENSCMu\u2019s 40 international partners. Academic exchanges in final year Students who graduate from ENSCMu and students coming from a partner university have the possibility [&hellip;]<\/p>\n","protected":false},"author":3,"featured_media":0,"parent":0,"menu_order":0,"comment_status":"closed","ping_status":"closed","template":"","meta":{"footnotes":""},"categories":[],"tags":[],"class_list":["post-407","page","type-page","status-publish","hentry"],"yoast_head":"<!-- This site is optimized with the Yoast SEO plugin v27.4 - https:\/\/yoast.com\/product\/yoast-seo-wordpress\/ -->\n<title>GO ABROAD - \u00c9cole Nationale Sup\u00e9rieure de Chimie de Mulhouse de l&#039;UHA<\/title>\n<meta name=\"robots\" content=\"index, follow, max-snippet:-1, max-image-preview:large, max-video-preview:-1\" \/>\n<link rel=\"canonical\" href=\"https:\/\/www.enscmu.uha.fr\/en\/index.php\/go-abroad\/\" \/>\n<meta property=\"og:locale\" content=\"fr_FR\" \/>\n<meta property=\"og:type\" content=\"article\" \/>\n<meta property=\"og:title\" content=\"GO ABROAD - \u00c9cole Nationale Sup\u00e9rieure de Chimie de Mulhouse de l&#039;UHA\" \/>\n<meta property=\"og:description\" content=\"All National College of Chemical Engineering of Mulhouse (ENSCMu) students must go abroad during their studies. They may complete an intership or take part to academic exchange programme with one of ENSCMu\u2019s 40 international partners. Academic exchanges in final year Students who graduate from ENSCMu and students coming from a partner university have the possibility [&hellip;]\" \/>\n<meta property=\"og:url\" content=\"https:\/\/www.enscmu.uha.fr\/en\/index.php\/go-abroad\/\" \/>\n<meta property=\"og:site_name\" content=\"\u00c9cole Nationale Sup\u00e9rieure de Chimie de Mulhouse de l&#039;UHA\" \/>\n<meta property=\"article:modified_time\" content=\"2020-03-20T10:57:20+00:00\" \/>\n<meta property=\"og:image\" content=\"https:\/\/www.enscmu.uha.fr\/en\/wp-content\/uploads\/2019\/07\/ENSCMu-travaux-pratiques-chimie-analytique2\u00a9GregoryTachet-300x200.jpg\" \/>\n<meta name=\"twitter:card\" content=\"summary_large_image\" \/>\n<meta name=\"twitter:label1\" content=\"Dur\u00e9e de lecture estim\u00e9e\" \/>\n\t<meta name=\"twitter:data1\" content=\"1 minute\" \/>\n<script type=\"application\/ld+json\" class=\"yoast-schema-graph\">{\"@context\":\"https:\\\/\\\/schema.org\",\"@graph\":[{\"@type\":\"WebPage\",\"@id\":\"https:\\\/\\\/www.enscmu.uha.fr\\\/en\\\/index.php\\\/go-abroad\\\/\",\"url\":\"https:\\\/\\\/www.enscmu.uha.fr\\\/en\\\/index.php\\\/go-abroad\\\/\",\"name\":\"GO ABROAD - \u00c9cole Nationale Sup\u00e9rieure de Chimie de Mulhouse de l&#039;UHA\",\"isPartOf\":{\"@id\":\"https:\\\/\\\/www.enscmu.uha.fr\\\/en\\\/#website\"},\"datePublished\":\"2019-07-01T13:51:31+00:00\",\"dateModified\":\"2020-03-20T10:57:20+00:00\",\"breadcrumb\":{\"@id\":\"https:\\\/\\\/www.enscmu.uha.fr\\\/en\\\/index.php\\\/go-abroad\\\/#breadcrumb\"},\"inLanguage\":\"fr-FR\",\"potentialAction\":[{\"@type\":\"ReadAction\",\"target\":[\"https:\\\/\\\/www.enscmu.uha.fr\\\/en\\\/index.php\\\/go-abroad\\\/\"]}]},{\"@type\":\"BreadcrumbList\",\"@id\":\"https:\\\/\\\/www.enscmu.uha.fr\\\/en\\\/index.php\\\/go-abroad\\\/#breadcrumb\",\"itemListElement\":[{\"@type\":\"ListItem\",\"position\":1,\"name\":\"Accueil\",\"item\":\"https:\\\/\\\/www.enscmu.uha.fr\\\/en\\\/\"},{\"@type\":\"ListItem\",\"position\":2,\"name\":\"GO ABROAD\"}]},{\"@type\":\"WebSite\",\"@id\":\"https:\\\/\\\/www.enscmu.uha.fr\\\/en\\\/#website\",\"url\":\"https:\\\/\\\/www.enscmu.uha.fr\\\/en\\\/\",\"name\":\"\u00c9cole Nationale Sup\u00e9rieure de Chimie de Mulhouse de l&#039;UHA\",\"description\":\"Universit\u00e9 de Haute-Alsace\",\"potentialAction\":[{\"@type\":\"SearchAction\",\"target\":{\"@type\":\"EntryPoint\",\"urlTemplate\":\"https:\\\/\\\/www.enscmu.uha.fr\\\/en\\\/?s={search_term_string}\"},\"query-input\":{\"@type\":\"PropertyValueSpecification\",\"valueRequired\":true,\"valueName\":\"search_term_string\"}}],\"inLanguage\":\"fr-FR\"}]}<\/script>\n<!-- \/ Yoast SEO plugin. -->","yoast_head_json":{"title":"GO ABROAD - \u00c9cole Nationale Sup\u00e9rieure de Chimie de Mulhouse de l&#039;UHA","robots":{"index":"index","follow":"follow","max-snippet":"max-snippet:-1","max-image-preview":"max-image-preview:large","max-video-preview":"max-video-preview:-1"},"canonical":"https:\/\/www.enscmu.uha.fr\/en\/index.php\/go-abroad\/","og_locale":"fr_FR","og_type":"article","og_title":"GO ABROAD - \u00c9cole Nationale Sup\u00e9rieure de Chimie de Mulhouse de l&#039;UHA","og_description":"All National College of Chemical Engineering of Mulhouse (ENSCMu) students must go abroad during their studies. They may complete an intership or take part to academic exchange programme with one of ENSCMu\u2019s 40 international partners. Academic exchanges in final year Students who graduate from ENSCMu and students coming from a partner university have the possibility [&hellip;]","og_url":"https:\/\/www.enscmu.uha.fr\/en\/index.php\/go-abroad\/","og_site_name":"\u00c9cole Nationale Sup\u00e9rieure de Chimie de Mulhouse de l&#039;UHA","article_modified_time":"2020-03-20T10:57:20+00:00","og_image":[{"url":"https:\/\/www.enscmu.uha.fr\/en\/wp-content\/uploads\/2019\/07\/ENSCMu-travaux-pratiques-chimie-analytique2\u00a9GregoryTachet-300x200.jpg","type":"","width":"","height":""}],"twitter_card":"summary_large_image","twitter_misc":{"Dur\u00e9e de lecture estim\u00e9e":"1 minute"},"schema":{"@context":"https:\/\/schema.org","@graph":[{"@type":"WebPage","@id":"https:\/\/www.enscmu.uha.fr\/en\/index.php\/go-abroad\/","url":"https:\/\/www.enscmu.uha.fr\/en\/index.php\/go-abroad\/","name":"GO ABROAD - \u00c9cole Nationale Sup\u00e9rieure de Chimie de Mulhouse de l&#039;UHA","isPartOf":{"@id":"https:\/\/www.enscmu.uha.fr\/en\/#website"},"datePublished":"2019-07-01T13:51:31+00:00","dateModified":"2020-03-20T10:57:20+00:00","breadcrumb":{"@id":"https:\/\/www.enscmu.uha.fr\/en\/index.php\/go-abroad\/#breadcrumb"},"inLanguage":"fr-FR","potentialAction":[{"@type":"ReadAction","target":["https:\/\/www.enscmu.uha.fr\/en\/index.php\/go-abroad\/"]}]},{"@type":"BreadcrumbList","@id":"https:\/\/www.enscmu.uha.fr\/en\/index.php\/go-abroad\/#breadcrumb","itemListElement":[{"@type":"ListItem","position":1,"name":"Accueil","item":"https:\/\/www.enscmu.uha.fr\/en\/"},{"@type":"ListItem","position":2,"name":"GO ABROAD"}]},{"@type":"WebSite","@id":"https:\/\/www.enscmu.uha.fr\/en\/#website","url":"https:\/\/www.enscmu.uha.fr\/en\/","name":"\u00c9cole Nationale Sup\u00e9rieure de Chimie de Mulhouse de l&#039;UHA","description":"Universit\u00e9 de Haute-Alsace","potentialAction":[{"@type":"SearchAction","target":{"@type":"EntryPoint","urlTemplate":"https:\/\/www.enscmu.uha.fr\/en\/?s={search_term_string}"},"query-input":{"@type":"PropertyValueSpecification","valueRequired":true,"valueName":"search_term_string"}}],"inLanguage":"fr-FR"}]}},"_links":{"self":[{"href":"https:\/\/www.enscmu.uha.fr\/en\/index.php\/wp-json\/wp\/v2\/pages\/407","targetHints":{"allow":["GET"]}}],"collection":[{"href":"https:\/\/www.enscmu.uha.fr\/en\/index.php\/wp-json\/wp\/v2\/pages"}],"about":[{"href":"https:\/\/www.enscmu.uha.fr\/en\/index.php\/wp-json\/wp\/v2\/types\/page"}],"author":[{"embeddable":true,"href":"https:\/\/www.enscmu.uha.fr\/en\/index.php\/wp-json\/wp\/v2\/users\/3"}],"replies":[{"embeddable":true,"href":"https:\/\/www.enscmu.uha.fr\/en\/index.php\/wp-json\/wp\/v2\/comments?post=407"}],"version-history":[{"count":7,"href":"https:\/\/www.enscmu.uha.fr\/en\/index.php\/wp-json\/wp\/v2\/pages\/407\/revisions"}],"predecessor-version":[{"id":679,"href":"https:\/\/www.enscmu.uha.fr\/en\/index.php\/wp-json\/wp\/v2\/pages\/407\/revisions\/679"}],"wp:attachment":[{"href":"https:\/\/www.enscmu.uha.fr\/en\/index.php\/wp-json\/wp\/v2\/media?parent=407"}],"wp:term":[{"taxonomy":"category","embeddable":true,"href":"https:\/\/www.enscmu.uha.fr\/en\/index.php\/wp-json\/wp\/v2\/categories?post=407"},{"taxonomy":"post_tag","embeddable":true,"href":"https:\/\/www.enscmu.uha.fr\/en\/index.php\/wp-json\/wp\/v2\/tags?post=407"}],"curies":[{"name":"wp","href":"https:\/\/api.w.org\/{rel}","templated":true}]}}