{"id":411,"date":"2019-07-01T16:01:44","date_gmt":"2019-07-01T14:01:44","guid":{"rendered":"https:\/\/www.enscmu.uha.fr\/en\/?page_id=411"},"modified":"2020-03-20T12:12:15","modified_gmt":"2020-03-20T11:12:15","slug":"location-and-facilities","status":"publish","type":"page","link":"https:\/\/www.enscmu.uha.fr\/en\/index.php\/location-and-facilities\/","title":{"rendered":"LOCATION AND FACILITIES"},"content":{"rendered":"<h1>A green campus<\/h1>\n<p><img loading=\"lazy\" decoding=\"async\" class=\"wp-image-263 size-medium alignright\" src=\"https:\/\/www.enscmu.uha.fr\/en\/wp-content\/uploads\/2019\/07\/UHA.Campus.5-300x201.jpg\" alt=\"Campus Illberg Mulhouse\" width=\"300\" height=\"201\" srcset=\"https:\/\/www.enscmu.uha.fr\/en\/wp-content\/uploads\/2019\/07\/UHA.Campus.5-300x201.jpg 300w, https:\/\/www.enscmu.uha.fr\/en\/wp-content\/uploads\/2019\/07\/UHA.Campus.5-768x514.jpg 768w, https:\/\/www.enscmu.uha.fr\/en\/wp-content\/uploads\/2019\/07\/UHA.Campus.5-1024x685.jpg 1024w\" sizes=\"auto, (max-width: 300px) 100vw, 300px\" \/><\/p>\n<p>The National College of Chemical Engineering of Mulhouse is located on the main campus of <a href=\"https:\/\/www.uha.fr\/\" target=\"_blank\" rel=\"noopener noreferrer\">Universit\u00e9 de Haute-Alsace<\/a>, set in 50 acres of gardens. UHA is committed to an environmental management scheme for higher education and has become ISO 50001-certified. ENSCMu students have access to all facilities and accommodation available on the campus: housing, catering, health services, sports facilities, culture\u2026 Easy to reach by public transports, the campus is 10 minutes from the city center. It takes less than one hour to get to the B\u00e2le-Mulhouse EuroAirport.<\/p>\n<h1>Accommodation<\/h1>\n<p>The Mulhouse campus offers much-appreciated and affordable accommodation. The CLOUS (<a href=\"http:\/\/www.crous-strasbourg.fr\/service\/pole-accueil-etudiant-mulhouse\/\" target=\"_blank\" rel=\"noopener noreferrer\">Centre Local des \u0152uvres Universitaires et Scolaires<\/a>) makes available a great number of accommodation possibilities in halls of residence located within walking distance of the College of Chemistry. Information about accommodation types and rates can be found online.\u00a0 There are also many rooms and apartments for hire in the private sector.<\/p>\n<p>Useful links:<\/p>\n<ul>\n<li><a href=\"http:\/\/www.m2a-habitat.fr\/\" target=\"_blank\" rel=\"noopener noreferrer\">Mulhouse Habitat<\/a><\/li>\n<li><a href=\"https:\/\/www.mgellogement.fr\/residences-etudiantes\/index-MULHOUSE.php\" target=\"_blank\" rel=\"noopener noreferrer\">MGEL Logement<\/a><\/li>\n<li><a href=\"https:\/\/www.aleos.asso.fr\/\" target=\"_blank\" rel=\"noopener noreferrer\">Aleos<\/a><\/li>\n<\/ul>\n<h1><\/h1>\n<p>&nbsp;<\/p>\n<h1>University catering<\/h1>\n<p>The CLOUS also manages university restaurants, notably the Resto\u2019U de l\u2019Illberg which is a 2-minute walk from the College. It comprises a self-service restaurant, a caf\u00e9 and a takeaway, and provides food to eat-in or takeaway.<\/p>\n<p>The pass-culture issued by Universit\u00e9 de Haute-Alsace can be used to pay at all university restaurants in Alsace.<\/p>\n<p>&nbsp;<\/p>\n<h1><\/h1>\n<h1>Transport<\/h1>\n<h2>By bike<\/h2>\n<p>The College is located on the Illberg Campus, which is surrounded by bicycle paths and connected to the city\u2019s self-service bike rental service that comprises 40 stations in and around Mulhouse.<\/p>\n<h2>By bus and tram<\/h2>\n<p>The tram drives along the Illberg campus and connects the College to the city center and the main train station from the \u201cUniversity\u201d stop. All bus and tram routes, timetables, fares and information are available on the <a href=\"https:\/\/www.solea.info\/\" target=\"_blank\" rel=\"noopener noreferrer\">Solea website<\/a>.<\/p>\n<p>&nbsp;<\/p>\n<h1><\/h1>\n<h1>Sports and cultural activities<\/h1>\n<h2>Sports<\/h2>\n<p>ENSCMu students have access to the many sports facilities located on the campus or nearby \u2013 university gymnasium, Olympic-size swimming pool, ice-rink, football and rugby pitch, tennis court, sports center.<\/p>\n<p>As the College of Chemistry is part of UHA, ENSCMu students also benefit from the services provided by the <a href=\"https:\/\/www.uha.fr\/la-vie-universitaire\/sport\/\" target=\"_blank\" rel=\"noopener noreferrer\">University\u2019s Sport and Physical Activity Service (SUAPS)<\/a>.<\/p>\n<p>ENSCMu students also have their own football and rugby teams competing in local corporate leagues. These teams are part of the Sports Bureau of ENSCMu\u2019s Students\u2019 Union. They are also involved in many activities and events taking place on the campus.<\/p>\n<h2>Cultural activities<\/h2>\n<p>Mulhouse offers a wide range of cultural activities presented on the website of the <a href=\"https:\/\/www.tourisme-mulhouse.com\/EN\/home.html\" target=\"_blank\" rel=\"noopener noreferrer\">tourist information office<\/a>. ENSCMu students are entitled to concessions at all museums, cinemas, concert venues and playhouses located in Alsace thanks to the Carte Culture issued by the University.<\/p>\n<p>The <a href=\"https:\/\/www.uha.fr\/la-vie-universitaire\/culture\/action-culturelle\/\" target=\"_blank\" rel=\"noopener noreferrer\">University\u2019s Cultural Activities Services (SUAC \u2013 Service Universitaire d\u2019Actions Culturelles)<\/a> also provides a certain number of cultural activities throughout the academic year.<\/p>\n<p>&nbsp;<\/p>\n<h1><\/h1>\n<h1>Cost of living<\/h1>\n<p>Accomodation: from 300 to 400 euros for a studio<br \/>\nFood: around 3.3 euros\/meal in university restaurants<br \/>\nSports: 25 sports activities available in university gymnasium for free and sports activities organised by students at ENSCMu<br \/>\nCulture: <a href=\"https:\/\/www.uha.fr\/la-vie-universitaire\/culture\/action-culturelle\/\" target=\"_blank\" rel=\"noopener noreferrer\">Carte Culture<\/a> issued by the University for free<br \/>\nTransportation: around 20 euros per month for a bus\/tram subscription<\/p>\n","protected":false},"excerpt":{"rendered":"<p>A green campus The National College of Chemical Engineering of Mulhouse is located on the main campus of Universit\u00e9 de Haute-Alsace, set in 50 acres of gardens. UHA is committed to an environmental management scheme for higher education and has become ISO 50001-certified. ENSCMu students have access to all facilities and accommodation available on the [&hellip;]<\/p>\n","protected":false},"author":3,"featured_media":263,"parent":0,"menu_order":0,"comment_status":"closed","ping_status":"closed","template":"","meta":{"footnotes":""},"categories":[],"tags":[],"class_list":["post-411","page","type-page","status-publish","has-post-thumbnail","hentry"],"yoast_head":"<!-- This site is optimized with the Yoast SEO plugin v27.4 - https:\/\/yoast.com\/product\/yoast-seo-wordpress\/ -->\n<title>LOCATION AND FACILITIES - \u00c9cole Nationale Sup\u00e9rieure de Chimie de Mulhouse de l&#039;UHA<\/title>\n<meta name=\"robots\" content=\"index, follow, max-snippet:-1, max-image-preview:large, max-video-preview:-1\" \/>\n<link rel=\"canonical\" href=\"https:\/\/www.enscmu.uha.fr\/en\/index.php\/location-and-facilities\/\" \/>\n<meta property=\"og:locale\" content=\"fr_FR\" \/>\n<meta property=\"og:type\" content=\"article\" \/>\n<meta property=\"og:title\" content=\"LOCATION AND FACILITIES - \u00c9cole Nationale Sup\u00e9rieure de Chimie de Mulhouse de l&#039;UHA\" \/>\n<meta property=\"og:description\" content=\"A green campus The National College of Chemical Engineering of Mulhouse is located on the main campus of Universit\u00e9 de Haute-Alsace, set in 50 acres of gardens. UHA is committed to an environmental management scheme for higher education and has become ISO 50001-certified. ENSCMu students have access to all facilities and accommodation available on the [&hellip;]\" \/>\n<meta property=\"og:url\" content=\"https:\/\/www.enscmu.uha.fr\/en\/index.php\/location-and-facilities\/\" \/>\n<meta property=\"og:site_name\" content=\"\u00c9cole Nationale Sup\u00e9rieure de Chimie de Mulhouse de l&#039;UHA\" \/>\n<meta property=\"article:modified_time\" content=\"2020-03-20T11:12:15+00:00\" \/>\n<meta property=\"og:image\" content=\"https:\/\/www.enscmu.uha.fr\/en\/wp-content\/uploads\/2019\/07\/UHA.Campus.5-1024x685.jpg\" \/>\n\t<meta property=\"og:image:width\" content=\"1024\" \/>\n\t<meta property=\"og:image:height\" content=\"685\" \/>\n\t<meta property=\"og:image:type\" content=\"image\/jpeg\" \/>\n<meta name=\"twitter:card\" content=\"summary_large_image\" \/>\n<meta name=\"twitter:label1\" content=\"Dur\u00e9e de lecture estim\u00e9e\" \/>\n\t<meta name=\"twitter:data1\" content=\"3 minutes\" \/>\n<script type=\"application\/ld+json\" class=\"yoast-schema-graph\">{\"@context\":\"https:\\\/\\\/schema.org\",\"@graph\":[{\"@type\":\"WebPage\",\"@id\":\"https:\\\/\\\/www.enscmu.uha.fr\\\/en\\\/index.php\\\/location-and-facilities\\\/\",\"url\":\"https:\\\/\\\/www.enscmu.uha.fr\\\/en\\\/index.php\\\/location-and-facilities\\\/\",\"name\":\"LOCATION AND FACILITIES - \u00c9cole Nationale Sup\u00e9rieure de Chimie de Mulhouse de l&#039;UHA\",\"isPartOf\":{\"@id\":\"https:\\\/\\\/www.enscmu.uha.fr\\\/en\\\/#website\"},\"primaryImageOfPage\":{\"@id\":\"https:\\\/\\\/www.enscmu.uha.fr\\\/en\\\/index.php\\\/location-and-facilities\\\/#primaryimage\"},\"image\":{\"@id\":\"https:\\\/\\\/www.enscmu.uha.fr\\\/en\\\/index.php\\\/location-and-facilities\\\/#primaryimage\"},\"thumbnailUrl\":\"https:\\\/\\\/www.enscmu.uha.fr\\\/en\\\/wp-content\\\/uploads\\\/2019\\\/07\\\/UHA.Campus.5.jpg\",\"datePublished\":\"2019-07-01T14:01:44+00:00\",\"dateModified\":\"2020-03-20T11:12:15+00:00\",\"breadcrumb\":{\"@id\":\"https:\\\/\\\/www.enscmu.uha.fr\\\/en\\\/index.php\\\/location-and-facilities\\\/#breadcrumb\"},\"inLanguage\":\"fr-FR\",\"potentialAction\":[{\"@type\":\"ReadAction\",\"target\":[\"https:\\\/\\\/www.enscmu.uha.fr\\\/en\\\/index.php\\\/location-and-facilities\\\/\"]}]},{\"@type\":\"ImageObject\",\"inLanguage\":\"fr-FR\",\"@id\":\"https:\\\/\\\/www.enscmu.uha.fr\\\/en\\\/index.php\\\/location-and-facilities\\\/#primaryimage\",\"url\":\"https:\\\/\\\/www.enscmu.uha.fr\\\/en\\\/wp-content\\\/uploads\\\/2019\\\/07\\\/UHA.Campus.5.jpg\",\"contentUrl\":\"https:\\\/\\\/www.enscmu.uha.fr\\\/en\\\/wp-content\\\/uploads\\\/2019\\\/07\\\/UHA.Campus.5.jpg\",\"width\":2464,\"height\":1648},{\"@type\":\"BreadcrumbList\",\"@id\":\"https:\\\/\\\/www.enscmu.uha.fr\\\/en\\\/index.php\\\/location-and-facilities\\\/#breadcrumb\",\"itemListElement\":[{\"@type\":\"ListItem\",\"position\":1,\"name\":\"Accueil\",\"item\":\"https:\\\/\\\/www.enscmu.uha.fr\\\/en\\\/\"},{\"@type\":\"ListItem\",\"position\":2,\"name\":\"LOCATION AND FACILITIES\"}]},{\"@type\":\"WebSite\",\"@id\":\"https:\\\/\\\/www.enscmu.uha.fr\\\/en\\\/#website\",\"url\":\"https:\\\/\\\/www.enscmu.uha.fr\\\/en\\\/\",\"name\":\"\u00c9cole Nationale Sup\u00e9rieure de Chimie de Mulhouse de l&#039;UHA\",\"description\":\"Universit\u00e9 de Haute-Alsace\",\"potentialAction\":[{\"@type\":\"SearchAction\",\"target\":{\"@type\":\"EntryPoint\",\"urlTemplate\":\"https:\\\/\\\/www.enscmu.uha.fr\\\/en\\\/?s={search_term_string}\"},\"query-input\":{\"@type\":\"PropertyValueSpecification\",\"valueRequired\":true,\"valueName\":\"search_term_string\"}}],\"inLanguage\":\"fr-FR\"}]}<\/script>\n<!-- \/ Yoast SEO plugin. -->","yoast_head_json":{"title":"LOCATION AND FACILITIES - \u00c9cole Nationale Sup\u00e9rieure de Chimie de Mulhouse de l&#039;UHA","robots":{"index":"index","follow":"follow","max-snippet":"max-snippet:-1","max-image-preview":"max-image-preview:large","max-video-preview":"max-video-preview:-1"},"canonical":"https:\/\/www.enscmu.uha.fr\/en\/index.php\/location-and-facilities\/","og_locale":"fr_FR","og_type":"article","og_title":"LOCATION AND FACILITIES - \u00c9cole Nationale Sup\u00e9rieure de Chimie de Mulhouse de l&#039;UHA","og_description":"A green campus The National College of Chemical Engineering of Mulhouse is located on the main campus of Universit\u00e9 de Haute-Alsace, set in 50 acres of gardens. UHA is committed to an environmental management scheme for higher education and has become ISO 50001-certified. ENSCMu students have access to all facilities and accommodation available on the [&hellip;]","og_url":"https:\/\/www.enscmu.uha.fr\/en\/index.php\/location-and-facilities\/","og_site_name":"\u00c9cole Nationale Sup\u00e9rieure de Chimie de Mulhouse de l&#039;UHA","article_modified_time":"2020-03-20T11:12:15+00:00","og_image":[{"width":1024,"height":685,"url":"https:\/\/www.enscmu.uha.fr\/en\/wp-content\/uploads\/2019\/07\/UHA.Campus.5-1024x685.jpg","type":"image\/jpeg"}],"twitter_card":"summary_large_image","twitter_misc":{"Dur\u00e9e de lecture estim\u00e9e":"3 minutes"},"schema":{"@context":"https:\/\/schema.org","@graph":[{"@type":"WebPage","@id":"https:\/\/www.enscmu.uha.fr\/en\/index.php\/location-and-facilities\/","url":"https:\/\/www.enscmu.uha.fr\/en\/index.php\/location-and-facilities\/","name":"LOCATION AND FACILITIES - \u00c9cole Nationale Sup\u00e9rieure de Chimie de Mulhouse de l&#039;UHA","isPartOf":{"@id":"https:\/\/www.enscmu.uha.fr\/en\/#website"},"primaryImageOfPage":{"@id":"https:\/\/www.enscmu.uha.fr\/en\/index.php\/location-and-facilities\/#primaryimage"},"image":{"@id":"https:\/\/www.enscmu.uha.fr\/en\/index.php\/location-and-facilities\/#primaryimage"},"thumbnailUrl":"https:\/\/www.enscmu.uha.fr\/en\/wp-content\/uploads\/2019\/07\/UHA.Campus.5.jpg","datePublished":"2019-07-01T14:01:44+00:00","dateModified":"2020-03-20T11:12:15+00:00","breadcrumb":{"@id":"https:\/\/www.enscmu.uha.fr\/en\/index.php\/location-and-facilities\/#breadcrumb"},"inLanguage":"fr-FR","potentialAction":[{"@type":"ReadAction","target":["https:\/\/www.enscmu.uha.fr\/en\/index.php\/location-and-facilities\/"]}]},{"@type":"ImageObject","inLanguage":"fr-FR","@id":"https:\/\/www.enscmu.uha.fr\/en\/index.php\/location-and-facilities\/#primaryimage","url":"https:\/\/www.enscmu.uha.fr\/en\/wp-content\/uploads\/2019\/07\/UHA.Campus.5.jpg","contentUrl":"https:\/\/www.enscmu.uha.fr\/en\/wp-content\/uploads\/2019\/07\/UHA.Campus.5.jpg","width":2464,"height":1648},{"@type":"BreadcrumbList","@id":"https:\/\/www.enscmu.uha.fr\/en\/index.php\/location-and-facilities\/#breadcrumb","itemListElement":[{"@type":"ListItem","position":1,"name":"Accueil","item":"https:\/\/www.enscmu.uha.fr\/en\/"},{"@type":"ListItem","position":2,"name":"LOCATION AND FACILITIES"}]},{"@type":"WebSite","@id":"https:\/\/www.enscmu.uha.fr\/en\/#website","url":"https:\/\/www.enscmu.uha.fr\/en\/","name":"\u00c9cole Nationale Sup\u00e9rieure de Chimie de Mulhouse de l&#039;UHA","description":"Universit\u00e9 de Haute-Alsace","potentialAction":[{"@type":"SearchAction","target":{"@type":"EntryPoint","urlTemplate":"https:\/\/www.enscmu.uha.fr\/en\/?s={search_term_string}"},"query-input":{"@type":"PropertyValueSpecification","valueRequired":true,"valueName":"search_term_string"}}],"inLanguage":"fr-FR"}]}},"_links":{"self":[{"href":"https:\/\/www.enscmu.uha.fr\/en\/index.php\/wp-json\/wp\/v2\/pages\/411","targetHints":{"allow":["GET"]}}],"collection":[{"href":"https:\/\/www.enscmu.uha.fr\/en\/index.php\/wp-json\/wp\/v2\/pages"}],"about":[{"href":"https:\/\/www.enscmu.uha.fr\/en\/index.php\/wp-json\/wp\/v2\/types\/page"}],"author":[{"embeddable":true,"href":"https:\/\/www.enscmu.uha.fr\/en\/index.php\/wp-json\/wp\/v2\/users\/3"}],"replies":[{"embeddable":true,"href":"https:\/\/www.enscmu.uha.fr\/en\/index.php\/wp-json\/wp\/v2\/comments?post=411"}],"version-history":[{"count":13,"href":"https:\/\/www.enscmu.uha.fr\/en\/index.php\/wp-json\/wp\/v2\/pages\/411\/revisions"}],"predecessor-version":[{"id":690,"href":"https:\/\/www.enscmu.uha.fr\/en\/index.php\/wp-json\/wp\/v2\/pages\/411\/revisions\/690"}],"wp:featuredmedia":[{"embeddable":true,"href":"https:\/\/www.enscmu.uha.fr\/en\/index.php\/wp-json\/wp\/v2\/media\/263"}],"wp:attachment":[{"href":"https:\/\/www.enscmu.uha.fr\/en\/index.php\/wp-json\/wp\/v2\/media?parent=411"}],"wp:term":[{"taxonomy":"category","embeddable":true,"href":"https:\/\/www.enscmu.uha.fr\/en\/index.php\/wp-json\/wp\/v2\/categories?post=411"},{"taxonomy":"post_tag","embeddable":true,"href":"https:\/\/www.enscmu.uha.fr\/en\/index.php\/wp-json\/wp\/v2\/tags?post=411"}],"curies":[{"name":"wp","href":"https:\/\/api.w.org\/{rel}","templated":true}]}}