{"id":415,"date":"2019-07-01T16:14:39","date_gmt":"2019-07-01T14:14:39","guid":{"rendered":"https:\/\/www.enscmu.uha.fr\/en\/?page_id=415"},"modified":"2020-03-20T11:59:21","modified_gmt":"2020-03-20T10:59:21","slug":"living-in-alsace","status":"publish","type":"page","link":"https:\/\/www.enscmu.uha.fr\/en\/index.php\/living-in-alsace\/","title":{"rendered":"LIVING IN ALSACE"},"content":{"rendered":"<h1>In the heart of Regio<\/h1>\n<p>Mulhouse lies in the heart of the Upper Rhine tri-national region. It offers the possibility to become more familiar with French, German and Swiss culture and to live in a cross-cultural environment. It is close to other cultural centers steeped in tradition like Colmar and Strasbourg in France, Basel and Zurich in Switzerland or Freiburg in Germany.<\/p>\n<p>Located in an industrial area where chemistry plays a key role, Mulhouse is also surrounded by the Vosges and the Jura Mountains, the Black Forrest as well as the Swiss Alps, ideal locations for outings.<\/p>\n<p>Useful link: <a href=\"http:\/\/www.tourismtrirhena.com\" target=\"_blank\" rel=\"noopener noreferrer\">www.tourismtrirhena.com<\/a><\/p>\n<h1>In the heart of Alsace<\/h1>\n<h1><img loading=\"lazy\" decoding=\"async\" class=\"size-medium wp-image-245 alignleft\" src=\"https:\/\/www.enscmu.uha.fr\/en\/wp-content\/uploads\/2019\/07\/Macapa-Fotolia.com_-300x194.jpg\" alt=\"\" width=\"300\" height=\"194\" data-wp-editing=\"1\" srcset=\"https:\/\/www.enscmu.uha.fr\/en\/wp-content\/uploads\/2019\/07\/Macapa-Fotolia.com_-300x194.jpg 300w, https:\/\/www.enscmu.uha.fr\/en\/wp-content\/uploads\/2019\/07\/Macapa-Fotolia.com_-768x497.jpg 768w, https:\/\/www.enscmu.uha.fr\/en\/wp-content\/uploads\/2019\/07\/Macapa-Fotolia.com_-1024x663.jpg 1024w, https:\/\/www.enscmu.uha.fr\/en\/wp-content\/uploads\/2019\/07\/Macapa-Fotolia.com_.jpg 1713w\" sizes=\"auto, (max-width: 300px) 100vw, 300px\" \/><\/h1>\n<p>Mulhouse is the second largest city in Alsace, a region stepped in history as well as cultural and gastronomic tradition. Owing to its lifestyle and its varied landscape, with lowland, hills, mountains and forests, it is the perfect place to live and practice numerous activities.<\/p>\n<p>Useful link: <a href=\"https:\/\/www.tourisme-alsace.com\/en\" target=\"_blank\" rel=\"noopener noreferrer\">www.tourisme-alsace.com<\/a><\/p>\n<h1><\/h1>\n<h1><\/h1>\n<h1>In the heart of the city<\/h1>\n<h1><img loading=\"lazy\" decoding=\"async\" class=\"size-medium wp-image-254 alignright\" src=\"https:\/\/www.enscmu.uha.fr\/en\/wp-content\/uploads\/2019\/07\/Mulhouse-tram-bollwerk\u00a9Atoll-300x225.jpg\" alt=\"\" width=\"300\" height=\"225\" srcset=\"https:\/\/www.enscmu.uha.fr\/en\/wp-content\/uploads\/2019\/07\/Mulhouse-tram-bollwerk\u00a9Atoll-300x225.jpg 300w, https:\/\/www.enscmu.uha.fr\/en\/wp-content\/uploads\/2019\/07\/Mulhouse-tram-bollwerk\u00a9Atoll-768x576.jpg 768w, https:\/\/www.enscmu.uha.fr\/en\/wp-content\/uploads\/2019\/07\/Mulhouse-tram-bollwerk\u00a9Atoll-1024x768.jpg 1024w, https:\/\/www.enscmu.uha.fr\/en\/wp-content\/uploads\/2019\/07\/Mulhouse-tram-bollwerk\u00a9Atoll-135x100.jpg 135w, https:\/\/www.enscmu.uha.fr\/en\/wp-content\/uploads\/2019\/07\/Mulhouse-tram-bollwerk\u00a9Atoll.jpg 1417w\" sizes=\"auto, (max-width: 300px) 100vw, 300px\" \/><\/h1>\n<p>Mulhouse, an urban area of 220 000 inhabitants, is renowned for being home to the largest hub of <a href=\"https:\/\/musees-mulhouse.fr\/en\/\" target=\"_blank\" rel=\"noopener noreferrer\">technical museums<\/a> in Europe:\u00a0 the national automobile museum (Mus\u00e9e National de l\u2019Automobile \u2013 Collection Schlumpf), the fabrics printing museum (Mus\u00e9e d\u2019Impression sur \u00e9toffes), the railway museum (Cit\u00e9 du Train) or the museum dedicated to electricity and its mysteries (mus\u00e9e Electropolis)&#8230;<\/p>\n<p>Many venues also contribute to its cultural wealth:\u00a0 the national theatre (La Filature), a cinema complex (Kin\u00e9polis), art-house cinemas (Bel-Air, Palace), local theatres and showrooms.<\/p>\n<p>Useful link: <a href=\"https:\/\/www.tourisme-mulhouse.com\/EN\/home.html\" target=\"_blank\" rel=\"noopener noreferrer\">www.tourisme-mulhouse.com<\/a><\/p>\n<h1>In the heart of the campus<\/h1>\n<p><img loading=\"lazy\" decoding=\"async\" class=\"size-medium wp-image-263 alignleft\" src=\"https:\/\/www.enscmu.uha.fr\/en\/wp-content\/uploads\/2019\/07\/UHA.Campus.5-300x201.jpg\" alt=\"\" width=\"300\" height=\"201\" srcset=\"https:\/\/www.enscmu.uha.fr\/en\/wp-content\/uploads\/2019\/07\/UHA.Campus.5-300x201.jpg 300w, https:\/\/www.enscmu.uha.fr\/en\/wp-content\/uploads\/2019\/07\/UHA.Campus.5-768x514.jpg 768w, https:\/\/www.enscmu.uha.fr\/en\/wp-content\/uploads\/2019\/07\/UHA.Campus.5-1024x685.jpg 1024w\" sizes=\"auto, (max-width: 300px) 100vw, 300px\" \/><\/p>\n<p>ENSCMu is located on the main campus of Universit\u00e9 de Haute-Alsace, set in 25 hectares of gardens and surrounded by bicycle paths.\u00a0 Easy to reach by public transport, the campus is a two-minute walk from a complex of sports facilities comprising the university gymnasium, an Olympic-size swimming pool, an ice-rink, a sports center, tennis courts as well as football and rugby pitches.<\/p>\n<p>The campus is 10 minutes from the city center and it takes less than an hour to drive to and from EuroAirport Basel-Mulhouse-Freiburg.<\/p>\n<p>Well aware of its role and duties in respect of the major challenges entailed by sustainable development and social changes, <a href=\"http:\/\/www.uha.fr\/\" target=\"_blank\" rel=\"noopener noreferrer\">Universit\u00e9 de Haute-Alsace<\/a> implements an environmental management system and is <a href=\"http:\/\/www.uha.fr\/luha\/developpement-durable\/energie\/\" target=\"_blank\" rel=\"noopener noreferrer\">ISO 50001-certified<\/a> for its system of energy management.<\/p>\n<p>&nbsp;<\/p>\n","protected":false},"excerpt":{"rendered":"<p>In the heart of Regio Mulhouse lies in the heart of the Upper Rhine tri-national region. It offers the possibility to become more familiar with French, German and Swiss culture and to live in a cross-cultural environment. It is close to other cultural centers steeped in tradition like Colmar and Strasbourg in France, Basel and [&hellip;]<\/p>\n","protected":false},"author":3,"featured_media":245,"parent":0,"menu_order":0,"comment_status":"closed","ping_status":"closed","template":"","meta":{"footnotes":""},"categories":[],"tags":[],"class_list":["post-415","page","type-page","status-publish","has-post-thumbnail","hentry"],"yoast_head":"<!-- This site is optimized with the Yoast SEO plugin v27.4 - https:\/\/yoast.com\/product\/yoast-seo-wordpress\/ -->\n<title>LIVING IN ALSACE - \u00c9cole Nationale Sup\u00e9rieure de Chimie de Mulhouse de l&#039;UHA<\/title>\n<meta name=\"robots\" content=\"index, follow, max-snippet:-1, max-image-preview:large, max-video-preview:-1\" \/>\n<link rel=\"canonical\" href=\"https:\/\/www.enscmu.uha.fr\/en\/index.php\/living-in-alsace\/\" \/>\n<meta property=\"og:locale\" content=\"fr_FR\" \/>\n<meta property=\"og:type\" content=\"article\" \/>\n<meta property=\"og:title\" content=\"LIVING IN ALSACE - \u00c9cole Nationale Sup\u00e9rieure de Chimie de Mulhouse de l&#039;UHA\" \/>\n<meta property=\"og:description\" content=\"In the heart of Regio Mulhouse lies in the heart of the Upper Rhine tri-national region. It offers the possibility to become more familiar with French, German and Swiss culture and to live in a cross-cultural environment. It is close to other cultural centers steeped in tradition like Colmar and Strasbourg in France, Basel and [&hellip;]\" \/>\n<meta property=\"og:url\" content=\"https:\/\/www.enscmu.uha.fr\/en\/index.php\/living-in-alsace\/\" \/>\n<meta property=\"og:site_name\" content=\"\u00c9cole Nationale Sup\u00e9rieure de Chimie de Mulhouse de l&#039;UHA\" \/>\n<meta property=\"article:modified_time\" content=\"2020-03-20T10:59:21+00:00\" \/>\n<meta property=\"og:image\" content=\"https:\/\/www.enscmu.uha.fr\/en\/wp-content\/uploads\/2019\/07\/Macapa-Fotolia.com_.jpg\" \/>\n\t<meta property=\"og:image:width\" content=\"1713\" \/>\n\t<meta property=\"og:image:height\" content=\"1109\" \/>\n\t<meta property=\"og:image:type\" content=\"image\/jpeg\" \/>\n<meta name=\"twitter:card\" content=\"summary_large_image\" \/>\n<meta name=\"twitter:label1\" content=\"Dur\u00e9e de lecture estim\u00e9e\" \/>\n\t<meta name=\"twitter:data1\" content=\"2 minutes\" \/>\n<script type=\"application\/ld+json\" class=\"yoast-schema-graph\">{\"@context\":\"https:\\\/\\\/schema.org\",\"@graph\":[{\"@type\":\"WebPage\",\"@id\":\"https:\\\/\\\/www.enscmu.uha.fr\\\/en\\\/index.php\\\/living-in-alsace\\\/\",\"url\":\"https:\\\/\\\/www.enscmu.uha.fr\\\/en\\\/index.php\\\/living-in-alsace\\\/\",\"name\":\"LIVING IN ALSACE - \u00c9cole Nationale Sup\u00e9rieure de Chimie de Mulhouse de l&#039;UHA\",\"isPartOf\":{\"@id\":\"https:\\\/\\\/www.enscmu.uha.fr\\\/en\\\/#website\"},\"primaryImageOfPage\":{\"@id\":\"https:\\\/\\\/www.enscmu.uha.fr\\\/en\\\/index.php\\\/living-in-alsace\\\/#primaryimage\"},\"image\":{\"@id\":\"https:\\\/\\\/www.enscmu.uha.fr\\\/en\\\/index.php\\\/living-in-alsace\\\/#primaryimage\"},\"thumbnailUrl\":\"https:\\\/\\\/www.enscmu.uha.fr\\\/en\\\/wp-content\\\/uploads\\\/2019\\\/07\\\/Macapa-Fotolia.com_.jpg\",\"datePublished\":\"2019-07-01T14:14:39+00:00\",\"dateModified\":\"2020-03-20T10:59:21+00:00\",\"breadcrumb\":{\"@id\":\"https:\\\/\\\/www.enscmu.uha.fr\\\/en\\\/index.php\\\/living-in-alsace\\\/#breadcrumb\"},\"inLanguage\":\"fr-FR\",\"potentialAction\":[{\"@type\":\"ReadAction\",\"target\":[\"https:\\\/\\\/www.enscmu.uha.fr\\\/en\\\/index.php\\\/living-in-alsace\\\/\"]}]},{\"@type\":\"ImageObject\",\"inLanguage\":\"fr-FR\",\"@id\":\"https:\\\/\\\/www.enscmu.uha.fr\\\/en\\\/index.php\\\/living-in-alsace\\\/#primaryimage\",\"url\":\"https:\\\/\\\/www.enscmu.uha.fr\\\/en\\\/wp-content\\\/uploads\\\/2019\\\/07\\\/Macapa-Fotolia.com_.jpg\",\"contentUrl\":\"https:\\\/\\\/www.enscmu.uha.fr\\\/en\\\/wp-content\\\/uploads\\\/2019\\\/07\\\/Macapa-Fotolia.com_.jpg\",\"width\":1713,\"height\":1109},{\"@type\":\"BreadcrumbList\",\"@id\":\"https:\\\/\\\/www.enscmu.uha.fr\\\/en\\\/index.php\\\/living-in-alsace\\\/#breadcrumb\",\"itemListElement\":[{\"@type\":\"ListItem\",\"position\":1,\"name\":\"Accueil\",\"item\":\"https:\\\/\\\/www.enscmu.uha.fr\\\/en\\\/\"},{\"@type\":\"ListItem\",\"position\":2,\"name\":\"LIVING IN ALSACE\"}]},{\"@type\":\"WebSite\",\"@id\":\"https:\\\/\\\/www.enscmu.uha.fr\\\/en\\\/#website\",\"url\":\"https:\\\/\\\/www.enscmu.uha.fr\\\/en\\\/\",\"name\":\"\u00c9cole Nationale Sup\u00e9rieure de Chimie de Mulhouse de l&#039;UHA\",\"description\":\"Universit\u00e9 de Haute-Alsace\",\"potentialAction\":[{\"@type\":\"SearchAction\",\"target\":{\"@type\":\"EntryPoint\",\"urlTemplate\":\"https:\\\/\\\/www.enscmu.uha.fr\\\/en\\\/?s={search_term_string}\"},\"query-input\":{\"@type\":\"PropertyValueSpecification\",\"valueRequired\":true,\"valueName\":\"search_term_string\"}}],\"inLanguage\":\"fr-FR\"}]}<\/script>\n<!-- \/ Yoast SEO plugin. -->","yoast_head_json":{"title":"LIVING IN ALSACE - \u00c9cole Nationale Sup\u00e9rieure de Chimie de Mulhouse de l&#039;UHA","robots":{"index":"index","follow":"follow","max-snippet":"max-snippet:-1","max-image-preview":"max-image-preview:large","max-video-preview":"max-video-preview:-1"},"canonical":"https:\/\/www.enscmu.uha.fr\/en\/index.php\/living-in-alsace\/","og_locale":"fr_FR","og_type":"article","og_title":"LIVING IN ALSACE - \u00c9cole Nationale Sup\u00e9rieure de Chimie de Mulhouse de l&#039;UHA","og_description":"In the heart of Regio Mulhouse lies in the heart of the Upper Rhine tri-national region. It offers the possibility to become more familiar with French, German and Swiss culture and to live in a cross-cultural environment. It is close to other cultural centers steeped in tradition like Colmar and Strasbourg in France, Basel and [&hellip;]","og_url":"https:\/\/www.enscmu.uha.fr\/en\/index.php\/living-in-alsace\/","og_site_name":"\u00c9cole Nationale Sup\u00e9rieure de Chimie de Mulhouse de l&#039;UHA","article_modified_time":"2020-03-20T10:59:21+00:00","og_image":[{"width":1713,"height":1109,"url":"https:\/\/www.enscmu.uha.fr\/en\/wp-content\/uploads\/2019\/07\/Macapa-Fotolia.com_.jpg","type":"image\/jpeg"}],"twitter_card":"summary_large_image","twitter_misc":{"Dur\u00e9e de lecture estim\u00e9e":"2 minutes"},"schema":{"@context":"https:\/\/schema.org","@graph":[{"@type":"WebPage","@id":"https:\/\/www.enscmu.uha.fr\/en\/index.php\/living-in-alsace\/","url":"https:\/\/www.enscmu.uha.fr\/en\/index.php\/living-in-alsace\/","name":"LIVING IN ALSACE - \u00c9cole Nationale Sup\u00e9rieure de Chimie de Mulhouse de l&#039;UHA","isPartOf":{"@id":"https:\/\/www.enscmu.uha.fr\/en\/#website"},"primaryImageOfPage":{"@id":"https:\/\/www.enscmu.uha.fr\/en\/index.php\/living-in-alsace\/#primaryimage"},"image":{"@id":"https:\/\/www.enscmu.uha.fr\/en\/index.php\/living-in-alsace\/#primaryimage"},"thumbnailUrl":"https:\/\/www.enscmu.uha.fr\/en\/wp-content\/uploads\/2019\/07\/Macapa-Fotolia.com_.jpg","datePublished":"2019-07-01T14:14:39+00:00","dateModified":"2020-03-20T10:59:21+00:00","breadcrumb":{"@id":"https:\/\/www.enscmu.uha.fr\/en\/index.php\/living-in-alsace\/#breadcrumb"},"inLanguage":"fr-FR","potentialAction":[{"@type":"ReadAction","target":["https:\/\/www.enscmu.uha.fr\/en\/index.php\/living-in-alsace\/"]}]},{"@type":"ImageObject","inLanguage":"fr-FR","@id":"https:\/\/www.enscmu.uha.fr\/en\/index.php\/living-in-alsace\/#primaryimage","url":"https:\/\/www.enscmu.uha.fr\/en\/wp-content\/uploads\/2019\/07\/Macapa-Fotolia.com_.jpg","contentUrl":"https:\/\/www.enscmu.uha.fr\/en\/wp-content\/uploads\/2019\/07\/Macapa-Fotolia.com_.jpg","width":1713,"height":1109},{"@type":"BreadcrumbList","@id":"https:\/\/www.enscmu.uha.fr\/en\/index.php\/living-in-alsace\/#breadcrumb","itemListElement":[{"@type":"ListItem","position":1,"name":"Accueil","item":"https:\/\/www.enscmu.uha.fr\/en\/"},{"@type":"ListItem","position":2,"name":"LIVING IN ALSACE"}]},{"@type":"WebSite","@id":"https:\/\/www.enscmu.uha.fr\/en\/#website","url":"https:\/\/www.enscmu.uha.fr\/en\/","name":"\u00c9cole Nationale Sup\u00e9rieure de Chimie de Mulhouse de l&#039;UHA","description":"Universit\u00e9 de Haute-Alsace","potentialAction":[{"@type":"SearchAction","target":{"@type":"EntryPoint","urlTemplate":"https:\/\/www.enscmu.uha.fr\/en\/?s={search_term_string}"},"query-input":{"@type":"PropertyValueSpecification","valueRequired":true,"valueName":"search_term_string"}}],"inLanguage":"fr-FR"}]}},"_links":{"self":[{"href":"https:\/\/www.enscmu.uha.fr\/en\/index.php\/wp-json\/wp\/v2\/pages\/415","targetHints":{"allow":["GET"]}}],"collection":[{"href":"https:\/\/www.enscmu.uha.fr\/en\/index.php\/wp-json\/wp\/v2\/pages"}],"about":[{"href":"https:\/\/www.enscmu.uha.fr\/en\/index.php\/wp-json\/wp\/v2\/types\/page"}],"author":[{"embeddable":true,"href":"https:\/\/www.enscmu.uha.fr\/en\/index.php\/wp-json\/wp\/v2\/users\/3"}],"replies":[{"embeddable":true,"href":"https:\/\/www.enscmu.uha.fr\/en\/index.php\/wp-json\/wp\/v2\/comments?post=415"}],"version-history":[{"count":6,"href":"https:\/\/www.enscmu.uha.fr\/en\/index.php\/wp-json\/wp\/v2\/pages\/415\/revisions"}],"predecessor-version":[{"id":684,"href":"https:\/\/www.enscmu.uha.fr\/en\/index.php\/wp-json\/wp\/v2\/pages\/415\/revisions\/684"}],"wp:featuredmedia":[{"embeddable":true,"href":"https:\/\/www.enscmu.uha.fr\/en\/index.php\/wp-json\/wp\/v2\/media\/245"}],"wp:attachment":[{"href":"https:\/\/www.enscmu.uha.fr\/en\/index.php\/wp-json\/wp\/v2\/media?parent=415"}],"wp:term":[{"taxonomy":"category","embeddable":true,"href":"https:\/\/www.enscmu.uha.fr\/en\/index.php\/wp-json\/wp\/v2\/categories?post=415"},{"taxonomy":"post_tag","embeddable":true,"href":"https:\/\/www.enscmu.uha.fr\/en\/index.php\/wp-json\/wp\/v2\/tags?post=415"}],"curies":[{"name":"wp","href":"https:\/\/api.w.org\/{rel}","templated":true}]}}