{"id":755,"date":"2020-04-07T19:00:52","date_gmt":"2020-04-07T17:00:52","guid":{"rendered":"https:\/\/www.enscmu.uha.fr\/en\/?page_id=755"},"modified":"2021-08-16T11:51:44","modified_gmt":"2021-08-16T09:51:44","slug":"home","status":"publish","type":"page","link":"https:\/\/www.enscmu.uha.fr\/en\/index.php\/home\/","title":{"rendered":"ENSCMu"},"content":{"rendered":"<div class=\"deflex main\" style=\"display: flex;\">\r\n<div class=\"deborder\" style=\"width: 70%; margin-left: auto; margin-right: auto; padding-right: 5%;\">\r\n<h1 class=\"wp-block-heading\">Organisation<\/h1>\r\n\r\n\r\n\r\n\r\n<span class=\"su-lightbox\" data-mfp-src=\"https:\/\/www.youtube-nocookie.com\/embed\/V7ARWY2npP4\" data-mfp-type=\"iframe\" data-mobile=\"yes\"><img loading=\"lazy\" decoding=\"async\" class=\"aligncenter wp-image-3095 size-large\" src=\"https:\/\/www.enscmu.uha.fr\/wp-content\/uploads\/2021\/03\/enscmu-1-1024x539.jpg\" alt=\"ENSCMu\" width=\"750\" height=\"395\" data-wp-editing=\"1\" \/><\/span>\r\n<p style=\"text-align: center;\"><em>Film produced with the contribution of the Foundation for ENSCMu.<\/em><\/p>\r\n\r\n<p style=\"text-align: left;\">The National College of Chemical Engineering (ENSCMu) is part of <a href=\"https:\/\/www.uha.fr\/\" target=\"_blank\" rel=\"noopener noreferrer\">Universit\u00e9 de Haute-Alsace<\/a> which is associated to <a href=\"http:\/\/en.unistra.fr\/index.php?id=21304\" target=\"_blank\" rel=\"noopener noreferrer\">Universit\u00e9 de Strasbourg<\/a>. ENSCMu is one of the French \u201cGrandes \u00c9coles\u201d. It is ISO 9001 certified and trains chemical engineers in close collaboration with industry. It recruits students after two years of higher education for three years of training.<\/p>\r\n\r\n\r\n Professor Jocelyne Brendl\u00e9 has been the director of the College of Chemistry since 1st September 2016. She teaches mineral and materials chemistry. Her research activities within the Mulhouse Materials Science Institute (IS2M) focus on clays. She is assisted by Ms Magali Bonne, deputy director for international relations, and Mr. Samuel Fouchard, lecturer in chemistry and director of studies.<br \/>\r\n<h1>Assets<\/h1>\r\n<h2><strong>The first chemistry school created in France\u00a0<\/strong><\/h2>\r\n<p>A creation initiated by textile manufacturers in 1822<\/p>\r\n<h2><strong>A polyvalent degree programme for a wide range of career opportunities<\/strong><\/h2>\r\nTheoretical and practical courses in organic chemistry, physical chemistry, cosmetology, environmental chemistry, formulation, materials, safety\u2026\r\n<h2><strong>Innovative education programmes<\/strong><\/h2>\r\n<div><span lang=\"EN-GB\">New courses in scientific mediation, interculturality and cyber-security<\/span><\/div>\r\n<h2><strong>A focus on industry and research<\/strong><\/h2>\r\nInternships and projects carried out in laboratories or with companies, lecturers from the world of work, a double Master\u2019s degree\u2026\r\n<h2><strong>Building a career plan with company executives and managing personal projects<\/strong><\/h2>\r\nIndividual follow-up starting in first year and group projects in first and second year\r\n<h2><strong>Numerous international opportunities<\/strong><\/h2>\r\nCross-border area close to Germany and Switzerland, double degrees and academic exchanges, internships abroad\r\n<h2><strong>An excellent quality of life and a wealth of much-appreciated associations<\/strong><\/h2>\r\nDynamic student life, state-of-the-art facilities, green campus close to the city center providing all university services<br \/><br \/><span class=\"su-lightbox\" data-mfp-src=\"https:\/\/www.youtube-nocookie.com\/embed\/ARcvztWRfHo\" data-mfp-type=\"iframe\" data-mobile=\"yes\"><img loading=\"lazy\" decoding=\"async\" class=\"aligncenter wp-image-3095 size-large\" src=\"https:\/\/www.enscmu.uha.fr\/en\/wp-content\/uploads\/2021\/08\/enscmu-2-1024x539-1.jpg\" alt=\"ENSCMu\" width=\"750\" height=\"395\" data-wp-editing=\"1\" \/><\/span>\r\n<p style=\"text-align: center;\"><em>Film produced with the contribution of the Foundation for ENSCMu.<\/em><\/p>\r\n\u00a0 <\/div>\r\n<div style=\"width: 27.5%; margin-left: auto; margin-right: auto;\"><div class=\"su-service\"><div class=\"su-service-title\" style=\"padding-left:46px;min-height:32px;line-height:32px\"><i class=\"sui sui-download\" style=\"font-size:32px;color:#CE0075\"><\/i> Download<\/div><div class=\"su-service-content su-u-clearfix su-u-trim\" style=\"padding-left:46px\"><a href=\"https:\/\/www.enscmu.uha.fr\/en\/wp-content\/uploads\/2019\/11\/ENSCMu_school_of_chemical_engineers_11.2019_ELEC.pdf\">ENSCMu Presentation<\/a><\/div><\/div> <div class=\"su-service\"><div class=\"su-service-title\" style=\"padding-left:46px;min-height:32px;line-height:32px\"><i class=\"sui sui-download\" style=\"font-size:32px;color:#CE0075\"><\/i> Download<\/div><div class=\"su-service-content su-u-clearfix su-u-trim\" style=\"padding-left:46px\"><a href=\"https:\/\/www.enscmu.uha.fr\/en\/wp-content\/uploads\/2019\/11\/ENSCMu_key_figures_2019-20.jpg\">Key figures 2019-20<\/a><\/div><\/div> <div class=\"su-service\"><div class=\"su-service-title\" style=\"padding-left:46px;min-height:32px;line-height:32px\"><i class=\"sui sui-download\" style=\"font-size:32px;color:#CE0075\"><\/i> Download<\/div><div class=\"su-service-content su-u-clearfix su-u-trim\" style=\"padding-left:46px\"><a href=\"https:\/\/www.enscmu.uha.fr\/en\/wp-content\/uploads\/2019\/07\/20181222_AFNOR_CertificatISO9001_V2015.pdf\">ISO 9001 Certificate<\/a><\/div><\/div><\/div>\r\n<\/div>","protected":false},"excerpt":{"rendered":"<p>Organisation Film produced with the contribution of the Foundation for ENSCMu. The National College of Chemical Engineering (ENSCMu) is part of Universit\u00e9 de Haute-Alsace which is associated to Universit\u00e9 de Strasbourg. ENSCMu is one of the French \u201cGrandes \u00c9coles\u201d. It is ISO 9001 certified and trains chemical engineers in close collaboration with industry. It recruits [&hellip;]<\/p>\n","protected":false},"author":3,"featured_media":0,"parent":0,"menu_order":0,"comment_status":"closed","ping_status":"closed","template":"","meta":{"footnotes":""},"categories":[],"tags":[],"class_list":["post-755","page","type-page","status-publish","hentry"],"yoast_head":"<!-- This site is optimized with the Yoast SEO plugin v27.4 - https:\/\/yoast.com\/product\/yoast-seo-wordpress\/ -->\n<title>ENSCMu - \u00c9cole Nationale Sup\u00e9rieure de Chimie de Mulhouse de l&#039;UHA<\/title>\n<meta name=\"robots\" content=\"index, follow, max-snippet:-1, max-image-preview:large, max-video-preview:-1\" \/>\n<link rel=\"canonical\" href=\"https:\/\/www.enscmu.uha.fr\/en\/index.php\/home\/\" \/>\n<meta property=\"og:locale\" content=\"fr_FR\" \/>\n<meta property=\"og:type\" content=\"article\" \/>\n<meta property=\"og:title\" content=\"ENSCMu - \u00c9cole Nationale Sup\u00e9rieure de Chimie de Mulhouse de l&#039;UHA\" \/>\n<meta property=\"og:description\" content=\"Organisation Film produced with the contribution of the Foundation for ENSCMu. The National College of Chemical Engineering (ENSCMu) is part of Universit\u00e9 de Haute-Alsace which is associated to Universit\u00e9 de Strasbourg. ENSCMu is one of the French \u201cGrandes \u00c9coles\u201d. It is ISO 9001 certified and trains chemical engineers in close collaboration with industry. It recruits [&hellip;]\" \/>\n<meta property=\"og:url\" content=\"https:\/\/www.enscmu.uha.fr\/en\/index.php\/home\/\" \/>\n<meta property=\"og:site_name\" content=\"\u00c9cole Nationale Sup\u00e9rieure de Chimie de Mulhouse de l&#039;UHA\" \/>\n<meta property=\"article:modified_time\" content=\"2021-08-16T09:51:44+00:00\" \/>\n<meta property=\"og:image\" content=\"https:\/\/www.enscmu.uha.fr\/wp-content\/uploads\/2021\/03\/enscmu-1-1024x539.jpg\" \/>\n<meta name=\"twitter:card\" content=\"summary_large_image\" \/>\n<meta name=\"twitter:label1\" content=\"Dur\u00e9e de lecture estim\u00e9e\" \/>\n\t<meta name=\"twitter:data1\" content=\"2 minutes\" \/>\n<script type=\"application\/ld+json\" class=\"yoast-schema-graph\">{\"@context\":\"https:\\\/\\\/schema.org\",\"@graph\":[{\"@type\":\"WebPage\",\"@id\":\"https:\\\/\\\/www.enscmu.uha.fr\\\/en\\\/index.php\\\/home\\\/\",\"url\":\"https:\\\/\\\/www.enscmu.uha.fr\\\/en\\\/index.php\\\/home\\\/\",\"name\":\"ENSCMu - \u00c9cole Nationale Sup\u00e9rieure de Chimie de Mulhouse de l&#039;UHA\",\"isPartOf\":{\"@id\":\"https:\\\/\\\/www.enscmu.uha.fr\\\/en\\\/#website\"},\"primaryImageOfPage\":{\"@id\":\"https:\\\/\\\/www.enscmu.uha.fr\\\/en\\\/index.php\\\/home\\\/#primaryimage\"},\"image\":{\"@id\":\"https:\\\/\\\/www.enscmu.uha.fr\\\/en\\\/index.php\\\/home\\\/#primaryimage\"},\"thumbnailUrl\":\"https:\\\/\\\/www.enscmu.uha.fr\\\/wp-content\\\/uploads\\\/2021\\\/03\\\/enscmu-1-1024x539.jpg\",\"datePublished\":\"2020-04-07T17:00:52+00:00\",\"dateModified\":\"2021-08-16T09:51:44+00:00\",\"breadcrumb\":{\"@id\":\"https:\\\/\\\/www.enscmu.uha.fr\\\/en\\\/index.php\\\/home\\\/#breadcrumb\"},\"inLanguage\":\"fr-FR\",\"potentialAction\":[{\"@type\":\"ReadAction\",\"target\":[\"https:\\\/\\\/www.enscmu.uha.fr\\\/en\\\/index.php\\\/home\\\/\"]}]},{\"@type\":\"ImageObject\",\"inLanguage\":\"fr-FR\",\"@id\":\"https:\\\/\\\/www.enscmu.uha.fr\\\/en\\\/index.php\\\/home\\\/#primaryimage\",\"url\":\"https:\\\/\\\/www.enscmu.uha.fr\\\/wp-content\\\/uploads\\\/2021\\\/03\\\/enscmu-1-1024x539.jpg\",\"contentUrl\":\"https:\\\/\\\/www.enscmu.uha.fr\\\/wp-content\\\/uploads\\\/2021\\\/03\\\/enscmu-1-1024x539.jpg\"},{\"@type\":\"BreadcrumbList\",\"@id\":\"https:\\\/\\\/www.enscmu.uha.fr\\\/en\\\/index.php\\\/home\\\/#breadcrumb\",\"itemListElement\":[{\"@type\":\"ListItem\",\"position\":1,\"name\":\"Accueil\",\"item\":\"https:\\\/\\\/www.enscmu.uha.fr\\\/en\\\/\"},{\"@type\":\"ListItem\",\"position\":2,\"name\":\"ENSCMu\"}]},{\"@type\":\"WebSite\",\"@id\":\"https:\\\/\\\/www.enscmu.uha.fr\\\/en\\\/#website\",\"url\":\"https:\\\/\\\/www.enscmu.uha.fr\\\/en\\\/\",\"name\":\"\u00c9cole Nationale Sup\u00e9rieure de Chimie de Mulhouse de l&#039;UHA\",\"description\":\"Universit\u00e9 de Haute-Alsace\",\"potentialAction\":[{\"@type\":\"SearchAction\",\"target\":{\"@type\":\"EntryPoint\",\"urlTemplate\":\"https:\\\/\\\/www.enscmu.uha.fr\\\/en\\\/?s={search_term_string}\"},\"query-input\":{\"@type\":\"PropertyValueSpecification\",\"valueRequired\":true,\"valueName\":\"search_term_string\"}}],\"inLanguage\":\"fr-FR\"}]}<\/script>\n<!-- \/ Yoast SEO plugin. -->","yoast_head_json":{"title":"ENSCMu - \u00c9cole Nationale Sup\u00e9rieure de Chimie de Mulhouse de l&#039;UHA","robots":{"index":"index","follow":"follow","max-snippet":"max-snippet:-1","max-image-preview":"max-image-preview:large","max-video-preview":"max-video-preview:-1"},"canonical":"https:\/\/www.enscmu.uha.fr\/en\/index.php\/home\/","og_locale":"fr_FR","og_type":"article","og_title":"ENSCMu - \u00c9cole Nationale Sup\u00e9rieure de Chimie de Mulhouse de l&#039;UHA","og_description":"Organisation Film produced with the contribution of the Foundation for ENSCMu. The National College of Chemical Engineering (ENSCMu) is part of Universit\u00e9 de Haute-Alsace which is associated to Universit\u00e9 de Strasbourg. ENSCMu is one of the French \u201cGrandes \u00c9coles\u201d. It is ISO 9001 certified and trains chemical engineers in close collaboration with industry. It recruits [&hellip;]","og_url":"https:\/\/www.enscmu.uha.fr\/en\/index.php\/home\/","og_site_name":"\u00c9cole Nationale Sup\u00e9rieure de Chimie de Mulhouse de l&#039;UHA","article_modified_time":"2021-08-16T09:51:44+00:00","og_image":[{"url":"https:\/\/www.enscmu.uha.fr\/wp-content\/uploads\/2021\/03\/enscmu-1-1024x539.jpg","type":"","width":"","height":""}],"twitter_card":"summary_large_image","twitter_misc":{"Dur\u00e9e de lecture estim\u00e9e":"2 minutes"},"schema":{"@context":"https:\/\/schema.org","@graph":[{"@type":"WebPage","@id":"https:\/\/www.enscmu.uha.fr\/en\/index.php\/home\/","url":"https:\/\/www.enscmu.uha.fr\/en\/index.php\/home\/","name":"ENSCMu - \u00c9cole Nationale Sup\u00e9rieure de Chimie de Mulhouse de l&#039;UHA","isPartOf":{"@id":"https:\/\/www.enscmu.uha.fr\/en\/#website"},"primaryImageOfPage":{"@id":"https:\/\/www.enscmu.uha.fr\/en\/index.php\/home\/#primaryimage"},"image":{"@id":"https:\/\/www.enscmu.uha.fr\/en\/index.php\/home\/#primaryimage"},"thumbnailUrl":"https:\/\/www.enscmu.uha.fr\/wp-content\/uploads\/2021\/03\/enscmu-1-1024x539.jpg","datePublished":"2020-04-07T17:00:52+00:00","dateModified":"2021-08-16T09:51:44+00:00","breadcrumb":{"@id":"https:\/\/www.enscmu.uha.fr\/en\/index.php\/home\/#breadcrumb"},"inLanguage":"fr-FR","potentialAction":[{"@type":"ReadAction","target":["https:\/\/www.enscmu.uha.fr\/en\/index.php\/home\/"]}]},{"@type":"ImageObject","inLanguage":"fr-FR","@id":"https:\/\/www.enscmu.uha.fr\/en\/index.php\/home\/#primaryimage","url":"https:\/\/www.enscmu.uha.fr\/wp-content\/uploads\/2021\/03\/enscmu-1-1024x539.jpg","contentUrl":"https:\/\/www.enscmu.uha.fr\/wp-content\/uploads\/2021\/03\/enscmu-1-1024x539.jpg"},{"@type":"BreadcrumbList","@id":"https:\/\/www.enscmu.uha.fr\/en\/index.php\/home\/#breadcrumb","itemListElement":[{"@type":"ListItem","position":1,"name":"Accueil","item":"https:\/\/www.enscmu.uha.fr\/en\/"},{"@type":"ListItem","position":2,"name":"ENSCMu"}]},{"@type":"WebSite","@id":"https:\/\/www.enscmu.uha.fr\/en\/#website","url":"https:\/\/www.enscmu.uha.fr\/en\/","name":"\u00c9cole Nationale Sup\u00e9rieure de Chimie de Mulhouse de l&#039;UHA","description":"Universit\u00e9 de Haute-Alsace","potentialAction":[{"@type":"SearchAction","target":{"@type":"EntryPoint","urlTemplate":"https:\/\/www.enscmu.uha.fr\/en\/?s={search_term_string}"},"query-input":{"@type":"PropertyValueSpecification","valueRequired":true,"valueName":"search_term_string"}}],"inLanguage":"fr-FR"}]}},"_links":{"self":[{"href":"https:\/\/www.enscmu.uha.fr\/en\/index.php\/wp-json\/wp\/v2\/pages\/755","targetHints":{"allow":["GET"]}}],"collection":[{"href":"https:\/\/www.enscmu.uha.fr\/en\/index.php\/wp-json\/wp\/v2\/pages"}],"about":[{"href":"https:\/\/www.enscmu.uha.fr\/en\/index.php\/wp-json\/wp\/v2\/types\/page"}],"author":[{"embeddable":true,"href":"https:\/\/www.enscmu.uha.fr\/en\/index.php\/wp-json\/wp\/v2\/users\/3"}],"replies":[{"embeddable":true,"href":"https:\/\/www.enscmu.uha.fr\/en\/index.php\/wp-json\/wp\/v2\/comments?post=755"}],"version-history":[{"count":10,"href":"https:\/\/www.enscmu.uha.fr\/en\/index.php\/wp-json\/wp\/v2\/pages\/755\/revisions"}],"predecessor-version":[{"id":779,"href":"https:\/\/www.enscmu.uha.fr\/en\/index.php\/wp-json\/wp\/v2\/pages\/755\/revisions\/779"}],"wp:attachment":[{"href":"https:\/\/www.enscmu.uha.fr\/en\/index.php\/wp-json\/wp\/v2\/media?parent=755"}],"wp:term":[{"taxonomy":"category","embeddable":true,"href":"https:\/\/www.enscmu.uha.fr\/en\/index.php\/wp-json\/wp\/v2\/categories?post=755"},{"taxonomy":"post_tag","embeddable":true,"href":"https:\/\/www.enscmu.uha.fr\/en\/index.php\/wp-json\/wp\/v2\/tags?post=755"}],"curies":[{"name":"wp","href":"https:\/\/api.w.org\/{rel}","templated":true}]}}