{"id":11,"date":"2017-12-12T15:48:22","date_gmt":"2017-12-12T14:48:22","guid":{"rendered":"https:\/\/www.enscmu.uha.fr\/?page_id=11"},"modified":"2024-10-21T15:53:10","modified_gmt":"2024-10-21T13:53:10","slug":"reseaux-partenaires","status":"publish","type":"page","link":"https:\/\/www.enscmu.uha.fr\/index.php\/ecole-ingenieurs-chimistes-mulhouse\/reseaux-partenaires\/","title":{"rendered":"R\u00c9SEAUX ET PARTENAIRES"},"content":{"rendered":"<h1>Nos principaux r\u00e9seaux<\/h1>\n<p>L\u2019ENSCMu est impliqu\u00e9e dans plusieurs r\u00e9seaux de Grandes \u00c9coles, en particulier la <a href=\"http:\/\/www.20ecolesdechimie.com\/\" target=\"_blank\" rel=\"noopener noreferrer\">F\u00e9d\u00e9ration Gay-Lussac<\/a> qui r\u00e9unit les 20 \u00e9coles d\u2019ing\u00e9nieurs en chimie, et l\u2019association <a href=\"http:\/\/www.alsacetech.org\/\" target=\"_blank\" rel=\"noopener noreferrer\">Alsace Tech<\/a>, qui f\u00e9d\u00e8re les 14 \u00e9coles d\u2019ing\u00e9nieurs, de management et d\u2019architecture d\u2019Alsace.<\/p>\n<p>Pour les \u00e9tudiants de l\u2019\u00e9cole, ces deux r\u00e9seaux offrent des services et opportunit\u00e9s suppl\u00e9mentaires d\u2019\u00e9largir leurs horizons et leurs comp\u00e9tences\u00a0:<\/p>\n<div class=\"su-tabs su-tabs-style-default su-tabs-mobile-stack\" data-active=\"1\" data-scroll-offset=\"0\" data-anchor-in-url=\"no\"><div class=\"su-tabs-nav\"><span class=\"\" data-url=\"\" data-target=\"_blank\" tabindex=\"0\" role=\"button\">Ce qu'Alsace Tech propose aux \u00e9tudiants<\/span><span class=\"\" data-url=\"\" data-target=\"_blank\" tabindex=\"0\" role=\"button\">Ce que la FGL propose aux \u00e9tudiants<\/span><\/div><div class=\"su-tabs-panes\"><div class=\"su-tabs-pane su-u-clearfix su-u-trim\" data-title=\"Ce qu&#039;Alsace Tech propose aux \u00e9tudiants\">\n<ul>\n<li>un <a href=\"http:\/\/www.forum-alsacetech.org\/\" target=\"_blank\" rel=\"noopener noreferrer\">Forum de recrutement et stages<\/a> Alsace Tech entreprises,<\/li>\n<li>un <a href=\"http:\/\/www.alsacetech.org\/FR\/actions-du-reseau\/concours-alsace-tech.html\" target=\"_blank\" rel=\"noopener noreferrer\">Concours Alsace Tech &#8211; Projet d\u2019entreprise innovante<\/a>,<\/li>\n<li>une <a href=\"http:\/\/www.alsacetech.org\/FR\/die-brucke.html\" target=\"_blank\" rel=\"noopener noreferrer\">\u00c9cole d\u2019\u00e9t\u00e9 franco-allemande \u00ab\u00a0die Br\u00fccke\u00a0\u00bb<\/a>,<\/li>\n<li>un programme d\u00e9di\u00e9 \u00e0 l&rsquo;Intelligence Artificielle (<a href=\"https:\/\/www.alsacetech.org\/programme-iatech\/\" target=\"_blank\" rel=\"noopener\">IA-Tech<\/a>)<\/li>\n<li>un <a href=\"http:\/\/www.alsacetech.org\/FR\/formations\/MAE-alsace-tech.html\" target=\"_blank\" rel=\"noopener noreferrer\">Master Administration des Entreprises (MAE) ing\u00e9nieur manager Alsace Tech<\/a> \u00e0 l\u2019\u00c9cole de Management de Strasbourg&#8230;<\/li>\n<\/ul>\n<\/div>\n<div class=\"su-tabs-pane su-u-clearfix su-u-trim\" data-title=\"Ce que la FGL propose aux \u00e9tudiants\">\n<ul>\n<li>un <a href=\"https:\/\/www.20ecolesdechimie.com\/etre-admis\/bac\/\" target=\"_blank\" rel=\"noopener noreferrer\">cycle pr\u00e9paratoire int\u00e9gr\u00e9 commun aux 20 \u00e9coles de la F\u00e9d\u00e9ration Gay-Lussac<\/a>,<\/li>\n<li>la <a href=\"https:\/\/www.20ecolesdechimie.com\/les-20-ecoles\/\" target=\"_blank\" rel=\"noopener noreferrer\">possibilit\u00e9 de faire sa 3\u00e8me ann\u00e9e dans une autre \u00e9cole du r\u00e9seau FGL<\/a>,<\/li>\n<li>l\u2019acc\u00e8s aux offres de th\u00e8se et d\u2019emploi diffus\u00e9es au sein du r\u00e9seau FGL.<\/li>\n<\/ul>\n<p>L&rsquo;ENSCMu fait \u00e9galement partie, depuis juin 2015, des <a href=\"http:\/\/www.groupe-insa.fr\/choisir?c=7\" target=\"_blank\" rel=\"noopener noreferrer\">\u00e9coles \u00ab\u00a0INSA partenaires\u00a0\u00bb<\/a>. Ce dispositif de rapprochement entre \u00e9cole d\u2019ing\u00e9nieurs mis en place par le Groupe INSA a permis la cr\u00e9ation d\u2019un <a href=\"https:\/\/www.enscmu.uha.fr\/index.php\/formation\/cycle-post-bac\/\">cycle post-bac int\u00e9gr\u00e9 \u00e0 l&rsquo;ENSCMu<\/a> , dont les admissions sont assur\u00e9es par le <a href=\"http:\/\/admission.groupe-insa.fr\/\" target=\"_blank\" rel=\"noopener noreferrer\">Groupe INSA<\/a>.<\/p>\n<p>L\u2019ENSCMu est membre de la <a href=\"http:\/\/www.cge.asso.fr\/\" target=\"_blank\" rel=\"noopener noreferrer\">Conf\u00e9rence des Grandes \u00c9coles<\/a> (CGE), et de la <a href=\"http:\/\/www.cdefi.fr\/\" target=\"_blank\" rel=\"noopener noreferrer\">Conf\u00e9rence des Directeurs des \u00c9coles Fran\u00e7aises d&rsquo;Ing\u00e9nieurs<\/a> (CDEFI). La Directrice de l\u2019ENSCMu, Madame Jocelyne Brendl\u00e9, est \u00e9lue membre de la commission permanente (conseil d\u2019administration) de la CDEFI.<\/p>\n<\/div><\/div><\/div>\n<p>&nbsp;<\/p>\n<h1>Nos partenaires institutionnels<\/h1>\n<ul>\n<li><a href=\"https:\/\/www.cti-commission.fr\/\" target=\"_blank\" rel=\"noopener noreferrer\">Commission des Titres d\u2019Ing\u00e9nieur<\/a>,<\/li>\n<li><a href=\"https:\/\/www.alsace.eu\" target=\"_blank\" rel=\"noopener noreferrer\">Collectivit\u00e9 Europ\u00e9enne d&rsquo;Alsace<\/a>,<\/li>\n<li><a href=\"http:\/\/www.esta-groupe.fr\/formation\/filiere-chimie-biotech.html\" target=\"_blank\" rel=\"noopener noreferrer\">\u00c9cole sup\u00e9rieure des technologies et des affaires<\/a>,<\/li>\n<li><a href=\"http:\/\/www.mulhouse-alsace.fr\/\" target=\"_blank\" rel=\"noopener noreferrer\">Mulhouse Alsace Agglom\u00e9ration<\/a>,<\/li>\n<li><a href=\"http:\/\/www.alsacechampagneardennelorraine.eu\/\" target=\"_blank\" rel=\"noopener noreferrer\">R\u00e9gion Grand Est<\/a>,<\/li>\n<li><a href=\"http:\/\/www.societechimiquedefrance.fr\/\" target=\"_blank\" rel=\"noopener noreferrer\">Soci\u00e9t\u00e9 Chimique de France<\/a>,<\/li>\n<li><a href=\"http:\/\/sim.asso.fr\/\" target=\"_blank\" rel=\"noopener noreferrer\">Soci\u00e9t\u00e9 Industrielle de Mulhouse<\/a>,<\/li>\n<li><a href=\"http:\/\/www.mulhouse.fr\/\" target=\"_blank\" rel=\"noopener noreferrer\">Ville de Mulhouse<\/a>,<\/li>\n<li><a href=\"https:\/\/www.m2a.fr\" target=\"_blank\" rel=\"noopener\">Mulhouse Alsace Agglom\u00e9ration<\/a><\/li>\n<li><a href=\"http:\/\/www.uic.fr\/\" target=\"_blank\" rel=\"noopener noreferrer\">Union des Industries Chimiques<\/a>,<\/li>\n<li><a href=\"http:\/\/www.uha.fr\/\" target=\"_blank\" rel=\"noopener noreferrer\">Universit\u00e9 de Haute-Alsace<\/a>,<\/li>\n<li><a href=\"https:\/\/www.unistra.fr\/index.php?id=accueil&amp;utm_source=unistra_fr&amp;utm_medium=unistra_fr_homepage\" target=\"_blank\" rel=\"noopener noreferrer\">Universit\u00e9 de Strasbourg<\/a>.<\/li>\n<\/ul>\n","protected":false},"excerpt":{"rendered":"<p>Nos principaux r\u00e9seaux L\u2019ENSCMu est impliqu\u00e9e dans plusieurs r\u00e9seaux de Grandes \u00c9coles, en particulier la F\u00e9d\u00e9ration Gay-Lussac qui r\u00e9unit les 20 \u00e9coles d\u2019ing\u00e9nieurs en chimie, et l\u2019association Alsace Tech, qui f\u00e9d\u00e8re les 14 \u00e9coles d\u2019ing\u00e9nieurs, de management et d\u2019architecture d\u2019Alsace. Pour les \u00e9tudiants de l\u2019\u00e9cole, ces deux r\u00e9seaux offrent des services et opportunit\u00e9s suppl\u00e9mentaires d\u2019\u00e9largir [&hellip;]<\/p>\n","protected":false},"author":1,"featured_media":0,"parent":2,"menu_order":0,"comment_status":"closed","ping_status":"closed","template":"","meta":{"footnotes":""},"categories":[],"tags":[],"class_list":["post-11","page","type-page","status-publish","hentry"],"yoast_head":"<!-- This site is optimized with the Yoast SEO plugin v27.4 - https:\/\/yoast.com\/product\/yoast-seo-wordpress\/ -->\n<title>R\u00c9SEAUX ET PARTENAIRES - ENSCMu<\/title>\n<meta name=\"robots\" content=\"index, follow, max-snippet:-1, max-image-preview:large, max-video-preview:-1\" \/>\n<link rel=\"canonical\" href=\"https:\/\/www.enscmu.uha.fr\/index.php\/ecole-ingenieurs-chimistes-mulhouse\/reseaux-partenaires\/\" \/>\n<meta property=\"og:locale\" content=\"fr_FR\" \/>\n<meta property=\"og:type\" content=\"article\" \/>\n<meta property=\"og:title\" content=\"R\u00c9SEAUX ET PARTENAIRES - ENSCMu\" \/>\n<meta property=\"og:description\" content=\"Nos principaux r\u00e9seaux L\u2019ENSCMu est impliqu\u00e9e dans plusieurs r\u00e9seaux de Grandes \u00c9coles, en particulier la F\u00e9d\u00e9ration Gay-Lussac qui r\u00e9unit les 20 \u00e9coles d\u2019ing\u00e9nieurs en chimie, et l\u2019association Alsace Tech, qui f\u00e9d\u00e8re les 14 \u00e9coles d\u2019ing\u00e9nieurs, de management et d\u2019architecture d\u2019Alsace. Pour les \u00e9tudiants de l\u2019\u00e9cole, ces deux r\u00e9seaux offrent des services et opportunit\u00e9s suppl\u00e9mentaires d\u2019\u00e9largir [&hellip;]\" \/>\n<meta property=\"og:url\" content=\"https:\/\/www.enscmu.uha.fr\/index.php\/ecole-ingenieurs-chimistes-mulhouse\/reseaux-partenaires\/\" \/>\n<meta property=\"og:site_name\" content=\"ENSCMu | \u00c9cole Nationale Sup\u00e9rieure de Chimie de Mulhouse\" \/>\n<meta property=\"article:modified_time\" content=\"2024-10-21T13:53:10+00:00\" \/>\n<meta name=\"twitter:card\" content=\"summary_large_image\" \/>\n<meta name=\"twitter:label1\" content=\"Dur\u00e9e de lecture estim\u00e9e\" \/>\n\t<meta name=\"twitter:data1\" content=\"2 minutes\" \/>\n<script type=\"application\/ld+json\" class=\"yoast-schema-graph\">{\"@context\":\"https:\\\/\\\/schema.org\",\"@graph\":[{\"@type\":\"WebPage\",\"@id\":\"https:\\\/\\\/www.enscmu.uha.fr\\\/index.php\\\/ecole-ingenieurs-chimistes-mulhouse\\\/reseaux-partenaires\\\/\",\"url\":\"https:\\\/\\\/www.enscmu.uha.fr\\\/index.php\\\/ecole-ingenieurs-chimistes-mulhouse\\\/reseaux-partenaires\\\/\",\"name\":\"R\u00c9SEAUX ET PARTENAIRES - ENSCMu\",\"isPartOf\":{\"@id\":\"https:\\\/\\\/www.enscmu.uha.fr\\\/#website\"},\"datePublished\":\"2017-12-12T14:48:22+00:00\",\"dateModified\":\"2024-10-21T13:53:10+00:00\",\"breadcrumb\":{\"@id\":\"https:\\\/\\\/www.enscmu.uha.fr\\\/index.php\\\/ecole-ingenieurs-chimistes-mulhouse\\\/reseaux-partenaires\\\/#breadcrumb\"},\"inLanguage\":\"fr-FR\",\"potentialAction\":[{\"@type\":\"ReadAction\",\"target\":[\"https:\\\/\\\/www.enscmu.uha.fr\\\/index.php\\\/ecole-ingenieurs-chimistes-mulhouse\\\/reseaux-partenaires\\\/\"]}]},{\"@type\":\"BreadcrumbList\",\"@id\":\"https:\\\/\\\/www.enscmu.uha.fr\\\/index.php\\\/ecole-ingenieurs-chimistes-mulhouse\\\/reseaux-partenaires\\\/#breadcrumb\",\"itemListElement\":[{\"@type\":\"ListItem\",\"position\":1,\"name\":\"Accueil\",\"item\":\"https:\\\/\\\/www.enscmu.uha.fr\\\/\"},{\"@type\":\"ListItem\",\"position\":2,\"name\":\"L&rsquo;ENSCMu\",\"item\":\"https:\\\/\\\/www.enscmu.uha.fr\\\/index.php\\\/ecole-ingenieurs-chimistes-mulhouse\\\/\"},{\"@type\":\"ListItem\",\"position\":3,\"name\":\"R\u00c9SEAUX ET PARTENAIRES\"}]},{\"@type\":\"WebSite\",\"@id\":\"https:\\\/\\\/www.enscmu.uha.fr\\\/#website\",\"url\":\"https:\\\/\\\/www.enscmu.uha.fr\\\/\",\"name\":\"ENSCMu | \u00c9cole Nationale Sup\u00e9rieure de Chimie de Mulhouse\",\"description\":\"Campus Illberg | Universit\u00e9 de Haute-Alsace\",\"potentialAction\":[{\"@type\":\"SearchAction\",\"target\":{\"@type\":\"EntryPoint\",\"urlTemplate\":\"https:\\\/\\\/www.enscmu.uha.fr\\\/?s={search_term_string}\"},\"query-input\":{\"@type\":\"PropertyValueSpecification\",\"valueRequired\":true,\"valueName\":\"search_term_string\"}}],\"inLanguage\":\"fr-FR\"}]}<\/script>\n<!-- \/ Yoast SEO plugin. -->","yoast_head_json":{"title":"R\u00c9SEAUX ET PARTENAIRES - ENSCMu","robots":{"index":"index","follow":"follow","max-snippet":"max-snippet:-1","max-image-preview":"max-image-preview:large","max-video-preview":"max-video-preview:-1"},"canonical":"https:\/\/www.enscmu.uha.fr\/index.php\/ecole-ingenieurs-chimistes-mulhouse\/reseaux-partenaires\/","og_locale":"fr_FR","og_type":"article","og_title":"R\u00c9SEAUX ET PARTENAIRES - ENSCMu","og_description":"Nos principaux r\u00e9seaux L\u2019ENSCMu est impliqu\u00e9e dans plusieurs r\u00e9seaux de Grandes \u00c9coles, en particulier la F\u00e9d\u00e9ration Gay-Lussac qui r\u00e9unit les 20 \u00e9coles d\u2019ing\u00e9nieurs en chimie, et l\u2019association Alsace Tech, qui f\u00e9d\u00e8re les 14 \u00e9coles d\u2019ing\u00e9nieurs, de management et d\u2019architecture d\u2019Alsace. Pour les \u00e9tudiants de l\u2019\u00e9cole, ces deux r\u00e9seaux offrent des services et opportunit\u00e9s suppl\u00e9mentaires d\u2019\u00e9largir [&hellip;]","og_url":"https:\/\/www.enscmu.uha.fr\/index.php\/ecole-ingenieurs-chimistes-mulhouse\/reseaux-partenaires\/","og_site_name":"ENSCMu | \u00c9cole Nationale Sup\u00e9rieure de Chimie de Mulhouse","article_modified_time":"2024-10-21T13:53:10+00:00","twitter_card":"summary_large_image","twitter_misc":{"Dur\u00e9e de lecture estim\u00e9e":"2 minutes"},"schema":{"@context":"https:\/\/schema.org","@graph":[{"@type":"WebPage","@id":"https:\/\/www.enscmu.uha.fr\/index.php\/ecole-ingenieurs-chimistes-mulhouse\/reseaux-partenaires\/","url":"https:\/\/www.enscmu.uha.fr\/index.php\/ecole-ingenieurs-chimistes-mulhouse\/reseaux-partenaires\/","name":"R\u00c9SEAUX ET PARTENAIRES - ENSCMu","isPartOf":{"@id":"https:\/\/www.enscmu.uha.fr\/#website"},"datePublished":"2017-12-12T14:48:22+00:00","dateModified":"2024-10-21T13:53:10+00:00","breadcrumb":{"@id":"https:\/\/www.enscmu.uha.fr\/index.php\/ecole-ingenieurs-chimistes-mulhouse\/reseaux-partenaires\/#breadcrumb"},"inLanguage":"fr-FR","potentialAction":[{"@type":"ReadAction","target":["https:\/\/www.enscmu.uha.fr\/index.php\/ecole-ingenieurs-chimistes-mulhouse\/reseaux-partenaires\/"]}]},{"@type":"BreadcrumbList","@id":"https:\/\/www.enscmu.uha.fr\/index.php\/ecole-ingenieurs-chimistes-mulhouse\/reseaux-partenaires\/#breadcrumb","itemListElement":[{"@type":"ListItem","position":1,"name":"Accueil","item":"https:\/\/www.enscmu.uha.fr\/"},{"@type":"ListItem","position":2,"name":"L&rsquo;ENSCMu","item":"https:\/\/www.enscmu.uha.fr\/index.php\/ecole-ingenieurs-chimistes-mulhouse\/"},{"@type":"ListItem","position":3,"name":"R\u00c9SEAUX ET PARTENAIRES"}]},{"@type":"WebSite","@id":"https:\/\/www.enscmu.uha.fr\/#website","url":"https:\/\/www.enscmu.uha.fr\/","name":"ENSCMu | \u00c9cole Nationale Sup\u00e9rieure de Chimie de Mulhouse","description":"Campus Illberg | Universit\u00e9 de Haute-Alsace","potentialAction":[{"@type":"SearchAction","target":{"@type":"EntryPoint","urlTemplate":"https:\/\/www.enscmu.uha.fr\/?s={search_term_string}"},"query-input":{"@type":"PropertyValueSpecification","valueRequired":true,"valueName":"search_term_string"}}],"inLanguage":"fr-FR"}]}},"_links":{"self":[{"href":"https:\/\/www.enscmu.uha.fr\/index.php\/wp-json\/wp\/v2\/pages\/11","targetHints":{"allow":["GET"]}}],"collection":[{"href":"https:\/\/www.enscmu.uha.fr\/index.php\/wp-json\/wp\/v2\/pages"}],"about":[{"href":"https:\/\/www.enscmu.uha.fr\/index.php\/wp-json\/wp\/v2\/types\/page"}],"author":[{"embeddable":true,"href":"https:\/\/www.enscmu.uha.fr\/index.php\/wp-json\/wp\/v2\/users\/1"}],"replies":[{"embeddable":true,"href":"https:\/\/www.enscmu.uha.fr\/index.php\/wp-json\/wp\/v2\/comments?post=11"}],"version-history":[{"count":15,"href":"https:\/\/www.enscmu.uha.fr\/index.php\/wp-json\/wp\/v2\/pages\/11\/revisions"}],"predecessor-version":[{"id":4962,"href":"https:\/\/www.enscmu.uha.fr\/index.php\/wp-json\/wp\/v2\/pages\/11\/revisions\/4962"}],"up":[{"embeddable":true,"href":"https:\/\/www.enscmu.uha.fr\/index.php\/wp-json\/wp\/v2\/pages\/2"}],"wp:attachment":[{"href":"https:\/\/www.enscmu.uha.fr\/index.php\/wp-json\/wp\/v2\/media?parent=11"}],"wp:term":[{"taxonomy":"category","embeddable":true,"href":"https:\/\/www.enscmu.uha.fr\/index.php\/wp-json\/wp\/v2\/categories?post=11"},{"taxonomy":"post_tag","embeddable":true,"href":"https:\/\/www.enscmu.uha.fr\/index.php\/wp-json\/wp\/v2\/tags?post=11"}],"curies":[{"name":"wp","href":"https:\/\/api.w.org\/{rel}","templated":true}]}}