{"id":1250,"date":"2018-07-03T16:25:29","date_gmt":"2018-07-03T14:25:29","guid":{"rendered":"https:\/\/www.enscmu.uha.fr\/?page_id=1250"},"modified":"2022-05-23T16:12:44","modified_gmt":"2022-05-23T14:12:44","slug":"faq","status":"publish","type":"page","link":"https:\/\/www.enscmu.uha.fr\/index.php\/faq\/","title":{"rendered":"FAQ"},"content":{"rendered":"<h1>L&rsquo;\u00e9cole est-elle reconnue par l&rsquo;\u00c9tat ?<\/h1>\n<p>Oui l&rsquo;\u00e9cole est reconnue par l&rsquo;\u00c9tat et habilit\u00e9e par la Commission des Titres d&rsquo;Ing\u00e9nieurs \u00e0 d\u00e9livrer le dipl\u00f4me d&rsquo;ing\u00e9nieur.<\/p>\n<h1>L&rsquo;\u00e9cole est-elle publique ou priv\u00e9e ?<\/h1>\n<p>L&rsquo;\u00c9cole Nationale Sup\u00e9rieure de chimie de Mulhouse est une \u00e9cole publique. Elle appartient \u00e0 l&rsquo;<a href=\"https:\/\/www.uha.fr\/\" target=\"_blank\" rel=\"noopener noreferrer\">Universit\u00e9 de Haute-Alsace<\/a>.<\/p>\n<h1>Quel est le co\u00fbt de la formation \u00e0 l&rsquo;ENSCMu ?<\/h1>\n<p>Le d\u00e9tail des tarifs et frais de scolarit\u00e9 se trouvent ici : <a href=\"https:\/\/www.enscmu.uha.fr\/index.php\/formation\/inscription\/\" target=\"_blank\" rel=\"noopener noreferrer\">droits de scolarit\u00e9<\/a><\/p>\n<h1>Votre \u00e9cole recrute-t-elle sur Parcoursup ?<\/h1>\n<p>L&rsquo;ENSCMu recrute via Parcoursup en cycle post-bac de l&rsquo;ENSCMu. Ce recrutement est g\u00e9r\u00e9 par le <a href=\"https:\/\/www.groupe-insa.fr\/preparer\/comment-candidater\" target=\"_blank\" rel=\"noopener\">Groupe INSA<\/a> car l&rsquo;ENSCMu fait partie des \u00e9coles INSA partenaires. Plus d&rsquo;infos sur le <a href=\"https:\/\/www.enscmu.uha.fr\/index.php\/formation\/cycle-post-bac-integre\/\" target=\"_blank\" rel=\"noopener noreferrer\">cycle post-bac de l&rsquo;ENSCMu.<\/a> Pour toute question relative \u00e0 la candidature post-bac (frais de dossier, modalit\u00e9s, calendrier&#8230;) vous pouvez vous adresser au <a href=\"https:\/\/www.groupe-insa.fr\/parcours-sup\/contacts-du-service-admission-du-groupe-insa-sagi\" target=\"_blank\" rel=\"noopener\">Service des admissions du Groupe INSA<\/a>.<\/p>\n<p>Les candidats titulaires d\u2019un Bac voie g\u00e9n\u00e9rale s\u2019inscrivent via le Groupe INSA sur la plateforme d&rsquo;inscription post-bac <a href=\"https:\/\/www.parcoursup.fr\/index.php?desc=accueil\" target=\"_blank\" rel=\"noopener noreferrer\">Parcoursup<\/a> et choisissent l\u2019<a href=\"http:\/\/dossier.parcoursup.fr\/Candidat\/carte?form=mNTcmNDQ3p\" target=\"_blank\" rel=\"noopener noreferrer\">ENSCMu &#8211; Partenaire INSA<\/a>.<\/p>\n<h1>Quelles sp\u00e9cialit\u00e9s privil\u00e9gier au lyc\u00e9e suite \u00e0 la r\u00e9forme du BAC ?<\/h1>\n<p>Les sp\u00e9cialit\u00e9s du BAC \u00e0 privil\u00e9gier pour int\u00e9grer le cycle post-bac de l&rsquo;ENSCMu (via le Groupe INSA) ou envisager l&rsquo;entr\u00e9e en cycle ing\u00e9nieur avoir choisi l&rsquo;une des diff\u00e9rentes voies d&rsquo;admission \u00e0 l&rsquo;ENSCMu sont les math\u00e9matiques et la physique-chimie. La f\u00e9d\u00e9ration Gay-Lussac, qui r\u00e9unit les 20 \u00e9coles de chimie et g\u00e9nie chimique de France, propose un document concis et pratique pour le choix de sp\u00e9cialit\u00e9s : <a href=\"https:\/\/s3.20ecolesdechimie.com\/uploads\/2020\/11\/GL-FLYER-150X210-2020-V07.pdf\" target=\"_blank\" rel=\"noopener\">Quel parcours choisir au lyc\u00e9e ?<\/a><\/p>\n<h1>Quelles sont les conditions d&rsquo;admission aux diff\u00e9rentes formations de l&rsquo;ENSCMu ?<\/h1>\n<p>Les admissions pour obtenir un dipl\u00f4me d&rsquo;ing\u00e9nieur de l&rsquo;ENSCMu sont possibles au niveau Bac en cycle post-Bac de l&rsquo;ENSCMu (via le Groupe INSA &#8211; parcours en 5 ans), et au niveau Bac +2\/3 en cycle ing\u00e9nieur (parcours en 3 ans).<\/p>\n<p>Plus d&rsquo;informations sur l&rsquo;ensemble des <a href=\"https:\/\/www.enscmu.uha.fr\/index.php\/formation\/admissions\/\" target=\"_blank\" rel=\"noopener noreferrer\">voies d&rsquo;admissions<\/a>.<\/p>\n<p>Il est \u00e9galement possible d&rsquo;entrer \u00e0 l&rsquo;ENSCMu en Mast\u00e8re Sp\u00e9cialis\u00e9 gestion des risques et menaces NRBCE apr\u00e8s Bac+5 ou niveau \u00e9quivalent. Plus d&rsquo;informations ici : <a href=\"https:\/\/www.enscmu.uha.fr\/index.php\/formation\/mastere-specialise\/\">Mast\u00e8re Sp\u00e9cialis\u00e9 de l&rsquo;ENSCMu<\/a>.<\/p>\n<h1>Comment candidater et quelles sont les dates limites de candidature ?<\/h1>\n<p>Les modalit\u00e9s de candidature d\u00e9pendent de la voie d&rsquo;admission choisie.<\/p>\n<p>En savoir plus sur les <a href=\"https:\/\/www.enscmu.uha.fr\/index.php\/formation\/admissions\/\" target=\"_blank\" rel=\"noopener noreferrer\">diff\u00e9rentes voies d&rsquo;admission<\/a>.<\/p>\n<p>En savoir plus sur les <a href=\"https:\/\/www.enscmu.uha.fr\/index.php\/formation\/inscription\/\" target=\"_blank\" rel=\"noopener noreferrer\">modalit\u00e9s d&rsquo;inscription une fois admis<\/a>.<\/p>\n<h1>Je suis \u00e9tudiant \u00e9tranger, comment puis-je int\u00e9grer l&rsquo;ENSCMu ?<\/h1>\n<p>Les admissions sur titres sont ouvertes aux \u00e9l\u00e8ves \u00e9trangers titulaires d&rsquo;un Bac+2 ou d&rsquo;un dipl\u00f4me de niveau \u00e9quivalent. Les modalit\u00e9s d&rsquo;admissions sont consultables ici : <a href=\"https:\/\/www.enscmu.uha.fr\/index.php\/formation\/admissions\/admission-sur-titre-1re-annee\/\" target=\"_blank\" rel=\"noopener noreferrer\">admissions sur titre 1\u00e8re ann\u00e9e de cycle ing\u00e9nieur<\/a><\/p>\n<p>Les \u00e9tudiants \u00e9trangers peuvent aussi rejoindre l&rsquo;ENSCMu \u00e0 travers les \u00e9changes acad\u00e9miques qu&rsquo;elle met en place avec ses partenaires. Le d\u00e9tail des partenariats internationaux de l&rsquo;ENSCMu est consultable ici : <a href=\"https:\/\/www.enscmu.uha.fr\/index.php\/international\/venir-de-letranger\/\" target=\"_blank\" rel=\"noopener noreferrer\">venir de l&rsquo;\u00e9tranger<\/a><\/p>\n<h1>Quelles sont la dur\u00e9e et la fr\u00e9quence des stages ?<\/h1>\n<p>Chaque ann\u00e9e du cycle ing\u00e9nieur est ponctu\u00e9e d&rsquo;un stage, stage d&rsquo;ex\u00e9cution en entreprise en 1re ann\u00e9e, stage de recherche en 2e ann\u00e9e, stage ing\u00e9nieur en entreprise en 3e ann\u00e9e. Toutes les dur\u00e9es et pr\u00e9cisions ici : <a href=\"https:\/\/www.enscmu.uha.fr\/index.php\/formation\/cycle-ingenieur\/projets-stages\/\" target=\"_blank\" rel=\"noopener noreferrer\">stages et projets.<\/a><\/p>\n<h1>Quelles sont les options propos\u00e9es ?<\/h1>\n<p>L&rsquo;ENSCMu propose 4 options en 3<sup>e<\/sup> ann\u00e9e, accessibles sans limite de places et toutes compatibles avec le parcours en <a href=\"https:\/\/www.enscmu.uha.fr\/index.php\/projet-contrat-de-professionnalisation\/\">contrat de professionnalisation<\/a>.<\/p>\n<ul>\n<li><a href=\"https:\/\/www.enscmu.uha.fr\/wp-content\/uploads\/2020\/08\/ENSCMu_options_3A_08.2020.pdf#page=1\" target=\"_blank\" rel=\"noopener noreferrer\">Chimie organique, bioorganique et th\u00e9rapeutique<\/a><\/li>\n<li><a href=\"https:\/\/www.enscmu.uha.fr\/wp-content\/uploads\/2020\/08\/ENSCMu_options_3A_08.2020.pdf#page=2\" target=\"_blank\" rel=\"noopener noreferrer\">Formulation et cosm\u00e9tologie<\/a><\/li>\n<li><a href=\"https:\/\/www.enscmu.uha.fr\/wp-content\/uploads\/2020\/08\/ENSCMu_options_3A_08.2020.pdf#page=3\" target=\"_blank\" rel=\"noopener noreferrer\">Mat\u00e9riaux et polym\u00e8res<\/a><\/li>\n<li><a href=\"https:\/\/www.enscmu.uha.fr\/wp-content\/uploads\/2020\/08\/ENSCMu_options_3A_08.2020.pdf#page=4\" target=\"_blank\" rel=\"noopener noreferrer\">S\u00e9curit\u00e9 et d\u00e9veloppement durable<\/a><\/li>\n<\/ul>\n<h1>Quels sont les d\u00e9bouch\u00e9s ?<\/h1>\n<p>Leur formation polyvalente et pratique en chimie permet aux dipl\u00f4m\u00e9s de l\u2019ENSCMu d\u2019\u00eatre rapidement op\u00e9rationnels et d\u2019acc\u00e9der \u00e0 une grande diversit\u00e9 de m\u00e9tiers et de secteurs d\u2019activit\u00e9. En savoir plus sur l&rsquo;<a href=\"https:\/\/www.enscmu.uha.fr\/index.php\/formation\/diversite-des-carrieres\/\" target=\"_blank\" rel=\"noopener noreferrer\">insertion professionnelle de nos dipl\u00f4m\u00e9s.<\/a><\/p>\n<h1>L&rsquo;\u00e9cole aide-t-elle \u00e0 trouver une entreprise ?<\/h1>\n<p>L&rsquo;ENSCMu aide ses \u00e9tudiants \u00e0 trouver les entreprises susceptibles de les accueillir en stage et poursuit cet accompagnent aupr\u00e8s des jeunes dipl\u00f4m\u00e9s \u00e0 travers son service placement. Les \u00e9l\u00e8ves et dipl\u00f4m\u00e9s peuvent \u00e9galement b\u00e9n\u00e9ficier des services de l&rsquo;amicale des anciens \u00e9l\u00e8ves, l&rsquo;Amicale Chimie Mulhouse. Plus d&rsquo;informations sur le <a href=\"https:\/\/www.enscmu.uha.fr\/index.php\/relations-entreprises\/\" target=\"_blank\" rel=\"noopener noreferrer\">lien avec les entreprises.<\/a><\/p>\n<h1>Quels sont les avantages de la situation g\u00e9ographique de l&rsquo;\u00e9cole ?<\/h1>\n<p>Le contexte transfrontalier France \u2013 Allemagne \u2013 Suisse dans lequel se trouve l&rsquo;ENSCMu offre de nombreuses opportunit\u00e9s de stage et d\u2019emploi au sein d\u2019un important p\u00f4le industriel international au c\u0153ur de l\u2019Europe. Les industries chimique et pharmaceutique sont fortement implant\u00e9es autour de l\u2019ENSCMu notamment \u00e0 B\u00e2le (1er centre de recherche et de production au monde en chimie th\u00e9rapeutique) : BASF, Bayer, Borealis, Butachimie, Chemie Brunschwig Ltd, Clariant, DSM, Huntsman Advanced Materials, Idorsia Pharmaceuticals Ltd, Novartis, Roche, Solvay, Spirochem, Syngenta\u2026<\/p>\n<h1>Les \u00e9l\u00e8ves doivent-ils faire un s\u00e9jour \u00e0 l&rsquo;\u00e9tranger ?<\/h1>\n<p>L&rsquo;ENSCMu demande \u00e0 ses \u00e9l\u00e8ves d&rsquo;effectuer un minimum de 3 mois \u00e0 l&rsquo;\u00e9tranger durant le cursus, soit en \u00e9change acad\u00e9mique soit en stage. Plus d&rsquo;informations sur la page <a href=\"https:\/\/www.enscmu.uha.fr\/index.php\/international\/partir-a-letranger\/\">Partir \u00e0 l&rsquo;\u00e9tranger<\/a>.<\/p>\n<h1>Quand la rentr\u00e9e a-t-elle lieu ?<\/h1>\n<p>Chaque ann\u00e9e la seule et unique rentr\u00e9e a lieu en septembre. Les dates pr\u00e9cises sont publi\u00e9es en temps utile sur la page <a href=\"https:\/\/www.enscmu.uha.fr\/index.php\/formation\/inscription\/\">inscriptions<\/a>.<\/p>\n<h1>Quand les portes ouvertes ont-elles lieu ?<\/h1>\n<p>La derni\u00e8re journ\u00e9e portes ouvertes 2021 de l&rsquo;ENSCMu s&rsquo;est d\u00e9roul\u00e9e sous forme virtuelle du 16.01.21 au 13.02.21. Les replays des pr\u00e9sentations propos\u00e9es sont consultables ici : <a href=\"https:\/\/www.enscmu.uha.fr\/index.php\/portes-ouvertes-virtuelles-rdv-le-16-01-21-avec-lenscmu\/\" target=\"_blank\" rel=\"noopener\">mois des portes ouvertes virtuelles 2021.<\/a>\u00a0Les prochaines portes ouvertes sont pr\u00e9vues \u00e0 l&rsquo;ENSCMu le samedi 26 f\u00e9vrier 2022.<\/p>\n<h1>Puis-je voir \u00e0 quoi ressemblent les locaux de l&rsquo;ENSCMu ?<\/h1>\n<p>Une visite virtuelle est propos\u00e9e sur ce site, elle permet de visualiser une bonne partie des locaux de l&rsquo;ENSCMu. Elle est accessible ici : <a href=\"https:\/\/www.enscmu.uha.fr\/wp-admin\/post.php?post=87&amp;action=edit&amp;classic-editor\">visite virtuelle.<\/a><\/p>\n<h1>Comment contacter les services de l&rsquo;\u00e9cole ?<\/h1>\n<p>Le site web de l&rsquo;ENSCMu propose la mise en relation avec les diff\u00e9rents services de l&rsquo;\u00e9cole, dans la rubrique <a href=\"https:\/\/www.enscmu.uha.fr\/index.php\/contacts-acces\/\" target=\"_blank\" rel=\"noopener noreferrer\">contacts et acc\u00e8s<\/a>. Il est possible de s\u00e9lectionner le service de son choix pour lui adresser un message.<\/p>\n<h1>Comment venir \u00e0 l&rsquo;\u00e9cole ?<\/h1>\n<p>Pour acc\u00e9der \u00e0 l&rsquo;ENSCMu, les informations se trouvent <a href=\"https:\/\/www.enscmu.uha.fr\/index.php\/contacts-acces\/\" target=\"_blank\" rel=\"noopener noreferrer\">ici.<\/a><\/p>\n<h1>Comment trouver un h\u00e9bergement ?<\/h1>\n<p>Le Crous est la plateforme qui permet aux \u00e9tudiants de trouver un logement dans une r\u00e9sidence universitaire. Les Caisses d&rsquo;Allocations Familiales ainsi que les aides d&rsquo;Action Logement sont cumulables et donc tr\u00e8s utiles et appr\u00e9ci\u00e9es par les \u00e9l\u00e8ves. Au niveau r\u00e9gional, des aides sp\u00e9cifiques peuvent aussi \u00eatre attribu\u00e9es. Retrouvez l&rsquo;ensemble des aides au logement pour les \u00e9tudiants sur le site internet du Gouvernement : <span id=\"OBJ_PREFIX_DWT757_com_zimbra_url\" class=\"Object\" role=\"link\"><span id=\"OBJ_PREFIX_DWT761_com_zimbra_url\" class=\"Object\" role=\"link\"><a href=\"https:\/\/www.etudiant.gouv.fr\/fr\/aides-au-logement-et-la-caution-locative-1294\" target=\"_blank\" rel=\"noopener\">https:\/\/www.etudiant.gouv.fr\/fr\/aides-au-logement-et-la-caution-locative-1294<\/a><\/span><\/span> Au-del\u00e0 des aides financi\u00e8res \u00e0 la location, il est bon de rappeler aussi que les \u00e9tudiants doivent obligatoirement souscrire une assurance habitation \u00e0 chaque entr\u00e9e dans un nouveau logement. Si le contrat de bail contient une clause d\u00e9di\u00e9e, le bailleur peut rompre le bail si le locataire ne lui fournit pas d&rsquo;attestation d&rsquo;assurance. Plusieurs niveaux de couvertures sont possibles, la plus compl\u00e8te d&rsquo;entre elles \u00e9tant <span id=\"OBJ_PREFIX_DWT758_com_zimbra_url\" class=\"Object\" role=\"link\"><span id=\"OBJ_PREFIX_DWT762_com_zimbra_url\" class=\"Object-hover\" role=\"link\"><a href=\"https:\/\/selectra.info\/assurance\/assurance-habitation\/multirisque\" target=\"_blank\" rel=\"noopener\">la multirisques habitation<\/a><\/span><\/span> qui couvre les garanties obligatoires comme des garanties compl\u00e9mentaires, tant pour le propri\u00e9taire, l&rsquo;occupant et les tiers.<\/p>\n<p>&nbsp;<\/p>\n","protected":false},"excerpt":{"rendered":"<p>L&rsquo;\u00e9cole est-elle reconnue par l&rsquo;\u00c9tat ? Oui l&rsquo;\u00e9cole est reconnue par l&rsquo;\u00c9tat et habilit\u00e9e par la Commission des Titres d&rsquo;Ing\u00e9nieurs \u00e0 d\u00e9livrer le dipl\u00f4me d&rsquo;ing\u00e9nieur. L&rsquo;\u00e9cole est-elle publique ou priv\u00e9e ? L&rsquo;\u00c9cole Nationale Sup\u00e9rieure de chimie de Mulhouse est une \u00e9cole publique. Elle appartient \u00e0 l&rsquo;Universit\u00e9 de Haute-Alsace. Quel est le co\u00fbt de la formation [&hellip;]<\/p>\n","protected":false},"author":2,"featured_media":0,"parent":0,"menu_order":0,"comment_status":"closed","ping_status":"closed","template":"","meta":{"footnotes":""},"categories":[1],"tags":[],"class_list":["post-1250","page","type-page","status-publish","hentry","category-non-classe"],"yoast_head":"<!-- This site is optimized with the Yoast SEO plugin v27.4 - https:\/\/yoast.com\/product\/yoast-seo-wordpress\/ -->\n<title>FAQ - ENSCMu<\/title>\n<meta name=\"robots\" content=\"index, follow, max-snippet:-1, max-image-preview:large, max-video-preview:-1\" \/>\n<link rel=\"canonical\" href=\"https:\/\/www.enscmu.uha.fr\/index.php\/faq\/\" \/>\n<meta property=\"og:locale\" content=\"fr_FR\" \/>\n<meta property=\"og:type\" content=\"article\" \/>\n<meta property=\"og:title\" content=\"FAQ - ENSCMu\" \/>\n<meta property=\"og:description\" content=\"L&rsquo;\u00e9cole est-elle reconnue par l&rsquo;\u00c9tat ? Oui l&rsquo;\u00e9cole est reconnue par l&rsquo;\u00c9tat et habilit\u00e9e par la Commission des Titres d&rsquo;Ing\u00e9nieurs \u00e0 d\u00e9livrer le dipl\u00f4me d&rsquo;ing\u00e9nieur. L&rsquo;\u00e9cole est-elle publique ou priv\u00e9e ? L&rsquo;\u00c9cole Nationale Sup\u00e9rieure de chimie de Mulhouse est une \u00e9cole publique. Elle appartient \u00e0 l&rsquo;Universit\u00e9 de Haute-Alsace. Quel est le co\u00fbt de la formation [&hellip;]\" \/>\n<meta property=\"og:url\" content=\"https:\/\/www.enscmu.uha.fr\/index.php\/faq\/\" \/>\n<meta property=\"og:site_name\" content=\"ENSCMu | \u00c9cole Nationale Sup\u00e9rieure de Chimie de Mulhouse\" \/>\n<meta property=\"article:modified_time\" content=\"2022-05-23T14:12:44+00:00\" \/>\n<meta name=\"twitter:card\" content=\"summary_large_image\" \/>\n<meta name=\"twitter:label1\" content=\"Dur\u00e9e de lecture estim\u00e9e\" \/>\n\t<meta name=\"twitter:data1\" content=\"5 minutes\" \/>\n<script type=\"application\/ld+json\" class=\"yoast-schema-graph\">{\"@context\":\"https:\\\/\\\/schema.org\",\"@graph\":[{\"@type\":\"WebPage\",\"@id\":\"https:\\\/\\\/www.enscmu.uha.fr\\\/index.php\\\/faq\\\/\",\"url\":\"https:\\\/\\\/www.enscmu.uha.fr\\\/index.php\\\/faq\\\/\",\"name\":\"FAQ - ENSCMu\",\"isPartOf\":{\"@id\":\"https:\\\/\\\/www.enscmu.uha.fr\\\/#website\"},\"datePublished\":\"2018-07-03T14:25:29+00:00\",\"dateModified\":\"2022-05-23T14:12:44+00:00\",\"breadcrumb\":{\"@id\":\"https:\\\/\\\/www.enscmu.uha.fr\\\/index.php\\\/faq\\\/#breadcrumb\"},\"inLanguage\":\"fr-FR\",\"potentialAction\":[{\"@type\":\"ReadAction\",\"target\":[\"https:\\\/\\\/www.enscmu.uha.fr\\\/index.php\\\/faq\\\/\"]}]},{\"@type\":\"BreadcrumbList\",\"@id\":\"https:\\\/\\\/www.enscmu.uha.fr\\\/index.php\\\/faq\\\/#breadcrumb\",\"itemListElement\":[{\"@type\":\"ListItem\",\"position\":1,\"name\":\"Accueil\",\"item\":\"https:\\\/\\\/www.enscmu.uha.fr\\\/\"},{\"@type\":\"ListItem\",\"position\":2,\"name\":\"FAQ\"}]},{\"@type\":\"WebSite\",\"@id\":\"https:\\\/\\\/www.enscmu.uha.fr\\\/#website\",\"url\":\"https:\\\/\\\/www.enscmu.uha.fr\\\/\",\"name\":\"ENSCMu | \u00c9cole Nationale Sup\u00e9rieure de Chimie de Mulhouse\",\"description\":\"Campus Illberg | Universit\u00e9 de Haute-Alsace\",\"potentialAction\":[{\"@type\":\"SearchAction\",\"target\":{\"@type\":\"EntryPoint\",\"urlTemplate\":\"https:\\\/\\\/www.enscmu.uha.fr\\\/?s={search_term_string}\"},\"query-input\":{\"@type\":\"PropertyValueSpecification\",\"valueRequired\":true,\"valueName\":\"search_term_string\"}}],\"inLanguage\":\"fr-FR\"}]}<\/script>\n<!-- \/ Yoast SEO plugin. -->","yoast_head_json":{"title":"FAQ - ENSCMu","robots":{"index":"index","follow":"follow","max-snippet":"max-snippet:-1","max-image-preview":"max-image-preview:large","max-video-preview":"max-video-preview:-1"},"canonical":"https:\/\/www.enscmu.uha.fr\/index.php\/faq\/","og_locale":"fr_FR","og_type":"article","og_title":"FAQ - ENSCMu","og_description":"L&rsquo;\u00e9cole est-elle reconnue par l&rsquo;\u00c9tat ? Oui l&rsquo;\u00e9cole est reconnue par l&rsquo;\u00c9tat et habilit\u00e9e par la Commission des Titres d&rsquo;Ing\u00e9nieurs \u00e0 d\u00e9livrer le dipl\u00f4me d&rsquo;ing\u00e9nieur. L&rsquo;\u00e9cole est-elle publique ou priv\u00e9e ? L&rsquo;\u00c9cole Nationale Sup\u00e9rieure de chimie de Mulhouse est une \u00e9cole publique. Elle appartient \u00e0 l&rsquo;Universit\u00e9 de Haute-Alsace. Quel est le co\u00fbt de la formation [&hellip;]","og_url":"https:\/\/www.enscmu.uha.fr\/index.php\/faq\/","og_site_name":"ENSCMu | \u00c9cole Nationale Sup\u00e9rieure de Chimie de Mulhouse","article_modified_time":"2022-05-23T14:12:44+00:00","twitter_card":"summary_large_image","twitter_misc":{"Dur\u00e9e de lecture estim\u00e9e":"5 minutes"},"schema":{"@context":"https:\/\/schema.org","@graph":[{"@type":"WebPage","@id":"https:\/\/www.enscmu.uha.fr\/index.php\/faq\/","url":"https:\/\/www.enscmu.uha.fr\/index.php\/faq\/","name":"FAQ - ENSCMu","isPartOf":{"@id":"https:\/\/www.enscmu.uha.fr\/#website"},"datePublished":"2018-07-03T14:25:29+00:00","dateModified":"2022-05-23T14:12:44+00:00","breadcrumb":{"@id":"https:\/\/www.enscmu.uha.fr\/index.php\/faq\/#breadcrumb"},"inLanguage":"fr-FR","potentialAction":[{"@type":"ReadAction","target":["https:\/\/www.enscmu.uha.fr\/index.php\/faq\/"]}]},{"@type":"BreadcrumbList","@id":"https:\/\/www.enscmu.uha.fr\/index.php\/faq\/#breadcrumb","itemListElement":[{"@type":"ListItem","position":1,"name":"Accueil","item":"https:\/\/www.enscmu.uha.fr\/"},{"@type":"ListItem","position":2,"name":"FAQ"}]},{"@type":"WebSite","@id":"https:\/\/www.enscmu.uha.fr\/#website","url":"https:\/\/www.enscmu.uha.fr\/","name":"ENSCMu | \u00c9cole Nationale Sup\u00e9rieure de Chimie de Mulhouse","description":"Campus Illberg | Universit\u00e9 de Haute-Alsace","potentialAction":[{"@type":"SearchAction","target":{"@type":"EntryPoint","urlTemplate":"https:\/\/www.enscmu.uha.fr\/?s={search_term_string}"},"query-input":{"@type":"PropertyValueSpecification","valueRequired":true,"valueName":"search_term_string"}}],"inLanguage":"fr-FR"}]}},"_links":{"self":[{"href":"https:\/\/www.enscmu.uha.fr\/index.php\/wp-json\/wp\/v2\/pages\/1250","targetHints":{"allow":["GET"]}}],"collection":[{"href":"https:\/\/www.enscmu.uha.fr\/index.php\/wp-json\/wp\/v2\/pages"}],"about":[{"href":"https:\/\/www.enscmu.uha.fr\/index.php\/wp-json\/wp\/v2\/types\/page"}],"author":[{"embeddable":true,"href":"https:\/\/www.enscmu.uha.fr\/index.php\/wp-json\/wp\/v2\/users\/2"}],"replies":[{"embeddable":true,"href":"https:\/\/www.enscmu.uha.fr\/index.php\/wp-json\/wp\/v2\/comments?post=1250"}],"version-history":[{"count":15,"href":"https:\/\/www.enscmu.uha.fr\/index.php\/wp-json\/wp\/v2\/pages\/1250\/revisions"}],"predecessor-version":[{"id":4080,"href":"https:\/\/www.enscmu.uha.fr\/index.php\/wp-json\/wp\/v2\/pages\/1250\/revisions\/4080"}],"wp:attachment":[{"href":"https:\/\/www.enscmu.uha.fr\/index.php\/wp-json\/wp\/v2\/media?parent=1250"}],"wp:term":[{"taxonomy":"category","embeddable":true,"href":"https:\/\/www.enscmu.uha.fr\/index.php\/wp-json\/wp\/v2\/categories?post=1250"},{"taxonomy":"post_tag","embeddable":true,"href":"https:\/\/www.enscmu.uha.fr\/index.php\/wp-json\/wp\/v2\/tags?post=1250"}],"curies":[{"name":"wp","href":"https:\/\/api.w.org\/{rel}","templated":true}]}}