{"id":13,"date":"2017-12-12T15:48:36","date_gmt":"2017-12-12T14:48:36","guid":{"rendered":"https:\/\/www.enscmu.uha.fr\/?page_id=13"},"modified":"2024-09-23T16:20:25","modified_gmt":"2024-09-23T14:20:25","slug":"histoire-et-patrimoine-chimie-mulhouse","status":"publish","type":"page","link":"https:\/\/www.enscmu.uha.fr\/index.php\/ecole-ingenieurs-chimistes-mulhouse\/histoire-et-patrimoine-chimie-mulhouse\/","title":{"rendered":"200 ANS DE CHIMIE"},"content":{"rendered":"<h1>1822-2022 : 200 ans de chimie<\/h1>\n<h2>Premi\u00e8re \u00e9cole de chimie cr\u00e9\u00e9e en France en 1822<\/h2>\n<figure id=\"attachment_189\" aria-describedby=\"caption-attachment-189\" style=\"width: 309px\" class=\"wp-caption alignleft\"><img loading=\"lazy\" decoding=\"async\" class=\"wp-image-189\" src=\"https:\/\/www.enscmu.uha.fr\/wp-content\/uploads\/2017\/12\/ENSCMu-archive1.gif\" alt=\"Premi\u00e8re \u00e9cole de chimie de France\" width=\"309\" height=\"212\" \/><figcaption id=\"caption-attachment-189\" class=\"wp-caption-text\">Premi\u00e8re \u00e9cole de chimie de France<\/figcaption><\/figure>\n<p>L\u2019\u00c9cole d\u2019aujourd\u2019hui trouve son origine en mars 1822, lorsque la municipalit\u00e9 de Mulhouse cr\u00e9e un cours de chimie appliqu\u00e9e accompagn\u00e9 d&rsquo;un laboratoire d&rsquo;enseignement, puis bient\u00f4t de recherche. Cet ensemble est cr\u00e9\u00e9 \u00e0 la demande et avec la participation des industriels. Il se d\u00e9veloppe sous le contr\u00f4le de la <a href=\"http:\/\/www.sim.asso.fr\/\" target=\"_blank\" rel=\"noopener noreferrer\">Soci\u00e9t\u00e9 Industrielle de Mulhouse<\/a> pour donner naissance \u00e0 la plus ancienne \u00c9cole de chimie en France. D\u00e8s les ann\u00e9es 1850, sa r\u00e9putation est bien \u00e9tablie.<\/p>\n<h2>De 1870 \u00e0 1915<\/h2>\n<p>Apr\u00e8s la guerre franco-prussienne de 1870 et l&rsquo;annexion de l&rsquo;Alsace, et malgr\u00e9 la d\u00e9fiance de l&rsquo;autorit\u00e9 allemande envers la Soci\u00e9t\u00e9 Industrielle de Mulhouse jug\u00e9e trop francophile, l\u2019\u00c9cole de Chimie de Mulhouse conna\u00eet un d\u00e9veloppement spectaculaire et sa notori\u00e9t\u00e9 est alors mondiale. Elle forme des chimistes pour l&rsquo;industrie textile. L&rsquo;enseignement de haut niveau, port\u00e9 successivement \u00e0 trois puis quatre ans, inclut une formation \u00e0 la recherche et plus de cent th\u00e8ses y sont pr\u00e9par\u00e9es entre 1880 et 1915, sous la direction d&rsquo;Emilio Noelting.<\/p>\n<h2>Entre deux guerres<\/h2>\n<p>Ferm\u00e9e pendant la guerre de 1914-1918, l&rsquo;\u00c9cole doit s&rsquo;adapter \u00e0 sa nouvelle situation cr\u00e9\u00e9e par son retour en France et \u00e0 l&rsquo;\u00e9volution rapide de la science. Elle s&rsquo;oriente vers la formation de chimistes g\u00e9n\u00e9ralistes ayant re\u00e7u une forte formation pratique, permettant une int\u00e9gration rapide dans le monde industriel. G\u00e9r\u00e9e par une fondation regroupant l\u2019\u00c9tat, la ville et les collectivit\u00e9s concern\u00e9es, elle est habilit\u00e9e \u00e0 d\u00e9livrer le dipl\u00f4me d&rsquo;ing\u00e9nieur d\u00e8s la cr\u00e9ation de la commission du titre, mais ses dipl\u00f4m\u00e9s recevaient d\u00e9j\u00e0 ce titre depuis 1919. En 1935, elle est la premi\u00e8re \u00e9cole \u00e0 introduire un enseignement de chimie macromol\u00e9culaire, suivi aussit\u00f4t d&rsquo;un laboratoire.<\/p>\n<h2>Retour \u00e0 Mulhouse apr\u00e8s la guerre<\/h2>\n<p>Repli\u00e9e \u00e0 Lyon pendant la deuxi\u00e8me guerre mondiale, l&rsquo;\u00c9cole reprend son activit\u00e9 \u00e0 Mulhouse en 1945 et est assimil\u00e9e aux ENSI en 1948. Reconstruite en 1965 sur le nouveau campus, elle continue son d\u00e9veloppement. Ses laboratoires de recherche tr\u00e8s actifs sont alors \u00e0 l&rsquo;origine de la cr\u00e9ation du Centre de recherches textiles de Mulhouse et du laboratoire propre du CNRS devenu aujourd&rsquo;hui l&rsquo;<a href=\"https:\/\/www.is2m.uha.fr\/fr\/accueil\/\" target=\"_blank\" rel=\"noopener noreferrer\">IS2M (Institut de Science des Mat\u00e9riaux de Mulhouse)<\/a>.<\/p>\n<h2>De 1977 \u00e0 nos jours, cr\u00e9ation de l\u2019UHA<\/h2>\n<figure id=\"attachment_190\" aria-describedby=\"caption-attachment-190\" style=\"width: 300px\" class=\"wp-caption alignleft\"><img loading=\"lazy\" decoding=\"async\" class=\"wp-image-190 size-medium\" src=\"https:\/\/www.enscmu.uha.fr\/wp-content\/uploads\/2017\/12\/ENSCMu-archive2-300x206.gif\" alt=\"ENSCMu cr\u00e9\u00e9e en 1822\" width=\"300\" height=\"206\" srcset=\"https:\/\/www.enscmu.uha.fr\/wp-content\/uploads\/2017\/12\/ENSCMu-archive2-300x206.gif 300w, https:\/\/www.enscmu.uha.fr\/wp-content\/uploads\/2017\/12\/ENSCMu-archive2-768x527.gif 768w\" sizes=\"auto, (max-width: 300px) 100vw, 300px\" \/><figcaption id=\"caption-attachment-190\" class=\"wp-caption-text\">ENSCMu cr\u00e9\u00e9e en 1822<\/figcaption><\/figure>\n<p>En 1977, l&rsquo;\u00c9cole est nationalis\u00e9e pour devenir une des composantes majeures de la nouvelle <a href=\"https:\/\/www.uha.fr\/\" target=\"_blank\" rel=\"noopener noreferrer\">Universit\u00e9 de Haute-Alsace<\/a>. Cependant, lors de la mise en place de la loi sur l&rsquo;enseignement sup\u00e9rieur, dite loi Savary de 1984, il appara\u00eet qu&rsquo;un \u00c9tablissement Public ne saurait exister \u00e0 l&rsquo;int\u00e9rieur d&rsquo;un autre \u00c9tablissement Public. L\u2019\u00c9cole choisit alors de garder son autonomie en devenant un \u00c9tablissement Public \u00e0 Caract\u00e8re Administratif rattach\u00e9 par d\u00e9crets \u00e0 l&rsquo;Universit\u00e9 de Mulhouse. Ce statut perdure jusqu&rsquo;au 1<sup>er<\/sup> novembre 2006, o\u00f9 sa r\u00e9int\u00e9gration \u00e0 l&rsquo;Universit\u00e9 est r\u00e9alis\u00e9e conform\u00e9ment \u00e0 la politique de red\u00e9finition du paysage universitaire pr\u00f4n\u00e9e par les autorit\u00e9s minist\u00e9rielles. L\u2019\u00c9cole de Chimie a ainsi rejoint l&rsquo;Universit\u00e9 qu&rsquo;elle a contribu\u00e9 \u00e0 cr\u00e9er et y apporte tout son rayonnement gr\u00e2ce \u00e0 sa forte identit\u00e9.<\/p>\n<p>Consultez les <a href=\"http:\/\/www.archives.uha.fr\/archives\/repertoires\/00015ad\/accueil.shtml\" target=\"_blank\" rel=\"noopener noreferrer\">archives historiques de l&rsquo;ENSCMu<\/a><\/p>\n<h2>En 2022, un programme riche pour f\u00eater les 200 ans de l&rsquo;\u00c9cole<\/h2>\n<p>A l&rsquo;occasion de ses 200 ans le 1<sup>er<\/sup> mars 2022, l\u2019\u00c9cole de chimie de Mulhouse a souhait\u00e9 marquer cette ann\u00e9e anniversaire par plusieurs temps forts :<\/p>\n<p><img loading=\"lazy\" decoding=\"async\" class=\"alignnone size-full wp-image-4088\" src=\"https:\/\/www.enscmu.uha.fr\/wp-content\/uploads\/2022\/05\/Communication_200ansdechimie_programme2022_frise_05.22.jpg\" alt=\"\" width=\"638\" height=\"261\" srcset=\"https:\/\/www.enscmu.uha.fr\/wp-content\/uploads\/2022\/05\/Communication_200ansdechimie_programme2022_frise_05.22.jpg 638w, https:\/\/www.enscmu.uha.fr\/wp-content\/uploads\/2022\/05\/Communication_200ansdechimie_programme2022_frise_05.22-300x123.jpg 300w\" sizes=\"auto, (max-width: 638px) 100vw, 638px\" \/><\/p>\n<p>De nombreuses actions ont \u00e9galement \u00e9t\u00e9 men\u00e9es en parall\u00e8le (visites guid\u00e9es avec nos partenaires, l&rsquo;Association M\u00e9moire Mulhousienne et la Maison du Patrimoine de Mulhouse ; pr\u00e9sentation des projets chimie de 2e ann\u00e9e labellis\u00e9e 200 ans au printemps 2022 ; \u00e9dition d\u2019un <strong>livre historique sur l\u2019\u00c9cole de chimie<\/strong> fin 2022 ; S\u00e9rie de <a href=\"https:\/\/www.enscmu.uha.fr\/index.php\/200-ans-de-chimie-le-programme\/podcasts\/\">podcasts \u00ab 200 ans de chimie : PAROLE AUX ALUMNIS<\/a> \u00bb\u00a0consacr\u00e9e aux dipl\u00f4m\u00e9s de l&rsquo;\u00c9cole).<\/p>\n<p>&nbsp;<\/p>\n<h1>Mus\u00e9e des min\u00e9raux<\/h1>\n<figure id=\"attachment_191\" aria-describedby=\"caption-attachment-191\" style=\"width: 300px\" class=\"wp-caption alignright\"><img loading=\"lazy\" decoding=\"async\" class=\"wp-image-191 size-medium\" src=\"https:\/\/www.enscmu.uha.fr\/wp-content\/uploads\/2017\/12\/ENSCMu-musee-mineralogie\u00a9GregoryTachet-300x200.jpg\" alt=\"ENSCMu - Mus\u00e9e min\u00e9ralogie\" width=\"300\" height=\"200\" srcset=\"https:\/\/www.enscmu.uha.fr\/wp-content\/uploads\/2017\/12\/ENSCMu-musee-mineralogie\u00a9GregoryTachet-300x200.jpg 300w, https:\/\/www.enscmu.uha.fr\/wp-content\/uploads\/2017\/12\/ENSCMu-musee-mineralogie\u00a9GregoryTachet-768x512.jpg 768w, https:\/\/www.enscmu.uha.fr\/wp-content\/uploads\/2017\/12\/ENSCMu-musee-mineralogie\u00a9GregoryTachet-1024x683.jpg 1024w, https:\/\/www.enscmu.uha.fr\/wp-content\/uploads\/2017\/12\/ENSCMu-musee-mineralogie\u00a9GregoryTachet.jpg 1181w\" sizes=\"auto, (max-width: 300px) 100vw, 300px\" \/><figcaption id=\"caption-attachment-191\" class=\"wp-caption-text\">\u00a9GregoryTachet<\/figcaption><\/figure>\n<p>Depuis 1966, l\u2019\u00c9cole de chimie de Mulhouse abrite entre ses murs le Mus\u00e9e de min\u00e9ralogie de la Soci\u00e9t\u00e9 Industrielle de Mulhouse, class\u00e9 Mus\u00e9e de France.<\/p>\n<p>Les min\u00e9raux pr\u00e9sent\u00e9s ont quatre sources diff\u00e9rentes\u00a0:<\/p>\n<ul>\n<li>les min\u00e9raux r\u00e9cup\u00e9r\u00e9s apr\u00e8s-guerre,<\/li>\n<li>quelques \u00e9chantillons de la collection min\u00e9ralogique initiale de l\u2019\u00c9cole de Chimie,<\/li>\n<li>des min\u00e9raux obtenus (par achats ou dons) d&rsquo;autres mus\u00e9es ou organismes nationaux,<\/li>\n<li>de tr\u00e8s nombreux min\u00e9raux achet\u00e9s entre 1960 et 1966.<\/li>\n<\/ul>\n<p>Les min\u00e9raux pr\u00e9sent\u00e9s sont de tailles tr\u00e8s variables et p\u00e8sent de quelques dizaines de grammes \u00e0 pr\u00e8s de 40 Kg.<\/p>\n<p>Leurs provenances sont diverses et repr\u00e9sentatives des principaux sites ou pays r\u00e9put\u00e9s pour leur richesse min\u00e9ralogique\u00a0: Br\u00e9sil, Madagascar, Afrique du sud (Namibie), USA, Roumanie, Suisse, Allemagne&#8230;<\/p>\n<p>En revanche, peu d\u2019\u00e9chantillons locaux sont repr\u00e9sent\u00e9s. C\u2019est essentiellement gr\u00e2ce \u00e0 de nombreux dons que la collection a pu s\u2019enrichir en min\u00e9raux locaux et fran\u00e7ais.<\/p>\n<p>&nbsp;<\/p>\n<h1>Collection des colorants<\/h1>\n<figure id=\"attachment_2378\" aria-describedby=\"caption-attachment-2378\" style=\"width: 300px\" class=\"wp-caption alignleft\"><img loading=\"lazy\" decoding=\"async\" class=\"wp-image-2378 size-medium\" src=\"https:\/\/www.enscmu.uha.fr\/wp-content\/uploads\/2020\/05\/ENSCMu_DR-\u00a9Ingar-Farid-300x199.jpg\" alt=\"Collection colorants ENSCMu - photo Ingar Farid\" width=\"300\" height=\"199\" srcset=\"https:\/\/www.enscmu.uha.fr\/wp-content\/uploads\/2020\/05\/ENSCMu_DR-\u00a9Ingar-Farid-300x199.jpg 300w, https:\/\/www.enscmu.uha.fr\/wp-content\/uploads\/2020\/05\/ENSCMu_DR-\u00a9Ingar-Farid-1024x681.jpg 1024w, https:\/\/www.enscmu.uha.fr\/wp-content\/uploads\/2020\/05\/ENSCMu_DR-\u00a9Ingar-Farid-768x510.jpg 768w, https:\/\/www.enscmu.uha.fr\/wp-content\/uploads\/2020\/05\/ENSCMu_DR-\u00a9Ingar-Farid.jpg 1181w\" sizes=\"auto, (max-width: 300px) 100vw, 300px\" \/><figcaption id=\"caption-attachment-2378\" class=\"wp-caption-text\">\u00a9IngarFarid<\/figcaption><\/figure>\n<p>L\u2019ENSCMu a \u00e9galement construit au fil des ann\u00e9es et du fait de son histoire, l\u2019une des plus grandes collections de colorants historiques au monde.<\/p>\n<p>Cr\u00e9\u00e9e en 1822 dans le but de former des ing\u00e9nieurs sp\u00e9cialis\u00e9s dans l\u2019application des colorants sur le textile \u00e0 la demande de l\u2019industrie textile mulhousienne, l&rsquo;\u00e9cole a ainsi accumul\u00e9 des colorants \u2013 sous forme de dons ou bien synth\u00e9tis\u00e9s par l\u2019\u00e9cole elle-m\u00eame, donnant ainsi naissance \u00e0 sa collection. Elle compte environ 4 600 flacons de colorants essentiellement sous forme de poudre, bien que certains se pr\u00e9sentent sous la forme de liquides. On les conserve dans des pots en verre datant du XIXe si\u00e8cle, avec pour la plupart leur \u00e9tiquette, \u00e9crite \u00e0 la main. Plusieurs tissus teints viennent compl\u00e9ter la collection.<\/p>\n<p><img loading=\"lazy\" decoding=\"async\" class=\"size-medium wp-image-2377 alignright\" src=\"https:\/\/www.enscmu.uha.fr\/wp-content\/uploads\/2020\/05\/ENSCMu_collection-colorants_05.20-300x200.png\" alt=\"collection colorants ENSCMu\" width=\"300\" height=\"200\" srcset=\"https:\/\/www.enscmu.uha.fr\/wp-content\/uploads\/2020\/05\/ENSCMu_collection-colorants_05.20-300x200.png 300w, https:\/\/www.enscmu.uha.fr\/wp-content\/uploads\/2020\/05\/ENSCMu_collection-colorants_05.20-768x512.png 768w, https:\/\/www.enscmu.uha.fr\/wp-content\/uploads\/2020\/05\/ENSCMu_collection-colorants_05.20.png 886w\" sizes=\"auto, (max-width: 300px) 100vw, 300px\" \/><\/p>\n<p>En 2013, 10 \u00e9l\u00e8ves de l\u2019\u00e9cole ont cr\u00e9\u00e9 le club <a href=\"https:\/\/enscmulticolore.wordpress.com\/\" target=\"_blank\" rel=\"noopener noreferrer\">ENSCMulticolore<\/a> afin de transmettre l&rsquo;h\u00e9ritage culturel et historique de l\u2019\u00e9cole. Disposant du statut juridique d&rsquo;association depuis 2017, ENSCMulticolore a travaill\u00e9 sur les colorants, leur inventaire, leur identification pour les flacons non \u00e9tiquet\u00e9s. Aujourd&rsquo;hui, elle travaille sur la pr\u00e9servation et la valorisation de cette extraordinaire collection.<\/p>\n<p>Les \u00e9tudiants m\u00e8nent divers projets en ce sens, de l&rsquo;investissement dans des \u00e9v\u00e8nements grand public comme les portes ouvertes de l&rsquo;\u00e9cole ou la F\u00eate de la science, jusqu&rsquo;\u00e0 l&rsquo;\u00e9tude des colorants pour une future exploitation. Une vitrine permet de mettre en valeur ce patrimoine dans le hall de l&rsquo;ENSCMu.<\/p>\n<p>&nbsp;<\/p>\n<p>&nbsp;<\/p>\n<p>&nbsp;<\/p>\n<p>&nbsp;<\/p>\n<p>&nbsp;<\/p>\n<p>&nbsp;<\/p>\n","protected":false},"excerpt":{"rendered":"<p>1822-2022 : 200 ans de chimie Premi\u00e8re \u00e9cole de chimie cr\u00e9\u00e9e en France en 1822 L\u2019\u00c9cole d\u2019aujourd\u2019hui trouve son origine en mars 1822, lorsque la municipalit\u00e9 de Mulhouse cr\u00e9e un cours de chimie appliqu\u00e9e accompagn\u00e9 d&rsquo;un laboratoire d&rsquo;enseignement, puis bient\u00f4t de recherche. Cet ensemble est cr\u00e9\u00e9 \u00e0 la demande et avec la participation des industriels. [&hellip;]<\/p>\n","protected":false},"author":1,"featured_media":189,"parent":2,"menu_order":0,"comment_status":"closed","ping_status":"closed","template":"","meta":{"footnotes":""},"categories":[],"tags":[],"class_list":["post-13","page","type-page","status-publish","has-post-thumbnail","hentry"],"yoast_head":"<!-- This site is optimized with the Yoast SEO plugin v27.4 - https:\/\/yoast.com\/product\/yoast-seo-wordpress\/ -->\n<title>200 ANS DE CHIMIE - ENSCMu<\/title>\n<meta name=\"description\" content=\"Premi\u00e8re \u00e9cole de chimie cr\u00e9\u00e9e en France en 1822, Chimie Mulhouse f\u00eatait ses 200 ans d&#039;histoire en 2022, un patrimoine riche.\" \/>\n<meta name=\"robots\" content=\"index, follow, max-snippet:-1, max-image-preview:large, max-video-preview:-1\" \/>\n<link rel=\"canonical\" href=\"https:\/\/www.enscmu.uha.fr\/index.php\/ecole-ingenieurs-chimistes-mulhouse\/histoire-et-patrimoine-chimie-mulhouse\/\" \/>\n<meta property=\"og:locale\" content=\"fr_FR\" \/>\n<meta property=\"og:type\" content=\"article\" \/>\n<meta property=\"og:title\" content=\"200 ANS DE CHIMIE - ENSCMu\" \/>\n<meta property=\"og:description\" content=\"Premi\u00e8re \u00e9cole de chimie cr\u00e9\u00e9e en France en 1822, Chimie Mulhouse f\u00eatait ses 200 ans d&#039;histoire en 2022, un patrimoine riche.\" \/>\n<meta property=\"og:url\" content=\"https:\/\/www.enscmu.uha.fr\/index.php\/ecole-ingenieurs-chimistes-mulhouse\/histoire-et-patrimoine-chimie-mulhouse\/\" \/>\n<meta property=\"og:site_name\" content=\"ENSCMu | \u00c9cole Nationale Sup\u00e9rieure de Chimie de Mulhouse\" \/>\n<meta property=\"article:modified_time\" content=\"2024-09-23T14:20:25+00:00\" \/>\n<meta property=\"og:image\" content=\"https:\/\/www.enscmu.uha.fr\/wp-content\/uploads\/2017\/12\/ENSCMu-archive1.gif\" \/>\n\t<meta property=\"og:image:width\" content=\"800\" \/>\n\t<meta property=\"og:image:height\" content=\"550\" \/>\n\t<meta property=\"og:image:type\" content=\"image\/gif\" \/>\n<meta name=\"twitter:card\" content=\"summary_large_image\" \/>\n<meta name=\"twitter:label1\" content=\"Dur\u00e9e de lecture estim\u00e9e\" \/>\n\t<meta name=\"twitter:data1\" content=\"7 minutes\" \/>\n<script type=\"application\/ld+json\" class=\"yoast-schema-graph\">{\"@context\":\"https:\\\/\\\/schema.org\",\"@graph\":[{\"@type\":\"WebPage\",\"@id\":\"https:\\\/\\\/www.enscmu.uha.fr\\\/index.php\\\/ecole-ingenieurs-chimistes-mulhouse\\\/histoire-et-patrimoine-chimie-mulhouse\\\/\",\"url\":\"https:\\\/\\\/www.enscmu.uha.fr\\\/index.php\\\/ecole-ingenieurs-chimistes-mulhouse\\\/histoire-et-patrimoine-chimie-mulhouse\\\/\",\"name\":\"200 ANS DE CHIMIE - ENSCMu\",\"isPartOf\":{\"@id\":\"https:\\\/\\\/www.enscmu.uha.fr\\\/#website\"},\"primaryImageOfPage\":{\"@id\":\"https:\\\/\\\/www.enscmu.uha.fr\\\/index.php\\\/ecole-ingenieurs-chimistes-mulhouse\\\/histoire-et-patrimoine-chimie-mulhouse\\\/#primaryimage\"},\"image\":{\"@id\":\"https:\\\/\\\/www.enscmu.uha.fr\\\/index.php\\\/ecole-ingenieurs-chimistes-mulhouse\\\/histoire-et-patrimoine-chimie-mulhouse\\\/#primaryimage\"},\"thumbnailUrl\":\"https:\\\/\\\/www.enscmu.uha.fr\\\/wp-content\\\/uploads\\\/2017\\\/12\\\/ENSCMu-archive1.gif\",\"datePublished\":\"2017-12-12T14:48:36+00:00\",\"dateModified\":\"2024-09-23T14:20:25+00:00\",\"description\":\"Premi\u00e8re \u00e9cole de chimie cr\u00e9\u00e9e en France en 1822, Chimie Mulhouse f\u00eatait ses 200 ans d'histoire en 2022, un patrimoine riche.\",\"breadcrumb\":{\"@id\":\"https:\\\/\\\/www.enscmu.uha.fr\\\/index.php\\\/ecole-ingenieurs-chimistes-mulhouse\\\/histoire-et-patrimoine-chimie-mulhouse\\\/#breadcrumb\"},\"inLanguage\":\"fr-FR\",\"potentialAction\":[{\"@type\":\"ReadAction\",\"target\":[\"https:\\\/\\\/www.enscmu.uha.fr\\\/index.php\\\/ecole-ingenieurs-chimistes-mulhouse\\\/histoire-et-patrimoine-chimie-mulhouse\\\/\"]}]},{\"@type\":\"ImageObject\",\"inLanguage\":\"fr-FR\",\"@id\":\"https:\\\/\\\/www.enscmu.uha.fr\\\/index.php\\\/ecole-ingenieurs-chimistes-mulhouse\\\/histoire-et-patrimoine-chimie-mulhouse\\\/#primaryimage\",\"url\":\"https:\\\/\\\/www.enscmu.uha.fr\\\/wp-content\\\/uploads\\\/2017\\\/12\\\/ENSCMu-archive1.gif\",\"contentUrl\":\"https:\\\/\\\/www.enscmu.uha.fr\\\/wp-content\\\/uploads\\\/2017\\\/12\\\/ENSCMu-archive1.gif\",\"width\":800,\"height\":550,\"caption\":\"Premi\u00e8re \u00e9cole de chimie de France\"},{\"@type\":\"BreadcrumbList\",\"@id\":\"https:\\\/\\\/www.enscmu.uha.fr\\\/index.php\\\/ecole-ingenieurs-chimistes-mulhouse\\\/histoire-et-patrimoine-chimie-mulhouse\\\/#breadcrumb\",\"itemListElement\":[{\"@type\":\"ListItem\",\"position\":1,\"name\":\"Accueil\",\"item\":\"https:\\\/\\\/www.enscmu.uha.fr\\\/\"},{\"@type\":\"ListItem\",\"position\":2,\"name\":\"L&rsquo;ENSCMu\",\"item\":\"https:\\\/\\\/www.enscmu.uha.fr\\\/index.php\\\/ecole-ingenieurs-chimistes-mulhouse\\\/\"},{\"@type\":\"ListItem\",\"position\":3,\"name\":\"200 ANS DE CHIMIE\"}]},{\"@type\":\"WebSite\",\"@id\":\"https:\\\/\\\/www.enscmu.uha.fr\\\/#website\",\"url\":\"https:\\\/\\\/www.enscmu.uha.fr\\\/\",\"name\":\"ENSCMu | \u00c9cole Nationale Sup\u00e9rieure de Chimie de Mulhouse\",\"description\":\"Campus Illberg | Universit\u00e9 de Haute-Alsace\",\"potentialAction\":[{\"@type\":\"SearchAction\",\"target\":{\"@type\":\"EntryPoint\",\"urlTemplate\":\"https:\\\/\\\/www.enscmu.uha.fr\\\/?s={search_term_string}\"},\"query-input\":{\"@type\":\"PropertyValueSpecification\",\"valueRequired\":true,\"valueName\":\"search_term_string\"}}],\"inLanguage\":\"fr-FR\"}]}<\/script>\n<!-- \/ Yoast SEO plugin. -->","yoast_head_json":{"title":"200 ANS DE CHIMIE - ENSCMu","description":"Premi\u00e8re \u00e9cole de chimie cr\u00e9\u00e9e en France en 1822, Chimie Mulhouse f\u00eatait ses 200 ans d'histoire en 2022, un patrimoine riche.","robots":{"index":"index","follow":"follow","max-snippet":"max-snippet:-1","max-image-preview":"max-image-preview:large","max-video-preview":"max-video-preview:-1"},"canonical":"https:\/\/www.enscmu.uha.fr\/index.php\/ecole-ingenieurs-chimistes-mulhouse\/histoire-et-patrimoine-chimie-mulhouse\/","og_locale":"fr_FR","og_type":"article","og_title":"200 ANS DE CHIMIE - ENSCMu","og_description":"Premi\u00e8re \u00e9cole de chimie cr\u00e9\u00e9e en France en 1822, Chimie Mulhouse f\u00eatait ses 200 ans d'histoire en 2022, un patrimoine riche.","og_url":"https:\/\/www.enscmu.uha.fr\/index.php\/ecole-ingenieurs-chimistes-mulhouse\/histoire-et-patrimoine-chimie-mulhouse\/","og_site_name":"ENSCMu | \u00c9cole Nationale Sup\u00e9rieure de Chimie de Mulhouse","article_modified_time":"2024-09-23T14:20:25+00:00","og_image":[{"width":800,"height":550,"url":"https:\/\/www.enscmu.uha.fr\/wp-content\/uploads\/2017\/12\/ENSCMu-archive1.gif","type":"image\/gif"}],"twitter_card":"summary_large_image","twitter_misc":{"Dur\u00e9e de lecture estim\u00e9e":"7 minutes"},"schema":{"@context":"https:\/\/schema.org","@graph":[{"@type":"WebPage","@id":"https:\/\/www.enscmu.uha.fr\/index.php\/ecole-ingenieurs-chimistes-mulhouse\/histoire-et-patrimoine-chimie-mulhouse\/","url":"https:\/\/www.enscmu.uha.fr\/index.php\/ecole-ingenieurs-chimistes-mulhouse\/histoire-et-patrimoine-chimie-mulhouse\/","name":"200 ANS DE CHIMIE - ENSCMu","isPartOf":{"@id":"https:\/\/www.enscmu.uha.fr\/#website"},"primaryImageOfPage":{"@id":"https:\/\/www.enscmu.uha.fr\/index.php\/ecole-ingenieurs-chimistes-mulhouse\/histoire-et-patrimoine-chimie-mulhouse\/#primaryimage"},"image":{"@id":"https:\/\/www.enscmu.uha.fr\/index.php\/ecole-ingenieurs-chimistes-mulhouse\/histoire-et-patrimoine-chimie-mulhouse\/#primaryimage"},"thumbnailUrl":"https:\/\/www.enscmu.uha.fr\/wp-content\/uploads\/2017\/12\/ENSCMu-archive1.gif","datePublished":"2017-12-12T14:48:36+00:00","dateModified":"2024-09-23T14:20:25+00:00","description":"Premi\u00e8re \u00e9cole de chimie cr\u00e9\u00e9e en France en 1822, Chimie Mulhouse f\u00eatait ses 200 ans d'histoire en 2022, un patrimoine riche.","breadcrumb":{"@id":"https:\/\/www.enscmu.uha.fr\/index.php\/ecole-ingenieurs-chimistes-mulhouse\/histoire-et-patrimoine-chimie-mulhouse\/#breadcrumb"},"inLanguage":"fr-FR","potentialAction":[{"@type":"ReadAction","target":["https:\/\/www.enscmu.uha.fr\/index.php\/ecole-ingenieurs-chimistes-mulhouse\/histoire-et-patrimoine-chimie-mulhouse\/"]}]},{"@type":"ImageObject","inLanguage":"fr-FR","@id":"https:\/\/www.enscmu.uha.fr\/index.php\/ecole-ingenieurs-chimistes-mulhouse\/histoire-et-patrimoine-chimie-mulhouse\/#primaryimage","url":"https:\/\/www.enscmu.uha.fr\/wp-content\/uploads\/2017\/12\/ENSCMu-archive1.gif","contentUrl":"https:\/\/www.enscmu.uha.fr\/wp-content\/uploads\/2017\/12\/ENSCMu-archive1.gif","width":800,"height":550,"caption":"Premi\u00e8re \u00e9cole de chimie de France"},{"@type":"BreadcrumbList","@id":"https:\/\/www.enscmu.uha.fr\/index.php\/ecole-ingenieurs-chimistes-mulhouse\/histoire-et-patrimoine-chimie-mulhouse\/#breadcrumb","itemListElement":[{"@type":"ListItem","position":1,"name":"Accueil","item":"https:\/\/www.enscmu.uha.fr\/"},{"@type":"ListItem","position":2,"name":"L&rsquo;ENSCMu","item":"https:\/\/www.enscmu.uha.fr\/index.php\/ecole-ingenieurs-chimistes-mulhouse\/"},{"@type":"ListItem","position":3,"name":"200 ANS DE CHIMIE"}]},{"@type":"WebSite","@id":"https:\/\/www.enscmu.uha.fr\/#website","url":"https:\/\/www.enscmu.uha.fr\/","name":"ENSCMu | \u00c9cole Nationale Sup\u00e9rieure de Chimie de Mulhouse","description":"Campus Illberg | Universit\u00e9 de Haute-Alsace","potentialAction":[{"@type":"SearchAction","target":{"@type":"EntryPoint","urlTemplate":"https:\/\/www.enscmu.uha.fr\/?s={search_term_string}"},"query-input":{"@type":"PropertyValueSpecification","valueRequired":true,"valueName":"search_term_string"}}],"inLanguage":"fr-FR"}]}},"_links":{"self":[{"href":"https:\/\/www.enscmu.uha.fr\/index.php\/wp-json\/wp\/v2\/pages\/13","targetHints":{"allow":["GET"]}}],"collection":[{"href":"https:\/\/www.enscmu.uha.fr\/index.php\/wp-json\/wp\/v2\/pages"}],"about":[{"href":"https:\/\/www.enscmu.uha.fr\/index.php\/wp-json\/wp\/v2\/types\/page"}],"author":[{"embeddable":true,"href":"https:\/\/www.enscmu.uha.fr\/index.php\/wp-json\/wp\/v2\/users\/1"}],"replies":[{"embeddable":true,"href":"https:\/\/www.enscmu.uha.fr\/index.php\/wp-json\/wp\/v2\/comments?post=13"}],"version-history":[{"count":34,"href":"https:\/\/www.enscmu.uha.fr\/index.php\/wp-json\/wp\/v2\/pages\/13\/revisions"}],"predecessor-version":[{"id":4837,"href":"https:\/\/www.enscmu.uha.fr\/index.php\/wp-json\/wp\/v2\/pages\/13\/revisions\/4837"}],"up":[{"embeddable":true,"href":"https:\/\/www.enscmu.uha.fr\/index.php\/wp-json\/wp\/v2\/pages\/2"}],"wp:featuredmedia":[{"embeddable":true,"href":"https:\/\/www.enscmu.uha.fr\/index.php\/wp-json\/wp\/v2\/media\/189"}],"wp:attachment":[{"href":"https:\/\/www.enscmu.uha.fr\/index.php\/wp-json\/wp\/v2\/media?parent=13"}],"wp:term":[{"taxonomy":"category","embeddable":true,"href":"https:\/\/www.enscmu.uha.fr\/index.php\/wp-json\/wp\/v2\/categories?post=13"},{"taxonomy":"post_tag","embeddable":true,"href":"https:\/\/www.enscmu.uha.fr\/index.php\/wp-json\/wp\/v2\/tags?post=13"}],"curies":[{"name":"wp","href":"https:\/\/api.w.org\/{rel}","templated":true}]}}