{"id":15,"date":"2017-12-12T15:48:46","date_gmt":"2017-12-12T14:48:46","guid":{"rendered":"https:\/\/www.enscmu.uha.fr\/?page_id=15"},"modified":"2021-02-09T16:41:43","modified_gmt":"2021-02-09T15:41:43","slug":"vie-en-alsace","status":"publish","type":"page","link":"https:\/\/www.enscmu.uha.fr\/index.php\/ecole-ingenieurs-chimistes-mulhouse\/vie-en-alsace\/","title":{"rendered":"VIE EN ALSACE"},"content":{"rendered":"<h1>Au c\u0153ur de la Regio<\/h1>\n<p>L\u2019\u00c9cole de chimie de Mulhouse se situe en plein c\u0153ur de la r\u00e9gion trinationale du Rhin Sup\u00e9rieur. Elle offre une grande proximit\u00e9 avec d&rsquo;autres villes de tradition et de culture comme Colmar et Strasbourg c\u00f4t\u00e9 fran\u00e7ais, B\u00e2le et Zurich en Suisse, ou encore Freiburg en Allemagne. La ville est \u00e9galement entour\u00e9e de tr\u00e8s beaux terrains d&rsquo;escapade que sont les Vosges, le Jura, la For\u00eat Noire et les Alpes Suisses.<\/p>\n<p>La situation de Mulhouse \u00e0 seulement 30 km de la Suisse et de l\u2019Allemagne place \u00e9galement l&rsquo;\u00e9cole au sein d\u2019un important p\u00f4le industriel international. La chimie fine y joue un r\u00f4le pr\u00e9pond\u00e9rant (BASF, Bayer, Borealis, Butachimie, Chemie Brunschwig Ltd, Clariant, DSM, Huntsman Advanced Materials, Idorsia Pharmaceuticals Ltd, Novartis, Roche, Solvay, Spirochem, Syngenta\u2026).<\/p>\n<p>Ce contexte offre aux \u00e9l\u00e8ves de l\u2019ENSCMu de nombreuses opportunit\u00e9s de stages et d\u2019emploi. A ceci s&rsquo;ajoute un environnement interculturel enrichissant, au c\u0153ur de l\u2019Europe et de la premi\u00e8re universit\u00e9 europ\u00e9enne.<\/p>\n<p>Liens utiles : <a href=\"http:\/\/www.tourismtrirhena.com\/fre\" target=\"_blank\" rel=\"noopener noreferrer\">TourismTriRhena.com<\/a> ; <a href=\"https:\/\/www.uha.fr\/fr\/uha-1\/campus-environnement\/alsace-trois-frontieres.html\" target=\"_blank\" rel=\"noopener\">Alsace et Trois Frontieres<\/a><\/p>\n<h1>Au c\u0153ur de l&rsquo;Alsace<\/h1>\n<figure id=\"attachment_194\" aria-describedby=\"caption-attachment-194\" style=\"width: 300px\" class=\"wp-caption alignright\"><img loading=\"lazy\" decoding=\"async\" class=\"wp-image-194 size-medium\" src=\"https:\/\/www.enscmu.uha.fr\/wp-content\/uploads\/2017\/12\/Macapa-Fotolia.com_-300x194.jpg\" alt=\"Vie en Alsace\" width=\"300\" height=\"194\" srcset=\"https:\/\/www.enscmu.uha.fr\/wp-content\/uploads\/2017\/12\/Macapa-Fotolia.com_-300x194.jpg 300w, https:\/\/www.enscmu.uha.fr\/wp-content\/uploads\/2017\/12\/Macapa-Fotolia.com_-768x497.jpg 768w, https:\/\/www.enscmu.uha.fr\/wp-content\/uploads\/2017\/12\/Macapa-Fotolia.com_-1024x663.jpg 1024w, https:\/\/www.enscmu.uha.fr\/wp-content\/uploads\/2017\/12\/Macapa-Fotolia.com_.jpg 1713w\" sizes=\"auto, (max-width: 300px) 100vw, 300px\" \/><figcaption id=\"caption-attachment-194\" class=\"wp-caption-text\">Vie en Alsace<\/figcaption><\/figure>\n<p>Mulhouse est la deuxi\u00e8me ville d\u2019Alsace, riche d\u2019histoire et de traditions culturelles et gastronomiques. Son art de vivre en fait une r\u00e9gion o\u00f9 il fait bon \u00e9tudier et pratiquer de nombreuses activit\u00e9s. La vari\u00e9t\u00e9 de ses paysages (plaines, collines, montagnes, for\u00eats) offre de une diversit\u00e9 de possibilit\u00e9s.<\/p>\n<p>Lien utile\u00a0: <a href=\"http:\/\/www.tourisme-alsace.com\/\" target=\"_blank\" rel=\"noopener noreferrer\">www.tourisme-alsace.com<\/a><\/p>\n<h1>Au c\u0153ur de la ville<\/h1>\n<figure id=\"attachment_195\" aria-describedby=\"caption-attachment-195\" style=\"width: 300px\" class=\"wp-caption alignleft\"><img loading=\"lazy\" decoding=\"async\" class=\"wp-image-195 size-medium\" src=\"https:\/\/www.enscmu.uha.fr\/wp-content\/uploads\/2017\/12\/Mulhouse-tram-bollwerk\u00a9Atoll-300x225.jpg\" alt=\"Mulhouse et sa r\u00e9gion\" width=\"300\" height=\"225\" srcset=\"https:\/\/www.enscmu.uha.fr\/wp-content\/uploads\/2017\/12\/Mulhouse-tram-bollwerk\u00a9Atoll-300x225.jpg 300w, https:\/\/www.enscmu.uha.fr\/wp-content\/uploads\/2017\/12\/Mulhouse-tram-bollwerk\u00a9Atoll-768x576.jpg 768w, https:\/\/www.enscmu.uha.fr\/wp-content\/uploads\/2017\/12\/Mulhouse-tram-bollwerk\u00a9Atoll-1024x768.jpg 1024w, https:\/\/www.enscmu.uha.fr\/wp-content\/uploads\/2017\/12\/Mulhouse-tram-bollwerk\u00a9Atoll-135x100.jpg 135w, https:\/\/www.enscmu.uha.fr\/wp-content\/uploads\/2017\/12\/Mulhouse-tram-bollwerk\u00a9Atoll.jpg 1417w\" sizes=\"auto, (max-width: 300px) 100vw, 300px\" \/><figcaption id=\"caption-attachment-195\" class=\"wp-caption-text\">\u00a9ATOLL<\/figcaption><\/figure>\n<p>Mulhouse, agglom\u00e9ration de 220 000 habitants, doit sa notori\u00e9t\u00e9 \u00e0 son p\u00f4le de <a href=\"http:\/\/www.musees-mulhouse.fr\/\" target=\"_blank\" rel=\"noopener noreferrer\">mus\u00e9es techniques<\/a> le plus important d&rsquo;Europe. Citons par exemple le Mus\u00e9e National de l&rsquo;Automobile &#8211; Collection Schlumpf, le Mus\u00e9e d&rsquo;Impression sur \u00e9toffes, Electropolis ou la Cit\u00e9 du Train. De nombreux lieux culturels contribuent \u00e9galement \u00e0 sa richesse : La Filature (Sc\u00e8ne Nationale), Kin\u00e9polis (complexe de cin\u00e9ma), th\u00e9\u00e2tres locaux et salles d&rsquo;expositions&#8230;<\/p>\n<p>Lien utile\u00a0: <a href=\"http:\/\/www.tourisme-mulhouse.com\/\" target=\"_blank\" rel=\"noopener noreferrer\">www.tourisme-mulhouse.com<\/a><\/p>\n<h1><\/h1>\n<h1><\/h1>\n<h1>Au c\u0153ur du campus<\/h1>\n<figure id=\"attachment_196\" aria-describedby=\"caption-attachment-196\" style=\"width: 300px\" class=\"wp-caption alignright\"><img loading=\"lazy\" decoding=\"async\" class=\"wp-image-196 size-medium\" src=\"https:\/\/www.enscmu.uha.fr\/wp-content\/uploads\/2017\/12\/UHA.Campus.5-300x201.jpg\" alt=\"Campus Illberg - UHA\" width=\"300\" height=\"201\" srcset=\"https:\/\/www.enscmu.uha.fr\/wp-content\/uploads\/2017\/12\/UHA.Campus.5-300x201.jpg 300w, https:\/\/www.enscmu.uha.fr\/wp-content\/uploads\/2017\/12\/UHA.Campus.5-768x514.jpg 768w, https:\/\/www.enscmu.uha.fr\/wp-content\/uploads\/2017\/12\/UHA.Campus.5-1024x685.jpg 1024w\" sizes=\"auto, (max-width: 300px) 100vw, 300px\" \/><figcaption id=\"caption-attachment-196\" class=\"wp-caption-text\">Campus Illberg &#8211; UHA<\/figcaption><\/figure>\n<p>Le campus mulhousien est implant\u00e9 dans un cadre verdoyant de 25 hectares. Il se situe \u00e0 10 minutes du centre-ville et de la gare en bus ou Tram et \u00e0 30 minutes en voiture de l&rsquo;Euroairport (a\u00e9roport international). Des pistes cyclables relient le centre-ville et ses environs. De plus le campus Illberg est \u00e0 2 minutes \u00e0 pied d&rsquo;une plaine sportive comprenant bassin olympique, centre nautique en plein-air, patinoire, stade, minigolf et palais des sports.<\/p>\n<p>L\u2019Universit\u00e9 de Haute-Alsace est consciente du r\u00f4le et des responsabilit\u00e9s qu&rsquo;elle exerce face aux enjeux majeurs du <a href=\"http:\/\/www.uha.fr\/luha\/developpement-durable\/\" target=\"_blank\" rel=\"noopener noreferrer\">d\u00e9veloppement durable<\/a> et \u00e0 la mutation de notre soci\u00e9t\u00e9. Elle s\u2019implique dans la pr\u00e9servation de la <a href=\"https:\/\/www.uha.fr\/fr\/uha-1\/developpement-durable-responsabilite-societale\/biodiversite-et-preservation-de-l-environnement.html\" target=\"_blank\" rel=\"noopener\">biodiversit\u00e9 et de l&rsquo;environnement<\/a> et a obtenu la <a href=\"https:\/\/www.uha.fr\/fr\/uha-1\/developpement-durable-responsabilite-societale\/iso-50-001-gestion-de-l-energie.html\" target=\"_blank\" rel=\"noopener noreferrer\">certification ISO 50001<\/a> pour son syst\u00e8me de management de l&rsquo;\u00e9nergie.<\/p>\n<p>Les \u00e9tudiants du campus mulhousien ont la possibilit\u00e9 d&rsquo;avoir diverses aides attach\u00e9es au d\u00e9m\u00e9nagement, pour cela, il faut contacter le <a href=\"https:\/\/www.crous-strasbourg.fr\/service\/accueil-mulhouse\/\" target=\"_blank\" rel=\"noopener\">Clous<\/a>. Les contrats du logement, par exemple le contrat d&rsquo;\u00e9lectricit\u00e9 (voir page <span id=\"OBJ_PREFIX_DWT818_com_zimbra_url\" class=\"Object\" role=\"link\"><span id=\"OBJ_PREFIX_DWT824_com_zimbra_url\" class=\"Object\" role=\"link\"><a href=\"https:\/\/prix-elec.com\/demenagement\/electricite\" target=\"_blank\" rel=\"noopener noreferrer\">prix-elec<\/a><\/span><\/span>), ne sont pas pris en compte, cette d\u00e9marche revient aux \u00e9tudiants.<\/p>\n","protected":false},"excerpt":{"rendered":"<p>Au c\u0153ur de la Regio L\u2019\u00c9cole de chimie de Mulhouse se situe en plein c\u0153ur de la r\u00e9gion trinationale du Rhin Sup\u00e9rieur. Elle offre une grande proximit\u00e9 avec d&rsquo;autres villes de tradition et de culture comme Colmar et Strasbourg c\u00f4t\u00e9 fran\u00e7ais, B\u00e2le et Zurich en Suisse, ou encore Freiburg en Allemagne. La ville est \u00e9galement [&hellip;]<\/p>\n","protected":false},"author":1,"featured_media":194,"parent":2,"menu_order":0,"comment_status":"closed","ping_status":"closed","template":"","meta":{"footnotes":""},"categories":[5],"tags":[],"class_list":["post-15","page","type-page","status-publish","has-post-thumbnail","hentry","category-futurs-etudiants"],"yoast_head":"<!-- This site is optimized with the Yoast SEO plugin v27.4 - https:\/\/yoast.com\/product\/yoast-seo-wordpress\/ -->\n<title>VIE EN ALSACE - ENSCMu<\/title>\n<meta name=\"robots\" content=\"index, follow, max-snippet:-1, max-image-preview:large, max-video-preview:-1\" \/>\n<link rel=\"canonical\" href=\"https:\/\/www.enscmu.uha.fr\/index.php\/ecole-ingenieurs-chimistes-mulhouse\/vie-en-alsace\/\" \/>\n<meta property=\"og:locale\" content=\"fr_FR\" \/>\n<meta property=\"og:type\" content=\"article\" \/>\n<meta property=\"og:title\" content=\"VIE EN ALSACE - ENSCMu\" \/>\n<meta property=\"og:description\" content=\"Au c\u0153ur de la Regio L\u2019\u00c9cole de chimie de Mulhouse se situe en plein c\u0153ur de la r\u00e9gion trinationale du Rhin Sup\u00e9rieur. Elle offre une grande proximit\u00e9 avec d&rsquo;autres villes de tradition et de culture comme Colmar et Strasbourg c\u00f4t\u00e9 fran\u00e7ais, B\u00e2le et Zurich en Suisse, ou encore Freiburg en Allemagne. La ville est \u00e9galement [&hellip;]\" \/>\n<meta property=\"og:url\" content=\"https:\/\/www.enscmu.uha.fr\/index.php\/ecole-ingenieurs-chimistes-mulhouse\/vie-en-alsace\/\" \/>\n<meta property=\"og:site_name\" content=\"ENSCMu | \u00c9cole Nationale Sup\u00e9rieure de Chimie de Mulhouse\" \/>\n<meta property=\"article:modified_time\" content=\"2021-02-09T15:41:43+00:00\" \/>\n<meta property=\"og:image\" content=\"https:\/\/www.enscmu.uha.fr\/wp-content\/uploads\/2017\/12\/Macapa-Fotolia.com_.jpg\" \/>\n\t<meta property=\"og:image:width\" content=\"1713\" \/>\n\t<meta property=\"og:image:height\" content=\"1109\" \/>\n\t<meta property=\"og:image:type\" content=\"image\/jpeg\" \/>\n<meta name=\"twitter:card\" content=\"summary_large_image\" \/>\n<meta name=\"twitter:label1\" content=\"Dur\u00e9e de lecture estim\u00e9e\" \/>\n\t<meta name=\"twitter:data1\" content=\"3 minutes\" \/>\n<script type=\"application\/ld+json\" class=\"yoast-schema-graph\">{\"@context\":\"https:\\\/\\\/schema.org\",\"@graph\":[{\"@type\":\"WebPage\",\"@id\":\"https:\\\/\\\/www.enscmu.uha.fr\\\/index.php\\\/ecole-ingenieurs-chimistes-mulhouse\\\/vie-en-alsace\\\/\",\"url\":\"https:\\\/\\\/www.enscmu.uha.fr\\\/index.php\\\/ecole-ingenieurs-chimistes-mulhouse\\\/vie-en-alsace\\\/\",\"name\":\"VIE EN ALSACE - ENSCMu\",\"isPartOf\":{\"@id\":\"https:\\\/\\\/www.enscmu.uha.fr\\\/#website\"},\"primaryImageOfPage\":{\"@id\":\"https:\\\/\\\/www.enscmu.uha.fr\\\/index.php\\\/ecole-ingenieurs-chimistes-mulhouse\\\/vie-en-alsace\\\/#primaryimage\"},\"image\":{\"@id\":\"https:\\\/\\\/www.enscmu.uha.fr\\\/index.php\\\/ecole-ingenieurs-chimistes-mulhouse\\\/vie-en-alsace\\\/#primaryimage\"},\"thumbnailUrl\":\"https:\\\/\\\/www.enscmu.uha.fr\\\/wp-content\\\/uploads\\\/2017\\\/12\\\/Macapa-Fotolia.com_.jpg\",\"datePublished\":\"2017-12-12T14:48:46+00:00\",\"dateModified\":\"2021-02-09T15:41:43+00:00\",\"breadcrumb\":{\"@id\":\"https:\\\/\\\/www.enscmu.uha.fr\\\/index.php\\\/ecole-ingenieurs-chimistes-mulhouse\\\/vie-en-alsace\\\/#breadcrumb\"},\"inLanguage\":\"fr-FR\",\"potentialAction\":[{\"@type\":\"ReadAction\",\"target\":[\"https:\\\/\\\/www.enscmu.uha.fr\\\/index.php\\\/ecole-ingenieurs-chimistes-mulhouse\\\/vie-en-alsace\\\/\"]}]},{\"@type\":\"ImageObject\",\"inLanguage\":\"fr-FR\",\"@id\":\"https:\\\/\\\/www.enscmu.uha.fr\\\/index.php\\\/ecole-ingenieurs-chimistes-mulhouse\\\/vie-en-alsace\\\/#primaryimage\",\"url\":\"https:\\\/\\\/www.enscmu.uha.fr\\\/wp-content\\\/uploads\\\/2017\\\/12\\\/Macapa-Fotolia.com_.jpg\",\"contentUrl\":\"https:\\\/\\\/www.enscmu.uha.fr\\\/wp-content\\\/uploads\\\/2017\\\/12\\\/Macapa-Fotolia.com_.jpg\",\"width\":1713,\"height\":1109,\"caption\":\"Vie en Alsace\"},{\"@type\":\"BreadcrumbList\",\"@id\":\"https:\\\/\\\/www.enscmu.uha.fr\\\/index.php\\\/ecole-ingenieurs-chimistes-mulhouse\\\/vie-en-alsace\\\/#breadcrumb\",\"itemListElement\":[{\"@type\":\"ListItem\",\"position\":1,\"name\":\"Accueil\",\"item\":\"https:\\\/\\\/www.enscmu.uha.fr\\\/\"},{\"@type\":\"ListItem\",\"position\":2,\"name\":\"L&rsquo;ENSCMu\",\"item\":\"https:\\\/\\\/www.enscmu.uha.fr\\\/index.php\\\/ecole-ingenieurs-chimistes-mulhouse\\\/\"},{\"@type\":\"ListItem\",\"position\":3,\"name\":\"VIE EN ALSACE\"}]},{\"@type\":\"WebSite\",\"@id\":\"https:\\\/\\\/www.enscmu.uha.fr\\\/#website\",\"url\":\"https:\\\/\\\/www.enscmu.uha.fr\\\/\",\"name\":\"ENSCMu | \u00c9cole Nationale Sup\u00e9rieure de Chimie de Mulhouse\",\"description\":\"Campus Illberg | Universit\u00e9 de Haute-Alsace\",\"potentialAction\":[{\"@type\":\"SearchAction\",\"target\":{\"@type\":\"EntryPoint\",\"urlTemplate\":\"https:\\\/\\\/www.enscmu.uha.fr\\\/?s={search_term_string}\"},\"query-input\":{\"@type\":\"PropertyValueSpecification\",\"valueRequired\":true,\"valueName\":\"search_term_string\"}}],\"inLanguage\":\"fr-FR\"}]}<\/script>\n<!-- \/ Yoast SEO plugin. -->","yoast_head_json":{"title":"VIE EN ALSACE - ENSCMu","robots":{"index":"index","follow":"follow","max-snippet":"max-snippet:-1","max-image-preview":"max-image-preview:large","max-video-preview":"max-video-preview:-1"},"canonical":"https:\/\/www.enscmu.uha.fr\/index.php\/ecole-ingenieurs-chimistes-mulhouse\/vie-en-alsace\/","og_locale":"fr_FR","og_type":"article","og_title":"VIE EN ALSACE - ENSCMu","og_description":"Au c\u0153ur de la Regio L\u2019\u00c9cole de chimie de Mulhouse se situe en plein c\u0153ur de la r\u00e9gion trinationale du Rhin Sup\u00e9rieur. Elle offre une grande proximit\u00e9 avec d&rsquo;autres villes de tradition et de culture comme Colmar et Strasbourg c\u00f4t\u00e9 fran\u00e7ais, B\u00e2le et Zurich en Suisse, ou encore Freiburg en Allemagne. La ville est \u00e9galement [&hellip;]","og_url":"https:\/\/www.enscmu.uha.fr\/index.php\/ecole-ingenieurs-chimistes-mulhouse\/vie-en-alsace\/","og_site_name":"ENSCMu | \u00c9cole Nationale Sup\u00e9rieure de Chimie de Mulhouse","article_modified_time":"2021-02-09T15:41:43+00:00","og_image":[{"width":1713,"height":1109,"url":"https:\/\/www.enscmu.uha.fr\/wp-content\/uploads\/2017\/12\/Macapa-Fotolia.com_.jpg","type":"image\/jpeg"}],"twitter_card":"summary_large_image","twitter_misc":{"Dur\u00e9e de lecture estim\u00e9e":"3 minutes"},"schema":{"@context":"https:\/\/schema.org","@graph":[{"@type":"WebPage","@id":"https:\/\/www.enscmu.uha.fr\/index.php\/ecole-ingenieurs-chimistes-mulhouse\/vie-en-alsace\/","url":"https:\/\/www.enscmu.uha.fr\/index.php\/ecole-ingenieurs-chimistes-mulhouse\/vie-en-alsace\/","name":"VIE EN ALSACE - ENSCMu","isPartOf":{"@id":"https:\/\/www.enscmu.uha.fr\/#website"},"primaryImageOfPage":{"@id":"https:\/\/www.enscmu.uha.fr\/index.php\/ecole-ingenieurs-chimistes-mulhouse\/vie-en-alsace\/#primaryimage"},"image":{"@id":"https:\/\/www.enscmu.uha.fr\/index.php\/ecole-ingenieurs-chimistes-mulhouse\/vie-en-alsace\/#primaryimage"},"thumbnailUrl":"https:\/\/www.enscmu.uha.fr\/wp-content\/uploads\/2017\/12\/Macapa-Fotolia.com_.jpg","datePublished":"2017-12-12T14:48:46+00:00","dateModified":"2021-02-09T15:41:43+00:00","breadcrumb":{"@id":"https:\/\/www.enscmu.uha.fr\/index.php\/ecole-ingenieurs-chimistes-mulhouse\/vie-en-alsace\/#breadcrumb"},"inLanguage":"fr-FR","potentialAction":[{"@type":"ReadAction","target":["https:\/\/www.enscmu.uha.fr\/index.php\/ecole-ingenieurs-chimistes-mulhouse\/vie-en-alsace\/"]}]},{"@type":"ImageObject","inLanguage":"fr-FR","@id":"https:\/\/www.enscmu.uha.fr\/index.php\/ecole-ingenieurs-chimistes-mulhouse\/vie-en-alsace\/#primaryimage","url":"https:\/\/www.enscmu.uha.fr\/wp-content\/uploads\/2017\/12\/Macapa-Fotolia.com_.jpg","contentUrl":"https:\/\/www.enscmu.uha.fr\/wp-content\/uploads\/2017\/12\/Macapa-Fotolia.com_.jpg","width":1713,"height":1109,"caption":"Vie en Alsace"},{"@type":"BreadcrumbList","@id":"https:\/\/www.enscmu.uha.fr\/index.php\/ecole-ingenieurs-chimistes-mulhouse\/vie-en-alsace\/#breadcrumb","itemListElement":[{"@type":"ListItem","position":1,"name":"Accueil","item":"https:\/\/www.enscmu.uha.fr\/"},{"@type":"ListItem","position":2,"name":"L&rsquo;ENSCMu","item":"https:\/\/www.enscmu.uha.fr\/index.php\/ecole-ingenieurs-chimistes-mulhouse\/"},{"@type":"ListItem","position":3,"name":"VIE EN ALSACE"}]},{"@type":"WebSite","@id":"https:\/\/www.enscmu.uha.fr\/#website","url":"https:\/\/www.enscmu.uha.fr\/","name":"ENSCMu | \u00c9cole Nationale Sup\u00e9rieure de Chimie de Mulhouse","description":"Campus Illberg | Universit\u00e9 de Haute-Alsace","potentialAction":[{"@type":"SearchAction","target":{"@type":"EntryPoint","urlTemplate":"https:\/\/www.enscmu.uha.fr\/?s={search_term_string}"},"query-input":{"@type":"PropertyValueSpecification","valueRequired":true,"valueName":"search_term_string"}}],"inLanguage":"fr-FR"}]}},"_links":{"self":[{"href":"https:\/\/www.enscmu.uha.fr\/index.php\/wp-json\/wp\/v2\/pages\/15","targetHints":{"allow":["GET"]}}],"collection":[{"href":"https:\/\/www.enscmu.uha.fr\/index.php\/wp-json\/wp\/v2\/pages"}],"about":[{"href":"https:\/\/www.enscmu.uha.fr\/index.php\/wp-json\/wp\/v2\/types\/page"}],"author":[{"embeddable":true,"href":"https:\/\/www.enscmu.uha.fr\/index.php\/wp-json\/wp\/v2\/users\/1"}],"replies":[{"embeddable":true,"href":"https:\/\/www.enscmu.uha.fr\/index.php\/wp-json\/wp\/v2\/comments?post=15"}],"version-history":[{"count":12,"href":"https:\/\/www.enscmu.uha.fr\/index.php\/wp-json\/wp\/v2\/pages\/15\/revisions"}],"predecessor-version":[{"id":2998,"href":"https:\/\/www.enscmu.uha.fr\/index.php\/wp-json\/wp\/v2\/pages\/15\/revisions\/2998"}],"up":[{"embeddable":true,"href":"https:\/\/www.enscmu.uha.fr\/index.php\/wp-json\/wp\/v2\/pages\/2"}],"wp:featuredmedia":[{"embeddable":true,"href":"https:\/\/www.enscmu.uha.fr\/index.php\/wp-json\/wp\/v2\/media\/194"}],"wp:attachment":[{"href":"https:\/\/www.enscmu.uha.fr\/index.php\/wp-json\/wp\/v2\/media?parent=15"}],"wp:term":[{"taxonomy":"category","embeddable":true,"href":"https:\/\/www.enscmu.uha.fr\/index.php\/wp-json\/wp\/v2\/categories?post=15"},{"taxonomy":"post_tag","embeddable":true,"href":"https:\/\/www.enscmu.uha.fr\/index.php\/wp-json\/wp\/v2\/tags?post=15"}],"curies":[{"name":"wp","href":"https:\/\/api.w.org\/{rel}","templated":true}]}}