{"id":17,"date":"2017-12-12T15:48:57","date_gmt":"2017-12-12T14:48:57","guid":{"rendered":"https:\/\/www.enscmu.uha.fr\/?page_id=17"},"modified":"2026-04-07T09:36:19","modified_gmt":"2026-04-07T07:36:19","slug":"formation","status":"publish","type":"page","link":"https:\/\/www.enscmu.uha.fr\/index.php\/formation\/","title":{"rendered":"FORMATION"},"content":{"rendered":"<figure id=\"attachment_198\" aria-describedby=\"caption-attachment-198\" style=\"width: 500px\" class=\"wp-caption alignright\"><img loading=\"lazy\" decoding=\"async\" class=\"wp-image-198\" title=\"Travaux pratiques en chimie macromoleculaire\" src=\"https:\/\/www.enscmu.uha.fr\/wp-content\/uploads\/2017\/12\/ENSCMu-travaux-pratiques-chimie-macromoleculaire2\u00a9GregoryTachet-300x200.jpg\" alt=\"formation travaux pratiques en chimie macromoleculaire\" width=\"500\" height=\"334\" srcset=\"https:\/\/www.enscmu.uha.fr\/wp-content\/uploads\/2017\/12\/ENSCMu-travaux-pratiques-chimie-macromoleculaire2\u00a9GregoryTachet-300x200.jpg 300w, https:\/\/www.enscmu.uha.fr\/wp-content\/uploads\/2017\/12\/ENSCMu-travaux-pratiques-chimie-macromoleculaire2\u00a9GregoryTachet-768x512.jpg 768w, https:\/\/www.enscmu.uha.fr\/wp-content\/uploads\/2017\/12\/ENSCMu-travaux-pratiques-chimie-macromoleculaire2\u00a9GregoryTachet-1024x683.jpg 1024w, https:\/\/www.enscmu.uha.fr\/wp-content\/uploads\/2017\/12\/ENSCMu-travaux-pratiques-chimie-macromoleculaire2\u00a9GregoryTachet.jpg 1181w\" sizes=\"auto, (max-width: 500px) 100vw, 500px\" \/><figcaption id=\"caption-attachment-198\" class=\"wp-caption-text\">\u00a9GregoryTachet<\/figcaption><\/figure>\n<p>L\u2019ENSCMu propose trois formations correspondant \u00e0 des niveaux diff\u00e9rents\u00a0:<\/p>\n<ul>\n<li>une <a href=\"https:\/\/www.enscmu.uha.fr\/index.php\/formation\/cycle-ingenieur\/\">formation d\u2019ing\u00e9nieur chimiste<\/a> en trois ans apr\u00e8s Bac+2,<\/li>\n<li>un <a href=\"https:\/\/www.enscmu.uha.fr\/index.php\/formation\/cycle-post-bac\/\">cycle post-bac<\/a>, dont l\u2019admission apr\u00e8s un Bac S est g\u00e9r\u00e9e par l&rsquo;ENSCMu via <a href=\"https:\/\/dossier.parcoursup.fr\/Candidats\/public\/fiches\/afficherFicheFormation?g_ta_cod=51729&amp;typeBac=0&amp;originePc=0\" target=\"_blank\" rel=\"noopener\">Parcoursup<\/a>.<\/li>\n<\/ul>\n<p>En savoir plus sur les modalit\u00e9s d\u2019<a href=\"https:\/\/www.enscmu.uha.fr\/index.php\/formation\/admission\/\">admission<\/a> et d\u2019<a href=\"https:\/\/www.enscmu.uha.fr\/index.php\/formation\/inscription\/\">inscription<\/a>.<\/p>\n<ul>\n<li>un programme <a href=\"https:\/\/www.enscmu.uha.fr\/index.php\/formation\/mastere-specialise\/\">Mast\u00e8re Sp\u00e9cialis\u00e9 en gestion des risques et menaces N.R.B.C.E. (Nucl\u00e9aire, Radioactif, Biologique, Chimique Explosif)<\/a> post Bac+5 ou \u00e9quivalent. Il s\u2019agit d\u2019une formation d\u2019un an de sp\u00e9cialisation, habilit\u00e9e par la <a href=\"https:\/\/www.cge.asso.fr\/\" target=\"_blank\" rel=\"noopener noreferrer\">Conf\u00e9rence des Grandes \u00c9coles<\/a>.<\/li>\n<\/ul>\n<p>En savoir plus sur les modalit\u00e9s d&rsquo;admission et d&rsquo;inscription\u00a0: <a href=\"http:\/\/www.serfa.fr\/formations-diplomantes\/gestion-des-risques\/mastere-specialise-gestion-des-risques-et-menaces-n-r-b-c-e.html\" target=\"_blank\" rel=\"noopener noreferrer\">www.serfa.fr<\/a>.<\/p>\n","protected":false},"excerpt":{"rendered":"<p>L\u2019ENSCMu propose trois formations correspondant \u00e0 des niveaux diff\u00e9rents\u00a0: une formation d\u2019ing\u00e9nieur chimiste en trois ans apr\u00e8s Bac+2, un cycle post-bac, dont l\u2019admission apr\u00e8s un Bac S est g\u00e9r\u00e9e par l&rsquo;ENSCMu via Parcoursup. En savoir plus sur les modalit\u00e9s d\u2019admission et d\u2019inscription. un programme Mast\u00e8re Sp\u00e9cialis\u00e9 en gestion des risques et menaces N.R.B.C.E. (Nucl\u00e9aire, Radioactif, [&hellip;]<\/p>\n","protected":false},"author":1,"featured_media":198,"parent":0,"menu_order":0,"comment_status":"closed","ping_status":"closed","template":"","meta":{"footnotes":""},"categories":[6,5],"tags":[],"class_list":["post-17","page","type-page","status-publish","has-post-thumbnail","hentry","category-entreprises-partenaires","category-futurs-etudiants"],"yoast_head":"<!-- This site is optimized with the Yoast SEO plugin v27.4 - https:\/\/yoast.com\/product\/yoast-seo-wordpress\/ -->\n<title>FORMATION - ENSCMu<\/title>\n<meta name=\"description\" content=\"L\u2019ENSCMu propose une formation d\u2019ing\u00e9nieur chimiste en trois ans apr\u00e8s Bac+2, un cycle post bac int\u00e9gr\u00e9 et un Mast\u00e8re sp\u00e9cialis\u00e9 post bac+5.\" \/>\n<meta name=\"robots\" content=\"index, follow, max-snippet:-1, max-image-preview:large, max-video-preview:-1\" \/>\n<link rel=\"canonical\" href=\"https:\/\/www.enscmu.uha.fr\/index.php\/formation\/\" \/>\n<meta property=\"og:locale\" content=\"fr_FR\" \/>\n<meta property=\"og:type\" content=\"article\" \/>\n<meta property=\"og:title\" content=\"FORMATION - ENSCMu\" \/>\n<meta property=\"og:description\" content=\"L\u2019ENSCMu propose une formation d\u2019ing\u00e9nieur chimiste en trois ans apr\u00e8s Bac+2, un cycle post bac int\u00e9gr\u00e9 et un Mast\u00e8re sp\u00e9cialis\u00e9 post bac+5.\" \/>\n<meta property=\"og:url\" content=\"https:\/\/www.enscmu.uha.fr\/index.php\/formation\/\" \/>\n<meta property=\"og:site_name\" content=\"ENSCMu | \u00c9cole Nationale Sup\u00e9rieure de Chimie de Mulhouse\" \/>\n<meta property=\"article:modified_time\" content=\"2026-04-07T07:36:19+00:00\" \/>\n<meta property=\"og:image\" content=\"https:\/\/www.enscmu.uha.fr\/wp-content\/uploads\/2017\/12\/ENSCMu-travaux-pratiques-chimie-macromoleculaire2\u00a9GregoryTachet.jpg\" \/>\n\t<meta property=\"og:image:width\" content=\"1181\" \/>\n\t<meta property=\"og:image:height\" content=\"788\" \/>\n\t<meta property=\"og:image:type\" content=\"image\/jpeg\" \/>\n<meta name=\"twitter:card\" content=\"summary_large_image\" \/>\n<meta name=\"twitter:label1\" content=\"Dur\u00e9e de lecture estim\u00e9e\" \/>\n\t<meta name=\"twitter:data1\" content=\"1 minute\" \/>\n<script type=\"application\/ld+json\" class=\"yoast-schema-graph\">{\"@context\":\"https:\\\/\\\/schema.org\",\"@graph\":[{\"@type\":\"WebPage\",\"@id\":\"https:\\\/\\\/www.enscmu.uha.fr\\\/index.php\\\/formation\\\/\",\"url\":\"https:\\\/\\\/www.enscmu.uha.fr\\\/index.php\\\/formation\\\/\",\"name\":\"FORMATION - ENSCMu\",\"isPartOf\":{\"@id\":\"https:\\\/\\\/www.enscmu.uha.fr\\\/#website\"},\"primaryImageOfPage\":{\"@id\":\"https:\\\/\\\/www.enscmu.uha.fr\\\/index.php\\\/formation\\\/#primaryimage\"},\"image\":{\"@id\":\"https:\\\/\\\/www.enscmu.uha.fr\\\/index.php\\\/formation\\\/#primaryimage\"},\"thumbnailUrl\":\"https:\\\/\\\/www.enscmu.uha.fr\\\/wp-content\\\/uploads\\\/2017\\\/12\\\/ENSCMu-travaux-pratiques-chimie-macromoleculaire2\u00a9GregoryTachet.jpg\",\"datePublished\":\"2017-12-12T14:48:57+00:00\",\"dateModified\":\"2026-04-07T07:36:19+00:00\",\"description\":\"L\u2019ENSCMu propose une formation d\u2019ing\u00e9nieur chimiste en trois ans apr\u00e8s Bac+2, un cycle post bac int\u00e9gr\u00e9 et un Mast\u00e8re sp\u00e9cialis\u00e9 post bac+5.\",\"breadcrumb\":{\"@id\":\"https:\\\/\\\/www.enscmu.uha.fr\\\/index.php\\\/formation\\\/#breadcrumb\"},\"inLanguage\":\"fr-FR\",\"potentialAction\":[{\"@type\":\"ReadAction\",\"target\":[\"https:\\\/\\\/www.enscmu.uha.fr\\\/index.php\\\/formation\\\/\"]}]},{\"@type\":\"ImageObject\",\"inLanguage\":\"fr-FR\",\"@id\":\"https:\\\/\\\/www.enscmu.uha.fr\\\/index.php\\\/formation\\\/#primaryimage\",\"url\":\"https:\\\/\\\/www.enscmu.uha.fr\\\/wp-content\\\/uploads\\\/2017\\\/12\\\/ENSCMu-travaux-pratiques-chimie-macromoleculaire2\u00a9GregoryTachet.jpg\",\"contentUrl\":\"https:\\\/\\\/www.enscmu.uha.fr\\\/wp-content\\\/uploads\\\/2017\\\/12\\\/ENSCMu-travaux-pratiques-chimie-macromoleculaire2\u00a9GregoryTachet.jpg\",\"width\":1181,\"height\":788,\"caption\":\"\u00a9GregoryTachet\"},{\"@type\":\"BreadcrumbList\",\"@id\":\"https:\\\/\\\/www.enscmu.uha.fr\\\/index.php\\\/formation\\\/#breadcrumb\",\"itemListElement\":[{\"@type\":\"ListItem\",\"position\":1,\"name\":\"Accueil\",\"item\":\"https:\\\/\\\/www.enscmu.uha.fr\\\/\"},{\"@type\":\"ListItem\",\"position\":2,\"name\":\"FORMATION\"}]},{\"@type\":\"WebSite\",\"@id\":\"https:\\\/\\\/www.enscmu.uha.fr\\\/#website\",\"url\":\"https:\\\/\\\/www.enscmu.uha.fr\\\/\",\"name\":\"ENSCMu | \u00c9cole Nationale Sup\u00e9rieure de Chimie de Mulhouse\",\"description\":\"Campus Illberg | Universit\u00e9 de Haute-Alsace\",\"potentialAction\":[{\"@type\":\"SearchAction\",\"target\":{\"@type\":\"EntryPoint\",\"urlTemplate\":\"https:\\\/\\\/www.enscmu.uha.fr\\\/?s={search_term_string}\"},\"query-input\":{\"@type\":\"PropertyValueSpecification\",\"valueRequired\":true,\"valueName\":\"search_term_string\"}}],\"inLanguage\":\"fr-FR\"}]}<\/script>\n<!-- \/ Yoast SEO plugin. -->","yoast_head_json":{"title":"FORMATION - ENSCMu","description":"L\u2019ENSCMu propose une formation d\u2019ing\u00e9nieur chimiste en trois ans apr\u00e8s Bac+2, un cycle post bac int\u00e9gr\u00e9 et un Mast\u00e8re sp\u00e9cialis\u00e9 post bac+5.","robots":{"index":"index","follow":"follow","max-snippet":"max-snippet:-1","max-image-preview":"max-image-preview:large","max-video-preview":"max-video-preview:-1"},"canonical":"https:\/\/www.enscmu.uha.fr\/index.php\/formation\/","og_locale":"fr_FR","og_type":"article","og_title":"FORMATION - ENSCMu","og_description":"L\u2019ENSCMu propose une formation d\u2019ing\u00e9nieur chimiste en trois ans apr\u00e8s Bac+2, un cycle post bac int\u00e9gr\u00e9 et un Mast\u00e8re sp\u00e9cialis\u00e9 post bac+5.","og_url":"https:\/\/www.enscmu.uha.fr\/index.php\/formation\/","og_site_name":"ENSCMu | \u00c9cole Nationale Sup\u00e9rieure de Chimie de Mulhouse","article_modified_time":"2026-04-07T07:36:19+00:00","og_image":[{"width":1181,"height":788,"url":"https:\/\/www.enscmu.uha.fr\/wp-content\/uploads\/2017\/12\/ENSCMu-travaux-pratiques-chimie-macromoleculaire2\u00a9GregoryTachet.jpg","type":"image\/jpeg"}],"twitter_card":"summary_large_image","twitter_misc":{"Dur\u00e9e de lecture estim\u00e9e":"1 minute"},"schema":{"@context":"https:\/\/schema.org","@graph":[{"@type":"WebPage","@id":"https:\/\/www.enscmu.uha.fr\/index.php\/formation\/","url":"https:\/\/www.enscmu.uha.fr\/index.php\/formation\/","name":"FORMATION - ENSCMu","isPartOf":{"@id":"https:\/\/www.enscmu.uha.fr\/#website"},"primaryImageOfPage":{"@id":"https:\/\/www.enscmu.uha.fr\/index.php\/formation\/#primaryimage"},"image":{"@id":"https:\/\/www.enscmu.uha.fr\/index.php\/formation\/#primaryimage"},"thumbnailUrl":"https:\/\/www.enscmu.uha.fr\/wp-content\/uploads\/2017\/12\/ENSCMu-travaux-pratiques-chimie-macromoleculaire2\u00a9GregoryTachet.jpg","datePublished":"2017-12-12T14:48:57+00:00","dateModified":"2026-04-07T07:36:19+00:00","description":"L\u2019ENSCMu propose une formation d\u2019ing\u00e9nieur chimiste en trois ans apr\u00e8s Bac+2, un cycle post bac int\u00e9gr\u00e9 et un Mast\u00e8re sp\u00e9cialis\u00e9 post bac+5.","breadcrumb":{"@id":"https:\/\/www.enscmu.uha.fr\/index.php\/formation\/#breadcrumb"},"inLanguage":"fr-FR","potentialAction":[{"@type":"ReadAction","target":["https:\/\/www.enscmu.uha.fr\/index.php\/formation\/"]}]},{"@type":"ImageObject","inLanguage":"fr-FR","@id":"https:\/\/www.enscmu.uha.fr\/index.php\/formation\/#primaryimage","url":"https:\/\/www.enscmu.uha.fr\/wp-content\/uploads\/2017\/12\/ENSCMu-travaux-pratiques-chimie-macromoleculaire2\u00a9GregoryTachet.jpg","contentUrl":"https:\/\/www.enscmu.uha.fr\/wp-content\/uploads\/2017\/12\/ENSCMu-travaux-pratiques-chimie-macromoleculaire2\u00a9GregoryTachet.jpg","width":1181,"height":788,"caption":"\u00a9GregoryTachet"},{"@type":"BreadcrumbList","@id":"https:\/\/www.enscmu.uha.fr\/index.php\/formation\/#breadcrumb","itemListElement":[{"@type":"ListItem","position":1,"name":"Accueil","item":"https:\/\/www.enscmu.uha.fr\/"},{"@type":"ListItem","position":2,"name":"FORMATION"}]},{"@type":"WebSite","@id":"https:\/\/www.enscmu.uha.fr\/#website","url":"https:\/\/www.enscmu.uha.fr\/","name":"ENSCMu | \u00c9cole Nationale Sup\u00e9rieure de Chimie de Mulhouse","description":"Campus Illberg | Universit\u00e9 de Haute-Alsace","potentialAction":[{"@type":"SearchAction","target":{"@type":"EntryPoint","urlTemplate":"https:\/\/www.enscmu.uha.fr\/?s={search_term_string}"},"query-input":{"@type":"PropertyValueSpecification","valueRequired":true,"valueName":"search_term_string"}}],"inLanguage":"fr-FR"}]}},"_links":{"self":[{"href":"https:\/\/www.enscmu.uha.fr\/index.php\/wp-json\/wp\/v2\/pages\/17","targetHints":{"allow":["GET"]}}],"collection":[{"href":"https:\/\/www.enscmu.uha.fr\/index.php\/wp-json\/wp\/v2\/pages"}],"about":[{"href":"https:\/\/www.enscmu.uha.fr\/index.php\/wp-json\/wp\/v2\/types\/page"}],"author":[{"embeddable":true,"href":"https:\/\/www.enscmu.uha.fr\/index.php\/wp-json\/wp\/v2\/users\/1"}],"replies":[{"embeddable":true,"href":"https:\/\/www.enscmu.uha.fr\/index.php\/wp-json\/wp\/v2\/comments?post=17"}],"version-history":[{"count":20,"href":"https:\/\/www.enscmu.uha.fr\/index.php\/wp-json\/wp\/v2\/pages\/17\/revisions"}],"predecessor-version":[{"id":6067,"href":"https:\/\/www.enscmu.uha.fr\/index.php\/wp-json\/wp\/v2\/pages\/17\/revisions\/6067"}],"wp:featuredmedia":[{"embeddable":true,"href":"https:\/\/www.enscmu.uha.fr\/index.php\/wp-json\/wp\/v2\/media\/198"}],"wp:attachment":[{"href":"https:\/\/www.enscmu.uha.fr\/index.php\/wp-json\/wp\/v2\/media?parent=17"}],"wp:term":[{"taxonomy":"category","embeddable":true,"href":"https:\/\/www.enscmu.uha.fr\/index.php\/wp-json\/wp\/v2\/categories?post=17"},{"taxonomy":"post_tag","embeddable":true,"href":"https:\/\/www.enscmu.uha.fr\/index.php\/wp-json\/wp\/v2\/tags?post=17"}],"curies":[{"name":"wp","href":"https:\/\/api.w.org\/{rel}","templated":true}]}}