{"id":19,"date":"2017-12-12T15:49:08","date_gmt":"2017-12-12T14:49:08","guid":{"rendered":"https:\/\/www.enscmu.uha.fr\/?page_id=19"},"modified":"2025-11-07T12:09:28","modified_gmt":"2025-11-07T11:09:28","slug":"admissions","status":"publish","type":"page","link":"https:\/\/www.enscmu.uha.fr\/index.php\/formation\/admissions\/","title":{"rendered":"ADMISSIONS"},"content":{"rendered":"<div class=\"deflex main\" style=\"display: flex;\">\n<div class=\"deborder\" style=\"width: 70%; margin-left: auto; margin-right: auto; padding-right: 5%;\">\n<p>Les admissions pr\u00e9c\u00e8dent la proc\u00e9dure d&rsquo;inscription. Ci-dessous les diff\u00e9rentes voies d&rsquo;admission \u00e0 l&rsquo;ENSCMu.<\/p>\n<h1>Admissions post-bac<\/h1>\n<p style=\"font-weight: 400;\">Le <a href=\"https:\/\/www.enscmu.uha.fr\/index.php\/cycle-post-bac-integre-de-lenscmu\/\">cycle post-Bac de l&rsquo;ENSCMu<\/a> permet aux bacheliers qui le choisissent de se pr\u00e9parer au m\u00e9tier d\u2019ing\u00e9nieur en 5 ans. Il dispose de 16 places.<\/p>\n<p style=\"font-weight: 400;\">A partir de la rentr\u00e9e 2026, les candidats titulaires d\u2019un Bac voie g\u00e9n\u00e9rale pourront candidater sur la plateforme d&rsquo;inscription post-bac\u00a0<a href=\"https:\/\/www.parcoursup.fr\/index.php?desc=accueil\">Parcoursup<\/a>. Les candidatures seront g\u00e9r\u00e9es par l\u2019ENSCMu, qui examinera les dossiers des candidats et effectuera une s\u00e9lection.<\/p>\n<p>Les \u00e9l\u00e8ves admis en cycle post-bac de l&rsquo;ENSCMu seront inscrits directement \u00e0 l&rsquo;\u00e9cole.<\/p>\n<p>Le cycle post-bac se d\u00e9roule en 2 ans (2&#215;60 ECTS pour European Credits Transfert System) avec une \u00e9valuation des connaissances tout au long du cursus.<\/p>\n<p>\u00c0 l\u2019issue du cycle post-bac de l&rsquo;ENSCMu, l\u2019int\u00e9gration dans son cursus ing\u00e9nieur est directe et sans concours sous r\u00e9serve de la validation des 120 ECTS.<\/p>\n<p><!--<strong>Plus d'informations sur les mesures exceptionnelles appliqu\u00e9es par le Groupe INSA pour les admissions 2020-2021 ici : <a href=\"https:\/\/www.groupe-insa.fr\/preparer\/comment-candidater\/information-groupe-insa-coronavirus-covid-19\" target=\"_blank\" rel=\"noopener noreferrer\">INFORMATION GROUPE INSA COVID-19<\/a><\/strong> --><\/p>\n<h1>Admissions apr\u00e8s Bac+2 sous statut \u00e9tudiant<!-- Rentr\u00e9e 2020\/21 : tout dossier ou document pour une demande d'admission en cycle ing\u00e9nieur peut \u00eatre envoy\u00e9 \u00e0 l'adresse <span id=\"OBJ_PREFIX_DWT542_ZmEmailObjectHandler\" class=\"Object\" role=\"link\"><span id=\"OBJ_PREFIX_DWT548_ZmEmailObjectHandler\" class=\"Object\" role=\"link\"><a href=\"https:\/\/www.enscmu.uha.fr\/index.php\/contacts-acces\/\">scolarite.enscmu@uha.fr<\/a>.<\/span><\/span> --><\/h1>\n<p data-wp-editing=\"1\"><img loading=\"lazy\" decoding=\"async\" class=\"alignnone wp-image-5645\" title=\"admission ENSCMu\" src=\"https:\/\/www.enscmu.uha.fr\/wp-content\/uploads\/2025\/10\/ENSCMU_Admissions_statut_etudiant_2025-26-288x300.jpg\" alt=\"\" width=\"620\" height=\"645\" srcset=\"https:\/\/www.enscmu.uha.fr\/wp-content\/uploads\/2025\/10\/ENSCMU_Admissions_statut_etudiant_2025-26-288x300.jpg 288w, https:\/\/www.enscmu.uha.fr\/wp-content\/uploads\/2025\/10\/ENSCMU_Admissions_statut_etudiant_2025-26.jpg 709w\" sizes=\"auto, (max-width: 620px) 100vw, 620px\" \/><\/p>\n<h1>Admissions apr\u00e8s Bac+2 sous statut apprenti<\/h1>\n<p><img loading=\"lazy\" decoding=\"async\" class=\"alignnone wp-image-5644 size-full\" src=\"https:\/\/www.enscmu.uha.fr\/wp-content\/uploads\/2025\/10\/ENSCMU_Admissions_statut_apprenti_2025-26.jpg\" alt=\"\" width=\"620\" height=\"224\" srcset=\"https:\/\/www.enscmu.uha.fr\/wp-content\/uploads\/2025\/10\/ENSCMU_Admissions_statut_apprenti_2025-26.jpg 620w, https:\/\/www.enscmu.uha.fr\/wp-content\/uploads\/2025\/10\/ENSCMU_Admissions_statut_apprenti_2025-26-300x108.jpg 300w\" sizes=\"auto, (max-width: 620px) 100vw, 620px\" \/><\/p>\n<p><!-- <strong><span style=\"display: inline-block; width: 0px; overflow: hidden; line-height: 0;\" data-mce-type=\"bookmark\" class=\"mce_SELRES_start\"><\/span>Plus d'informations sur le calendrier exceptionnel des concours communs INP pour les admissions 2020-2021 ici : <a href=\"http:\/\/www.concours-commun-inp.fr\/fr\/calendrier\/calendrier.html\" target=\"_blank\" rel=\"noopener noreferrer\">CC INP CALENDRIER SESSION 2020<\/a><\/strong>\n\n<strong>Plus d'informations sur les admissions et examens en classes pr\u00e9paratoires int\u00e9gr\u00e9es CPI de la F\u00e9d\u00e9ration Gay-Lussac pour la rentr\u00e9e 2020 ici : <a href=\"http:\/\/www.concours-commun-inp.fr\/fr\/calendrier\/calendrier.html\" target=\"_blank\" rel=\"noopener noreferrer\">CPI FGL SESSION 2020<\/a><\/strong> --><\/p>\n<p>Plus de d\u00e9tails sur :<\/p>\n<ul>\n<li><a href=\"https:\/\/www.enscmu.uha.fr\/index.php\/cycle-post-bac-integre-de-lenscmu\/\">Cycle post-bac de l\u2019ENSCMu<\/a>,<\/li>\n<li><a href=\"https:\/\/www.enscmu.uha.fr\/index.php\/admission-sur-titre-1re-annee\/\">Admission sur titres en 1re ann\u00e9e de cycle ing\u00e9nieur<\/a>,<\/li>\n<li><a href=\"https:\/\/www.enscmu.uha.fr\/index.php\/admission-sur-titre-2e-annee\/\">Admission sur titres en 2e ann\u00e9e de cycle ing\u00e9nieur<\/a>,<\/li>\n<li><a href=\"http:\/\/www.concours-commun-inp.fr\/fr\/index.html\" target=\"_blank\" rel=\"noopener noreferrer\">Classes pr\u00e9paratoires CPGE au concours commun INP<\/a>,<\/li>\n<li><a href=\"https:\/\/20ecolesdechimie.com\/les-classes-preparatoires-integrees\/\" target=\"_blank\" rel=\"noopener noreferrer\">Classes pr\u00e9paratoires int\u00e9gr\u00e9es de la F\u00e9d\u00e9ration Gay-Lussac,<\/a><\/li>\n<li><a href=\"https:\/\/www.fst.uha.fr\/index.php\/formations\/licences\/licence-regio-chimica\/\" target=\"_blank\" rel=\"noopener noreferrer\">Licence transfrontali\u00e8re en chimie Regio Chimica<\/a><\/li>\n<\/ul>\n<\/div>\n<div style=\"width: 27.5%; margin-left: auto; margin-right: auto;\">\n<p>Contact : Service de scolarit\u00e9<br \/>\nT\u00e9l. : +33 (0)3 89 33 68 14<br \/>\nCourriel : <a href=\"https:\/\/www.enscmu.uha.fr\/index.php\/contacts-acces\/\">scolarite.enscmu@uha.fr<\/a><\/p>\n<div class=\"su-service\"><div class=\"su-service-title\" style=\"padding-left:46px;min-height:32px;line-height:32px\"><i class=\"sui sui-download\" style=\"font-size:32px;color:#CE0075\"><\/i> \u00c0 t\u00e9l\u00e9charger<\/div><div class=\"su-service-content su-u-clearfix su-u-trim\" style=\"padding-left:46px\"><a href=\"https:\/\/www.enscmu.uha.fr\/wp-content\/uploads\/2023\/12\/referentiel-de-competences.pdf\">R\u00e9f\u00e9rentiel de comp\u00e9tences<\/a><\/div><\/div>\n<p><span style=\"color: #ffffff;\">ENSCMu <\/span><span id=\"OBJ_PREFIX_DWT542_ZmEmailObjectHandler\" class=\"Object\" role=\"link\"><span id=\"OBJ_PREFIX_DWT548_ZmEmailObjectHandler\" class=\"Object\" role=\"link\"><span style=\"color: #ffffff;\">1<sup>re<\/sup> ann\u00e9e<\/span><\/span><\/span><\/p>\n<\/div>\n<\/div>\n<div><\/div>\n<div id=\"s3gt_translate_tooltip_mini\" class=\"s3gt_translate_tooltip_mini_box\" style=\"background: initial !important; border: initial !important; border-radius: initial !important; border-spacing: initial !important; border-collapse: initial !important; direction: ltr !important; flex-direction: initial !important; font-weight: initial !important; height: initial !important; letter-spacing: initial !important; min-width: initial !important; max-width: initial !important; min-height: initial !important; max-height: initial !important; margin: auto !important; outline: initial !important; padding: initial !important; position: absolute; table-layout: initial !important; text-align: initial !important; text-shadow: initial !important; width: initial !important; word-break: initial !important; word-spacing: initial !important; overflow-wrap: initial !important; box-sizing: initial !important; display: initial !important; color: inherit !important; font-size: 13px !important; font-family: X-LocaleSpecific, sans-serif, Tahoma, Helvetica !important; line-height: 13px !important; vertical-align: top !important; white-space: inherit !important; left: 1488px; top: 150px; opacity: 0.25;\">\n<div id=\"s3gt_translate_tooltip_mini_logo\" class=\"s3gt_translate_tooltip_mini\" title=\"Traduire le texte s\u00e9lectionn\u00e9\"><\/div>\n<div id=\"s3gt_translate_tooltip_mini_sound\" class=\"s3gt_translate_tooltip_mini\" title=\"Lecture\"><\/div>\n<div id=\"s3gt_translate_tooltip_mini_copy\" class=\"s3gt_translate_tooltip_mini\" title=\"Copier le texte dans le presse-papiers\"><\/div>\n<\/div>\n","protected":false},"excerpt":{"rendered":"<p>Les admissions pr\u00e9c\u00e8dent la proc\u00e9dure d&rsquo;inscription. Ci-dessous les diff\u00e9rentes voies d&rsquo;admission \u00e0 l&rsquo;ENSCMu. Admissions post-bac Le cycle post-Bac de l&rsquo;ENSCMu permet aux bacheliers qui le choisissent de se pr\u00e9parer au m\u00e9tier d\u2019ing\u00e9nieur en 5 ans. Il dispose de 16 places. A partir de la rentr\u00e9e 2026, les candidats titulaires d\u2019un Bac voie g\u00e9n\u00e9rale pourront candidater [&hellip;]<\/p>\n","protected":false},"author":1,"featured_media":0,"parent":17,"menu_order":0,"comment_status":"closed","ping_status":"closed","template":"","meta":{"footnotes":""},"categories":[5],"tags":[],"class_list":["post-19","page","type-page","status-publish","hentry","category-futurs-etudiants"],"yoast_head":"<!-- This site is optimized with the Yoast SEO plugin v27.4 - https:\/\/yoast.com\/product\/yoast-seo-wordpress\/ -->\n<title>ADMISSIONS - ENSCMu<\/title>\n<meta name=\"description\" content=\"Les admissions pr\u00e9c\u00e8dent la proc\u00e9dure d\u2019inscription \u00e0 l&#039;ENSCMu. L&#039;admission est possible en cycle post-bac et via diff\u00e9rentes voies apr\u00e8s un bac+2.\" \/>\n<meta name=\"robots\" content=\"index, follow, max-snippet:-1, max-image-preview:large, max-video-preview:-1\" \/>\n<link rel=\"canonical\" href=\"https:\/\/www.enscmu.uha.fr\/index.php\/formation\/admissions\/\" \/>\n<meta property=\"og:locale\" content=\"fr_FR\" \/>\n<meta property=\"og:type\" content=\"article\" \/>\n<meta property=\"og:title\" content=\"ADMISSIONS - ENSCMu\" \/>\n<meta property=\"og:description\" content=\"Les admissions pr\u00e9c\u00e8dent la proc\u00e9dure d\u2019inscription \u00e0 l&#039;ENSCMu. L&#039;admission est possible en cycle post-bac et via diff\u00e9rentes voies apr\u00e8s un bac+2.\" \/>\n<meta property=\"og:url\" content=\"https:\/\/www.enscmu.uha.fr\/index.php\/formation\/admissions\/\" \/>\n<meta property=\"og:site_name\" content=\"ENSCMu | \u00c9cole Nationale Sup\u00e9rieure de Chimie de Mulhouse\" \/>\n<meta property=\"article:modified_time\" content=\"2025-11-07T11:09:28+00:00\" \/>\n<meta property=\"og:image\" content=\"https:\/\/www.enscmu.uha.fr\/wp-content\/uploads\/2025\/10\/ENSCMU_Admissions_statut_etudiant_2025-26.jpg\" \/>\n\t<meta property=\"og:image:width\" content=\"709\" \/>\n\t<meta property=\"og:image:height\" content=\"738\" \/>\n\t<meta property=\"og:image:type\" content=\"image\/jpeg\" \/>\n<meta name=\"twitter:card\" content=\"summary_large_image\" \/>\n<meta name=\"twitter:label1\" content=\"Dur\u00e9e de lecture estim\u00e9e\" \/>\n\t<meta name=\"twitter:data1\" content=\"2 minutes\" \/>\n<script type=\"application\/ld+json\" class=\"yoast-schema-graph\">{\"@context\":\"https:\\\/\\\/schema.org\",\"@graph\":[{\"@type\":\"WebPage\",\"@id\":\"https:\\\/\\\/www.enscmu.uha.fr\\\/index.php\\\/formation\\\/admissions\\\/\",\"url\":\"https:\\\/\\\/www.enscmu.uha.fr\\\/index.php\\\/formation\\\/admissions\\\/\",\"name\":\"ADMISSIONS - ENSCMu\",\"isPartOf\":{\"@id\":\"https:\\\/\\\/www.enscmu.uha.fr\\\/#website\"},\"primaryImageOfPage\":{\"@id\":\"https:\\\/\\\/www.enscmu.uha.fr\\\/index.php\\\/formation\\\/admissions\\\/#primaryimage\"},\"image\":{\"@id\":\"https:\\\/\\\/www.enscmu.uha.fr\\\/index.php\\\/formation\\\/admissions\\\/#primaryimage\"},\"thumbnailUrl\":\"https:\\\/\\\/www.enscmu.uha.fr\\\/wp-content\\\/uploads\\\/2025\\\/10\\\/ENSCMU_Admissions_statut_etudiant_2025-26-288x300.jpg\",\"datePublished\":\"2017-12-12T14:49:08+00:00\",\"dateModified\":\"2025-11-07T11:09:28+00:00\",\"description\":\"Les admissions pr\u00e9c\u00e8dent la proc\u00e9dure d\u2019inscription \u00e0 l'ENSCMu. L'admission est possible en cycle post-bac et via diff\u00e9rentes voies apr\u00e8s un bac+2.\",\"breadcrumb\":{\"@id\":\"https:\\\/\\\/www.enscmu.uha.fr\\\/index.php\\\/formation\\\/admissions\\\/#breadcrumb\"},\"inLanguage\":\"fr-FR\",\"potentialAction\":[{\"@type\":\"ReadAction\",\"target\":[\"https:\\\/\\\/www.enscmu.uha.fr\\\/index.php\\\/formation\\\/admissions\\\/\"]}]},{\"@type\":\"ImageObject\",\"inLanguage\":\"fr-FR\",\"@id\":\"https:\\\/\\\/www.enscmu.uha.fr\\\/index.php\\\/formation\\\/admissions\\\/#primaryimage\",\"url\":\"https:\\\/\\\/www.enscmu.uha.fr\\\/wp-content\\\/uploads\\\/2025\\\/10\\\/ENSCMU_Admissions_statut_etudiant_2025-26.jpg\",\"contentUrl\":\"https:\\\/\\\/www.enscmu.uha.fr\\\/wp-content\\\/uploads\\\/2025\\\/10\\\/ENSCMU_Admissions_statut_etudiant_2025-26.jpg\",\"width\":709,\"height\":738},{\"@type\":\"BreadcrumbList\",\"@id\":\"https:\\\/\\\/www.enscmu.uha.fr\\\/index.php\\\/formation\\\/admissions\\\/#breadcrumb\",\"itemListElement\":[{\"@type\":\"ListItem\",\"position\":1,\"name\":\"Accueil\",\"item\":\"https:\\\/\\\/www.enscmu.uha.fr\\\/\"},{\"@type\":\"ListItem\",\"position\":2,\"name\":\"FORMATION\",\"item\":\"https:\\\/\\\/www.enscmu.uha.fr\\\/index.php\\\/formation\\\/\"},{\"@type\":\"ListItem\",\"position\":3,\"name\":\"ADMISSIONS\"}]},{\"@type\":\"WebSite\",\"@id\":\"https:\\\/\\\/www.enscmu.uha.fr\\\/#website\",\"url\":\"https:\\\/\\\/www.enscmu.uha.fr\\\/\",\"name\":\"ENSCMu | \u00c9cole Nationale Sup\u00e9rieure de Chimie de Mulhouse\",\"description\":\"Campus Illberg | Universit\u00e9 de Haute-Alsace\",\"potentialAction\":[{\"@type\":\"SearchAction\",\"target\":{\"@type\":\"EntryPoint\",\"urlTemplate\":\"https:\\\/\\\/www.enscmu.uha.fr\\\/?s={search_term_string}\"},\"query-input\":{\"@type\":\"PropertyValueSpecification\",\"valueRequired\":true,\"valueName\":\"search_term_string\"}}],\"inLanguage\":\"fr-FR\"}]}<\/script>\n<!-- \/ Yoast SEO plugin. -->","yoast_head_json":{"title":"ADMISSIONS - ENSCMu","description":"Les admissions pr\u00e9c\u00e8dent la proc\u00e9dure d\u2019inscription \u00e0 l'ENSCMu. L'admission est possible en cycle post-bac et via diff\u00e9rentes voies apr\u00e8s un bac+2.","robots":{"index":"index","follow":"follow","max-snippet":"max-snippet:-1","max-image-preview":"max-image-preview:large","max-video-preview":"max-video-preview:-1"},"canonical":"https:\/\/www.enscmu.uha.fr\/index.php\/formation\/admissions\/","og_locale":"fr_FR","og_type":"article","og_title":"ADMISSIONS - ENSCMu","og_description":"Les admissions pr\u00e9c\u00e8dent la proc\u00e9dure d\u2019inscription \u00e0 l'ENSCMu. L'admission est possible en cycle post-bac et via diff\u00e9rentes voies apr\u00e8s un bac+2.","og_url":"https:\/\/www.enscmu.uha.fr\/index.php\/formation\/admissions\/","og_site_name":"ENSCMu | \u00c9cole Nationale Sup\u00e9rieure de Chimie de Mulhouse","article_modified_time":"2025-11-07T11:09:28+00:00","og_image":[{"width":709,"height":738,"url":"https:\/\/www.enscmu.uha.fr\/wp-content\/uploads\/2025\/10\/ENSCMU_Admissions_statut_etudiant_2025-26.jpg","type":"image\/jpeg"}],"twitter_card":"summary_large_image","twitter_misc":{"Dur\u00e9e de lecture estim\u00e9e":"2 minutes"},"schema":{"@context":"https:\/\/schema.org","@graph":[{"@type":"WebPage","@id":"https:\/\/www.enscmu.uha.fr\/index.php\/formation\/admissions\/","url":"https:\/\/www.enscmu.uha.fr\/index.php\/formation\/admissions\/","name":"ADMISSIONS - ENSCMu","isPartOf":{"@id":"https:\/\/www.enscmu.uha.fr\/#website"},"primaryImageOfPage":{"@id":"https:\/\/www.enscmu.uha.fr\/index.php\/formation\/admissions\/#primaryimage"},"image":{"@id":"https:\/\/www.enscmu.uha.fr\/index.php\/formation\/admissions\/#primaryimage"},"thumbnailUrl":"https:\/\/www.enscmu.uha.fr\/wp-content\/uploads\/2025\/10\/ENSCMU_Admissions_statut_etudiant_2025-26-288x300.jpg","datePublished":"2017-12-12T14:49:08+00:00","dateModified":"2025-11-07T11:09:28+00:00","description":"Les admissions pr\u00e9c\u00e8dent la proc\u00e9dure d\u2019inscription \u00e0 l'ENSCMu. L'admission est possible en cycle post-bac et via diff\u00e9rentes voies apr\u00e8s un bac+2.","breadcrumb":{"@id":"https:\/\/www.enscmu.uha.fr\/index.php\/formation\/admissions\/#breadcrumb"},"inLanguage":"fr-FR","potentialAction":[{"@type":"ReadAction","target":["https:\/\/www.enscmu.uha.fr\/index.php\/formation\/admissions\/"]}]},{"@type":"ImageObject","inLanguage":"fr-FR","@id":"https:\/\/www.enscmu.uha.fr\/index.php\/formation\/admissions\/#primaryimage","url":"https:\/\/www.enscmu.uha.fr\/wp-content\/uploads\/2025\/10\/ENSCMU_Admissions_statut_etudiant_2025-26.jpg","contentUrl":"https:\/\/www.enscmu.uha.fr\/wp-content\/uploads\/2025\/10\/ENSCMU_Admissions_statut_etudiant_2025-26.jpg","width":709,"height":738},{"@type":"BreadcrumbList","@id":"https:\/\/www.enscmu.uha.fr\/index.php\/formation\/admissions\/#breadcrumb","itemListElement":[{"@type":"ListItem","position":1,"name":"Accueil","item":"https:\/\/www.enscmu.uha.fr\/"},{"@type":"ListItem","position":2,"name":"FORMATION","item":"https:\/\/www.enscmu.uha.fr\/index.php\/formation\/"},{"@type":"ListItem","position":3,"name":"ADMISSIONS"}]},{"@type":"WebSite","@id":"https:\/\/www.enscmu.uha.fr\/#website","url":"https:\/\/www.enscmu.uha.fr\/","name":"ENSCMu | \u00c9cole Nationale Sup\u00e9rieure de Chimie de Mulhouse","description":"Campus Illberg | Universit\u00e9 de Haute-Alsace","potentialAction":[{"@type":"SearchAction","target":{"@type":"EntryPoint","urlTemplate":"https:\/\/www.enscmu.uha.fr\/?s={search_term_string}"},"query-input":{"@type":"PropertyValueSpecification","valueRequired":true,"valueName":"search_term_string"}}],"inLanguage":"fr-FR"}]}},"_links":{"self":[{"href":"https:\/\/www.enscmu.uha.fr\/index.php\/wp-json\/wp\/v2\/pages\/19","targetHints":{"allow":["GET"]}}],"collection":[{"href":"https:\/\/www.enscmu.uha.fr\/index.php\/wp-json\/wp\/v2\/pages"}],"about":[{"href":"https:\/\/www.enscmu.uha.fr\/index.php\/wp-json\/wp\/v2\/types\/page"}],"author":[{"embeddable":true,"href":"https:\/\/www.enscmu.uha.fr\/index.php\/wp-json\/wp\/v2\/users\/1"}],"replies":[{"embeddable":true,"href":"https:\/\/www.enscmu.uha.fr\/index.php\/wp-json\/wp\/v2\/comments?post=19"}],"version-history":[{"count":81,"href":"https:\/\/www.enscmu.uha.fr\/index.php\/wp-json\/wp\/v2\/pages\/19\/revisions"}],"predecessor-version":[{"id":5715,"href":"https:\/\/www.enscmu.uha.fr\/index.php\/wp-json\/wp\/v2\/pages\/19\/revisions\/5715"}],"up":[{"embeddable":true,"href":"https:\/\/www.enscmu.uha.fr\/index.php\/wp-json\/wp\/v2\/pages\/17"}],"wp:attachment":[{"href":"https:\/\/www.enscmu.uha.fr\/index.php\/wp-json\/wp\/v2\/media?parent=19"}],"wp:term":[{"taxonomy":"category","embeddable":true,"href":"https:\/\/www.enscmu.uha.fr\/index.php\/wp-json\/wp\/v2\/categories?post=19"},{"taxonomy":"post_tag","embeddable":true,"href":"https:\/\/www.enscmu.uha.fr\/index.php\/wp-json\/wp\/v2\/tags?post=19"}],"curies":[{"name":"wp","href":"https:\/\/api.w.org\/{rel}","templated":true}]}}