{"id":2,"date":"2017-12-12T15:34:51","date_gmt":"2017-12-12T14:34:51","guid":{"rendered":"https:\/\/www.enscmu.uha.fr\/?page_id=2"},"modified":"2026-03-17T10:47:15","modified_gmt":"2026-03-17T09:47:15","slug":"ecole-ingenieurs-chimistes-mulhouse","status":"publish","type":"page","link":"https:\/\/www.enscmu.uha.fr\/index.php\/ecole-ingenieurs-chimistes-mulhouse\/","title":{"rendered":"L&rsquo;ENSCMu"},"content":{"rendered":"<div class=\"deflex main\" style=\"display: flex;\">\n<div class=\"deborder\" style=\"width: 70%; margin-left: auto; margin-right: auto; padding-right: 5%;\">\n<h1>CHIMIE MULHOUSE,<br \/>\nAU COEUR DES ENJEUX DE DEMAIN<\/h1>\n<div class=\"su-youtube su-u-responsive-media-yes\"><iframe loading=\"lazy\" width=\"600\" height=\"400\" src=\"https:\/\/www.youtube.com\/embed\/zF5ea6xdrsc?\" frameborder=\"0\" allowfullscreen allow=\"autoplay; encrypted-media; picture-in-picture\" title=\"\"><\/iframe><\/div>\n<h2>La premi\u00e8re \u00e9cole de chimie de France<\/h2>\n<p>Cr\u00e9\u00e9e sous l\u2019impulsion des industriels du textile en 1822 il y a plus de 200 ans<\/p>\n<h2>Une formation polyvalente en chimie pour une diversit\u00e9 des carri\u00e8res<\/h2>\n<p>Cours, TD et TP en chimie analytique, chimie organique, chimie inorganique, chimie physique, formulation, mat\u00e9riaux, polym\u00e8res, s\u00e9curit\u00e9, d\u00e9veloppement durable\u2026<\/p>\n<h2>L\u2019entreprise et la recherche au c\u0153ur de la formation<\/h2>\n<p>Intervenants issus du monde professionnel, stages et projets en entreprise et en laboratoire, double dipl\u00f4me de Master\u2026<\/p>\n<h2>L\u2019accompagnement individuel dans la construction du projet professionnel<\/h2>\n<p>Avec des cadres de l\u2019entreprise et la plateforme My Job Glasses<\/p>\n<h2>Des enseignements distinguants<\/h2>\n<p>Lean management 5.0, entrepreneuriat, interculturalit\u00e9, cybers\u00e9curit\u00e9&#8230;<\/p>\n<h2>La gestion de projets personnels int\u00e9gr\u00e9e \u00e0 la formation<\/h2>\n<p>Sujet libre en 1re ann\u00e9e et en lien avec la chimie en 2e ann\u00e9e<\/p>\n<h2>La mobilit\u00e9 \u00e0 l\u2019international pour tous les \u00e9tudiants et apprentis<\/h2>\n<p>Espace transfrontalier avec l\u2019Allemagne et la Suisse, doubles dipl\u00f4mes et \u00e9changes acad\u00e9miques, stages \u00e0 l\u2019\u00e9tranger<\/p>\n<h2>Une qualit\u00e9 de vie et une richesse associative appr\u00e9ci\u00e9es<\/h2>\n<p>Vie \u00e9tudiante dynamique, locaux et \u00e9quipements tr\u00e8s r\u00e9cents, campus vert proche du centre-ville et offrant tous les services universitaires<\/p>\n<p><img loading=\"lazy\" decoding=\"async\" class=\"alignnone wp-image-5579 size-large\" src=\"https:\/\/www.enscmu.uha.fr\/wp-content\/uploads\/2025\/09\/ENSCMu_chiffres-cles_2025-26-1024x832.jpg\" alt=\"\" width=\"750\" height=\"609\" srcset=\"https:\/\/www.enscmu.uha.fr\/wp-content\/uploads\/2025\/09\/ENSCMu_chiffres-cles_2025-26-1024x832.jpg 1024w, https:\/\/www.enscmu.uha.fr\/wp-content\/uploads\/2025\/09\/ENSCMu_chiffres-cles_2025-26-300x244.jpg 300w, https:\/\/www.enscmu.uha.fr\/wp-content\/uploads\/2025\/09\/ENSCMu_chiffres-cles_2025-26-768x624.jpg 768w, https:\/\/www.enscmu.uha.fr\/wp-content\/uploads\/2025\/09\/ENSCMu_chiffres-cles_2025-26-1536x1247.jpg 1536w, https:\/\/www.enscmu.uha.fr\/wp-content\/uploads\/2025\/09\/ENSCMu_chiffres-cles_2025-26.jpg 1890w\" sizes=\"auto, (max-width: 750px) 100vw, 750px\" \/><\/p>\n<h2>SES FORMATIONS<\/h2>\n<div class=\"su-tabs su-tabs-style-default su-tabs-mobile-stack\" data-active=\"1\" data-scroll-offset=\"0\" data-anchor-in-url=\"no\"><div class=\"su-tabs-nav\"><span class=\"\" data-url=\"\" data-target=\"_blank\" tabindex=\"0\" role=\"button\">Cycle post-bac de l'ENSCMu<\/span><span class=\"\" data-url=\"\" data-target=\"_blank\" tabindex=\"0\" role=\"button\">Dipl\u00f4me d'ing\u00e9nieur chimiste<\/span><span class=\"\" data-url=\"\" data-target=\"_blank\" tabindex=\"0\" role=\"button\">Mast\u00e8re sp\u00e9cialis\u00e9<\/span><\/div><div class=\"su-tabs-panes\"><div class=\"su-tabs-pane su-u-clearfix su-u-trim\" data-title=\"Cycle post-bac de l&#039;ENSCMu\">\n<p>Depuis 2015, l\u2019ENSCMu propose un <a href=\"https:\/\/www.enscmu.uha.fr\/index.php\/cycle-post-bac-integre-de-lenscmu\/\">cycle post-bac<\/a> pour obtenir le dipl\u00f4me d&rsquo;ing\u00e9nieur en 5 ans. \u00c0 partir de la rentr\u00e9e 2026, les candidats titulaires d\u2019un Bac voie g\u00e9n\u00e9rale pourront candidater sur la plateforme d&rsquo;inscription post-bac <a href=\"https:\/\/www.parcoursup.fr\/index.php?desc=accueil\">Parcoursup<\/a>. Les candidatures seront g\u00e9r\u00e9es par l\u2019ENSCMu.<\/p>\n<\/div>\n<div class=\"su-tabs-pane su-u-clearfix su-u-trim\" data-title=\"Dipl\u00f4me d&#039;ing\u00e9nieur chimiste\">\n<p>L\u2019ENSCMu propose une <a href=\"https:\/\/www.enscmu.uha.fr\/index.php\/formation\/cycle-ingenieur\/\">formation d\u2019ing\u00e9nieur chimiste<\/a> en trois ans apr\u00e8s Bac+2. Elle se compose de deux ann\u00e9es d\u2019enseignements dans les diff\u00e9rents domaines de la chimie, et d\u2019une derni\u00e8re ann\u00e9e pendant laquelle les \u00e9l\u00e8ves suivent l\u2019option de leur choix parmi :<\/p>\n<ul>\n<li>Chimie organique, bioorganique et th\u00e9rapeutique,<\/li>\n<li>Formulation et cosm\u00e9tologie,<\/li>\n<li>Mat\u00e9riaux et polym\u00e8res,<\/li>\n<li>S\u00e9curit\u00e9 et d\u00e9veloppement durable.<\/li>\n<\/ul>\n<p>Cette formation est accessible sous statut \u00e9tudiant mais aussi depuis septembre 2024, par la voie de l&rsquo;<a href=\"https:\/\/www.enscmu.uha.fr\/index.php\/formation\/cycle-ingenieur-en-apprentissage\/\">apprentissage<\/a>.<\/p>\n<p>Consultez la <a href=\"https:\/\/www.enscmu.uha.fr\/wp-content\/uploads\/2025\/11\/ENSCMu_plaquette_2025-2026_web.pdf\" target=\"_blank\" rel=\"noopener noreferrer\">Plaquette formation cycle ing\u00e9nieur ENSCMu<\/a><\/p>\n<p>Consultez la <a href=\"https:\/\/www.enscmu.uha.fr\/wp-content\/uploads\/2025\/01\/ENSCMu_plaquette_ENGLISH_2024-2025.pdf\" target=\"_blank\" rel=\"noopener noreferrer\">Brochure ENSCMu &#8211; School of chemical engineering<\/a><\/p>\n<\/div>\n<div class=\"su-tabs-pane su-u-clearfix su-u-trim\" data-title=\"Mast\u00e8re sp\u00e9cialis\u00e9\">\n<p>L\u2019\u00c9cole propose \u00e9galement un programme <a href=\"https:\/\/www.enscmu.uha.fr\/index.php\/formation\/mastere-specialise\/\">Mast\u00e8re Sp\u00e9cialis\u00e9 en gestion des risques et menaces N.R.B.C.E.<\/a> (Nucl\u00e9aire, radioactif, biologique, chimique, explosif), une formation de sp\u00e9cialisation d\u2019un an habilit\u00e9e par la <a href=\"http:\/\/www.cge.fr\/\" target=\"_blank\" rel=\"noopener noreferrer\">Conf\u00e9rence des Grandes \u00c9coles<\/a>.<\/div><\/div><\/div>\n<h2>SA FONDATION ET SON R\u00c9SEAU D&rsquo;ANCIENS<\/h2>\n<p>Chimie Mulhouse dispose depuis 1930 d\u2019une <a href=\"https:\/\/www.enscmu.uha.fr\/index.php\/relations-entreprises\/dons-fondation-pour-lenscmu\/\">Fondation<\/a> reconnue d\u2019utilit\u00e9 publique et dont l\u2019objectif est de soutenir l\u2019excellence de la formation et de la recherche.<\/p>\n<p>L\u2019\u00c9cole est \u00e9galement riche de son r\u00e9seau de dipl\u00f4m\u00e9s, f\u00e9d\u00e9r\u00e9s au sein de l\u2019<a href=\"http:\/\/www.chimiemulhouse.fr\/\" target=\"_blank\" rel=\"noopener noreferrer\">Amicale Chimie Mulhouse<\/a>. L&rsquo;Amicale d\u00e9veloppe les liens amicaux et professionnels entre les chimistes sortis de l&rsquo;ENSCMu gr\u00e2ce notamment \u00e0 un annuaire et l&rsquo;organisation d&rsquo;activit\u00e9s (\u00e9change d&rsquo;exp\u00e9riences, sorties familiales, d\u00eeners, conf\u00e9rences, visites d&rsquo;usines). Son service placement met en relation les candidats avec les opportunit\u00e9s du march\u00e9 de l&#8217;emploi et les cabinets de recrutement. De plus, plusieurs membres contribuent \u00e0 l&rsquo;enseignement et \u00e0 la vie de l&rsquo;\u00c9cole.<\/p>\n<p>&nbsp;<\/p>\n<p>Consultez la <a href=\"https:\/\/www.enscmu.uha.fr\/wp-content\/uploads\/2024\/10\/ENSCMu_plaquette-entreprise_2024.pdf\" target=\"_blank\" rel=\"noopener noreferrer\">Plaquette relations entreprises<\/a><\/p>\n<p style=\"text-align: center;\">\n<\/div>\n<div style=\"width: 27.5%; margin-left: auto; margin-right: auto;\">\n<div class=\"su-service\"><div class=\"su-service-title\" style=\"padding-left:46px;min-height:32px;line-height:32px\"><i class=\"sui sui-download\" style=\"font-size:32px;color:#CE0075\"><\/i> A t\u00e9l\u00e9charger<\/div><div class=\"su-service-content su-u-clearfix su-u-trim\" style=\"padding-left:46px\"><a href=\"https:\/\/www.enscmu.uha.fr\/wp-content\/uploads\/2025\/11\/ENSCMu_plaquette_2025-2026_web.pdf\" target=\"_blank\" rel=\"noopener noreferrer\">Plaquette formation cycle ing\u00e9nieur ENSCMu<\/a><\/div><\/div>\n<div class=\"su-service\"><div class=\"su-service-title\" style=\"padding-left:46px;min-height:32px;line-height:32px\"><i class=\"sui sui-download\" style=\"font-size:32px;color:#CE0075\"><\/i> A t\u00e9l\u00e9charger<\/div><div class=\"su-service-content su-u-clearfix su-u-trim\" style=\"padding-left:46px\"><a href=\"https:\/\/www.enscmu.uha.fr\/wp-content\/uploads\/2024\/10\/ENSCMu_plaquette-entreprise_2024.pdf\" target=\"_blank\" rel=\"noopener noreferrer\">Plaquette relations entreprises<\/a><\/div><\/div>\n<div class=\"su-service\"><div class=\"su-service-title\" style=\"padding-left:46px;min-height:32px;line-height:32px\"><i class=\"sui sui-download\" style=\"font-size:32px;color:#CE0075\"><\/i> A t\u00e9l\u00e9charger<\/div><div class=\"su-service-content su-u-clearfix su-u-trim\" style=\"padding-left:46px\"><a href=\"https:\/\/www.enscmu.uha.fr\/wp-content\/uploads\/2025\/09\/ENSCMu_chiffres-cles_2025-26.jpg\" target=\"_blank\" rel=\"noopener noreferrer\">Chiffres cl\u00e9s 2025-2026<\/a><\/div><\/div>\n<div class=\"su-service\"><div class=\"su-service-title\" style=\"padding-left:46px;min-height:32px;line-height:32px\"><i class=\"sui sui-download\" style=\"font-size:32px;color:#CE0075\"><\/i> A t\u00e9l\u00e9charger<\/div><div class=\"su-service-content su-u-clearfix su-u-trim\" style=\"padding-left:46px\"><a href=\"https:\/\/www.enscmu.uha.fr\/wp-content\/uploads\/2025\/06\/CALENDRIER-ENSCMu-2025-2026.pdf\">Calendrier ENSCMu 2025-2026<\/a><\/div><\/div>\n<div class=\"su-service\"><div class=\"su-service-title\" style=\"padding-left:46px;min-height:32px;line-height:32px\"><i class=\"sui sui-download\" style=\"font-size:32px;color:#CE0075\"><\/i> A t\u00e9l\u00e9charger<\/div><div class=\"su-service-content su-u-clearfix su-u-trim\" style=\"padding-left:46px\"><a href=\"https:\/\/www.enscmu.uha.fr\/wp-content\/uploads\/2025\/01\/ENSCMu_plaquette_ENGLISH_2024-2025.pdf\" target=\"_blank\" rel=\"noopener noreferrer\">Brochure ENSCMu &#8211; School of chemical engineering<\/a><\/div><\/div>\n<div class=\"su-service\"><div class=\"su-service-title\" style=\"padding-left:46px;min-height:32px;line-height:32px\"><i class=\"sui sui-download\" style=\"font-size:32px;color:#CE0075\"><\/i> A t\u00e9l\u00e9charger<\/div><div class=\"su-service-content su-u-clearfix su-u-trim\" style=\"padding-left:46px\"><a href=\"https:\/\/www.enscmu.uha.fr\/wp-content\/uploads\/2025\/08\/organigramme-ENSCMu.pdf\">organigramme ENSCMu<\/a><\/div><\/div>\n<\/div>\n<\/div>\n<div id=\"s3gt_translate_tooltip_mini\" class=\"s3gt_translate_tooltip_mini_box\" style=\"background: initial !important; border: initial !important; border-radius: initial !important; border-spacing: initial !important; border-collapse: initial !important; direction: ltr !important; flex-direction: initial !important; font-weight: initial !important; height: initial !important; letter-spacing: initial !important; min-width: initial !important; max-width: initial !important; min-height: initial !important; max-height: initial !important; margin: auto !important; outline: initial !important; padding: initial !important; position: absolute; table-layout: initial !important; text-align: initial !important; text-shadow: initial !important; width: initial !important; word-break: initial !important; word-spacing: initial !important; overflow-wrap: initial !important; box-sizing: initial !important; display: initial !important; color: inherit !important; font-size: 13px !important; font-family: X-LocaleSpecific, sans-serif, Tahoma, Helvetica !important; line-height: 13px !important; vertical-align: top !important; white-space: inherit !important; left: 325px; top: 3668px;\">\n<div id=\"s3gt_translate_tooltip_mini_logo\" class=\"s3gt_translate_tooltip_mini\" title=\"Traduire le texte s\u00e9lectionn\u00e9\"><\/div>\n<div id=\"s3gt_translate_tooltip_mini_sound\" class=\"s3gt_translate_tooltip_mini\" title=\"Lecture\"><\/div>\n<div id=\"s3gt_translate_tooltip_mini_copy\" class=\"s3gt_translate_tooltip_mini\" title=\"Copier le texte dans le presse-papiers\"><\/div>\n<style type=\"text\/css\" media=\"print\">#s3gt_translate_tooltip_mini { display: none !important; }<\/style>\n<\/div>\n<div id=\"s3gt_translate_tooltip_mini\" class=\"s3gt_translate_tooltip_mini_box\" style=\"background: initial !important; border: initial !important; border-radius: initial !important; border-spacing: initial !important; border-collapse: initial !important; direction: ltr !important; flex-direction: initial !important; font-weight: initial !important; height: initial !important; letter-spacing: initial !important; min-width: initial !important; max-width: initial !important; min-height: initial !important; max-height: initial !important; margin: auto !important; outline: initial !important; padding: initial !important; position: absolute; table-layout: initial !important; text-align: initial !important; text-shadow: initial !important; width: initial !important; word-break: initial !important; word-spacing: initial !important; overflow-wrap: initial !important; box-sizing: initial !important; display: initial !important; color: inherit !important; font-size: 13px !important; font-family: X-LocaleSpecific, sans-serif, Tahoma, Helvetica !important; line-height: 13px !important; vertical-align: top !important; white-space: inherit !important; left: 1149px; top: 439px; opacity: 0.45;\">\n<div id=\"s3gt_translate_tooltip_mini_logo\" class=\"s3gt_translate_tooltip_mini\" title=\"Traduire le texte s\u00e9lectionn\u00e9\"><\/div>\n<div id=\"s3gt_translate_tooltip_mini_sound\" class=\"s3gt_translate_tooltip_mini\" title=\"Lecture\"><\/div>\n<div id=\"s3gt_translate_tooltip_mini_copy\" class=\"s3gt_translate_tooltip_mini\" title=\"Copier le texte dans le presse-papiers\"><\/div>\n<\/div>\n","protected":false},"excerpt":{"rendered":"<p>CHIMIE MULHOUSE, AU COEUR DES ENJEUX DE DEMAIN La premi\u00e8re \u00e9cole de chimie de France Cr\u00e9\u00e9e sous l\u2019impulsion des industriels du textile en 1822 il y a plus de 200 ans Une formation polyvalente en chimie pour une diversit\u00e9 des carri\u00e8res Cours, TD et TP en chimie analytique, chimie organique, chimie inorganique, chimie physique, formulation, [&hellip;]<\/p>\n","protected":false},"author":1,"featured_media":0,"parent":0,"menu_order":0,"comment_status":"closed","ping_status":"closed","template":"","meta":{"footnotes":""},"categories":[6,5,1],"tags":[],"class_list":["post-2","page","type-page","status-publish","hentry","category-entreprises-partenaires","category-futurs-etudiants","category-non-classe"],"yoast_head":"<!-- This site is optimized with the Yoast SEO plugin v27.4 - https:\/\/yoast.com\/product\/yoast-seo-wordpress\/ -->\n<title>L&#039;ENSCMu - ENSCMu<\/title>\n<meta name=\"description\" content=\"L&#039;ENSCMu, \u00c9cole d&#039;ing\u00e9nieurs chimistes \u00e0 Mulhouse riche de ses 200 ans d&#039;histoire, forme des ing\u00e9nieurs g\u00e9n\u00e9ralistes en chimie.\" \/>\n<meta name=\"robots\" content=\"index, follow, max-snippet:-1, max-image-preview:large, max-video-preview:-1\" \/>\n<link rel=\"canonical\" href=\"https:\/\/www.enscmu.uha.fr\/index.php\/ecole-ingenieurs-chimistes-mulhouse\/\" \/>\n<meta property=\"og:locale\" content=\"fr_FR\" \/>\n<meta property=\"og:type\" content=\"article\" \/>\n<meta property=\"og:title\" content=\"L&#039;ENSCMu - ENSCMu\" \/>\n<meta property=\"og:description\" content=\"L&#039;ENSCMu, \u00c9cole d&#039;ing\u00e9nieurs chimistes \u00e0 Mulhouse riche de ses 200 ans d&#039;histoire, forme des ing\u00e9nieurs g\u00e9n\u00e9ralistes en chimie.\" \/>\n<meta property=\"og:url\" content=\"https:\/\/www.enscmu.uha.fr\/index.php\/ecole-ingenieurs-chimistes-mulhouse\/\" \/>\n<meta property=\"og:site_name\" content=\"ENSCMu | \u00c9cole Nationale Sup\u00e9rieure de Chimie de Mulhouse\" \/>\n<meta property=\"article:modified_time\" content=\"2026-03-17T09:47:15+00:00\" \/>\n<meta property=\"og:image\" content=\"https:\/\/www.enscmu.uha.fr\/wp-content\/uploads\/2025\/09\/ENSCMu_chiffres-cles_2025-26.jpg\" \/>\n\t<meta property=\"og:image:width\" content=\"1890\" \/>\n\t<meta property=\"og:image:height\" content=\"1535\" \/>\n\t<meta property=\"og:image:type\" content=\"image\/jpeg\" \/>\n<meta name=\"twitter:card\" content=\"summary_large_image\" \/>\n<meta name=\"twitter:label1\" content=\"Dur\u00e9e de lecture estim\u00e9e\" \/>\n\t<meta name=\"twitter:data1\" content=\"4 minutes\" \/>\n<script type=\"application\/ld+json\" class=\"yoast-schema-graph\">{\"@context\":\"https:\\\/\\\/schema.org\",\"@graph\":[{\"@type\":\"WebPage\",\"@id\":\"https:\\\/\\\/www.enscmu.uha.fr\\\/index.php\\\/ecole-ingenieurs-chimistes-mulhouse\\\/\",\"url\":\"https:\\\/\\\/www.enscmu.uha.fr\\\/index.php\\\/ecole-ingenieurs-chimistes-mulhouse\\\/\",\"name\":\"L'ENSCMu - ENSCMu\",\"isPartOf\":{\"@id\":\"https:\\\/\\\/www.enscmu.uha.fr\\\/#website\"},\"primaryImageOfPage\":{\"@id\":\"https:\\\/\\\/www.enscmu.uha.fr\\\/index.php\\\/ecole-ingenieurs-chimistes-mulhouse\\\/#primaryimage\"},\"image\":{\"@id\":\"https:\\\/\\\/www.enscmu.uha.fr\\\/index.php\\\/ecole-ingenieurs-chimistes-mulhouse\\\/#primaryimage\"},\"thumbnailUrl\":\"https:\\\/\\\/www.enscmu.uha.fr\\\/wp-content\\\/uploads\\\/2025\\\/09\\\/ENSCMu_chiffres-cles_2025-26-1024x832.jpg\",\"datePublished\":\"2017-12-12T14:34:51+00:00\",\"dateModified\":\"2026-03-17T09:47:15+00:00\",\"description\":\"L'ENSCMu, \u00c9cole d'ing\u00e9nieurs chimistes \u00e0 Mulhouse riche de ses 200 ans d'histoire, forme des ing\u00e9nieurs g\u00e9n\u00e9ralistes en chimie.\",\"breadcrumb\":{\"@id\":\"https:\\\/\\\/www.enscmu.uha.fr\\\/index.php\\\/ecole-ingenieurs-chimistes-mulhouse\\\/#breadcrumb\"},\"inLanguage\":\"fr-FR\",\"potentialAction\":[{\"@type\":\"ReadAction\",\"target\":[\"https:\\\/\\\/www.enscmu.uha.fr\\\/index.php\\\/ecole-ingenieurs-chimistes-mulhouse\\\/\"]}]},{\"@type\":\"ImageObject\",\"inLanguage\":\"fr-FR\",\"@id\":\"https:\\\/\\\/www.enscmu.uha.fr\\\/index.php\\\/ecole-ingenieurs-chimistes-mulhouse\\\/#primaryimage\",\"url\":\"https:\\\/\\\/www.enscmu.uha.fr\\\/wp-content\\\/uploads\\\/2025\\\/09\\\/ENSCMu_chiffres-cles_2025-26.jpg\",\"contentUrl\":\"https:\\\/\\\/www.enscmu.uha.fr\\\/wp-content\\\/uploads\\\/2025\\\/09\\\/ENSCMu_chiffres-cles_2025-26.jpg\",\"width\":1890,\"height\":1535},{\"@type\":\"BreadcrumbList\",\"@id\":\"https:\\\/\\\/www.enscmu.uha.fr\\\/index.php\\\/ecole-ingenieurs-chimistes-mulhouse\\\/#breadcrumb\",\"itemListElement\":[{\"@type\":\"ListItem\",\"position\":1,\"name\":\"Accueil\",\"item\":\"https:\\\/\\\/www.enscmu.uha.fr\\\/\"},{\"@type\":\"ListItem\",\"position\":2,\"name\":\"L&rsquo;ENSCMu\"}]},{\"@type\":\"WebSite\",\"@id\":\"https:\\\/\\\/www.enscmu.uha.fr\\\/#website\",\"url\":\"https:\\\/\\\/www.enscmu.uha.fr\\\/\",\"name\":\"ENSCMu | \u00c9cole Nationale Sup\u00e9rieure de Chimie de Mulhouse\",\"description\":\"Campus Illberg | Universit\u00e9 de Haute-Alsace\",\"potentialAction\":[{\"@type\":\"SearchAction\",\"target\":{\"@type\":\"EntryPoint\",\"urlTemplate\":\"https:\\\/\\\/www.enscmu.uha.fr\\\/?s={search_term_string}\"},\"query-input\":{\"@type\":\"PropertyValueSpecification\",\"valueRequired\":true,\"valueName\":\"search_term_string\"}}],\"inLanguage\":\"fr-FR\"}]}<\/script>\n<!-- \/ Yoast SEO plugin. -->","yoast_head_json":{"title":"L'ENSCMu - ENSCMu","description":"L'ENSCMu, \u00c9cole d'ing\u00e9nieurs chimistes \u00e0 Mulhouse riche de ses 200 ans d'histoire, forme des ing\u00e9nieurs g\u00e9n\u00e9ralistes en chimie.","robots":{"index":"index","follow":"follow","max-snippet":"max-snippet:-1","max-image-preview":"max-image-preview:large","max-video-preview":"max-video-preview:-1"},"canonical":"https:\/\/www.enscmu.uha.fr\/index.php\/ecole-ingenieurs-chimistes-mulhouse\/","og_locale":"fr_FR","og_type":"article","og_title":"L'ENSCMu - ENSCMu","og_description":"L'ENSCMu, \u00c9cole d'ing\u00e9nieurs chimistes \u00e0 Mulhouse riche de ses 200 ans d'histoire, forme des ing\u00e9nieurs g\u00e9n\u00e9ralistes en chimie.","og_url":"https:\/\/www.enscmu.uha.fr\/index.php\/ecole-ingenieurs-chimistes-mulhouse\/","og_site_name":"ENSCMu | \u00c9cole Nationale Sup\u00e9rieure de Chimie de Mulhouse","article_modified_time":"2026-03-17T09:47:15+00:00","og_image":[{"width":1890,"height":1535,"url":"https:\/\/www.enscmu.uha.fr\/wp-content\/uploads\/2025\/09\/ENSCMu_chiffres-cles_2025-26.jpg","type":"image\/jpeg"}],"twitter_card":"summary_large_image","twitter_misc":{"Dur\u00e9e de lecture estim\u00e9e":"4 minutes"},"schema":{"@context":"https:\/\/schema.org","@graph":[{"@type":"WebPage","@id":"https:\/\/www.enscmu.uha.fr\/index.php\/ecole-ingenieurs-chimistes-mulhouse\/","url":"https:\/\/www.enscmu.uha.fr\/index.php\/ecole-ingenieurs-chimistes-mulhouse\/","name":"L'ENSCMu - ENSCMu","isPartOf":{"@id":"https:\/\/www.enscmu.uha.fr\/#website"},"primaryImageOfPage":{"@id":"https:\/\/www.enscmu.uha.fr\/index.php\/ecole-ingenieurs-chimistes-mulhouse\/#primaryimage"},"image":{"@id":"https:\/\/www.enscmu.uha.fr\/index.php\/ecole-ingenieurs-chimistes-mulhouse\/#primaryimage"},"thumbnailUrl":"https:\/\/www.enscmu.uha.fr\/wp-content\/uploads\/2025\/09\/ENSCMu_chiffres-cles_2025-26-1024x832.jpg","datePublished":"2017-12-12T14:34:51+00:00","dateModified":"2026-03-17T09:47:15+00:00","description":"L'ENSCMu, \u00c9cole d'ing\u00e9nieurs chimistes \u00e0 Mulhouse riche de ses 200 ans d'histoire, forme des ing\u00e9nieurs g\u00e9n\u00e9ralistes en chimie.","breadcrumb":{"@id":"https:\/\/www.enscmu.uha.fr\/index.php\/ecole-ingenieurs-chimistes-mulhouse\/#breadcrumb"},"inLanguage":"fr-FR","potentialAction":[{"@type":"ReadAction","target":["https:\/\/www.enscmu.uha.fr\/index.php\/ecole-ingenieurs-chimistes-mulhouse\/"]}]},{"@type":"ImageObject","inLanguage":"fr-FR","@id":"https:\/\/www.enscmu.uha.fr\/index.php\/ecole-ingenieurs-chimistes-mulhouse\/#primaryimage","url":"https:\/\/www.enscmu.uha.fr\/wp-content\/uploads\/2025\/09\/ENSCMu_chiffres-cles_2025-26.jpg","contentUrl":"https:\/\/www.enscmu.uha.fr\/wp-content\/uploads\/2025\/09\/ENSCMu_chiffres-cles_2025-26.jpg","width":1890,"height":1535},{"@type":"BreadcrumbList","@id":"https:\/\/www.enscmu.uha.fr\/index.php\/ecole-ingenieurs-chimistes-mulhouse\/#breadcrumb","itemListElement":[{"@type":"ListItem","position":1,"name":"Accueil","item":"https:\/\/www.enscmu.uha.fr\/"},{"@type":"ListItem","position":2,"name":"L&rsquo;ENSCMu"}]},{"@type":"WebSite","@id":"https:\/\/www.enscmu.uha.fr\/#website","url":"https:\/\/www.enscmu.uha.fr\/","name":"ENSCMu | \u00c9cole Nationale Sup\u00e9rieure de Chimie de Mulhouse","description":"Campus Illberg | Universit\u00e9 de Haute-Alsace","potentialAction":[{"@type":"SearchAction","target":{"@type":"EntryPoint","urlTemplate":"https:\/\/www.enscmu.uha.fr\/?s={search_term_string}"},"query-input":{"@type":"PropertyValueSpecification","valueRequired":true,"valueName":"search_term_string"}}],"inLanguage":"fr-FR"}]}},"_links":{"self":[{"href":"https:\/\/www.enscmu.uha.fr\/index.php\/wp-json\/wp\/v2\/pages\/2","targetHints":{"allow":["GET"]}}],"collection":[{"href":"https:\/\/www.enscmu.uha.fr\/index.php\/wp-json\/wp\/v2\/pages"}],"about":[{"href":"https:\/\/www.enscmu.uha.fr\/index.php\/wp-json\/wp\/v2\/types\/page"}],"author":[{"embeddable":true,"href":"https:\/\/www.enscmu.uha.fr\/index.php\/wp-json\/wp\/v2\/users\/1"}],"replies":[{"embeddable":true,"href":"https:\/\/www.enscmu.uha.fr\/index.php\/wp-json\/wp\/v2\/comments?post=2"}],"version-history":[{"count":128,"href":"https:\/\/www.enscmu.uha.fr\/index.php\/wp-json\/wp\/v2\/pages\/2\/revisions"}],"predecessor-version":[{"id":5734,"href":"https:\/\/www.enscmu.uha.fr\/index.php\/wp-json\/wp\/v2\/pages\/2\/revisions\/5734"}],"wp:attachment":[{"href":"https:\/\/www.enscmu.uha.fr\/index.php\/wp-json\/wp\/v2\/media?parent=2"}],"wp:term":[{"taxonomy":"category","embeddable":true,"href":"https:\/\/www.enscmu.uha.fr\/index.php\/wp-json\/wp\/v2\/categories?post=2"},{"taxonomy":"post_tag","embeddable":true,"href":"https:\/\/www.enscmu.uha.fr\/index.php\/wp-json\/wp\/v2\/tags?post=2"}],"curies":[{"name":"wp","href":"https:\/\/api.w.org\/{rel}","templated":true}]}}