{"id":25,"date":"2017-12-12T15:49:40","date_gmt":"2017-12-12T14:49:40","guid":{"rendered":"https:\/\/www.enscmu.uha.fr\/?page_id=25"},"modified":"2026-02-17T14:43:33","modified_gmt":"2026-02-17T13:43:33","slug":"cycle-ingenieur","status":"publish","type":"page","link":"https:\/\/www.enscmu.uha.fr\/index.php\/formation\/cycle-ingenieur\/","title":{"rendered":"CYCLE ING\u00c9NIEUR"},"content":{"rendered":"<div class=\"deflex main\" style=\"display: flex;\">\n<div class=\"deborder\" style=\"width: 70%; margin-left: auto; margin-right: auto; padding-right: 5%;\">\n<h1>Organisation du cycle ing\u00e9nieur<\/h1>\n<p>Le cy<img loading=\"lazy\" decoding=\"async\" class=\"size-full wp-image-1907 alignleft\" src=\"https:\/\/www.enscmu.uha.fr\/wp-content\/uploads\/2019\/11\/DL_04_Dip_Ing_145px.png\" alt=\"\" width=\"145\" height=\"167\" \/>cle ing\u00e9nieur se compose de 6 semestres, 2 par ann\u00e9e de cycle.<\/p>\n<p>Chaque ann\u00e9e du cycle se termine par un <a href=\"https:\/\/www.enscmu.uha.fr\/index.php\/formation\/cycle-ingenieur\/projets-stages\/\">stage<\/a> (stage d&rsquo;ex\u00e9cution, stage de recherche et stage ing\u00e9nieur).<\/p>\n<p>Enfin des examens ponctuent les semestres 1 \u00e0 5, quant au semestre 6 de stage ing\u00e9nieur, il est valid\u00e9 sur la base du rapport de stage et d&rsquo;une soutenance devant un jury.<\/p>\n<p>En cas d&rsquo;\u00e9chec \u00e0 un ou plusieurs examens, les \u00e9l\u00e8ves participent \u00e0 une session de rattrapage.<\/p>\n<h2>En 1<sup>re<\/sup> et 2<sup>e<\/sup> ann\u00e9es :<\/h2>\n<figure id=\"attachment_224\" aria-describedby=\"caption-attachment-224\" style=\"width: 200px\" class=\"wp-caption alignright\"><img loading=\"lazy\" decoding=\"async\" class=\"wp-image-224 size-medium\" src=\"https:\/\/www.enscmu.uha.fr\/wp-content\/uploads\/2017\/12\/ENSCMu-chimie-organique1\u00a9GregoryTachet-200x300.jpg\" alt=\"Chimie organique\" width=\"200\" height=\"300\" srcset=\"https:\/\/www.enscmu.uha.fr\/wp-content\/uploads\/2017\/12\/ENSCMu-chimie-organique1\u00a9GregoryTachet-200x300.jpg 200w, https:\/\/www.enscmu.uha.fr\/wp-content\/uploads\/2017\/12\/ENSCMu-chimie-organique1\u00a9GregoryTachet-768x1151.jpg 768w, https:\/\/www.enscmu.uha.fr\/wp-content\/uploads\/2017\/12\/ENSCMu-chimie-organique1\u00a9GregoryTachet-683x1024.jpg 683w, https:\/\/www.enscmu.uha.fr\/wp-content\/uploads\/2017\/12\/ENSCMu-chimie-organique1\u00a9GregoryTachet.jpg 788w\" sizes=\"auto, (max-width: 200px) 100vw, 200px\" \/><figcaption id=\"caption-attachment-224\" class=\"wp-caption-text\">\u00a9GregoryTachet<\/figcaption><\/figure>\n<p>La 1<sup>re<\/sup> ann\u00e9e comporte 800h d&rsquo;enseignements th\u00e9oriques et pratiques. La 2<sup>e<\/sup> ann\u00e9e en compte 730h. \u00a0Les travaux pratiques occupent au minimum 2 journ\u00e9es par semaine (lundi et vendredi en 1<sup>re<\/sup> ann\u00e9e et mardi et mercredi en 2<sup>e<\/sup> ann\u00e9e). Le jeudi apr\u00e8s-midi est le plus souvent r\u00e9serv\u00e9 aux projets personnels, rencontres et visites d&rsquo;entreprises.<\/p>\n<p>Durant les 3 premiers semestres, les \u00e9l\u00e8ves b\u00e9n\u00e9ficient des enseignements de base :<\/p>\n<ul>\n<li>Cours, TD et TP en chimie organique, chimie physique, chimie inorganique, formulation, chimie macromol\u00e9culaire, s\u00e9curit\u00e9, sciences pour l\u2019ing\u00e9nieur\u2026<\/li>\n<li>2 langues vivantes obligatoires : LV1 Anglais, LV2 au choix (Allemand, Espagnol, Italien, Japonais&#8230;), possibilit\u00e9 d&rsquo;apprendre une autre langue en dehors du cursus ing\u00e9nieur au <a href=\"https:\/\/www.learning-center.uha.fr\/opac\/article\/langues-en-autoformation-accompagnee\/uha_langue_multimedia\" target=\"_blank\" rel=\"noopener\">Learning Center<\/a> de l&rsquo;UHA<\/li>\n<li>SHES : module interculturalit\u00e9s, formation \u00e0 la m\u00e9diation scientifique, comptabilit\u00e9, d\u00e9veloppement soutenable\u2026<\/li>\n<li>Formation au m\u00e9tier d\u2019ing\u00e9nieur : projet professionnel, gestion de <a href=\"https:\/\/www.enscmu.uha.fr\/index.php\/formation\/cycle-ingenieur\/projets-stages\/\">projets<\/a>\u2026<\/li>\n<\/ul>\n<p>Au semestre 4 (2<sup>e<\/sup> semestre de 2<sup>e<\/sup> ann\u00e9e) ils choisissent un parcours d&rsquo;environ 100h en chimie organique, mat\u00e9riaux ou sciences pour l\u2019ing\u00e9nieur.<\/p>\n<p>Syllabus des <a href=\"https:\/\/www.enscmu.uha.fr\/index.php\/formation\/cycle-ingenieur\/1ere-annee\/\" target=\"_blank\" rel=\"noopener noreferrer\">enseignements de 1re ann\u00e9e<\/a>.<\/p>\n<p>Syllabus des <a href=\"https:\/\/www.enscmu.uha.fr\/index.php\/formation\/cycle-ingenieur\/2eme-annee\/\" target=\"_blank\" rel=\"noopener noreferrer\">enseignements de 2e ann\u00e9e<\/a>.<\/p>\n<h2>Entre la 2<sup>e<\/sup> et la 3<sup>e<\/sup> ann\u00e9es :<\/h2>\n<p>Les \u00e9l\u00e8ves qui le souhaitent ont la possibilit\u00e9 d&rsquo;interrompre leur cycle ing\u00e9nieur apr\u00e8s la 2<sup>e<\/sup> ann\u00e9e pour un an, la plupart du temps pour faire une ann\u00e9e d&rsquo;immersion en entreprise \u00e0 l&rsquo;\u00e9tranger.<\/p>\n<p>En 2019-2020 par exemple, les \u00e9l\u00e8ves en c\u00e9sure sont partis en Allemagne, en Arabie Saoudite, en Belgique, aux Pays-Bas, au Royaume-Uni, en Suisse et aux USA. Pour 2020-21 les \u00e9l\u00e8ves en c\u00e9sures sont partis en Afrique du Sud, en Allemagne, en Guadeloupe, aux Pays-Bas et en France. Forts de cette exp\u00e9rience longue dans le monde du travail, ils r\u00e9int\u00e8grent le cycle ing\u00e9nieur de l&rsquo;ENSCMu \u00e0 la rentr\u00e9e suivante en 3<sup>e<\/sup> ann\u00e9e.<\/p>\n<h2>En 3<sup>e <\/sup>ann\u00e9e :<\/h2>\n<p>La 3<sup>e<\/sup> ann\u00e9e comporte 400h d&rsquo;enseignements de septembre \u00e0 janvier inclus. Les \u00e9l\u00e8ves ing\u00e9nieurs doivent choisir l\u2019une des quatre options de 3<sup>e<\/sup> ann\u00e9e \u00e0 l\u2019ENSCMu (pas de quotas dans le nombre d&rsquo;\u00e9l\u00e8ves par option) :<\/p>\n<ul>\n<li>chimie organique, bioorganique et th\u00e9rapeutique,<\/li>\n<li>formulation et cosm\u00e9tologie,<\/li>\n<li>mat\u00e9riaux et polym\u00e8res,<\/li>\n<li>s\u00e9curit\u00e9 et d\u00e9veloppement durable.<\/li>\n<\/ul>\n<p>En plus de l&rsquo;option (200h), les \u00e9l\u00e8ves suivent des enseignements en sciences humaines, \u00e9conomiques et sociales et en anglais.<\/p>\n<p>Le dernier semestre est consacr\u00e9 au stage ing\u00e9nieur de six mois \u00e0 partir du mois de f\u00e9vrier.<\/p>\n<p>Depuis la rentr\u00e9e 2020, les \u00e9l\u00e8ves de l&rsquo;ENSCMu peuvent \u00e9galement choisir de mener leur 3e ann\u00e9e en <a href=\"https:\/\/www.enscmu.uha.fr\/wp-content\/uploads\/2024\/09\/ENSCMu_Contrat-professionalisation_programme_2024-25.pdf\">contrat de professionnalisation<\/a>, quelle que soit l\u2019option choisie.<\/p>\n<p>Syllabus des <a href=\"https:\/\/www.enscmu.uha.fr\/index.php\/formation\/cycle-ingenieur\/3eme-annee\/\" target=\"_blank\" rel=\"noopener noreferrer\">enseignements de 3e ann\u00e9e<\/a>.<\/p>\n<h1>Encadrement<\/h1>\n<figure id=\"attachment_246\" aria-describedby=\"caption-attachment-246\" style=\"width: 200px\" class=\"wp-caption alignleft\"><img loading=\"lazy\" decoding=\"async\" class=\"wp-image-246 size-medium\" src=\"https:\/\/www.enscmu.uha.fr\/wp-content\/uploads\/2017\/12\/ENSCMu-enseignement\u00a9GregoryTachet-200x300.jpg\" alt=\"Enseignement\" width=\"200\" height=\"300\" srcset=\"https:\/\/www.enscmu.uha.fr\/wp-content\/uploads\/2017\/12\/ENSCMu-enseignement\u00a9GregoryTachet-200x300.jpg 200w, https:\/\/www.enscmu.uha.fr\/wp-content\/uploads\/2017\/12\/ENSCMu-enseignement\u00a9GregoryTachet-768x1151.jpg 768w, https:\/\/www.enscmu.uha.fr\/wp-content\/uploads\/2017\/12\/ENSCMu-enseignement\u00a9GregoryTachet-683x1024.jpg 683w, https:\/\/www.enscmu.uha.fr\/wp-content\/uploads\/2017\/12\/ENSCMu-enseignement\u00a9GregoryTachet.jpg 788w\" sizes=\"auto, (max-width: 200px) 100vw, 200px\" \/><figcaption id=\"caption-attachment-246\" class=\"wp-caption-text\">\u00a9GregoryTachet<\/figcaption><\/figure>\n<p>Des enseignants, des enseignants-chercheurs effectuant leur recherche dans les laboratoires du campus, mais aussi des intervenants professionnels issus du monde de l\u2019entreprise assurent les enseignements en cycle ing\u00e9nieur.<\/p>\n<p>\u00c0 c\u00f4t\u00e9 de cela, les \u00e9l\u00e8ves construisent leur <a href=\"https:\/\/www.enscmu.uha.fr\/index.php\/formation\/cycle-ingenieur\/projets-stages\/\">projet professionnel<\/a> d\u00e8s la 1<sup>re<\/sup> ann\u00e9e de cycle ing\u00e9nieur, coach\u00e9s individuellement par un bin\u00f4me cadre de l\u2019industrie\/enseignant.<\/p>\n<p>&nbsp;<\/p>\n<p>Consultez les <a href=\"https:\/\/www.enscmu.uha.fr\/wp-content\/uploads\/2025\/09\/ENSCMu_chiffres-cles_2025-26.jpg\" target=\"_blank\" rel=\"noopener noreferrer\">chiffres cl\u00e9s<\/a>.<\/p>\n<p>Consultez la <a href=\"https:\/\/www.francecompetences.fr\/recherche\/rncp\/39142\/\" target=\"_blank\" rel=\"noopener\">fiche RNCP du dipl\u00f4me<\/a>.<\/p>\n<\/div>\n<p>&nbsp;<\/p>\n<div style=\"width: 27.5%; margin-left: auto; margin-right: auto;\">\n<p>Contact : Service de scolarit\u00e9<br \/>\nT\u00e9l. : +33 (0)3 89 33 68 14<br \/>\nCourriel : <a href=\"https:\/\/www.enscmu.uha.fr\/index.php\/contacts-acces\/\">scolarite.enscmu@uha.fr<\/a><\/p>\n<div class=\"su-service\"><div class=\"su-service-title\" style=\"padding-left:46px;min-height:32px;line-height:32px\"><i class=\"sui sui-download\" style=\"font-size:32px;color:#CE0075\"><\/i> A t\u00e9l\u00e9charger<\/div><div class=\"su-service-content su-u-clearfix su-u-trim\" style=\"padding-left:46px\"><a href=\"https:\/\/www.enscmu.uha.fr\/wp-content\/uploads\/2025\/11\/ENSCMu_plaquette_2025-2026_web.pdf\" target=\"_blank\" rel=\"noopener noreferrer\">Plaquette formation cycle ing\u00e9nieur ENSCMu<\/a><\/div><\/div>\n<div class=\"su-service\"><div class=\"su-service-title\" style=\"padding-left:46px;min-height:32px;line-height:32px\"><i class=\"sui sui-download\" style=\"font-size:32px;color:#CE0075\"><\/i> \u00c0 t\u00e9l\u00e9charger<\/div><div class=\"su-service-content su-u-clearfix su-u-trim\" style=\"padding-left:46px\"><a href=\"https:\/\/www.enscmu.uha.fr\/wp-content\/uploads\/2025\/06\/CALENDRIER-ENSCMu-2025-2026.pdf\">CALENDRIER ENSCMu 2025-2026<\/a><\/div><\/div>\n<div class=\"su-service\"><div class=\"su-service-title\" style=\"padding-left:46px;min-height:32px;line-height:32px\"><i class=\"sui sui-download\" style=\"font-size:32px;color:#CE0075\"><\/i> \u00c0 t\u00e9l\u00e9charger<\/div><div class=\"su-service-content su-u-clearfix su-u-trim\" style=\"padding-left:46px\"><a href=\"https:\/\/www.enscmu.uha.fr\/wp-content\/uploads\/2023\/12\/referentiel-de-competences.pdf\">R\u00e9f\u00e9rentiel de comp\u00e9tences<\/a><\/div><\/div>\n<\/div>\n<\/div>\n","protected":false},"excerpt":{"rendered":"<p>Organisation du cycle ing\u00e9nieur Le cycle ing\u00e9nieur se compose de 6 semestres, 2 par ann\u00e9e de cycle. Chaque ann\u00e9e du cycle se termine par un stage (stage d&rsquo;ex\u00e9cution, stage de recherche et stage ing\u00e9nieur). Enfin des examens ponctuent les semestres 1 \u00e0 5, quant au semestre 6 de stage ing\u00e9nieur, il est valid\u00e9 sur la [&hellip;]<\/p>\n","protected":false},"author":1,"featured_media":222,"parent":17,"menu_order":0,"comment_status":"closed","ping_status":"closed","template":"","meta":{"footnotes":""},"categories":[6,5],"tags":[],"class_list":["post-25","page","type-page","status-publish","has-post-thumbnail","hentry","category-entreprises-partenaires","category-futurs-etudiants"],"yoast_head":"<!-- This site is optimized with the Yoast SEO plugin v27.0 - https:\/\/yoast.com\/product\/yoast-seo-wordpress\/ -->\n<title>CYCLE ING\u00c9NIEUR - ENSCMu<\/title>\n<meta name=\"description\" content=\"Le cycle ing\u00e9nieur chimiste de l&#039;ENSCMu se compose de 6 semestres, deux par ann\u00e9es, le dernier semestre \u00e9tant consacr\u00e9 au stage de fin d\u2019\u00e9tude.\" \/>\n<meta name=\"robots\" content=\"index, follow, max-snippet:-1, max-image-preview:large, max-video-preview:-1\" \/>\n<link rel=\"canonical\" href=\"https:\/\/www.enscmu.uha.fr\/index.php\/formation\/cycle-ingenieur\/\" \/>\n<meta property=\"og:locale\" content=\"fr_FR\" \/>\n<meta property=\"og:type\" content=\"article\" \/>\n<meta property=\"og:title\" content=\"CYCLE ING\u00c9NIEUR - ENSCMu\" \/>\n<meta property=\"og:description\" content=\"Le cycle ing\u00e9nieur chimiste de l&#039;ENSCMu se compose de 6 semestres, deux par ann\u00e9es, le dernier semestre \u00e9tant consacr\u00e9 au stage de fin d\u2019\u00e9tude.\" \/>\n<meta property=\"og:url\" content=\"https:\/\/www.enscmu.uha.fr\/index.php\/formation\/cycle-ingenieur\/\" \/>\n<meta property=\"og:site_name\" content=\"ENSCMu | \u00c9cole Nationale Sup\u00e9rieure de Chimie de Mulhouse\" \/>\n<meta property=\"article:modified_time\" content=\"2026-02-17T13:43:33+00:00\" \/>\n<meta property=\"og:image\" content=\"https:\/\/www.enscmu.uha.fr\/wp-content\/uploads\/2017\/12\/ENSCMu-cours\u00a9GregoryTachet.jpg\" \/>\n\t<meta property=\"og:image:width\" content=\"1181\" \/>\n\t<meta property=\"og:image:height\" content=\"788\" \/>\n\t<meta property=\"og:image:type\" content=\"image\/jpeg\" \/>\n<meta name=\"twitter:card\" content=\"summary_large_image\" \/>\n<meta name=\"twitter:label1\" content=\"Dur\u00e9e de lecture estim\u00e9e\" \/>\n\t<meta name=\"twitter:data1\" content=\"4 minutes\" \/>\n<script type=\"application\/ld+json\" class=\"yoast-schema-graph\">{\"@context\":\"https:\/\/schema.org\",\"@graph\":[{\"@type\":\"WebPage\",\"@id\":\"https:\/\/www.enscmu.uha.fr\/index.php\/formation\/cycle-ingenieur\/\",\"url\":\"https:\/\/www.enscmu.uha.fr\/index.php\/formation\/cycle-ingenieur\/\",\"name\":\"CYCLE ING\u00c9NIEUR - ENSCMu\",\"isPartOf\":{\"@id\":\"https:\/\/www.enscmu.uha.fr\/#website\"},\"primaryImageOfPage\":{\"@id\":\"https:\/\/www.enscmu.uha.fr\/index.php\/formation\/cycle-ingenieur\/#primaryimage\"},\"image\":{\"@id\":\"https:\/\/www.enscmu.uha.fr\/index.php\/formation\/cycle-ingenieur\/#primaryimage\"},\"thumbnailUrl\":\"https:\/\/www.enscmu.uha.fr\/wp-content\/uploads\/2017\/12\/ENSCMu-cours\u00a9GregoryTachet.jpg\",\"datePublished\":\"2017-12-12T14:49:40+00:00\",\"dateModified\":\"2026-02-17T13:43:33+00:00\",\"description\":\"Le cycle ing\u00e9nieur chimiste de l'ENSCMu se compose de 6 semestres, deux par ann\u00e9es, le dernier semestre \u00e9tant consacr\u00e9 au stage de fin d\u2019\u00e9tude.\",\"breadcrumb\":{\"@id\":\"https:\/\/www.enscmu.uha.fr\/index.php\/formation\/cycle-ingenieur\/#breadcrumb\"},\"inLanguage\":\"fr-FR\",\"potentialAction\":[{\"@type\":\"ReadAction\",\"target\":[\"https:\/\/www.enscmu.uha.fr\/index.php\/formation\/cycle-ingenieur\/\"]}]},{\"@type\":\"ImageObject\",\"inLanguage\":\"fr-FR\",\"@id\":\"https:\/\/www.enscmu.uha.fr\/index.php\/formation\/cycle-ingenieur\/#primaryimage\",\"url\":\"https:\/\/www.enscmu.uha.fr\/wp-content\/uploads\/2017\/12\/ENSCMu-cours\u00a9GregoryTachet.jpg\",\"contentUrl\":\"https:\/\/www.enscmu.uha.fr\/wp-content\/uploads\/2017\/12\/ENSCMu-cours\u00a9GregoryTachet.jpg\",\"width\":1181,\"height\":788,\"caption\":\"\u00a9GregoryTachet\"},{\"@type\":\"BreadcrumbList\",\"@id\":\"https:\/\/www.enscmu.uha.fr\/index.php\/formation\/cycle-ingenieur\/#breadcrumb\",\"itemListElement\":[{\"@type\":\"ListItem\",\"position\":1,\"name\":\"Accueil\",\"item\":\"https:\/\/www.enscmu.uha.fr\/\"},{\"@type\":\"ListItem\",\"position\":2,\"name\":\"FORMATION\",\"item\":\"https:\/\/www.enscmu.uha.fr\/index.php\/formation\/\"},{\"@type\":\"ListItem\",\"position\":3,\"name\":\"CYCLE ING\u00c9NIEUR\"}]},{\"@type\":\"WebSite\",\"@id\":\"https:\/\/www.enscmu.uha.fr\/#website\",\"url\":\"https:\/\/www.enscmu.uha.fr\/\",\"name\":\"ENSCMu | \u00c9cole Nationale Sup\u00e9rieure de Chimie de Mulhouse\",\"description\":\"Campus Illberg | Universit\u00e9 de Haute-Alsace\",\"potentialAction\":[{\"@type\":\"SearchAction\",\"target\":{\"@type\":\"EntryPoint\",\"urlTemplate\":\"https:\/\/www.enscmu.uha.fr\/?s={search_term_string}\"},\"query-input\":{\"@type\":\"PropertyValueSpecification\",\"valueRequired\":true,\"valueName\":\"search_term_string\"}}],\"inLanguage\":\"fr-FR\"}]}<\/script>\n<!-- \/ Yoast SEO plugin. -->","yoast_head_json":{"title":"CYCLE ING\u00c9NIEUR - ENSCMu","description":"Le cycle ing\u00e9nieur chimiste de l'ENSCMu se compose de 6 semestres, deux par ann\u00e9es, le dernier semestre \u00e9tant consacr\u00e9 au stage de fin d\u2019\u00e9tude.","robots":{"index":"index","follow":"follow","max-snippet":"max-snippet:-1","max-image-preview":"max-image-preview:large","max-video-preview":"max-video-preview:-1"},"canonical":"https:\/\/www.enscmu.uha.fr\/index.php\/formation\/cycle-ingenieur\/","og_locale":"fr_FR","og_type":"article","og_title":"CYCLE ING\u00c9NIEUR - ENSCMu","og_description":"Le cycle ing\u00e9nieur chimiste de l'ENSCMu se compose de 6 semestres, deux par ann\u00e9es, le dernier semestre \u00e9tant consacr\u00e9 au stage de fin d\u2019\u00e9tude.","og_url":"https:\/\/www.enscmu.uha.fr\/index.php\/formation\/cycle-ingenieur\/","og_site_name":"ENSCMu | \u00c9cole Nationale Sup\u00e9rieure de Chimie de Mulhouse","article_modified_time":"2026-02-17T13:43:33+00:00","og_image":[{"width":1181,"height":788,"url":"https:\/\/www.enscmu.uha.fr\/wp-content\/uploads\/2017\/12\/ENSCMu-cours\u00a9GregoryTachet.jpg","type":"image\/jpeg"}],"twitter_card":"summary_large_image","twitter_misc":{"Dur\u00e9e de lecture estim\u00e9e":"4 minutes"},"schema":{"@context":"https:\/\/schema.org","@graph":[{"@type":"WebPage","@id":"https:\/\/www.enscmu.uha.fr\/index.php\/formation\/cycle-ingenieur\/","url":"https:\/\/www.enscmu.uha.fr\/index.php\/formation\/cycle-ingenieur\/","name":"CYCLE ING\u00c9NIEUR - ENSCMu","isPartOf":{"@id":"https:\/\/www.enscmu.uha.fr\/#website"},"primaryImageOfPage":{"@id":"https:\/\/www.enscmu.uha.fr\/index.php\/formation\/cycle-ingenieur\/#primaryimage"},"image":{"@id":"https:\/\/www.enscmu.uha.fr\/index.php\/formation\/cycle-ingenieur\/#primaryimage"},"thumbnailUrl":"https:\/\/www.enscmu.uha.fr\/wp-content\/uploads\/2017\/12\/ENSCMu-cours\u00a9GregoryTachet.jpg","datePublished":"2017-12-12T14:49:40+00:00","dateModified":"2026-02-17T13:43:33+00:00","description":"Le cycle ing\u00e9nieur chimiste de l'ENSCMu se compose de 6 semestres, deux par ann\u00e9es, le dernier semestre \u00e9tant consacr\u00e9 au stage de fin d\u2019\u00e9tude.","breadcrumb":{"@id":"https:\/\/www.enscmu.uha.fr\/index.php\/formation\/cycle-ingenieur\/#breadcrumb"},"inLanguage":"fr-FR","potentialAction":[{"@type":"ReadAction","target":["https:\/\/www.enscmu.uha.fr\/index.php\/formation\/cycle-ingenieur\/"]}]},{"@type":"ImageObject","inLanguage":"fr-FR","@id":"https:\/\/www.enscmu.uha.fr\/index.php\/formation\/cycle-ingenieur\/#primaryimage","url":"https:\/\/www.enscmu.uha.fr\/wp-content\/uploads\/2017\/12\/ENSCMu-cours\u00a9GregoryTachet.jpg","contentUrl":"https:\/\/www.enscmu.uha.fr\/wp-content\/uploads\/2017\/12\/ENSCMu-cours\u00a9GregoryTachet.jpg","width":1181,"height":788,"caption":"\u00a9GregoryTachet"},{"@type":"BreadcrumbList","@id":"https:\/\/www.enscmu.uha.fr\/index.php\/formation\/cycle-ingenieur\/#breadcrumb","itemListElement":[{"@type":"ListItem","position":1,"name":"Accueil","item":"https:\/\/www.enscmu.uha.fr\/"},{"@type":"ListItem","position":2,"name":"FORMATION","item":"https:\/\/www.enscmu.uha.fr\/index.php\/formation\/"},{"@type":"ListItem","position":3,"name":"CYCLE ING\u00c9NIEUR"}]},{"@type":"WebSite","@id":"https:\/\/www.enscmu.uha.fr\/#website","url":"https:\/\/www.enscmu.uha.fr\/","name":"ENSCMu | \u00c9cole Nationale Sup\u00e9rieure de Chimie de Mulhouse","description":"Campus Illberg | Universit\u00e9 de Haute-Alsace","potentialAction":[{"@type":"SearchAction","target":{"@type":"EntryPoint","urlTemplate":"https:\/\/www.enscmu.uha.fr\/?s={search_term_string}"},"query-input":{"@type":"PropertyValueSpecification","valueRequired":true,"valueName":"search_term_string"}}],"inLanguage":"fr-FR"}]}},"_links":{"self":[{"href":"https:\/\/www.enscmu.uha.fr\/index.php\/wp-json\/wp\/v2\/pages\/25","targetHints":{"allow":["GET"]}}],"collection":[{"href":"https:\/\/www.enscmu.uha.fr\/index.php\/wp-json\/wp\/v2\/pages"}],"about":[{"href":"https:\/\/www.enscmu.uha.fr\/index.php\/wp-json\/wp\/v2\/types\/page"}],"author":[{"embeddable":true,"href":"https:\/\/www.enscmu.uha.fr\/index.php\/wp-json\/wp\/v2\/users\/1"}],"replies":[{"embeddable":true,"href":"https:\/\/www.enscmu.uha.fr\/index.php\/wp-json\/wp\/v2\/comments?post=25"}],"version-history":[{"count":68,"href":"https:\/\/www.enscmu.uha.fr\/index.php\/wp-json\/wp\/v2\/pages\/25\/revisions"}],"predecessor-version":[{"id":5916,"href":"https:\/\/www.enscmu.uha.fr\/index.php\/wp-json\/wp\/v2\/pages\/25\/revisions\/5916"}],"up":[{"embeddable":true,"href":"https:\/\/www.enscmu.uha.fr\/index.php\/wp-json\/wp\/v2\/pages\/17"}],"wp:featuredmedia":[{"embeddable":true,"href":"https:\/\/www.enscmu.uha.fr\/index.php\/wp-json\/wp\/v2\/media\/222"}],"wp:attachment":[{"href":"https:\/\/www.enscmu.uha.fr\/index.php\/wp-json\/wp\/v2\/media?parent=25"}],"wp:term":[{"taxonomy":"category","embeddable":true,"href":"https:\/\/www.enscmu.uha.fr\/index.php\/wp-json\/wp\/v2\/categories?post=25"},{"taxonomy":"post_tag","embeddable":true,"href":"https:\/\/www.enscmu.uha.fr\/index.php\/wp-json\/wp\/v2\/tags?post=25"}],"curies":[{"name":"wp","href":"https:\/\/api.w.org\/{rel}","templated":true}]}}