{"id":27,"date":"2017-12-12T15:50:02","date_gmt":"2017-12-12T14:50:02","guid":{"rendered":"https:\/\/www.enscmu.uha.fr\/?page_id=27"},"modified":"2025-10-16T13:36:46","modified_gmt":"2025-10-16T11:36:46","slug":"1ere-annee","status":"publish","type":"page","link":"https:\/\/www.enscmu.uha.fr\/index.php\/formation\/cycle-ingenieur\/1ere-annee\/","title":{"rendered":"1RE ANN\u00c9E"},"content":{"rendered":"<div class=\"deflex main\" style=\"display: flex;\">\n<div class=\"deborder\" style=\"width: 70%; margin-left: auto; margin-right: auto; padding-right: 5%;\">\n<figure id=\"attachment_257\" aria-describedby=\"caption-attachment-257\" style=\"width: 1181px\" class=\"wp-caption aligncenter\"><img loading=\"lazy\" decoding=\"async\" class=\"wp-image-257 size-full\" src=\"https:\/\/www.enscmu.uha.fr\/wp-content\/uploads\/2017\/12\/ENSCMu-travaux-pratiques-chimie-macromoleculaire\u00a9GregoryTachet.jpg\" alt=\"Travaux pratiques en chimie macromol\u00e9culaire\" width=\"1181\" height=\"788\" srcset=\"https:\/\/www.enscmu.uha.fr\/wp-content\/uploads\/2017\/12\/ENSCMu-travaux-pratiques-chimie-macromoleculaire\u00a9GregoryTachet.jpg 1181w, https:\/\/www.enscmu.uha.fr\/wp-content\/uploads\/2017\/12\/ENSCMu-travaux-pratiques-chimie-macromoleculaire\u00a9GregoryTachet-300x200.jpg 300w, https:\/\/www.enscmu.uha.fr\/wp-content\/uploads\/2017\/12\/ENSCMu-travaux-pratiques-chimie-macromoleculaire\u00a9GregoryTachet-768x512.jpg 768w, https:\/\/www.enscmu.uha.fr\/wp-content\/uploads\/2017\/12\/ENSCMu-travaux-pratiques-chimie-macromoleculaire\u00a9GregoryTachet-1024x683.jpg 1024w\" sizes=\"auto, (max-width: 1181px) 100vw, 1181px\" \/><figcaption id=\"caption-attachment-257\" class=\"wp-caption-text\">\u00a9GregoryTachet<\/figcaption><\/figure>\n<h1>Enseignements th\u00e9oriques chimie (cours + TD)<\/h1>\n<ul>\n<li><a href=\"https:\/\/www.enscmu.uha.fr\/wp-content\/uploads\/2022\/04\/Syllabus-1A-complet_04.2022.pdf#page=7\" target=\"_blank\" rel=\"noopener noreferrer\">\u00c9lectrochimie<\/a><\/li>\n<li><a href=\"https:\/\/www.enscmu.uha.fr\/wp-content\/uploads\/2022\/04\/Syllabus-1A-complet_04.2022.pdf#page=8\" target=\"_blank\" rel=\"noopener noreferrer\">M\u00e9thodes \u00e9lectrochimiques<\/a><\/li>\n<li><a href=\"https:\/\/www.enscmu.uha.fr\/wp-content\/uploads\/2022\/04\/Syllabus-1A-complet_04.2022.pdf#page=9\" target=\"_blank\" rel=\"noopener noreferrer\">Chimie inorganique<\/a><\/li>\n<li><a href=\"https:\/\/www.enscmu.uha.fr\/wp-content\/uploads\/2022\/04\/Syllabus-1A-complet_04.2022.pdf#page=10\" target=\"_blank\" rel=\"noopener noreferrer\">\u00c9quilibres chimiques en solution<\/a><\/li>\n<li><a href=\"https:\/\/www.enscmu.uha.fr\/wp-content\/uploads\/2022\/04\/Syllabus-1A-complet_04.2022.pdf#page=11\" target=\"_blank\" rel=\"noopener noreferrer\">Thermodynamique chimique<\/a><\/li>\n<li><a href=\"https:\/\/www.enscmu.uha.fr\/wp-content\/uploads\/2022\/04\/Syllabus-1A-complet_04.2022.pdf#page=12\" target=\"_blank\" rel=\"noopener noreferrer\">Math\u00e9matiques et informatique<\/a><\/li>\n<li><a href=\"https:\/\/www.enscmu.uha.fr\/wp-content\/uploads\/2022\/04\/Syllabus-1A-complet_04.2022.pdf#page=13\" target=\"_blank\" rel=\"noopener noreferrer\">Statistiques<\/a><\/li>\n<li><a href=\"https:\/\/www.enscmu.uha.fr\/wp-content\/uploads\/2022\/04\/Syllabus-1A-complet_04.2022.pdf#page=14\" target=\"_blank\" rel=\"noopener noreferrer\">Chimie organique<\/a><\/li>\n<li><a href=\"https:\/\/www.enscmu.uha.fr\/wp-content\/uploads\/2022\/04\/Syllabus-1A-complet_04.2022.pdf#page=16\" target=\"_blank\" rel=\"noopener noreferrer\">Analyse organique<\/a><\/li>\n<li><a href=\"https:\/\/www.enscmu.uha.fr\/wp-content\/uploads\/2022\/04\/Syllabus-1A-complet_04.2022.pdf#page=17\" target=\"_blank\" rel=\"noopener noreferrer\">Liaisons chimiques et spectroscopie<\/a><\/li>\n<li><a href=\"https:\/\/www.enscmu.uha.fr\/wp-content\/uploads\/2022\/04\/Syllabus-1A-complet_04.2022.pdf#page=18\" target=\"_blank\" rel=\"noopener noreferrer\">Cin\u00e9tique chimique<\/a><\/li>\n<li><a href=\"https:\/\/www.enscmu.uha.fr\/wp-content\/uploads\/2022\/04\/Syllabus-1A-complet_04.2022.pdf#page=19\" target=\"_blank\" rel=\"noopener noreferrer\">Sym\u00e9trie mol\u00e9culaire<\/a><\/li>\n<li><a href=\"https:\/\/www.enscmu.uha.fr\/wp-content\/uploads\/2022\/04\/Syllabus-1A-complet_04.2022.pdf#page=20\" target=\"_blank\" rel=\"noopener noreferrer\">Plans d&rsquo;exp\u00e9rience<\/a><\/li>\n<li><a href=\"https:\/\/www.enscmu.uha.fr\/wp-content\/uploads\/2022\/04\/Syllabus-1A-complet_04.2022.pdf#page=21\" target=\"_blank\" rel=\"noopener noreferrer\">Chimie macromol\u00e9culaire<\/a><\/li>\n<\/ul>\n<h1>Travaux pratiques chimie<\/h1>\n<ul>\n<li><a href=\"https:\/\/www.enscmu.uha.fr\/wp-content\/uploads\/2022\/04\/Syllabus-1A-complet_04.2022.pdf#page=25\" target=\"_blank\" rel=\"noopener noreferrer\">Chimie organique<\/a><\/li>\n<li><a href=\"https:\/\/www.enscmu.uha.fr\/wp-content\/uploads\/2022\/04\/Syllabus-1A-complet_04.2022.pdf#page=26\" target=\"_blank\" rel=\"noopener noreferrer\">Pr\u00e9parations min\u00e9rales<\/a><\/li>\n<li><a href=\"https:\/\/www.enscmu.uha.fr\/wp-content\/uploads\/2022\/04\/Syllabus-1A-complet_04.2022.pdf#page=27\" target=\"_blank\" rel=\"noopener noreferrer\">\u00c9quilibres chimiques en solution<\/a><\/li>\n<li><a href=\"https:\/\/www.enscmu.uha.fr\/wp-content\/uploads\/2022\/04\/Syllabus-1A-complet_04.2022.pdf#page=28\" target=\"_blank\" rel=\"noopener noreferrer\">Photochimie<\/a><\/li>\n<li><a href=\"https:\/\/www.enscmu.uha.fr\/wp-content\/uploads\/2022\/04\/Syllabus-1A-complet_04.2022.pdf#page=29\" target=\"_blank\" rel=\"noopener noreferrer\">\u00c9lectrochimie<\/a><\/li>\n<li><a href=\"https:\/\/www.enscmu.uha.fr\/wp-content\/uploads\/2022\/04\/Syllabus-1A-complet_04.2022.pdf#page=30\" target=\"_blank\" rel=\"noopener noreferrer\">Thermodynamique<\/a><\/li>\n<\/ul>\n<h1>Langues<\/h1>\n<ul>\n<li><a href=\"https:\/\/www.enscmu.uha.fr\/wp-content\/uploads\/2022\/04\/Syllabus-1A-complet_04.2022.pdf#page=2\" target=\"_blank\" rel=\"noopener noreferrer\">Anglais LV1<\/a><\/li>\n<li><a href=\"https:\/\/www.enscmu.uha.fr\/wp-content\/uploads\/2022\/04\/Syllabus-1A-complet_04.2022.pdf#page=3\" target=\"_blank\" rel=\"noopener noreferrer\">Espagnol LV2<\/a><\/li>\n<li><a href=\"https:\/\/www.enscmu.uha.fr\/wp-content\/uploads\/2022\/04\/Syllabus-1A-complet_04.2022.pdf#page=4\" target=\"_blank\" rel=\"noopener noreferrer\">Allemand LV2<\/a><\/li>\n<li><a href=\"https:\/\/www.enscmu.uha.fr\/wp-content\/uploads\/2022\/04\/Syllabus-1A-complet_04.2022.pdf#page=5\" target=\"_blank\" rel=\"noopener noreferrer\">Fran\u00e7ais langue \u00e9trang\u00e8re<\/a><\/li>\n<\/ul>\n<h1>Sciences humaines, \u00e9conomiques et sociales<\/h1>\n<ul>\n<li>D\u00e9veloppement soutenable<\/li>\n<li><a href=\"https:\/\/www.enscmu.uha.fr\/wp-content\/uploads\/2022\/04\/Syllabus-1A-complet_04.2022.pdf#page=22\" target=\"_blank\" rel=\"noopener noreferrer\">Le projet<\/a><\/li>\n<li>D\u00e9couverte des m\u00e9tiers et domaines d\u2019activit\u00e9<\/li>\n<li>Comptabilit\u00e9<\/li>\n<li>Formation s\u00e9curit\u00e9 et manipulation extincteurs<\/li>\n<li><a href=\"https:\/\/www.enscmu.uha.fr\/wp-content\/uploads\/2022\/04\/Syllabus-1A-complet_04.2022.pdf#page=23\" target=\"_blank\" rel=\"noopener noreferrer\">Interculturalit\u00e9s<\/a><\/li>\n<li><a href=\"https:\/\/www.enscmu.uha.fr\/wp-content\/uploads\/2022\/04\/Syllabus-1A-complet_04.2022.pdf#page=24\" target=\"_blank\" rel=\"noopener noreferrer\">M\u00e9diation scientifique<\/a><\/li>\n<\/ul>\n<p>Consultez le <a href=\"https:\/\/www.enscmu.uha.fr\/wp-content\/uploads\/2022\/04\/Syllabus-1A-complet_04.2022.pdf\" target=\"_blank\" rel=\"attachment noopener wp-att-685 noreferrer\">Syllabus &#8211; Cycle ing\u00e9nieur 1re ann\u00e9e<\/a>.<\/p>\n<h1>Formation au m\u00e9tier d&rsquo;ing\u00e9nieur<\/h1>\n<ul>\n<li>Projet personnel<\/li>\n<\/ul>\n<p><a href=\"https:\/\/www.enscmu.uha.fr\/wp-content\/uploads\/2022\/04\/Syllabus-1A-complet_04.2022.pdf#page=31\" target=\"_blank\" rel=\"noopener noreferrer\">Gestion de projet<\/a> en \u00e9quipe sur un sujet libre au choix (ateliers scientifiques en milieu scolaire, concours d\u2019innovation, Junior-Entreprise, projets avec des laboratoires ou des entreprises, responsabilit\u00e9s associatives, communication, \u00e9v\u00e9nementiel, concours d&rsquo;innovation&#8230;).<\/p>\n<p>En savoir plus sur les diff\u00e9rents types de <a href=\"https:\/\/www.enscmu.uha.fr\/index.php\/formation\/cycle-ingenieur\/projets-stages\/\">projets personnels<\/a> men\u00e9s par les \u00e9l\u00e8ves.<\/p>\n<ul>\n<li>Projet professionnel<\/li>\n<\/ul>\n<p><a href=\"https:\/\/www.enscmu.uha.fr\/index.php\/formation\/cycle-ingenieur\/projets-stages\/\" target=\"_blank\" rel=\"noopener noreferrer\">Construction du projet professionnel<\/a> avec un accompagnement personnalis\u00e9 d\u00e8s la 1re ann\u00e9e de cycle ing\u00e9nieur avec l&rsquo;appui de la plateforme <a href=\"https:\/\/www.myjobglasses.com\/student\" target=\"_blank\" rel=\"noopener\">My Job Glasses<\/a>.<\/p>\n<ul>\n<li>Stage d&rsquo;ex\u00e9cution de 6 semaines<\/li>\n<\/ul>\n<div>\n<div>L&rsquo;objectif est de d\u00e9couvrir le monde de l&rsquo;entreprise et le m\u00e9tier d&rsquo;ing\u00e9nieur dans tous domaines d&rsquo;activit\u00e9. Le stage est donc \u00e0 effectuer id\u00e9alement au sein d&rsquo;une entreprise, les diff\u00e9rents services de l&rsquo;entreprise \u00e9tant possibles (production, recherche et d\u00e9veloppement, gestion des stocks, laboratoire d&rsquo;analyse, contr\u00f4le qualit\u00e9&#8230;). Le stage peut se faire dans des structures de type Start-up, TPE, PME, ou grand groupe. Par d\u00e9rogation, il est envisageable d&rsquo;effectuer un stage d&rsquo;ex\u00e9cution dans un organisme de recherche si la demande correspond au projet professionnel de l&rsquo;\u00e9l\u00e8ve.<\/div>\n<div>La qualit\u00e9 de la recherche de stages (d\u00e9marches, suivi de candidatures, obtention d&rsquo;entretiens avec des recruteurs..) est valid\u00e9e en 1re ann\u00e9e. Quant au stage lui-m\u00eame, il donne lieu \u00e0 une \u00e9valuation en 2e ann\u00e9e sur la base d&rsquo;un rapport de stage et d&rsquo;une soutenance orale.<\/div>\n<\/div>\n<h1>Dipl\u00f4me de licence<\/h1>\n<p>Les \u00e9l\u00e8ves ing\u00e9nieurs qui le souhaitent peuvent, apr\u00e8s inscription, obtenir la Licence de chimie de l&rsquo;UHA en cours de scolarit\u00e9, par validation de certains enseignements de l&rsquo;ENSCMu.<\/p>\n<\/div>\n<div style=\"width: 27.5%; margin-left: auto; margin-right: auto;\">\n<p>Contact : Delphine Josien, coordinatrice d&rsquo;ann\u00e9e<br \/>\n<a href=\"https:\/\/www.annuaire.uha.fr\/\">Contactez-nous<\/a><\/p>\n<div class=\"su-service\"><div class=\"su-service-title\" style=\"padding-left:46px;min-height:32px;line-height:32px\"><i class=\"sui sui-download\" style=\"font-size:32px;color:#CE0075\"><\/i> \u00c0 t\u00e9l\u00e9charger<\/div><div class=\"su-service-content su-u-clearfix su-u-trim\" style=\"padding-left:46px\"><a href=\"https:\/\/www.enscmu.uha.fr\/wp-content\/uploads\/2023\/11\/referentiel-de-competences-1A.pdf\">R\u00e9f\u00e9rentiel de comp\u00e9tences 1\u00e8re ann\u00e9e<\/a><\/div><\/div>\n<\/div>\n<\/div>\n","protected":false},"excerpt":{"rendered":"<p>Enseignements th\u00e9oriques chimie (cours + TD) \u00c9lectrochimie M\u00e9thodes \u00e9lectrochimiques Chimie inorganique \u00c9quilibres chimiques en solution Thermodynamique chimique Math\u00e9matiques et informatique Statistiques Chimie organique Analyse organique Liaisons chimiques et spectroscopie Cin\u00e9tique chimique Sym\u00e9trie mol\u00e9culaire Plans d&rsquo;exp\u00e9rience Chimie macromol\u00e9culaire Travaux pratiques chimie Chimie organique Pr\u00e9parations min\u00e9rales \u00c9quilibres chimiques en solution Photochimie \u00c9lectrochimie Thermodynamique Langues Anglais LV1 Espagnol [&hellip;]<\/p>\n","protected":false},"author":1,"featured_media":257,"parent":25,"menu_order":0,"comment_status":"closed","ping_status":"closed","template":"","meta":{"footnotes":""},"categories":[5],"tags":[],"class_list":["post-27","page","type-page","status-publish","has-post-thumbnail","hentry","category-futurs-etudiants"],"yoast_head":"<!-- This site is optimized with the Yoast SEO plugin v27.0 - https:\/\/yoast.com\/product\/yoast-seo-wordpress\/ -->\n<title>1RE ANN\u00c9E - ENSCMu<\/title>\n<meta name=\"robots\" content=\"index, follow, max-snippet:-1, max-image-preview:large, max-video-preview:-1\" \/>\n<link rel=\"canonical\" href=\"https:\/\/www.enscmu.uha.fr\/index.php\/formation\/cycle-ingenieur\/1ere-annee\/\" \/>\n<meta property=\"og:locale\" content=\"fr_FR\" \/>\n<meta property=\"og:type\" content=\"article\" \/>\n<meta property=\"og:title\" content=\"1RE ANN\u00c9E - ENSCMu\" \/>\n<meta property=\"og:description\" content=\"Enseignements th\u00e9oriques chimie (cours + TD) \u00c9lectrochimie M\u00e9thodes \u00e9lectrochimiques Chimie inorganique \u00c9quilibres chimiques en solution Thermodynamique chimique Math\u00e9matiques et informatique Statistiques Chimie organique Analyse organique Liaisons chimiques et spectroscopie Cin\u00e9tique chimique Sym\u00e9trie mol\u00e9culaire Plans d&rsquo;exp\u00e9rience Chimie macromol\u00e9culaire Travaux pratiques chimie Chimie organique Pr\u00e9parations min\u00e9rales \u00c9quilibres chimiques en solution Photochimie \u00c9lectrochimie Thermodynamique Langues Anglais LV1 Espagnol [&hellip;]\" \/>\n<meta property=\"og:url\" content=\"https:\/\/www.enscmu.uha.fr\/index.php\/formation\/cycle-ingenieur\/1ere-annee\/\" \/>\n<meta property=\"og:site_name\" content=\"ENSCMu | \u00c9cole Nationale Sup\u00e9rieure de Chimie de Mulhouse\" \/>\n<meta property=\"article:modified_time\" content=\"2025-10-16T11:36:46+00:00\" \/>\n<meta property=\"og:image\" content=\"https:\/\/www.enscmu.uha.fr\/wp-content\/uploads\/2017\/12\/ENSCMu-travaux-pratiques-chimie-macromoleculaire\u00a9GregoryTachet.jpg\" \/>\n\t<meta property=\"og:image:width\" content=\"1181\" \/>\n\t<meta property=\"og:image:height\" content=\"788\" \/>\n\t<meta property=\"og:image:type\" content=\"image\/jpeg\" \/>\n<meta name=\"twitter:card\" content=\"summary_large_image\" \/>\n<meta name=\"twitter:label1\" content=\"Dur\u00e9e de lecture estim\u00e9e\" \/>\n\t<meta name=\"twitter:data1\" content=\"3 minutes\" \/>\n<script type=\"application\/ld+json\" class=\"yoast-schema-graph\">{\"@context\":\"https:\/\/schema.org\",\"@graph\":[{\"@type\":\"WebPage\",\"@id\":\"https:\/\/www.enscmu.uha.fr\/index.php\/formation\/cycle-ingenieur\/1ere-annee\/\",\"url\":\"https:\/\/www.enscmu.uha.fr\/index.php\/formation\/cycle-ingenieur\/1ere-annee\/\",\"name\":\"1RE ANN\u00c9E - ENSCMu\",\"isPartOf\":{\"@id\":\"https:\/\/www.enscmu.uha.fr\/#website\"},\"primaryImageOfPage\":{\"@id\":\"https:\/\/www.enscmu.uha.fr\/index.php\/formation\/cycle-ingenieur\/1ere-annee\/#primaryimage\"},\"image\":{\"@id\":\"https:\/\/www.enscmu.uha.fr\/index.php\/formation\/cycle-ingenieur\/1ere-annee\/#primaryimage\"},\"thumbnailUrl\":\"https:\/\/www.enscmu.uha.fr\/wp-content\/uploads\/2017\/12\/ENSCMu-travaux-pratiques-chimie-macromoleculaire\u00a9GregoryTachet.jpg\",\"datePublished\":\"2017-12-12T14:50:02+00:00\",\"dateModified\":\"2025-10-16T11:36:46+00:00\",\"breadcrumb\":{\"@id\":\"https:\/\/www.enscmu.uha.fr\/index.php\/formation\/cycle-ingenieur\/1ere-annee\/#breadcrumb\"},\"inLanguage\":\"fr-FR\",\"potentialAction\":[{\"@type\":\"ReadAction\",\"target\":[\"https:\/\/www.enscmu.uha.fr\/index.php\/formation\/cycle-ingenieur\/1ere-annee\/\"]}]},{\"@type\":\"ImageObject\",\"inLanguage\":\"fr-FR\",\"@id\":\"https:\/\/www.enscmu.uha.fr\/index.php\/formation\/cycle-ingenieur\/1ere-annee\/#primaryimage\",\"url\":\"https:\/\/www.enscmu.uha.fr\/wp-content\/uploads\/2017\/12\/ENSCMu-travaux-pratiques-chimie-macromoleculaire\u00a9GregoryTachet.jpg\",\"contentUrl\":\"https:\/\/www.enscmu.uha.fr\/wp-content\/uploads\/2017\/12\/ENSCMu-travaux-pratiques-chimie-macromoleculaire\u00a9GregoryTachet.jpg\",\"width\":1181,\"height\":788,\"caption\":\"\u00a9GregoryTachet\"},{\"@type\":\"BreadcrumbList\",\"@id\":\"https:\/\/www.enscmu.uha.fr\/index.php\/formation\/cycle-ingenieur\/1ere-annee\/#breadcrumb\",\"itemListElement\":[{\"@type\":\"ListItem\",\"position\":1,\"name\":\"Accueil\",\"item\":\"https:\/\/www.enscmu.uha.fr\/\"},{\"@type\":\"ListItem\",\"position\":2,\"name\":\"FORMATION\",\"item\":\"https:\/\/www.enscmu.uha.fr\/index.php\/formation\/\"},{\"@type\":\"ListItem\",\"position\":3,\"name\":\"CYCLE ING\u00c9NIEUR\",\"item\":\"https:\/\/www.enscmu.uha.fr\/index.php\/formation\/cycle-ingenieur\/\"},{\"@type\":\"ListItem\",\"position\":4,\"name\":\"1RE ANN\u00c9E\"}]},{\"@type\":\"WebSite\",\"@id\":\"https:\/\/www.enscmu.uha.fr\/#website\",\"url\":\"https:\/\/www.enscmu.uha.fr\/\",\"name\":\"ENSCMu | \u00c9cole Nationale Sup\u00e9rieure de Chimie de Mulhouse\",\"description\":\"Campus Illberg | Universit\u00e9 de Haute-Alsace\",\"potentialAction\":[{\"@type\":\"SearchAction\",\"target\":{\"@type\":\"EntryPoint\",\"urlTemplate\":\"https:\/\/www.enscmu.uha.fr\/?s={search_term_string}\"},\"query-input\":{\"@type\":\"PropertyValueSpecification\",\"valueRequired\":true,\"valueName\":\"search_term_string\"}}],\"inLanguage\":\"fr-FR\"}]}<\/script>\n<!-- \/ Yoast SEO plugin. -->","yoast_head_json":{"title":"1RE ANN\u00c9E - ENSCMu","robots":{"index":"index","follow":"follow","max-snippet":"max-snippet:-1","max-image-preview":"max-image-preview:large","max-video-preview":"max-video-preview:-1"},"canonical":"https:\/\/www.enscmu.uha.fr\/index.php\/formation\/cycle-ingenieur\/1ere-annee\/","og_locale":"fr_FR","og_type":"article","og_title":"1RE ANN\u00c9E - ENSCMu","og_description":"Enseignements th\u00e9oriques chimie (cours + TD) \u00c9lectrochimie M\u00e9thodes \u00e9lectrochimiques Chimie inorganique \u00c9quilibres chimiques en solution Thermodynamique chimique Math\u00e9matiques et informatique Statistiques Chimie organique Analyse organique Liaisons chimiques et spectroscopie Cin\u00e9tique chimique Sym\u00e9trie mol\u00e9culaire Plans d&rsquo;exp\u00e9rience Chimie macromol\u00e9culaire Travaux pratiques chimie Chimie organique Pr\u00e9parations min\u00e9rales \u00c9quilibres chimiques en solution Photochimie \u00c9lectrochimie Thermodynamique Langues Anglais LV1 Espagnol [&hellip;]","og_url":"https:\/\/www.enscmu.uha.fr\/index.php\/formation\/cycle-ingenieur\/1ere-annee\/","og_site_name":"ENSCMu | \u00c9cole Nationale Sup\u00e9rieure de Chimie de Mulhouse","article_modified_time":"2025-10-16T11:36:46+00:00","og_image":[{"width":1181,"height":788,"url":"https:\/\/www.enscmu.uha.fr\/wp-content\/uploads\/2017\/12\/ENSCMu-travaux-pratiques-chimie-macromoleculaire\u00a9GregoryTachet.jpg","type":"image\/jpeg"}],"twitter_card":"summary_large_image","twitter_misc":{"Dur\u00e9e de lecture estim\u00e9e":"3 minutes"},"schema":{"@context":"https:\/\/schema.org","@graph":[{"@type":"WebPage","@id":"https:\/\/www.enscmu.uha.fr\/index.php\/formation\/cycle-ingenieur\/1ere-annee\/","url":"https:\/\/www.enscmu.uha.fr\/index.php\/formation\/cycle-ingenieur\/1ere-annee\/","name":"1RE ANN\u00c9E - ENSCMu","isPartOf":{"@id":"https:\/\/www.enscmu.uha.fr\/#website"},"primaryImageOfPage":{"@id":"https:\/\/www.enscmu.uha.fr\/index.php\/formation\/cycle-ingenieur\/1ere-annee\/#primaryimage"},"image":{"@id":"https:\/\/www.enscmu.uha.fr\/index.php\/formation\/cycle-ingenieur\/1ere-annee\/#primaryimage"},"thumbnailUrl":"https:\/\/www.enscmu.uha.fr\/wp-content\/uploads\/2017\/12\/ENSCMu-travaux-pratiques-chimie-macromoleculaire\u00a9GregoryTachet.jpg","datePublished":"2017-12-12T14:50:02+00:00","dateModified":"2025-10-16T11:36:46+00:00","breadcrumb":{"@id":"https:\/\/www.enscmu.uha.fr\/index.php\/formation\/cycle-ingenieur\/1ere-annee\/#breadcrumb"},"inLanguage":"fr-FR","potentialAction":[{"@type":"ReadAction","target":["https:\/\/www.enscmu.uha.fr\/index.php\/formation\/cycle-ingenieur\/1ere-annee\/"]}]},{"@type":"ImageObject","inLanguage":"fr-FR","@id":"https:\/\/www.enscmu.uha.fr\/index.php\/formation\/cycle-ingenieur\/1ere-annee\/#primaryimage","url":"https:\/\/www.enscmu.uha.fr\/wp-content\/uploads\/2017\/12\/ENSCMu-travaux-pratiques-chimie-macromoleculaire\u00a9GregoryTachet.jpg","contentUrl":"https:\/\/www.enscmu.uha.fr\/wp-content\/uploads\/2017\/12\/ENSCMu-travaux-pratiques-chimie-macromoleculaire\u00a9GregoryTachet.jpg","width":1181,"height":788,"caption":"\u00a9GregoryTachet"},{"@type":"BreadcrumbList","@id":"https:\/\/www.enscmu.uha.fr\/index.php\/formation\/cycle-ingenieur\/1ere-annee\/#breadcrumb","itemListElement":[{"@type":"ListItem","position":1,"name":"Accueil","item":"https:\/\/www.enscmu.uha.fr\/"},{"@type":"ListItem","position":2,"name":"FORMATION","item":"https:\/\/www.enscmu.uha.fr\/index.php\/formation\/"},{"@type":"ListItem","position":3,"name":"CYCLE ING\u00c9NIEUR","item":"https:\/\/www.enscmu.uha.fr\/index.php\/formation\/cycle-ingenieur\/"},{"@type":"ListItem","position":4,"name":"1RE ANN\u00c9E"}]},{"@type":"WebSite","@id":"https:\/\/www.enscmu.uha.fr\/#website","url":"https:\/\/www.enscmu.uha.fr\/","name":"ENSCMu | \u00c9cole Nationale Sup\u00e9rieure de Chimie de Mulhouse","description":"Campus Illberg | Universit\u00e9 de Haute-Alsace","potentialAction":[{"@type":"SearchAction","target":{"@type":"EntryPoint","urlTemplate":"https:\/\/www.enscmu.uha.fr\/?s={search_term_string}"},"query-input":{"@type":"PropertyValueSpecification","valueRequired":true,"valueName":"search_term_string"}}],"inLanguage":"fr-FR"}]}},"_links":{"self":[{"href":"https:\/\/www.enscmu.uha.fr\/index.php\/wp-json\/wp\/v2\/pages\/27","targetHints":{"allow":["GET"]}}],"collection":[{"href":"https:\/\/www.enscmu.uha.fr\/index.php\/wp-json\/wp\/v2\/pages"}],"about":[{"href":"https:\/\/www.enscmu.uha.fr\/index.php\/wp-json\/wp\/v2\/types\/page"}],"author":[{"embeddable":true,"href":"https:\/\/www.enscmu.uha.fr\/index.php\/wp-json\/wp\/v2\/users\/1"}],"replies":[{"embeddable":true,"href":"https:\/\/www.enscmu.uha.fr\/index.php\/wp-json\/wp\/v2\/comments?post=27"}],"version-history":[{"count":49,"href":"https:\/\/www.enscmu.uha.fr\/index.php\/wp-json\/wp\/v2\/pages\/27\/revisions"}],"predecessor-version":[{"id":5627,"href":"https:\/\/www.enscmu.uha.fr\/index.php\/wp-json\/wp\/v2\/pages\/27\/revisions\/5627"}],"up":[{"embeddable":true,"href":"https:\/\/www.enscmu.uha.fr\/index.php\/wp-json\/wp\/v2\/pages\/25"}],"wp:featuredmedia":[{"embeddable":true,"href":"https:\/\/www.enscmu.uha.fr\/index.php\/wp-json\/wp\/v2\/media\/257"}],"wp:attachment":[{"href":"https:\/\/www.enscmu.uha.fr\/index.php\/wp-json\/wp\/v2\/media?parent=27"}],"wp:term":[{"taxonomy":"category","embeddable":true,"href":"https:\/\/www.enscmu.uha.fr\/index.php\/wp-json\/wp\/v2\/categories?post=27"},{"taxonomy":"post_tag","embeddable":true,"href":"https:\/\/www.enscmu.uha.fr\/index.php\/wp-json\/wp\/v2\/tags?post=27"}],"curies":[{"name":"wp","href":"https:\/\/api.w.org\/{rel}","templated":true}]}}