{"id":29,"date":"2017-12-12T15:50:17","date_gmt":"2017-12-12T14:50:17","guid":{"rendered":"https:\/\/www.enscmu.uha.fr\/?page_id=29"},"modified":"2025-10-16T13:37:54","modified_gmt":"2025-10-16T11:37:54","slug":"2eme-annee","status":"publish","type":"page","link":"https:\/\/www.enscmu.uha.fr\/index.php\/formation\/cycle-ingenieur\/2eme-annee\/","title":{"rendered":"2E ANN\u00c9E"},"content":{"rendered":"<div class=\"deflex main\" style=\"display: flex;\">\n<div class=\"deborder\" style=\"width: 70%; margin-left: auto; margin-right: auto; padding-right: 5%;\">\n<figure id=\"attachment_401\" aria-describedby=\"caption-attachment-401\" style=\"width: 1181px\" class=\"wp-caption aligncenter\"><img loading=\"lazy\" decoding=\"async\" class=\"wp-image-401 size-full\" src=\"https:\/\/www.enscmu.uha.fr\/wp-content\/uploads\/2017\/12\/ENSCMu-travaux-pratiques-chimie-analytique3\u00a9GregoryTachet.jpg\" alt=\"Travaux pratiques - Chimie analytique\" width=\"1181\" height=\"788\" srcset=\"https:\/\/www.enscmu.uha.fr\/wp-content\/uploads\/2017\/12\/ENSCMu-travaux-pratiques-chimie-analytique3\u00a9GregoryTachet.jpg 1181w, https:\/\/www.enscmu.uha.fr\/wp-content\/uploads\/2017\/12\/ENSCMu-travaux-pratiques-chimie-analytique3\u00a9GregoryTachet-300x200.jpg 300w, https:\/\/www.enscmu.uha.fr\/wp-content\/uploads\/2017\/12\/ENSCMu-travaux-pratiques-chimie-analytique3\u00a9GregoryTachet-768x512.jpg 768w, https:\/\/www.enscmu.uha.fr\/wp-content\/uploads\/2017\/12\/ENSCMu-travaux-pratiques-chimie-analytique3\u00a9GregoryTachet-1024x683.jpg 1024w\" sizes=\"auto, (max-width: 1181px) 100vw, 1181px\" \/><figcaption id=\"caption-attachment-401\" class=\"wp-caption-text\">\u00a9GregoryTachet<\/figcaption><\/figure>\n<h1>Enseignements th\u00e9oriques communs (cours + TD)<\/h1>\n<h2>Chimie<\/h2>\n<ul>\n<li><a href=\"https:\/\/www.enscmu.uha.fr\/wp-content\/uploads\/2021\/07\/Syllabus-2A-complet_07.2021_21-22.pdf#page=6\" target=\"_blank\" rel=\"noopener noreferrer\">Analyse organique<\/a><\/li>\n<li><a href=\"https:\/\/www.enscmu.uha.fr\/wp-content\/uploads\/2021\/07\/Syllabus-2A-complet_07.2021_21-22.pdf#page=7\" target=\"_blank\" rel=\"noopener noreferrer\">Analyse min\u00e9rale<\/a><\/li>\n<li><a href=\"https:\/\/www.enscmu.uha.fr\/wp-content\/uploads\/2021\/07\/Syllabus-2A-complet_07.2021_21-22.pdf#page=8\" target=\"_blank\" rel=\"noopener noreferrer\">Chimie organique<\/a><\/li>\n<li><a href=\"https:\/\/www.enscmu.uha.fr\/wp-content\/uploads\/2021\/07\/Syllabus-2A-complet_07.2021_21-22.pdf#page=9\" target=\"_blank\" rel=\"noopener noreferrer\">Transfert &#8211; Bilan mati\u00e8re \u00e9nergie<\/a><\/li>\n<li><a href=\"https:\/\/www.enscmu.uha.fr\/wp-content\/uploads\/2021\/07\/Syllabus-2A-complet_07.2021_21-22.pdf#page=10\" target=\"_blank\" rel=\"noopener noreferrer\">Chimie du solide fondamentale<\/a><\/li>\n<li><a href=\"https:\/\/www.enscmu.uha.fr\/wp-content\/uploads\/2021\/07\/Syllabus-2A-complet_07.2021_21-22.pdf#page=11\" target=\"_blank\" rel=\"noopener noreferrer\">Cristallographie<\/a><\/li>\n<li><a href=\"https:\/\/www.enscmu.uha.fr\/wp-content\/uploads\/2021\/07\/Syllabus-2A-complet_07.2021_21-22.pdf#page=12\" target=\"_blank\" rel=\"noopener noreferrer\">Formulation<\/a><\/li>\n<li><a href=\"https:\/\/www.enscmu.uha.fr\/wp-content\/uploads\/2021\/07\/Syllabus-2A-complet_07.2021_21-22.pdf#page=13\" target=\"_blank\" rel=\"noopener noreferrer\">S\u00e9curit\u00e9 pour l&rsquo;ing\u00e9nieur chimiste<\/a><\/li>\n<li><a href=\"https:\/\/www.enscmu.uha.fr\/wp-content\/uploads\/2021\/07\/Syllabus-2A-complet_07.2021_21-22.pdf#page=14\" target=\"_blank\" rel=\"noopener noreferrer\">Thermodynamique statistique<\/a><\/li>\n<li><a href=\"https:\/\/www.enscmu.uha.fr\/wp-content\/uploads\/2021\/07\/Syllabus-2A-complet_07.2021_21-22.pdf#page=15\" target=\"_blank\" rel=\"noopener noreferrer\">Liaisons chimiques et spectroscopie<\/a><\/li>\n<li><a href=\"https:\/\/www.enscmu.uha.fr\/wp-content\/uploads\/2021\/07\/Syllabus-2A-complet_07.2021_21-22.pdf#page=16\" target=\"_blank\" rel=\"noopener noreferrer\">Chimie macromol\u00e9culaire<\/a><\/li>\n<li><a href=\"https:\/\/www.enscmu.uha.fr\/wp-content\/uploads\/2021\/07\/Syllabus-2A-complet_07.2021_21-22.pdf#page=17\" target=\"_blank\" rel=\"noopener noreferrer\">Op\u00e9rations unitaires 1<\/a><\/li>\n<li><a href=\"https:\/\/www.enscmu.uha.fr\/wp-content\/uploads\/2021\/07\/Syllabus-2A-complet_07.2021_21-22.pdf#page=18\" target=\"_blank\" rel=\"noopener noreferrer\">Op\u00e9rations unitaires 2<\/a><\/li>\n<li><a href=\"\/\/www.enscmu.uha.fr\/wp-content\/uploads\/2021\/07\/Syllabus-2A-complet_07.2021_21-22.pdf#page=19\" target=\"_blank\" rel=\"noopener noreferrer\">R\u00e9acteurs id\u00e9aux<\/a><\/li>\n<li>Plans d&rsquo;exp\u00e9rience<\/li>\n<\/ul>\n<h2>Langues<\/h2>\n<ul>\n<li><a href=\"https:\/\/www.enscmu.uha.fr\/wp-content\/uploads\/2021\/07\/Syllabus-2A-complet_07.2021_21-22.pdf#page=2\" target=\"_blank\" rel=\"noopener noreferrer\">Anglais<\/a><\/li>\n<li><a href=\"https:\/\/www.enscmu.uha.fr\/wp-content\/uploads\/2021\/07\/Syllabus-2A-complet_07.2021_21-22.pdf#page=3\" target=\"_blank\" rel=\"noopener noreferrer\">Espagnol<\/a><\/li>\n<li><a href=\"https:\/\/www.enscmu.uha.fr\/wp-content\/uploads\/2021\/07\/Syllabus-2A-complet_07.2021_21-22.pdf#page=4\" target=\"_blank\" rel=\"noopener noreferrer\">Allemand<\/a><\/li>\n<\/ul>\n<h2>Sciences humaines, \u00e9conomiques et sociales<\/h2>\n<ul>\n<li>D\u00e9veloppement soutenable<\/li>\n<li><a href=\"https:\/\/www.enscmu.uha.fr\/wp-content\/uploads\/2021\/07\/Syllabus-2A-complet_07.2021_21-22.pdf#page=5\" target=\"_blank\" rel=\"noopener noreferrer\">\u00c9conomie d&rsquo;entreprise<\/a><\/li>\n<li>Qualit\u00e9<\/li>\n<\/ul>\n<h1>Travaux pratiques communs chimie<\/h1>\n<ul>\n<li><a href=\"https:\/\/www.enscmu.uha.fr\/wp-content\/uploads\/2021\/07\/Syllabus-2A-complet_07.2021_21-22.pdf#page=20\" target=\"_blank\" rel=\"noopener noreferrer\">Analyse min\u00e9rale instrumentale<\/a><\/li>\n<li><a href=\"https:\/\/www.enscmu.uha.fr\/wp-content\/uploads\/2021\/07\/Syllabus-2A-complet_07.2021_21-22.pdf#page=21\" target=\"_blank\" rel=\"noopener noreferrer\">Chimie organique<\/a><\/li>\n<li><a href=\"https:\/\/www.enscmu.uha.fr\/wp-content\/uploads\/2021\/07\/Syllabus-2A-complet_07.2021_21-22.pdf#page=22\" target=\"_blank\" rel=\"noopener noreferrer\">Chimie macromol\u00e9culaire<\/a><\/li>\n<li><a href=\"https:\/\/www.enscmu.uha.fr\/wp-content\/uploads\/2020\/02\/ENSCMu_syllabus-2A.pdf#page=23\" target=\"_blank\" rel=\"noopener noreferrer\">G\u00e9nie des proc\u00e9d\u00e9s et s\u00e9curit\u00e9<\/a><\/li>\n<li><a href=\"https:\/\/www.enscmu.uha.fr\/wp-content\/uploads\/2021\/07\/Syllabus-2A-complet_07.2021_21-22.pdf#page=25\" target=\"_blank\" rel=\"noopener noreferrer\">Informatique et instrumentation<\/a><\/li>\n<\/ul>\n<h1>Parcours optionnels<\/h1>\n<p>Les \u00e9tudiants choisissent l&rsquo;un des trois parcours propos\u00e9s.<\/p>\n<h2>Parcours chimie organique<\/h2>\n<ul>\n<li><a href=\"https:\/\/www.enscmu.uha.fr\/wp-content\/uploads\/2021\/07\/Syllabus-2A-complet_07.2021_21-22.pdf#page=26\" target=\"_blank\" rel=\"noopener noreferrer\">Chimie organom\u00e9tallique<\/a><\/li>\n<li><a href=\"https:\/\/www.enscmu.uha.fr\/wp-content\/uploads\/2021\/07\/Syllabus-2A-complet_07.2021_21-22.pdf#page=27\" target=\"_blank\" rel=\"noopener noreferrer\">Chimie aromatique avanc\u00e9e<\/a><\/li>\n<li><a href=\"https:\/\/www.enscmu.uha.fr\/wp-content\/uploads\/2021\/07\/Syllabus-2A-complet_07.2021_21-22.pdf#page=28\" target=\"_blank\" rel=\"noopener noreferrer\">Chimie organique de sp\u00e9cialit\u00e9<\/a><\/li>\n<li><a href=\"https:\/\/www.enscmu.uha.fr\/wp-content\/uploads\/2021\/07\/Syllabus-2A-complet_07.2021_21-22.pdf#page=29\" target=\"_blank\" rel=\"noopener noreferrer\">Biochimie structurale<\/a><\/li>\n<li><a href=\"https:\/\/www.enscmu.uha.fr\/wp-content\/uploads\/2021\/07\/Syllabus-2A-complet_07.2021_21-22.pdf#page=30\" target=\"_blank\" rel=\"noopener noreferrer\">Synth\u00e8se asym\u00e9trique<\/a><\/li>\n<li><a href=\"https:\/\/www.enscmu.uha.fr\/wp-content\/uploads\/2021\/07\/Syllabus-2A-complet_07.2021_21-22.pdf#page=31\" target=\"_blank\" rel=\"noopener noreferrer\">Travaux pratiques de sp\u00e9cialit\u00e9<\/a><\/li>\n<\/ul>\n<h2>Parcours mat\u00e9riaux<\/h2>\n<ul>\n<li><a href=\"https:\/\/www.enscmu.uha.fr\/wp-content\/uploads\/2021\/07\/Syllabus-2A-complet_07.2021_21-22.pdf#page=32\" target=\"_blank\" rel=\"noopener noreferrer\">Cristallographie avanc\u00e9e &#8211; Diffraction rayons X sur monocristal<\/a><\/li>\n<li><a href=\"https:\/\/www.enscmu.uha.fr\/wp-content\/uploads\/2021\/07\/Syllabus-2A-complet_07.2021_21-22.pdf#page=33\" target=\"_blank\" rel=\"noopener noreferrer\">Chimie du solide de sp\u00e9cialit\u00e9<\/a><\/li>\n<li><a href=\"https:\/\/www.enscmu.uha.fr\/wp-content\/uploads\/2021\/07\/Syllabus-2A-complet_07.2021_21-22.pdf#page=34\" target=\"_blank\" rel=\"noopener noreferrer\">\u00c9l\u00e9ments de transition<\/a><\/li>\n<li><a href=\"https:\/\/www.enscmu.uha.fr\/wp-content\/uploads\/2021\/07\/Syllabus-2A-complet_07.2021_21-22.pdf#page=35\" target=\"_blank\" rel=\"noopener noreferrer\">Mat\u00e9riaux<\/a><\/li>\n<li><a href=\"https:\/\/www.enscmu.uha.fr\/wp-content\/uploads\/2021\/07\/Syllabus-2A-complet_07.2021_21-22.pdf#page=36\" target=\"_blank\" rel=\"noopener noreferrer\">Travaux pratiques de sp\u00e9cialit\u00e9<\/a><\/li>\n<\/ul>\n<h2>Parcours sciences pour l&rsquo;ing\u00e9nieur<\/h2>\n<ul>\n<li><a href=\"https:\/\/www.enscmu.uha.fr\/wp-content\/uploads\/2021\/07\/Syllabus-2A-complet_07.2021_21-22.pdf#page=37\" target=\"_blank\" rel=\"noopener noreferrer\">Chimie analytique industrielle<\/a><\/li>\n<li><a href=\"https:\/\/www.enscmu.uha.fr\/wp-content\/uploads\/2021\/07\/Syllabus-2A-complet_07.2021_21-22.pdf#page=38\" target=\"_blank\" rel=\"noopener noreferrer\">M\u00e9canique des fluides<\/a><\/li>\n<li><a href=\"https:\/\/www.enscmu.uha.fr\/wp-content\/uploads\/2021\/07\/Syllabus-2A-complet_07.2021_21-22.pdf#page=39\" target=\"_blank\" rel=\"noopener noreferrer\">R\u00e9acteurs non id\u00e9aux<\/a><\/li>\n<li><a href=\"https:\/\/www.enscmu.uha.fr\/wp-content\/uploads\/2021\/07\/Syllabus-2A-complet_07.2021_21-22.pdf#page=40\" target=\"_blank\" rel=\"noopener noreferrer\">Dynamique des syst\u00e8mes<\/a><\/li>\n<li><a href=\"https:\/\/www.enscmu.uha.fr\/wp-content\/uploads\/2021\/07\/Syllabus-2A-complet_07.2021_21-22.pdf#page=41\" target=\"_blank\" rel=\"noopener noreferrer\">Travaux pratiques de sp\u00e9cialit\u00e9<\/a><\/li>\n<\/ul>\n<p>Consultez le <a href=\"https:\/\/www.enscmu.uha.fr\/wp-content\/uploads\/2021\/07\/Syllabus-2A-complet_07.2021_21-22.pdf\" target=\"_blank\" rel=\"attachment noopener wp-att-688 noreferrer\">Syllabus &#8211; Cycle ing\u00e9nieur 2e ann\u00e9e<\/a>.<\/p>\n<h1>Formation au m\u00e9tier d&rsquo;ing\u00e9nieur<\/h1>\n<ul>\n<li><a href=\"https:\/\/www.enscmu.uha.fr\/wp-content\/uploads\/2021\/07\/Syllabus-2A-complet_07.2021_21-22.pdf\">Projet personnel<\/a><\/li>\n<\/ul>\n<p><a href=\"https:\/\/www.enscmu.uha.fr\/index.php\/formation\/cycle-ingenieur\/projets-stages\/\" target=\"_blank\" rel=\"noopener noreferrer\">Gestion de projet<\/a> en \u00e9quipe sur un sujet au choix en lien avec la chimie (projets avec des <a href=\"https:\/\/www.enscmu.uha.fr\/index.php\/recherche\/equipes-de-recherche\/\" target=\"_blank\" rel=\"noopener noreferrer\">laboratoires<\/a> ou des entreprises, ateliers scientifiques en milieu scolaire, concours d\u2019innovation, Junior-Entreprise&#8230;).<\/p>\n<p>En savoir plus sur les diff\u00e9rents types de <a href=\"https:\/\/www.enscmu.uha.fr\/index.php\/formation\/cycle-ingenieur\/projets-stages\/\">projets personnels<\/a> men\u00e9s par les \u00e9l\u00e8ves.<\/p>\n<ul>\n<li><a href=\"https:\/\/www.enscmu.uha.fr\/index.php\/formation\/cycle-ingenieur\/projets-stages\/\">Projet professionnel<\/a><\/li>\n<\/ul>\n<p><a href=\"https:\/\/www.enscmu.uha.fr\/index.php\/formation\/cycle-ingenieur\/projets-stages\/\" target=\"_blank\" rel=\"noopener noreferrer\">Construction du projet professionnel<\/a> avec un accompagnement personnalis\u00e9 d\u00e8s la 1re ann\u00e9e de cycle ing\u00e9nieur par un bin\u00f4me enseignant\/cadre de l\u2019industrie.<\/p>\n<ul>\n<li><span style=\"font-size: 16px;\">Stage de recherche (8 semaines minimum au printemps).<\/span><\/li>\n<\/ul>\n<div class=\"page\" title=\"Page 6\">\n<div class=\"layoutArea\">\n<div class=\"column\">\n<ul>\n<li>Possibilite\u0301 d\u2019anne\u0301e ce\u0301sure entre la 2e et la 3e anne\u0301es.<\/li>\n<\/ul>\n<\/div>\n<\/div>\n<\/div>\n<\/div>\n<div style=\"width: 27.5%; margin-left: auto; margin-right: auto;\">\n<p>Contact : Anne Sommacal, coordinatrice d&rsquo;ann\u00e9e<\/p>\n<p><a href=\"https:\/\/www.annuaire.uha.fr\/\">Contactez-nous<\/a><\/p>\n<p><!--[su_service title=\"A t\u00e9l\u00e9charger\" icon=\"icon: download\" icon_color=\"#CE0075\"]<a href=\"https:\/\/www.enscmu.uha.fr\/wp-content\/uploads\/2021\/07\/Syllabus-2A-complet_07.2021_21-22.pdf\" target=\"_blank\" rel=\"noopener noreferrer\">Syllabus - Cycle ing\u00e9nieur 2e ann\u00e9e<\/a>[\/su_service]--><\/p>\n<div class=\"su-service\"><div class=\"su-service-title\" style=\"padding-left:46px;min-height:32px;line-height:32px\"><i class=\"sui sui-download\" style=\"font-size:32px;color:#CE0075\"><\/i> \u00c0 t\u00e9l\u00e9charger<\/div><div class=\"su-service-content su-u-clearfix su-u-trim\" style=\"padding-left:46px\"><a href=\"https:\/\/www.enscmu.uha.fr\/wp-content\/uploads\/2023\/11\/referentiel-de-competences-2A.pdf\">R\u00e9f\u00e9rentiel de comp\u00e9tences 2\u00e8me ann\u00e9e<\/a><\/div><\/div>\n<\/div>\n<\/div>\n","protected":false},"excerpt":{"rendered":"<p>Enseignements th\u00e9oriques communs (cours + TD) Chimie Analyse organique Analyse min\u00e9rale Chimie organique Transfert &#8211; Bilan mati\u00e8re \u00e9nergie Chimie du solide fondamentale Cristallographie Formulation S\u00e9curit\u00e9 pour l&rsquo;ing\u00e9nieur chimiste Thermodynamique statistique Liaisons chimiques et spectroscopie Chimie macromol\u00e9culaire Op\u00e9rations unitaires 1 Op\u00e9rations unitaires 2 R\u00e9acteurs id\u00e9aux Plans d&rsquo;exp\u00e9rience Langues Anglais Espagnol Allemand Sciences humaines, \u00e9conomiques et sociales [&hellip;]<\/p>\n","protected":false},"author":1,"featured_media":401,"parent":25,"menu_order":0,"comment_status":"closed","ping_status":"closed","template":"","meta":{"footnotes":""},"categories":[5],"tags":[],"class_list":["post-29","page","type-page","status-publish","has-post-thumbnail","hentry","category-futurs-etudiants"],"yoast_head":"<!-- This site is optimized with the Yoast SEO plugin v27.0 - https:\/\/yoast.com\/product\/yoast-seo-wordpress\/ -->\n<title>2E ANN\u00c9E - ENSCMu<\/title>\n<meta name=\"robots\" content=\"index, follow, max-snippet:-1, max-image-preview:large, max-video-preview:-1\" \/>\n<link rel=\"canonical\" href=\"https:\/\/www.enscmu.uha.fr\/index.php\/formation\/cycle-ingenieur\/2eme-annee\/\" \/>\n<meta property=\"og:locale\" content=\"fr_FR\" \/>\n<meta property=\"og:type\" content=\"article\" \/>\n<meta property=\"og:title\" content=\"2E ANN\u00c9E - ENSCMu\" \/>\n<meta property=\"og:description\" content=\"Enseignements th\u00e9oriques communs (cours + TD) Chimie Analyse organique Analyse min\u00e9rale Chimie organique Transfert &#8211; Bilan mati\u00e8re \u00e9nergie Chimie du solide fondamentale Cristallographie Formulation S\u00e9curit\u00e9 pour l&rsquo;ing\u00e9nieur chimiste Thermodynamique statistique Liaisons chimiques et spectroscopie Chimie macromol\u00e9culaire Op\u00e9rations unitaires 1 Op\u00e9rations unitaires 2 R\u00e9acteurs id\u00e9aux Plans d&rsquo;exp\u00e9rience Langues Anglais Espagnol Allemand Sciences humaines, \u00e9conomiques et sociales [&hellip;]\" \/>\n<meta property=\"og:url\" content=\"https:\/\/www.enscmu.uha.fr\/index.php\/formation\/cycle-ingenieur\/2eme-annee\/\" \/>\n<meta property=\"og:site_name\" content=\"ENSCMu | \u00c9cole Nationale Sup\u00e9rieure de Chimie de Mulhouse\" \/>\n<meta property=\"article:modified_time\" content=\"2025-10-16T11:37:54+00:00\" \/>\n<meta property=\"og:image\" content=\"https:\/\/www.enscmu.uha.fr\/wp-content\/uploads\/2017\/12\/ENSCMu-travaux-pratiques-chimie-analytique3\u00a9GregoryTachet.jpg\" \/>\n\t<meta property=\"og:image:width\" content=\"1181\" \/>\n\t<meta property=\"og:image:height\" content=\"788\" \/>\n\t<meta property=\"og:image:type\" content=\"image\/jpeg\" \/>\n<meta name=\"twitter:card\" content=\"summary_large_image\" \/>\n<meta name=\"twitter:label1\" content=\"Dur\u00e9e de lecture estim\u00e9e\" \/>\n\t<meta name=\"twitter:data1\" content=\"2 minutes\" \/>\n<script type=\"application\/ld+json\" class=\"yoast-schema-graph\">{\"@context\":\"https:\/\/schema.org\",\"@graph\":[{\"@type\":\"WebPage\",\"@id\":\"https:\/\/www.enscmu.uha.fr\/index.php\/formation\/cycle-ingenieur\/2eme-annee\/\",\"url\":\"https:\/\/www.enscmu.uha.fr\/index.php\/formation\/cycle-ingenieur\/2eme-annee\/\",\"name\":\"2E ANN\u00c9E - ENSCMu\",\"isPartOf\":{\"@id\":\"https:\/\/www.enscmu.uha.fr\/#website\"},\"primaryImageOfPage\":{\"@id\":\"https:\/\/www.enscmu.uha.fr\/index.php\/formation\/cycle-ingenieur\/2eme-annee\/#primaryimage\"},\"image\":{\"@id\":\"https:\/\/www.enscmu.uha.fr\/index.php\/formation\/cycle-ingenieur\/2eme-annee\/#primaryimage\"},\"thumbnailUrl\":\"https:\/\/www.enscmu.uha.fr\/wp-content\/uploads\/2017\/12\/ENSCMu-travaux-pratiques-chimie-analytique3\u00a9GregoryTachet.jpg\",\"datePublished\":\"2017-12-12T14:50:17+00:00\",\"dateModified\":\"2025-10-16T11:37:54+00:00\",\"breadcrumb\":{\"@id\":\"https:\/\/www.enscmu.uha.fr\/index.php\/formation\/cycle-ingenieur\/2eme-annee\/#breadcrumb\"},\"inLanguage\":\"fr-FR\",\"potentialAction\":[{\"@type\":\"ReadAction\",\"target\":[\"https:\/\/www.enscmu.uha.fr\/index.php\/formation\/cycle-ingenieur\/2eme-annee\/\"]}]},{\"@type\":\"ImageObject\",\"inLanguage\":\"fr-FR\",\"@id\":\"https:\/\/www.enscmu.uha.fr\/index.php\/formation\/cycle-ingenieur\/2eme-annee\/#primaryimage\",\"url\":\"https:\/\/www.enscmu.uha.fr\/wp-content\/uploads\/2017\/12\/ENSCMu-travaux-pratiques-chimie-analytique3\u00a9GregoryTachet.jpg\",\"contentUrl\":\"https:\/\/www.enscmu.uha.fr\/wp-content\/uploads\/2017\/12\/ENSCMu-travaux-pratiques-chimie-analytique3\u00a9GregoryTachet.jpg\",\"width\":1181,\"height\":788,\"caption\":\"\u00a9GregoryTachet\"},{\"@type\":\"BreadcrumbList\",\"@id\":\"https:\/\/www.enscmu.uha.fr\/index.php\/formation\/cycle-ingenieur\/2eme-annee\/#breadcrumb\",\"itemListElement\":[{\"@type\":\"ListItem\",\"position\":1,\"name\":\"Accueil\",\"item\":\"https:\/\/www.enscmu.uha.fr\/\"},{\"@type\":\"ListItem\",\"position\":2,\"name\":\"FORMATION\",\"item\":\"https:\/\/www.enscmu.uha.fr\/index.php\/formation\/\"},{\"@type\":\"ListItem\",\"position\":3,\"name\":\"CYCLE ING\u00c9NIEUR\",\"item\":\"https:\/\/www.enscmu.uha.fr\/index.php\/formation\/cycle-ingenieur\/\"},{\"@type\":\"ListItem\",\"position\":4,\"name\":\"2E ANN\u00c9E\"}]},{\"@type\":\"WebSite\",\"@id\":\"https:\/\/www.enscmu.uha.fr\/#website\",\"url\":\"https:\/\/www.enscmu.uha.fr\/\",\"name\":\"ENSCMu | \u00c9cole Nationale Sup\u00e9rieure de Chimie de Mulhouse\",\"description\":\"Campus Illberg | Universit\u00e9 de Haute-Alsace\",\"potentialAction\":[{\"@type\":\"SearchAction\",\"target\":{\"@type\":\"EntryPoint\",\"urlTemplate\":\"https:\/\/www.enscmu.uha.fr\/?s={search_term_string}\"},\"query-input\":{\"@type\":\"PropertyValueSpecification\",\"valueRequired\":true,\"valueName\":\"search_term_string\"}}],\"inLanguage\":\"fr-FR\"}]}<\/script>\n<!-- \/ Yoast SEO plugin. -->","yoast_head_json":{"title":"2E ANN\u00c9E - ENSCMu","robots":{"index":"index","follow":"follow","max-snippet":"max-snippet:-1","max-image-preview":"max-image-preview:large","max-video-preview":"max-video-preview:-1"},"canonical":"https:\/\/www.enscmu.uha.fr\/index.php\/formation\/cycle-ingenieur\/2eme-annee\/","og_locale":"fr_FR","og_type":"article","og_title":"2E ANN\u00c9E - ENSCMu","og_description":"Enseignements th\u00e9oriques communs (cours + TD) Chimie Analyse organique Analyse min\u00e9rale Chimie organique Transfert &#8211; Bilan mati\u00e8re \u00e9nergie Chimie du solide fondamentale Cristallographie Formulation S\u00e9curit\u00e9 pour l&rsquo;ing\u00e9nieur chimiste Thermodynamique statistique Liaisons chimiques et spectroscopie Chimie macromol\u00e9culaire Op\u00e9rations unitaires 1 Op\u00e9rations unitaires 2 R\u00e9acteurs id\u00e9aux Plans d&rsquo;exp\u00e9rience Langues Anglais Espagnol Allemand Sciences humaines, \u00e9conomiques et sociales [&hellip;]","og_url":"https:\/\/www.enscmu.uha.fr\/index.php\/formation\/cycle-ingenieur\/2eme-annee\/","og_site_name":"ENSCMu | \u00c9cole Nationale Sup\u00e9rieure de Chimie de Mulhouse","article_modified_time":"2025-10-16T11:37:54+00:00","og_image":[{"width":1181,"height":788,"url":"https:\/\/www.enscmu.uha.fr\/wp-content\/uploads\/2017\/12\/ENSCMu-travaux-pratiques-chimie-analytique3\u00a9GregoryTachet.jpg","type":"image\/jpeg"}],"twitter_card":"summary_large_image","twitter_misc":{"Dur\u00e9e de lecture estim\u00e9e":"2 minutes"},"schema":{"@context":"https:\/\/schema.org","@graph":[{"@type":"WebPage","@id":"https:\/\/www.enscmu.uha.fr\/index.php\/formation\/cycle-ingenieur\/2eme-annee\/","url":"https:\/\/www.enscmu.uha.fr\/index.php\/formation\/cycle-ingenieur\/2eme-annee\/","name":"2E ANN\u00c9E - ENSCMu","isPartOf":{"@id":"https:\/\/www.enscmu.uha.fr\/#website"},"primaryImageOfPage":{"@id":"https:\/\/www.enscmu.uha.fr\/index.php\/formation\/cycle-ingenieur\/2eme-annee\/#primaryimage"},"image":{"@id":"https:\/\/www.enscmu.uha.fr\/index.php\/formation\/cycle-ingenieur\/2eme-annee\/#primaryimage"},"thumbnailUrl":"https:\/\/www.enscmu.uha.fr\/wp-content\/uploads\/2017\/12\/ENSCMu-travaux-pratiques-chimie-analytique3\u00a9GregoryTachet.jpg","datePublished":"2017-12-12T14:50:17+00:00","dateModified":"2025-10-16T11:37:54+00:00","breadcrumb":{"@id":"https:\/\/www.enscmu.uha.fr\/index.php\/formation\/cycle-ingenieur\/2eme-annee\/#breadcrumb"},"inLanguage":"fr-FR","potentialAction":[{"@type":"ReadAction","target":["https:\/\/www.enscmu.uha.fr\/index.php\/formation\/cycle-ingenieur\/2eme-annee\/"]}]},{"@type":"ImageObject","inLanguage":"fr-FR","@id":"https:\/\/www.enscmu.uha.fr\/index.php\/formation\/cycle-ingenieur\/2eme-annee\/#primaryimage","url":"https:\/\/www.enscmu.uha.fr\/wp-content\/uploads\/2017\/12\/ENSCMu-travaux-pratiques-chimie-analytique3\u00a9GregoryTachet.jpg","contentUrl":"https:\/\/www.enscmu.uha.fr\/wp-content\/uploads\/2017\/12\/ENSCMu-travaux-pratiques-chimie-analytique3\u00a9GregoryTachet.jpg","width":1181,"height":788,"caption":"\u00a9GregoryTachet"},{"@type":"BreadcrumbList","@id":"https:\/\/www.enscmu.uha.fr\/index.php\/formation\/cycle-ingenieur\/2eme-annee\/#breadcrumb","itemListElement":[{"@type":"ListItem","position":1,"name":"Accueil","item":"https:\/\/www.enscmu.uha.fr\/"},{"@type":"ListItem","position":2,"name":"FORMATION","item":"https:\/\/www.enscmu.uha.fr\/index.php\/formation\/"},{"@type":"ListItem","position":3,"name":"CYCLE ING\u00c9NIEUR","item":"https:\/\/www.enscmu.uha.fr\/index.php\/formation\/cycle-ingenieur\/"},{"@type":"ListItem","position":4,"name":"2E ANN\u00c9E"}]},{"@type":"WebSite","@id":"https:\/\/www.enscmu.uha.fr\/#website","url":"https:\/\/www.enscmu.uha.fr\/","name":"ENSCMu | \u00c9cole Nationale Sup\u00e9rieure de Chimie de Mulhouse","description":"Campus Illberg | Universit\u00e9 de Haute-Alsace","potentialAction":[{"@type":"SearchAction","target":{"@type":"EntryPoint","urlTemplate":"https:\/\/www.enscmu.uha.fr\/?s={search_term_string}"},"query-input":{"@type":"PropertyValueSpecification","valueRequired":true,"valueName":"search_term_string"}}],"inLanguage":"fr-FR"}]}},"_links":{"self":[{"href":"https:\/\/www.enscmu.uha.fr\/index.php\/wp-json\/wp\/v2\/pages\/29","targetHints":{"allow":["GET"]}}],"collection":[{"href":"https:\/\/www.enscmu.uha.fr\/index.php\/wp-json\/wp\/v2\/pages"}],"about":[{"href":"https:\/\/www.enscmu.uha.fr\/index.php\/wp-json\/wp\/v2\/types\/page"}],"author":[{"embeddable":true,"href":"https:\/\/www.enscmu.uha.fr\/index.php\/wp-json\/wp\/v2\/users\/1"}],"replies":[{"embeddable":true,"href":"https:\/\/www.enscmu.uha.fr\/index.php\/wp-json\/wp\/v2\/comments?post=29"}],"version-history":[{"count":55,"href":"https:\/\/www.enscmu.uha.fr\/index.php\/wp-json\/wp\/v2\/pages\/29\/revisions"}],"predecessor-version":[{"id":5628,"href":"https:\/\/www.enscmu.uha.fr\/index.php\/wp-json\/wp\/v2\/pages\/29\/revisions\/5628"}],"up":[{"embeddable":true,"href":"https:\/\/www.enscmu.uha.fr\/index.php\/wp-json\/wp\/v2\/pages\/25"}],"wp:featuredmedia":[{"embeddable":true,"href":"https:\/\/www.enscmu.uha.fr\/index.php\/wp-json\/wp\/v2\/media\/401"}],"wp:attachment":[{"href":"https:\/\/www.enscmu.uha.fr\/index.php\/wp-json\/wp\/v2\/media?parent=29"}],"wp:term":[{"taxonomy":"category","embeddable":true,"href":"https:\/\/www.enscmu.uha.fr\/index.php\/wp-json\/wp\/v2\/categories?post=29"},{"taxonomy":"post_tag","embeddable":true,"href":"https:\/\/www.enscmu.uha.fr\/index.php\/wp-json\/wp\/v2\/tags?post=29"}],"curies":[{"name":"wp","href":"https:\/\/api.w.org\/{rel}","templated":true}]}}