{"id":31,"date":"2017-12-12T15:50:34","date_gmt":"2017-12-12T14:50:34","guid":{"rendered":"https:\/\/www.enscmu.uha.fr\/?page_id=31"},"modified":"2025-10-16T13:40:30","modified_gmt":"2025-10-16T11:40:30","slug":"3eme-annee","status":"publish","type":"page","link":"https:\/\/www.enscmu.uha.fr\/index.php\/formation\/cycle-ingenieur\/3eme-annee\/","title":{"rendered":"3E ANN\u00c9E"},"content":{"rendered":"<div class=\"deflex main\" style=\"display: flex;\">\n<div class=\"deborder\" style=\"width: 70%; margin-left: auto; margin-right: auto; padding-right: 5%;\">\n<figure id=\"attachment_351\" aria-describedby=\"caption-attachment-351\" style=\"width: 1181px\" class=\"wp-caption aligncenter\"><img loading=\"lazy\" decoding=\"async\" class=\"wp-image-351 size-full\" src=\"https:\/\/www.enscmu.uha.fr\/wp-content\/uploads\/2018\/01\/ENSCMu-amphi1\u00a9GregoryTachet.jpg\" alt=\"Amphith\u00e9\u00e2tre de l'ENSCMu\" width=\"1181\" height=\"788\" srcset=\"https:\/\/www.enscmu.uha.fr\/wp-content\/uploads\/2018\/01\/ENSCMu-amphi1\u00a9GregoryTachet.jpg 1181w, https:\/\/www.enscmu.uha.fr\/wp-content\/uploads\/2018\/01\/ENSCMu-amphi1\u00a9GregoryTachet-300x200.jpg 300w, https:\/\/www.enscmu.uha.fr\/wp-content\/uploads\/2018\/01\/ENSCMu-amphi1\u00a9GregoryTachet-768x512.jpg 768w, https:\/\/www.enscmu.uha.fr\/wp-content\/uploads\/2018\/01\/ENSCMu-amphi1\u00a9GregoryTachet-1024x683.jpg 1024w\" sizes=\"auto, (max-width: 1181px) 100vw, 1181px\" \/><figcaption id=\"caption-attachment-351\" class=\"wp-caption-text\">\u00a9GregoryTachet<\/figcaption><\/figure>\n<h1>1<sup>er<\/sup> semestre<\/h1>\n<ul>\n<li><a href=\"https:\/\/www.enscmu.uha.fr\/wp-content\/uploads\/2020\/02\/ENSCMu_syllabus-3A.pdf#page=2\" target=\"_blank\" rel=\"noopener noreferrer\">Anglais<\/a><\/li>\n<\/ul>\n<h2>Sciences humaines, \u00e9conomiques et sociales<\/h2>\n<ul>\n<li>Ateliers du Lean en entreprise<\/li>\n<li>Cybers\u00e9curit\u00e9 en entreprise<\/li>\n<li><a href=\"https:\/\/www.enscmu.uha.fr\/wp-content\/uploads\/2020\/02\/ENSCMu_syllabus-3A.pdf#page=4\" target=\"_blank\" rel=\"noopener noreferrer\">Marketing International<\/a><\/li>\n<li><a href=\"https:\/\/www.enscmu.uha.fr\/wp-content\/uploads\/2020\/02\/ENSCMu_syllabus-3A.pdf#page=5\" target=\"_blank\" rel=\"noopener noreferrer\">Communication<\/a><\/li>\n<li><a href=\"https:\/\/www.enscmu.uha.fr\/wp-content\/uploads\/2020\/02\/ENSCMu_syllabus-3A.pdf#page=6\" target=\"_blank\" rel=\"noopener noreferrer\">Management<\/a><\/li>\n<li><a href=\"https:\/\/www.enscmu.uha.fr\/wp-content\/uploads\/2020\/02\/ENSCMu_syllabus-3A.pdf#page=7\" target=\"_blank\" rel=\"noopener noreferrer\">Droit du travail<\/a><\/li>\n<li><a href=\"https:\/\/www.enscmu.uha.fr\/wp-content\/uploads\/2020\/02\/ENSCMu_syllabus-3A.pdf#page=8\" target=\"_blank\" rel=\"noopener noreferrer\">Veille technologique<\/a><\/li>\n<li>Simulation de recherche d&#8217;emploi avec <a href=\"https:\/\/oteci.asso.fr\/\" target=\"_blank\" rel=\"noopener noreferrer\">OTECI (association d\u2019anciens cadres du secteur priv\u00e9 ou public)<\/a><\/li>\n<\/ul>\n<h2>Sciences de l&rsquo;ing\u00e9nieur<\/h2>\n<ul>\n<li><a href=\"https:\/\/www.enscmu.uha.fr\/wp-content\/uploads\/2020\/02\/ENSCMu_syllabus-3A.pdf#page=9\" target=\"_blank\" rel=\"noopener noreferrer\">Projet personnel &#8211; \u00e9tude de cas<\/a><\/li>\n<li><a href=\"https:\/\/www.enscmu.uha.fr\/wp-content\/uploads\/2020\/02\/ENSCMu_syllabus-3A.pdf#page=10\" target=\"_blank\" rel=\"noopener noreferrer\">Simulation des proc\u00e9d\u00e9s industriels<\/a><\/li>\n<li><a href=\"https:\/\/www.enscmu.uha.fr\/wp-content\/uploads\/2020\/02\/ENSCMu_syllabus-3A.pdf#page=11\" target=\"_blank\" rel=\"noopener noreferrer\">Conf\u00e9rences<\/a><\/li>\n<\/ul>\n<h2>Options<\/h2>\n<p>Sans limite dans le nombre de places par option.<br \/>\nToutes compatibles avec le parcours en <a href=\"https:\/\/www.enscmu.uha.fr\/index.php\/projet-contrat-de-professionnalisation\/\">contrat de professionnalisation<\/a>.<\/p>\n<ul>\n<li><a href=\"https:\/\/www.enscmu.uha.fr\/wp-content\/uploads\/2020\/08\/ENSCMu_options_3A_08.2020.pdf#page=1\" target=\"_blank\" rel=\"noopener noreferrer\">Chimie organique, bioorganique et th\u00e9rapeutique<\/a><\/li>\n<li><a href=\"https:\/\/www.enscmu.uha.fr\/wp-content\/uploads\/2020\/08\/ENSCMu_options_3A_08.2020.pdf#page=2\" target=\"_blank\" rel=\"noopener noreferrer\">Formulation et cosm\u00e9tologie<\/a><\/li>\n<li><a href=\"https:\/\/www.enscmu.uha.fr\/wp-content\/uploads\/2020\/08\/ENSCMu_options_3A_08.2020.pdf#page=3\" target=\"_blank\" rel=\"noopener noreferrer\">Mat\u00e9riaux et polym\u00e8res<\/a><\/li>\n<li><a href=\"https:\/\/www.enscmu.uha.fr\/wp-content\/uploads\/2022\/04\/ENSCMu_options_3A_04.2022.pdf#page=4\" target=\"_blank\" rel=\"noopener noreferrer\">S\u00e9curit\u00e9 et d\u00e9veloppement durable<\/a><\/li>\n<\/ul>\n<h1>2<sup>e<\/sup> semestre<\/h1>\n<p>Stage ing\u00e9nieur en entreprise d&rsquo;une dur\u00e9e de 6 mois en France ou \u00e0 l&rsquo;\u00e9tranger.<\/p>\n<p>Pour en savoir plus, consultez les portraits d&rsquo;\u00e9tudiants parus dans la <a href=\"https:\/\/www.enscmu.uha.fr\/index.php\/lenscmu\/lettre-dinformation\/\">lettre d&rsquo;information de l&rsquo;ENSCMu<\/a>.<\/p>\n<h1>\u00c9changes avec la FGL<\/h1>\n<p>L&rsquo;ENSCMu appartient \u00e0 la <a href=\"https:\/\/www.20ecolesdechimie.com\/\" target=\"_blank\" rel=\"noopener noreferrer\">F\u00e9d\u00e9ration Gay-Lussac<\/a>, qui r\u00e9unit les 20 \u00e9coles de Chimie de France. Au sein de ce r\u00e9seau, les \u00e9tudiants peuvent faire leur 3<sup>e<\/sup> ann\u00e9e du cycle ing\u00e9nieur dans une autre \u00e9cole de la F\u00e9d\u00e9ration pour y faire une option particuli\u00e8re.<\/p>\n<h1>Double dipl\u00f4me de Master<\/h1>\n<p>Les \u00e9l\u00e8ves ont la possibilit\u00e9 de suivre les enseignement du Master 2 de l&rsquo;UHA en parall\u00e8le de la 3<sup>e<\/sup> ann\u00e9e du cycle ing\u00e9nieur pour obtenir un double-dipl\u00f4me Ing\u00e9nieur et Master.<\/p>\n<p>Consultez la <a href=\"https:\/\/www.enscmu.uha.fr\/index.php\/formation\/doubles-diplomes-master-et-licence\/\">page Doubles dipl\u00f4mes Master et Licence<\/a><\/p>\n<\/div>\n<div style=\"width: 27.5%; margin-left: auto; margin-right: auto;\">\n<p>Contact : Jean-Marc Le Meins, coordonnateur d&rsquo;ann\u00e9e<br \/>\n<a href=\"https:\/\/www.annuaire.uha.fr\/\">Contactez-nous<\/a><\/p>\n<p><!--[su_service title=\"A t\u00e9l\u00e9charger\" icon=\"icon: download\" icon_color=\"#CE0075\"]<a href=\"https:\/\/www.enscmu.uha.fr\/wp-content\/uploads\/2020\/02\/ENSCMu_syllabus-3A.pdf\" target=\"_blank\" rel=\"noopener noreferrer\">Syllabus - Cycle ing\u00e9nieur 3e ann\u00e9e - tronc commun<\/a>[\/su_service]\n[su_service title=\"A t\u00e9l\u00e9charger\" icon=\"icon: download\" icon_color=\"#CE0075\"]<a href=\"https:\/\/www.enscmu.uha.fr\/wp-content\/uploads\/2020\/08\/ENSCMu_options_3A_08.2020.pdf\" target=\"_blank\" rel=\"noopener noreferrer\">Syllabus - Cycle ing\u00e9nieur 3e ann\u00e9e - options<\/a>[\/su_service]--><\/p>\n<div class=\"su-service\"><div class=\"su-service-title\" style=\"padding-left:46px;min-height:32px;line-height:32px\"><i class=\"sui sui-download\" style=\"font-size:32px;color:#CE0075\"><\/i> \u00c0 t\u00e9l\u00e9charger<\/div><div class=\"su-service-content su-u-clearfix su-u-trim\" style=\"padding-left:46px\"><a href=\"https:\/\/www.enscmu.uha.fr\/wp-content\/uploads\/2023\/11\/referentiel-de-competences-3A.pdf\">R\u00e9f\u00e9rentiel de comp\u00e9tences 3\u00e8me ann\u00e9e<\/a><\/div><\/div>\n<\/div>\n<\/div>\n","protected":false},"excerpt":{"rendered":"<p>1er semestre Anglais Sciences humaines, \u00e9conomiques et sociales Ateliers du Lean en entreprise Cybers\u00e9curit\u00e9 en entreprise Marketing International Communication Management Droit du travail Veille technologique Simulation de recherche d&#8217;emploi avec OTECI (association d\u2019anciens cadres du secteur priv\u00e9 ou public) Sciences de l&rsquo;ing\u00e9nieur Projet personnel &#8211; \u00e9tude de cas Simulation des proc\u00e9d\u00e9s industriels Conf\u00e9rences Options Sans [&hellip;]<\/p>\n","protected":false},"author":1,"featured_media":0,"parent":25,"menu_order":0,"comment_status":"closed","ping_status":"closed","template":"","meta":{"footnotes":""},"categories":[5],"tags":[],"class_list":["post-31","page","type-page","status-publish","hentry","category-futurs-etudiants"],"yoast_head":"<!-- This site is optimized with the Yoast SEO plugin v27.0 - https:\/\/yoast.com\/product\/yoast-seo-wordpress\/ -->\n<title>3E ANN\u00c9E - ENSCMu<\/title>\n<meta name=\"robots\" content=\"index, follow, max-snippet:-1, max-image-preview:large, max-video-preview:-1\" \/>\n<link rel=\"canonical\" href=\"https:\/\/www.enscmu.uha.fr\/index.php\/formation\/cycle-ingenieur\/3eme-annee\/\" \/>\n<meta property=\"og:locale\" content=\"fr_FR\" \/>\n<meta property=\"og:type\" content=\"article\" \/>\n<meta property=\"og:title\" content=\"3E ANN\u00c9E - ENSCMu\" \/>\n<meta property=\"og:description\" content=\"1er semestre Anglais Sciences humaines, \u00e9conomiques et sociales Ateliers du Lean en entreprise Cybers\u00e9curit\u00e9 en entreprise Marketing International Communication Management Droit du travail Veille technologique Simulation de recherche d&#8217;emploi avec OTECI (association d\u2019anciens cadres du secteur priv\u00e9 ou public) Sciences de l&rsquo;ing\u00e9nieur Projet personnel &#8211; \u00e9tude de cas Simulation des proc\u00e9d\u00e9s industriels Conf\u00e9rences Options Sans [&hellip;]\" \/>\n<meta property=\"og:url\" content=\"https:\/\/www.enscmu.uha.fr\/index.php\/formation\/cycle-ingenieur\/3eme-annee\/\" \/>\n<meta property=\"og:site_name\" content=\"ENSCMu | \u00c9cole Nationale Sup\u00e9rieure de Chimie de Mulhouse\" \/>\n<meta property=\"article:modified_time\" content=\"2025-10-16T11:40:30+00:00\" \/>\n<meta name=\"twitter:card\" content=\"summary_large_image\" \/>\n<meta name=\"twitter:label1\" content=\"Dur\u00e9e de lecture estim\u00e9e\" \/>\n\t<meta name=\"twitter:data1\" content=\"2 minutes\" \/>\n<script type=\"application\/ld+json\" class=\"yoast-schema-graph\">{\"@context\":\"https:\/\/schema.org\",\"@graph\":[{\"@type\":\"WebPage\",\"@id\":\"https:\/\/www.enscmu.uha.fr\/index.php\/formation\/cycle-ingenieur\/3eme-annee\/\",\"url\":\"https:\/\/www.enscmu.uha.fr\/index.php\/formation\/cycle-ingenieur\/3eme-annee\/\",\"name\":\"3E ANN\u00c9E - ENSCMu\",\"isPartOf\":{\"@id\":\"https:\/\/www.enscmu.uha.fr\/#website\"},\"datePublished\":\"2017-12-12T14:50:34+00:00\",\"dateModified\":\"2025-10-16T11:40:30+00:00\",\"breadcrumb\":{\"@id\":\"https:\/\/www.enscmu.uha.fr\/index.php\/formation\/cycle-ingenieur\/3eme-annee\/#breadcrumb\"},\"inLanguage\":\"fr-FR\",\"potentialAction\":[{\"@type\":\"ReadAction\",\"target\":[\"https:\/\/www.enscmu.uha.fr\/index.php\/formation\/cycle-ingenieur\/3eme-annee\/\"]}]},{\"@type\":\"BreadcrumbList\",\"@id\":\"https:\/\/www.enscmu.uha.fr\/index.php\/formation\/cycle-ingenieur\/3eme-annee\/#breadcrumb\",\"itemListElement\":[{\"@type\":\"ListItem\",\"position\":1,\"name\":\"Accueil\",\"item\":\"https:\/\/www.enscmu.uha.fr\/\"},{\"@type\":\"ListItem\",\"position\":2,\"name\":\"FORMATION\",\"item\":\"https:\/\/www.enscmu.uha.fr\/index.php\/formation\/\"},{\"@type\":\"ListItem\",\"position\":3,\"name\":\"CYCLE ING\u00c9NIEUR\",\"item\":\"https:\/\/www.enscmu.uha.fr\/index.php\/formation\/cycle-ingenieur\/\"},{\"@type\":\"ListItem\",\"position\":4,\"name\":\"3E ANN\u00c9E\"}]},{\"@type\":\"WebSite\",\"@id\":\"https:\/\/www.enscmu.uha.fr\/#website\",\"url\":\"https:\/\/www.enscmu.uha.fr\/\",\"name\":\"ENSCMu | \u00c9cole Nationale Sup\u00e9rieure de Chimie de Mulhouse\",\"description\":\"Campus Illberg | Universit\u00e9 de Haute-Alsace\",\"potentialAction\":[{\"@type\":\"SearchAction\",\"target\":{\"@type\":\"EntryPoint\",\"urlTemplate\":\"https:\/\/www.enscmu.uha.fr\/?s={search_term_string}\"},\"query-input\":{\"@type\":\"PropertyValueSpecification\",\"valueRequired\":true,\"valueName\":\"search_term_string\"}}],\"inLanguage\":\"fr-FR\"}]}<\/script>\n<!-- \/ Yoast SEO plugin. -->","yoast_head_json":{"title":"3E ANN\u00c9E - ENSCMu","robots":{"index":"index","follow":"follow","max-snippet":"max-snippet:-1","max-image-preview":"max-image-preview:large","max-video-preview":"max-video-preview:-1"},"canonical":"https:\/\/www.enscmu.uha.fr\/index.php\/formation\/cycle-ingenieur\/3eme-annee\/","og_locale":"fr_FR","og_type":"article","og_title":"3E ANN\u00c9E - ENSCMu","og_description":"1er semestre Anglais Sciences humaines, \u00e9conomiques et sociales Ateliers du Lean en entreprise Cybers\u00e9curit\u00e9 en entreprise Marketing International Communication Management Droit du travail Veille technologique Simulation de recherche d&#8217;emploi avec OTECI (association d\u2019anciens cadres du secteur priv\u00e9 ou public) Sciences de l&rsquo;ing\u00e9nieur Projet personnel &#8211; \u00e9tude de cas Simulation des proc\u00e9d\u00e9s industriels Conf\u00e9rences Options Sans [&hellip;]","og_url":"https:\/\/www.enscmu.uha.fr\/index.php\/formation\/cycle-ingenieur\/3eme-annee\/","og_site_name":"ENSCMu | \u00c9cole Nationale Sup\u00e9rieure de Chimie de Mulhouse","article_modified_time":"2025-10-16T11:40:30+00:00","twitter_card":"summary_large_image","twitter_misc":{"Dur\u00e9e de lecture estim\u00e9e":"2 minutes"},"schema":{"@context":"https:\/\/schema.org","@graph":[{"@type":"WebPage","@id":"https:\/\/www.enscmu.uha.fr\/index.php\/formation\/cycle-ingenieur\/3eme-annee\/","url":"https:\/\/www.enscmu.uha.fr\/index.php\/formation\/cycle-ingenieur\/3eme-annee\/","name":"3E ANN\u00c9E - ENSCMu","isPartOf":{"@id":"https:\/\/www.enscmu.uha.fr\/#website"},"datePublished":"2017-12-12T14:50:34+00:00","dateModified":"2025-10-16T11:40:30+00:00","breadcrumb":{"@id":"https:\/\/www.enscmu.uha.fr\/index.php\/formation\/cycle-ingenieur\/3eme-annee\/#breadcrumb"},"inLanguage":"fr-FR","potentialAction":[{"@type":"ReadAction","target":["https:\/\/www.enscmu.uha.fr\/index.php\/formation\/cycle-ingenieur\/3eme-annee\/"]}]},{"@type":"BreadcrumbList","@id":"https:\/\/www.enscmu.uha.fr\/index.php\/formation\/cycle-ingenieur\/3eme-annee\/#breadcrumb","itemListElement":[{"@type":"ListItem","position":1,"name":"Accueil","item":"https:\/\/www.enscmu.uha.fr\/"},{"@type":"ListItem","position":2,"name":"FORMATION","item":"https:\/\/www.enscmu.uha.fr\/index.php\/formation\/"},{"@type":"ListItem","position":3,"name":"CYCLE ING\u00c9NIEUR","item":"https:\/\/www.enscmu.uha.fr\/index.php\/formation\/cycle-ingenieur\/"},{"@type":"ListItem","position":4,"name":"3E ANN\u00c9E"}]},{"@type":"WebSite","@id":"https:\/\/www.enscmu.uha.fr\/#website","url":"https:\/\/www.enscmu.uha.fr\/","name":"ENSCMu | \u00c9cole Nationale Sup\u00e9rieure de Chimie de Mulhouse","description":"Campus Illberg | Universit\u00e9 de Haute-Alsace","potentialAction":[{"@type":"SearchAction","target":{"@type":"EntryPoint","urlTemplate":"https:\/\/www.enscmu.uha.fr\/?s={search_term_string}"},"query-input":{"@type":"PropertyValueSpecification","valueRequired":true,"valueName":"search_term_string"}}],"inLanguage":"fr-FR"}]}},"_links":{"self":[{"href":"https:\/\/www.enscmu.uha.fr\/index.php\/wp-json\/wp\/v2\/pages\/31","targetHints":{"allow":["GET"]}}],"collection":[{"href":"https:\/\/www.enscmu.uha.fr\/index.php\/wp-json\/wp\/v2\/pages"}],"about":[{"href":"https:\/\/www.enscmu.uha.fr\/index.php\/wp-json\/wp\/v2\/types\/page"}],"author":[{"embeddable":true,"href":"https:\/\/www.enscmu.uha.fr\/index.php\/wp-json\/wp\/v2\/users\/1"}],"replies":[{"embeddable":true,"href":"https:\/\/www.enscmu.uha.fr\/index.php\/wp-json\/wp\/v2\/comments?post=31"}],"version-history":[{"count":49,"href":"https:\/\/www.enscmu.uha.fr\/index.php\/wp-json\/wp\/v2\/pages\/31\/revisions"}],"predecessor-version":[{"id":5629,"href":"https:\/\/www.enscmu.uha.fr\/index.php\/wp-json\/wp\/v2\/pages\/31\/revisions\/5629"}],"up":[{"embeddable":true,"href":"https:\/\/www.enscmu.uha.fr\/index.php\/wp-json\/wp\/v2\/pages\/25"}],"wp:attachment":[{"href":"https:\/\/www.enscmu.uha.fr\/index.php\/wp-json\/wp\/v2\/media?parent=31"}],"wp:term":[{"taxonomy":"category","embeddable":true,"href":"https:\/\/www.enscmu.uha.fr\/index.php\/wp-json\/wp\/v2\/categories?post=31"},{"taxonomy":"post_tag","embeddable":true,"href":"https:\/\/www.enscmu.uha.fr\/index.php\/wp-json\/wp\/v2\/tags?post=31"}],"curies":[{"name":"wp","href":"https:\/\/api.w.org\/{rel}","templated":true}]}}