{"id":3499,"date":"2021-09-02T16:00:22","date_gmt":"2021-09-02T14:00:22","guid":{"rendered":"https:\/\/www.enscmu.uha.fr\/?page_id=3499"},"modified":"2022-05-30T15:26:40","modified_gmt":"2022-05-30T13:26:40","slug":"200-ans-de-chimie-le-programme","status":"publish","type":"page","link":"https:\/\/www.enscmu.uha.fr\/index.php\/200-ans-de-chimie-le-programme\/","title":{"rendered":"200 ANS DE CHIMIE"},"content":{"rendered":"<h1><img loading=\"lazy\" decoding=\"async\" class=\"alignnone size-large wp-image-3761\" src=\"https:\/\/www.enscmu.uha.fr\/wp-content\/uploads\/2022\/02\/ENSCMu_bi_web_site_-1024x164.jpg\" alt=\"\" width=\"750\" height=\"120\" srcset=\"https:\/\/www.enscmu.uha.fr\/wp-content\/uploads\/2022\/02\/ENSCMu_bi_web_site_-1024x164.jpg 1024w, https:\/\/www.enscmu.uha.fr\/wp-content\/uploads\/2022\/02\/ENSCMu_bi_web_site_-300x48.jpg 300w, https:\/\/www.enscmu.uha.fr\/wp-content\/uploads\/2022\/02\/ENSCMu_bi_web_site_-768x123.jpg 768w, https:\/\/www.enscmu.uha.fr\/wp-content\/uploads\/2022\/02\/ENSCMu_bi_web_site_-1536x246.jpg 1536w, https:\/\/www.enscmu.uha.fr\/wp-content\/uploads\/2022\/02\/ENSCMu_bi_web_site_.jpg 1920w\" sizes=\"auto, (max-width: 750px) 100vw, 750px\" \/><\/h1>\n<p>A l&rsquo;occasion de ses 200 ans le 1<sup>er<\/sup> mars 2022, l\u2019\u00c9cole de chimie de Mulhouse souhaite faire de l&rsquo;ann\u00e9e 2022 une ann\u00e9e \u00e9v\u00e9nement marqu\u00e9e par plusieurs temps forts :<\/p>\n<p><img loading=\"lazy\" decoding=\"async\" class=\"alignnone size-full wp-image-4088\" src=\"https:\/\/www.enscmu.uha.fr\/wp-content\/uploads\/2022\/05\/Communication_200ansdechimie_programme2022_frise_05.22.jpg\" alt=\"\" width=\"638\" height=\"261\" srcset=\"https:\/\/www.enscmu.uha.fr\/wp-content\/uploads\/2022\/05\/Communication_200ansdechimie_programme2022_frise_05.22.jpg 638w, https:\/\/www.enscmu.uha.fr\/wp-content\/uploads\/2022\/05\/Communication_200ansdechimie_programme2022_frise_05.22-300x123.jpg 300w\" sizes=\"auto, (max-width: 638px) 100vw, 638px\" \/><\/p>\n<h1>Nos \u00e9v\u00e8nements 2022*<\/h1>\n<h6>*sous r\u00e9serve de faisabilit\u00e9<\/h6>\n<div class=\"su-tabs su-tabs-style-default su-tabs-mobile-stack\" data-active=\"1\" data-scroll-offset=\"0\" data-anchor-in-url=\"no\"><div class=\"su-tabs-nav\"><span class=\"\" data-url=\"\" data-target=\"_blank\" tabindex=\"0\" role=\"button\"><strong>200 ans de chimie : la semaine anniversaire<\/strong> du 1<sup>er<\/sup> au 6 mars<\/span><\/div><div class=\"su-tabs-panes\"><div class=\"su-tabs-pane su-u-clearfix su-u-trim\" data-title=\"&lt;strong&gt;200 ans de chimie : la semaine anniversaire&lt;\/strong&gt; du 1&lt;sup&gt;er&lt;\/sup&gt; au 6 mars\">\n<ul>\n<li>D\u00e8s le 26 f\u00e9vrier puis en replay : <strong>Caf\u00e9 de l\u2019histoire sur la chimie mulhousienne<\/strong> par R\u00e9gis Boulat et Ren\u00e9 Tessier : live \u00e0 10h le 26.02 pour les portes ouvertes de l\u2019ENSCMu puis diffusion du replay\u00a0(dur\u00e9e 30 min), propos\u00e9 par la\u00a0Soci\u00e9t\u00e9 Industrielle de Mulhouse.<br \/>\nA distance : inscriptions sur\u00a0<a href=\"https:\/\/www.sim.asso.fr\/chimie-mulhousienne\/\">www.sim.asso.fr\/chimie-mulhousienne\/<\/a><br \/>\nEn replay sur :\u00a0<a href=\"https:\/\/www.facebook.com\/sim1826\">www.facebook.com\/sim1826<\/a><\/li>\n<li>Mardi 1er mars : inauguration officielle de <strong>\u00ab\u00a0200 ans de chimie : l\u2019expo\u00a0\u00bb<\/strong>, qui sera ensuite accueillie dans d\u2019autres lieux mulhousiens et pr\u00e9sentation du jeu <strong>Chemical Links<\/strong> cr\u00e9\u00e9 avec des \u00e9l\u00e8ves <strong>\u00ab\u00a0200 ans de chimie : le jeu\u00a0\u00bb<\/strong>.<\/li>\n<li>Jeudi 3 mars :\u00a0<strong>\u00ab\u00a0200 ans de chimie : la course\u00a0\u00bb<\/strong>, organis\u00e9e pour les \u00e9l\u00e8ves de l\u2019ENSCMu avec la Junior-Initiative Horizons Alsace Chimie.<\/li>\n<li>Vendredi 4 mars :\u00a0<strong>\u00ab\u00a0200 ans de chimie : le spectacle\u00a0\u00bb<\/strong>, organis\u00e9 pour le personnel et les \u00e9l\u00e8ves de l\u2019Ecole.<\/li>\n<li>Dimanche 6 mars : participation au <strong>Carnaval de Mulhouse<\/strong> avec fabrication d\u2019un char aux couleurs des 200 ans par le Bureau des Arts de l\u2019ENSCMu.<\/div><\/div><\/div>\n<div class=\"su-tabs su-tabs-style-default su-tabs-mobile-stack\" data-active=\"1\" data-scroll-offset=\"0\" data-anchor-in-url=\"no\"><div class=\"su-tabs-nav\"><span class=\"\" data-url=\"\" data-target=\"_blank\" tabindex=\"0\" role=\"button\"><strong>RDV des opportunities #2<\/strong> le 29 septembre<\/span><span class=\"\" data-url=\"\" data-target=\"_blank\" tabindex=\"0\" role=\"button\"><strong>Colloque recherche et Soir\u00e9e de la chimie<\/strong> les 15-16 d\u00e9cembre<\/span><\/div><div class=\"su-tabs-panes\"><div class=\"su-tabs-pane su-u-clearfix su-u-trim\" data-title=\"&lt;strong&gt;RDV des opportunities #2&lt;\/strong&gt; le 29 septembre\">\n<p>Apr\u00e8s un premier opus en septembre 2021, le deuxi\u00e8me rdv des opportunit\u00e9s sera organis\u00e9 devant l\u2019\u00c9cole le 29 septembre 2022 pour permettre aux \u00e9l\u00e8ves de l\u2019ENSCMu de rencontrer des entreprises partenaires.<br \/>\n<\/div>\n<div class=\"su-tabs-pane su-u-clearfix su-u-trim\" data-title=\"&lt;strong&gt;Colloque recherche et Soir\u00e9e de la chimie&lt;\/strong&gt; les 15-16 d\u00e9cembre\">\n<ul>\n<li>Les 16-17 d\u00e9cembre : <strong>\u00ab\u00a0200 ans de chimie : le colloque recherche\u00a0\u00bb<\/strong><br \/>\n(dates pr\u00e9cises et programmation en cours)<br \/>\nCongr\u00e8s de port\u00e9e internationale, dur\u00e9e 1,5 \u00e0 2 jours.<br \/>\nEdition d\u2019un num\u00e9ro sp\u00e9cial dans une revue scientifique et remise de prix envisag\u00e9es.<\/li>\n<li>Le 17 d\u00e9cembre :\u00a0<strong><strong>\u00ab\u00a0200 ans de chimie : la soir\u00e9e de la chimie\u00a0\u00bb<br \/>\n<\/strong><\/strong>La traditionnelle Soir\u00e9e de la Chimie prendra de l\u2019ampleur pour cl\u00f4turer les festivit\u00e9s 2022.<br \/>\nRemise des dipl\u00f4mes aux dipl\u00f4m\u00e9s 2022 et bal de la chimie, organis\u00e9s avec l\u2019association Bureau du Bal au Parc des Expositions de Mulhouse.<\/li>\n<\/ul>\n<\/div><\/div><\/div>\n<h1><strong>Visites guid\u00e9es avec nos partenaires<\/strong><\/h1>\n<div class=\"su-tabs su-tabs-style-default su-tabs-mobile-stack\" data-active=\"1\" data-scroll-offset=\"0\" data-anchor-in-url=\"no\"><div class=\"su-tabs-nav\"><span class=\"\" data-url=\"\" data-target=\"_blank\" tabindex=\"0\" role=\"button\"><strong>Les chimistes mulhousiens : <\/strong><strong>visite au cimeti\u00e8re central de Mulhouse<\/strong> le 23 avril<\/span><span class=\"\" data-url=\"\" data-target=\"_blank\" tabindex=\"0\" role=\"button\"><strong>200 ans de chimie : la <\/strong><strong>visite guid\u00e9e \u00e0 travers la Ville<\/strong> le 30 avril<\/span><\/div><div class=\"su-tabs-panes\"><div class=\"su-tabs-pane su-u-clearfix su-u-trim\" data-title=\"&lt;strong&gt;Les chimistes mulhousiens : &lt;\/strong&gt;&lt;strong&gt;visite au cimeti\u00e8re central de Mulhouse&lt;\/strong&gt; le 23 avril\">\nA l&rsquo;occasion des 200 ans de l&rsquo;\u00c9cole de chimie, l&rsquo;Association M\u00e9moire Mulhousienne vous pr\u00e9sente les chimistes mulhousiens \u00e0 travers une visite hors du commun du cimeti\u00e8re central. Propos\u00e9e lors des Journ\u00e9es du Patrimoine 2017 de Mulhouse, cette visite est reconduite par Jo\u00ebl Eisenegger, Pr\u00e9sident du Conseil consultatif du patrimoine mulhousien.<\/p>\n<p>Visite gratuite<br \/>\nRendez-vous \u00e0 <b>14h30 pr\u00e9cises<\/b> devant l&rsquo;entr\u00e9e protestante du cimeti\u00e8re central, 94, rue Lefebvre \u00e0 Mulhouse.<br \/>\nDur\u00e9e de la visite : 1h30<br \/>\nInscription obligatoire au <span id=\"OBJ_PREFIX_DWT1279_com_zimbra_phone\" class=\"Object\" role=\"link\">06 77 97 76 33<br \/>\n<\/span>T\u00e9l\u00e9charger la brochure <a href=\"https:\/\/www.enscmu.uha.fr\/wp-content\/uploads\/2022\/03\/MM-CHIMISTES-JDP-2017.pdf\" target=\"_blank\" rel=\"noopener\">Les chimistes Mulhousiens &#8211; M\u00e9moire Mulhousienne<\/a>.<\/div>\n<div class=\"su-tabs-pane su-u-clearfix su-u-trim\" data-title=\"&lt;strong&gt;200 ans de chimie : la &lt;\/strong&gt;&lt;strong&gt;visite guid\u00e9e \u00e0 travers la Ville&lt;\/strong&gt; le 30 avril\">\n<p>La Maison du Patrimoine de Mulhouse vous propose un parcours grand public sur les lieux marquants de l\u2019histoire de l\u2019Ecole, qui a occup\u00e9 plusieurs sites au centre ville avant de rejoindre le campus Illberg. Les participants b\u00e9n\u00e9ficieront des explications d&rsquo;un guide de la <a href=\"https:\/\/www.mulhouse.fr\/bouger-sortir\/culture\/maison-patrimoine\/\" target=\"_blank\" rel=\"noopener\">Maison du Patrimoine de Mulhouse<\/a>. A leur arriv\u00e9e sur le campus dans les locaux actuels de l&rsquo;ENSCMu, ils seront accueillis par les \u00e9l\u00e8ves de l&rsquo;association <a href=\"https:\/\/enscmulticolore.wordpress.com\" target=\"_blank\" rel=\"noopener\">ENSCMulticolore<\/a>, qui agit pour la pr\u00e9servation et mise en valeur de la collection de colorants de l&rsquo;\u00c9cole.<\/p>\n<p>Visite gratuite<br \/>\nRendez-vous \u00e0 <strong>14h<\/strong> au 33 Grand Rue \u00e0 Mulhouse<br \/>\nDur\u00e9e de la visite : environ 1h30 au centre Ville et 30 min sur le campus<br \/>\nInscription obligatoire au 03 69 77 76 61.<\/div><\/div><\/div>\n<h1><strong>Les autres projets en cours<\/strong><\/h1>\n<ul>\n<li><strong>Pr\u00e9sentation des projets chimie 2A labellis\u00e9e 200 ans<\/strong>\u00a0au printemps 2022<br \/>\nPr\u00e9sentation par les \u00e9l\u00e8ves de 2e ann\u00e9e de leurs projets chimie et remise de prix.<\/li>\n<li><strong>Podcasts \u00ab\u00a0200 ans de chimie : PAROLE AUX ALUMNIS\u00a0\u00bb<\/strong><br \/>\nPour ses 200 ans, l&rsquo;ENSCMu lance une s\u00e9rie de podcasts consacr\u00e9e \u00e0 ses dipl\u00f4m\u00e9s. Les anciens ENSCMulhiens int\u00e9ress\u00e9s pourront ainsi partager leur exp\u00e9rience \u00e9tudiante et professionnelle. Envie de faire partie de nos t\u00e9moins ? Ecrivez-nous \u00e0 communication.enscmu@uha.fr en indiquant \u00ab\u00a0podcasts 200 ans de chimie\u00a0\u00bb en objet, et laissez-vous guider !<br \/>\nConsultez la <a href=\"https:\/\/www.enscmu.uha.fr\/wp-content\/uploads\/2022\/02\/ENSCMu_Notice-Podcast-200-ANS-DE-CHIMIE_31.01.22.pdf\">descriptif du projet PODCAST \u00ab\u00a0200 ANS DE CHIMIE : PAROLE AUX ALUMNIS\u00a0\u00bb<\/a><\/li>\n<li><strong>Participation aux journ\u00e9es JAIM<\/strong> du 24 au 26 juin<br \/>\n<a href=\"https:\/\/www.sim.asso.fr\/festival-jaim-la-1ere-edition-est-lancee\/\" target=\"_blank\" rel=\"noopener\">JAIM<\/a> est un \u00e9v\u00e9nement organis\u00e9 par la Soci\u00e9t\u00e9 Industrielle de Mulhouse.\u00a0Tenue d\u2019un stand de m\u00e9diation scientifique par les \u00e9l\u00e8ves de l\u2019association ENSCMulticolore sur le Village de JAIM.\u00a0Ouverture du mus\u00e9e min\u00e9ralogique au public (\u00e0 confirmer).<\/li>\n<li>\u00c9dition d\u2019un <strong>livre historique sur l\u2019\u00c9cole de chimie<\/strong>\u00a0(sortie fin 2022)<br \/>\nSous la houlette de l\u2019historien R\u00e9gis BOULAT.<br \/>\nPour soutenir ce projet, rdv sur la plateforme <a href=\"https:\/\/www.helloasso.com\/associations\/fondation%20partenariale%20alsace\/collectes\/200-ans-ecole-de-chimie-de-mulhouse-en-2022\" target=\"_blank\" rel=\"noopener\">Hello Asso de la Fondation Partenariale Haute-Alsace<\/a>.<\/li>\n<\/ul>\n<p>Pour toute information, contacter <a href=\"https:\/\/www.enscmu.uha.fr\/index.php\/contacts-acces\/\">communication.enscmu@uha.fr<\/a><\/p>\n<p>Plus d&rsquo;information sur l&rsquo;histoire de l&rsquo;\u00c9cole :\u00a0<a href=\"https:\/\/www.enscmu.uha.fr\/index.php\/lenscmu\/histoire-et-patrimoine\/\">HISTOIRE ET PATRIMOINE<\/a><\/p>\n<p>&nbsp;<\/p>\n<p>&nbsp;<\/p>\n<p>&nbsp;<\/p>\n","protected":false},"excerpt":{"rendered":"<p>A l&rsquo;occasion de ses 200 ans le 1er mars 2022, l\u2019\u00c9cole de chimie de Mulhouse souhaite faire de l&rsquo;ann\u00e9e 2022 une ann\u00e9e \u00e9v\u00e9nement marqu\u00e9e par plusieurs temps forts : Nos \u00e9v\u00e8nements 2022* *sous r\u00e9serve de faisabilit\u00e9 Visites guid\u00e9es avec nos partenaires Les autres projets en cours Pr\u00e9sentation des projets chimie 2A labellis\u00e9e 200 ans\u00a0au printemps [&hellip;]<\/p>\n","protected":false},"author":2,"featured_media":0,"parent":0,"menu_order":0,"comment_status":"closed","ping_status":"closed","template":"","meta":{"footnotes":""},"categories":[],"tags":[],"class_list":["post-3499","page","type-page","status-publish","hentry"],"yoast_head":"<!-- This site is optimized with the Yoast SEO plugin v27.4 - https:\/\/yoast.com\/product\/yoast-seo-wordpress\/ -->\n<title>200 ANS DE CHIMIE - ENSCMu<\/title>\n<meta name=\"robots\" content=\"index, follow, max-snippet:-1, max-image-preview:large, max-video-preview:-1\" \/>\n<link rel=\"canonical\" href=\"https:\/\/www.enscmu.uha.fr\/index.php\/200-ans-de-chimie-le-programme\/\" \/>\n<meta property=\"og:locale\" content=\"fr_FR\" \/>\n<meta property=\"og:type\" content=\"article\" \/>\n<meta property=\"og:title\" content=\"200 ANS DE CHIMIE - ENSCMu\" \/>\n<meta property=\"og:description\" content=\"A l&rsquo;occasion de ses 200 ans le 1er mars 2022, l\u2019\u00c9cole de chimie de Mulhouse souhaite faire de l&rsquo;ann\u00e9e 2022 une ann\u00e9e \u00e9v\u00e9nement marqu\u00e9e par plusieurs temps forts : Nos \u00e9v\u00e8nements 2022* *sous r\u00e9serve de faisabilit\u00e9 Visites guid\u00e9es avec nos partenaires Les autres projets en cours Pr\u00e9sentation des projets chimie 2A labellis\u00e9e 200 ans\u00a0au printemps [&hellip;]\" \/>\n<meta property=\"og:url\" content=\"https:\/\/www.enscmu.uha.fr\/index.php\/200-ans-de-chimie-le-programme\/\" \/>\n<meta property=\"og:site_name\" content=\"ENSCMu | \u00c9cole Nationale Sup\u00e9rieure de Chimie de Mulhouse\" \/>\n<meta property=\"article:modified_time\" content=\"2022-05-30T13:26:40+00:00\" \/>\n<meta property=\"og:image\" content=\"https:\/\/www.enscmu.uha.fr\/wp-content\/uploads\/2022\/02\/ENSCMu_bi_web_site_-1024x164.jpg\" \/>\n<meta name=\"twitter:card\" content=\"summary_large_image\" \/>\n<meta name=\"twitter:label1\" content=\"Dur\u00e9e de lecture estim\u00e9e\" \/>\n\t<meta name=\"twitter:data1\" content=\"5 minutes\" \/>\n<script type=\"application\/ld+json\" class=\"yoast-schema-graph\">{\"@context\":\"https:\\\/\\\/schema.org\",\"@graph\":[{\"@type\":\"WebPage\",\"@id\":\"https:\\\/\\\/www.enscmu.uha.fr\\\/index.php\\\/200-ans-de-chimie-le-programme\\\/\",\"url\":\"https:\\\/\\\/www.enscmu.uha.fr\\\/index.php\\\/200-ans-de-chimie-le-programme\\\/\",\"name\":\"200 ANS DE CHIMIE - ENSCMu\",\"isPartOf\":{\"@id\":\"https:\\\/\\\/www.enscmu.uha.fr\\\/#website\"},\"primaryImageOfPage\":{\"@id\":\"https:\\\/\\\/www.enscmu.uha.fr\\\/index.php\\\/200-ans-de-chimie-le-programme\\\/#primaryimage\"},\"image\":{\"@id\":\"https:\\\/\\\/www.enscmu.uha.fr\\\/index.php\\\/200-ans-de-chimie-le-programme\\\/#primaryimage\"},\"thumbnailUrl\":\"https:\\\/\\\/www.enscmu.uha.fr\\\/wp-content\\\/uploads\\\/2022\\\/02\\\/ENSCMu_bi_web_site_-1024x164.jpg\",\"datePublished\":\"2021-09-02T14:00:22+00:00\",\"dateModified\":\"2022-05-30T13:26:40+00:00\",\"breadcrumb\":{\"@id\":\"https:\\\/\\\/www.enscmu.uha.fr\\\/index.php\\\/200-ans-de-chimie-le-programme\\\/#breadcrumb\"},\"inLanguage\":\"fr-FR\",\"potentialAction\":[{\"@type\":\"ReadAction\",\"target\":[\"https:\\\/\\\/www.enscmu.uha.fr\\\/index.php\\\/200-ans-de-chimie-le-programme\\\/\"]}]},{\"@type\":\"ImageObject\",\"inLanguage\":\"fr-FR\",\"@id\":\"https:\\\/\\\/www.enscmu.uha.fr\\\/index.php\\\/200-ans-de-chimie-le-programme\\\/#primaryimage\",\"url\":\"https:\\\/\\\/www.enscmu.uha.fr\\\/wp-content\\\/uploads\\\/2022\\\/02\\\/ENSCMu_bi_web_site_.jpg\",\"contentUrl\":\"https:\\\/\\\/www.enscmu.uha.fr\\\/wp-content\\\/uploads\\\/2022\\\/02\\\/ENSCMu_bi_web_site_.jpg\",\"width\":1920,\"height\":308},{\"@type\":\"BreadcrumbList\",\"@id\":\"https:\\\/\\\/www.enscmu.uha.fr\\\/index.php\\\/200-ans-de-chimie-le-programme\\\/#breadcrumb\",\"itemListElement\":[{\"@type\":\"ListItem\",\"position\":1,\"name\":\"Accueil\",\"item\":\"https:\\\/\\\/www.enscmu.uha.fr\\\/\"},{\"@type\":\"ListItem\",\"position\":2,\"name\":\"200 ANS DE CHIMIE\"}]},{\"@type\":\"WebSite\",\"@id\":\"https:\\\/\\\/www.enscmu.uha.fr\\\/#website\",\"url\":\"https:\\\/\\\/www.enscmu.uha.fr\\\/\",\"name\":\"ENSCMu | \u00c9cole Nationale Sup\u00e9rieure de Chimie de Mulhouse\",\"description\":\"Campus Illberg | Universit\u00e9 de Haute-Alsace\",\"potentialAction\":[{\"@type\":\"SearchAction\",\"target\":{\"@type\":\"EntryPoint\",\"urlTemplate\":\"https:\\\/\\\/www.enscmu.uha.fr\\\/?s={search_term_string}\"},\"query-input\":{\"@type\":\"PropertyValueSpecification\",\"valueRequired\":true,\"valueName\":\"search_term_string\"}}],\"inLanguage\":\"fr-FR\"}]}<\/script>\n<!-- \/ Yoast SEO plugin. -->","yoast_head_json":{"title":"200 ANS DE CHIMIE - ENSCMu","robots":{"index":"index","follow":"follow","max-snippet":"max-snippet:-1","max-image-preview":"max-image-preview:large","max-video-preview":"max-video-preview:-1"},"canonical":"https:\/\/www.enscmu.uha.fr\/index.php\/200-ans-de-chimie-le-programme\/","og_locale":"fr_FR","og_type":"article","og_title":"200 ANS DE CHIMIE - ENSCMu","og_description":"A l&rsquo;occasion de ses 200 ans le 1er mars 2022, l\u2019\u00c9cole de chimie de Mulhouse souhaite faire de l&rsquo;ann\u00e9e 2022 une ann\u00e9e \u00e9v\u00e9nement marqu\u00e9e par plusieurs temps forts : Nos \u00e9v\u00e8nements 2022* *sous r\u00e9serve de faisabilit\u00e9 Visites guid\u00e9es avec nos partenaires Les autres projets en cours Pr\u00e9sentation des projets chimie 2A labellis\u00e9e 200 ans\u00a0au printemps [&hellip;]","og_url":"https:\/\/www.enscmu.uha.fr\/index.php\/200-ans-de-chimie-le-programme\/","og_site_name":"ENSCMu | \u00c9cole Nationale Sup\u00e9rieure de Chimie de Mulhouse","article_modified_time":"2022-05-30T13:26:40+00:00","og_image":[{"url":"https:\/\/www.enscmu.uha.fr\/wp-content\/uploads\/2022\/02\/ENSCMu_bi_web_site_-1024x164.jpg","type":"","width":"","height":""}],"twitter_card":"summary_large_image","twitter_misc":{"Dur\u00e9e de lecture estim\u00e9e":"5 minutes"},"schema":{"@context":"https:\/\/schema.org","@graph":[{"@type":"WebPage","@id":"https:\/\/www.enscmu.uha.fr\/index.php\/200-ans-de-chimie-le-programme\/","url":"https:\/\/www.enscmu.uha.fr\/index.php\/200-ans-de-chimie-le-programme\/","name":"200 ANS DE CHIMIE - ENSCMu","isPartOf":{"@id":"https:\/\/www.enscmu.uha.fr\/#website"},"primaryImageOfPage":{"@id":"https:\/\/www.enscmu.uha.fr\/index.php\/200-ans-de-chimie-le-programme\/#primaryimage"},"image":{"@id":"https:\/\/www.enscmu.uha.fr\/index.php\/200-ans-de-chimie-le-programme\/#primaryimage"},"thumbnailUrl":"https:\/\/www.enscmu.uha.fr\/wp-content\/uploads\/2022\/02\/ENSCMu_bi_web_site_-1024x164.jpg","datePublished":"2021-09-02T14:00:22+00:00","dateModified":"2022-05-30T13:26:40+00:00","breadcrumb":{"@id":"https:\/\/www.enscmu.uha.fr\/index.php\/200-ans-de-chimie-le-programme\/#breadcrumb"},"inLanguage":"fr-FR","potentialAction":[{"@type":"ReadAction","target":["https:\/\/www.enscmu.uha.fr\/index.php\/200-ans-de-chimie-le-programme\/"]}]},{"@type":"ImageObject","inLanguage":"fr-FR","@id":"https:\/\/www.enscmu.uha.fr\/index.php\/200-ans-de-chimie-le-programme\/#primaryimage","url":"https:\/\/www.enscmu.uha.fr\/wp-content\/uploads\/2022\/02\/ENSCMu_bi_web_site_.jpg","contentUrl":"https:\/\/www.enscmu.uha.fr\/wp-content\/uploads\/2022\/02\/ENSCMu_bi_web_site_.jpg","width":1920,"height":308},{"@type":"BreadcrumbList","@id":"https:\/\/www.enscmu.uha.fr\/index.php\/200-ans-de-chimie-le-programme\/#breadcrumb","itemListElement":[{"@type":"ListItem","position":1,"name":"Accueil","item":"https:\/\/www.enscmu.uha.fr\/"},{"@type":"ListItem","position":2,"name":"200 ANS DE CHIMIE"}]},{"@type":"WebSite","@id":"https:\/\/www.enscmu.uha.fr\/#website","url":"https:\/\/www.enscmu.uha.fr\/","name":"ENSCMu | \u00c9cole Nationale Sup\u00e9rieure de Chimie de Mulhouse","description":"Campus Illberg | Universit\u00e9 de Haute-Alsace","potentialAction":[{"@type":"SearchAction","target":{"@type":"EntryPoint","urlTemplate":"https:\/\/www.enscmu.uha.fr\/?s={search_term_string}"},"query-input":{"@type":"PropertyValueSpecification","valueRequired":true,"valueName":"search_term_string"}}],"inLanguage":"fr-FR"}]}},"_links":{"self":[{"href":"https:\/\/www.enscmu.uha.fr\/index.php\/wp-json\/wp\/v2\/pages\/3499","targetHints":{"allow":["GET"]}}],"collection":[{"href":"https:\/\/www.enscmu.uha.fr\/index.php\/wp-json\/wp\/v2\/pages"}],"about":[{"href":"https:\/\/www.enscmu.uha.fr\/index.php\/wp-json\/wp\/v2\/types\/page"}],"author":[{"embeddable":true,"href":"https:\/\/www.enscmu.uha.fr\/index.php\/wp-json\/wp\/v2\/users\/2"}],"replies":[{"embeddable":true,"href":"https:\/\/www.enscmu.uha.fr\/index.php\/wp-json\/wp\/v2\/comments?post=3499"}],"version-history":[{"count":15,"href":"https:\/\/www.enscmu.uha.fr\/index.php\/wp-json\/wp\/v2\/pages\/3499\/revisions"}],"predecessor-version":[{"id":3510,"href":"https:\/\/www.enscmu.uha.fr\/index.php\/wp-json\/wp\/v2\/pages\/3499\/revisions\/3510"}],"wp:attachment":[{"href":"https:\/\/www.enscmu.uha.fr\/index.php\/wp-json\/wp\/v2\/media?parent=3499"}],"wp:term":[{"taxonomy":"category","embeddable":true,"href":"https:\/\/www.enscmu.uha.fr\/index.php\/wp-json\/wp\/v2\/categories?post=3499"},{"taxonomy":"post_tag","embeddable":true,"href":"https:\/\/www.enscmu.uha.fr\/index.php\/wp-json\/wp\/v2\/tags?post=3499"}],"curies":[{"name":"wp","href":"https:\/\/api.w.org\/{rel}","templated":true}]}}