{"id":35,"date":"2017-12-12T15:51:19","date_gmt":"2017-12-12T14:51:19","guid":{"rendered":"https:\/\/www.enscmu.uha.fr\/?page_id=35"},"modified":"2025-01-21T11:10:33","modified_gmt":"2025-01-21T10:10:33","slug":"projets-stages","status":"publish","type":"page","link":"https:\/\/www.enscmu.uha.fr\/index.php\/formation\/cycle-ingenieur\/projets-stages\/","title":{"rendered":"PROJETS &#038; STAGES"},"content":{"rendered":"<h1>Projets personnels<\/h1>\n<p>En 1<sup>re<\/sup> et 2<sup>e<\/sup> ann\u00e9es, les \u00e9l\u00e8ves doivent mener \u00e0 bien un projet personnel encadr\u00e9 sur un sujet de leur choix. Il peut s\u2019agir d\u2019un investissement dans les associations et clubs \u00e9tudiants de l\u2019\u00e9cole, dans des activit\u00e9s humanitaires ou solidaires, dans la m\u00e9diations scientifique aupr\u00e8s des \u00e9tablissements d\u2019enseignement secondaire ou primaire, au contact d\u2019entreprises et\/ou de structure et de publics ext\u00e9rieurs, avec les laboratoires de recherche du campus, dans l&rsquo;association Horizons Alsace Chimie au service des entreprises\u2026 Les possibilit\u00e9s sont multiples et le lien avec la chimie obligatoire en 2<sup>e<\/sup> ann\u00e9e.<\/p>\n<p>L\u2019objectif : permettre aux futurs ing\u00e9nieurs de travailler en \u00e9quipe et d\u2019acqu\u00e9rir des aptitudes en management et gestion de projet. Ceci pour g\u00e9n\u00e9rer leur capacit\u00e9 d\u2019entreprendre et les pr\u00e9parer au m\u00e9tier d\u2019ing\u00e9nieur.<\/p>\n<p><img loading=\"lazy\" decoding=\"async\" class=\"wp-image-1630 size-large alignnone\" src=\"https:\/\/www.enscmu.uha.fr\/wp-content\/uploads\/2019\/05\/ENSCMu-projets-personnels-02.19-DR-1-1024x731.jpg\" alt=\"\" width=\"750\" height=\"535\" srcset=\"https:\/\/www.enscmu.uha.fr\/wp-content\/uploads\/2019\/05\/ENSCMu-projets-personnels-02.19-DR-1-1024x731.jpg 1024w, https:\/\/www.enscmu.uha.fr\/wp-content\/uploads\/2019\/05\/ENSCMu-projets-personnels-02.19-DR-1-300x214.jpg 300w, https:\/\/www.enscmu.uha.fr\/wp-content\/uploads\/2019\/05\/ENSCMu-projets-personnels-02.19-DR-1-768x549.jpg 768w, https:\/\/www.enscmu.uha.fr\/wp-content\/uploads\/2019\/05\/ENSCMu-projets-personnels-02.19-DR-1.jpg 1575w\" sizes=\"auto, (max-width: 750px) 100vw, 750px\" \/><\/p>\n<p>&nbsp;<\/p>\n<h1>Projet professionnel<\/h1>\n<h2>Un coaching individuel par des professionnels<\/h2>\n<p>D\u00e8s la 1\u00e8re ann\u00e9e de cycle ing\u00e9nieur, chaque \u00e9tudiant b\u00e9n\u00e9ficie d\u2019un suivi personnalis\u00e9 dans l\u2019\u00e9laboration de son projet professionnel. Un bin\u00f4me enseignant \u2013 cadre de l\u2019entreprise assure ce suivi.<\/p>\n<p>La collaboration de l&rsquo;ENSCMu avec des organismes sp\u00e9cialis\u00e9s permet \u00e0 ses \u00e9tudiants de profiter de l\u2019expertise de chimistes ou directeurs des ressources humaines de grandes entreprises, dont les activit\u00e9s sont encore en prise directe avec le monde industriel et ses exigences. Le suivi se fait gr\u00e2ce \u00e0 des rendez-vous r\u00e9partis sur les deux premi\u00e8res ann\u00e9es. Ainsi l\u2019\u00e9tudiant est guid\u00e9 dans la construction de son projet professionnel pour faire les choix les plus coh\u00e9rents pour sa future carri\u00e8re d\u2019ing\u00e9nieur chimiste.<\/p>\n<p>Les experts issus du monde de l\u2019entreprise assurent \u00e9galement la formation des \u00e9l\u00e8ves \u00e0 la r\u00e9daction de CV et lettres de motivation et \u00e0 la simulation d\u2019entretien. Cette pr\u00e9paration est r\u00e9alis\u00e9e dans le cadre de la recherche de stage en 1<sup>re<\/sup> ann\u00e9e et de la recherche d\u2019emploi en 3<sup>e<\/sup> ann\u00e9e.<\/p>\n<h2>Un forum entreprises<\/h2>\n<figure id=\"attachment_229\" aria-describedby=\"caption-attachment-229\" style=\"width: 300px\" class=\"wp-caption alignright\"><img loading=\"lazy\" decoding=\"async\" class=\"wp-image-229 size-medium\" src=\"https:\/\/www.enscmu.uha.fr\/wp-content\/uploads\/2017\/12\/ForumAlsaceTech2017\u00a9AlsaceTech-300x200.jpg\" alt=\"Forum AlsaceTech 2017\" width=\"300\" height=\"200\" srcset=\"https:\/\/www.enscmu.uha.fr\/wp-content\/uploads\/2017\/12\/ForumAlsaceTech2017\u00a9AlsaceTech-300x200.jpg 300w, https:\/\/www.enscmu.uha.fr\/wp-content\/uploads\/2017\/12\/ForumAlsaceTech2017\u00a9AlsaceTech-768x513.jpg 768w, https:\/\/www.enscmu.uha.fr\/wp-content\/uploads\/2017\/12\/ForumAlsaceTech2017\u00a9AlsaceTech-1024x684.jpg 1024w\" sizes=\"auto, (max-width: 300px) 100vw, 300px\" \/><figcaption id=\"caption-attachment-229\" class=\"wp-caption-text\">\u00a9AlsaceTech<\/figcaption><\/figure>\n<p>Les \u00e9l\u00e8ves de l&rsquo;\u00e9cole ont \u00e9galement acc\u00e8s au plus grand salon de recrutement et stages du Grand Est, le <a href=\"http:\/\/www.forum-alsacetech.org\/\" target=\"_blank\" rel=\"noopener noreferrer\">Forum Alsace Tech &amp; Universit\u00e9 de Strasbourg<\/a>. Il r\u00e9unit plus de 160 exposants et est co-organis\u00e9 par les grandes \u00e9coles du r\u00e9seau Alsace Tech et l&rsquo;Universit\u00e9 de Strasbourg. En y participant les \u00e9l\u00e8ves ont l&rsquo;opportunit\u00e9 de rencontrer les recruteurs pour trouver un stage ou un emploi. Ils peuvent enrichir leur carnet d&rsquo;adresses et en apprendre davantage sur les entreprises et leurs m\u00e9tiers. Ils ont \u00e9galement acc\u00e8s \u00e0 un riche programme de conf\u00e9rences, rencontres m\u00e9tiers, correction de CV, coaching par des professionnels.<\/p>\n<p>&nbsp;<\/p>\n<h1>Stages<\/h1>\n<p>Chaque ann\u00e9e du cycle comporte un stage obligatoire :<\/p>\n<ul>\n<li>1<sup>re<\/sup> ann\u00e9e : stage d&rsquo;ex\u00e9cution de 6 semaines pendant l\u2019\u00e9t\u00e9, en France ou \u00e0 l\u2019\u00e9tranger,<\/li>\n<li>2<sup>e<\/sup> ann\u00e9e : stage de recherche de 8 semaines au moins, en France ou \u00e0 l\u2019\u00e9tranger,<\/li>\n<li>3<sup>e<\/sup> ann\u00e9e : stage ing\u00e9nieur de six mois \u00e0 partir du mois de f\u00e9vrier, en France ou \u00e0 l\u2019\u00e9tranger.<\/li>\n<\/ul>\n<p>Le choix des stages se fait en coh\u00e9rence avec l\u2019\u00e9laboration du projet professionnel. Des offres sont collect\u00e9es par l&rsquo;\u00e9cole et propos\u00e9es aux \u00e9l\u00e8ves.<\/p>\n<p>L\u2019ENSCMu \u00e9tablit des conventions de stage avec de nombreuses entreprises.<\/p>\n<p>Les entreprises qui accueillent nos stagiaires \u00e9valuent leur qualit\u00e9 \u00e0 l\u2019issue du stage. Elles se montrent satisfaites de la collaboration avec les \u00e9l\u00e8ves ing\u00e9nieurs de l\u2019ENSCMu. En effet \u00e0 l\u2019issue du stage de 3<sup>e<\/sup> ann\u00e9e, les appr\u00e9ciations \u00ab excellent \u00bb et \u00ab bon \u00bb repr\u00e9sentent 92% des \u00e9valuations des ma\u00eetres de stage en ce qui concerne les aptitudes professionnelles et intellectuelles des \u00e9l\u00e8ves accueillis dans leur entreprise (analyse des fiches d\u2019\u00e9valuation de stages de fin d\u2019\u00e9tudes 2019-20).<\/p>\n<p>Partage d&rsquo;exp\u00e9riences en entreprises avec nos \u00e9tudiants dans <a href=\"https:\/\/www.enscmu.uha.fr\/index.php\/lenscmu\/lettre-dinformation\/\" target=\"_blank\" rel=\"noopener noreferrer\">la lettre d&rsquo;information de l&rsquo;ENSCMu<\/a>.<\/p>\n<p>&nbsp;<\/p>\n<h1>Ann\u00e9e c\u00e9sure<\/h1>\n<p>Les \u00e9l\u00e8ves qui le souhaitent peuvent interrompre leur scolarit\u00e9 entre la 2<sup>e<\/sup> et la 3<sup>e<\/sup> ann\u00e9e de cycle ing\u00e9nieur pour effectuer une ann\u00e9e de c\u00e9sure en entreprise, la plupart du temps \u00e0 l&rsquo;\u00e9tranger. Ainsi en 2023-24, 28 \u00e9l\u00e8ves sont partis en Allemagne, au Canada, aux Etats-Unis, aux Pays-Bas, en Suisse et en France pour 12 mois.<\/p>\n<p>&nbsp;<\/p>\n<h1>O\u00f9 vont nos \u00e9l\u00e8ves ?<\/h1>\n<p>D\u00e9couvrez la carte des stages et \u00e9changes acad\u00e9miques de l&rsquo;ENSCMu.<\/p>\n<p><iframe loading=\"lazy\" src=\"https:\/\/www.google.com\/maps\/d\/embed?mid=1dC2Bew8dYMDazXLPyse4MoSecKuTDeT8\" width=\"640\" height=\"480\"><\/iframe><\/p>\n<div id=\"s3gt_translate_tooltip_mini\" class=\"s3gt_translate_tooltip_mini_box\" style=\"background: initial !important; border: initial !important; border-radius: initial !important; border-spacing: initial !important; border-collapse: initial !important; direction: ltr !important; flex-direction: initial !important; font-weight: initial !important; height: initial !important; letter-spacing: initial !important; min-width: initial !important; max-width: initial !important; min-height: initial !important; max-height: initial !important; margin: auto !important; outline: initial !important; padding: initial !important; position: absolute; table-layout: initial !important; text-align: initial !important; text-shadow: initial !important; width: initial !important; word-break: initial !important; word-spacing: initial !important; overflow-wrap: initial !important; box-sizing: initial !important; display: initial !important; color: inherit !important; font-size: 13px !important; font-family: X-LocaleSpecific, sans-serif, Tahoma, Helvetica !important; line-height: 13px !important; vertical-align: top !important; white-space: inherit !important; left: 262px; top: 1735px; opacity: 0.05;\">\n<div id=\"s3gt_translate_tooltip_mini_logo\" class=\"s3gt_translate_tooltip_mini\" title=\"Traduire le texte s\u00e9lectionn\u00e9\"><\/div>\n<div id=\"s3gt_translate_tooltip_mini_sound\" class=\"s3gt_translate_tooltip_mini\" title=\"Lecture\"><\/div>\n<div id=\"s3gt_translate_tooltip_mini_copy\" class=\"s3gt_translate_tooltip_mini\" title=\"Copier le texte dans le presse-papiers\"><\/div>\n<\/div>\n","protected":false},"excerpt":{"rendered":"<p>Projets personnels En 1re et 2e ann\u00e9es, les \u00e9l\u00e8ves doivent mener \u00e0 bien un projet personnel encadr\u00e9 sur un sujet de leur choix. Il peut s\u2019agir d\u2019un investissement dans les associations et clubs \u00e9tudiants de l\u2019\u00e9cole, dans des activit\u00e9s humanitaires ou solidaires, dans la m\u00e9diations scientifique aupr\u00e8s des \u00e9tablissements d\u2019enseignement secondaire ou primaire, au contact [&hellip;]<\/p>\n","protected":false},"author":1,"featured_media":1473,"parent":25,"menu_order":0,"comment_status":"closed","ping_status":"closed","template":"","meta":{"footnotes":""},"categories":[6,5],"tags":[],"class_list":["post-35","page","type-page","status-publish","has-post-thumbnail","hentry","category-entreprises-partenaires","category-futurs-etudiants"],"yoast_head":"<!-- This site is optimized with the Yoast SEO plugin v27.0 - https:\/\/yoast.com\/product\/yoast-seo-wordpress\/ -->\n<title>PROJETS &amp; STAGES - ENSCMu<\/title>\n<meta name=\"description\" content=\"Les \u00e9l\u00e8ves de l&#039;ENSCMu doivent mener \u00e0 bien un projet personnel en 1re et 2e ann\u00e9es, et r\u00e9aliser trois stages, un pour chaque ann\u00e9e du cycle ing\u00e9nieur.\" \/>\n<meta name=\"robots\" content=\"index, follow, max-snippet:-1, max-image-preview:large, max-video-preview:-1\" \/>\n<link rel=\"canonical\" href=\"https:\/\/www.enscmu.uha.fr\/index.php\/formation\/cycle-ingenieur\/projets-stages\/\" \/>\n<meta property=\"og:locale\" content=\"fr_FR\" \/>\n<meta property=\"og:type\" content=\"article\" \/>\n<meta property=\"og:title\" content=\"PROJETS &amp; STAGES - ENSCMu\" \/>\n<meta property=\"og:description\" content=\"Les \u00e9l\u00e8ves de l&#039;ENSCMu doivent mener \u00e0 bien un projet personnel en 1re et 2e ann\u00e9es, et r\u00e9aliser trois stages, un pour chaque ann\u00e9e du cycle ing\u00e9nieur.\" \/>\n<meta property=\"og:url\" content=\"https:\/\/www.enscmu.uha.fr\/index.php\/formation\/cycle-ingenieur\/projets-stages\/\" \/>\n<meta property=\"og:site_name\" content=\"ENSCMu | \u00c9cole Nationale Sup\u00e9rieure de Chimie de Mulhouse\" \/>\n<meta property=\"article:modified_time\" content=\"2025-01-21T10:10:33+00:00\" \/>\n<meta property=\"og:image\" content=\"https:\/\/www.enscmu.uha.fr\/wp-content\/uploads\/2019\/01\/cordees-reussite-ENSCMu_17.01.19_2.jpg\" \/>\n\t<meta property=\"og:image:width\" content=\"1579\" \/>\n\t<meta property=\"og:image:height\" content=\"1052\" \/>\n\t<meta property=\"og:image:type\" content=\"image\/jpeg\" \/>\n<meta name=\"twitter:card\" content=\"summary_large_image\" \/>\n<meta name=\"twitter:label1\" content=\"Dur\u00e9e de lecture estim\u00e9e\" \/>\n\t<meta name=\"twitter:data1\" content=\"4 minutes\" \/>\n<script type=\"application\/ld+json\" class=\"yoast-schema-graph\">{\"@context\":\"https:\/\/schema.org\",\"@graph\":[{\"@type\":\"WebPage\",\"@id\":\"https:\/\/www.enscmu.uha.fr\/index.php\/formation\/cycle-ingenieur\/projets-stages\/\",\"url\":\"https:\/\/www.enscmu.uha.fr\/index.php\/formation\/cycle-ingenieur\/projets-stages\/\",\"name\":\"PROJETS & STAGES - ENSCMu\",\"isPartOf\":{\"@id\":\"https:\/\/www.enscmu.uha.fr\/#website\"},\"primaryImageOfPage\":{\"@id\":\"https:\/\/www.enscmu.uha.fr\/index.php\/formation\/cycle-ingenieur\/projets-stages\/#primaryimage\"},\"image\":{\"@id\":\"https:\/\/www.enscmu.uha.fr\/index.php\/formation\/cycle-ingenieur\/projets-stages\/#primaryimage\"},\"thumbnailUrl\":\"https:\/\/www.enscmu.uha.fr\/wp-content\/uploads\/2019\/01\/cordees-reussite-ENSCMu_17.01.19_2.jpg\",\"datePublished\":\"2017-12-12T14:51:19+00:00\",\"dateModified\":\"2025-01-21T10:10:33+00:00\",\"description\":\"Les \u00e9l\u00e8ves de l'ENSCMu doivent mener \u00e0 bien un projet personnel en 1re et 2e ann\u00e9es, et r\u00e9aliser trois stages, un pour chaque ann\u00e9e du cycle ing\u00e9nieur.\",\"breadcrumb\":{\"@id\":\"https:\/\/www.enscmu.uha.fr\/index.php\/formation\/cycle-ingenieur\/projets-stages\/#breadcrumb\"},\"inLanguage\":\"fr-FR\",\"potentialAction\":[{\"@type\":\"ReadAction\",\"target\":[\"https:\/\/www.enscmu.uha.fr\/index.php\/formation\/cycle-ingenieur\/projets-stages\/\"]}]},{\"@type\":\"ImageObject\",\"inLanguage\":\"fr-FR\",\"@id\":\"https:\/\/www.enscmu.uha.fr\/index.php\/formation\/cycle-ingenieur\/projets-stages\/#primaryimage\",\"url\":\"https:\/\/www.enscmu.uha.fr\/wp-content\/uploads\/2019\/01\/cordees-reussite-ENSCMu_17.01.19_2.jpg\",\"contentUrl\":\"https:\/\/www.enscmu.uha.fr\/wp-content\/uploads\/2019\/01\/cordees-reussite-ENSCMu_17.01.19_2.jpg\",\"width\":1579,\"height\":1052},{\"@type\":\"BreadcrumbList\",\"@id\":\"https:\/\/www.enscmu.uha.fr\/index.php\/formation\/cycle-ingenieur\/projets-stages\/#breadcrumb\",\"itemListElement\":[{\"@type\":\"ListItem\",\"position\":1,\"name\":\"Accueil\",\"item\":\"https:\/\/www.enscmu.uha.fr\/\"},{\"@type\":\"ListItem\",\"position\":2,\"name\":\"FORMATION\",\"item\":\"https:\/\/www.enscmu.uha.fr\/index.php\/formation\/\"},{\"@type\":\"ListItem\",\"position\":3,\"name\":\"CYCLE ING\u00c9NIEUR\",\"item\":\"https:\/\/www.enscmu.uha.fr\/index.php\/formation\/cycle-ingenieur\/\"},{\"@type\":\"ListItem\",\"position\":4,\"name\":\"PROJETS &#038; STAGES\"}]},{\"@type\":\"WebSite\",\"@id\":\"https:\/\/www.enscmu.uha.fr\/#website\",\"url\":\"https:\/\/www.enscmu.uha.fr\/\",\"name\":\"ENSCMu | \u00c9cole Nationale Sup\u00e9rieure de Chimie de Mulhouse\",\"description\":\"Campus Illberg | Universit\u00e9 de Haute-Alsace\",\"potentialAction\":[{\"@type\":\"SearchAction\",\"target\":{\"@type\":\"EntryPoint\",\"urlTemplate\":\"https:\/\/www.enscmu.uha.fr\/?s={search_term_string}\"},\"query-input\":{\"@type\":\"PropertyValueSpecification\",\"valueRequired\":true,\"valueName\":\"search_term_string\"}}],\"inLanguage\":\"fr-FR\"}]}<\/script>\n<!-- \/ Yoast SEO plugin. -->","yoast_head_json":{"title":"PROJETS & STAGES - ENSCMu","description":"Les \u00e9l\u00e8ves de l'ENSCMu doivent mener \u00e0 bien un projet personnel en 1re et 2e ann\u00e9es, et r\u00e9aliser trois stages, un pour chaque ann\u00e9e du cycle ing\u00e9nieur.","robots":{"index":"index","follow":"follow","max-snippet":"max-snippet:-1","max-image-preview":"max-image-preview:large","max-video-preview":"max-video-preview:-1"},"canonical":"https:\/\/www.enscmu.uha.fr\/index.php\/formation\/cycle-ingenieur\/projets-stages\/","og_locale":"fr_FR","og_type":"article","og_title":"PROJETS & STAGES - ENSCMu","og_description":"Les \u00e9l\u00e8ves de l'ENSCMu doivent mener \u00e0 bien un projet personnel en 1re et 2e ann\u00e9es, et r\u00e9aliser trois stages, un pour chaque ann\u00e9e du cycle ing\u00e9nieur.","og_url":"https:\/\/www.enscmu.uha.fr\/index.php\/formation\/cycle-ingenieur\/projets-stages\/","og_site_name":"ENSCMu | \u00c9cole Nationale Sup\u00e9rieure de Chimie de Mulhouse","article_modified_time":"2025-01-21T10:10:33+00:00","og_image":[{"width":1579,"height":1052,"url":"https:\/\/www.enscmu.uha.fr\/wp-content\/uploads\/2019\/01\/cordees-reussite-ENSCMu_17.01.19_2.jpg","type":"image\/jpeg"}],"twitter_card":"summary_large_image","twitter_misc":{"Dur\u00e9e de lecture estim\u00e9e":"4 minutes"},"schema":{"@context":"https:\/\/schema.org","@graph":[{"@type":"WebPage","@id":"https:\/\/www.enscmu.uha.fr\/index.php\/formation\/cycle-ingenieur\/projets-stages\/","url":"https:\/\/www.enscmu.uha.fr\/index.php\/formation\/cycle-ingenieur\/projets-stages\/","name":"PROJETS & STAGES - ENSCMu","isPartOf":{"@id":"https:\/\/www.enscmu.uha.fr\/#website"},"primaryImageOfPage":{"@id":"https:\/\/www.enscmu.uha.fr\/index.php\/formation\/cycle-ingenieur\/projets-stages\/#primaryimage"},"image":{"@id":"https:\/\/www.enscmu.uha.fr\/index.php\/formation\/cycle-ingenieur\/projets-stages\/#primaryimage"},"thumbnailUrl":"https:\/\/www.enscmu.uha.fr\/wp-content\/uploads\/2019\/01\/cordees-reussite-ENSCMu_17.01.19_2.jpg","datePublished":"2017-12-12T14:51:19+00:00","dateModified":"2025-01-21T10:10:33+00:00","description":"Les \u00e9l\u00e8ves de l'ENSCMu doivent mener \u00e0 bien un projet personnel en 1re et 2e ann\u00e9es, et r\u00e9aliser trois stages, un pour chaque ann\u00e9e du cycle ing\u00e9nieur.","breadcrumb":{"@id":"https:\/\/www.enscmu.uha.fr\/index.php\/formation\/cycle-ingenieur\/projets-stages\/#breadcrumb"},"inLanguage":"fr-FR","potentialAction":[{"@type":"ReadAction","target":["https:\/\/www.enscmu.uha.fr\/index.php\/formation\/cycle-ingenieur\/projets-stages\/"]}]},{"@type":"ImageObject","inLanguage":"fr-FR","@id":"https:\/\/www.enscmu.uha.fr\/index.php\/formation\/cycle-ingenieur\/projets-stages\/#primaryimage","url":"https:\/\/www.enscmu.uha.fr\/wp-content\/uploads\/2019\/01\/cordees-reussite-ENSCMu_17.01.19_2.jpg","contentUrl":"https:\/\/www.enscmu.uha.fr\/wp-content\/uploads\/2019\/01\/cordees-reussite-ENSCMu_17.01.19_2.jpg","width":1579,"height":1052},{"@type":"BreadcrumbList","@id":"https:\/\/www.enscmu.uha.fr\/index.php\/formation\/cycle-ingenieur\/projets-stages\/#breadcrumb","itemListElement":[{"@type":"ListItem","position":1,"name":"Accueil","item":"https:\/\/www.enscmu.uha.fr\/"},{"@type":"ListItem","position":2,"name":"FORMATION","item":"https:\/\/www.enscmu.uha.fr\/index.php\/formation\/"},{"@type":"ListItem","position":3,"name":"CYCLE ING\u00c9NIEUR","item":"https:\/\/www.enscmu.uha.fr\/index.php\/formation\/cycle-ingenieur\/"},{"@type":"ListItem","position":4,"name":"PROJETS &#038; STAGES"}]},{"@type":"WebSite","@id":"https:\/\/www.enscmu.uha.fr\/#website","url":"https:\/\/www.enscmu.uha.fr\/","name":"ENSCMu | \u00c9cole Nationale Sup\u00e9rieure de Chimie de Mulhouse","description":"Campus Illberg | Universit\u00e9 de Haute-Alsace","potentialAction":[{"@type":"SearchAction","target":{"@type":"EntryPoint","urlTemplate":"https:\/\/www.enscmu.uha.fr\/?s={search_term_string}"},"query-input":{"@type":"PropertyValueSpecification","valueRequired":true,"valueName":"search_term_string"}}],"inLanguage":"fr-FR"}]}},"_links":{"self":[{"href":"https:\/\/www.enscmu.uha.fr\/index.php\/wp-json\/wp\/v2\/pages\/35","targetHints":{"allow":["GET"]}}],"collection":[{"href":"https:\/\/www.enscmu.uha.fr\/index.php\/wp-json\/wp\/v2\/pages"}],"about":[{"href":"https:\/\/www.enscmu.uha.fr\/index.php\/wp-json\/wp\/v2\/types\/page"}],"author":[{"embeddable":true,"href":"https:\/\/www.enscmu.uha.fr\/index.php\/wp-json\/wp\/v2\/users\/1"}],"replies":[{"embeddable":true,"href":"https:\/\/www.enscmu.uha.fr\/index.php\/wp-json\/wp\/v2\/comments?post=35"}],"version-history":[{"count":37,"href":"https:\/\/www.enscmu.uha.fr\/index.php\/wp-json\/wp\/v2\/pages\/35\/revisions"}],"predecessor-version":[{"id":5147,"href":"https:\/\/www.enscmu.uha.fr\/index.php\/wp-json\/wp\/v2\/pages\/35\/revisions\/5147"}],"up":[{"embeddable":true,"href":"https:\/\/www.enscmu.uha.fr\/index.php\/wp-json\/wp\/v2\/pages\/25"}],"wp:featuredmedia":[{"embeddable":true,"href":"https:\/\/www.enscmu.uha.fr\/index.php\/wp-json\/wp\/v2\/media\/1473"}],"wp:attachment":[{"href":"https:\/\/www.enscmu.uha.fr\/index.php\/wp-json\/wp\/v2\/media?parent=35"}],"wp:term":[{"taxonomy":"category","embeddable":true,"href":"https:\/\/www.enscmu.uha.fr\/index.php\/wp-json\/wp\/v2\/categories?post=35"},{"taxonomy":"post_tag","embeddable":true,"href":"https:\/\/www.enscmu.uha.fr\/index.php\/wp-json\/wp\/v2\/tags?post=35"}],"curies":[{"name":"wp","href":"https:\/\/api.w.org\/{rel}","templated":true}]}}