{"id":37,"date":"2017-12-12T15:51:34","date_gmt":"2017-12-12T14:51:34","guid":{"rendered":"https:\/\/www.enscmu.uha.fr\/?page_id=37"},"modified":"2025-10-21T15:33:19","modified_gmt":"2025-10-21T13:33:19","slug":"diversite-carrieres-metiers-secteurs-activite","status":"publish","type":"page","link":"https:\/\/www.enscmu.uha.fr\/index.php\/formation\/diversite-carrieres-metiers-secteurs-activite\/","title":{"rendered":"DIVERSIT\u00c9 DES CARRI\u00c8RES"},"content":{"rendered":"<div class=\"deflex main\" style=\"display: flex;\">\n<div class=\"deborder\" style=\"width: 70%; margin-left: auto; margin-right: auto; padding-right: 5%;\">\n<h1>M\u00e9tiers et secteurs d&rsquo;activit\u00e9s<\/h1>\n<p>Leur formation polyvalente et pratique en chimie permet aux dipl\u00f4m\u00e9s de l\u2019ENSCMu d\u2019\u00eatre rapidement op\u00e9rationnels et d\u2019acc\u00e9der \u00e0 une grande diversit\u00e9 de carri\u00e8res, \u00e0 travers un large panel de m\u00e9tiers et de secteurs d\u2019activit\u00e9.<\/p>\n<div class=\"su-accordion su-u-trim\"><div class=\"su-spoiler su-spoiler-style-default su-spoiler-icon-plus su-spoiler-closed\" data-scroll-offset=\"0\" data-anchor-in-url=\"no\"><div class=\"su-spoiler-title\" tabindex=\"0\" role=\"button\"><span class=\"su-spoiler-icon\"><\/span>M\u00e9tiers - dipl\u00f4m\u00e9s 2024<\/div><div class=\"su-spoiler-content su-u-clearfix su-u-trim\">Recherche, d\u00e9veloppement, innovation : 54 %<br \/>\nEtudes, conseil, expertise : 19 %<br \/>\nQualit\u00e9, s\u00e9curit\u00e9, r\u00e9glementation, environnement : \u00a015 %<br \/>\nProduction : 4 %<br \/>\nMarketing, commerce : 4 %<br \/>\nEnseignement, formation : 4 %<br \/>\n<\/div><\/div> <div class=\"su-spoiler su-spoiler-style-default su-spoiler-icon-plus su-spoiler-closed\" data-scroll-offset=\"0\" data-anchor-in-url=\"no\"><div class=\"su-spoiler-title\" tabindex=\"0\" role=\"button\"><span class=\"su-spoiler-icon\"><\/span>Secteurs d'activit\u00e9 - dipl\u00f4m\u00e9s 2024<\/div><div class=\"su-spoiler-content su-u-clearfix su-u-trim\">Industrie chimique : 38%<br \/>\nIndustrie pharmaceutique : 15 %<br \/>\n\u00c9nergie, environnement, eau, s\u00e9curit\u00e9 : 15 %<br \/>\nIndustries du transport (a\u00e9ronautique, automobile) : 12 %<br \/>\nRecherche et d\u00e9veloppement : 8 %<br \/>\nEnseignement et recherche acad\u00e9mique : 8 %<br \/>\nConstruction, BPT : 4 %<br \/>\n<\/div><\/div> <\/div>\n<p><img loading=\"lazy\" decoding=\"async\" class=\"alignnone wp-image-5646\" src=\"https:\/\/www.enscmu.uha.fr\/wp-content\/uploads\/2025\/10\/ENSCMu_Metiers-secteurs_2025-26-diplomes-2024-300x200.jpg\" alt=\"\" width=\"750\" height=\"500\" srcset=\"https:\/\/www.enscmu.uha.fr\/wp-content\/uploads\/2025\/10\/ENSCMu_Metiers-secteurs_2025-26-diplomes-2024-300x200.jpg 300w, https:\/\/www.enscmu.uha.fr\/wp-content\/uploads\/2025\/10\/ENSCMu_Metiers-secteurs_2025-26-diplomes-2024-768x512.jpg 768w, https:\/\/www.enscmu.uha.fr\/wp-content\/uploads\/2025\/10\/ENSCMu_Metiers-secteurs_2025-26-diplomes-2024.jpg 886w\" sizes=\"auto, (max-width: 750px) 100vw, 750px\" \/><\/p>\n<div class=\"su-accordion su-u-trim\"><div class=\"su-spoiler su-spoiler-style-default su-spoiler-icon-plus su-spoiler-closed\" data-scroll-offset=\"0\" data-anchor-in-url=\"no\"><div class=\"su-spoiler-title\" tabindex=\"0\" role=\"button\"><span class=\"su-spoiler-icon\"><\/span>M\u00e9tiers - dipl\u00f4m\u00e9s 2023<\/div><div class=\"su-spoiler-content su-u-clearfix su-u-trim\">Recherche, d\u00e9veloppement, innovation, brevets : 60 %<br \/>\nQualit\u00e9, s\u00e9curit\u00e9, r\u00e9glementation, environnement : \u00a014 %<br \/>\nEtudes, expertise, autres services : 13 %<br \/>\nProduction : 7 %<br \/>\nMa\u00eetrise d&rsquo;ouvrage : 3 %<br \/>\nD\u00e9veloppement durable, RSE (Responsabilit\u00e9 Sociale des Entreprises) : 3 %<br \/>\n<\/div><\/div> <div class=\"su-spoiler su-spoiler-style-default su-spoiler-icon-plus su-spoiler-closed\" data-scroll-offset=\"0\" data-anchor-in-url=\"no\"><div class=\"su-spoiler-title\" tabindex=\"0\" role=\"button\"><span class=\"su-spoiler-icon\"><\/span>Secteurs d'activit\u00e9 - dipl\u00f4m\u00e9s 2023<\/div><div class=\"su-spoiler-content su-u-clearfix su-u-trim\">Industrie chimique : 36%<br \/>\nIndustrie pharmaceutique : 15 %<br \/>\nRecherche et d\u00e9veloppement : 7 %<br \/>\nProduction et distribution d&rsquo;eau, d\u00e9pollution : 7 %<br \/>\nIndustrie parachimique : 7 %<br \/>\nAutres industries (m\u00e9tallurgie, automobile, BTP) : 14 %<br \/>\nAutres activit\u00e9s sp\u00e9cialis\u00e9es : 14 % <\/div><\/div> <\/div>\n<p><img loading=\"lazy\" decoding=\"async\" class=\"alignnone wp-image-5007 size-large\" src=\"https:\/\/www.enscmu.uha.fr\/wp-content\/uploads\/2024\/11\/ENSCMu_Metiers-secteurs_2024-25-1024x682.jpg\" alt=\"\" width=\"750\" height=\"500\" srcset=\"https:\/\/www.enscmu.uha.fr\/wp-content\/uploads\/2024\/11\/ENSCMu_Metiers-secteurs_2024-25-1024x682.jpg 1024w, https:\/\/www.enscmu.uha.fr\/wp-content\/uploads\/2024\/11\/ENSCMu_Metiers-secteurs_2024-25-300x200.jpg 300w, https:\/\/www.enscmu.uha.fr\/wp-content\/uploads\/2024\/11\/ENSCMu_Metiers-secteurs_2024-25-768x512.jpg 768w, https:\/\/www.enscmu.uha.fr\/wp-content\/uploads\/2024\/11\/ENSCMu_Metiers-secteurs_2024-25-1536x1024.jpg 1536w, https:\/\/www.enscmu.uha.fr\/wp-content\/uploads\/2024\/11\/ENSCMu_Metiers-secteurs_2024-25.jpg 1772w\" sizes=\"auto, (max-width: 750px) 100vw, 750px\" \/><\/p>\n<p>Les dipl\u00f4m\u00e9s 2021 en poste six mois apr\u00e8s le dipl\u00f4me d\u00e9clarent :<\/p>\n<ul>\n<li>en moyenne 1 mois d\u2019attente pour le 1er emploi,<\/li>\n<li>un salaire annuel moyen (brut hors primes) de 31 000 euros,<\/li>\n<li>19% travaillent \u00e0 l\u2019\u00e9tranger.<\/li>\n<\/ul>\n<div class=\"su-accordion su-u-trim\"><div class=\"su-spoiler su-spoiler-style-default su-spoiler-icon-plus su-spoiler-closed\" data-scroll-offset=\"0\" data-anchor-in-url=\"no\"><div class=\"su-spoiler-title\" tabindex=\"0\" role=\"button\"><span class=\"su-spoiler-icon\"><\/span>M\u00e9tiers - dipl\u00f4m\u00e9s 2021<\/div><div class=\"su-spoiler-content su-u-clearfix su-u-trim\">Recherche, d\u00e9veloppement, innovation : 51 %<br \/>\nQualit\u00e9, s\u00e9curit\u00e9, r\u00e9glementation : \u00a023 %<br \/>\nEtudes, expertise, autres services : 12 %<br \/>\nGestion, marketing, ing\u00e9nierie d&rsquo;affaire : 5 %<br \/>\nProduction : 9%<br \/>\n<\/div><\/div> <div class=\"su-spoiler su-spoiler-style-default su-spoiler-icon-plus su-spoiler-closed\" data-scroll-offset=\"0\" data-anchor-in-url=\"no\"><div class=\"su-spoiler-title\" tabindex=\"0\" role=\"button\"><span class=\"su-spoiler-icon\"><\/span>Secteurs d'activit\u00e9 - dipl\u00f4m\u00e9s 2021<\/div><div class=\"su-spoiler-content su-u-clearfix su-u-trim\">Industrie chimique : 37%<br \/>\nRecherche et d\u00e9veloppement, enseignement : 19 %<br \/>\nIndustrie pharmaceutique : 14 %<br \/>\nAutres industries (m\u00e9tallurgie, bois&#8230;) : 11,5 %<br \/>\nSoci\u00e9t\u00e9s de conseil, ing\u00e9nierie, bureaux d&rsquo;\u00e9tudes : 11,5 %<br \/>\nIndustrie parachimique : 5 %<br \/>\nIndustrie automobile, a\u00e9ronautique, navale&#8230; : 2% <\/div><\/div> <\/div>\n<p><img loading=\"lazy\" decoding=\"async\" class=\"alignnone wp-image-4144 size-large\" src=\"https:\/\/www.enscmu.uha.fr\/wp-content\/uploads\/2024\/10\/ENSCMu_Metiers-secteurs_2022-23.jpg\" alt=\"\" width=\"750\" height=\"518\" \/><\/p>\n<p>Les dipl\u00f4m\u00e9s 2021 en poste six mois apr\u00e8s le dipl\u00f4me d\u00e9clarent :<\/p>\n<ul>\n<li>en moyenne 1 mois d\u2019attente pour le 1er emploi,<\/li>\n<li>un salaire annuel moyen (brut hors primes) de 31 000 euros,<\/li>\n<li>19% travaillent \u00e0 l\u2019\u00e9tranger.<\/li>\n<\/ul>\n<div class=\"su-accordion su-u-trim\"><div class=\"su-spoiler su-spoiler-style-default su-spoiler-icon-plus su-spoiler-closed\" data-scroll-offset=\"0\" data-anchor-in-url=\"no\"><div class=\"su-spoiler-title\" tabindex=\"0\" role=\"button\"><span class=\"su-spoiler-icon\"><\/span>M\u00e9tiers - dipl\u00f4m\u00e9s 2019<\/div><div class=\"su-spoiler-content su-u-clearfix su-u-trim\">Recherche, d\u00e9veloppement, innovation : 50%<br \/>\nConseil, expertise, ing\u00e9nierie : 25%<br \/>\nQualit\u00e9, s\u00e9curit\u00e9, r\u00e9glementation : 25%<br \/>\n<\/div><\/div> <div class=\"su-spoiler su-spoiler-style-default su-spoiler-icon-plus su-spoiler-closed\" data-scroll-offset=\"0\" data-anchor-in-url=\"no\"><div class=\"su-spoiler-title\" tabindex=\"0\" role=\"button\"><span class=\"su-spoiler-icon\"><\/span>Secteurs d'activit\u00e9 - dipl\u00f4m\u00e9s 2019<\/div><div class=\"su-spoiler-content su-u-clearfix su-u-trim\">Industrie chimique : 28%<br \/>\nIndustrie pharmaceutique, agrochimie : 22% des dipl\u00f4m\u00e9s 2019<br \/>\nIndustrie parachimique hors cosm\u00e9tiques : 11% des dipl\u00f4m\u00e9s 2019<br \/>\nCosm\u00e9tiques : 28% des dipl\u00f4m\u00e9s 2019<br \/>\nEnvironnement et \u00e9co industrie, \u00e9nergie : 5,5% des dipl\u00f4m\u00e9s 2019<br \/>\nTransports : 5,5% des dipl\u00f4m\u00e9s 2019<br \/>\n<\/div><\/div> <\/div>\n<p><img loading=\"lazy\" decoding=\"async\" class=\"alignright wp-image-2732 size-large\" src=\"https:\/\/www.enscmu.uha.fr\/wp-content\/uploads\/2020\/09\/ENSCMu_metiers-secteurs_diplomes2019-1024x658.png\" alt=\"\" width=\"750\" height=\"482\" srcset=\"https:\/\/www.enscmu.uha.fr\/wp-content\/uploads\/2020\/09\/ENSCMu_metiers-secteurs_diplomes2019-1024x658.png 1024w, https:\/\/www.enscmu.uha.fr\/wp-content\/uploads\/2020\/09\/ENSCMu_metiers-secteurs_diplomes2019-300x193.png 300w, https:\/\/www.enscmu.uha.fr\/wp-content\/uploads\/2020\/09\/ENSCMu_metiers-secteurs_diplomes2019-768x494.png 768w, https:\/\/www.enscmu.uha.fr\/wp-content\/uploads\/2020\/09\/ENSCMu_metiers-secteurs_diplomes2019-1536x987.png 1536w, https:\/\/www.enscmu.uha.fr\/wp-content\/uploads\/2020\/09\/ENSCMu_metiers-secteurs_diplomes2019.png 1632w\" sizes=\"auto, (max-width: 750px) 100vw, 750px\" \/><\/p>\n<p>&nbsp;<\/p>\n<p>&nbsp;<\/p>\n<h2>Suivi et accompagnement<\/h2>\n<p>L\u2019\u00e9cole suit le devenir de ses dipl\u00f4m\u00e9s pendant cinq ans apr\u00e8s le dipl\u00f4me \u00e0 travers un observatoire de l\u2019emploi. Elle leur offre la possibilit\u00e9 de s\u2019inscrire au service placement et ainsi de b\u00e9n\u00e9ficier de conseils et d\u2019offres d\u2019emploi transmises par les entreprises, les anciens \u00e9l\u00e8ves et les cabinets de recrutement.<\/p>\n<h2>T\u00e9moignages<\/h2>\n<p>Visionnez nos t\u00e9moignages de dipl\u00f4m\u00e9s et d&rsquo;enseignants-chercheurs de l&rsquo;ENSCMu sur la cha\u00eene YouTube <a href=\"https:\/\/www.youtube.com\/channel\/UCOmYLAhre3gCsRfjXsUGirQ\" target=\"_blank\" rel=\"noopener noreferrer\">Chimie Mulhouse<\/a>.<\/p>\n<div style=\"position: relative; height: 0; padding-bottom: 56.25%;\"><span class=\"su-lightbox\" data-mfp-src=\"https:\/\/www.youtube-nocookie.com\/embed\/gHkgUCqPGZ4\" data-mfp-type=\"iframe\" data-mobile=\"yes\"><img loading=\"lazy\" decoding=\"async\" class=\"aligncenter wp-image-3107 size-large\" src=\"https:\/\/www.enscmu.uha.fr\/wp-content\/uploads\/2021\/03\/enscmu-5-1024x539.jpg\" alt=\"ENSCMu\" width=\"750\" height=\"395\" srcset=\"https:\/\/www.enscmu.uha.fr\/wp-content\/uploads\/2021\/03\/enscmu-5-1024x539.jpg 1024w, https:\/\/www.enscmu.uha.fr\/wp-content\/uploads\/2021\/03\/enscmu-5-300x158.jpg 300w, https:\/\/www.enscmu.uha.fr\/wp-content\/uploads\/2021\/03\/enscmu-5-768x404.jpg 768w, https:\/\/www.enscmu.uha.fr\/wp-content\/uploads\/2021\/03\/enscmu-5.jpg 1278w\" sizes=\"auto, (max-width: 750px) 100vw, 750px\" \/><\/span><\/div>\n<div><\/div>\n<p>&nbsp;<\/p>\n<p>Consultez les portraits d&rsquo;anciens parus dans la <a href=\"https:\/\/www.enscmu.uha.fr\/index.php\/lenscmu\/lettre-dinformation\/\" target=\"_blank\" rel=\"noopener noreferrer\">lettre d&rsquo;information<\/a> de l&rsquo;ENSCMu, offrant une diversit\u00e9 de carri\u00e8res :<\/p>\n<ul>\n<li><a href=\"https:\/\/www.enscmu.uha.fr\/wp-content\/uploads\/2020\/09\/ENSCMu_Rdv-avec-un-diplo\u0302me\u0301-Romain-Hello.png\" target=\"_blank\" rel=\"noopener noreferrer\">R. Hello, dipl\u00f4m\u00e9 en 2019, entreprise MedinCell<\/a><\/li>\n<li><a href=\"https:\/\/www.enscmu.uha.fr\/wp-content\/uploads\/2020\/09\/ENSCMu_Rdv-avec-un-diplo\u0302me\u0301-Laura-Carlino.png\" target=\"_blank\" rel=\"noopener noreferrer\">L. Carlino, dipl\u00f4m\u00e9e en 2019, entreprise Adolf K\u00fchner AG<\/a><\/li>\n<li><a href=\"https:\/\/www.enscmu.uha.fr\/wp-content\/uploads\/2020\/09\/ENSCMu_rdv-avec-un-diplo\u0302me\u0301-Hajer-Abdelkafi.png\" target=\"_blank\" rel=\"noopener noreferrer\">H. Abdelkafi, dipl\u00f4m\u00e9e 2009, entreprise NovAliX<\/a><\/li>\n<li><a href=\"https:\/\/www.enscmu.uha.fr\/wp-content\/uploads\/2018\/04\/L.HUVE_.png\" target=\"_blank\" rel=\"noopener noreferrer\">L. Huve, dipl\u00f4m\u00e9 en 1998, entreprise TD WILLIAMSON<\/a><\/li>\n<li><a href=\"https:\/\/www.enscmu.uha.fr\/wp-content\/uploads\/2018\/06\/diplo\u0302me\u0301e-de-lENSCMu-en-2016-INPS.png\" target=\"_blank\" rel=\"noopener noreferrer\">Dipl\u00f4m\u00e9e en 2016, Institut National de la Police Scientifique<\/a><\/li>\n<\/ul>\n<p>Liens utiles :<\/p>\n<ul>\n<li><a href=\"https:\/\/www.lesmetiersdelachimie.com\/\" target=\"_blank\" rel=\"noopener noreferrer\">Les m\u00e9tiers de la chimie<\/a>,<\/li>\n<li><a href=\"http:\/\/www.jetravailledanslachimie.fr\/secteurs\/\" target=\"_blank\" rel=\"noopener noreferrer\">Observatoire des industries chimiques &#8211; Les secteurs de la chimie<\/a>,<\/li>\n<li><a href=\"http:\/\/www.uic.fr\/\" target=\"_blank\" rel=\"noopener noreferrer\">Union des Industries Chimiques<\/a>.<\/li>\n<li><a href=\"http:\/\/www.mediachimie.org\/espace-metiers\" target=\"_blank\" rel=\"noopener\">Mediachimie &#8211; Espace m\u00e9tiers<\/a><\/li>\n<\/ul>\n<\/div>\n<div style=\"width: 27.5%; margin-left: auto; margin-right: auto;\">Contact : Estelle LENA, charg\u00e9e de mission entreprises (taxe d&rsquo;apprentissage et partenariats), responsable observatoire de l\u2019emploi et placement<br \/>\nT\u00e9l. : +33 (0)3 89 33 68 43<br \/>\nCourriel : <a href=\"mailto:estelle.lena@uha.fr\">estelle.lena@uha.fr<\/a><\/div>\n<div><\/div>\n<\/div>\n","protected":false},"excerpt":{"rendered":"<p>M\u00e9tiers et secteurs d&rsquo;activit\u00e9s Leur formation polyvalente et pratique en chimie permet aux dipl\u00f4m\u00e9s de l\u2019ENSCMu d\u2019\u00eatre rapidement op\u00e9rationnels et d\u2019acc\u00e9der \u00e0 une grande diversit\u00e9 de carri\u00e8res, \u00e0 travers un large panel de m\u00e9tiers et de secteurs d\u2019activit\u00e9. Les dipl\u00f4m\u00e9s 2021 en poste six mois apr\u00e8s le dipl\u00f4me d\u00e9clarent : en moyenne 1 mois d\u2019attente [&hellip;]<\/p>\n","protected":false},"author":1,"featured_media":0,"parent":17,"menu_order":0,"comment_status":"closed","ping_status":"closed","template":"","meta":{"footnotes":""},"categories":[6,5],"tags":[],"class_list":["post-37","page","type-page","status-publish","hentry","category-entreprises-partenaires","category-futurs-etudiants"],"yoast_head":"<!-- This site is optimized with the Yoast SEO plugin v27.4 - https:\/\/yoast.com\/product\/yoast-seo-wordpress\/ -->\n<title>DIVERSIT\u00c9 DES CARRI\u00c8RES - ENSCMu<\/title>\n<meta name=\"description\" content=\"Les ing\u00e9nieurs chimistes de l&#039;ENSCMu acc\u00e8dent \u00e0 une grande diversit\u00e9 de carri\u00e8res. Ils occupent un large panel de m\u00e9tiers et secteurs d&#039;activit\u00e9s.\" \/>\n<meta name=\"robots\" content=\"index, follow, max-snippet:-1, max-image-preview:large, max-video-preview:-1\" \/>\n<link rel=\"canonical\" href=\"https:\/\/www.enscmu.uha.fr\/index.php\/formation\/diversite-carrieres-metiers-secteurs-activite\/\" \/>\n<meta property=\"og:locale\" content=\"fr_FR\" \/>\n<meta property=\"og:type\" content=\"article\" \/>\n<meta property=\"og:title\" content=\"DIVERSIT\u00c9 DES CARRI\u00c8RES - ENSCMu\" \/>\n<meta property=\"og:description\" content=\"Les ing\u00e9nieurs chimistes de l&#039;ENSCMu acc\u00e8dent \u00e0 une grande diversit\u00e9 de carri\u00e8res. Ils occupent un large panel de m\u00e9tiers et secteurs d&#039;activit\u00e9s.\" \/>\n<meta property=\"og:url\" content=\"https:\/\/www.enscmu.uha.fr\/index.php\/formation\/diversite-carrieres-metiers-secteurs-activite\/\" \/>\n<meta property=\"og:site_name\" content=\"ENSCMu | \u00c9cole Nationale Sup\u00e9rieure de Chimie de Mulhouse\" \/>\n<meta property=\"article:modified_time\" content=\"2025-10-21T13:33:19+00:00\" \/>\n<meta property=\"og:image\" content=\"https:\/\/www.enscmu.uha.fr\/wp-content\/uploads\/2025\/10\/ENSCMu_Metiers-secteurs_2025-26-diplomes-2024.jpg\" \/>\n\t<meta property=\"og:image:width\" content=\"886\" \/>\n\t<meta property=\"og:image:height\" content=\"591\" \/>\n\t<meta property=\"og:image:type\" content=\"image\/jpeg\" \/>\n<meta name=\"twitter:card\" content=\"summary_large_image\" \/>\n<meta name=\"twitter:label1\" content=\"Dur\u00e9e de lecture estim\u00e9e\" \/>\n\t<meta name=\"twitter:data1\" content=\"5 minutes\" \/>\n<script type=\"application\/ld+json\" class=\"yoast-schema-graph\">{\"@context\":\"https:\\\/\\\/schema.org\",\"@graph\":[{\"@type\":\"WebPage\",\"@id\":\"https:\\\/\\\/www.enscmu.uha.fr\\\/index.php\\\/formation\\\/diversite-carrieres-metiers-secteurs-activite\\\/\",\"url\":\"https:\\\/\\\/www.enscmu.uha.fr\\\/index.php\\\/formation\\\/diversite-carrieres-metiers-secteurs-activite\\\/\",\"name\":\"DIVERSIT\u00c9 DES CARRI\u00c8RES - ENSCMu\",\"isPartOf\":{\"@id\":\"https:\\\/\\\/www.enscmu.uha.fr\\\/#website\"},\"primaryImageOfPage\":{\"@id\":\"https:\\\/\\\/www.enscmu.uha.fr\\\/index.php\\\/formation\\\/diversite-carrieres-metiers-secteurs-activite\\\/#primaryimage\"},\"image\":{\"@id\":\"https:\\\/\\\/www.enscmu.uha.fr\\\/index.php\\\/formation\\\/diversite-carrieres-metiers-secteurs-activite\\\/#primaryimage\"},\"thumbnailUrl\":\"https:\\\/\\\/www.enscmu.uha.fr\\\/wp-content\\\/uploads\\\/2025\\\/10\\\/ENSCMu_Metiers-secteurs_2025-26-diplomes-2024-300x200.jpg\",\"datePublished\":\"2017-12-12T14:51:34+00:00\",\"dateModified\":\"2025-10-21T13:33:19+00:00\",\"description\":\"Les ing\u00e9nieurs chimistes de l'ENSCMu acc\u00e8dent \u00e0 une grande diversit\u00e9 de carri\u00e8res. Ils occupent un large panel de m\u00e9tiers et secteurs d'activit\u00e9s.\",\"breadcrumb\":{\"@id\":\"https:\\\/\\\/www.enscmu.uha.fr\\\/index.php\\\/formation\\\/diversite-carrieres-metiers-secteurs-activite\\\/#breadcrumb\"},\"inLanguage\":\"fr-FR\",\"potentialAction\":[{\"@type\":\"ReadAction\",\"target\":[\"https:\\\/\\\/www.enscmu.uha.fr\\\/index.php\\\/formation\\\/diversite-carrieres-metiers-secteurs-activite\\\/\"]}]},{\"@type\":\"ImageObject\",\"inLanguage\":\"fr-FR\",\"@id\":\"https:\\\/\\\/www.enscmu.uha.fr\\\/index.php\\\/formation\\\/diversite-carrieres-metiers-secteurs-activite\\\/#primaryimage\",\"url\":\"https:\\\/\\\/www.enscmu.uha.fr\\\/wp-content\\\/uploads\\\/2025\\\/10\\\/ENSCMu_Metiers-secteurs_2025-26-diplomes-2024.jpg\",\"contentUrl\":\"https:\\\/\\\/www.enscmu.uha.fr\\\/wp-content\\\/uploads\\\/2025\\\/10\\\/ENSCMu_Metiers-secteurs_2025-26-diplomes-2024.jpg\",\"width\":886,\"height\":591},{\"@type\":\"BreadcrumbList\",\"@id\":\"https:\\\/\\\/www.enscmu.uha.fr\\\/index.php\\\/formation\\\/diversite-carrieres-metiers-secteurs-activite\\\/#breadcrumb\",\"itemListElement\":[{\"@type\":\"ListItem\",\"position\":1,\"name\":\"Accueil\",\"item\":\"https:\\\/\\\/www.enscmu.uha.fr\\\/\"},{\"@type\":\"ListItem\",\"position\":2,\"name\":\"FORMATION\",\"item\":\"https:\\\/\\\/www.enscmu.uha.fr\\\/index.php\\\/formation\\\/\"},{\"@type\":\"ListItem\",\"position\":3,\"name\":\"DIVERSIT\u00c9 DES CARRI\u00c8RES\"}]},{\"@type\":\"WebSite\",\"@id\":\"https:\\\/\\\/www.enscmu.uha.fr\\\/#website\",\"url\":\"https:\\\/\\\/www.enscmu.uha.fr\\\/\",\"name\":\"ENSCMu | \u00c9cole Nationale Sup\u00e9rieure de Chimie de Mulhouse\",\"description\":\"Campus Illberg | Universit\u00e9 de Haute-Alsace\",\"potentialAction\":[{\"@type\":\"SearchAction\",\"target\":{\"@type\":\"EntryPoint\",\"urlTemplate\":\"https:\\\/\\\/www.enscmu.uha.fr\\\/?s={search_term_string}\"},\"query-input\":{\"@type\":\"PropertyValueSpecification\",\"valueRequired\":true,\"valueName\":\"search_term_string\"}}],\"inLanguage\":\"fr-FR\"}]}<\/script>\n<!-- \/ Yoast SEO plugin. -->","yoast_head_json":{"title":"DIVERSIT\u00c9 DES CARRI\u00c8RES - ENSCMu","description":"Les ing\u00e9nieurs chimistes de l'ENSCMu acc\u00e8dent \u00e0 une grande diversit\u00e9 de carri\u00e8res. Ils occupent un large panel de m\u00e9tiers et secteurs d'activit\u00e9s.","robots":{"index":"index","follow":"follow","max-snippet":"max-snippet:-1","max-image-preview":"max-image-preview:large","max-video-preview":"max-video-preview:-1"},"canonical":"https:\/\/www.enscmu.uha.fr\/index.php\/formation\/diversite-carrieres-metiers-secteurs-activite\/","og_locale":"fr_FR","og_type":"article","og_title":"DIVERSIT\u00c9 DES CARRI\u00c8RES - ENSCMu","og_description":"Les ing\u00e9nieurs chimistes de l'ENSCMu acc\u00e8dent \u00e0 une grande diversit\u00e9 de carri\u00e8res. Ils occupent un large panel de m\u00e9tiers et secteurs d'activit\u00e9s.","og_url":"https:\/\/www.enscmu.uha.fr\/index.php\/formation\/diversite-carrieres-metiers-secteurs-activite\/","og_site_name":"ENSCMu | \u00c9cole Nationale Sup\u00e9rieure de Chimie de Mulhouse","article_modified_time":"2025-10-21T13:33:19+00:00","og_image":[{"width":886,"height":591,"url":"https:\/\/www.enscmu.uha.fr\/wp-content\/uploads\/2025\/10\/ENSCMu_Metiers-secteurs_2025-26-diplomes-2024.jpg","type":"image\/jpeg"}],"twitter_card":"summary_large_image","twitter_misc":{"Dur\u00e9e de lecture estim\u00e9e":"5 minutes"},"schema":{"@context":"https:\/\/schema.org","@graph":[{"@type":"WebPage","@id":"https:\/\/www.enscmu.uha.fr\/index.php\/formation\/diversite-carrieres-metiers-secteurs-activite\/","url":"https:\/\/www.enscmu.uha.fr\/index.php\/formation\/diversite-carrieres-metiers-secteurs-activite\/","name":"DIVERSIT\u00c9 DES CARRI\u00c8RES - ENSCMu","isPartOf":{"@id":"https:\/\/www.enscmu.uha.fr\/#website"},"primaryImageOfPage":{"@id":"https:\/\/www.enscmu.uha.fr\/index.php\/formation\/diversite-carrieres-metiers-secteurs-activite\/#primaryimage"},"image":{"@id":"https:\/\/www.enscmu.uha.fr\/index.php\/formation\/diversite-carrieres-metiers-secteurs-activite\/#primaryimage"},"thumbnailUrl":"https:\/\/www.enscmu.uha.fr\/wp-content\/uploads\/2025\/10\/ENSCMu_Metiers-secteurs_2025-26-diplomes-2024-300x200.jpg","datePublished":"2017-12-12T14:51:34+00:00","dateModified":"2025-10-21T13:33:19+00:00","description":"Les ing\u00e9nieurs chimistes de l'ENSCMu acc\u00e8dent \u00e0 une grande diversit\u00e9 de carri\u00e8res. Ils occupent un large panel de m\u00e9tiers et secteurs d'activit\u00e9s.","breadcrumb":{"@id":"https:\/\/www.enscmu.uha.fr\/index.php\/formation\/diversite-carrieres-metiers-secteurs-activite\/#breadcrumb"},"inLanguage":"fr-FR","potentialAction":[{"@type":"ReadAction","target":["https:\/\/www.enscmu.uha.fr\/index.php\/formation\/diversite-carrieres-metiers-secteurs-activite\/"]}]},{"@type":"ImageObject","inLanguage":"fr-FR","@id":"https:\/\/www.enscmu.uha.fr\/index.php\/formation\/diversite-carrieres-metiers-secteurs-activite\/#primaryimage","url":"https:\/\/www.enscmu.uha.fr\/wp-content\/uploads\/2025\/10\/ENSCMu_Metiers-secteurs_2025-26-diplomes-2024.jpg","contentUrl":"https:\/\/www.enscmu.uha.fr\/wp-content\/uploads\/2025\/10\/ENSCMu_Metiers-secteurs_2025-26-diplomes-2024.jpg","width":886,"height":591},{"@type":"BreadcrumbList","@id":"https:\/\/www.enscmu.uha.fr\/index.php\/formation\/diversite-carrieres-metiers-secteurs-activite\/#breadcrumb","itemListElement":[{"@type":"ListItem","position":1,"name":"Accueil","item":"https:\/\/www.enscmu.uha.fr\/"},{"@type":"ListItem","position":2,"name":"FORMATION","item":"https:\/\/www.enscmu.uha.fr\/index.php\/formation\/"},{"@type":"ListItem","position":3,"name":"DIVERSIT\u00c9 DES CARRI\u00c8RES"}]},{"@type":"WebSite","@id":"https:\/\/www.enscmu.uha.fr\/#website","url":"https:\/\/www.enscmu.uha.fr\/","name":"ENSCMu | \u00c9cole Nationale Sup\u00e9rieure de Chimie de Mulhouse","description":"Campus Illberg | Universit\u00e9 de Haute-Alsace","potentialAction":[{"@type":"SearchAction","target":{"@type":"EntryPoint","urlTemplate":"https:\/\/www.enscmu.uha.fr\/?s={search_term_string}"},"query-input":{"@type":"PropertyValueSpecification","valueRequired":true,"valueName":"search_term_string"}}],"inLanguage":"fr-FR"}]}},"_links":{"self":[{"href":"https:\/\/www.enscmu.uha.fr\/index.php\/wp-json\/wp\/v2\/pages\/37","targetHints":{"allow":["GET"]}}],"collection":[{"href":"https:\/\/www.enscmu.uha.fr\/index.php\/wp-json\/wp\/v2\/pages"}],"about":[{"href":"https:\/\/www.enscmu.uha.fr\/index.php\/wp-json\/wp\/v2\/types\/page"}],"author":[{"embeddable":true,"href":"https:\/\/www.enscmu.uha.fr\/index.php\/wp-json\/wp\/v2\/users\/1"}],"replies":[{"embeddable":true,"href":"https:\/\/www.enscmu.uha.fr\/index.php\/wp-json\/wp\/v2\/comments?post=37"}],"version-history":[{"count":30,"href":"https:\/\/www.enscmu.uha.fr\/index.php\/wp-json\/wp\/v2\/pages\/37\/revisions"}],"predecessor-version":[{"id":5647,"href":"https:\/\/www.enscmu.uha.fr\/index.php\/wp-json\/wp\/v2\/pages\/37\/revisions\/5647"}],"up":[{"embeddable":true,"href":"https:\/\/www.enscmu.uha.fr\/index.php\/wp-json\/wp\/v2\/pages\/17"}],"wp:attachment":[{"href":"https:\/\/www.enscmu.uha.fr\/index.php\/wp-json\/wp\/v2\/media?parent=37"}],"wp:term":[{"taxonomy":"category","embeddable":true,"href":"https:\/\/www.enscmu.uha.fr\/index.php\/wp-json\/wp\/v2\/categories?post=37"},{"taxonomy":"post_tag","embeddable":true,"href":"https:\/\/www.enscmu.uha.fr\/index.php\/wp-json\/wp\/v2\/tags?post=37"}],"curies":[{"name":"wp","href":"https:\/\/api.w.org\/{rel}","templated":true}]}}