{"id":3795,"date":"2022-03-01T16:03:38","date_gmt":"2022-03-01T15:03:38","guid":{"rendered":"https:\/\/www.enscmu.uha.fr\/?page_id=3795"},"modified":"2024-09-23T17:35:29","modified_gmt":"2024-09-23T15:35:29","slug":"partenaires","status":"publish","type":"page","link":"https:\/\/www.enscmu.uha.fr\/index.php\/200-ans-de-chimie-le-programme\/partenaires\/","title":{"rendered":"ILS NOUS ONT SOUTENU"},"content":{"rendered":"<p>L&rsquo;ENSCMu a la chance de pouvoir s&rsquo;appuyer sur de nombreux soutiens dans l&rsquo;organisation et le financement des festivit\u00e9s des 200 ans de chimie. Nous tenions \u00e0 remercier l&rsquo;ensemble des parties prenantes.<\/p>\n<p>Les collectivit\u00e9s locales nous apportent leur soutien et ont bien voulu s&rsquo;associer \u00e0 la c\u00e9r\u00e9monie de lancement de cette ann\u00e9e \u00e9v\u00e9nement (<a href=\"https:\/\/www.haut-rhin.gouv.fr\/Services-de-l-Etat\/Prefecture-et-sous-prefectures\/La-sous-prefecture-de-Mulhouse\" target=\"_blank\" rel=\"noopener\">Sous-Pr\u00e9fecture de Mulhouse<\/a>, <a href=\"https:\/\/www.grandest.fr\" target=\"_blank\" rel=\"noopener\">R\u00e9gion Grand Est<\/a>, <a href=\"https:\/\/www.alsace.eu\" target=\"_blank\" rel=\"noopener\">CEA<\/a>, <a href=\"https:\/\/www.mulhouse-alsace.fr\" target=\"_blank\" rel=\"noopener\">M2A<\/a>, <a href=\"https:\/\/www.mulhouse.fr\" target=\"_blank\" rel=\"noopener\">Ville de Mulhouse<\/a>, <a href=\"https:\/\/www.sim.asso.fr\" target=\"_blank\" rel=\"noopener\">Soci\u00e9t\u00e9 Industrielle de Mulhouse<\/a>).<\/p>\n<p>L&rsquo;<a href=\"https:\/\/www.uha.fr\/fr\/index.html\" target=\"_blank\" rel=\"noopener\">Universit\u00e9 de Haute-Alsace<\/a> dont l&rsquo;ENSCMu fait partie, ainsi que le Conseil de l&rsquo;\u00c9cole s&rsquo;investissent \u00e9galement dans l&rsquo;organisation des festivit\u00e9s. Un comit\u00e9 de pilotage men\u00e9 par Herv\u00e9 Humbert, Pr\u00e9sident du Conseil d&rsquo;\u00c9cole et Directeur de l&rsquo;entreprise <a href=\"https:\/\/www.butachimie.eu\" target=\"_blank\" rel=\"noopener\">Butachimie<\/a> a \u00e9t\u00e9 mis en place en appui.<\/p>\n<p>Nous pouvons compter sur l&rsquo;appui financier de la <a href=\"https:\/\/www.fondation-enscmu.fr\" target=\"_blank\" rel=\"noopener\">Fondation pour l&rsquo;ENSCMu<\/a>, et \u00e0 travers elle de la soci\u00e9t\u00e9 Butachimie, qui ont contribu\u00e9 au projet de jeu de carte coop\u00e9ratif sur la chimie intitul\u00e9 \u00ab\u00a0Chemical links\u00a0\u00bb.<\/p>\n<p>Nous b\u00e9n\u00e9ficions \u00e9galement de l&rsquo;appui financier de la <a href=\"https:\/\/www.uha.fr\/fr\/partenariats\/fondation-partenariale-haute-alsace.html\" target=\"_blank\" rel=\"noopener\">Fondation Partenariale Haute-Alsace<\/a> et \u00e0 travers elle, de ses membres fondateurs que sont la Banque Populaire Alsace Lorraine Champagne, EDF et l&rsquo;UHA, en particulier sur le projet \u00ab\u00a0200 ans de chimie : l&rsquo;expo\u00a0\u00bb et sur la gen\u00e8se d&rsquo;un livre sur l&rsquo;histoire de l&rsquo;\u00c9cole.<\/p>\n<p>Nous comptons enfin parmi nos sponsors les entreprises <a href=\"https:\/\/www.dsm.com\/village-neuf\/fr_FR\/home.html\" target=\"_blank\" rel=\"noopener\">DSM<\/a>, <a href=\"https:\/\/www.daiichi-sankyo.fr\" target=\"_blank\" rel=\"noopener\">Daiichi-Sankyo<\/a> et le <a href=\"https:\/\/www.creditmutuel.fr\/home\/index.html\" target=\"_blank\" rel=\"noopener\">Cr\u00e9dit Mutuel<\/a>.<\/p>\n<p><img loading=\"lazy\" decoding=\"async\" class=\"alignnone wp-image-2101\" src=\"https:\/\/www.enscmu.uha.fr\/wp-content\/uploads\/2020\/02\/ENSCMu-Fondation-logo-2019-1024x282.jpg\" alt=\"\" width=\"229\" height=\"63\" srcset=\"https:\/\/www.enscmu.uha.fr\/wp-content\/uploads\/2020\/02\/ENSCMu-Fondation-logo-2019-1024x282.jpg 1024w, https:\/\/www.enscmu.uha.fr\/wp-content\/uploads\/2020\/02\/ENSCMu-Fondation-logo-2019-300x83.jpg 300w, https:\/\/www.enscmu.uha.fr\/wp-content\/uploads\/2020\/02\/ENSCMu-Fondation-logo-2019-768x212.jpg 768w, https:\/\/www.enscmu.uha.fr\/wp-content\/uploads\/2020\/02\/ENSCMu-Fondation-logo-2019-1536x423.jpg 1536w, https:\/\/www.enscmu.uha.fr\/wp-content\/uploads\/2020\/02\/ENSCMu-Fondation-logo-2019.jpg 1626w\" sizes=\"auto, (max-width: 229px) 100vw, 229px\" \/>\u00a0 <img loading=\"lazy\" decoding=\"async\" class=\"alignnone wp-image-3801\" src=\"https:\/\/www.enscmu.uha.fr\/wp-content\/uploads\/2022\/03\/LOGO-FPHA.png\" alt=\"\" width=\"204\" height=\"104\" srcset=\"https:\/\/www.enscmu.uha.fr\/wp-content\/uploads\/2022\/03\/LOGO-FPHA.png 625w, https:\/\/www.enscmu.uha.fr\/wp-content\/uploads\/2022\/03\/LOGO-FPHA-300x153.png 300w\" sizes=\"auto, (max-width: 204px) 100vw, 204px\" \/><img loading=\"lazy\" decoding=\"async\" class=\"alignleft wp-image-3800\" src=\"https:\/\/www.enscmu.uha.fr\/wp-content\/uploads\/2022\/03\/Usage-numerique_Vertical-bleu-jaune.png\" alt=\"butachimie logo\" width=\"89\" height=\"75\" srcset=\"https:\/\/www.enscmu.uha.fr\/wp-content\/uploads\/2022\/03\/Usage-numerique_Vertical-bleu-jaune.png 834w, https:\/\/www.enscmu.uha.fr\/wp-content\/uploads\/2022\/03\/Usage-numerique_Vertical-bleu-jaune-300x253.png 300w, https:\/\/www.enscmu.uha.fr\/wp-content\/uploads\/2022\/03\/Usage-numerique_Vertical-bleu-jaune-768x646.png 768w\" sizes=\"auto, (max-width: 89px) 100vw, 89px\" \/><\/p>\n<p><img loading=\"lazy\" decoding=\"async\" class=\"wp-image-3797 alignleft\" src=\"https:\/\/www.enscmu.uha.fr\/wp-content\/uploads\/2022\/03\/RVB_CREDIT_MUTUEL_CLAIM_ELAN_HD-1-1024x495.jpg\" alt=\"\" width=\"209\" height=\"101\" \/><img loading=\"lazy\" decoding=\"async\" class=\"wp-image-3798 alignleft\" src=\"https:\/\/www.enscmu.uha.fr\/wp-content\/uploads\/2022\/03\/DSM_SimplifiedLogo_FullColor-2-copie.jpg\" alt=\"\" width=\"168\" height=\"79\" srcset=\"https:\/\/www.enscmu.uha.fr\/wp-content\/uploads\/2022\/03\/DSM_SimplifiedLogo_FullColor-2-copie.jpg 693w, https:\/\/www.enscmu.uha.fr\/wp-content\/uploads\/2022\/03\/DSM_SimplifiedLogo_FullColor-2-copie-300x141.jpg 300w\" sizes=\"auto, (max-width: 168px) 100vw, 168px\" \/>\u00a0 <img loading=\"lazy\" decoding=\"async\" class=\"wp-image-3799 alignleft\" src=\"https:\/\/www.enscmu.uha.fr\/wp-content\/uploads\/2022\/03\/DS_logo_portrait_format_4color_rgb_120206-copie.jpg\" alt=\"\" width=\"122\" height=\"120\" srcset=\"https:\/\/www.enscmu.uha.fr\/wp-content\/uploads\/2022\/03\/DS_logo_portrait_format_4color_rgb_120206-copie.jpg 591w, https:\/\/www.enscmu.uha.fr\/wp-content\/uploads\/2022\/03\/DS_logo_portrait_format_4color_rgb_120206-copie-300x296.jpg 300w, https:\/\/www.enscmu.uha.fr\/wp-content\/uploads\/2022\/03\/DS_logo_portrait_format_4color_rgb_120206-copie-84x84.jpg 84w\" sizes=\"auto, (max-width: 122px) 100vw, 122px\" \/><\/p>\n<p>&nbsp;<\/p>\n<p>&nbsp;<\/p>\n<p><img loading=\"lazy\" decoding=\"async\" class=\"alignnone wp-image-3809\" src=\"https:\/\/www.enscmu.uha.fr\/wp-content\/uploads\/2022\/03\/BANQUE_POPULAIRE_ALC_LOGO_2LG_RVB-1024x293.png\" alt=\"logo-bpalc\" width=\"291\" height=\"96\" \/><\/p>\n<p><img loading=\"lazy\" decoding=\"async\" class=\"alignnone wp-image-3890 \" src=\"https:\/\/www.enscmu.uha.fr\/wp-content\/uploads\/2022\/03\/LOGO_EDF_CMJN-e1647529154333-1024x465.jpg\" alt=\"Logo EDF\" width=\"118\" height=\"54\" data-wp-editing=\"1\" srcset=\"https:\/\/www.enscmu.uha.fr\/wp-content\/uploads\/2022\/03\/LOGO_EDF_CMJN-e1647529154333-1024x465.jpg 1024w, https:\/\/www.enscmu.uha.fr\/wp-content\/uploads\/2022\/03\/LOGO_EDF_CMJN-e1647529154333-300x136.jpg 300w, https:\/\/www.enscmu.uha.fr\/wp-content\/uploads\/2022\/03\/LOGO_EDF_CMJN-e1647529154333-768x349.jpg 768w, https:\/\/www.enscmu.uha.fr\/wp-content\/uploads\/2022\/03\/LOGO_EDF_CMJN-e1647529154333-1536x697.jpg 1536w, https:\/\/www.enscmu.uha.fr\/wp-content\/uploads\/2022\/03\/LOGO_EDF_CMJN-e1647529154333.jpg 1604w\" sizes=\"auto, (max-width: 118px) 100vw, 118px\" \/><\/p>\n","protected":false},"excerpt":{"rendered":"<p>L&rsquo;ENSCMu a la chance de pouvoir s&rsquo;appuyer sur de nombreux soutiens dans l&rsquo;organisation et le financement des festivit\u00e9s des 200 ans de chimie. Nous tenions \u00e0 remercier l&rsquo;ensemble des parties prenantes. Les collectivit\u00e9s locales nous apportent leur soutien et ont bien voulu s&rsquo;associer \u00e0 la c\u00e9r\u00e9monie de lancement de cette ann\u00e9e \u00e9v\u00e9nement (Sous-Pr\u00e9fecture de Mulhouse, [&hellip;]<\/p>\n","protected":false},"author":2,"featured_media":0,"parent":3499,"menu_order":0,"comment_status":"closed","ping_status":"closed","template":"","meta":{"footnotes":""},"categories":[],"tags":[],"class_list":["post-3795","page","type-page","status-publish","hentry"],"yoast_head":"<!-- This site is optimized with the Yoast SEO plugin v27.4 - https:\/\/yoast.com\/product\/yoast-seo-wordpress\/ -->\n<title>ILS NOUS ONT SOUTENU - ENSCMu<\/title>\n<meta name=\"robots\" content=\"index, follow, max-snippet:-1, max-image-preview:large, max-video-preview:-1\" \/>\n<link rel=\"canonical\" href=\"https:\/\/www.enscmu.uha.fr\/index.php\/200-ans-de-chimie-le-programme\/partenaires\/\" \/>\n<meta property=\"og:locale\" content=\"fr_FR\" \/>\n<meta property=\"og:type\" content=\"article\" \/>\n<meta property=\"og:title\" content=\"ILS NOUS ONT SOUTENU - ENSCMu\" \/>\n<meta property=\"og:description\" content=\"L&rsquo;ENSCMu a la chance de pouvoir s&rsquo;appuyer sur de nombreux soutiens dans l&rsquo;organisation et le financement des festivit\u00e9s des 200 ans de chimie. Nous tenions \u00e0 remercier l&rsquo;ensemble des parties prenantes. Les collectivit\u00e9s locales nous apportent leur soutien et ont bien voulu s&rsquo;associer \u00e0 la c\u00e9r\u00e9monie de lancement de cette ann\u00e9e \u00e9v\u00e9nement (Sous-Pr\u00e9fecture de Mulhouse, [&hellip;]\" \/>\n<meta property=\"og:url\" content=\"https:\/\/www.enscmu.uha.fr\/index.php\/200-ans-de-chimie-le-programme\/partenaires\/\" \/>\n<meta property=\"og:site_name\" content=\"ENSCMu | \u00c9cole Nationale Sup\u00e9rieure de Chimie de Mulhouse\" \/>\n<meta property=\"article:modified_time\" content=\"2024-09-23T15:35:29+00:00\" \/>\n<meta property=\"og:image\" content=\"https:\/\/www.enscmu.uha.fr\/wp-content\/uploads\/2020\/02\/ENSCMu-Fondation-logo-2019-1024x282.jpg\" \/>\n<meta name=\"twitter:card\" content=\"summary_large_image\" \/>\n<meta name=\"twitter:label1\" content=\"Dur\u00e9e de lecture estim\u00e9e\" \/>\n\t<meta name=\"twitter:data1\" content=\"3 minutes\" \/>\n<script type=\"application\/ld+json\" class=\"yoast-schema-graph\">{\"@context\":\"https:\\\/\\\/schema.org\",\"@graph\":[{\"@type\":\"WebPage\",\"@id\":\"https:\\\/\\\/www.enscmu.uha.fr\\\/index.php\\\/200-ans-de-chimie-le-programme\\\/partenaires\\\/\",\"url\":\"https:\\\/\\\/www.enscmu.uha.fr\\\/index.php\\\/200-ans-de-chimie-le-programme\\\/partenaires\\\/\",\"name\":\"ILS NOUS ONT SOUTENU - ENSCMu\",\"isPartOf\":{\"@id\":\"https:\\\/\\\/www.enscmu.uha.fr\\\/#website\"},\"primaryImageOfPage\":{\"@id\":\"https:\\\/\\\/www.enscmu.uha.fr\\\/index.php\\\/200-ans-de-chimie-le-programme\\\/partenaires\\\/#primaryimage\"},\"image\":{\"@id\":\"https:\\\/\\\/www.enscmu.uha.fr\\\/index.php\\\/200-ans-de-chimie-le-programme\\\/partenaires\\\/#primaryimage\"},\"thumbnailUrl\":\"https:\\\/\\\/www.enscmu.uha.fr\\\/wp-content\\\/uploads\\\/2020\\\/02\\\/ENSCMu-Fondation-logo-2019-1024x282.jpg\",\"datePublished\":\"2022-03-01T15:03:38+00:00\",\"dateModified\":\"2024-09-23T15:35:29+00:00\",\"breadcrumb\":{\"@id\":\"https:\\\/\\\/www.enscmu.uha.fr\\\/index.php\\\/200-ans-de-chimie-le-programme\\\/partenaires\\\/#breadcrumb\"},\"inLanguage\":\"fr-FR\",\"potentialAction\":[{\"@type\":\"ReadAction\",\"target\":[\"https:\\\/\\\/www.enscmu.uha.fr\\\/index.php\\\/200-ans-de-chimie-le-programme\\\/partenaires\\\/\"]}]},{\"@type\":\"ImageObject\",\"inLanguage\":\"fr-FR\",\"@id\":\"https:\\\/\\\/www.enscmu.uha.fr\\\/index.php\\\/200-ans-de-chimie-le-programme\\\/partenaires\\\/#primaryimage\",\"url\":\"https:\\\/\\\/www.enscmu.uha.fr\\\/wp-content\\\/uploads\\\/2020\\\/02\\\/ENSCMu-Fondation-logo-2019.jpg\",\"contentUrl\":\"https:\\\/\\\/www.enscmu.uha.fr\\\/wp-content\\\/uploads\\\/2020\\\/02\\\/ENSCMu-Fondation-logo-2019.jpg\",\"width\":1626,\"height\":448},{\"@type\":\"BreadcrumbList\",\"@id\":\"https:\\\/\\\/www.enscmu.uha.fr\\\/index.php\\\/200-ans-de-chimie-le-programme\\\/partenaires\\\/#breadcrumb\",\"itemListElement\":[{\"@type\":\"ListItem\",\"position\":1,\"name\":\"Accueil\",\"item\":\"https:\\\/\\\/www.enscmu.uha.fr\\\/\"},{\"@type\":\"ListItem\",\"position\":2,\"name\":\"200 ANS DE CHIMIE\",\"item\":\"https:\\\/\\\/www.enscmu.uha.fr\\\/index.php\\\/200-ans-de-chimie-le-programme\\\/\"},{\"@type\":\"ListItem\",\"position\":3,\"name\":\"ILS NOUS ONT SOUTENU\"}]},{\"@type\":\"WebSite\",\"@id\":\"https:\\\/\\\/www.enscmu.uha.fr\\\/#website\",\"url\":\"https:\\\/\\\/www.enscmu.uha.fr\\\/\",\"name\":\"ENSCMu | \u00c9cole Nationale Sup\u00e9rieure de Chimie de Mulhouse\",\"description\":\"Campus Illberg | Universit\u00e9 de Haute-Alsace\",\"potentialAction\":[{\"@type\":\"SearchAction\",\"target\":{\"@type\":\"EntryPoint\",\"urlTemplate\":\"https:\\\/\\\/www.enscmu.uha.fr\\\/?s={search_term_string}\"},\"query-input\":{\"@type\":\"PropertyValueSpecification\",\"valueRequired\":true,\"valueName\":\"search_term_string\"}}],\"inLanguage\":\"fr-FR\"}]}<\/script>\n<!-- \/ Yoast SEO plugin. -->","yoast_head_json":{"title":"ILS NOUS ONT SOUTENU - ENSCMu","robots":{"index":"index","follow":"follow","max-snippet":"max-snippet:-1","max-image-preview":"max-image-preview:large","max-video-preview":"max-video-preview:-1"},"canonical":"https:\/\/www.enscmu.uha.fr\/index.php\/200-ans-de-chimie-le-programme\/partenaires\/","og_locale":"fr_FR","og_type":"article","og_title":"ILS NOUS ONT SOUTENU - ENSCMu","og_description":"L&rsquo;ENSCMu a la chance de pouvoir s&rsquo;appuyer sur de nombreux soutiens dans l&rsquo;organisation et le financement des festivit\u00e9s des 200 ans de chimie. Nous tenions \u00e0 remercier l&rsquo;ensemble des parties prenantes. Les collectivit\u00e9s locales nous apportent leur soutien et ont bien voulu s&rsquo;associer \u00e0 la c\u00e9r\u00e9monie de lancement de cette ann\u00e9e \u00e9v\u00e9nement (Sous-Pr\u00e9fecture de Mulhouse, [&hellip;]","og_url":"https:\/\/www.enscmu.uha.fr\/index.php\/200-ans-de-chimie-le-programme\/partenaires\/","og_site_name":"ENSCMu | \u00c9cole Nationale Sup\u00e9rieure de Chimie de Mulhouse","article_modified_time":"2024-09-23T15:35:29+00:00","og_image":[{"url":"https:\/\/www.enscmu.uha.fr\/wp-content\/uploads\/2020\/02\/ENSCMu-Fondation-logo-2019-1024x282.jpg","type":"","width":"","height":""}],"twitter_card":"summary_large_image","twitter_misc":{"Dur\u00e9e de lecture estim\u00e9e":"3 minutes"},"schema":{"@context":"https:\/\/schema.org","@graph":[{"@type":"WebPage","@id":"https:\/\/www.enscmu.uha.fr\/index.php\/200-ans-de-chimie-le-programme\/partenaires\/","url":"https:\/\/www.enscmu.uha.fr\/index.php\/200-ans-de-chimie-le-programme\/partenaires\/","name":"ILS NOUS ONT SOUTENU - ENSCMu","isPartOf":{"@id":"https:\/\/www.enscmu.uha.fr\/#website"},"primaryImageOfPage":{"@id":"https:\/\/www.enscmu.uha.fr\/index.php\/200-ans-de-chimie-le-programme\/partenaires\/#primaryimage"},"image":{"@id":"https:\/\/www.enscmu.uha.fr\/index.php\/200-ans-de-chimie-le-programme\/partenaires\/#primaryimage"},"thumbnailUrl":"https:\/\/www.enscmu.uha.fr\/wp-content\/uploads\/2020\/02\/ENSCMu-Fondation-logo-2019-1024x282.jpg","datePublished":"2022-03-01T15:03:38+00:00","dateModified":"2024-09-23T15:35:29+00:00","breadcrumb":{"@id":"https:\/\/www.enscmu.uha.fr\/index.php\/200-ans-de-chimie-le-programme\/partenaires\/#breadcrumb"},"inLanguage":"fr-FR","potentialAction":[{"@type":"ReadAction","target":["https:\/\/www.enscmu.uha.fr\/index.php\/200-ans-de-chimie-le-programme\/partenaires\/"]}]},{"@type":"ImageObject","inLanguage":"fr-FR","@id":"https:\/\/www.enscmu.uha.fr\/index.php\/200-ans-de-chimie-le-programme\/partenaires\/#primaryimage","url":"https:\/\/www.enscmu.uha.fr\/wp-content\/uploads\/2020\/02\/ENSCMu-Fondation-logo-2019.jpg","contentUrl":"https:\/\/www.enscmu.uha.fr\/wp-content\/uploads\/2020\/02\/ENSCMu-Fondation-logo-2019.jpg","width":1626,"height":448},{"@type":"BreadcrumbList","@id":"https:\/\/www.enscmu.uha.fr\/index.php\/200-ans-de-chimie-le-programme\/partenaires\/#breadcrumb","itemListElement":[{"@type":"ListItem","position":1,"name":"Accueil","item":"https:\/\/www.enscmu.uha.fr\/"},{"@type":"ListItem","position":2,"name":"200 ANS DE CHIMIE","item":"https:\/\/www.enscmu.uha.fr\/index.php\/200-ans-de-chimie-le-programme\/"},{"@type":"ListItem","position":3,"name":"ILS NOUS ONT SOUTENU"}]},{"@type":"WebSite","@id":"https:\/\/www.enscmu.uha.fr\/#website","url":"https:\/\/www.enscmu.uha.fr\/","name":"ENSCMu | \u00c9cole Nationale Sup\u00e9rieure de Chimie de Mulhouse","description":"Campus Illberg | Universit\u00e9 de Haute-Alsace","potentialAction":[{"@type":"SearchAction","target":{"@type":"EntryPoint","urlTemplate":"https:\/\/www.enscmu.uha.fr\/?s={search_term_string}"},"query-input":{"@type":"PropertyValueSpecification","valueRequired":true,"valueName":"search_term_string"}}],"inLanguage":"fr-FR"}]}},"_links":{"self":[{"href":"https:\/\/www.enscmu.uha.fr\/index.php\/wp-json\/wp\/v2\/pages\/3795","targetHints":{"allow":["GET"]}}],"collection":[{"href":"https:\/\/www.enscmu.uha.fr\/index.php\/wp-json\/wp\/v2\/pages"}],"about":[{"href":"https:\/\/www.enscmu.uha.fr\/index.php\/wp-json\/wp\/v2\/types\/page"}],"author":[{"embeddable":true,"href":"https:\/\/www.enscmu.uha.fr\/index.php\/wp-json\/wp\/v2\/users\/2"}],"replies":[{"embeddable":true,"href":"https:\/\/www.enscmu.uha.fr\/index.php\/wp-json\/wp\/v2\/comments?post=3795"}],"version-history":[{"count":5,"href":"https:\/\/www.enscmu.uha.fr\/index.php\/wp-json\/wp\/v2\/pages\/3795\/revisions"}],"predecessor-version":[{"id":4844,"href":"https:\/\/www.enscmu.uha.fr\/index.php\/wp-json\/wp\/v2\/pages\/3795\/revisions\/4844"}],"up":[{"embeddable":true,"href":"https:\/\/www.enscmu.uha.fr\/index.php\/wp-json\/wp\/v2\/pages\/3499"}],"wp:attachment":[{"href":"https:\/\/www.enscmu.uha.fr\/index.php\/wp-json\/wp\/v2\/media?parent=3795"}],"wp:term":[{"taxonomy":"category","embeddable":true,"href":"https:\/\/www.enscmu.uha.fr\/index.php\/wp-json\/wp\/v2\/categories?post=3795"},{"taxonomy":"post_tag","embeddable":true,"href":"https:\/\/www.enscmu.uha.fr\/index.php\/wp-json\/wp\/v2\/tags?post=3795"}],"curies":[{"name":"wp","href":"https:\/\/api.w.org\/{rel}","templated":true}]}}