{"id":3808,"date":"2022-03-03T09:04:35","date_gmt":"2022-03-03T08:04:35","guid":{"rendered":"https:\/\/www.enscmu.uha.fr\/?page_id=3808"},"modified":"2022-04-07T09:52:34","modified_gmt":"2022-04-07T07:52:34","slug":"jeu-chemical-links","status":"publish","type":"page","link":"https:\/\/www.enscmu.uha.fr\/index.php\/200-ans-de-chimie-le-programme\/jeu-chemical-links\/","title":{"rendered":"JEU CHEMICAL LINKS"},"content":{"rendered":"<div class=\"deflex main\" style=\"display: flex;\">\n<div class=\"deborder\" style=\"width: 70%; margin-left: auto; margin-right: auto; padding-right: 5%;\">\n<p>Dans le cadre de ses 200 ans d&rsquo;existence en 2022, l&rsquo;ENSCMu propose un nouveau jeu de cartes intitul\u00e9 \u201cChemical links- 200 ans de chimie : le jeu\u201d. Les liens chimiques tiennent les mol\u00e9cules ensemble et cr\u00e9ent des connections essentielles \u00e0 la vie. Avec Chemical links, partez \u00e0 leur d\u00e9couverte \u00e0 travers diff\u00e9rents th\u00e8mes, du laboratoire \u00e0 la chimie du quotidien.<\/p>\n<h1><img loading=\"lazy\" decoding=\"async\" class=\"alignnone wp-image-3811 size-medium\" src=\"https:\/\/www.enscmu.uha.fr\/wp-content\/uploads\/2022\/03\/ENSCMu_chemicallinks_boite-300x225.png\" alt=\"\u00a92022-Chemical links-ENSCMu\" width=\"300\" height=\"225\" srcset=\"https:\/\/www.enscmu.uha.fr\/wp-content\/uploads\/2022\/03\/ENSCMu_chemicallinks_boite-300x225.png 300w, https:\/\/www.enscmu.uha.fr\/wp-content\/uploads\/2022\/03\/ENSCMu_chemicallinks_boite-135x100.png 135w, https:\/\/www.enscmu.uha.fr\/wp-content\/uploads\/2022\/03\/ENSCMu_chemicallinks_boite.png 768w\" sizes=\"auto, (max-width: 300px) 100vw, 300px\" \/><\/h1>\n<h1>Pr\u00e9sentation du jeu<\/h1>\n<p>Chemical links est un jeu coop\u00e9ratif avec quatre niveaux de difficult\u00e9 possibles. Ensemble, les joueurs relient chaque carte Indice \u00e0 une carte Mot. En fin de partie, il reste une carte Mot dont il faut v\u00e9rifier le code pour savoir si la partie est gagn\u00e9e.<\/p>\n<p><img loading=\"lazy\" decoding=\"async\" class=\"wp-image-3812 size-medium alignright\" src=\"https:\/\/www.enscmu.uha.fr\/wp-content\/uploads\/2022\/03\/ENSCMu_chemicallinks_duree_joueurs_age-e1646294130868-300x57.png\" alt=\"\u00a92022-Chemical links-ENSCMu\" width=\"300\" height=\"57\" srcset=\"https:\/\/www.enscmu.uha.fr\/wp-content\/uploads\/2022\/03\/ENSCMu_chemicallinks_duree_joueurs_age-e1646294130868-300x57.png 300w, https:\/\/www.enscmu.uha.fr\/wp-content\/uploads\/2022\/03\/ENSCMu_chemicallinks_duree_joueurs_age-e1646294130868-768x147.png 768w, https:\/\/www.enscmu.uha.fr\/wp-content\/uploads\/2022\/03\/ENSCMu_chemicallinks_duree_joueurs_age-e1646294130868.png 952w\" sizes=\"auto, (max-width: 300px) 100vw, 300px\" \/>Les 52 cartes Mot abordent plusieurs th\u00e8mes de la chimie (verrerie, mol\u00e9cules, chimie du quotidien, mat\u00e9riaux, min\u00e9raux, colorants, ph\u00e9nom\u00e8nes chimiques, m\u00e9thodes, famille chimique et personnalit\u00e9s). Les niveaux de difficult\u00e9 permettent de s&rsquo;adresser \u00e0 un public vari\u00e9.<\/p>\n<p>Le jeu est disponible en fran\u00e7ais et en anglais.<\/p>\n<h1>Les concepteurs<\/h1>\n<p><img loading=\"lazy\" decoding=\"async\" class=\"wp-image-3813 size-medium alignleft\" src=\"https:\/\/www.enscmu.uha.fr\/wp-content\/uploads\/2022\/03\/ENSCMu_inauguration_1.03.22_3-1-289x300.jpg\" alt=\"ENSCMu_inauguration_1.03.22_3\" width=\"289\" height=\"300\" srcset=\"https:\/\/www.enscmu.uha.fr\/wp-content\/uploads\/2022\/03\/ENSCMu_inauguration_1.03.22_3-1-289x300.jpg 289w, https:\/\/www.enscmu.uha.fr\/wp-content\/uploads\/2022\/03\/ENSCMu_inauguration_1.03.22_3-1-768x797.jpg 768w, https:\/\/www.enscmu.uha.fr\/wp-content\/uploads\/2022\/03\/ENSCMu_inauguration_1.03.22_3-1.jpg 886w\" sizes=\"auto, (max-width: 289px) 100vw, 289px\" \/>L\u2019\u00c9cole Nationale Sup\u00e9rieure de Chimie de Mulhouse propose le jeu Chemical links pour c\u00e9l\u00e9brer ses 200 ans. Lyna Benazzouz, Louise Cousin, Louis Gruarin, Martin Loesch, Jade Marchal, Jordan Posey, Quentin Regnard, Chlo\u00e9 Reicher, Manuel Sanchez et Ga\u00eblle Vacherand, \u00e9l\u00e8ves ing\u00e9nieurs de l\u2019ENSCMu, ont travaill\u00e9 \u00e0 la conception du jeu dans le cadre de leur projet personnel de 1<sup>re<\/sup> ann\u00e9e avec Samuel Fouchard, directeur des \u00e9tudes et Audrey Alau, responsable communication. Nous les remercions pour leur investissement, de m\u00eame que la Fondation pour l\u2019ENSCMu et Butachimie pour leur soutien financier, et C\u00e9cile Bine pour son travail d\u2019illustration. Nous remercions enfin Randolph, \u00e9diteur du jeu Linkto dont Chemical Links est adapt\u00e9, pour l\u2019accord donn\u00e9 \u00e0 notre projet.<\/p>\n<p>Concept original\u2009: Jo\u00ebl Gagnon, Marie-Eve Lupien &#8211; Illustrations\u2009: C\u00e9cile Bine<br \/>\nD\u00e9veloppement et design : Samuel Fouchard, Audrey Alau.<\/p>\n<h1>Comment l&rsquo;acqu\u00e9rir ?<\/h1>\n<p>Il est possible d&rsquo;acqu\u00e9rir un ou plusieurs exemplaires du jeu en fran\u00e7ais ou en anglais dans la limite des stocks disponibles. Le tarif unitaire est de 5\u20ac (hors frais de port), commande selon les modalit\u00e9s indiqu\u00e9es dans le <a href=\"https:\/\/www.enscmu.uha.fr\/wp-content\/uploads\/2022\/03\/formulaire-commande-chemicallinks-ENSCMu-2022.03-France.pdf\" target=\"_blank\" rel=\"noopener\">formulaire de commande Chemical links<\/a> (\u00e0 renseigner quelle que soit la quantit\u00e9 souhait\u00e9e).<br \/>\n5 exemplaires gratuits sont propos\u00e9s aux \u00e9tablissements scolaires primaires et secondaires.<\/p>\n<p><a href=\"https:\/\/www.enscmu.uha.fr\/wp-content\/uploads\/2022\/04\/order-form-chemicallinks-ENSCMu-2022.04-ENGLISH.pdf\">Order form Chemical links (English)<\/a>.<\/p>\n<\/div>\n<div style=\"width: 27.5%; margin-left: auto; margin-right: auto;\">\n<p>Contact : Service communication :\u00a0<a href=\"https:\/\/www.enscmu.uha.fr\/index.php\/contacts-acces\/\">200ans.enscmu@uha.fr<\/a><\/p>\n<div class=\"su-service\"><div class=\"su-service-title\" style=\"padding-left:46px;min-height:32px;line-height:32px\"><i class=\"sui sui-download\" style=\"font-size:32px;color:#CE0075\"><\/i> \u00c0 t\u00e9l\u00e9charger<\/div><div class=\"su-service-content su-u-clearfix su-u-trim\" style=\"padding-left:46px\"><a href=\"https:\/\/www.enscmu.uha.fr\/wp-content\/uploads\/2022\/03\/formulaire-commande-chemicallinks-ENSCMu-2022.03-France.pdf\" target=\"_blank\" rel=\"noopener noreferrer\">Formulaire de commande Chemical links<\/a><\/div><\/div>\n<div class=\"su-service\"><div class=\"su-service-title\" style=\"padding-left:46px;min-height:32px;line-height:32px\"><i class=\"sui sui-download\" style=\"font-size:32px;color:#CE0075\"><\/i> Download<\/div><div class=\"su-service-content su-u-clearfix su-u-trim\" style=\"padding-left:46px\"><a href=\"https:\/\/www.enscmu.uha.fr\/wp-content\/uploads\/2022\/04\/order-form-chemicallinks-ENSCMu-2022.04-ENGLISH.pdf\" target=\"_blank\" rel=\"noopener noreferrer\">Order form Chemical links (English)<\/a><\/div><\/div>\n<\/div>\n<\/div>\n<div><\/div>\n<div class=\"deflex main\" style=\"display: flex;\">\n<div><\/div>\n<\/div>\n","protected":false},"excerpt":{"rendered":"<p>Dans le cadre de ses 200 ans d&rsquo;existence en 2022, l&rsquo;ENSCMu propose un nouveau jeu de cartes intitul\u00e9 \u201cChemical links- 200 ans de chimie : le jeu\u201d. Les liens chimiques tiennent les mol\u00e9cules ensemble et cr\u00e9ent des connections essentielles \u00e0 la vie. Avec Chemical links, partez \u00e0 leur d\u00e9couverte \u00e0 travers diff\u00e9rents th\u00e8mes, du laboratoire [&hellip;]<\/p>\n","protected":false},"author":2,"featured_media":3811,"parent":3499,"menu_order":2,"comment_status":"closed","ping_status":"closed","template":"","meta":{"footnotes":""},"categories":[],"tags":[],"class_list":["post-3808","page","type-page","status-publish","has-post-thumbnail","hentry"],"yoast_head":"<!-- This site is optimized with the Yoast SEO plugin v27.4 - https:\/\/yoast.com\/product\/yoast-seo-wordpress\/ -->\n<title>JEU CHEMICAL LINKS - ENSCMu<\/title>\n<meta name=\"description\" content=\"jeu 200 ans de chimie Chemical links ENSCMu\" \/>\n<meta name=\"robots\" content=\"index, follow, max-snippet:-1, max-image-preview:large, max-video-preview:-1\" \/>\n<link rel=\"canonical\" href=\"https:\/\/www.enscmu.uha.fr\/index.php\/200-ans-de-chimie-le-programme\/jeu-chemical-links\/\" \/>\n<meta property=\"og:locale\" content=\"fr_FR\" \/>\n<meta property=\"og:type\" content=\"article\" \/>\n<meta property=\"og:title\" content=\"JEU CHEMICAL LINKS - ENSCMu\" \/>\n<meta property=\"og:description\" content=\"jeu 200 ans de chimie Chemical links ENSCMu\" \/>\n<meta property=\"og:url\" content=\"https:\/\/www.enscmu.uha.fr\/index.php\/200-ans-de-chimie-le-programme\/jeu-chemical-links\/\" \/>\n<meta property=\"og:site_name\" content=\"ENSCMu | \u00c9cole Nationale Sup\u00e9rieure de Chimie de Mulhouse\" \/>\n<meta property=\"article:modified_time\" content=\"2022-04-07T07:52:34+00:00\" \/>\n<meta property=\"og:image\" content=\"https:\/\/www.enscmu.uha.fr\/wp-content\/uploads\/2022\/03\/ENSCMu_chemicallinks_boite.png\" \/>\n\t<meta property=\"og:image:width\" content=\"768\" \/>\n\t<meta property=\"og:image:height\" content=\"576\" \/>\n\t<meta property=\"og:image:type\" content=\"image\/png\" \/>\n<meta name=\"twitter:card\" content=\"summary_large_image\" \/>\n<meta name=\"twitter:label1\" content=\"Dur\u00e9e de lecture estim\u00e9e\" \/>\n\t<meta name=\"twitter:data1\" content=\"3 minutes\" \/>\n<script type=\"application\/ld+json\" class=\"yoast-schema-graph\">{\"@context\":\"https:\\\/\\\/schema.org\",\"@graph\":[{\"@type\":\"WebPage\",\"@id\":\"https:\\\/\\\/www.enscmu.uha.fr\\\/index.php\\\/200-ans-de-chimie-le-programme\\\/jeu-chemical-links\\\/\",\"url\":\"https:\\\/\\\/www.enscmu.uha.fr\\\/index.php\\\/200-ans-de-chimie-le-programme\\\/jeu-chemical-links\\\/\",\"name\":\"JEU CHEMICAL LINKS - ENSCMu\",\"isPartOf\":{\"@id\":\"https:\\\/\\\/www.enscmu.uha.fr\\\/#website\"},\"primaryImageOfPage\":{\"@id\":\"https:\\\/\\\/www.enscmu.uha.fr\\\/index.php\\\/200-ans-de-chimie-le-programme\\\/jeu-chemical-links\\\/#primaryimage\"},\"image\":{\"@id\":\"https:\\\/\\\/www.enscmu.uha.fr\\\/index.php\\\/200-ans-de-chimie-le-programme\\\/jeu-chemical-links\\\/#primaryimage\"},\"thumbnailUrl\":\"https:\\\/\\\/www.enscmu.uha.fr\\\/wp-content\\\/uploads\\\/2022\\\/03\\\/ENSCMu_chemicallinks_boite.png\",\"datePublished\":\"2022-03-03T08:04:35+00:00\",\"dateModified\":\"2022-04-07T07:52:34+00:00\",\"description\":\"jeu 200 ans de chimie Chemical links ENSCMu\",\"breadcrumb\":{\"@id\":\"https:\\\/\\\/www.enscmu.uha.fr\\\/index.php\\\/200-ans-de-chimie-le-programme\\\/jeu-chemical-links\\\/#breadcrumb\"},\"inLanguage\":\"fr-FR\",\"potentialAction\":[{\"@type\":\"ReadAction\",\"target\":[\"https:\\\/\\\/www.enscmu.uha.fr\\\/index.php\\\/200-ans-de-chimie-le-programme\\\/jeu-chemical-links\\\/\"]}]},{\"@type\":\"ImageObject\",\"inLanguage\":\"fr-FR\",\"@id\":\"https:\\\/\\\/www.enscmu.uha.fr\\\/index.php\\\/200-ans-de-chimie-le-programme\\\/jeu-chemical-links\\\/#primaryimage\",\"url\":\"https:\\\/\\\/www.enscmu.uha.fr\\\/wp-content\\\/uploads\\\/2022\\\/03\\\/ENSCMu_chemicallinks_boite.png\",\"contentUrl\":\"https:\\\/\\\/www.enscmu.uha.fr\\\/wp-content\\\/uploads\\\/2022\\\/03\\\/ENSCMu_chemicallinks_boite.png\",\"width\":768,\"height\":576,\"caption\":\"jeu chemical links ENSCMu 200 ans de chimie\"},{\"@type\":\"BreadcrumbList\",\"@id\":\"https:\\\/\\\/www.enscmu.uha.fr\\\/index.php\\\/200-ans-de-chimie-le-programme\\\/jeu-chemical-links\\\/#breadcrumb\",\"itemListElement\":[{\"@type\":\"ListItem\",\"position\":1,\"name\":\"Accueil\",\"item\":\"https:\\\/\\\/www.enscmu.uha.fr\\\/\"},{\"@type\":\"ListItem\",\"position\":2,\"name\":\"200 ANS DE CHIMIE\",\"item\":\"https:\\\/\\\/www.enscmu.uha.fr\\\/index.php\\\/200-ans-de-chimie-le-programme\\\/\"},{\"@type\":\"ListItem\",\"position\":3,\"name\":\"JEU CHEMICAL LINKS\"}]},{\"@type\":\"WebSite\",\"@id\":\"https:\\\/\\\/www.enscmu.uha.fr\\\/#website\",\"url\":\"https:\\\/\\\/www.enscmu.uha.fr\\\/\",\"name\":\"ENSCMu | \u00c9cole Nationale Sup\u00e9rieure de Chimie de Mulhouse\",\"description\":\"Campus Illberg | Universit\u00e9 de Haute-Alsace\",\"potentialAction\":[{\"@type\":\"SearchAction\",\"target\":{\"@type\":\"EntryPoint\",\"urlTemplate\":\"https:\\\/\\\/www.enscmu.uha.fr\\\/?s={search_term_string}\"},\"query-input\":{\"@type\":\"PropertyValueSpecification\",\"valueRequired\":true,\"valueName\":\"search_term_string\"}}],\"inLanguage\":\"fr-FR\"}]}<\/script>\n<!-- \/ Yoast SEO plugin. -->","yoast_head_json":{"title":"JEU CHEMICAL LINKS - ENSCMu","description":"jeu 200 ans de chimie Chemical links ENSCMu","robots":{"index":"index","follow":"follow","max-snippet":"max-snippet:-1","max-image-preview":"max-image-preview:large","max-video-preview":"max-video-preview:-1"},"canonical":"https:\/\/www.enscmu.uha.fr\/index.php\/200-ans-de-chimie-le-programme\/jeu-chemical-links\/","og_locale":"fr_FR","og_type":"article","og_title":"JEU CHEMICAL LINKS - ENSCMu","og_description":"jeu 200 ans de chimie Chemical links ENSCMu","og_url":"https:\/\/www.enscmu.uha.fr\/index.php\/200-ans-de-chimie-le-programme\/jeu-chemical-links\/","og_site_name":"ENSCMu | \u00c9cole Nationale Sup\u00e9rieure de Chimie de Mulhouse","article_modified_time":"2022-04-07T07:52:34+00:00","og_image":[{"width":768,"height":576,"url":"https:\/\/www.enscmu.uha.fr\/wp-content\/uploads\/2022\/03\/ENSCMu_chemicallinks_boite.png","type":"image\/png"}],"twitter_card":"summary_large_image","twitter_misc":{"Dur\u00e9e de lecture estim\u00e9e":"3 minutes"},"schema":{"@context":"https:\/\/schema.org","@graph":[{"@type":"WebPage","@id":"https:\/\/www.enscmu.uha.fr\/index.php\/200-ans-de-chimie-le-programme\/jeu-chemical-links\/","url":"https:\/\/www.enscmu.uha.fr\/index.php\/200-ans-de-chimie-le-programme\/jeu-chemical-links\/","name":"JEU CHEMICAL LINKS - ENSCMu","isPartOf":{"@id":"https:\/\/www.enscmu.uha.fr\/#website"},"primaryImageOfPage":{"@id":"https:\/\/www.enscmu.uha.fr\/index.php\/200-ans-de-chimie-le-programme\/jeu-chemical-links\/#primaryimage"},"image":{"@id":"https:\/\/www.enscmu.uha.fr\/index.php\/200-ans-de-chimie-le-programme\/jeu-chemical-links\/#primaryimage"},"thumbnailUrl":"https:\/\/www.enscmu.uha.fr\/wp-content\/uploads\/2022\/03\/ENSCMu_chemicallinks_boite.png","datePublished":"2022-03-03T08:04:35+00:00","dateModified":"2022-04-07T07:52:34+00:00","description":"jeu 200 ans de chimie Chemical links ENSCMu","breadcrumb":{"@id":"https:\/\/www.enscmu.uha.fr\/index.php\/200-ans-de-chimie-le-programme\/jeu-chemical-links\/#breadcrumb"},"inLanguage":"fr-FR","potentialAction":[{"@type":"ReadAction","target":["https:\/\/www.enscmu.uha.fr\/index.php\/200-ans-de-chimie-le-programme\/jeu-chemical-links\/"]}]},{"@type":"ImageObject","inLanguage":"fr-FR","@id":"https:\/\/www.enscmu.uha.fr\/index.php\/200-ans-de-chimie-le-programme\/jeu-chemical-links\/#primaryimage","url":"https:\/\/www.enscmu.uha.fr\/wp-content\/uploads\/2022\/03\/ENSCMu_chemicallinks_boite.png","contentUrl":"https:\/\/www.enscmu.uha.fr\/wp-content\/uploads\/2022\/03\/ENSCMu_chemicallinks_boite.png","width":768,"height":576,"caption":"jeu chemical links ENSCMu 200 ans de chimie"},{"@type":"BreadcrumbList","@id":"https:\/\/www.enscmu.uha.fr\/index.php\/200-ans-de-chimie-le-programme\/jeu-chemical-links\/#breadcrumb","itemListElement":[{"@type":"ListItem","position":1,"name":"Accueil","item":"https:\/\/www.enscmu.uha.fr\/"},{"@type":"ListItem","position":2,"name":"200 ANS DE CHIMIE","item":"https:\/\/www.enscmu.uha.fr\/index.php\/200-ans-de-chimie-le-programme\/"},{"@type":"ListItem","position":3,"name":"JEU CHEMICAL LINKS"}]},{"@type":"WebSite","@id":"https:\/\/www.enscmu.uha.fr\/#website","url":"https:\/\/www.enscmu.uha.fr\/","name":"ENSCMu | \u00c9cole Nationale Sup\u00e9rieure de Chimie de Mulhouse","description":"Campus Illberg | Universit\u00e9 de Haute-Alsace","potentialAction":[{"@type":"SearchAction","target":{"@type":"EntryPoint","urlTemplate":"https:\/\/www.enscmu.uha.fr\/?s={search_term_string}"},"query-input":{"@type":"PropertyValueSpecification","valueRequired":true,"valueName":"search_term_string"}}],"inLanguage":"fr-FR"}]}},"_links":{"self":[{"href":"https:\/\/www.enscmu.uha.fr\/index.php\/wp-json\/wp\/v2\/pages\/3808","targetHints":{"allow":["GET"]}}],"collection":[{"href":"https:\/\/www.enscmu.uha.fr\/index.php\/wp-json\/wp\/v2\/pages"}],"about":[{"href":"https:\/\/www.enscmu.uha.fr\/index.php\/wp-json\/wp\/v2\/types\/page"}],"author":[{"embeddable":true,"href":"https:\/\/www.enscmu.uha.fr\/index.php\/wp-json\/wp\/v2\/users\/2"}],"replies":[{"embeddable":true,"href":"https:\/\/www.enscmu.uha.fr\/index.php\/wp-json\/wp\/v2\/comments?post=3808"}],"version-history":[{"count":11,"href":"https:\/\/www.enscmu.uha.fr\/index.php\/wp-json\/wp\/v2\/pages\/3808\/revisions"}],"predecessor-version":[{"id":3975,"href":"https:\/\/www.enscmu.uha.fr\/index.php\/wp-json\/wp\/v2\/pages\/3808\/revisions\/3975"}],"up":[{"embeddable":true,"href":"https:\/\/www.enscmu.uha.fr\/index.php\/wp-json\/wp\/v2\/pages\/3499"}],"wp:featuredmedia":[{"embeddable":true,"href":"https:\/\/www.enscmu.uha.fr\/index.php\/wp-json\/wp\/v2\/media\/3811"}],"wp:attachment":[{"href":"https:\/\/www.enscmu.uha.fr\/index.php\/wp-json\/wp\/v2\/media?parent=3808"}],"wp:term":[{"taxonomy":"category","embeddable":true,"href":"https:\/\/www.enscmu.uha.fr\/index.php\/wp-json\/wp\/v2\/categories?post=3808"},{"taxonomy":"post_tag","embeddable":true,"href":"https:\/\/www.enscmu.uha.fr\/index.php\/wp-json\/wp\/v2\/tags?post=3808"}],"curies":[{"name":"wp","href":"https:\/\/api.w.org\/{rel}","templated":true}]}}