{"id":3818,"date":"2022-03-03T09:42:51","date_gmt":"2022-03-03T08:42:51","guid":{"rendered":"https:\/\/www.enscmu.uha.fr\/?page_id=3818"},"modified":"2025-03-20T16:45:26","modified_gmt":"2025-03-20T15:45:26","slug":"200-ans-de-chimie-lexpo","status":"publish","type":"page","link":"https:\/\/www.enscmu.uha.fr\/index.php\/200-ans-de-chimie-le-programme\/200-ans-de-chimie-lexpo\/","title":{"rendered":"200 ANS DE CHIMIE : L&rsquo;EXPO"},"content":{"rendered":"<p><img loading=\"lazy\" decoding=\"async\" class=\"wp-image-3820 size-medium alignleft\" src=\"https:\/\/www.enscmu.uha.fr\/wp-content\/uploads\/2022\/03\/cartels_ourse_visuel_expo-300x234.png\" alt=\"200ansdechimie_lexpo\" width=\"300\" height=\"234\" srcset=\"https:\/\/www.enscmu.uha.fr\/wp-content\/uploads\/2022\/03\/cartels_ourse_visuel_expo-300x234.png 300w, https:\/\/www.enscmu.uha.fr\/wp-content\/uploads\/2022\/03\/cartels_ourse_visuel_expo-1024x800.png 1024w, https:\/\/www.enscmu.uha.fr\/wp-content\/uploads\/2022\/03\/cartels_ourse_visuel_expo-768x600.png 768w, https:\/\/www.enscmu.uha.fr\/wp-content\/uploads\/2022\/03\/cartels_ourse_visuel_expo-1536x1200.png 1536w, https:\/\/www.enscmu.uha.fr\/wp-content\/uploads\/2022\/03\/cartels_ourse_visuel_expo.png 2016w\" sizes=\"auto, (max-width: 300px) 100vw, 300px\" \/>Le projet d&rsquo;exposition est n\u00e9 de la volont\u00e9 de l&rsquo;ENSCMu de c\u00e9l\u00e9brer ses 200 ans d&rsquo;existence en 2022.<\/p>\n<p>\u201c200 ans de chimie : l\u2019expo\u201d, sans pr\u00e9tendre \u00e0 l\u2019exhaustivit\u00e9, reprend les grandes lignes de l\u2019histoire de l\u2019\u00c9cole \u00e0 travers plusieurs th\u00e9matiques : b\u00e2timents, directeur\u00b7rices, recherches phares, parcours d\u2019anciens, \u00e9volution de la p\u00e9dagogie, vie \u00e9tudiante&#8230;<\/p>\n<p>L\u2019exposition panneaux, \u00e0 la fois ludique et facile \u00e0 visiter en autonomie, est pr\u00e9sent\u00e9e \u00e0 l\u2019ENSCMu au mois de mars 2022 pour le public de l\u2019UHA. Puis elle circulera toute l\u2019ann\u00e9e dans diff\u00e9rents lieux d\u2019exposition mulhousiens (calendrier mis \u00e0 jour au besoin sur cette page) :<\/p>\n<ul>\n<li>au <a href=\"https:\/\/www.musee-impression.com\" target=\"_blank\" rel=\"noopener\">Mus\u00e9e de l&rsquo;impression sur \u00e9toffes<\/a> du 5 avril au 2 juin en particulier<\/li>\n<li>\u00e0 la <a href=\"https:\/\/www.mulhouse.fr\/bouger-sortir\/culture\/maison-patrimoine\/\" target=\"_blank\" rel=\"noopener\">Maison du Patrimoine<\/a> du 11 juillet au 15 septembre<\/li>\n<li>\u00e0 la <a href=\"http:\/\/www.nef-sciences.fr\" target=\"_blank\" rel=\"noopener\">Nef des Sciences<\/a> du 4 octobre au 9 d\u00e9cembre.<\/li>\n<\/ul>\n<p>\u201c200 ans de chimie : l\u2019expo\u201d est une production de l&rsquo;ENSCMu associ\u00e9e \u00e0 la Nef des Sciences. Elle a mobilis\u00e9 plusieurs membres de l\u2019\u00c9cole pour travailler sur les contenus pr\u00e9sent\u00e9s (Audrey Alau, Magali Bonne, Annick Kurtz, Samuel Fouchard, Jean-Philippe Goddard), avec la contribution de deux anciens directeurs, Jean-Michel Chezeau et Serge Neunlist. Elle a b\u00e9n\u00e9fici\u00e9 du soutien financier de la <a href=\"https:\/\/www.uha.fr\/fr\/partenariats\/fondation-partenariale-haute-alsace.html\" target=\"_blank\" rel=\"noopener\">Fondation partenariale Haute-Alsace<\/a> et \u00e0 travers elle, de ses membres fondateurs que sont la Banque Populaire Alsace Lorraine Champagne, EDF et l\u2019UHA.<\/p>\n<p><img loading=\"lazy\" decoding=\"async\" class=\"alignnone size-large wp-image-3819\" src=\"https:\/\/www.enscmu.uha.fr\/wp-content\/uploads\/2022\/03\/200ansdechimie-expo_ourse_ENSCMu_03.2022-1024x800.png\" alt=\"Ourse exposition 200 ans de chimie ENSCMu\" width=\"750\" height=\"586\" srcset=\"https:\/\/www.enscmu.uha.fr\/wp-content\/uploads\/2022\/03\/200ansdechimie-expo_ourse_ENSCMu_03.2022-1024x800.png 1024w, https:\/\/www.enscmu.uha.fr\/wp-content\/uploads\/2022\/03\/200ansdechimie-expo_ourse_ENSCMu_03.2022-300x234.png 300w, https:\/\/www.enscmu.uha.fr\/wp-content\/uploads\/2022\/03\/200ansdechimie-expo_ourse_ENSCMu_03.2022-768x600.png 768w, https:\/\/www.enscmu.uha.fr\/wp-content\/uploads\/2022\/03\/200ansdechimie-expo_ourse_ENSCMu_03.2022-1536x1199.png 1536w, https:\/\/www.enscmu.uha.fr\/wp-content\/uploads\/2022\/03\/200ansdechimie-expo_ourse_ENSCMu_03.2022.png 1560w\" sizes=\"auto, (max-width: 750px) 100vw, 750px\" \/><\/p>\n<p>Cette exposition a \u00e9t\u00e9 compl\u00e9t\u00e9e par un livre sur l\u2019histoire de l\u2019\u00c9cole, \u00ab\u00a0<a href=\"https:\/\/mediapop-editions.fr\/catalogue\/lecole-de-chimie-de-mulhouse-lingenieuse-depuis-1822\/\" target=\"_blank\" rel=\"noopener\">L&rsquo;ing\u00e9nieuse, depuis 1822<\/a>\u00a0\u00bb pr\u00e9par\u00e9 sous la houlette de l\u2019historien R\u00e9gis BOULAT. Paru en novembre 2022, cet ouvrage s\u2019attache \u00e0 pr\u00e9senter ces 200 ans d\u2019histoire de mani\u00e8re plus compl\u00e8te.<\/p>\n","protected":false},"excerpt":{"rendered":"<p>Le projet d&rsquo;exposition est n\u00e9 de la volont\u00e9 de l&rsquo;ENSCMu de c\u00e9l\u00e9brer ses 200 ans d&rsquo;existence en 2022. \u201c200 ans de chimie : l\u2019expo\u201d, sans pr\u00e9tendre \u00e0 l\u2019exhaustivit\u00e9, reprend les grandes lignes de l\u2019histoire de l\u2019\u00c9cole \u00e0 travers plusieurs th\u00e9matiques : b\u00e2timents, directeur\u00b7rices, recherches phares, parcours d\u2019anciens, \u00e9volution de la p\u00e9dagogie, vie \u00e9tudiante&#8230; L\u2019exposition panneaux, [&hellip;]<\/p>\n","protected":false},"author":2,"featured_media":0,"parent":3499,"menu_order":3,"comment_status":"closed","ping_status":"closed","template":"","meta":{"footnotes":""},"categories":[],"tags":[],"class_list":["post-3818","page","type-page","status-publish","hentry"],"yoast_head":"<!-- This site is optimized with the Yoast SEO plugin v27.4 - https:\/\/yoast.com\/product\/yoast-seo-wordpress\/ -->\n<title>200 ANS DE CHIMIE : L&#039;EXPO - ENSCMu<\/title>\n<meta name=\"robots\" content=\"index, follow, max-snippet:-1, max-image-preview:large, max-video-preview:-1\" \/>\n<link rel=\"canonical\" href=\"https:\/\/www.enscmu.uha.fr\/index.php\/200-ans-de-chimie-le-programme\/200-ans-de-chimie-lexpo\/\" \/>\n<meta property=\"og:locale\" content=\"fr_FR\" \/>\n<meta property=\"og:type\" content=\"article\" \/>\n<meta property=\"og:title\" content=\"200 ANS DE CHIMIE : L&#039;EXPO - ENSCMu\" \/>\n<meta property=\"og:description\" content=\"Le projet d&rsquo;exposition est n\u00e9 de la volont\u00e9 de l&rsquo;ENSCMu de c\u00e9l\u00e9brer ses 200 ans d&rsquo;existence en 2022. \u201c200 ans de chimie : l\u2019expo\u201d, sans pr\u00e9tendre \u00e0 l\u2019exhaustivit\u00e9, reprend les grandes lignes de l\u2019histoire de l\u2019\u00c9cole \u00e0 travers plusieurs th\u00e9matiques : b\u00e2timents, directeur\u00b7rices, recherches phares, parcours d\u2019anciens, \u00e9volution de la p\u00e9dagogie, vie \u00e9tudiante&#8230; L\u2019exposition panneaux, [&hellip;]\" \/>\n<meta property=\"og:url\" content=\"https:\/\/www.enscmu.uha.fr\/index.php\/200-ans-de-chimie-le-programme\/200-ans-de-chimie-lexpo\/\" \/>\n<meta property=\"og:site_name\" content=\"ENSCMu | \u00c9cole Nationale Sup\u00e9rieure de Chimie de Mulhouse\" \/>\n<meta property=\"article:modified_time\" content=\"2025-03-20T15:45:26+00:00\" \/>\n<meta property=\"og:image\" content=\"https:\/\/www.enscmu.uha.fr\/wp-content\/uploads\/2022\/03\/cartels_ourse_visuel_expo.png\" \/>\n\t<meta property=\"og:image:width\" content=\"2016\" \/>\n\t<meta property=\"og:image:height\" content=\"1575\" \/>\n\t<meta property=\"og:image:type\" content=\"image\/png\" \/>\n<meta name=\"twitter:card\" content=\"summary_large_image\" \/>\n<meta name=\"twitter:label1\" content=\"Dur\u00e9e de lecture estim\u00e9e\" \/>\n\t<meta name=\"twitter:data1\" content=\"2 minutes\" \/>\n<script type=\"application\/ld+json\" class=\"yoast-schema-graph\">{\"@context\":\"https:\\\/\\\/schema.org\",\"@graph\":[{\"@type\":\"WebPage\",\"@id\":\"https:\\\/\\\/www.enscmu.uha.fr\\\/index.php\\\/200-ans-de-chimie-le-programme\\\/200-ans-de-chimie-lexpo\\\/\",\"url\":\"https:\\\/\\\/www.enscmu.uha.fr\\\/index.php\\\/200-ans-de-chimie-le-programme\\\/200-ans-de-chimie-lexpo\\\/\",\"name\":\"200 ANS DE CHIMIE : L'EXPO - ENSCMu\",\"isPartOf\":{\"@id\":\"https:\\\/\\\/www.enscmu.uha.fr\\\/#website\"},\"primaryImageOfPage\":{\"@id\":\"https:\\\/\\\/www.enscmu.uha.fr\\\/index.php\\\/200-ans-de-chimie-le-programme\\\/200-ans-de-chimie-lexpo\\\/#primaryimage\"},\"image\":{\"@id\":\"https:\\\/\\\/www.enscmu.uha.fr\\\/index.php\\\/200-ans-de-chimie-le-programme\\\/200-ans-de-chimie-lexpo\\\/#primaryimage\"},\"thumbnailUrl\":\"https:\\\/\\\/www.enscmu.uha.fr\\\/wp-content\\\/uploads\\\/2022\\\/03\\\/cartels_ourse_visuel_expo-300x234.png\",\"datePublished\":\"2022-03-03T08:42:51+00:00\",\"dateModified\":\"2025-03-20T15:45:26+00:00\",\"breadcrumb\":{\"@id\":\"https:\\\/\\\/www.enscmu.uha.fr\\\/index.php\\\/200-ans-de-chimie-le-programme\\\/200-ans-de-chimie-lexpo\\\/#breadcrumb\"},\"inLanguage\":\"fr-FR\",\"potentialAction\":[{\"@type\":\"ReadAction\",\"target\":[\"https:\\\/\\\/www.enscmu.uha.fr\\\/index.php\\\/200-ans-de-chimie-le-programme\\\/200-ans-de-chimie-lexpo\\\/\"]}]},{\"@type\":\"ImageObject\",\"inLanguage\":\"fr-FR\",\"@id\":\"https:\\\/\\\/www.enscmu.uha.fr\\\/index.php\\\/200-ans-de-chimie-le-programme\\\/200-ans-de-chimie-lexpo\\\/#primaryimage\",\"url\":\"https:\\\/\\\/www.enscmu.uha.fr\\\/wp-content\\\/uploads\\\/2022\\\/03\\\/cartels_ourse_visuel_expo.png\",\"contentUrl\":\"https:\\\/\\\/www.enscmu.uha.fr\\\/wp-content\\\/uploads\\\/2022\\\/03\\\/cartels_ourse_visuel_expo.png\",\"width\":2016,\"height\":1575},{\"@type\":\"BreadcrumbList\",\"@id\":\"https:\\\/\\\/www.enscmu.uha.fr\\\/index.php\\\/200-ans-de-chimie-le-programme\\\/200-ans-de-chimie-lexpo\\\/#breadcrumb\",\"itemListElement\":[{\"@type\":\"ListItem\",\"position\":1,\"name\":\"Accueil\",\"item\":\"https:\\\/\\\/www.enscmu.uha.fr\\\/\"},{\"@type\":\"ListItem\",\"position\":2,\"name\":\"200 ANS DE CHIMIE\",\"item\":\"https:\\\/\\\/www.enscmu.uha.fr\\\/index.php\\\/200-ans-de-chimie-le-programme\\\/\"},{\"@type\":\"ListItem\",\"position\":3,\"name\":\"200 ANS DE CHIMIE : L&rsquo;EXPO\"}]},{\"@type\":\"WebSite\",\"@id\":\"https:\\\/\\\/www.enscmu.uha.fr\\\/#website\",\"url\":\"https:\\\/\\\/www.enscmu.uha.fr\\\/\",\"name\":\"ENSCMu | \u00c9cole Nationale Sup\u00e9rieure de Chimie de Mulhouse\",\"description\":\"Campus Illberg | Universit\u00e9 de Haute-Alsace\",\"potentialAction\":[{\"@type\":\"SearchAction\",\"target\":{\"@type\":\"EntryPoint\",\"urlTemplate\":\"https:\\\/\\\/www.enscmu.uha.fr\\\/?s={search_term_string}\"},\"query-input\":{\"@type\":\"PropertyValueSpecification\",\"valueRequired\":true,\"valueName\":\"search_term_string\"}}],\"inLanguage\":\"fr-FR\"}]}<\/script>\n<!-- \/ Yoast SEO plugin. -->","yoast_head_json":{"title":"200 ANS DE CHIMIE : L'EXPO - ENSCMu","robots":{"index":"index","follow":"follow","max-snippet":"max-snippet:-1","max-image-preview":"max-image-preview:large","max-video-preview":"max-video-preview:-1"},"canonical":"https:\/\/www.enscmu.uha.fr\/index.php\/200-ans-de-chimie-le-programme\/200-ans-de-chimie-lexpo\/","og_locale":"fr_FR","og_type":"article","og_title":"200 ANS DE CHIMIE : L'EXPO - ENSCMu","og_description":"Le projet d&rsquo;exposition est n\u00e9 de la volont\u00e9 de l&rsquo;ENSCMu de c\u00e9l\u00e9brer ses 200 ans d&rsquo;existence en 2022. \u201c200 ans de chimie : l\u2019expo\u201d, sans pr\u00e9tendre \u00e0 l\u2019exhaustivit\u00e9, reprend les grandes lignes de l\u2019histoire de l\u2019\u00c9cole \u00e0 travers plusieurs th\u00e9matiques : b\u00e2timents, directeur\u00b7rices, recherches phares, parcours d\u2019anciens, \u00e9volution de la p\u00e9dagogie, vie \u00e9tudiante&#8230; L\u2019exposition panneaux, [&hellip;]","og_url":"https:\/\/www.enscmu.uha.fr\/index.php\/200-ans-de-chimie-le-programme\/200-ans-de-chimie-lexpo\/","og_site_name":"ENSCMu | \u00c9cole Nationale Sup\u00e9rieure de Chimie de Mulhouse","article_modified_time":"2025-03-20T15:45:26+00:00","og_image":[{"width":2016,"height":1575,"url":"https:\/\/www.enscmu.uha.fr\/wp-content\/uploads\/2022\/03\/cartels_ourse_visuel_expo.png","type":"image\/png"}],"twitter_card":"summary_large_image","twitter_misc":{"Dur\u00e9e de lecture estim\u00e9e":"2 minutes"},"schema":{"@context":"https:\/\/schema.org","@graph":[{"@type":"WebPage","@id":"https:\/\/www.enscmu.uha.fr\/index.php\/200-ans-de-chimie-le-programme\/200-ans-de-chimie-lexpo\/","url":"https:\/\/www.enscmu.uha.fr\/index.php\/200-ans-de-chimie-le-programme\/200-ans-de-chimie-lexpo\/","name":"200 ANS DE CHIMIE : L'EXPO - ENSCMu","isPartOf":{"@id":"https:\/\/www.enscmu.uha.fr\/#website"},"primaryImageOfPage":{"@id":"https:\/\/www.enscmu.uha.fr\/index.php\/200-ans-de-chimie-le-programme\/200-ans-de-chimie-lexpo\/#primaryimage"},"image":{"@id":"https:\/\/www.enscmu.uha.fr\/index.php\/200-ans-de-chimie-le-programme\/200-ans-de-chimie-lexpo\/#primaryimage"},"thumbnailUrl":"https:\/\/www.enscmu.uha.fr\/wp-content\/uploads\/2022\/03\/cartels_ourse_visuel_expo-300x234.png","datePublished":"2022-03-03T08:42:51+00:00","dateModified":"2025-03-20T15:45:26+00:00","breadcrumb":{"@id":"https:\/\/www.enscmu.uha.fr\/index.php\/200-ans-de-chimie-le-programme\/200-ans-de-chimie-lexpo\/#breadcrumb"},"inLanguage":"fr-FR","potentialAction":[{"@type":"ReadAction","target":["https:\/\/www.enscmu.uha.fr\/index.php\/200-ans-de-chimie-le-programme\/200-ans-de-chimie-lexpo\/"]}]},{"@type":"ImageObject","inLanguage":"fr-FR","@id":"https:\/\/www.enscmu.uha.fr\/index.php\/200-ans-de-chimie-le-programme\/200-ans-de-chimie-lexpo\/#primaryimage","url":"https:\/\/www.enscmu.uha.fr\/wp-content\/uploads\/2022\/03\/cartels_ourse_visuel_expo.png","contentUrl":"https:\/\/www.enscmu.uha.fr\/wp-content\/uploads\/2022\/03\/cartels_ourse_visuel_expo.png","width":2016,"height":1575},{"@type":"BreadcrumbList","@id":"https:\/\/www.enscmu.uha.fr\/index.php\/200-ans-de-chimie-le-programme\/200-ans-de-chimie-lexpo\/#breadcrumb","itemListElement":[{"@type":"ListItem","position":1,"name":"Accueil","item":"https:\/\/www.enscmu.uha.fr\/"},{"@type":"ListItem","position":2,"name":"200 ANS DE CHIMIE","item":"https:\/\/www.enscmu.uha.fr\/index.php\/200-ans-de-chimie-le-programme\/"},{"@type":"ListItem","position":3,"name":"200 ANS DE CHIMIE : L&rsquo;EXPO"}]},{"@type":"WebSite","@id":"https:\/\/www.enscmu.uha.fr\/#website","url":"https:\/\/www.enscmu.uha.fr\/","name":"ENSCMu | \u00c9cole Nationale Sup\u00e9rieure de Chimie de Mulhouse","description":"Campus Illberg | Universit\u00e9 de Haute-Alsace","potentialAction":[{"@type":"SearchAction","target":{"@type":"EntryPoint","urlTemplate":"https:\/\/www.enscmu.uha.fr\/?s={search_term_string}"},"query-input":{"@type":"PropertyValueSpecification","valueRequired":true,"valueName":"search_term_string"}}],"inLanguage":"fr-FR"}]}},"_links":{"self":[{"href":"https:\/\/www.enscmu.uha.fr\/index.php\/wp-json\/wp\/v2\/pages\/3818","targetHints":{"allow":["GET"]}}],"collection":[{"href":"https:\/\/www.enscmu.uha.fr\/index.php\/wp-json\/wp\/v2\/pages"}],"about":[{"href":"https:\/\/www.enscmu.uha.fr\/index.php\/wp-json\/wp\/v2\/types\/page"}],"author":[{"embeddable":true,"href":"https:\/\/www.enscmu.uha.fr\/index.php\/wp-json\/wp\/v2\/users\/2"}],"replies":[{"embeddable":true,"href":"https:\/\/www.enscmu.uha.fr\/index.php\/wp-json\/wp\/v2\/comments?post=3818"}],"version-history":[{"count":7,"href":"https:\/\/www.enscmu.uha.fr\/index.php\/wp-json\/wp\/v2\/pages\/3818\/revisions"}],"predecessor-version":[{"id":5308,"href":"https:\/\/www.enscmu.uha.fr\/index.php\/wp-json\/wp\/v2\/pages\/3818\/revisions\/5308"}],"up":[{"embeddable":true,"href":"https:\/\/www.enscmu.uha.fr\/index.php\/wp-json\/wp\/v2\/pages\/3499"}],"wp:attachment":[{"href":"https:\/\/www.enscmu.uha.fr\/index.php\/wp-json\/wp\/v2\/media?parent=3818"}],"wp:term":[{"taxonomy":"category","embeddable":true,"href":"https:\/\/www.enscmu.uha.fr\/index.php\/wp-json\/wp\/v2\/categories?post=3818"},{"taxonomy":"post_tag","embeddable":true,"href":"https:\/\/www.enscmu.uha.fr\/index.php\/wp-json\/wp\/v2\/tags?post=3818"}],"curies":[{"name":"wp","href":"https:\/\/api.w.org\/{rel}","templated":true}]}}