{"id":39,"date":"2017-12-12T15:51:55","date_gmt":"2017-12-12T14:51:55","guid":{"rendered":"https:\/\/www.enscmu.uha.fr\/?page_id=39"},"modified":"2026-03-02T11:41:39","modified_gmt":"2026-03-02T10:41:39","slug":"doubles-diplomes-master-et-licence","status":"publish","type":"page","link":"https:\/\/www.enscmu.uha.fr\/index.php\/formation\/doubles-diplomes-master-et-licence\/","title":{"rendered":"DOUBLES DIPL\u00d4MES MASTER ET LICENCE"},"content":{"rendered":"<div class=\"deflex main\" style=\"display: flex;\">\n<div class=\"deborder\" style=\"width: 70%; margin-left: auto; margin-right: auto; padding-right: 5%;\">\n<figure id=\"attachment_761\" aria-describedby=\"caption-attachment-761\" style=\"width: 300px\" class=\"wp-caption alignright\"><a href=\"https:\/\/www.enscmu.uha.fr\/index.php\/formation\/doubles-diplomes-master-et-licence\/dsc08492-bis\/\" rel=\"attachment wp-att-761\"><img loading=\"lazy\" decoding=\"async\" class=\"wp-image-761 size-medium\" src=\"https:\/\/www.enscmu.uha.fr\/wp-content\/uploads\/2018\/01\/DSC08492-bis-300x200.jpg\" alt=\"Campus Illberg\" width=\"300\" height=\"200\" srcset=\"https:\/\/www.enscmu.uha.fr\/wp-content\/uploads\/2018\/01\/DSC08492-bis-300x200.jpg 300w, https:\/\/www.enscmu.uha.fr\/wp-content\/uploads\/2018\/01\/DSC08492-bis-768x512.jpg 768w, https:\/\/www.enscmu.uha.fr\/wp-content\/uploads\/2018\/01\/DSC08492-bis-1024x683.jpg 1024w\" sizes=\"auto, (max-width: 300px) 100vw, 300px\" \/><\/a><figcaption id=\"caption-attachment-761\" class=\"wp-caption-text\">Campus Illberg<\/figcaption><\/figure>\n<p>Les \u00e9l\u00e8ves de l\u2019ENSCMu ont acc\u00e8s \u00e0 des doubles dipl\u00f4mes au cours de leur cycle ing\u00e9nieur \u00e0 l&rsquo;ENSCMu. En effet ils peuvent pr\u00e9parer ces dipl\u00f4mes de Licence ou de Master de l\u2019Universit\u00e9 de Haute-Alsace parall\u00e8lement \u00e0 la 1<sup>re<\/sup> ou \u00e0 la 3<sup>e<\/sup> ann\u00e9e de cycle ing\u00e9nieur\u00a0:<\/p>\n<ul>\n<li><a href=\"http:\/\/www.fst.uha.fr\/index.php\/formations\/licences\/licence-chimie\/\" target=\"_blank\" rel=\"noopener noreferrer\">Licence de chimie<\/a>,<\/li>\n<li><a href=\"https:\/\/www.fst.uha.fr\/index.php\/formations\/masters\/master-de-chimie-moleculaire-et-macro-moleculaire\/\" target=\"_blank\" rel=\"noopener noreferrer\">Master chimie &#8211; parcours chimie mol\u00e9culaire et macro-mol\u00e9culaire<\/a>, <span id=\"OBJ_PREFIX_DWT1484_com_zimbra_url\" class=\"Object\" role=\"link\"><span id=\"OBJ_PREFIX_DWT1491_com_zimbra_url\" class=\"Object\" role=\"link\"><\/span><\/span><\/li>\n<li><a href=\"https:\/\/www.fst.uha.fr\/index.php\/formations\/masters\/sciences-et-genie-des-materiaux\/\" target=\"_blank\" rel=\"noopener noreferrer\">Master science et g\u00e9nie des mat\u00e9riaux<\/a> &#8211; 2 parcours :<br \/>\n&#8211; Formulation et cosm\u00e9tologie<br \/>\n&#8211; Mat\u00e9riaux<\/li>\n<\/ul>\n<p>Il s&rsquo;agit d&rsquo;une double-inscription qui a lieu au mois d&rsquo;octobre. Elle donne lieu \u00e0 des droits de scolarit\u00e9 r\u00e9duits.<\/p>\n<p>Pour conna\u00eetre les modalit\u00e9s et les co\u00fbts de ces doubles-inscriptions, contacter la scolarit\u00e9 de l&rsquo;ENSCMu.<\/p>\n<p>Les dipl\u00f4mes de licence et master sont d\u00e9livr\u00e9s par la scolarit\u00e9 centrale de l&rsquo;UHA et non la scolarit\u00e9 de l&rsquo;ENSCMu.<\/p>\n<\/div>\n<div style=\"width: 27.5%; margin-left: auto; margin-right: auto;\">Contact : Service de scolarit\u00e9<br \/>\nT\u00e9l. : +33 (0)3 89 33 68 14<br \/>\nCourriel : <a href=\"https:\/\/www.enscmu.uha.fr\/index.php\/contacts-acces\/\">scolarite.enscmu@uha.fr<\/a><\/div>\n<\/div>\n<div id=\"s3gt_translate_tooltip_mini\" class=\"s3gt_translate_tooltip_mini_box\" style=\"background: initial !important; border: initial !important; border-radius: initial !important; border-spacing: initial !important; border-collapse: initial !important; direction: ltr !important; flex-direction: initial !important; font-weight: initial !important; height: initial !important; letter-spacing: initial !important; min-width: initial !important; max-width: initial !important; min-height: initial !important; max-height: initial !important; margin: auto !important; outline: initial !important; padding: initial !important; position: absolute; table-layout: initial !important; text-align: initial !important; text-shadow: initial !important; width: initial !important; word-break: initial !important; word-spacing: initial !important; overflow-wrap: initial !important; box-sizing: initial !important; display: initial !important; color: inherit !important; font-size: 13px !important; font-family: X-LocaleSpecific, sans-serif, Tahoma, Helvetica !important; line-height: 13px !important; vertical-align: top !important; white-space: inherit !important; left: 220px; top: 124px; opacity: 0.45;\">\n<div id=\"s3gt_translate_tooltip_mini_logo\" class=\"s3gt_translate_tooltip_mini\" title=\"Traduire le texte s\u00e9lectionn\u00e9\"><\/div>\n<div id=\"s3gt_translate_tooltip_mini_sound\" class=\"s3gt_translate_tooltip_mini\" title=\"Lecture\"><\/div>\n<div id=\"s3gt_translate_tooltip_mini_copy\" class=\"s3gt_translate_tooltip_mini\" title=\"Copier le texte dans le presse-papiers\"><\/div>\n<\/div>\n","protected":false},"excerpt":{"rendered":"<p>Les \u00e9l\u00e8ves de l\u2019ENSCMu ont acc\u00e8s \u00e0 des doubles dipl\u00f4mes au cours de leur cycle ing\u00e9nieur \u00e0 l&rsquo;ENSCMu. En effet ils peuvent pr\u00e9parer ces dipl\u00f4mes de Licence ou de Master de l\u2019Universit\u00e9 de Haute-Alsace parall\u00e8lement \u00e0 la 1re ou \u00e0 la 3e ann\u00e9e de cycle ing\u00e9nieur\u00a0: Licence de chimie, Master chimie &#8211; parcours chimie mol\u00e9culaire [&hellip;]<\/p>\n","protected":false},"author":1,"featured_media":761,"parent":17,"menu_order":0,"comment_status":"closed","ping_status":"closed","template":"","meta":{"footnotes":""},"categories":[5],"tags":[],"class_list":["post-39","page","type-page","status-publish","has-post-thumbnail","hentry","category-futurs-etudiants"],"yoast_head":"<!-- This site is optimized with the Yoast SEO plugin v27.4 - https:\/\/yoast.com\/product\/yoast-seo-wordpress\/ -->\n<title>DOUBLES DIPL\u00d4MES MASTER ET LICENCE - ENSCMu<\/title>\n<meta name=\"description\" content=\"Les \u00e9l\u00e8ves de l&#039;ENSCMu peuvent pr\u00e9parer un dipl\u00f4me de Licence ou de Master de l&#039;UHA en parall\u00e8le du cycle ing\u00e9nieur et obtenir ainsi un double dipl\u00f4me.\" \/>\n<meta name=\"robots\" content=\"index, follow, max-snippet:-1, max-image-preview:large, max-video-preview:-1\" \/>\n<link rel=\"canonical\" href=\"https:\/\/www.enscmu.uha.fr\/index.php\/formation\/doubles-diplomes-master-et-licence\/\" \/>\n<meta property=\"og:locale\" content=\"fr_FR\" \/>\n<meta property=\"og:type\" content=\"article\" \/>\n<meta property=\"og:title\" content=\"DOUBLES DIPL\u00d4MES MASTER ET LICENCE - ENSCMu\" \/>\n<meta property=\"og:description\" content=\"Les \u00e9l\u00e8ves de l&#039;ENSCMu peuvent pr\u00e9parer un dipl\u00f4me de Licence ou de Master de l&#039;UHA en parall\u00e8le du cycle ing\u00e9nieur et obtenir ainsi un double dipl\u00f4me.\" \/>\n<meta property=\"og:url\" content=\"https:\/\/www.enscmu.uha.fr\/index.php\/formation\/doubles-diplomes-master-et-licence\/\" \/>\n<meta property=\"og:site_name\" content=\"ENSCMu | \u00c9cole Nationale Sup\u00e9rieure de Chimie de Mulhouse\" \/>\n<meta property=\"article:modified_time\" content=\"2026-03-02T10:41:39+00:00\" \/>\n<meta property=\"og:image\" content=\"https:\/\/www.enscmu.uha.fr\/wp-content\/uploads\/2018\/01\/DSC08492-bis-1024x683.jpg\" \/>\n\t<meta property=\"og:image:width\" content=\"1024\" \/>\n\t<meta property=\"og:image:height\" content=\"683\" \/>\n\t<meta property=\"og:image:type\" content=\"image\/jpeg\" \/>\n<meta name=\"twitter:card\" content=\"summary_large_image\" \/>\n<meta name=\"twitter:label1\" content=\"Dur\u00e9e de lecture estim\u00e9e\" \/>\n\t<meta name=\"twitter:data1\" content=\"2 minutes\" \/>\n<script type=\"application\/ld+json\" class=\"yoast-schema-graph\">{\"@context\":\"https:\\\/\\\/schema.org\",\"@graph\":[{\"@type\":\"WebPage\",\"@id\":\"https:\\\/\\\/www.enscmu.uha.fr\\\/index.php\\\/formation\\\/doubles-diplomes-master-et-licence\\\/\",\"url\":\"https:\\\/\\\/www.enscmu.uha.fr\\\/index.php\\\/formation\\\/doubles-diplomes-master-et-licence\\\/\",\"name\":\"DOUBLES DIPL\u00d4MES MASTER ET LICENCE - ENSCMu\",\"isPartOf\":{\"@id\":\"https:\\\/\\\/www.enscmu.uha.fr\\\/#website\"},\"primaryImageOfPage\":{\"@id\":\"https:\\\/\\\/www.enscmu.uha.fr\\\/index.php\\\/formation\\\/doubles-diplomes-master-et-licence\\\/#primaryimage\"},\"image\":{\"@id\":\"https:\\\/\\\/www.enscmu.uha.fr\\\/index.php\\\/formation\\\/doubles-diplomes-master-et-licence\\\/#primaryimage\"},\"thumbnailUrl\":\"https:\\\/\\\/www.enscmu.uha.fr\\\/wp-content\\\/uploads\\\/2018\\\/01\\\/DSC08492-bis.jpg\",\"datePublished\":\"2017-12-12T14:51:55+00:00\",\"dateModified\":\"2026-03-02T10:41:39+00:00\",\"description\":\"Les \u00e9l\u00e8ves de l'ENSCMu peuvent pr\u00e9parer un dipl\u00f4me de Licence ou de Master de l'UHA en parall\u00e8le du cycle ing\u00e9nieur et obtenir ainsi un double dipl\u00f4me.\",\"breadcrumb\":{\"@id\":\"https:\\\/\\\/www.enscmu.uha.fr\\\/index.php\\\/formation\\\/doubles-diplomes-master-et-licence\\\/#breadcrumb\"},\"inLanguage\":\"fr-FR\",\"potentialAction\":[{\"@type\":\"ReadAction\",\"target\":[\"https:\\\/\\\/www.enscmu.uha.fr\\\/index.php\\\/formation\\\/doubles-diplomes-master-et-licence\\\/\"]}]},{\"@type\":\"ImageObject\",\"inLanguage\":\"fr-FR\",\"@id\":\"https:\\\/\\\/www.enscmu.uha.fr\\\/index.php\\\/formation\\\/doubles-diplomes-master-et-licence\\\/#primaryimage\",\"url\":\"https:\\\/\\\/www.enscmu.uha.fr\\\/wp-content\\\/uploads\\\/2018\\\/01\\\/DSC08492-bis.jpg\",\"contentUrl\":\"https:\\\/\\\/www.enscmu.uha.fr\\\/wp-content\\\/uploads\\\/2018\\\/01\\\/DSC08492-bis.jpg\",\"width\":3000,\"height\":2000,\"caption\":\"Campus Illberg\"},{\"@type\":\"BreadcrumbList\",\"@id\":\"https:\\\/\\\/www.enscmu.uha.fr\\\/index.php\\\/formation\\\/doubles-diplomes-master-et-licence\\\/#breadcrumb\",\"itemListElement\":[{\"@type\":\"ListItem\",\"position\":1,\"name\":\"Accueil\",\"item\":\"https:\\\/\\\/www.enscmu.uha.fr\\\/\"},{\"@type\":\"ListItem\",\"position\":2,\"name\":\"FORMATION\",\"item\":\"https:\\\/\\\/www.enscmu.uha.fr\\\/index.php\\\/formation\\\/\"},{\"@type\":\"ListItem\",\"position\":3,\"name\":\"DOUBLES DIPL\u00d4MES MASTER ET LICENCE\"}]},{\"@type\":\"WebSite\",\"@id\":\"https:\\\/\\\/www.enscmu.uha.fr\\\/#website\",\"url\":\"https:\\\/\\\/www.enscmu.uha.fr\\\/\",\"name\":\"ENSCMu | \u00c9cole Nationale Sup\u00e9rieure de Chimie de Mulhouse\",\"description\":\"Campus Illberg | Universit\u00e9 de Haute-Alsace\",\"potentialAction\":[{\"@type\":\"SearchAction\",\"target\":{\"@type\":\"EntryPoint\",\"urlTemplate\":\"https:\\\/\\\/www.enscmu.uha.fr\\\/?s={search_term_string}\"},\"query-input\":{\"@type\":\"PropertyValueSpecification\",\"valueRequired\":true,\"valueName\":\"search_term_string\"}}],\"inLanguage\":\"fr-FR\"}]}<\/script>\n<!-- \/ Yoast SEO plugin. -->","yoast_head_json":{"title":"DOUBLES DIPL\u00d4MES MASTER ET LICENCE - ENSCMu","description":"Les \u00e9l\u00e8ves de l'ENSCMu peuvent pr\u00e9parer un dipl\u00f4me de Licence ou de Master de l'UHA en parall\u00e8le du cycle ing\u00e9nieur et obtenir ainsi un double dipl\u00f4me.","robots":{"index":"index","follow":"follow","max-snippet":"max-snippet:-1","max-image-preview":"max-image-preview:large","max-video-preview":"max-video-preview:-1"},"canonical":"https:\/\/www.enscmu.uha.fr\/index.php\/formation\/doubles-diplomes-master-et-licence\/","og_locale":"fr_FR","og_type":"article","og_title":"DOUBLES DIPL\u00d4MES MASTER ET LICENCE - ENSCMu","og_description":"Les \u00e9l\u00e8ves de l'ENSCMu peuvent pr\u00e9parer un dipl\u00f4me de Licence ou de Master de l'UHA en parall\u00e8le du cycle ing\u00e9nieur et obtenir ainsi un double dipl\u00f4me.","og_url":"https:\/\/www.enscmu.uha.fr\/index.php\/formation\/doubles-diplomes-master-et-licence\/","og_site_name":"ENSCMu | \u00c9cole Nationale Sup\u00e9rieure de Chimie de Mulhouse","article_modified_time":"2026-03-02T10:41:39+00:00","og_image":[{"width":1024,"height":683,"url":"https:\/\/www.enscmu.uha.fr\/wp-content\/uploads\/2018\/01\/DSC08492-bis-1024x683.jpg","type":"image\/jpeg"}],"twitter_card":"summary_large_image","twitter_misc":{"Dur\u00e9e de lecture estim\u00e9e":"2 minutes"},"schema":{"@context":"https:\/\/schema.org","@graph":[{"@type":"WebPage","@id":"https:\/\/www.enscmu.uha.fr\/index.php\/formation\/doubles-diplomes-master-et-licence\/","url":"https:\/\/www.enscmu.uha.fr\/index.php\/formation\/doubles-diplomes-master-et-licence\/","name":"DOUBLES DIPL\u00d4MES MASTER ET LICENCE - ENSCMu","isPartOf":{"@id":"https:\/\/www.enscmu.uha.fr\/#website"},"primaryImageOfPage":{"@id":"https:\/\/www.enscmu.uha.fr\/index.php\/formation\/doubles-diplomes-master-et-licence\/#primaryimage"},"image":{"@id":"https:\/\/www.enscmu.uha.fr\/index.php\/formation\/doubles-diplomes-master-et-licence\/#primaryimage"},"thumbnailUrl":"https:\/\/www.enscmu.uha.fr\/wp-content\/uploads\/2018\/01\/DSC08492-bis.jpg","datePublished":"2017-12-12T14:51:55+00:00","dateModified":"2026-03-02T10:41:39+00:00","description":"Les \u00e9l\u00e8ves de l'ENSCMu peuvent pr\u00e9parer un dipl\u00f4me de Licence ou de Master de l'UHA en parall\u00e8le du cycle ing\u00e9nieur et obtenir ainsi un double dipl\u00f4me.","breadcrumb":{"@id":"https:\/\/www.enscmu.uha.fr\/index.php\/formation\/doubles-diplomes-master-et-licence\/#breadcrumb"},"inLanguage":"fr-FR","potentialAction":[{"@type":"ReadAction","target":["https:\/\/www.enscmu.uha.fr\/index.php\/formation\/doubles-diplomes-master-et-licence\/"]}]},{"@type":"ImageObject","inLanguage":"fr-FR","@id":"https:\/\/www.enscmu.uha.fr\/index.php\/formation\/doubles-diplomes-master-et-licence\/#primaryimage","url":"https:\/\/www.enscmu.uha.fr\/wp-content\/uploads\/2018\/01\/DSC08492-bis.jpg","contentUrl":"https:\/\/www.enscmu.uha.fr\/wp-content\/uploads\/2018\/01\/DSC08492-bis.jpg","width":3000,"height":2000,"caption":"Campus Illberg"},{"@type":"BreadcrumbList","@id":"https:\/\/www.enscmu.uha.fr\/index.php\/formation\/doubles-diplomes-master-et-licence\/#breadcrumb","itemListElement":[{"@type":"ListItem","position":1,"name":"Accueil","item":"https:\/\/www.enscmu.uha.fr\/"},{"@type":"ListItem","position":2,"name":"FORMATION","item":"https:\/\/www.enscmu.uha.fr\/index.php\/formation\/"},{"@type":"ListItem","position":3,"name":"DOUBLES DIPL\u00d4MES MASTER ET LICENCE"}]},{"@type":"WebSite","@id":"https:\/\/www.enscmu.uha.fr\/#website","url":"https:\/\/www.enscmu.uha.fr\/","name":"ENSCMu | \u00c9cole Nationale Sup\u00e9rieure de Chimie de Mulhouse","description":"Campus Illberg | Universit\u00e9 de Haute-Alsace","potentialAction":[{"@type":"SearchAction","target":{"@type":"EntryPoint","urlTemplate":"https:\/\/www.enscmu.uha.fr\/?s={search_term_string}"},"query-input":{"@type":"PropertyValueSpecification","valueRequired":true,"valueName":"search_term_string"}}],"inLanguage":"fr-FR"}]}},"_links":{"self":[{"href":"https:\/\/www.enscmu.uha.fr\/index.php\/wp-json\/wp\/v2\/pages\/39","targetHints":{"allow":["GET"]}}],"collection":[{"href":"https:\/\/www.enscmu.uha.fr\/index.php\/wp-json\/wp\/v2\/pages"}],"about":[{"href":"https:\/\/www.enscmu.uha.fr\/index.php\/wp-json\/wp\/v2\/types\/page"}],"author":[{"embeddable":true,"href":"https:\/\/www.enscmu.uha.fr\/index.php\/wp-json\/wp\/v2\/users\/1"}],"replies":[{"embeddable":true,"href":"https:\/\/www.enscmu.uha.fr\/index.php\/wp-json\/wp\/v2\/comments?post=39"}],"version-history":[{"count":18,"href":"https:\/\/www.enscmu.uha.fr\/index.php\/wp-json\/wp\/v2\/pages\/39\/revisions"}],"predecessor-version":[{"id":5934,"href":"https:\/\/www.enscmu.uha.fr\/index.php\/wp-json\/wp\/v2\/pages\/39\/revisions\/5934"}],"up":[{"embeddable":true,"href":"https:\/\/www.enscmu.uha.fr\/index.php\/wp-json\/wp\/v2\/pages\/17"}],"wp:featuredmedia":[{"embeddable":true,"href":"https:\/\/www.enscmu.uha.fr\/index.php\/wp-json\/wp\/v2\/media\/761"}],"wp:attachment":[{"href":"https:\/\/www.enscmu.uha.fr\/index.php\/wp-json\/wp\/v2\/media?parent=39"}],"wp:term":[{"taxonomy":"category","embeddable":true,"href":"https:\/\/www.enscmu.uha.fr\/index.php\/wp-json\/wp\/v2\/categories?post=39"},{"taxonomy":"post_tag","embeddable":true,"href":"https:\/\/www.enscmu.uha.fr\/index.php\/wp-json\/wp\/v2\/tags?post=39"}],"curies":[{"name":"wp","href":"https:\/\/api.w.org\/{rel}","templated":true}]}}