{"id":41,"date":"2017-12-12T15:52:07","date_gmt":"2017-12-12T14:52:07","guid":{"rendered":"https:\/\/www.enscmu.uha.fr\/?page_id=41"},"modified":"2025-03-24T13:52:22","modified_gmt":"2025-03-24T12:52:22","slug":"poursuites-detudes","status":"publish","type":"page","link":"https:\/\/www.enscmu.uha.fr\/index.php\/formation\/poursuites-detudes\/","title":{"rendered":"POURSUITES D&rsquo;\u00c9TUDES"},"content":{"rendered":"<h1>Master Administration des Entreprises Ing\u00e9nieur Alsace Tech \u00e0 l\u2019EM Strasbourg<\/h1>\n<p>L\u2019ENSCMu comme l\u2019\u00c9cole de Management de Strasbourg appartiennent \u00e0 l\u2019association <a href=\"http:\/\/www.alsacetech.org\/\" target=\"_blank\" rel=\"noopener noreferrer\">Alsace Tech<\/a> (14 \u00e9coles d\u2019ing\u00e9nieurs, de management, d\u2019architecture, d&rsquo;art et design d\u2019Alsace). Gr\u00e2ce \u00e0 ce r\u00e9seau, les dipl\u00f4m\u00e9s des \u00e9coles membres ont acc\u00e8s au <a href=\"http:\/\/www.em-strasbourg.eu\/formations\/poursuivre-mes-etudes\/m2-mae-ingenieur-manager-alsace-tech-18669.kjsp?RH=FORMATIONS-FR\" target=\"_blank\" rel=\"noopener noreferrer\">Master Administration des Entreprises MAE Ing\u00e9nieur-Manager Alsace Tech<\/a> de l\u2019EM Strasbourg.<\/p>\n<p>Cette formation \u00ab sur-mesure \u00bb est sp\u00e9cialement con\u00e7ue pour les dipl\u00f4m\u00e9s ing\u00e9nieurs et architectes du r\u00e9seau. Elle leur apporte une double comp\u00e9tence en management et gestion d\u2019entreprise en seulement cinq mois apr\u00e8s leur dipl\u00f4me. En effet les \u00e9tudiants compl\u00e8tent leurs connaissances techniques par des comp\u00e9tences g\u00e9n\u00e9ralistes en management. Ils acqui\u00e8rent ainsi un profil ing\u00e9nieur\/architecte-manager. La formation dure 4 mois (de septembre \u00e0 janvier) suivis d&rsquo;un stage ou un emploi de 6 mois. Elle est dispens\u00e9e \u00e0 l\u2019\u00c9cole de Management Strasbourg.<\/p>\n<p>In fine l&rsquo;\u00e9tudiant valide un Master universitaire reconnu \u00e0 l\u2019\u00e9chelle internationale (LMD) et par les entreprises. Sa vision globale de l&rsquo;entreprise lui permet d&rsquo;am\u00e9liorer son employabilit\u00e9 \u00e0 des hauts niveaux de responsabilit\u00e9 \u00e0 des postes requ\u00e9rant une double comp\u00e9tence technique et manag\u00e9riale ou pourquoi pas de cr\u00e9er son entreprise.<\/p>\n<h1>Programme Mast\u00e8re Sp\u00e9cialis\u00e9 gestion des risques et menaces N.R.B.C.E.<\/h1>\n<p>L\u2019ENSCMu propose un programme <a href=\"https:\/\/www.enscmu.uha.fr\/index.php\/formation\/mastere-specialise\/\">Mast\u00e8re Sp\u00e9cialis\u00e9 gestion des risques et menaces N.R.B.C.E.<\/a> (Nucl\u00e9aire, radioactif, biologique, chimique, explosif) depuis la rentr\u00e9e 2011. Les titulaires d\u2019un dipl\u00f4me d\u2019ing\u00e9nieur chimiste peuvent acc\u00e9der \u00e0 cette formation de sp\u00e9cialisation habilit\u00e9e par la <a href=\"http:\/\/www.cge.asso.fr\/\" target=\"_blank\" rel=\"noopener noreferrer\">Conf\u00e9rence des Grandes \u00c9coles<\/a>.<\/p>\n<h1>Doctorat<\/h1>\n<p>Le dipl\u00f4me d\u2019ing\u00e9nieur chimiste permet la reconnaissance du grade de Master. De ce fait le titulaire du dipl\u00f4me d\u2019ing\u00e9nieur peut poursuivre en Doctorat. Chaque ann\u00e9e, 15 \u00e0 20% des dipl\u00f4m\u00e9s poursuivent par une th\u00e8se.<\/p>\n<p>\u00c0 l\u2019UHA, la formation doctorale en chimie, physique, mat\u00e9riaux et environnement est g\u00e9r\u00e9e par les <a href=\"http:\/\/www.ecoledoctorale.uha.fr\/\" target=\"_blank\" rel=\"noopener noreferrer\">\u00c9coles Doctorales<\/a> \u00ab\u00a0Physique et Chimie-Physique\u00a0\u00bb (ED 182) et \u00ab\u00a0Sciences Chimiques\u00a0\u00bb (ED 222).<\/p>\n","protected":false},"excerpt":{"rendered":"<p>Master Administration des Entreprises Ing\u00e9nieur Alsace Tech \u00e0 l\u2019EM Strasbourg L\u2019ENSCMu comme l\u2019\u00c9cole de Management de Strasbourg appartiennent \u00e0 l\u2019association Alsace Tech (14 \u00e9coles d\u2019ing\u00e9nieurs, de management, d\u2019architecture, d&rsquo;art et design d\u2019Alsace). Gr\u00e2ce \u00e0 ce r\u00e9seau, les dipl\u00f4m\u00e9s des \u00e9coles membres ont acc\u00e8s au Master Administration des Entreprises MAE Ing\u00e9nieur-Manager Alsace Tech de l\u2019EM Strasbourg. [&hellip;]<\/p>\n","protected":false},"author":1,"featured_media":0,"parent":17,"menu_order":0,"comment_status":"closed","ping_status":"closed","template":"","meta":{"footnotes":""},"categories":[5],"tags":[],"class_list":["post-41","page","type-page","status-publish","hentry","category-futurs-etudiants"],"yoast_head":"<!-- This site is optimized with the Yoast SEO plugin v27.4 - https:\/\/yoast.com\/product\/yoast-seo-wordpress\/ -->\n<title>POURSUITES D&#039;\u00c9TUDES - ENSCMu<\/title>\n<meta name=\"robots\" content=\"index, follow, max-snippet:-1, max-image-preview:large, max-video-preview:-1\" \/>\n<link rel=\"canonical\" href=\"https:\/\/www.enscmu.uha.fr\/index.php\/formation\/poursuites-detudes\/\" \/>\n<meta property=\"og:locale\" content=\"fr_FR\" \/>\n<meta property=\"og:type\" content=\"article\" \/>\n<meta property=\"og:title\" content=\"POURSUITES D&#039;\u00c9TUDES - ENSCMu\" \/>\n<meta property=\"og:description\" content=\"Master Administration des Entreprises Ing\u00e9nieur Alsace Tech \u00e0 l\u2019EM Strasbourg L\u2019ENSCMu comme l\u2019\u00c9cole de Management de Strasbourg appartiennent \u00e0 l\u2019association Alsace Tech (14 \u00e9coles d\u2019ing\u00e9nieurs, de management, d\u2019architecture, d&rsquo;art et design d\u2019Alsace). Gr\u00e2ce \u00e0 ce r\u00e9seau, les dipl\u00f4m\u00e9s des \u00e9coles membres ont acc\u00e8s au Master Administration des Entreprises MAE Ing\u00e9nieur-Manager Alsace Tech de l\u2019EM Strasbourg. [&hellip;]\" \/>\n<meta property=\"og:url\" content=\"https:\/\/www.enscmu.uha.fr\/index.php\/formation\/poursuites-detudes\/\" \/>\n<meta property=\"og:site_name\" content=\"ENSCMu | \u00c9cole Nationale Sup\u00e9rieure de Chimie de Mulhouse\" \/>\n<meta property=\"article:modified_time\" content=\"2025-03-24T12:52:22+00:00\" \/>\n<meta name=\"twitter:card\" content=\"summary_large_image\" \/>\n<meta name=\"twitter:label1\" content=\"Dur\u00e9e de lecture estim\u00e9e\" \/>\n\t<meta name=\"twitter:data1\" content=\"2 minutes\" \/>\n<script type=\"application\/ld+json\" class=\"yoast-schema-graph\">{\"@context\":\"https:\\\/\\\/schema.org\",\"@graph\":[{\"@type\":\"WebPage\",\"@id\":\"https:\\\/\\\/www.enscmu.uha.fr\\\/index.php\\\/formation\\\/poursuites-detudes\\\/\",\"url\":\"https:\\\/\\\/www.enscmu.uha.fr\\\/index.php\\\/formation\\\/poursuites-detudes\\\/\",\"name\":\"POURSUITES D'\u00c9TUDES - ENSCMu\",\"isPartOf\":{\"@id\":\"https:\\\/\\\/www.enscmu.uha.fr\\\/#website\"},\"datePublished\":\"2017-12-12T14:52:07+00:00\",\"dateModified\":\"2025-03-24T12:52:22+00:00\",\"breadcrumb\":{\"@id\":\"https:\\\/\\\/www.enscmu.uha.fr\\\/index.php\\\/formation\\\/poursuites-detudes\\\/#breadcrumb\"},\"inLanguage\":\"fr-FR\",\"potentialAction\":[{\"@type\":\"ReadAction\",\"target\":[\"https:\\\/\\\/www.enscmu.uha.fr\\\/index.php\\\/formation\\\/poursuites-detudes\\\/\"]}]},{\"@type\":\"BreadcrumbList\",\"@id\":\"https:\\\/\\\/www.enscmu.uha.fr\\\/index.php\\\/formation\\\/poursuites-detudes\\\/#breadcrumb\",\"itemListElement\":[{\"@type\":\"ListItem\",\"position\":1,\"name\":\"Accueil\",\"item\":\"https:\\\/\\\/www.enscmu.uha.fr\\\/\"},{\"@type\":\"ListItem\",\"position\":2,\"name\":\"FORMATION\",\"item\":\"https:\\\/\\\/www.enscmu.uha.fr\\\/index.php\\\/formation\\\/\"},{\"@type\":\"ListItem\",\"position\":3,\"name\":\"POURSUITES D&rsquo;\u00c9TUDES\"}]},{\"@type\":\"WebSite\",\"@id\":\"https:\\\/\\\/www.enscmu.uha.fr\\\/#website\",\"url\":\"https:\\\/\\\/www.enscmu.uha.fr\\\/\",\"name\":\"ENSCMu | \u00c9cole Nationale Sup\u00e9rieure de Chimie de Mulhouse\",\"description\":\"Campus Illberg | Universit\u00e9 de Haute-Alsace\",\"potentialAction\":[{\"@type\":\"SearchAction\",\"target\":{\"@type\":\"EntryPoint\",\"urlTemplate\":\"https:\\\/\\\/www.enscmu.uha.fr\\\/?s={search_term_string}\"},\"query-input\":{\"@type\":\"PropertyValueSpecification\",\"valueRequired\":true,\"valueName\":\"search_term_string\"}}],\"inLanguage\":\"fr-FR\"}]}<\/script>\n<!-- \/ Yoast SEO plugin. -->","yoast_head_json":{"title":"POURSUITES D'\u00c9TUDES - ENSCMu","robots":{"index":"index","follow":"follow","max-snippet":"max-snippet:-1","max-image-preview":"max-image-preview:large","max-video-preview":"max-video-preview:-1"},"canonical":"https:\/\/www.enscmu.uha.fr\/index.php\/formation\/poursuites-detudes\/","og_locale":"fr_FR","og_type":"article","og_title":"POURSUITES D'\u00c9TUDES - ENSCMu","og_description":"Master Administration des Entreprises Ing\u00e9nieur Alsace Tech \u00e0 l\u2019EM Strasbourg L\u2019ENSCMu comme l\u2019\u00c9cole de Management de Strasbourg appartiennent \u00e0 l\u2019association Alsace Tech (14 \u00e9coles d\u2019ing\u00e9nieurs, de management, d\u2019architecture, d&rsquo;art et design d\u2019Alsace). Gr\u00e2ce \u00e0 ce r\u00e9seau, les dipl\u00f4m\u00e9s des \u00e9coles membres ont acc\u00e8s au Master Administration des Entreprises MAE Ing\u00e9nieur-Manager Alsace Tech de l\u2019EM Strasbourg. [&hellip;]","og_url":"https:\/\/www.enscmu.uha.fr\/index.php\/formation\/poursuites-detudes\/","og_site_name":"ENSCMu | \u00c9cole Nationale Sup\u00e9rieure de Chimie de Mulhouse","article_modified_time":"2025-03-24T12:52:22+00:00","twitter_card":"summary_large_image","twitter_misc":{"Dur\u00e9e de lecture estim\u00e9e":"2 minutes"},"schema":{"@context":"https:\/\/schema.org","@graph":[{"@type":"WebPage","@id":"https:\/\/www.enscmu.uha.fr\/index.php\/formation\/poursuites-detudes\/","url":"https:\/\/www.enscmu.uha.fr\/index.php\/formation\/poursuites-detudes\/","name":"POURSUITES D'\u00c9TUDES - ENSCMu","isPartOf":{"@id":"https:\/\/www.enscmu.uha.fr\/#website"},"datePublished":"2017-12-12T14:52:07+00:00","dateModified":"2025-03-24T12:52:22+00:00","breadcrumb":{"@id":"https:\/\/www.enscmu.uha.fr\/index.php\/formation\/poursuites-detudes\/#breadcrumb"},"inLanguage":"fr-FR","potentialAction":[{"@type":"ReadAction","target":["https:\/\/www.enscmu.uha.fr\/index.php\/formation\/poursuites-detudes\/"]}]},{"@type":"BreadcrumbList","@id":"https:\/\/www.enscmu.uha.fr\/index.php\/formation\/poursuites-detudes\/#breadcrumb","itemListElement":[{"@type":"ListItem","position":1,"name":"Accueil","item":"https:\/\/www.enscmu.uha.fr\/"},{"@type":"ListItem","position":2,"name":"FORMATION","item":"https:\/\/www.enscmu.uha.fr\/index.php\/formation\/"},{"@type":"ListItem","position":3,"name":"POURSUITES D&rsquo;\u00c9TUDES"}]},{"@type":"WebSite","@id":"https:\/\/www.enscmu.uha.fr\/#website","url":"https:\/\/www.enscmu.uha.fr\/","name":"ENSCMu | \u00c9cole Nationale Sup\u00e9rieure de Chimie de Mulhouse","description":"Campus Illberg | Universit\u00e9 de Haute-Alsace","potentialAction":[{"@type":"SearchAction","target":{"@type":"EntryPoint","urlTemplate":"https:\/\/www.enscmu.uha.fr\/?s={search_term_string}"},"query-input":{"@type":"PropertyValueSpecification","valueRequired":true,"valueName":"search_term_string"}}],"inLanguage":"fr-FR"}]}},"_links":{"self":[{"href":"https:\/\/www.enscmu.uha.fr\/index.php\/wp-json\/wp\/v2\/pages\/41","targetHints":{"allow":["GET"]}}],"collection":[{"href":"https:\/\/www.enscmu.uha.fr\/index.php\/wp-json\/wp\/v2\/pages"}],"about":[{"href":"https:\/\/www.enscmu.uha.fr\/index.php\/wp-json\/wp\/v2\/types\/page"}],"author":[{"embeddable":true,"href":"https:\/\/www.enscmu.uha.fr\/index.php\/wp-json\/wp\/v2\/users\/1"}],"replies":[{"embeddable":true,"href":"https:\/\/www.enscmu.uha.fr\/index.php\/wp-json\/wp\/v2\/comments?post=41"}],"version-history":[{"count":10,"href":"https:\/\/www.enscmu.uha.fr\/index.php\/wp-json\/wp\/v2\/pages\/41\/revisions"}],"predecessor-version":[{"id":5314,"href":"https:\/\/www.enscmu.uha.fr\/index.php\/wp-json\/wp\/v2\/pages\/41\/revisions\/5314"}],"up":[{"embeddable":true,"href":"https:\/\/www.enscmu.uha.fr\/index.php\/wp-json\/wp\/v2\/pages\/17"}],"wp:attachment":[{"href":"https:\/\/www.enscmu.uha.fr\/index.php\/wp-json\/wp\/v2\/media?parent=41"}],"wp:term":[{"taxonomy":"category","embeddable":true,"href":"https:\/\/www.enscmu.uha.fr\/index.php\/wp-json\/wp\/v2\/categories?post=41"},{"taxonomy":"post_tag","embeddable":true,"href":"https:\/\/www.enscmu.uha.fr\/index.php\/wp-json\/wp\/v2\/tags?post=41"}],"curies":[{"name":"wp","href":"https:\/\/api.w.org\/{rel}","templated":true}]}}