{"id":4290,"date":"2022-12-07T09:56:39","date_gmt":"2022-12-07T08:56:39","guid":{"rendered":"https:\/\/www.enscmu.uha.fr\/?page_id=4290"},"modified":"2022-12-07T10:00:40","modified_gmt":"2022-12-07T09:00:40","slug":"colloque-recherche","status":"publish","type":"page","link":"https:\/\/www.enscmu.uha.fr\/index.php\/200-ans-de-chimie-le-programme\/colloque-recherche\/","title":{"rendered":"COLLOQUE RECHERCHE"},"content":{"rendered":"<p><img loading=\"lazy\" decoding=\"async\" class=\"aligncenter wp-image-4291 size-large\" src=\"https:\/\/www.enscmu.uha.fr\/wp-content\/uploads\/2022\/12\/ENSCMu-institut-recherche\u220fGregoryTachet-1024x714.jpg\" alt=\"Institut recherche ENSCMu\" width=\"750\" height=\"523\" srcset=\"https:\/\/www.enscmu.uha.fr\/wp-content\/uploads\/2022\/12\/ENSCMu-institut-recherche\u220fGregoryTachet-1024x714.jpg 1024w, https:\/\/www.enscmu.uha.fr\/wp-content\/uploads\/2022\/12\/ENSCMu-institut-recherche\u220fGregoryTachet-300x209.jpg 300w, https:\/\/www.enscmu.uha.fr\/wp-content\/uploads\/2022\/12\/ENSCMu-institut-recherche\u220fGregoryTachet-768x535.jpg 768w, https:\/\/www.enscmu.uha.fr\/wp-content\/uploads\/2022\/12\/ENSCMu-institut-recherche\u220fGregoryTachet-350x245.jpg 350w, https:\/\/www.enscmu.uha.fr\/wp-content\/uploads\/2022\/12\/ENSCMu-institut-recherche\u220fGregoryTachet.jpg 1181w\" sizes=\"auto, (max-width: 750px) 100vw, 750px\" \/><\/p>\n<p style=\"font-weight: 400;\"><span style=\"color: #e6007d;\"><strong>Colloque recherche, 200 ans de chimie \u00e0 l\u2019ENSCMu &#8211; 15 et 16 d\u00e9cembre 2022<\/strong><\/span><\/p>\n<p style=\"font-weight: 400;\">200 ans de chimie \u00e0 l\u2019ENSCMu\u00a0! C\u2019est 200 ans de formation, de projets, d\u2019Histoire et d\u2019histoires mais aussi 200 ans de recherche et d\u2019innovation. Dans le cadre de la c\u00e9l\u00e9bration de son bicentenaire l\u2019ENSCMu organise son colloque recherche le\u00a015 et\u00a016 d\u00e9cembre 2022. L\u2019objectif est de r\u00e9unir les enseignants-chercheurs et les chercheurs des laboratoires associ\u00e9s \u00e0 l\u2019Ecole ainsi que les partenaires de l\u2019ENSCMu autour des th\u00e9matiques et sp\u00e9cialit\u00e9s de chacun.\u00a0\u00a0 La parole sera donn\u00e9e aux chercheurs et enseignants chercheurs de l\u2019Ecole mais aussi \u00e0 des conf\u00e9renciers ext\u00e9rieurs. Des activit\u00e9s permettant \u00e0 chacun de pouvoir \u00e9changer dans un cadre informel seront aussi pr\u00e9vues comme la visite du Mus\u00e9e d\u2019Impression sur Etoffes ainsi qu\u2019un cocktail le soir.<\/p>\n<p><span style=\"color: #e6007d;\"><strong>Programme du jeudi 15 d\u00e9cembre 2022<\/strong><\/span><\/p>\n<div class=\"page\" title=\"Page 1\">\n<div class=\"layoutArea\">\n<div class=\"column\">\n<p><span style=\"color: #e6007d;\"><em>8h30 a\u0300 8h45<\/em><\/span> <span style=\"color: #e6007d;\">:<\/span> Accueil des participants<\/p>\n<p><span style=\"color: #e6007d;\"><em>8h45<\/em><\/span> <span style=\"color: #e6007d;\">:<\/span> Mot d\u2019accueil (Jean-Philippe Goddard)<\/p>\n<p><span style=\"color: #e6007d;\"><em>9h00<\/em><\/span> <span style=\"color: #e6007d;\">:<\/span> Pre\u0301sentation des laboratoires :\u00a0LIMA &#8211; GRE &#8211; LPIM &#8211; IS2M<\/p>\n<p><span style=\"color: #e6007d;\"><em>10h00<\/em><\/span> <span style=\"color: #e6007d;\">:<\/span> Pre\u0301sentation HAC<\/p>\n<p><span style=\"color: #e6007d;\"><em>10h10<\/em><\/span> <span style=\"color: #e6007d;\">:<\/span> Confe\u0301rence GRE : Sophie Dorge<\/p>\n<p><span style=\"color: #e6007d;\"><em>10h50<\/em><\/span> <span style=\"color: #e6007d;\">:<\/span> <strong>Pause-cafe\u0301<\/strong><\/p>\n<p><span style=\"color: #e6007d;\"><em>11h20<\/em><\/span> <span style=\"color: #e6007d;\">:<\/span> Communications PhD, session 1<\/p>\n<ul>\n<li>Communication GRE : Axel Meyer<\/li>\n<li>Communication IS2M : Hasna Maayouf<\/li>\n<li>Communication LIMA : Lucas Popek<\/li>\n<\/ul>\n<p><span style=\"color: #e6007d;\"><em>12h20<\/em><\/span> <span style=\"color: #e6007d;\">:<\/span> <strong>De\u0301jeuner<\/strong><\/p>\n<p><span style=\"color: #e6007d;\"><em>13h45<\/em><\/span> <span style=\"color: #e6007d;\">:<\/span> Confe\u0301rence ple\u0301nie\u0300re : Pierre Braunstein \u00ab D\u2019Alfred Werner a\u0300 la catalyse, aux clusters et nanomate\u0301riaux. \u00bb<\/p>\n<p><span style=\"color: #e6007d;\"><em>14h40<\/em><\/span> <span style=\"color: #e6007d;\">:<\/span> Confe\u0301rence IS2M : Jean Daou<\/p>\n<p><span style=\"color: #e6007d;\"><em>15h20<\/em><\/span> <span style=\"color: #e6007d;\">:<\/span> Communications PhD, session 2<\/p>\n<ul>\n<li>Communication LPIM : Lucile Halbardier<\/li>\n<li>Communication GRE : Orlane Douguet<\/li>\n<\/ul>\n<p><span style=\"color: #e6007d;\"><em>16h00<\/em><\/span> <span style=\"color: #e6007d;\">:<\/span> De\u0301part pour le MISE<\/p>\n<p><span style=\"color: #e6007d;\"><em>16h45<\/em><\/span> <span style=\"color: #e6007d;\">:<\/span> Visite du MISE<\/p>\n<p><span style=\"color: #e6007d;\"><em>18h30<\/em><\/span> <span style=\"color: #e6007d;\">:<\/span> <strong>Cocktail a\u0300 l\u2019ho\u0302tel de la bourse<\/strong><\/p>\n<\/div>\n<\/div>\n<\/div>\n<p><strong><span style=\"color: #e6007d;\">Programme du vendredi 16 d\u00e9cembre 202<\/span><\/strong><\/p>\n<div class=\"page\" title=\"Page 1\">\n<div class=\"layoutArea\">\n<div class=\"column\">\n<p><span style=\"color: #e6007d;\"><em>8h30<\/em> :<\/span> Confe\u0301rence ple\u0301nie\u0300re : Denis Guthleben \u00ab La chimie et les chimistes, catalyseurs des transformations de\u00a0notre paysage scientifique \u00bb<\/p>\n<p><span style=\"color: #e6007d;\"><em>9h25<\/em> :<\/span> Confe\u0301rence LIMA : Se\u0301bastien Albrecht<\/p>\n<p><span style=\"color: #e6007d;\"><em>10h05<\/em> :<\/span> <strong>Pause-caf\u00e9<\/strong><\/p>\n<p><span style=\"color: #e6007d;\"><em>10h35<\/em> :<\/span> Confe\u0301rence LPIM : Ce\u0301line Croutxe\u0301-Barghorn 11h15 Communications PhD, session 3<\/p>\n<ul>\n<li>Communication LIMA : Cloe\u0301 Delacourt<\/li>\n<li>Communication IS2M : Louiza Larbi<\/li>\n<li>Communication LPIM : Benoit Gachet<\/li>\n<\/ul>\n<p><span style=\"color: #e6007d;\"><em>12h15<\/em> :<\/span> Conclusion (Jean-Philippe Goddard) \u2013 De\u0301jeuner \u2013 Fin du Colloque<\/p>\n<\/div>\n<\/div>\n<\/div>\n<p>&nbsp;<\/p>\n","protected":false},"excerpt":{"rendered":"<p>Colloque recherche, 200 ans de chimie \u00e0 l\u2019ENSCMu &#8211; 15 et 16 d\u00e9cembre 2022 200 ans de chimie \u00e0 l\u2019ENSCMu\u00a0! C\u2019est 200 ans de formation, de projets, d\u2019Histoire et d\u2019histoires mais aussi 200 ans de recherche et d\u2019innovation. Dans le cadre de la c\u00e9l\u00e9bration de son bicentenaire l\u2019ENSCMu organise son colloque recherche le\u00a015 et\u00a016 d\u00e9cembre [&hellip;]<\/p>\n","protected":false},"author":2,"featured_media":0,"parent":3499,"menu_order":0,"comment_status":"closed","ping_status":"closed","template":"","meta":{"footnotes":""},"categories":[],"tags":[],"class_list":["post-4290","page","type-page","status-publish","hentry"],"yoast_head":"<!-- This site is optimized with the Yoast SEO plugin v27.0 - https:\/\/yoast.com\/product\/yoast-seo-wordpress\/ -->\n<title>COLLOQUE RECHERCHE - ENSCMu<\/title>\n<meta name=\"robots\" content=\"index, follow, max-snippet:-1, max-image-preview:large, max-video-preview:-1\" \/>\n<link rel=\"canonical\" href=\"https:\/\/www.enscmu.uha.fr\/index.php\/200-ans-de-chimie-le-programme\/colloque-recherche\/\" \/>\n<meta property=\"og:locale\" content=\"fr_FR\" \/>\n<meta property=\"og:type\" content=\"article\" \/>\n<meta property=\"og:title\" content=\"COLLOQUE RECHERCHE - ENSCMu\" \/>\n<meta property=\"og:description\" content=\"Colloque recherche, 200 ans de chimie \u00e0 l\u2019ENSCMu &#8211; 15 et 16 d\u00e9cembre 2022 200 ans de chimie \u00e0 l\u2019ENSCMu\u00a0! C\u2019est 200 ans de formation, de projets, d\u2019Histoire et d\u2019histoires mais aussi 200 ans de recherche et d\u2019innovation. Dans le cadre de la c\u00e9l\u00e9bration de son bicentenaire l\u2019ENSCMu organise son colloque recherche le\u00a015 et\u00a016 d\u00e9cembre [&hellip;]\" \/>\n<meta property=\"og:url\" content=\"https:\/\/www.enscmu.uha.fr\/index.php\/200-ans-de-chimie-le-programme\/colloque-recherche\/\" \/>\n<meta property=\"og:site_name\" content=\"ENSCMu | \u00c9cole Nationale Sup\u00e9rieure de Chimie de Mulhouse\" \/>\n<meta property=\"article:modified_time\" content=\"2022-12-07T09:00:40+00:00\" \/>\n<meta name=\"twitter:card\" content=\"summary_large_image\" \/>\n<meta name=\"twitter:label1\" content=\"Dur\u00e9e de lecture estim\u00e9e\" \/>\n\t<meta name=\"twitter:data1\" content=\"2 minutes\" \/>\n<script type=\"application\/ld+json\" class=\"yoast-schema-graph\">{\"@context\":\"https:\/\/schema.org\",\"@graph\":[{\"@type\":\"WebPage\",\"@id\":\"https:\/\/www.enscmu.uha.fr\/index.php\/200-ans-de-chimie-le-programme\/colloque-recherche\/\",\"url\":\"https:\/\/www.enscmu.uha.fr\/index.php\/200-ans-de-chimie-le-programme\/colloque-recherche\/\",\"name\":\"COLLOQUE RECHERCHE - ENSCMu\",\"isPartOf\":{\"@id\":\"https:\/\/www.enscmu.uha.fr\/#website\"},\"datePublished\":\"2022-12-07T08:56:39+00:00\",\"dateModified\":\"2022-12-07T09:00:40+00:00\",\"breadcrumb\":{\"@id\":\"https:\/\/www.enscmu.uha.fr\/index.php\/200-ans-de-chimie-le-programme\/colloque-recherche\/#breadcrumb\"},\"inLanguage\":\"fr-FR\",\"potentialAction\":[{\"@type\":\"ReadAction\",\"target\":[\"https:\/\/www.enscmu.uha.fr\/index.php\/200-ans-de-chimie-le-programme\/colloque-recherche\/\"]}]},{\"@type\":\"BreadcrumbList\",\"@id\":\"https:\/\/www.enscmu.uha.fr\/index.php\/200-ans-de-chimie-le-programme\/colloque-recherche\/#breadcrumb\",\"itemListElement\":[{\"@type\":\"ListItem\",\"position\":1,\"name\":\"Accueil\",\"item\":\"https:\/\/www.enscmu.uha.fr\/\"},{\"@type\":\"ListItem\",\"position\":2,\"name\":\"200 ANS DE CHIMIE\",\"item\":\"https:\/\/www.enscmu.uha.fr\/index.php\/200-ans-de-chimie-le-programme\/\"},{\"@type\":\"ListItem\",\"position\":3,\"name\":\"COLLOQUE RECHERCHE\"}]},{\"@type\":\"WebSite\",\"@id\":\"https:\/\/www.enscmu.uha.fr\/#website\",\"url\":\"https:\/\/www.enscmu.uha.fr\/\",\"name\":\"ENSCMu | \u00c9cole Nationale Sup\u00e9rieure de Chimie de Mulhouse\",\"description\":\"Campus Illberg | Universit\u00e9 de Haute-Alsace\",\"potentialAction\":[{\"@type\":\"SearchAction\",\"target\":{\"@type\":\"EntryPoint\",\"urlTemplate\":\"https:\/\/www.enscmu.uha.fr\/?s={search_term_string}\"},\"query-input\":{\"@type\":\"PropertyValueSpecification\",\"valueRequired\":true,\"valueName\":\"search_term_string\"}}],\"inLanguage\":\"fr-FR\"}]}<\/script>\n<!-- \/ Yoast SEO plugin. -->","yoast_head_json":{"title":"COLLOQUE RECHERCHE - ENSCMu","robots":{"index":"index","follow":"follow","max-snippet":"max-snippet:-1","max-image-preview":"max-image-preview:large","max-video-preview":"max-video-preview:-1"},"canonical":"https:\/\/www.enscmu.uha.fr\/index.php\/200-ans-de-chimie-le-programme\/colloque-recherche\/","og_locale":"fr_FR","og_type":"article","og_title":"COLLOQUE RECHERCHE - ENSCMu","og_description":"Colloque recherche, 200 ans de chimie \u00e0 l\u2019ENSCMu &#8211; 15 et 16 d\u00e9cembre 2022 200 ans de chimie \u00e0 l\u2019ENSCMu\u00a0! C\u2019est 200 ans de formation, de projets, d\u2019Histoire et d\u2019histoires mais aussi 200 ans de recherche et d\u2019innovation. Dans le cadre de la c\u00e9l\u00e9bration de son bicentenaire l\u2019ENSCMu organise son colloque recherche le\u00a015 et\u00a016 d\u00e9cembre [&hellip;]","og_url":"https:\/\/www.enscmu.uha.fr\/index.php\/200-ans-de-chimie-le-programme\/colloque-recherche\/","og_site_name":"ENSCMu | \u00c9cole Nationale Sup\u00e9rieure de Chimie de Mulhouse","article_modified_time":"2022-12-07T09:00:40+00:00","twitter_card":"summary_large_image","twitter_misc":{"Dur\u00e9e de lecture estim\u00e9e":"2 minutes"},"schema":{"@context":"https:\/\/schema.org","@graph":[{"@type":"WebPage","@id":"https:\/\/www.enscmu.uha.fr\/index.php\/200-ans-de-chimie-le-programme\/colloque-recherche\/","url":"https:\/\/www.enscmu.uha.fr\/index.php\/200-ans-de-chimie-le-programme\/colloque-recherche\/","name":"COLLOQUE RECHERCHE - ENSCMu","isPartOf":{"@id":"https:\/\/www.enscmu.uha.fr\/#website"},"datePublished":"2022-12-07T08:56:39+00:00","dateModified":"2022-12-07T09:00:40+00:00","breadcrumb":{"@id":"https:\/\/www.enscmu.uha.fr\/index.php\/200-ans-de-chimie-le-programme\/colloque-recherche\/#breadcrumb"},"inLanguage":"fr-FR","potentialAction":[{"@type":"ReadAction","target":["https:\/\/www.enscmu.uha.fr\/index.php\/200-ans-de-chimie-le-programme\/colloque-recherche\/"]}]},{"@type":"BreadcrumbList","@id":"https:\/\/www.enscmu.uha.fr\/index.php\/200-ans-de-chimie-le-programme\/colloque-recherche\/#breadcrumb","itemListElement":[{"@type":"ListItem","position":1,"name":"Accueil","item":"https:\/\/www.enscmu.uha.fr\/"},{"@type":"ListItem","position":2,"name":"200 ANS DE CHIMIE","item":"https:\/\/www.enscmu.uha.fr\/index.php\/200-ans-de-chimie-le-programme\/"},{"@type":"ListItem","position":3,"name":"COLLOQUE RECHERCHE"}]},{"@type":"WebSite","@id":"https:\/\/www.enscmu.uha.fr\/#website","url":"https:\/\/www.enscmu.uha.fr\/","name":"ENSCMu | \u00c9cole Nationale Sup\u00e9rieure de Chimie de Mulhouse","description":"Campus Illberg | Universit\u00e9 de Haute-Alsace","potentialAction":[{"@type":"SearchAction","target":{"@type":"EntryPoint","urlTemplate":"https:\/\/www.enscmu.uha.fr\/?s={search_term_string}"},"query-input":{"@type":"PropertyValueSpecification","valueRequired":true,"valueName":"search_term_string"}}],"inLanguage":"fr-FR"}]}},"_links":{"self":[{"href":"https:\/\/www.enscmu.uha.fr\/index.php\/wp-json\/wp\/v2\/pages\/4290","targetHints":{"allow":["GET"]}}],"collection":[{"href":"https:\/\/www.enscmu.uha.fr\/index.php\/wp-json\/wp\/v2\/pages"}],"about":[{"href":"https:\/\/www.enscmu.uha.fr\/index.php\/wp-json\/wp\/v2\/types\/page"}],"author":[{"embeddable":true,"href":"https:\/\/www.enscmu.uha.fr\/index.php\/wp-json\/wp\/v2\/users\/2"}],"replies":[{"embeddable":true,"href":"https:\/\/www.enscmu.uha.fr\/index.php\/wp-json\/wp\/v2\/comments?post=4290"}],"version-history":[{"count":3,"href":"https:\/\/www.enscmu.uha.fr\/index.php\/wp-json\/wp\/v2\/pages\/4290\/revisions"}],"predecessor-version":[{"id":4294,"href":"https:\/\/www.enscmu.uha.fr\/index.php\/wp-json\/wp\/v2\/pages\/4290\/revisions\/4294"}],"up":[{"embeddable":true,"href":"https:\/\/www.enscmu.uha.fr\/index.php\/wp-json\/wp\/v2\/pages\/3499"}],"wp:attachment":[{"href":"https:\/\/www.enscmu.uha.fr\/index.php\/wp-json\/wp\/v2\/media?parent=4290"}],"wp:term":[{"taxonomy":"category","embeddable":true,"href":"https:\/\/www.enscmu.uha.fr\/index.php\/wp-json\/wp\/v2\/categories?post=4290"},{"taxonomy":"post_tag","embeddable":true,"href":"https:\/\/www.enscmu.uha.fr\/index.php\/wp-json\/wp\/v2\/tags?post=4290"}],"curies":[{"name":"wp","href":"https:\/\/api.w.org\/{rel}","templated":true}]}}