{"id":43,"date":"2017-12-12T15:52:21","date_gmt":"2017-12-12T14:52:21","guid":{"rendered":"https:\/\/www.enscmu.uha.fr\/?page_id=43"},"modified":"2025-06-24T11:11:28","modified_gmt":"2025-06-24T09:11:28","slug":"mastere-specialise","status":"publish","type":"page","link":"https:\/\/www.enscmu.uha.fr\/index.php\/formation\/mastere-specialise\/","title":{"rendered":"MAST\u00c8RE SP\u00c9CIALIS\u00c9 NRBCE"},"content":{"rendered":"<div class=\"deflex main\" style=\"display: flex;\">\n<div class=\"deborder\" style=\"width: 70%; margin-left: auto; margin-right: auto; padding-right: 5%;\">\n<p>L\u2019ENSCMu propose un programme Mast\u00e8re Sp\u00e9cialis\u00e9 gestion des risques et menaces N.R.B.C.E. (Nucl\u00e9aire, Radioactif, Biologique, Chimique Explosif) depuis la rentr\u00e9e 2011. Cette formation de sp\u00e9cialisation est habilit\u00e9e par la <a href=\"http:\/\/www.cge.asso.fr\/\" target=\"_blank\" rel=\"noopener noreferrer\">Conf\u00e9rence des Grandes \u00c9coles<\/a>.<\/p>\n<h1>Objectif<\/h1>\n<p>Le programme Mast\u00e8re Sp\u00e9cialis\u00e9 gestion des risques et menaces N.R.B.C.E. est une formation transversale d\u2019une ann\u00e9e destin\u00e9e \u00e0 des cadres sp\u00e9cialistes de l\u2019intervention. Elle vise \u00e0 permettre une intervention efficace face \u00e0 des accidents graves. Ces accidents peuvent \u00eatre d\u2019ordre nucl\u00e9aire, radioactif, biologique ou chimique li\u00e9s \u00e0 un risque naturel, technologique ou \u00e0 un acte de malveillance.<\/p>\n<p>Elle concerne les jeunes dipl\u00f4m\u00e9s ing\u00e9nieurs et professionnels des corps de m\u00e9tiers suivants : sapeurs pompiers, police et gendarmerie, forces arm\u00e9es, d\u00e9mineurs, lutte anti-terroriste, m\u00e9decins urgentistes mais aussi responsables de la s\u00e9curit\u00e9 dans les industries chimique, biologique et nucl\u00e9aire.<\/p>\n<h1>Partenaires<\/h1>\n<p>Cette formation comporte des enseignements assur\u00e9s par l\u2019ensemble des corps de m\u00e9tiers concern\u00e9s. Cela inclut les Sapeurs-Pompiers, pour la d\u00e9tection, la reconnaissance et les premiers secours, mais aussi la Police et la Gendarmerie pour tous les aspects relatifs \u00e0 la pr\u00e9servation des traces et indices, \u00e0 leur exploitation et la mise en place des p\u00e9rim\u00e8tres de s\u00e9curit\u00e9. De m\u00eame les Forces Arm\u00e9es sont concern\u00e9es au titre des op\u00e9rations de d\u00e9minage, des op\u00e9rations \u00e0 tr\u00e8s grande \u00e9chelle, ou encore de l\u2019assistance aux victimes dans le cas d\u2019une population importante \u00e0 secourir. Enfin les vacataires formateurs comptent aussi des repr\u00e9sentants des services de m\u00e9decine relevant des risques N.R.B.C.E.<\/p>\n<p>Le <a href=\"http:\/\/www.serfa.fr\/\" target=\"_blank\" rel=\"noopener noreferrer\">Service d\u2019Enseignement et de Recherche en Formation d\u2019Adultes<\/a> (SERFA) de l\u2019UHA organise la formation et g\u00e8re les inscriptions. Il met ainsi \u00e0 profit son exp\u00e9rience p\u00e9dagogique en mati\u00e8re de formation pour adultes.<\/p>\n<p>Consultez la page d\u00e9di\u00e9e \u00e0 la formation et les modalit\u00e9s de candidature sur le site du <a href=\"https:\/\/www.serfa.fr\/index.php\/formations-diplomantes\/diplomes-universitaire\/mastere-specialise-gestion-des-risques-et-menaces-n-r-b-c-e\" target=\"_blank\" rel=\"noopener noreferrer\">SERFA Programme Mast\u00e8re sp\u00e9cialis\u00e9 NRBCE<\/a>.<\/p>\n<\/div>\n<div style=\"width: 27.5%; margin-left: auto; margin-right: auto;\">Contact ENSCMu : St\u00e9phanie FREITAG, responsable p\u00e9dagogique<br \/>\nContacts SERFA : Camille ZIEGLER<br \/>\n<a href=\"https:\/\/www.annuaire.uha.fr\/\">Contactez-nous<\/a><\/div>\n<\/div>\n","protected":false},"excerpt":{"rendered":"<p>L\u2019ENSCMu propose un programme Mast\u00e8re Sp\u00e9cialis\u00e9 gestion des risques et menaces N.R.B.C.E. (Nucl\u00e9aire, Radioactif, Biologique, Chimique Explosif) depuis la rentr\u00e9e 2011. Cette formation de sp\u00e9cialisation est habilit\u00e9e par la Conf\u00e9rence des Grandes \u00c9coles. Objectif Le programme Mast\u00e8re Sp\u00e9cialis\u00e9 gestion des risques et menaces N.R.B.C.E. est une formation transversale d\u2019une ann\u00e9e destin\u00e9e \u00e0 des cadres sp\u00e9cialistes [&hellip;]<\/p>\n","protected":false},"author":1,"featured_media":0,"parent":17,"menu_order":0,"comment_status":"closed","ping_status":"closed","template":"","meta":{"footnotes":""},"categories":[5],"tags":[],"class_list":["post-43","page","type-page","status-publish","hentry","category-futurs-etudiants"],"yoast_head":"<!-- This site is optimized with the Yoast SEO plugin v27.0 - https:\/\/yoast.com\/product\/yoast-seo-wordpress\/ -->\n<title>MAST\u00c8RE SP\u00c9CIALIS\u00c9 NRBCE - ENSCMu<\/title>\n<meta name=\"robots\" content=\"index, follow, max-snippet:-1, max-image-preview:large, max-video-preview:-1\" \/>\n<link rel=\"canonical\" href=\"https:\/\/www.enscmu.uha.fr\/index.php\/formation\/mastere-specialise\/\" \/>\n<meta property=\"og:locale\" content=\"fr_FR\" \/>\n<meta property=\"og:type\" content=\"article\" \/>\n<meta property=\"og:title\" content=\"MAST\u00c8RE SP\u00c9CIALIS\u00c9 NRBCE - ENSCMu\" \/>\n<meta property=\"og:description\" content=\"L\u2019ENSCMu propose un programme Mast\u00e8re Sp\u00e9cialis\u00e9 gestion des risques et menaces N.R.B.C.E. (Nucl\u00e9aire, Radioactif, Biologique, Chimique Explosif) depuis la rentr\u00e9e 2011. Cette formation de sp\u00e9cialisation est habilit\u00e9e par la Conf\u00e9rence des Grandes \u00c9coles. Objectif Le programme Mast\u00e8re Sp\u00e9cialis\u00e9 gestion des risques et menaces N.R.B.C.E. est une formation transversale d\u2019une ann\u00e9e destin\u00e9e \u00e0 des cadres sp\u00e9cialistes [&hellip;]\" \/>\n<meta property=\"og:url\" content=\"https:\/\/www.enscmu.uha.fr\/index.php\/formation\/mastere-specialise\/\" \/>\n<meta property=\"og:site_name\" content=\"ENSCMu | \u00c9cole Nationale Sup\u00e9rieure de Chimie de Mulhouse\" \/>\n<meta property=\"article:modified_time\" content=\"2025-06-24T09:11:28+00:00\" \/>\n<meta name=\"twitter:card\" content=\"summary_large_image\" \/>\n<meta name=\"twitter:label1\" content=\"Dur\u00e9e de lecture estim\u00e9e\" \/>\n\t<meta name=\"twitter:data1\" content=\"2 minutes\" \/>\n<script type=\"application\/ld+json\" class=\"yoast-schema-graph\">{\"@context\":\"https:\/\/schema.org\",\"@graph\":[{\"@type\":\"WebPage\",\"@id\":\"https:\/\/www.enscmu.uha.fr\/index.php\/formation\/mastere-specialise\/\",\"url\":\"https:\/\/www.enscmu.uha.fr\/index.php\/formation\/mastere-specialise\/\",\"name\":\"MAST\u00c8RE SP\u00c9CIALIS\u00c9 NRBCE - ENSCMu\",\"isPartOf\":{\"@id\":\"https:\/\/www.enscmu.uha.fr\/#website\"},\"datePublished\":\"2017-12-12T14:52:21+00:00\",\"dateModified\":\"2025-06-24T09:11:28+00:00\",\"breadcrumb\":{\"@id\":\"https:\/\/www.enscmu.uha.fr\/index.php\/formation\/mastere-specialise\/#breadcrumb\"},\"inLanguage\":\"fr-FR\",\"potentialAction\":[{\"@type\":\"ReadAction\",\"target\":[\"https:\/\/www.enscmu.uha.fr\/index.php\/formation\/mastere-specialise\/\"]}]},{\"@type\":\"BreadcrumbList\",\"@id\":\"https:\/\/www.enscmu.uha.fr\/index.php\/formation\/mastere-specialise\/#breadcrumb\",\"itemListElement\":[{\"@type\":\"ListItem\",\"position\":1,\"name\":\"Accueil\",\"item\":\"https:\/\/www.enscmu.uha.fr\/\"},{\"@type\":\"ListItem\",\"position\":2,\"name\":\"FORMATION\",\"item\":\"https:\/\/www.enscmu.uha.fr\/index.php\/formation\/\"},{\"@type\":\"ListItem\",\"position\":3,\"name\":\"MAST\u00c8RE SP\u00c9CIALIS\u00c9 NRBCE\"}]},{\"@type\":\"WebSite\",\"@id\":\"https:\/\/www.enscmu.uha.fr\/#website\",\"url\":\"https:\/\/www.enscmu.uha.fr\/\",\"name\":\"ENSCMu | \u00c9cole Nationale Sup\u00e9rieure de Chimie de Mulhouse\",\"description\":\"Campus Illberg | Universit\u00e9 de Haute-Alsace\",\"potentialAction\":[{\"@type\":\"SearchAction\",\"target\":{\"@type\":\"EntryPoint\",\"urlTemplate\":\"https:\/\/www.enscmu.uha.fr\/?s={search_term_string}\"},\"query-input\":{\"@type\":\"PropertyValueSpecification\",\"valueRequired\":true,\"valueName\":\"search_term_string\"}}],\"inLanguage\":\"fr-FR\"}]}<\/script>\n<!-- \/ Yoast SEO plugin. -->","yoast_head_json":{"title":"MAST\u00c8RE SP\u00c9CIALIS\u00c9 NRBCE - ENSCMu","robots":{"index":"index","follow":"follow","max-snippet":"max-snippet:-1","max-image-preview":"max-image-preview:large","max-video-preview":"max-video-preview:-1"},"canonical":"https:\/\/www.enscmu.uha.fr\/index.php\/formation\/mastere-specialise\/","og_locale":"fr_FR","og_type":"article","og_title":"MAST\u00c8RE SP\u00c9CIALIS\u00c9 NRBCE - ENSCMu","og_description":"L\u2019ENSCMu propose un programme Mast\u00e8re Sp\u00e9cialis\u00e9 gestion des risques et menaces N.R.B.C.E. (Nucl\u00e9aire, Radioactif, Biologique, Chimique Explosif) depuis la rentr\u00e9e 2011. Cette formation de sp\u00e9cialisation est habilit\u00e9e par la Conf\u00e9rence des Grandes \u00c9coles. Objectif Le programme Mast\u00e8re Sp\u00e9cialis\u00e9 gestion des risques et menaces N.R.B.C.E. est une formation transversale d\u2019une ann\u00e9e destin\u00e9e \u00e0 des cadres sp\u00e9cialistes [&hellip;]","og_url":"https:\/\/www.enscmu.uha.fr\/index.php\/formation\/mastere-specialise\/","og_site_name":"ENSCMu | \u00c9cole Nationale Sup\u00e9rieure de Chimie de Mulhouse","article_modified_time":"2025-06-24T09:11:28+00:00","twitter_card":"summary_large_image","twitter_misc":{"Dur\u00e9e de lecture estim\u00e9e":"2 minutes"},"schema":{"@context":"https:\/\/schema.org","@graph":[{"@type":"WebPage","@id":"https:\/\/www.enscmu.uha.fr\/index.php\/formation\/mastere-specialise\/","url":"https:\/\/www.enscmu.uha.fr\/index.php\/formation\/mastere-specialise\/","name":"MAST\u00c8RE SP\u00c9CIALIS\u00c9 NRBCE - ENSCMu","isPartOf":{"@id":"https:\/\/www.enscmu.uha.fr\/#website"},"datePublished":"2017-12-12T14:52:21+00:00","dateModified":"2025-06-24T09:11:28+00:00","breadcrumb":{"@id":"https:\/\/www.enscmu.uha.fr\/index.php\/formation\/mastere-specialise\/#breadcrumb"},"inLanguage":"fr-FR","potentialAction":[{"@type":"ReadAction","target":["https:\/\/www.enscmu.uha.fr\/index.php\/formation\/mastere-specialise\/"]}]},{"@type":"BreadcrumbList","@id":"https:\/\/www.enscmu.uha.fr\/index.php\/formation\/mastere-specialise\/#breadcrumb","itemListElement":[{"@type":"ListItem","position":1,"name":"Accueil","item":"https:\/\/www.enscmu.uha.fr\/"},{"@type":"ListItem","position":2,"name":"FORMATION","item":"https:\/\/www.enscmu.uha.fr\/index.php\/formation\/"},{"@type":"ListItem","position":3,"name":"MAST\u00c8RE SP\u00c9CIALIS\u00c9 NRBCE"}]},{"@type":"WebSite","@id":"https:\/\/www.enscmu.uha.fr\/#website","url":"https:\/\/www.enscmu.uha.fr\/","name":"ENSCMu | \u00c9cole Nationale Sup\u00e9rieure de Chimie de Mulhouse","description":"Campus Illberg | Universit\u00e9 de Haute-Alsace","potentialAction":[{"@type":"SearchAction","target":{"@type":"EntryPoint","urlTemplate":"https:\/\/www.enscmu.uha.fr\/?s={search_term_string}"},"query-input":{"@type":"PropertyValueSpecification","valueRequired":true,"valueName":"search_term_string"}}],"inLanguage":"fr-FR"}]}},"_links":{"self":[{"href":"https:\/\/www.enscmu.uha.fr\/index.php\/wp-json\/wp\/v2\/pages\/43","targetHints":{"allow":["GET"]}}],"collection":[{"href":"https:\/\/www.enscmu.uha.fr\/index.php\/wp-json\/wp\/v2\/pages"}],"about":[{"href":"https:\/\/www.enscmu.uha.fr\/index.php\/wp-json\/wp\/v2\/types\/page"}],"author":[{"embeddable":true,"href":"https:\/\/www.enscmu.uha.fr\/index.php\/wp-json\/wp\/v2\/users\/1"}],"replies":[{"embeddable":true,"href":"https:\/\/www.enscmu.uha.fr\/index.php\/wp-json\/wp\/v2\/comments?post=43"}],"version-history":[{"count":24,"href":"https:\/\/www.enscmu.uha.fr\/index.php\/wp-json\/wp\/v2\/pages\/43\/revisions"}],"predecessor-version":[{"id":5421,"href":"https:\/\/www.enscmu.uha.fr\/index.php\/wp-json\/wp\/v2\/pages\/43\/revisions\/5421"}],"up":[{"embeddable":true,"href":"https:\/\/www.enscmu.uha.fr\/index.php\/wp-json\/wp\/v2\/pages\/17"}],"wp:attachment":[{"href":"https:\/\/www.enscmu.uha.fr\/index.php\/wp-json\/wp\/v2\/media?parent=43"}],"wp:term":[{"taxonomy":"category","embeddable":true,"href":"https:\/\/www.enscmu.uha.fr\/index.php\/wp-json\/wp\/v2\/categories?post=43"},{"taxonomy":"post_tag","embeddable":true,"href":"https:\/\/www.enscmu.uha.fr\/index.php\/wp-json\/wp\/v2\/tags?post=43"}],"curies":[{"name":"wp","href":"https:\/\/api.w.org\/{rel}","templated":true}]}}