{"id":45,"date":"2017-12-12T15:52:33","date_gmt":"2017-12-12T14:52:33","guid":{"rendered":"https:\/\/www.enscmu.uha.fr\/?page_id=45"},"modified":"2020-02-10T14:23:53","modified_gmt":"2020-02-10T13:23:53","slug":"recherche","status":"publish","type":"page","link":"https:\/\/www.enscmu.uha.fr\/index.php\/recherche\/","title":{"rendered":"RECHERCHE"},"content":{"rendered":"<figure id=\"attachment_244\" aria-describedby=\"caption-attachment-244\" style=\"width: 300px\" class=\"wp-caption alignright\"><img loading=\"lazy\" decoding=\"async\" class=\"wp-image-244 size-medium\" src=\"https:\/\/www.enscmu.uha.fr\/wp-content\/uploads\/2017\/12\/ENSCMu-recherche-photochimie\u00a9GregoryTachet-300x200.jpg\" alt=\"Recherche en photochimie\" width=\"300\" height=\"200\" srcset=\"https:\/\/www.enscmu.uha.fr\/wp-content\/uploads\/2017\/12\/ENSCMu-recherche-photochimie\u00a9GregoryTachet-300x200.jpg 300w, https:\/\/www.enscmu.uha.fr\/wp-content\/uploads\/2017\/12\/ENSCMu-recherche-photochimie\u00a9GregoryTachet-768x512.jpg 768w, https:\/\/www.enscmu.uha.fr\/wp-content\/uploads\/2017\/12\/ENSCMu-recherche-photochimie\u00a9GregoryTachet-1024x683.jpg 1024w, https:\/\/www.enscmu.uha.fr\/wp-content\/uploads\/2017\/12\/ENSCMu-recherche-photochimie\u00a9GregoryTachet.jpg 1181w\" sizes=\"auto, (max-width: 300px) 100vw, 300px\" \/><figcaption id=\"caption-attachment-244\" class=\"wp-caption-text\">\u00a9GregoryTachet<\/figcaption><\/figure>\n<p>L\u2019ENSCMu est adoss\u00e9e aux laboratoires de recherche qui l\u2019entourent et dans lesquels ses enseignants-chercheurs m\u00e8nent leurs travaux. Cette relation \u00e9troite permet d\u2019offrir aux \u00e9l\u00e8ves un enseignement de qualit\u00e9 mais aussi la possibilit\u00e9 de d\u00e9couvrir le monde de la recherche \u00e0 travers des <a href=\"https:\/\/www.enscmu.uha.fr\/index.php\/recherche\/recherche-enseignement\/\">stages et projets<\/a>.<\/p>\n<p>Les <a href=\"https:\/\/www.enscmu.uha.fr\/index.php\/relations-entreprises\/partenariats\/\">partenaires entreprises<\/a> de l\u2019ENSCMu peuvent aussi \u00eatre int\u00e9ress\u00e9s par l\u2019expertise et les \u00e9quipements des laboratoires pour d\u00e9velopper leurs projets.<\/p>\n","protected":false},"excerpt":{"rendered":"<p>L\u2019ENSCMu est adoss\u00e9e aux laboratoires de recherche qui l\u2019entourent et dans lesquels ses enseignants-chercheurs m\u00e8nent leurs travaux. Cette relation \u00e9troite permet d\u2019offrir aux \u00e9l\u00e8ves un enseignement de qualit\u00e9 mais aussi la possibilit\u00e9 de d\u00e9couvrir le monde de la recherche \u00e0 travers des stages et projets. Les partenaires entreprises de l\u2019ENSCMu peuvent aussi \u00eatre int\u00e9ress\u00e9s par [&hellip;]<\/p>\n","protected":false},"author":1,"featured_media":244,"parent":0,"menu_order":0,"comment_status":"closed","ping_status":"closed","template":"","meta":{"footnotes":""},"categories":[6],"tags":[],"class_list":["post-45","page","type-page","status-publish","has-post-thumbnail","hentry","category-entreprises-partenaires"],"yoast_head":"<!-- This site is optimized with the Yoast SEO plugin v27.4 - https:\/\/yoast.com\/product\/yoast-seo-wordpress\/ -->\n<title>RECHERCHE - ENSCMu<\/title>\n<meta name=\"robots\" content=\"index, follow, max-snippet:-1, max-image-preview:large, max-video-preview:-1\" \/>\n<link rel=\"canonical\" href=\"https:\/\/www.enscmu.uha.fr\/index.php\/recherche\/\" \/>\n<meta property=\"og:locale\" content=\"fr_FR\" \/>\n<meta property=\"og:type\" content=\"article\" \/>\n<meta property=\"og:title\" content=\"RECHERCHE - ENSCMu\" \/>\n<meta property=\"og:description\" content=\"L\u2019ENSCMu est adoss\u00e9e aux laboratoires de recherche qui l\u2019entourent et dans lesquels ses enseignants-chercheurs m\u00e8nent leurs travaux. Cette relation \u00e9troite permet d\u2019offrir aux \u00e9l\u00e8ves un enseignement de qualit\u00e9 mais aussi la possibilit\u00e9 de d\u00e9couvrir le monde de la recherche \u00e0 travers des stages et projets. Les partenaires entreprises de l\u2019ENSCMu peuvent aussi \u00eatre int\u00e9ress\u00e9s par [&hellip;]\" \/>\n<meta property=\"og:url\" content=\"https:\/\/www.enscmu.uha.fr\/index.php\/recherche\/\" \/>\n<meta property=\"og:site_name\" content=\"ENSCMu | \u00c9cole Nationale Sup\u00e9rieure de Chimie de Mulhouse\" \/>\n<meta property=\"article:modified_time\" content=\"2020-02-10T13:23:53+00:00\" \/>\n<meta property=\"og:image\" content=\"https:\/\/www.enscmu.uha.fr\/wp-content\/uploads\/2017\/12\/ENSCMu-recherche-photochimie\u00a9GregoryTachet.jpg\" \/>\n\t<meta property=\"og:image:width\" content=\"1181\" \/>\n\t<meta property=\"og:image:height\" content=\"788\" \/>\n\t<meta property=\"og:image:type\" content=\"image\/jpeg\" \/>\n<meta name=\"twitter:card\" content=\"summary_large_image\" \/>\n<script type=\"application\/ld+json\" class=\"yoast-schema-graph\">{\"@context\":\"https:\\\/\\\/schema.org\",\"@graph\":[{\"@type\":\"WebPage\",\"@id\":\"https:\\\/\\\/www.enscmu.uha.fr\\\/index.php\\\/recherche\\\/\",\"url\":\"https:\\\/\\\/www.enscmu.uha.fr\\\/index.php\\\/recherche\\\/\",\"name\":\"RECHERCHE - ENSCMu\",\"isPartOf\":{\"@id\":\"https:\\\/\\\/www.enscmu.uha.fr\\\/#website\"},\"primaryImageOfPage\":{\"@id\":\"https:\\\/\\\/www.enscmu.uha.fr\\\/index.php\\\/recherche\\\/#primaryimage\"},\"image\":{\"@id\":\"https:\\\/\\\/www.enscmu.uha.fr\\\/index.php\\\/recherche\\\/#primaryimage\"},\"thumbnailUrl\":\"https:\\\/\\\/www.enscmu.uha.fr\\\/wp-content\\\/uploads\\\/2017\\\/12\\\/ENSCMu-recherche-photochimie\u00a9GregoryTachet.jpg\",\"datePublished\":\"2017-12-12T14:52:33+00:00\",\"dateModified\":\"2020-02-10T13:23:53+00:00\",\"breadcrumb\":{\"@id\":\"https:\\\/\\\/www.enscmu.uha.fr\\\/index.php\\\/recherche\\\/#breadcrumb\"},\"inLanguage\":\"fr-FR\",\"potentialAction\":[{\"@type\":\"ReadAction\",\"target\":[\"https:\\\/\\\/www.enscmu.uha.fr\\\/index.php\\\/recherche\\\/\"]}]},{\"@type\":\"ImageObject\",\"inLanguage\":\"fr-FR\",\"@id\":\"https:\\\/\\\/www.enscmu.uha.fr\\\/index.php\\\/recherche\\\/#primaryimage\",\"url\":\"https:\\\/\\\/www.enscmu.uha.fr\\\/wp-content\\\/uploads\\\/2017\\\/12\\\/ENSCMu-recherche-photochimie\u00a9GregoryTachet.jpg\",\"contentUrl\":\"https:\\\/\\\/www.enscmu.uha.fr\\\/wp-content\\\/uploads\\\/2017\\\/12\\\/ENSCMu-recherche-photochimie\u00a9GregoryTachet.jpg\",\"width\":1181,\"height\":788,\"caption\":\"\u00a9GregoryTachet\"},{\"@type\":\"BreadcrumbList\",\"@id\":\"https:\\\/\\\/www.enscmu.uha.fr\\\/index.php\\\/recherche\\\/#breadcrumb\",\"itemListElement\":[{\"@type\":\"ListItem\",\"position\":1,\"name\":\"Accueil\",\"item\":\"https:\\\/\\\/www.enscmu.uha.fr\\\/\"},{\"@type\":\"ListItem\",\"position\":2,\"name\":\"RECHERCHE\"}]},{\"@type\":\"WebSite\",\"@id\":\"https:\\\/\\\/www.enscmu.uha.fr\\\/#website\",\"url\":\"https:\\\/\\\/www.enscmu.uha.fr\\\/\",\"name\":\"ENSCMu | \u00c9cole Nationale Sup\u00e9rieure de Chimie de Mulhouse\",\"description\":\"Campus Illberg | Universit\u00e9 de Haute-Alsace\",\"potentialAction\":[{\"@type\":\"SearchAction\",\"target\":{\"@type\":\"EntryPoint\",\"urlTemplate\":\"https:\\\/\\\/www.enscmu.uha.fr\\\/?s={search_term_string}\"},\"query-input\":{\"@type\":\"PropertyValueSpecification\",\"valueRequired\":true,\"valueName\":\"search_term_string\"}}],\"inLanguage\":\"fr-FR\"}]}<\/script>\n<!-- \/ Yoast SEO plugin. -->","yoast_head_json":{"title":"RECHERCHE - ENSCMu","robots":{"index":"index","follow":"follow","max-snippet":"max-snippet:-1","max-image-preview":"max-image-preview:large","max-video-preview":"max-video-preview:-1"},"canonical":"https:\/\/www.enscmu.uha.fr\/index.php\/recherche\/","og_locale":"fr_FR","og_type":"article","og_title":"RECHERCHE - ENSCMu","og_description":"L\u2019ENSCMu est adoss\u00e9e aux laboratoires de recherche qui l\u2019entourent et dans lesquels ses enseignants-chercheurs m\u00e8nent leurs travaux. Cette relation \u00e9troite permet d\u2019offrir aux \u00e9l\u00e8ves un enseignement de qualit\u00e9 mais aussi la possibilit\u00e9 de d\u00e9couvrir le monde de la recherche \u00e0 travers des stages et projets. Les partenaires entreprises de l\u2019ENSCMu peuvent aussi \u00eatre int\u00e9ress\u00e9s par [&hellip;]","og_url":"https:\/\/www.enscmu.uha.fr\/index.php\/recherche\/","og_site_name":"ENSCMu | \u00c9cole Nationale Sup\u00e9rieure de Chimie de Mulhouse","article_modified_time":"2020-02-10T13:23:53+00:00","og_image":[{"width":1181,"height":788,"url":"https:\/\/www.enscmu.uha.fr\/wp-content\/uploads\/2017\/12\/ENSCMu-recherche-photochimie\u00a9GregoryTachet.jpg","type":"image\/jpeg"}],"twitter_card":"summary_large_image","schema":{"@context":"https:\/\/schema.org","@graph":[{"@type":"WebPage","@id":"https:\/\/www.enscmu.uha.fr\/index.php\/recherche\/","url":"https:\/\/www.enscmu.uha.fr\/index.php\/recherche\/","name":"RECHERCHE - ENSCMu","isPartOf":{"@id":"https:\/\/www.enscmu.uha.fr\/#website"},"primaryImageOfPage":{"@id":"https:\/\/www.enscmu.uha.fr\/index.php\/recherche\/#primaryimage"},"image":{"@id":"https:\/\/www.enscmu.uha.fr\/index.php\/recherche\/#primaryimage"},"thumbnailUrl":"https:\/\/www.enscmu.uha.fr\/wp-content\/uploads\/2017\/12\/ENSCMu-recherche-photochimie\u00a9GregoryTachet.jpg","datePublished":"2017-12-12T14:52:33+00:00","dateModified":"2020-02-10T13:23:53+00:00","breadcrumb":{"@id":"https:\/\/www.enscmu.uha.fr\/index.php\/recherche\/#breadcrumb"},"inLanguage":"fr-FR","potentialAction":[{"@type":"ReadAction","target":["https:\/\/www.enscmu.uha.fr\/index.php\/recherche\/"]}]},{"@type":"ImageObject","inLanguage":"fr-FR","@id":"https:\/\/www.enscmu.uha.fr\/index.php\/recherche\/#primaryimage","url":"https:\/\/www.enscmu.uha.fr\/wp-content\/uploads\/2017\/12\/ENSCMu-recherche-photochimie\u00a9GregoryTachet.jpg","contentUrl":"https:\/\/www.enscmu.uha.fr\/wp-content\/uploads\/2017\/12\/ENSCMu-recherche-photochimie\u00a9GregoryTachet.jpg","width":1181,"height":788,"caption":"\u00a9GregoryTachet"},{"@type":"BreadcrumbList","@id":"https:\/\/www.enscmu.uha.fr\/index.php\/recherche\/#breadcrumb","itemListElement":[{"@type":"ListItem","position":1,"name":"Accueil","item":"https:\/\/www.enscmu.uha.fr\/"},{"@type":"ListItem","position":2,"name":"RECHERCHE"}]},{"@type":"WebSite","@id":"https:\/\/www.enscmu.uha.fr\/#website","url":"https:\/\/www.enscmu.uha.fr\/","name":"ENSCMu | \u00c9cole Nationale Sup\u00e9rieure de Chimie de Mulhouse","description":"Campus Illberg | Universit\u00e9 de Haute-Alsace","potentialAction":[{"@type":"SearchAction","target":{"@type":"EntryPoint","urlTemplate":"https:\/\/www.enscmu.uha.fr\/?s={search_term_string}"},"query-input":{"@type":"PropertyValueSpecification","valueRequired":true,"valueName":"search_term_string"}}],"inLanguage":"fr-FR"}]}},"_links":{"self":[{"href":"https:\/\/www.enscmu.uha.fr\/index.php\/wp-json\/wp\/v2\/pages\/45","targetHints":{"allow":["GET"]}}],"collection":[{"href":"https:\/\/www.enscmu.uha.fr\/index.php\/wp-json\/wp\/v2\/pages"}],"about":[{"href":"https:\/\/www.enscmu.uha.fr\/index.php\/wp-json\/wp\/v2\/types\/page"}],"author":[{"embeddable":true,"href":"https:\/\/www.enscmu.uha.fr\/index.php\/wp-json\/wp\/v2\/users\/1"}],"replies":[{"embeddable":true,"href":"https:\/\/www.enscmu.uha.fr\/index.php\/wp-json\/wp\/v2\/comments?post=45"}],"version-history":[{"count":8,"href":"https:\/\/www.enscmu.uha.fr\/index.php\/wp-json\/wp\/v2\/pages\/45\/revisions"}],"predecessor-version":[{"id":2086,"href":"https:\/\/www.enscmu.uha.fr\/index.php\/wp-json\/wp\/v2\/pages\/45\/revisions\/2086"}],"wp:featuredmedia":[{"embeddable":true,"href":"https:\/\/www.enscmu.uha.fr\/index.php\/wp-json\/wp\/v2\/media\/244"}],"wp:attachment":[{"href":"https:\/\/www.enscmu.uha.fr\/index.php\/wp-json\/wp\/v2\/media?parent=45"}],"wp:term":[{"taxonomy":"category","embeddable":true,"href":"https:\/\/www.enscmu.uha.fr\/index.php\/wp-json\/wp\/v2\/categories?post=45"},{"taxonomy":"post_tag","embeddable":true,"href":"https:\/\/www.enscmu.uha.fr\/index.php\/wp-json\/wp\/v2\/tags?post=45"}],"curies":[{"name":"wp","href":"https:\/\/api.w.org\/{rel}","templated":true}]}}