{"id":47,"date":"2017-12-12T15:52:53","date_gmt":"2017-12-12T14:52:53","guid":{"rendered":"https:\/\/www.enscmu.uha.fr\/?page_id=47"},"modified":"2020-09-29T16:52:56","modified_gmt":"2020-09-29T14:52:56","slug":"recherche-enseignement","status":"publish","type":"page","link":"https:\/\/www.enscmu.uha.fr\/index.php\/recherche\/recherche-enseignement\/","title":{"rendered":"RECHERCHE &#038; ENSEIGNEMENT"},"content":{"rendered":"<figure id=\"attachment_246\" aria-describedby=\"caption-attachment-246\" style=\"width: 200px\" class=\"wp-caption alignright\"><img loading=\"lazy\" decoding=\"async\" class=\"wp-image-246 size-medium\" src=\"https:\/\/www.enscmu.uha.fr\/wp-content\/uploads\/2017\/12\/ENSCMu-enseignement\u00a9GregoryTachet-200x300.jpg\" alt=\"Enseignement\" width=\"200\" height=\"300\" srcset=\"https:\/\/www.enscmu.uha.fr\/wp-content\/uploads\/2017\/12\/ENSCMu-enseignement\u00a9GregoryTachet-200x300.jpg 200w, https:\/\/www.enscmu.uha.fr\/wp-content\/uploads\/2017\/12\/ENSCMu-enseignement\u00a9GregoryTachet-768x1151.jpg 768w, https:\/\/www.enscmu.uha.fr\/wp-content\/uploads\/2017\/12\/ENSCMu-enseignement\u00a9GregoryTachet-683x1024.jpg 683w, https:\/\/www.enscmu.uha.fr\/wp-content\/uploads\/2017\/12\/ENSCMu-enseignement\u00a9GregoryTachet.jpg 788w\" sizes=\"auto, (max-width: 200px) 100vw, 200px\" \/><figcaption id=\"caption-attachment-246\" class=\"wp-caption-text\">\u00a9GregoryTachet<\/figcaption><\/figure>\n<p>La p\u00e9dagogie de l\u2019ENSCMu s\u2019appuie sur la recherche men\u00e9e sur le campus mulhousien en Chimie, Mat\u00e9riaux fonctionnels et Environnement :<\/p>\n<ul>\n<li>Les enseignants-chercheurs exercent leurs activit\u00e9s de recherche dans ces laboratoires. De ce fait ils font b\u00e9n\u00e9ficier les \u00e9l\u00e8ves-ing\u00e9nieurs des derni\u00e8res avanc\u00e9es dans leurs domaines (chimie organique et bioorganique, chimie inorganique, chimie macromol\u00e9culaire, mat\u00e9riaux, photochimie, risque et environnement, s\u00e9curit\u00e9).<\/li>\n<li>La formation comprend un stage de recherche de 8 semaines minimum en fin de 2<sup>e<\/sup> ann\u00e9e, en France ou \u00e0 l\u2019\u00e9tranger. Les \u00e9l\u00e8ves d\u00e9couvrent ainsi la recherche par la pratique.<\/li>\n<li>En 1<sup>re<\/sup> et 2<sup>e<\/sup> ann\u00e9es les \u00e9l\u00e8ves doivent mener des projets personnels, au choix de l&rsquo;\u00e9l\u00e8ve et obligatoirement en lien avec la chimie en 2e ann\u00e9e. Ils peuvent \u00eatre men\u00e9s en collaboration avec les <a href=\"https:\/\/www.enscmu.uha.fr\/index.php\/recherche\/equipes-de-recherche\/\">laboratoires et \u00e9quipes de recherche<\/a> du campus mulhousien.<br \/>\nLes \u00e9l\u00e8ves volontaires choisissent l\u2019un des sujets propos\u00e9s par les laboratoires. Puis ils travaillent avec des chercheurs, doctorants, enseignants-chercheurs de l\u2019automne au printemps. Enfin, ils pr\u00e9sentent leurs r\u00e9sultats (pour les sujets non confidentiels) lors d\u2019une journ\u00e9e d\u00e9di\u00e9e. Les personnels des laboratoires et les partenaires ext\u00e9rieurs y sont invit\u00e9s.<\/li>\n<\/ul>\n","protected":false},"excerpt":{"rendered":"<p>La p\u00e9dagogie de l\u2019ENSCMu s\u2019appuie sur la recherche men\u00e9e sur le campus mulhousien en Chimie, Mat\u00e9riaux fonctionnels et Environnement : Les enseignants-chercheurs exercent leurs activit\u00e9s de recherche dans ces laboratoires. De ce fait ils font b\u00e9n\u00e9ficier les \u00e9l\u00e8ves-ing\u00e9nieurs des derni\u00e8res avanc\u00e9es dans leurs domaines (chimie organique et bioorganique, chimie inorganique, chimie macromol\u00e9culaire, mat\u00e9riaux, photochimie, risque [&hellip;]<\/p>\n","protected":false},"author":1,"featured_media":246,"parent":45,"menu_order":0,"comment_status":"closed","ping_status":"closed","template":"","meta":{"footnotes":""},"categories":[6],"tags":[],"class_list":["post-47","page","type-page","status-publish","has-post-thumbnail","hentry","category-entreprises-partenaires"],"yoast_head":"<!-- This site is optimized with the Yoast SEO plugin v27.0 - https:\/\/yoast.com\/product\/yoast-seo-wordpress\/ -->\n<title>RECHERCHE &amp; ENSEIGNEMENT - ENSCMu<\/title>\n<meta name=\"robots\" content=\"index, follow, max-snippet:-1, max-image-preview:large, max-video-preview:-1\" \/>\n<link rel=\"canonical\" href=\"https:\/\/www.enscmu.uha.fr\/index.php\/recherche\/recherche-enseignement\/\" \/>\n<meta property=\"og:locale\" content=\"fr_FR\" \/>\n<meta property=\"og:type\" content=\"article\" \/>\n<meta property=\"og:title\" content=\"RECHERCHE &amp; ENSEIGNEMENT - ENSCMu\" \/>\n<meta property=\"og:description\" content=\"La p\u00e9dagogie de l\u2019ENSCMu s\u2019appuie sur la recherche men\u00e9e sur le campus mulhousien en Chimie, Mat\u00e9riaux fonctionnels et Environnement : Les enseignants-chercheurs exercent leurs activit\u00e9s de recherche dans ces laboratoires. De ce fait ils font b\u00e9n\u00e9ficier les \u00e9l\u00e8ves-ing\u00e9nieurs des derni\u00e8res avanc\u00e9es dans leurs domaines (chimie organique et bioorganique, chimie inorganique, chimie macromol\u00e9culaire, mat\u00e9riaux, photochimie, risque [&hellip;]\" \/>\n<meta property=\"og:url\" content=\"https:\/\/www.enscmu.uha.fr\/index.php\/recherche\/recherche-enseignement\/\" \/>\n<meta property=\"og:site_name\" content=\"ENSCMu | \u00c9cole Nationale Sup\u00e9rieure de Chimie de Mulhouse\" \/>\n<meta property=\"article:modified_time\" content=\"2020-09-29T14:52:56+00:00\" \/>\n<meta property=\"og:image\" content=\"https:\/\/www.enscmu.uha.fr\/wp-content\/uploads\/2017\/12\/ENSCMu-enseignement\u00a9GregoryTachet.jpg\" \/>\n\t<meta property=\"og:image:width\" content=\"788\" \/>\n\t<meta property=\"og:image:height\" content=\"1181\" \/>\n\t<meta property=\"og:image:type\" content=\"image\/jpeg\" \/>\n<meta name=\"twitter:card\" content=\"summary_large_image\" \/>\n<meta name=\"twitter:label1\" content=\"Dur\u00e9e de lecture estim\u00e9e\" \/>\n\t<meta name=\"twitter:data1\" content=\"1 minute\" \/>\n<script type=\"application\/ld+json\" class=\"yoast-schema-graph\">{\"@context\":\"https:\/\/schema.org\",\"@graph\":[{\"@type\":\"WebPage\",\"@id\":\"https:\/\/www.enscmu.uha.fr\/index.php\/recherche\/recherche-enseignement\/\",\"url\":\"https:\/\/www.enscmu.uha.fr\/index.php\/recherche\/recherche-enseignement\/\",\"name\":\"RECHERCHE & ENSEIGNEMENT - ENSCMu\",\"isPartOf\":{\"@id\":\"https:\/\/www.enscmu.uha.fr\/#website\"},\"primaryImageOfPage\":{\"@id\":\"https:\/\/www.enscmu.uha.fr\/index.php\/recherche\/recherche-enseignement\/#primaryimage\"},\"image\":{\"@id\":\"https:\/\/www.enscmu.uha.fr\/index.php\/recherche\/recherche-enseignement\/#primaryimage\"},\"thumbnailUrl\":\"https:\/\/www.enscmu.uha.fr\/wp-content\/uploads\/2017\/12\/ENSCMu-enseignement\u00a9GregoryTachet.jpg\",\"datePublished\":\"2017-12-12T14:52:53+00:00\",\"dateModified\":\"2020-09-29T14:52:56+00:00\",\"breadcrumb\":{\"@id\":\"https:\/\/www.enscmu.uha.fr\/index.php\/recherche\/recherche-enseignement\/#breadcrumb\"},\"inLanguage\":\"fr-FR\",\"potentialAction\":[{\"@type\":\"ReadAction\",\"target\":[\"https:\/\/www.enscmu.uha.fr\/index.php\/recherche\/recherche-enseignement\/\"]}]},{\"@type\":\"ImageObject\",\"inLanguage\":\"fr-FR\",\"@id\":\"https:\/\/www.enscmu.uha.fr\/index.php\/recherche\/recherche-enseignement\/#primaryimage\",\"url\":\"https:\/\/www.enscmu.uha.fr\/wp-content\/uploads\/2017\/12\/ENSCMu-enseignement\u00a9GregoryTachet.jpg\",\"contentUrl\":\"https:\/\/www.enscmu.uha.fr\/wp-content\/uploads\/2017\/12\/ENSCMu-enseignement\u00a9GregoryTachet.jpg\",\"width\":788,\"height\":1181,\"caption\":\"\u00a9GregoryTachet\"},{\"@type\":\"BreadcrumbList\",\"@id\":\"https:\/\/www.enscmu.uha.fr\/index.php\/recherche\/recherche-enseignement\/#breadcrumb\",\"itemListElement\":[{\"@type\":\"ListItem\",\"position\":1,\"name\":\"Accueil\",\"item\":\"https:\/\/www.enscmu.uha.fr\/\"},{\"@type\":\"ListItem\",\"position\":2,\"name\":\"RECHERCHE\",\"item\":\"https:\/\/www.enscmu.uha.fr\/index.php\/recherche\/\"},{\"@type\":\"ListItem\",\"position\":3,\"name\":\"RECHERCHE &#038; ENSEIGNEMENT\"}]},{\"@type\":\"WebSite\",\"@id\":\"https:\/\/www.enscmu.uha.fr\/#website\",\"url\":\"https:\/\/www.enscmu.uha.fr\/\",\"name\":\"ENSCMu | \u00c9cole Nationale Sup\u00e9rieure de Chimie de Mulhouse\",\"description\":\"Campus Illberg | Universit\u00e9 de Haute-Alsace\",\"potentialAction\":[{\"@type\":\"SearchAction\",\"target\":{\"@type\":\"EntryPoint\",\"urlTemplate\":\"https:\/\/www.enscmu.uha.fr\/?s={search_term_string}\"},\"query-input\":{\"@type\":\"PropertyValueSpecification\",\"valueRequired\":true,\"valueName\":\"search_term_string\"}}],\"inLanguage\":\"fr-FR\"}]}<\/script>\n<!-- \/ Yoast SEO plugin. -->","yoast_head_json":{"title":"RECHERCHE & ENSEIGNEMENT - ENSCMu","robots":{"index":"index","follow":"follow","max-snippet":"max-snippet:-1","max-image-preview":"max-image-preview:large","max-video-preview":"max-video-preview:-1"},"canonical":"https:\/\/www.enscmu.uha.fr\/index.php\/recherche\/recherche-enseignement\/","og_locale":"fr_FR","og_type":"article","og_title":"RECHERCHE & ENSEIGNEMENT - ENSCMu","og_description":"La p\u00e9dagogie de l\u2019ENSCMu s\u2019appuie sur la recherche men\u00e9e sur le campus mulhousien en Chimie, Mat\u00e9riaux fonctionnels et Environnement : Les enseignants-chercheurs exercent leurs activit\u00e9s de recherche dans ces laboratoires. De ce fait ils font b\u00e9n\u00e9ficier les \u00e9l\u00e8ves-ing\u00e9nieurs des derni\u00e8res avanc\u00e9es dans leurs domaines (chimie organique et bioorganique, chimie inorganique, chimie macromol\u00e9culaire, mat\u00e9riaux, photochimie, risque [&hellip;]","og_url":"https:\/\/www.enscmu.uha.fr\/index.php\/recherche\/recherche-enseignement\/","og_site_name":"ENSCMu | \u00c9cole Nationale Sup\u00e9rieure de Chimie de Mulhouse","article_modified_time":"2020-09-29T14:52:56+00:00","og_image":[{"width":788,"height":1181,"url":"https:\/\/www.enscmu.uha.fr\/wp-content\/uploads\/2017\/12\/ENSCMu-enseignement\u00a9GregoryTachet.jpg","type":"image\/jpeg"}],"twitter_card":"summary_large_image","twitter_misc":{"Dur\u00e9e de lecture estim\u00e9e":"1 minute"},"schema":{"@context":"https:\/\/schema.org","@graph":[{"@type":"WebPage","@id":"https:\/\/www.enscmu.uha.fr\/index.php\/recherche\/recherche-enseignement\/","url":"https:\/\/www.enscmu.uha.fr\/index.php\/recherche\/recherche-enseignement\/","name":"RECHERCHE & ENSEIGNEMENT - ENSCMu","isPartOf":{"@id":"https:\/\/www.enscmu.uha.fr\/#website"},"primaryImageOfPage":{"@id":"https:\/\/www.enscmu.uha.fr\/index.php\/recherche\/recherche-enseignement\/#primaryimage"},"image":{"@id":"https:\/\/www.enscmu.uha.fr\/index.php\/recherche\/recherche-enseignement\/#primaryimage"},"thumbnailUrl":"https:\/\/www.enscmu.uha.fr\/wp-content\/uploads\/2017\/12\/ENSCMu-enseignement\u00a9GregoryTachet.jpg","datePublished":"2017-12-12T14:52:53+00:00","dateModified":"2020-09-29T14:52:56+00:00","breadcrumb":{"@id":"https:\/\/www.enscmu.uha.fr\/index.php\/recherche\/recherche-enseignement\/#breadcrumb"},"inLanguage":"fr-FR","potentialAction":[{"@type":"ReadAction","target":["https:\/\/www.enscmu.uha.fr\/index.php\/recherche\/recherche-enseignement\/"]}]},{"@type":"ImageObject","inLanguage":"fr-FR","@id":"https:\/\/www.enscmu.uha.fr\/index.php\/recherche\/recherche-enseignement\/#primaryimage","url":"https:\/\/www.enscmu.uha.fr\/wp-content\/uploads\/2017\/12\/ENSCMu-enseignement\u00a9GregoryTachet.jpg","contentUrl":"https:\/\/www.enscmu.uha.fr\/wp-content\/uploads\/2017\/12\/ENSCMu-enseignement\u00a9GregoryTachet.jpg","width":788,"height":1181,"caption":"\u00a9GregoryTachet"},{"@type":"BreadcrumbList","@id":"https:\/\/www.enscmu.uha.fr\/index.php\/recherche\/recherche-enseignement\/#breadcrumb","itemListElement":[{"@type":"ListItem","position":1,"name":"Accueil","item":"https:\/\/www.enscmu.uha.fr\/"},{"@type":"ListItem","position":2,"name":"RECHERCHE","item":"https:\/\/www.enscmu.uha.fr\/index.php\/recherche\/"},{"@type":"ListItem","position":3,"name":"RECHERCHE &#038; ENSEIGNEMENT"}]},{"@type":"WebSite","@id":"https:\/\/www.enscmu.uha.fr\/#website","url":"https:\/\/www.enscmu.uha.fr\/","name":"ENSCMu | \u00c9cole Nationale Sup\u00e9rieure de Chimie de Mulhouse","description":"Campus Illberg | Universit\u00e9 de Haute-Alsace","potentialAction":[{"@type":"SearchAction","target":{"@type":"EntryPoint","urlTemplate":"https:\/\/www.enscmu.uha.fr\/?s={search_term_string}"},"query-input":{"@type":"PropertyValueSpecification","valueRequired":true,"valueName":"search_term_string"}}],"inLanguage":"fr-FR"}]}},"_links":{"self":[{"href":"https:\/\/www.enscmu.uha.fr\/index.php\/wp-json\/wp\/v2\/pages\/47","targetHints":{"allow":["GET"]}}],"collection":[{"href":"https:\/\/www.enscmu.uha.fr\/index.php\/wp-json\/wp\/v2\/pages"}],"about":[{"href":"https:\/\/www.enscmu.uha.fr\/index.php\/wp-json\/wp\/v2\/types\/page"}],"author":[{"embeddable":true,"href":"https:\/\/www.enscmu.uha.fr\/index.php\/wp-json\/wp\/v2\/users\/1"}],"replies":[{"embeddable":true,"href":"https:\/\/www.enscmu.uha.fr\/index.php\/wp-json\/wp\/v2\/comments?post=47"}],"version-history":[{"count":10,"href":"https:\/\/www.enscmu.uha.fr\/index.php\/wp-json\/wp\/v2\/pages\/47\/revisions"}],"predecessor-version":[{"id":2747,"href":"https:\/\/www.enscmu.uha.fr\/index.php\/wp-json\/wp\/v2\/pages\/47\/revisions\/2747"}],"up":[{"embeddable":true,"href":"https:\/\/www.enscmu.uha.fr\/index.php\/wp-json\/wp\/v2\/pages\/45"}],"wp:featuredmedia":[{"embeddable":true,"href":"https:\/\/www.enscmu.uha.fr\/index.php\/wp-json\/wp\/v2\/media\/246"}],"wp:attachment":[{"href":"https:\/\/www.enscmu.uha.fr\/index.php\/wp-json\/wp\/v2\/media?parent=47"}],"wp:term":[{"taxonomy":"category","embeddable":true,"href":"https:\/\/www.enscmu.uha.fr\/index.php\/wp-json\/wp\/v2\/categories?post=47"},{"taxonomy":"post_tag","embeddable":true,"href":"https:\/\/www.enscmu.uha.fr\/index.php\/wp-json\/wp\/v2\/tags?post=47"}],"curies":[{"name":"wp","href":"https:\/\/api.w.org\/{rel}","templated":true}]}}