{"id":49,"date":"2017-12-12T15:53:09","date_gmt":"2017-12-12T14:53:09","guid":{"rendered":"https:\/\/www.enscmu.uha.fr\/?page_id=49"},"modified":"2024-12-05T16:16:06","modified_gmt":"2024-12-05T15:16:06","slug":"equipes-de-recherche","status":"publish","type":"page","link":"https:\/\/www.enscmu.uha.fr\/index.php\/recherche\/equipes-de-recherche\/","title":{"rendered":"\u00c9QUIPES DE RECHERCHE"},"content":{"rendered":"<p>La p\u00e9dagogie de l&rsquo;ENSCMu est intimement li\u00e9e \u00e0 la recherche men\u00e9e sur le campus mulhousien dans le champs de recherche Chimie, Mat\u00e9riaux fonctionnels et Environnement de l\u2019Universit\u00e9 de Haute-Alsace.<\/p>\n<p>L\u2019ENSCMu est adoss\u00e9e \u00e0 4 laboratoires et \u00e9quipes de recherche :<\/p>\n<ul>\n<li>l\u2019<a href=\"https:\/\/www.uha.fr\/fr\/uha-1\/organisation\/laboratoires\/is2m-umr-7361.html\" target=\"_blank\" rel=\"noopener noreferrer\">Institut de Science des Mat\u00e9riaux de Mulhouse<\/a> (IS2M \u2013 UMR CNRS-UHA 7361)<br \/>\n<span class=\"su-lightbox\" data-mfp-src=\"https:\/\/www.youtube-nocookie.com\/embed\/oLSjNjx0SIw\" data-mfp-type=\"iframe\" data-mobile=\"yes\"><img loading=\"lazy\" decoding=\"async\" class=\"aligncenter wp-image-3109 size-large\" src=\"https:\/\/www.enscmu.uha.fr\/wp-content\/uploads\/2021\/03\/is2m-1024x539.jpg\" alt=\"IS2M\" width=\"750\" height=\"395\" srcset=\"https:\/\/www.enscmu.uha.fr\/wp-content\/uploads\/2021\/03\/is2m-1024x539.jpg 1024w, https:\/\/www.enscmu.uha.fr\/wp-content\/uploads\/2021\/03\/is2m-300x158.jpg 300w, https:\/\/www.enscmu.uha.fr\/wp-content\/uploads\/2021\/03\/is2m-768x404.jpg 768w, https:\/\/www.enscmu.uha.fr\/wp-content\/uploads\/2021\/03\/is2m.jpg 1278w\" sizes=\"auto, (max-width: 750px) 100vw, 750px\" \/><\/span><\/li>\n<li>le <a href=\"https:\/\/www.uha.fr\/fr\/uha-1\/organisation\/laboratoires\/lima-umr-7042.html\" target=\"_blank\" rel=\"noopener noreferrer\">Laboratoire d\u2019Innovation Mol\u00e9culaire et Applications<\/a> (LIMA &#8211; UMR CNRS-UNISTRA-UHA 7042), n\u00e9 de l&rsquo;association du Laboratoire de Chimie Organique et Bio-Organique de l&rsquo;UHA (COB, EA 4566) avec le laboratoire de Chimie mol\u00e9culaire de l\u2019Universit\u00e9 de Strasbourg et le Centre national de la Recherche Scientifique (CNRS)<br \/>\n<span class=\"su-lightbox\" data-mfp-src=\"https:\/\/www.youtube-nocookie.com\/embed\/JKPDE1EUFzE\" data-mfp-type=\"iframe\" data-mobile=\"yes\"><img loading=\"lazy\" decoding=\"async\" class=\"aligncenter wp-image-3111 size-large\" src=\"https:\/\/www.enscmu.uha.fr\/wp-content\/uploads\/2021\/03\/lima-1024x539.jpg\" alt=\"LIMA\" width=\"750\" height=\"395\" srcset=\"https:\/\/www.enscmu.uha.fr\/wp-content\/uploads\/2021\/03\/lima-1024x539.jpg 1024w, https:\/\/www.enscmu.uha.fr\/wp-content\/uploads\/2021\/03\/lima-300x158.jpg 300w, https:\/\/www.enscmu.uha.fr\/wp-content\/uploads\/2021\/03\/lima-768x404.jpg 768w, https:\/\/www.enscmu.uha.fr\/wp-content\/uploads\/2021\/03\/lima.jpg 1278w\" sizes=\"auto, (max-width: 750px) 100vw, 750px\" \/><\/span><\/li>\n<li>le <a href=\"https:\/\/www.uha.fr\/fr\/uha-1\/organisation\/laboratoires\/lpim-ur-4567.html\" target=\"_blank\" rel=\"noopener noreferrer\">Laboratoire de Photochimie et d&rsquo;Ing\u00e9nierie Macromol\u00e9culaires<\/a> (LPIM, EA 4567)<br \/>\n<span class=\"su-lightbox\" data-mfp-src=\"https:\/\/www.youtube-nocookie.com\/embed\/l033A5iN4E0\" data-mfp-type=\"iframe\" data-mobile=\"yes\"><img loading=\"lazy\" decoding=\"async\" class=\"aligncenter wp-image-3112 size-large\" src=\"https:\/\/www.enscmu.uha.fr\/wp-content\/uploads\/2021\/03\/lpim-1024x539.jpg\" alt=\"LPIM\" width=\"750\" height=\"395\" srcset=\"https:\/\/www.enscmu.uha.fr\/wp-content\/uploads\/2021\/03\/lpim-1024x539.jpg 1024w, https:\/\/www.enscmu.uha.fr\/wp-content\/uploads\/2021\/03\/lpim-300x158.jpg 300w, https:\/\/www.enscmu.uha.fr\/wp-content\/uploads\/2021\/03\/lpim-768x404.jpg 768w, https:\/\/www.enscmu.uha.fr\/wp-content\/uploads\/2021\/03\/lpim.jpg 1278w\" sizes=\"auto, (max-width: 750px) 100vw, 750px\" \/><\/span><\/li>\n<li>le <a href=\"https:\/\/www.uha.fr\/fr\/uha-1\/organisation\/laboratoires\/gre-ur-2334.html\" target=\"_blank\" rel=\"noopener noreferrer\">Laboratoire Gestion des Risques et Environnement<\/a> (GRE, EA 2334)<br \/>\n<span class=\"su-lightbox\" data-mfp-src=\"https:\/\/www.youtube-nocookie.com\/embed\/m5_gMYYb7Tg\" data-mfp-type=\"iframe\" data-mobile=\"yes\"><img loading=\"lazy\" decoding=\"async\" class=\"aligncenter wp-image-3110 size-large\" src=\"https:\/\/www.enscmu.uha.fr\/wp-content\/uploads\/2021\/03\/lgre-1024x539.jpg\" alt=\"LGRE\" width=\"750\" height=\"395\" srcset=\"https:\/\/www.enscmu.uha.fr\/wp-content\/uploads\/2021\/03\/lgre-1024x539.jpg 1024w, https:\/\/www.enscmu.uha.fr\/wp-content\/uploads\/2021\/03\/lgre-300x158.jpg 300w, https:\/\/www.enscmu.uha.fr\/wp-content\/uploads\/2021\/03\/lgre-768x404.jpg 768w, https:\/\/www.enscmu.uha.fr\/wp-content\/uploads\/2021\/03\/lgre.jpg 1278w\" sizes=\"auto, (max-width: 750px) 100vw, 750px\" \/><\/span><\/li>\n<\/ul>\n<p>&nbsp;<\/p>\n<p>Vous souhaitez diffuser une information sur votre \u00e9v\u00e9nement\u00a0? Contactez : <a href=\"mailto:communication.enscmu@uha.fr\">communication.enscmu@uha.fr<\/a>.<\/p>\n","protected":false},"excerpt":{"rendered":"<p>La p\u00e9dagogie de l&rsquo;ENSCMu est intimement li\u00e9e \u00e0 la recherche men\u00e9e sur le campus mulhousien dans le champs de recherche Chimie, Mat\u00e9riaux fonctionnels et Environnement de l\u2019Universit\u00e9 de Haute-Alsace. L\u2019ENSCMu est adoss\u00e9e \u00e0 4 laboratoires et \u00e9quipes de recherche : l\u2019Institut de Science des Mat\u00e9riaux de Mulhouse (IS2M \u2013 UMR CNRS-UHA 7361) le Laboratoire d\u2019Innovation [&hellip;]<\/p>\n","protected":false},"author":1,"featured_media":0,"parent":45,"menu_order":0,"comment_status":"closed","ping_status":"closed","template":"","meta":{"footnotes":""},"categories":[6],"tags":[],"class_list":["post-49","page","type-page","status-publish","hentry","category-entreprises-partenaires"],"yoast_head":"<!-- This site is optimized with the Yoast SEO plugin v27.4 - https:\/\/yoast.com\/product\/yoast-seo-wordpress\/ -->\n<title>\u00c9QUIPES DE RECHERCHE - ENSCMu<\/title>\n<meta name=\"robots\" content=\"index, follow, max-snippet:-1, max-image-preview:large, max-video-preview:-1\" \/>\n<link rel=\"canonical\" href=\"https:\/\/www.enscmu.uha.fr\/index.php\/recherche\/equipes-de-recherche\/\" \/>\n<meta property=\"og:locale\" content=\"fr_FR\" \/>\n<meta property=\"og:type\" content=\"article\" \/>\n<meta property=\"og:title\" content=\"\u00c9QUIPES DE RECHERCHE - ENSCMu\" \/>\n<meta property=\"og:description\" content=\"La p\u00e9dagogie de l&rsquo;ENSCMu est intimement li\u00e9e \u00e0 la recherche men\u00e9e sur le campus mulhousien dans le champs de recherche Chimie, Mat\u00e9riaux fonctionnels et Environnement de l\u2019Universit\u00e9 de Haute-Alsace. L\u2019ENSCMu est adoss\u00e9e \u00e0 4 laboratoires et \u00e9quipes de recherche : l\u2019Institut de Science des Mat\u00e9riaux de Mulhouse (IS2M \u2013 UMR CNRS-UHA 7361) le Laboratoire d\u2019Innovation [&hellip;]\" \/>\n<meta property=\"og:url\" content=\"https:\/\/www.enscmu.uha.fr\/index.php\/recherche\/equipes-de-recherche\/\" \/>\n<meta property=\"og:site_name\" content=\"ENSCMu | \u00c9cole Nationale Sup\u00e9rieure de Chimie de Mulhouse\" \/>\n<meta property=\"article:modified_time\" content=\"2024-12-05T15:16:06+00:00\" \/>\n<meta property=\"og:image\" content=\"https:\/\/www.enscmu.uha.fr\/wp-content\/uploads\/2021\/03\/is2m.jpg\" \/>\n\t<meta property=\"og:image:width\" content=\"1278\" \/>\n\t<meta property=\"og:image:height\" content=\"673\" \/>\n\t<meta property=\"og:image:type\" content=\"image\/jpeg\" \/>\n<meta name=\"twitter:card\" content=\"summary_large_image\" \/>\n<meta name=\"twitter:label1\" content=\"Dur\u00e9e de lecture estim\u00e9e\" \/>\n\t<meta name=\"twitter:data1\" content=\"2 minutes\" \/>\n<script type=\"application\/ld+json\" class=\"yoast-schema-graph\">{\"@context\":\"https:\\\/\\\/schema.org\",\"@graph\":[{\"@type\":\"WebPage\",\"@id\":\"https:\\\/\\\/www.enscmu.uha.fr\\\/index.php\\\/recherche\\\/equipes-de-recherche\\\/\",\"url\":\"https:\\\/\\\/www.enscmu.uha.fr\\\/index.php\\\/recherche\\\/equipes-de-recherche\\\/\",\"name\":\"\u00c9QUIPES DE RECHERCHE - ENSCMu\",\"isPartOf\":{\"@id\":\"https:\\\/\\\/www.enscmu.uha.fr\\\/#website\"},\"primaryImageOfPage\":{\"@id\":\"https:\\\/\\\/www.enscmu.uha.fr\\\/index.php\\\/recherche\\\/equipes-de-recherche\\\/#primaryimage\"},\"image\":{\"@id\":\"https:\\\/\\\/www.enscmu.uha.fr\\\/index.php\\\/recherche\\\/equipes-de-recherche\\\/#primaryimage\"},\"thumbnailUrl\":\"https:\\\/\\\/www.enscmu.uha.fr\\\/wp-content\\\/uploads\\\/2021\\\/03\\\/is2m-1024x539.jpg\",\"datePublished\":\"2017-12-12T14:53:09+00:00\",\"dateModified\":\"2024-12-05T15:16:06+00:00\",\"breadcrumb\":{\"@id\":\"https:\\\/\\\/www.enscmu.uha.fr\\\/index.php\\\/recherche\\\/equipes-de-recherche\\\/#breadcrumb\"},\"inLanguage\":\"fr-FR\",\"potentialAction\":[{\"@type\":\"ReadAction\",\"target\":[\"https:\\\/\\\/www.enscmu.uha.fr\\\/index.php\\\/recherche\\\/equipes-de-recherche\\\/\"]}]},{\"@type\":\"ImageObject\",\"inLanguage\":\"fr-FR\",\"@id\":\"https:\\\/\\\/www.enscmu.uha.fr\\\/index.php\\\/recherche\\\/equipes-de-recherche\\\/#primaryimage\",\"url\":\"https:\\\/\\\/www.enscmu.uha.fr\\\/wp-content\\\/uploads\\\/2021\\\/03\\\/is2m.jpg\",\"contentUrl\":\"https:\\\/\\\/www.enscmu.uha.fr\\\/wp-content\\\/uploads\\\/2021\\\/03\\\/is2m.jpg\",\"width\":1278,\"height\":673,\"caption\":\"IS2M\"},{\"@type\":\"BreadcrumbList\",\"@id\":\"https:\\\/\\\/www.enscmu.uha.fr\\\/index.php\\\/recherche\\\/equipes-de-recherche\\\/#breadcrumb\",\"itemListElement\":[{\"@type\":\"ListItem\",\"position\":1,\"name\":\"Accueil\",\"item\":\"https:\\\/\\\/www.enscmu.uha.fr\\\/\"},{\"@type\":\"ListItem\",\"position\":2,\"name\":\"RECHERCHE\",\"item\":\"https:\\\/\\\/www.enscmu.uha.fr\\\/index.php\\\/recherche\\\/\"},{\"@type\":\"ListItem\",\"position\":3,\"name\":\"\u00c9QUIPES DE RECHERCHE\"}]},{\"@type\":\"WebSite\",\"@id\":\"https:\\\/\\\/www.enscmu.uha.fr\\\/#website\",\"url\":\"https:\\\/\\\/www.enscmu.uha.fr\\\/\",\"name\":\"ENSCMu | \u00c9cole Nationale Sup\u00e9rieure de Chimie de Mulhouse\",\"description\":\"Campus Illberg | Universit\u00e9 de Haute-Alsace\",\"potentialAction\":[{\"@type\":\"SearchAction\",\"target\":{\"@type\":\"EntryPoint\",\"urlTemplate\":\"https:\\\/\\\/www.enscmu.uha.fr\\\/?s={search_term_string}\"},\"query-input\":{\"@type\":\"PropertyValueSpecification\",\"valueRequired\":true,\"valueName\":\"search_term_string\"}}],\"inLanguage\":\"fr-FR\"}]}<\/script>\n<!-- \/ Yoast SEO plugin. -->","yoast_head_json":{"title":"\u00c9QUIPES DE RECHERCHE - ENSCMu","robots":{"index":"index","follow":"follow","max-snippet":"max-snippet:-1","max-image-preview":"max-image-preview:large","max-video-preview":"max-video-preview:-1"},"canonical":"https:\/\/www.enscmu.uha.fr\/index.php\/recherche\/equipes-de-recherche\/","og_locale":"fr_FR","og_type":"article","og_title":"\u00c9QUIPES DE RECHERCHE - ENSCMu","og_description":"La p\u00e9dagogie de l&rsquo;ENSCMu est intimement li\u00e9e \u00e0 la recherche men\u00e9e sur le campus mulhousien dans le champs de recherche Chimie, Mat\u00e9riaux fonctionnels et Environnement de l\u2019Universit\u00e9 de Haute-Alsace. L\u2019ENSCMu est adoss\u00e9e \u00e0 4 laboratoires et \u00e9quipes de recherche : l\u2019Institut de Science des Mat\u00e9riaux de Mulhouse (IS2M \u2013 UMR CNRS-UHA 7361) le Laboratoire d\u2019Innovation [&hellip;]","og_url":"https:\/\/www.enscmu.uha.fr\/index.php\/recherche\/equipes-de-recherche\/","og_site_name":"ENSCMu | \u00c9cole Nationale Sup\u00e9rieure de Chimie de Mulhouse","article_modified_time":"2024-12-05T15:16:06+00:00","og_image":[{"width":1278,"height":673,"url":"https:\/\/www.enscmu.uha.fr\/wp-content\/uploads\/2021\/03\/is2m.jpg","type":"image\/jpeg"}],"twitter_card":"summary_large_image","twitter_misc":{"Dur\u00e9e de lecture estim\u00e9e":"2 minutes"},"schema":{"@context":"https:\/\/schema.org","@graph":[{"@type":"WebPage","@id":"https:\/\/www.enscmu.uha.fr\/index.php\/recherche\/equipes-de-recherche\/","url":"https:\/\/www.enscmu.uha.fr\/index.php\/recherche\/equipes-de-recherche\/","name":"\u00c9QUIPES DE RECHERCHE - ENSCMu","isPartOf":{"@id":"https:\/\/www.enscmu.uha.fr\/#website"},"primaryImageOfPage":{"@id":"https:\/\/www.enscmu.uha.fr\/index.php\/recherche\/equipes-de-recherche\/#primaryimage"},"image":{"@id":"https:\/\/www.enscmu.uha.fr\/index.php\/recherche\/equipes-de-recherche\/#primaryimage"},"thumbnailUrl":"https:\/\/www.enscmu.uha.fr\/wp-content\/uploads\/2021\/03\/is2m-1024x539.jpg","datePublished":"2017-12-12T14:53:09+00:00","dateModified":"2024-12-05T15:16:06+00:00","breadcrumb":{"@id":"https:\/\/www.enscmu.uha.fr\/index.php\/recherche\/equipes-de-recherche\/#breadcrumb"},"inLanguage":"fr-FR","potentialAction":[{"@type":"ReadAction","target":["https:\/\/www.enscmu.uha.fr\/index.php\/recherche\/equipes-de-recherche\/"]}]},{"@type":"ImageObject","inLanguage":"fr-FR","@id":"https:\/\/www.enscmu.uha.fr\/index.php\/recherche\/equipes-de-recherche\/#primaryimage","url":"https:\/\/www.enscmu.uha.fr\/wp-content\/uploads\/2021\/03\/is2m.jpg","contentUrl":"https:\/\/www.enscmu.uha.fr\/wp-content\/uploads\/2021\/03\/is2m.jpg","width":1278,"height":673,"caption":"IS2M"},{"@type":"BreadcrumbList","@id":"https:\/\/www.enscmu.uha.fr\/index.php\/recherche\/equipes-de-recherche\/#breadcrumb","itemListElement":[{"@type":"ListItem","position":1,"name":"Accueil","item":"https:\/\/www.enscmu.uha.fr\/"},{"@type":"ListItem","position":2,"name":"RECHERCHE","item":"https:\/\/www.enscmu.uha.fr\/index.php\/recherche\/"},{"@type":"ListItem","position":3,"name":"\u00c9QUIPES DE RECHERCHE"}]},{"@type":"WebSite","@id":"https:\/\/www.enscmu.uha.fr\/#website","url":"https:\/\/www.enscmu.uha.fr\/","name":"ENSCMu | \u00c9cole Nationale Sup\u00e9rieure de Chimie de Mulhouse","description":"Campus Illberg | Universit\u00e9 de Haute-Alsace","potentialAction":[{"@type":"SearchAction","target":{"@type":"EntryPoint","urlTemplate":"https:\/\/www.enscmu.uha.fr\/?s={search_term_string}"},"query-input":{"@type":"PropertyValueSpecification","valueRequired":true,"valueName":"search_term_string"}}],"inLanguage":"fr-FR"}]}},"_links":{"self":[{"href":"https:\/\/www.enscmu.uha.fr\/index.php\/wp-json\/wp\/v2\/pages\/49","targetHints":{"allow":["GET"]}}],"collection":[{"href":"https:\/\/www.enscmu.uha.fr\/index.php\/wp-json\/wp\/v2\/pages"}],"about":[{"href":"https:\/\/www.enscmu.uha.fr\/index.php\/wp-json\/wp\/v2\/types\/page"}],"author":[{"embeddable":true,"href":"https:\/\/www.enscmu.uha.fr\/index.php\/wp-json\/wp\/v2\/users\/1"}],"replies":[{"embeddable":true,"href":"https:\/\/www.enscmu.uha.fr\/index.php\/wp-json\/wp\/v2\/comments?post=49"}],"version-history":[{"count":24,"href":"https:\/\/www.enscmu.uha.fr\/index.php\/wp-json\/wp\/v2\/pages\/49\/revisions"}],"predecessor-version":[{"id":5052,"href":"https:\/\/www.enscmu.uha.fr\/index.php\/wp-json\/wp\/v2\/pages\/49\/revisions\/5052"}],"up":[{"embeddable":true,"href":"https:\/\/www.enscmu.uha.fr\/index.php\/wp-json\/wp\/v2\/pages\/45"}],"wp:attachment":[{"href":"https:\/\/www.enscmu.uha.fr\/index.php\/wp-json\/wp\/v2\/media?parent=49"}],"wp:term":[{"taxonomy":"category","embeddable":true,"href":"https:\/\/www.enscmu.uha.fr\/index.php\/wp-json\/wp\/v2\/categories?post=49"},{"taxonomy":"post_tag","embeddable":true,"href":"https:\/\/www.enscmu.uha.fr\/index.php\/wp-json\/wp\/v2\/tags?post=49"}],"curies":[{"name":"wp","href":"https:\/\/api.w.org\/{rel}","templated":true}]}}