{"id":5012,"date":"2024-11-15T11:22:52","date_gmt":"2024-11-15T10:22:52","guid":{"rendered":"https:\/\/www.enscmu.uha.fr\/?page_id=5012"},"modified":"2026-04-07T09:58:52","modified_gmt":"2026-04-07T07:58:52","slug":"summer-school-fgl-in-mulhouse","status":"publish","type":"page","link":"https:\/\/www.enscmu.uha.fr\/index.php\/summer-school-fgl-in-mulhouse\/","title":{"rendered":"2ND SUMMER SCHOOL FGL IN MULHOUSE"},"content":{"rendered":"<div class=\"the-content\">\n<div class=\"block-image wrapper-content\" data-align=\"left\" data-type=\"core\/image\"><\/div>\n<div class=\"block-heading wrapper-content\" data-align=\"left\" data-type=\"core\/heading\">\n<h1 class=\"h1\">Decarbonisation and chemistry Summer School<\/h1>\n<p class=\"wp-block-heading\">From July 1st to 10th, 2026, the <a href=\"https:\/\/20ecolesdechimie.com\/en\/home-page\/\" target=\"_blank\" rel=\"noopener\">Gay-Lussac Federation<\/a> invites you to participate in the second edition of its Summer School, hosted at <a href=\"https:\/\/www.enscmu.uha.fr\/\">ENSCMu<\/a> in Mulhouse, Alsace region, France.<\/p>\n<\/div>\n<div class=\"block-heading wrapper-content\" data-align=\"left\" data-type=\"core\/heading\">\n<h2 class=\"wp-block-heading\">Overview<\/h2>\n<\/div>\n<div class=\"block-paragraph wrapper-content\" data-align=\"left\" data-type=\"core\/paragraph\">\n<p>This summer school, entirely dedicated to decarbonisation, returns following its success in 2025. It addresses one of the major challenges of our time, led by the <a href=\"https:\/\/20ecolesdechimie.com\/en\/home-page\/\" target=\"_blank\" rel=\"noopener\">Gay-Lussac Federation<\/a> and its 20 schools of chemistry and process engineering.<\/p>\n<\/div>\n<div class=\"block-paragraph wrapper-content\" data-align=\"left\" data-type=\"core\/paragraph\">\n<p>Chemistry in France is the industrial sector which has considerably reduced its CO2 emissions with a drop of 65% since 1990. In its latest decarbonization trajectory published at the end of 2022, it has set itself an ambitious objective of further<strong> reducing its emissions of CO2 by 36% in 2030 compared to 2015.<\/strong><\/p>\n<\/div>\n<div class=\"block-paragraph wrapper-content\" data-align=\"left\" data-type=\"core\/paragraph\">\n<p>In connection with this major subject and as part of the call for expressions of interest \u201cSkills and Professions of the Future\u201d, the consortium composed of the Gay-Lussac Federation, France Chimie and the ADIUT (Assembly of DUTs) have launched the<strong> Decarbochim project<\/strong> which focuses on the \u201cdecarbonization of industry\u201d priority of the<strong> France 2030 plan<\/strong>.<\/p>\n<\/div>\n<div class=\"block-heading wrapper-content\" data-align=\"left\" data-type=\"core\/heading\">\n<h2 class=\"wp-block-heading\">Who is it for ?<\/h2>\n<\/div>\n<div class=\"block-paragraph wrapper-content\" data-align=\"left\" data-type=\"core\/paragraph\">\n<p>This immersive two-week training is intended for international master\u2019s and PhD students from partner universities of the 20 schools. It will be led by renowned academic researchers and industry professionals, offering deep expertise on current decarbonization challenges.<\/p>\n<\/div>\n<div class=\"block-heading wrapper-content\" data-align=\"left\" data-type=\"core\/heading\">\n<h2 class=\"wp-block-heading\">Program<\/h2>\n<\/div>\n<div class=\"block-paragraph wrapper-content\" data-align=\"left\" data-type=\"core\/paragraph\">\n<p><strong>The main themes covered during this summer school :\u00a0<\/strong><\/p>\n<\/div>\n<div class=\"block-list wrapper-content\" data-align=\"left\" data-type=\"core\/list\">\n<ul>\n<li>The means of discovery<\/li>\n<li>Environmental impacts<\/li>\n<li>CO2 : from capture to recovery<\/li>\n<li>Decarbonization of industry<\/li>\n<li>The Hydrogen vector<\/li>\n<li>Recycling and recovery<\/li>\n<\/ul>\n<\/div>\n<div class=\"block-paragraph wrapper-content\" data-align=\"left\" data-type=\"core\/paragraph\">\n<p><strong>Cultural activities :<\/strong><\/p>\n<\/div>\n<div class=\"block-paragraph wrapper-content\" data-align=\"left\" data-type=\"core\/paragraph\">\n<p>Students will attend courses, seminars, and companies\u2019 visits, visits and social events.<\/p>\n<\/div>\n<div class=\"block-heading wrapper-content\" data-align=\"left\" data-type=\"core\/heading\">\n<h2 class=\"wp-block-heading\">Admission Requirements<\/h2>\n<\/div>\n<div class=\"block-paragraph wrapper-content\" data-align=\"left\" data-type=\"core\/paragraph\">\n<p>Fully delivered in English, this summer school is for students with a chemical or chemical engineering background and a Master\u2019s degree or PhD level. Bachelor\u2019s students may be accepted.<\/p>\n<\/div>\n<div class=\"block-heading wrapper-content\" data-align=\"left\" data-type=\"core\/heading\">\n<h2 class=\"wp-block-heading\">Fees and Expenses<\/h2>\n<\/div>\n<div class=\"block-paragraph wrapper-content\" data-align=\"left\" data-type=\"core\/paragraph\">\n<p>Fees for partners and early birds (before May 1<sup>st<\/sup>) :<strong> \u20ac2,200<\/strong><\/p>\n<\/div>\n<div class=\"block-paragraph wrapper-content\" data-align=\"left\" data-type=\"core\/paragraph\">\n<p>Fees for Other :<strong> \u20ac2,600<\/strong><\/p>\n<\/div>\n<div class=\"block-paragraph wrapper-content\" data-align=\"left\" data-type=\"core\/paragraph\">\n<p><strong>Which include :<\/strong><\/p>\n<\/div>\n<div class=\"block-list wrapper-content\" data-align=\"left\" data-type=\"core\/list\">\n<ul>\n<li>Accommodation for 2 weeks including internet\u00a0access\u00a0(towels, dishes and bed linen provided )<\/li>\n<li>Lunches and special events or dinners<\/li>\n<li>Tramway ticket to travel in Mulhouse city<\/li>\n<li>Social program<\/li>\n<\/ul>\n<\/div>\n<div class=\"block-paragraph wrapper-content\" data-align=\"left\" data-type=\"core\/paragraph\">\n<p><strong>Wich don\u2019t include :<\/strong><\/p>\n<\/div>\n<div class=\"block-list wrapper-content\" data-align=\"left\" data-type=\"core\/list\">\n<ul>\n<li>Travel cost to France and overnights\u00a0outside booking\u00a0\u00a0period in Mulhouse<\/li>\n<li>Personal insurance and civil liability<\/li>\n<li>Dinners<\/li>\n<li>Meals during the week end<\/li>\n<li>Visa fees<\/li>\n<li>Personal expenses<\/li>\n<\/ul>\n<\/div>\n<div class=\"block-heading wrapper-content\" data-align=\"left\" data-type=\"core\/heading\">\n<h2 class=\"wp-block-heading\">Information<\/h2>\n<\/div>\n<div class=\"block-paragraph wrapper-content\" data-align=\"left\" data-type=\"core\/paragraph\">\n<p><strong>Registration is available until 15th May 2026 by this <a href=\"https:\/\/20ecolesdechimie.com\/app\/uploads\/2025\/12\/Formulaire_summerschool_FGL-1.pdf\" target=\"_blank\" rel=\"noopener\">link<\/a>.\u00a0<\/strong><\/p>\n<p>For any questions regarding the summer school, please contact\u00a0:<br \/>\n<a href=\"mailto:fgl.summer.school.enscmu@uha.fr\" target=\"_blank\" rel=\"noreferrer noopener\">fgl.summer.school.enscmu@uha.fr<\/a><\/p>\n<\/div>\n<div class=\"block-paragraph wrapper-content\" data-align=\"left\" data-type=\"core\/paragraph\">\n<p><strong>Join us in Mulhouse from 1 to 10 July 2026, for a unique experience at the forefront of tomorrow\u2019s chemistry !<\/strong><\/p>\n<\/div>\n<div class=\"block-paragraph wrapper-content\" data-align=\"left\" data-type=\"core\/paragraph\">\n<p>Download the <a href=\"https:\/\/www.enscmu.uha.fr\/wp-content\/uploads\/2026\/01\/Fiche_A4_2026_web.pdf\">information brochure here<\/a>.<\/p>\n<\/div>\n<\/div>\n","protected":false},"excerpt":{"rendered":"<p>Decarbonisation and chemistry Summer School From July 1st to 10th, 2026, the Gay-Lussac Federation invites you to participate in the second edition of its Summer School, hosted at ENSCMu in Mulhouse, Alsace region, France. Overview This summer school, entirely dedicated to decarbonisation, returns following its success in 2025. It addresses one of the major challenges [&hellip;]<\/p>\n","protected":false},"author":2,"featured_media":0,"parent":0,"menu_order":0,"comment_status":"closed","ping_status":"closed","template":"","meta":{"footnotes":""},"categories":[],"tags":[],"class_list":["post-5012","page","type-page","status-publish","hentry"],"yoast_head":"<!-- This site is optimized with the Yoast SEO plugin v27.0 - https:\/\/yoast.com\/product\/yoast-seo-wordpress\/ -->\n<title>2ND SUMMER SCHOOL FGL IN MULHOUSE - ENSCMu<\/title>\n<meta name=\"robots\" content=\"index, follow, max-snippet:-1, max-image-preview:large, max-video-preview:-1\" \/>\n<link rel=\"canonical\" href=\"https:\/\/www.enscmu.uha.fr\/index.php\/summer-school-fgl-in-mulhouse\/\" \/>\n<meta property=\"og:locale\" content=\"fr_FR\" \/>\n<meta property=\"og:type\" content=\"article\" \/>\n<meta property=\"og:title\" content=\"2ND SUMMER SCHOOL FGL IN MULHOUSE - ENSCMu\" \/>\n<meta property=\"og:description\" content=\"Decarbonisation and chemistry Summer School From July 1st to 10th, 2026, the Gay-Lussac Federation invites you to participate in the second edition of its Summer School, hosted at ENSCMu in Mulhouse, Alsace region, France. Overview This summer school, entirely dedicated to decarbonisation, returns following its success in 2025. It addresses one of the major challenges [&hellip;]\" \/>\n<meta property=\"og:url\" content=\"https:\/\/www.enscmu.uha.fr\/index.php\/summer-school-fgl-in-mulhouse\/\" \/>\n<meta property=\"og:site_name\" content=\"ENSCMu | \u00c9cole Nationale Sup\u00e9rieure de Chimie de Mulhouse\" \/>\n<meta property=\"article:modified_time\" content=\"2026-04-07T07:58:52+00:00\" \/>\n<meta name=\"twitter:card\" content=\"summary_large_image\" \/>\n<meta name=\"twitter:label1\" content=\"Dur\u00e9e de lecture estim\u00e9e\" \/>\n\t<meta name=\"twitter:data1\" content=\"3 minutes\" \/>\n<script type=\"application\/ld+json\" class=\"yoast-schema-graph\">{\"@context\":\"https:\/\/schema.org\",\"@graph\":[{\"@type\":\"WebPage\",\"@id\":\"https:\/\/www.enscmu.uha.fr\/index.php\/summer-school-fgl-in-mulhouse\/\",\"url\":\"https:\/\/www.enscmu.uha.fr\/index.php\/summer-school-fgl-in-mulhouse\/\",\"name\":\"2ND SUMMER SCHOOL FGL IN MULHOUSE - ENSCMu\",\"isPartOf\":{\"@id\":\"https:\/\/www.enscmu.uha.fr\/#website\"},\"datePublished\":\"2024-11-15T10:22:52+00:00\",\"dateModified\":\"2026-04-07T07:58:52+00:00\",\"breadcrumb\":{\"@id\":\"https:\/\/www.enscmu.uha.fr\/index.php\/summer-school-fgl-in-mulhouse\/#breadcrumb\"},\"inLanguage\":\"fr-FR\",\"potentialAction\":[{\"@type\":\"ReadAction\",\"target\":[\"https:\/\/www.enscmu.uha.fr\/index.php\/summer-school-fgl-in-mulhouse\/\"]}]},{\"@type\":\"BreadcrumbList\",\"@id\":\"https:\/\/www.enscmu.uha.fr\/index.php\/summer-school-fgl-in-mulhouse\/#breadcrumb\",\"itemListElement\":[{\"@type\":\"ListItem\",\"position\":1,\"name\":\"Accueil\",\"item\":\"https:\/\/www.enscmu.uha.fr\/\"},{\"@type\":\"ListItem\",\"position\":2,\"name\":\"2ND SUMMER SCHOOL FGL IN MULHOUSE\"}]},{\"@type\":\"WebSite\",\"@id\":\"https:\/\/www.enscmu.uha.fr\/#website\",\"url\":\"https:\/\/www.enscmu.uha.fr\/\",\"name\":\"ENSCMu | \u00c9cole Nationale Sup\u00e9rieure de Chimie de Mulhouse\",\"description\":\"Campus Illberg | Universit\u00e9 de Haute-Alsace\",\"potentialAction\":[{\"@type\":\"SearchAction\",\"target\":{\"@type\":\"EntryPoint\",\"urlTemplate\":\"https:\/\/www.enscmu.uha.fr\/?s={search_term_string}\"},\"query-input\":{\"@type\":\"PropertyValueSpecification\",\"valueRequired\":true,\"valueName\":\"search_term_string\"}}],\"inLanguage\":\"fr-FR\"}]}<\/script>\n<!-- \/ Yoast SEO plugin. -->","yoast_head_json":{"title":"2ND SUMMER SCHOOL FGL IN MULHOUSE - ENSCMu","robots":{"index":"index","follow":"follow","max-snippet":"max-snippet:-1","max-image-preview":"max-image-preview:large","max-video-preview":"max-video-preview:-1"},"canonical":"https:\/\/www.enscmu.uha.fr\/index.php\/summer-school-fgl-in-mulhouse\/","og_locale":"fr_FR","og_type":"article","og_title":"2ND SUMMER SCHOOL FGL IN MULHOUSE - ENSCMu","og_description":"Decarbonisation and chemistry Summer School From July 1st to 10th, 2026, the Gay-Lussac Federation invites you to participate in the second edition of its Summer School, hosted at ENSCMu in Mulhouse, Alsace region, France. Overview This summer school, entirely dedicated to decarbonisation, returns following its success in 2025. It addresses one of the major challenges [&hellip;]","og_url":"https:\/\/www.enscmu.uha.fr\/index.php\/summer-school-fgl-in-mulhouse\/","og_site_name":"ENSCMu | \u00c9cole Nationale Sup\u00e9rieure de Chimie de Mulhouse","article_modified_time":"2026-04-07T07:58:52+00:00","twitter_card":"summary_large_image","twitter_misc":{"Dur\u00e9e de lecture estim\u00e9e":"3 minutes"},"schema":{"@context":"https:\/\/schema.org","@graph":[{"@type":"WebPage","@id":"https:\/\/www.enscmu.uha.fr\/index.php\/summer-school-fgl-in-mulhouse\/","url":"https:\/\/www.enscmu.uha.fr\/index.php\/summer-school-fgl-in-mulhouse\/","name":"2ND SUMMER SCHOOL FGL IN MULHOUSE - ENSCMu","isPartOf":{"@id":"https:\/\/www.enscmu.uha.fr\/#website"},"datePublished":"2024-11-15T10:22:52+00:00","dateModified":"2026-04-07T07:58:52+00:00","breadcrumb":{"@id":"https:\/\/www.enscmu.uha.fr\/index.php\/summer-school-fgl-in-mulhouse\/#breadcrumb"},"inLanguage":"fr-FR","potentialAction":[{"@type":"ReadAction","target":["https:\/\/www.enscmu.uha.fr\/index.php\/summer-school-fgl-in-mulhouse\/"]}]},{"@type":"BreadcrumbList","@id":"https:\/\/www.enscmu.uha.fr\/index.php\/summer-school-fgl-in-mulhouse\/#breadcrumb","itemListElement":[{"@type":"ListItem","position":1,"name":"Accueil","item":"https:\/\/www.enscmu.uha.fr\/"},{"@type":"ListItem","position":2,"name":"2ND SUMMER SCHOOL FGL IN MULHOUSE"}]},{"@type":"WebSite","@id":"https:\/\/www.enscmu.uha.fr\/#website","url":"https:\/\/www.enscmu.uha.fr\/","name":"ENSCMu | \u00c9cole Nationale Sup\u00e9rieure de Chimie de Mulhouse","description":"Campus Illberg | Universit\u00e9 de Haute-Alsace","potentialAction":[{"@type":"SearchAction","target":{"@type":"EntryPoint","urlTemplate":"https:\/\/www.enscmu.uha.fr\/?s={search_term_string}"},"query-input":{"@type":"PropertyValueSpecification","valueRequired":true,"valueName":"search_term_string"}}],"inLanguage":"fr-FR"}]}},"_links":{"self":[{"href":"https:\/\/www.enscmu.uha.fr\/index.php\/wp-json\/wp\/v2\/pages\/5012","targetHints":{"allow":["GET"]}}],"collection":[{"href":"https:\/\/www.enscmu.uha.fr\/index.php\/wp-json\/wp\/v2\/pages"}],"about":[{"href":"https:\/\/www.enscmu.uha.fr\/index.php\/wp-json\/wp\/v2\/types\/page"}],"author":[{"embeddable":true,"href":"https:\/\/www.enscmu.uha.fr\/index.php\/wp-json\/wp\/v2\/users\/2"}],"replies":[{"embeddable":true,"href":"https:\/\/www.enscmu.uha.fr\/index.php\/wp-json\/wp\/v2\/comments?post=5012"}],"version-history":[{"count":9,"href":"https:\/\/www.enscmu.uha.fr\/index.php\/wp-json\/wp\/v2\/pages\/5012\/revisions"}],"predecessor-version":[{"id":6068,"href":"https:\/\/www.enscmu.uha.fr\/index.php\/wp-json\/wp\/v2\/pages\/5012\/revisions\/6068"}],"wp:attachment":[{"href":"https:\/\/www.enscmu.uha.fr\/index.php\/wp-json\/wp\/v2\/media?parent=5012"}],"wp:term":[{"taxonomy":"category","embeddable":true,"href":"https:\/\/www.enscmu.uha.fr\/index.php\/wp-json\/wp\/v2\/categories?post=5012"},{"taxonomy":"post_tag","embeddable":true,"href":"https:\/\/www.enscmu.uha.fr\/index.php\/wp-json\/wp\/v2\/tags?post=5012"}],"curies":[{"name":"wp","href":"https:\/\/api.w.org\/{rel}","templated":true}]}}