{"id":5088,"date":"2025-01-06T14:55:52","date_gmt":"2025-01-06T13:55:52","guid":{"rendered":"https:\/\/www.enscmu.uha.fr\/?page_id=5088"},"modified":"2025-01-06T14:55:52","modified_gmt":"2025-01-06T13:55:52","slug":"estelle-et-samuel-vers-un-systeme-danimation-a-intervalle-court","status":"publish","type":"page","link":"https:\/\/www.enscmu.uha.fr\/index.php\/estelle-et-samuel-vers-un-systeme-danimation-a-intervalle-court\/","title":{"rendered":"Estelle et Samuel : vers un syst\u00e8me d&rsquo;Animation \u00e0 Intervalle Court"},"content":{"rendered":"<p>Afin d&rsquo;optimiser leur temps de travail, Samuel et Estelle ont mis en place <strong>un syst\u00e8me d&rsquo;Animation \u00e0 Intervalle Court (AIC).<\/strong><\/p>\n<p>Un espace d&rsquo;AIC est <strong>un lieu de rencontre d\u00e9di\u00e9 \u00e0 la communication et \u00e0 la coordination des \u00e9quipes dans le cadre des d\u00e9marches Lean.<\/strong> Organis\u00e9 autour d&rsquo;affichages visuels et d&rsquo;indicateurs cl\u00e9s, cet espace permet de tenir des r\u00e9unions br\u00e8ves et r\u00e9guli\u00e8res, favorisant ainsi la r\u00e9activit\u00e9 et l&rsquo;alignement des actions de chacun. Gr\u00e2ce \u00e0 des \u00e9changes fr\u00e9quents, l&rsquo;AIC permet de r\u00e9soudre rapidement les probl\u00e8mes et de suivre les \u00e9volutions des t\u00e2ches et de partager les informations.<\/p>\n<p>Chaque mercredi matin, ils se r\u00e9unissent autour de leurs AIC pour \u00e9voquer les t\u00e2ches en cours.<\/p>\n<p><img loading=\"lazy\" decoding=\"async\" class=\"alignnone size-large wp-image-5076\" src=\"https:\/\/www.enscmu.uha.fr\/wp-content\/uploads\/2025\/01\/IMG_7042-1024x683.jpg\" alt=\"\" width=\"750\" height=\"500\" srcset=\"https:\/\/www.enscmu.uha.fr\/wp-content\/uploads\/2025\/01\/IMG_7042-1024x683.jpg 1024w, https:\/\/www.enscmu.uha.fr\/wp-content\/uploads\/2025\/01\/IMG_7042-300x200.jpg 300w, https:\/\/www.enscmu.uha.fr\/wp-content\/uploads\/2025\/01\/IMG_7042-768x512.jpg 768w, https:\/\/www.enscmu.uha.fr\/wp-content\/uploads\/2025\/01\/IMG_7042-1536x1024.jpg 1536w, https:\/\/www.enscmu.uha.fr\/wp-content\/uploads\/2025\/01\/IMG_7042-2048x1365.jpg 2048w\" sizes=\"auto, (max-width: 750px) 100vw, 750px\" \/><\/p>\n<h3>Faire vivre le syst\u00e8me d&rsquo;AIC au quotidien : un charge de travail suppl\u00e9mentaire ?<\/h3>\n<p>Mais comment se d\u00e9roule cette r\u00e9union concr\u00e8tement et comment fonctionne cet outil au quotidien ?<\/p>\n<p>Chez Samuel comme chez Estelle, les t\u00e2ches sont planifi\u00e9es sur des post-its pour chaque jour de la semaine, selon leur urgence et leur importance. Ils suivent, chacun de leur c\u00f4t\u00e9, les actions quotidiennement en ajoutant ou en d\u00e9pla\u00e7ant des post-its au besoin pour indiquer les avanc\u00e9es ou les blocages <em>(un point rouge sur un post-il = un post-il d\u00e9j\u00e0 report\u00e9)<\/em>. Ce suivi visuel renforce la r\u00e9activit\u00e9 et favorise l&rsquo;organisation : chacun sait quelles t\u00e2ches sont prioritaires pour la journ\u00e9e et peut ajuster ses actions en cons\u00e9quence.<\/p>\n<p>Au-del\u00e0 de leur gestion propre et quotidienne, certains post-its sont destin\u00e9s \u00e0 circuler entre eux. En pla\u00e7ant une t\u00e2che dans la section <em>\u00ab\u00a0Descente\u00a0\u00bb<\/em> de l\u2019AIC, cela signifie qu\u2019elle doit \u00eatre prise en charge par l\u2019autre pour les prochaines \u00e9tapes.<\/p>\n<p>Un exemple concret : Samuel a \u00e9t\u00e9 contact\u00e9 par une entreprise souhaitant proposer un contrat d\u2019apprentissage \u00e0 nos \u00e9tudiants. Une fois le rendez-vous pass\u00e9, il d\u00e9place le post-il dans la rubrique <em>\u00ab\u00a0Descente\u00a0\u00bb<\/em>. Lors de leur r\u00e9union hebdomadaire, il donnera le m\u00e9mo \u00e0 Estelle qui prendra contact avec l&rsquo;entreprise pour finaliser l\u2019offre et identifier le public cible.<\/p>\n<p>Une fois ce travail accompli, elle place le post-it dans la section <em>\u00ab\u00a0Mont\u00e9e\u00a0\u00bb<\/em> pour planifier les prochaines \u00e9tapes.<\/p>\n<p><img loading=\"lazy\" decoding=\"async\" class=\"alignnone size-large wp-image-5075\" src=\"https:\/\/www.enscmu.uha.fr\/wp-content\/uploads\/2025\/01\/IMG_7043-2-1024x683.jpg\" alt=\"\" width=\"750\" height=\"500\" srcset=\"https:\/\/www.enscmu.uha.fr\/wp-content\/uploads\/2025\/01\/IMG_7043-2-1024x683.jpg 1024w, https:\/\/www.enscmu.uha.fr\/wp-content\/uploads\/2025\/01\/IMG_7043-2-300x200.jpg 300w, https:\/\/www.enscmu.uha.fr\/wp-content\/uploads\/2025\/01\/IMG_7043-2-768x512.jpg 768w, https:\/\/www.enscmu.uha.fr\/wp-content\/uploads\/2025\/01\/IMG_7043-2-1536x1024.jpg 1536w, https:\/\/www.enscmu.uha.fr\/wp-content\/uploads\/2025\/01\/IMG_7043-2-2048x1365.jpg 2048w\" sizes=\"auto, (max-width: 750px) 100vw, 750px\" \/><\/p>\n<p>L\u2019espace AIC inclut \u00e9galement une zone de planification mensuelle, utile pour visualiser les grandes \u00e9ch\u00e9ances, ainsi qu\u2019une section r\u00e9serv\u00e9e aux tickets <em>\u00ab\u00a0Trait\u00e9s\u00a0\u00bb<\/em>.<\/p>\n<p>Outre l&rsquo;all\u00e8gement consid\u00e9rable de la charge mentale et l\u2019optimisation de l&rsquo;organisation de chacun, Estelle \u00e9voque \u00e9galement la satisfaction de voir s&rsquo;accumuler les post-ils \u00ab\u00a0trait\u00e9s\u00a0\u00bb&#8230; <strong>et on la comprend !!<\/strong><\/p>\n<p>Pour Samuel, ce syst\u00e8me a aussi am\u00e9lior\u00e9 les \u00e9changes : <em>\u00ab\u00a0Nous gardons les e-mails pour les urgences et traitons le reste une fois par semaine pendant notre r\u00e9union hebdomadaire. Cela r\u00e9duit les sollicitations quotidiennes et nous apporte un certain confort.\u00a0\u00bb<\/em><\/p>\n<p>Ce point Lean hebdomadaire ne leur co\u00fbte que <strong>30 minutes par semaine<\/strong> et apporte un gain significatif en qualit\u00e9 de vie au travail. Cet outil reste adaptable selon les besoins : indicateurs de suivi, standardisation de certaines t\u00e2ches, affichage des objectifs cl\u00e9s\u2026 <strong>Tout est possible, \u00e0 vous de jouer !<\/strong><\/p>\n","protected":false},"excerpt":{"rendered":"<p>Afin d&rsquo;optimiser leur temps de travail, Samuel et Estelle ont mis en place un syst\u00e8me d&rsquo;Animation \u00e0 Intervalle Court (AIC). Un espace d&rsquo;AIC est un lieu de rencontre d\u00e9di\u00e9 \u00e0 la communication et \u00e0 la coordination des \u00e9quipes dans le cadre des d\u00e9marches Lean. Organis\u00e9 autour d&rsquo;affichages visuels et d&rsquo;indicateurs cl\u00e9s, cet espace permet de [&hellip;]<\/p>\n","protected":false},"author":10,"featured_media":0,"parent":0,"menu_order":0,"comment_status":"closed","ping_status":"closed","template":"","meta":{"footnotes":""},"categories":[18],"tags":[],"class_list":["post-5088","page","type-page","status-publish","hentry","category-amelioration-continue"],"yoast_head":"<!-- This site is optimized with the Yoast SEO plugin v27.0 - https:\/\/yoast.com\/product\/yoast-seo-wordpress\/ -->\n<title>Estelle et Samuel : vers un syst\u00e8me d&#039;Animation \u00e0 Intervalle Court - ENSCMu<\/title>\n<meta name=\"robots\" content=\"index, follow, max-snippet:-1, max-image-preview:large, max-video-preview:-1\" \/>\n<link rel=\"canonical\" href=\"https:\/\/www.enscmu.uha.fr\/index.php\/estelle-et-samuel-vers-un-systeme-danimation-a-intervalle-court\/\" \/>\n<meta property=\"og:locale\" content=\"fr_FR\" \/>\n<meta property=\"og:type\" content=\"article\" \/>\n<meta property=\"og:title\" content=\"Estelle et Samuel : vers un syst\u00e8me d&#039;Animation \u00e0 Intervalle Court - ENSCMu\" \/>\n<meta property=\"og:description\" content=\"Afin d&rsquo;optimiser leur temps de travail, Samuel et Estelle ont mis en place un syst\u00e8me d&rsquo;Animation \u00e0 Intervalle Court (AIC). Un espace d&rsquo;AIC est un lieu de rencontre d\u00e9di\u00e9 \u00e0 la communication et \u00e0 la coordination des \u00e9quipes dans le cadre des d\u00e9marches Lean. Organis\u00e9 autour d&rsquo;affichages visuels et d&rsquo;indicateurs cl\u00e9s, cet espace permet de [&hellip;]\" \/>\n<meta property=\"og:url\" content=\"https:\/\/www.enscmu.uha.fr\/index.php\/estelle-et-samuel-vers-un-systeme-danimation-a-intervalle-court\/\" \/>\n<meta property=\"og:site_name\" content=\"ENSCMu | \u00c9cole Nationale Sup\u00e9rieure de Chimie de Mulhouse\" \/>\n<meta property=\"og:image\" content=\"https:\/\/www.enscmu.uha.fr\/wp-content\/uploads\/2025\/01\/IMG_7042-scaled.jpg\" \/>\n\t<meta property=\"og:image:width\" content=\"2560\" \/>\n\t<meta property=\"og:image:height\" content=\"1707\" \/>\n\t<meta property=\"og:image:type\" content=\"image\/jpeg\" \/>\n<meta name=\"twitter:card\" content=\"summary_large_image\" \/>\n<meta name=\"twitter:label1\" content=\"Dur\u00e9e de lecture estim\u00e9e\" \/>\n\t<meta name=\"twitter:data1\" content=\"3 minutes\" \/>\n<script type=\"application\/ld+json\" class=\"yoast-schema-graph\">{\"@context\":\"https:\/\/schema.org\",\"@graph\":[{\"@type\":\"WebPage\",\"@id\":\"https:\/\/www.enscmu.uha.fr\/index.php\/estelle-et-samuel-vers-un-systeme-danimation-a-intervalle-court\/\",\"url\":\"https:\/\/www.enscmu.uha.fr\/index.php\/estelle-et-samuel-vers-un-systeme-danimation-a-intervalle-court\/\",\"name\":\"Estelle et Samuel : vers un syst\u00e8me d'Animation \u00e0 Intervalle Court - ENSCMu\",\"isPartOf\":{\"@id\":\"https:\/\/www.enscmu.uha.fr\/#website\"},\"primaryImageOfPage\":{\"@id\":\"https:\/\/www.enscmu.uha.fr\/index.php\/estelle-et-samuel-vers-un-systeme-danimation-a-intervalle-court\/#primaryimage\"},\"image\":{\"@id\":\"https:\/\/www.enscmu.uha.fr\/index.php\/estelle-et-samuel-vers-un-systeme-danimation-a-intervalle-court\/#primaryimage\"},\"thumbnailUrl\":\"https:\/\/www.enscmu.uha.fr\/wp-content\/uploads\/2025\/01\/IMG_7042-1024x683.jpg\",\"datePublished\":\"2025-01-06T13:55:52+00:00\",\"breadcrumb\":{\"@id\":\"https:\/\/www.enscmu.uha.fr\/index.php\/estelle-et-samuel-vers-un-systeme-danimation-a-intervalle-court\/#breadcrumb\"},\"inLanguage\":\"fr-FR\",\"potentialAction\":[{\"@type\":\"ReadAction\",\"target\":[\"https:\/\/www.enscmu.uha.fr\/index.php\/estelle-et-samuel-vers-un-systeme-danimation-a-intervalle-court\/\"]}]},{\"@type\":\"ImageObject\",\"inLanguage\":\"fr-FR\",\"@id\":\"https:\/\/www.enscmu.uha.fr\/index.php\/estelle-et-samuel-vers-un-systeme-danimation-a-intervalle-court\/#primaryimage\",\"url\":\"https:\/\/www.enscmu.uha.fr\/wp-content\/uploads\/2025\/01\/IMG_7042-scaled.jpg\",\"contentUrl\":\"https:\/\/www.enscmu.uha.fr\/wp-content\/uploads\/2025\/01\/IMG_7042-scaled.jpg\",\"width\":2560,\"height\":1707},{\"@type\":\"BreadcrumbList\",\"@id\":\"https:\/\/www.enscmu.uha.fr\/index.php\/estelle-et-samuel-vers-un-systeme-danimation-a-intervalle-court\/#breadcrumb\",\"itemListElement\":[{\"@type\":\"ListItem\",\"position\":1,\"name\":\"Accueil\",\"item\":\"https:\/\/www.enscmu.uha.fr\/\"},{\"@type\":\"ListItem\",\"position\":2,\"name\":\"Estelle et Samuel : vers un syst\u00e8me d&rsquo;Animation \u00e0 Intervalle Court\"}]},{\"@type\":\"WebSite\",\"@id\":\"https:\/\/www.enscmu.uha.fr\/#website\",\"url\":\"https:\/\/www.enscmu.uha.fr\/\",\"name\":\"ENSCMu | \u00c9cole Nationale Sup\u00e9rieure de Chimie de Mulhouse\",\"description\":\"Campus Illberg | Universit\u00e9 de Haute-Alsace\",\"potentialAction\":[{\"@type\":\"SearchAction\",\"target\":{\"@type\":\"EntryPoint\",\"urlTemplate\":\"https:\/\/www.enscmu.uha.fr\/?s={search_term_string}\"},\"query-input\":{\"@type\":\"PropertyValueSpecification\",\"valueRequired\":true,\"valueName\":\"search_term_string\"}}],\"inLanguage\":\"fr-FR\"}]}<\/script>\n<!-- \/ Yoast SEO plugin. -->","yoast_head_json":{"title":"Estelle et Samuel : vers un syst\u00e8me d'Animation \u00e0 Intervalle Court - ENSCMu","robots":{"index":"index","follow":"follow","max-snippet":"max-snippet:-1","max-image-preview":"max-image-preview:large","max-video-preview":"max-video-preview:-1"},"canonical":"https:\/\/www.enscmu.uha.fr\/index.php\/estelle-et-samuel-vers-un-systeme-danimation-a-intervalle-court\/","og_locale":"fr_FR","og_type":"article","og_title":"Estelle et Samuel : vers un syst\u00e8me d'Animation \u00e0 Intervalle Court - ENSCMu","og_description":"Afin d&rsquo;optimiser leur temps de travail, Samuel et Estelle ont mis en place un syst\u00e8me d&rsquo;Animation \u00e0 Intervalle Court (AIC). Un espace d&rsquo;AIC est un lieu de rencontre d\u00e9di\u00e9 \u00e0 la communication et \u00e0 la coordination des \u00e9quipes dans le cadre des d\u00e9marches Lean. Organis\u00e9 autour d&rsquo;affichages visuels et d&rsquo;indicateurs cl\u00e9s, cet espace permet de [&hellip;]","og_url":"https:\/\/www.enscmu.uha.fr\/index.php\/estelle-et-samuel-vers-un-systeme-danimation-a-intervalle-court\/","og_site_name":"ENSCMu | \u00c9cole Nationale Sup\u00e9rieure de Chimie de Mulhouse","og_image":[{"width":2560,"height":1707,"url":"https:\/\/www.enscmu.uha.fr\/wp-content\/uploads\/2025\/01\/IMG_7042-scaled.jpg","type":"image\/jpeg"}],"twitter_card":"summary_large_image","twitter_misc":{"Dur\u00e9e de lecture estim\u00e9e":"3 minutes"},"schema":{"@context":"https:\/\/schema.org","@graph":[{"@type":"WebPage","@id":"https:\/\/www.enscmu.uha.fr\/index.php\/estelle-et-samuel-vers-un-systeme-danimation-a-intervalle-court\/","url":"https:\/\/www.enscmu.uha.fr\/index.php\/estelle-et-samuel-vers-un-systeme-danimation-a-intervalle-court\/","name":"Estelle et Samuel : vers un syst\u00e8me d'Animation \u00e0 Intervalle Court - ENSCMu","isPartOf":{"@id":"https:\/\/www.enscmu.uha.fr\/#website"},"primaryImageOfPage":{"@id":"https:\/\/www.enscmu.uha.fr\/index.php\/estelle-et-samuel-vers-un-systeme-danimation-a-intervalle-court\/#primaryimage"},"image":{"@id":"https:\/\/www.enscmu.uha.fr\/index.php\/estelle-et-samuel-vers-un-systeme-danimation-a-intervalle-court\/#primaryimage"},"thumbnailUrl":"https:\/\/www.enscmu.uha.fr\/wp-content\/uploads\/2025\/01\/IMG_7042-1024x683.jpg","datePublished":"2025-01-06T13:55:52+00:00","breadcrumb":{"@id":"https:\/\/www.enscmu.uha.fr\/index.php\/estelle-et-samuel-vers-un-systeme-danimation-a-intervalle-court\/#breadcrumb"},"inLanguage":"fr-FR","potentialAction":[{"@type":"ReadAction","target":["https:\/\/www.enscmu.uha.fr\/index.php\/estelle-et-samuel-vers-un-systeme-danimation-a-intervalle-court\/"]}]},{"@type":"ImageObject","inLanguage":"fr-FR","@id":"https:\/\/www.enscmu.uha.fr\/index.php\/estelle-et-samuel-vers-un-systeme-danimation-a-intervalle-court\/#primaryimage","url":"https:\/\/www.enscmu.uha.fr\/wp-content\/uploads\/2025\/01\/IMG_7042-scaled.jpg","contentUrl":"https:\/\/www.enscmu.uha.fr\/wp-content\/uploads\/2025\/01\/IMG_7042-scaled.jpg","width":2560,"height":1707},{"@type":"BreadcrumbList","@id":"https:\/\/www.enscmu.uha.fr\/index.php\/estelle-et-samuel-vers-un-systeme-danimation-a-intervalle-court\/#breadcrumb","itemListElement":[{"@type":"ListItem","position":1,"name":"Accueil","item":"https:\/\/www.enscmu.uha.fr\/"},{"@type":"ListItem","position":2,"name":"Estelle et Samuel : vers un syst\u00e8me d&rsquo;Animation \u00e0 Intervalle Court"}]},{"@type":"WebSite","@id":"https:\/\/www.enscmu.uha.fr\/#website","url":"https:\/\/www.enscmu.uha.fr\/","name":"ENSCMu | \u00c9cole Nationale Sup\u00e9rieure de Chimie de Mulhouse","description":"Campus Illberg | Universit\u00e9 de Haute-Alsace","potentialAction":[{"@type":"SearchAction","target":{"@type":"EntryPoint","urlTemplate":"https:\/\/www.enscmu.uha.fr\/?s={search_term_string}"},"query-input":{"@type":"PropertyValueSpecification","valueRequired":true,"valueName":"search_term_string"}}],"inLanguage":"fr-FR"}]}},"_links":{"self":[{"href":"https:\/\/www.enscmu.uha.fr\/index.php\/wp-json\/wp\/v2\/pages\/5088","targetHints":{"allow":["GET"]}}],"collection":[{"href":"https:\/\/www.enscmu.uha.fr\/index.php\/wp-json\/wp\/v2\/pages"}],"about":[{"href":"https:\/\/www.enscmu.uha.fr\/index.php\/wp-json\/wp\/v2\/types\/page"}],"author":[{"embeddable":true,"href":"https:\/\/www.enscmu.uha.fr\/index.php\/wp-json\/wp\/v2\/users\/10"}],"replies":[{"embeddable":true,"href":"https:\/\/www.enscmu.uha.fr\/index.php\/wp-json\/wp\/v2\/comments?post=5088"}],"version-history":[{"count":1,"href":"https:\/\/www.enscmu.uha.fr\/index.php\/wp-json\/wp\/v2\/pages\/5088\/revisions"}],"predecessor-version":[{"id":5089,"href":"https:\/\/www.enscmu.uha.fr\/index.php\/wp-json\/wp\/v2\/pages\/5088\/revisions\/5089"}],"wp:attachment":[{"href":"https:\/\/www.enscmu.uha.fr\/index.php\/wp-json\/wp\/v2\/media?parent=5088"}],"wp:term":[{"taxonomy":"category","embeddable":true,"href":"https:\/\/www.enscmu.uha.fr\/index.php\/wp-json\/wp\/v2\/categories?post=5088"},{"taxonomy":"post_tag","embeddable":true,"href":"https:\/\/www.enscmu.uha.fr\/index.php\/wp-json\/wp\/v2\/tags?post=5088"}],"curies":[{"name":"wp","href":"https:\/\/api.w.org\/{rel}","templated":true}]}}