{"id":5191,"date":"2025-02-17T08:28:00","date_gmt":"2025-02-17T07:28:00","guid":{"rendered":"https:\/\/www.enscmu.uha.fr\/?page_id=5191"},"modified":"2025-03-26T07:55:16","modified_gmt":"2025-03-26T06:55:16","slug":"international-pathways-programme","status":"publish","type":"page","link":"https:\/\/www.enscmu.uha.fr\/index.php\/international-pathways-programme\/","title":{"rendered":"International Pathways Programme"},"content":{"rendered":"<div class=\"deflex main\" style=\"display: flex;\">\n<div class=\"deborder\" style=\"width: 70%; margin-left: auto; margin-right: auto; padding-right: 5%;\">\n<h3><img loading=\"lazy\" decoding=\"async\" class=\"alignnone size-large wp-image-4896\" src=\"https:\/\/www.enscmu.uha.fr\/wp-content\/uploads\/2024\/10\/IMG_6912-1024x683.jpg\" alt=\"\" width=\"750\" height=\"500\" srcset=\"https:\/\/www.enscmu.uha.fr\/wp-content\/uploads\/2024\/10\/IMG_6912-1024x683.jpg 1024w, https:\/\/www.enscmu.uha.fr\/wp-content\/uploads\/2024\/10\/IMG_6912-300x200.jpg 300w, https:\/\/www.enscmu.uha.fr\/wp-content\/uploads\/2024\/10\/IMG_6912-768x512.jpg 768w, https:\/\/www.enscmu.uha.fr\/wp-content\/uploads\/2024\/10\/IMG_6912-1536x1024.jpg 1536w, https:\/\/www.enscmu.uha.fr\/wp-content\/uploads\/2024\/10\/IMG_6912-2048x1365.jpg 2048w\" sizes=\"auto, (max-width: 750px) 100vw, 750px\" \/><\/h3>\n<h3><strong>The International Course at ENSCMu: a unique immersion experience in France for foreign students<\/strong><\/h3>\n<p>ENSCMu is inviting foreign students to join its international course, which is a semester of training that is entirely in English. The Chemistry and Beyond programme focuses on innovation, sustainable development, and entrepreneurship, key issues for future chemical engineers. The aim is to train students to become the players and entrepreneurs of tomorrow, ready to take on the challenges of the future!<\/p>\n<h3><strong>A programme structured around 4 key modules:<\/strong><\/h3>\n<ul>\n<li>Scientific module: Bioorganic chemistry and Materials and polymers<\/li>\n<\/ul>\n<ul>\n<li>Entrepreneurship module: Design and management of an entrepreneurial project to be carried out throughout the semester.<\/li>\n<\/ul>\n<ul>\n<li>Transition and innovation module: Designed to meet the expectations of current and future industries.<\/li>\n<\/ul>\n<ul>\n<li>Language module: French as a foreign language for non-French speakers, English for French speakers<\/li>\n<\/ul>\n<p><img loading=\"lazy\" decoding=\"async\" class=\"alignnone size-full wp-image-5315\" src=\"https:\/\/www.enscmu.uha.fr\/wp-content\/uploads\/2025\/03\/3A-Programme.jpg\" alt=\"\" width=\"625\" height=\"379\" srcset=\"https:\/\/www.enscmu.uha.fr\/wp-content\/uploads\/2025\/03\/3A-Programme.jpg 625w, https:\/\/www.enscmu.uha.fr\/wp-content\/uploads\/2025\/03\/3A-Programme-300x182.jpg 300w\" sizes=\"auto, (max-width: 625px) 100vw, 625px\" \/><\/p>\n<h3>Advantages for international students<\/h3>\n<ul>\n<li><strong>Immersion and integration with French students <\/strong>(shared courses)<\/li>\n<li><strong>Numerous international opportunities<\/strong> thanks to the proximity to Switzerland and Germany<\/li>\n<li><strong>Excellent quality of life<\/strong> in Mulhouse, a dynamic and pleasant city<\/li>\n<li><strong>Possibility of obtaining 30 ECTS credits<\/strong><\/li>\n<\/ul>\n<\/div>\n<div style=\"width: 27.5%; margin-left: auto; margin-right: auto;\">\n<p>Contact : Magali BONNE, Responsable des relations internationales<br \/>\nmagali.bonne@uha.fr<\/p>\n<p><strong>Admission requirements:<\/strong><\/p>\n<p>Level required:<\/p>\n<ul>\n<li>Validated M1 level in chemistry<\/li>\n<li>B2 level in English<\/li>\n<\/ul>\n<p>Send in your application before 15th June to <a href=\"mailto:international.enscmu@uha.fr\">international.enscmu@uha.fr<\/a><\/p>\n<p>&nbsp;<\/p>\n<\/div>\n<\/div>\n","protected":false},"excerpt":{"rendered":"<p>The International Course at ENSCMu: a unique immersion experience in France for foreign students ENSCMu is inviting foreign students to join its international course, which is a semester of training that is entirely in English. The Chemistry and Beyond programme focuses on innovation, sustainable development, and entrepreneurship, key issues for future chemical engineers. The aim [&hellip;]<\/p>\n","protected":false},"author":10,"featured_media":0,"parent":0,"menu_order":0,"comment_status":"closed","ping_status":"closed","template":"","meta":{"footnotes":""},"categories":[],"tags":[],"class_list":["post-5191","page","type-page","status-publish","hentry"],"yoast_head":"<!-- This site is optimized with the Yoast SEO plugin v27.0 - https:\/\/yoast.com\/product\/yoast-seo-wordpress\/ -->\n<title>International Pathways Programme - ENSCMu<\/title>\n<meta name=\"robots\" content=\"index, follow, max-snippet:-1, max-image-preview:large, max-video-preview:-1\" \/>\n<link rel=\"canonical\" href=\"https:\/\/www.enscmu.uha.fr\/index.php\/international-pathways-programme\/\" \/>\n<meta property=\"og:locale\" content=\"fr_FR\" \/>\n<meta property=\"og:type\" content=\"article\" \/>\n<meta property=\"og:title\" content=\"International Pathways Programme - ENSCMu\" \/>\n<meta property=\"og:description\" content=\"The International Course at ENSCMu: a unique immersion experience in France for foreign students ENSCMu is inviting foreign students to join its international course, which is a semester of training that is entirely in English. The Chemistry and Beyond programme focuses on innovation, sustainable development, and entrepreneurship, key issues for future chemical engineers. The aim [&hellip;]\" \/>\n<meta property=\"og:url\" content=\"https:\/\/www.enscmu.uha.fr\/index.php\/international-pathways-programme\/\" \/>\n<meta property=\"og:site_name\" content=\"ENSCMu | \u00c9cole Nationale Sup\u00e9rieure de Chimie de Mulhouse\" \/>\n<meta property=\"article:modified_time\" content=\"2025-03-26T06:55:16+00:00\" \/>\n<meta property=\"og:image\" content=\"https:\/\/www.enscmu.uha.fr\/wp-content\/uploads\/2024\/10\/IMG_6912-scaled.jpg\" \/>\n\t<meta property=\"og:image:width\" content=\"2560\" \/>\n\t<meta property=\"og:image:height\" content=\"1707\" \/>\n\t<meta property=\"og:image:type\" content=\"image\/jpeg\" \/>\n<meta name=\"twitter:card\" content=\"summary_large_image\" \/>\n<meta name=\"twitter:label1\" content=\"Dur\u00e9e de lecture estim\u00e9e\" \/>\n\t<meta name=\"twitter:data1\" content=\"2 minutes\" \/>\n<script type=\"application\/ld+json\" class=\"yoast-schema-graph\">{\"@context\":\"https:\/\/schema.org\",\"@graph\":[{\"@type\":\"WebPage\",\"@id\":\"https:\/\/www.enscmu.uha.fr\/index.php\/international-pathways-programme\/\",\"url\":\"https:\/\/www.enscmu.uha.fr\/index.php\/international-pathways-programme\/\",\"name\":\"International Pathways Programme - ENSCMu\",\"isPartOf\":{\"@id\":\"https:\/\/www.enscmu.uha.fr\/#website\"},\"primaryImageOfPage\":{\"@id\":\"https:\/\/www.enscmu.uha.fr\/index.php\/international-pathways-programme\/#primaryimage\"},\"image\":{\"@id\":\"https:\/\/www.enscmu.uha.fr\/index.php\/international-pathways-programme\/#primaryimage\"},\"thumbnailUrl\":\"https:\/\/www.enscmu.uha.fr\/wp-content\/uploads\/2024\/10\/IMG_6912-1024x683.jpg\",\"datePublished\":\"2025-02-17T07:28:00+00:00\",\"dateModified\":\"2025-03-26T06:55:16+00:00\",\"breadcrumb\":{\"@id\":\"https:\/\/www.enscmu.uha.fr\/index.php\/international-pathways-programme\/#breadcrumb\"},\"inLanguage\":\"fr-FR\",\"potentialAction\":[{\"@type\":\"ReadAction\",\"target\":[\"https:\/\/www.enscmu.uha.fr\/index.php\/international-pathways-programme\/\"]}]},{\"@type\":\"ImageObject\",\"inLanguage\":\"fr-FR\",\"@id\":\"https:\/\/www.enscmu.uha.fr\/index.php\/international-pathways-programme\/#primaryimage\",\"url\":\"https:\/\/www.enscmu.uha.fr\/wp-content\/uploads\/2024\/10\/IMG_6912-scaled.jpg\",\"contentUrl\":\"https:\/\/www.enscmu.uha.fr\/wp-content\/uploads\/2024\/10\/IMG_6912-scaled.jpg\",\"width\":2560,\"height\":1707},{\"@type\":\"BreadcrumbList\",\"@id\":\"https:\/\/www.enscmu.uha.fr\/index.php\/international-pathways-programme\/#breadcrumb\",\"itemListElement\":[{\"@type\":\"ListItem\",\"position\":1,\"name\":\"Accueil\",\"item\":\"https:\/\/www.enscmu.uha.fr\/\"},{\"@type\":\"ListItem\",\"position\":2,\"name\":\"International Pathways Programme\"}]},{\"@type\":\"WebSite\",\"@id\":\"https:\/\/www.enscmu.uha.fr\/#website\",\"url\":\"https:\/\/www.enscmu.uha.fr\/\",\"name\":\"ENSCMu | \u00c9cole Nationale Sup\u00e9rieure de Chimie de Mulhouse\",\"description\":\"Campus Illberg | Universit\u00e9 de Haute-Alsace\",\"potentialAction\":[{\"@type\":\"SearchAction\",\"target\":{\"@type\":\"EntryPoint\",\"urlTemplate\":\"https:\/\/www.enscmu.uha.fr\/?s={search_term_string}\"},\"query-input\":{\"@type\":\"PropertyValueSpecification\",\"valueRequired\":true,\"valueName\":\"search_term_string\"}}],\"inLanguage\":\"fr-FR\"}]}<\/script>\n<!-- \/ Yoast SEO plugin. -->","yoast_head_json":{"title":"International Pathways Programme - ENSCMu","robots":{"index":"index","follow":"follow","max-snippet":"max-snippet:-1","max-image-preview":"max-image-preview:large","max-video-preview":"max-video-preview:-1"},"canonical":"https:\/\/www.enscmu.uha.fr\/index.php\/international-pathways-programme\/","og_locale":"fr_FR","og_type":"article","og_title":"International Pathways Programme - ENSCMu","og_description":"The International Course at ENSCMu: a unique immersion experience in France for foreign students ENSCMu is inviting foreign students to join its international course, which is a semester of training that is entirely in English. The Chemistry and Beyond programme focuses on innovation, sustainable development, and entrepreneurship, key issues for future chemical engineers. The aim [&hellip;]","og_url":"https:\/\/www.enscmu.uha.fr\/index.php\/international-pathways-programme\/","og_site_name":"ENSCMu | \u00c9cole Nationale Sup\u00e9rieure de Chimie de Mulhouse","article_modified_time":"2025-03-26T06:55:16+00:00","og_image":[{"width":2560,"height":1707,"url":"https:\/\/www.enscmu.uha.fr\/wp-content\/uploads\/2024\/10\/IMG_6912-scaled.jpg","type":"image\/jpeg"}],"twitter_card":"summary_large_image","twitter_misc":{"Dur\u00e9e de lecture estim\u00e9e":"2 minutes"},"schema":{"@context":"https:\/\/schema.org","@graph":[{"@type":"WebPage","@id":"https:\/\/www.enscmu.uha.fr\/index.php\/international-pathways-programme\/","url":"https:\/\/www.enscmu.uha.fr\/index.php\/international-pathways-programme\/","name":"International Pathways Programme - ENSCMu","isPartOf":{"@id":"https:\/\/www.enscmu.uha.fr\/#website"},"primaryImageOfPage":{"@id":"https:\/\/www.enscmu.uha.fr\/index.php\/international-pathways-programme\/#primaryimage"},"image":{"@id":"https:\/\/www.enscmu.uha.fr\/index.php\/international-pathways-programme\/#primaryimage"},"thumbnailUrl":"https:\/\/www.enscmu.uha.fr\/wp-content\/uploads\/2024\/10\/IMG_6912-1024x683.jpg","datePublished":"2025-02-17T07:28:00+00:00","dateModified":"2025-03-26T06:55:16+00:00","breadcrumb":{"@id":"https:\/\/www.enscmu.uha.fr\/index.php\/international-pathways-programme\/#breadcrumb"},"inLanguage":"fr-FR","potentialAction":[{"@type":"ReadAction","target":["https:\/\/www.enscmu.uha.fr\/index.php\/international-pathways-programme\/"]}]},{"@type":"ImageObject","inLanguage":"fr-FR","@id":"https:\/\/www.enscmu.uha.fr\/index.php\/international-pathways-programme\/#primaryimage","url":"https:\/\/www.enscmu.uha.fr\/wp-content\/uploads\/2024\/10\/IMG_6912-scaled.jpg","contentUrl":"https:\/\/www.enscmu.uha.fr\/wp-content\/uploads\/2024\/10\/IMG_6912-scaled.jpg","width":2560,"height":1707},{"@type":"BreadcrumbList","@id":"https:\/\/www.enscmu.uha.fr\/index.php\/international-pathways-programme\/#breadcrumb","itemListElement":[{"@type":"ListItem","position":1,"name":"Accueil","item":"https:\/\/www.enscmu.uha.fr\/"},{"@type":"ListItem","position":2,"name":"International Pathways Programme"}]},{"@type":"WebSite","@id":"https:\/\/www.enscmu.uha.fr\/#website","url":"https:\/\/www.enscmu.uha.fr\/","name":"ENSCMu | \u00c9cole Nationale Sup\u00e9rieure de Chimie de Mulhouse","description":"Campus Illberg | Universit\u00e9 de Haute-Alsace","potentialAction":[{"@type":"SearchAction","target":{"@type":"EntryPoint","urlTemplate":"https:\/\/www.enscmu.uha.fr\/?s={search_term_string}"},"query-input":{"@type":"PropertyValueSpecification","valueRequired":true,"valueName":"search_term_string"}}],"inLanguage":"fr-FR"}]}},"_links":{"self":[{"href":"https:\/\/www.enscmu.uha.fr\/index.php\/wp-json\/wp\/v2\/pages\/5191","targetHints":{"allow":["GET"]}}],"collection":[{"href":"https:\/\/www.enscmu.uha.fr\/index.php\/wp-json\/wp\/v2\/pages"}],"about":[{"href":"https:\/\/www.enscmu.uha.fr\/index.php\/wp-json\/wp\/v2\/types\/page"}],"author":[{"embeddable":true,"href":"https:\/\/www.enscmu.uha.fr\/index.php\/wp-json\/wp\/v2\/users\/10"}],"replies":[{"embeddable":true,"href":"https:\/\/www.enscmu.uha.fr\/index.php\/wp-json\/wp\/v2\/comments?post=5191"}],"version-history":[{"count":11,"href":"https:\/\/www.enscmu.uha.fr\/index.php\/wp-json\/wp\/v2\/pages\/5191\/revisions"}],"predecessor-version":[{"id":5316,"href":"https:\/\/www.enscmu.uha.fr\/index.php\/wp-json\/wp\/v2\/pages\/5191\/revisions\/5316"}],"wp:attachment":[{"href":"https:\/\/www.enscmu.uha.fr\/index.php\/wp-json\/wp\/v2\/media?parent=5191"}],"wp:term":[{"taxonomy":"category","embeddable":true,"href":"https:\/\/www.enscmu.uha.fr\/index.php\/wp-json\/wp\/v2\/categories?post=5191"},{"taxonomy":"post_tag","embeddable":true,"href":"https:\/\/www.enscmu.uha.fr\/index.php\/wp-json\/wp\/v2\/tags?post=5191"}],"curies":[{"name":"wp","href":"https:\/\/api.w.org\/{rel}","templated":true}]}}