{"id":5255,"date":"2025-03-04T13:49:44","date_gmt":"2025-03-04T12:49:44","guid":{"rendered":"https:\/\/www.enscmu.uha.fr\/?page_id=5255"},"modified":"2025-03-04T13:51:46","modified_gmt":"2025-03-04T12:51:46","slug":"des-partenariats-industriels-pour-un-avenir-partage","status":"publish","type":"page","link":"https:\/\/www.enscmu.uha.fr\/index.php\/des-partenariats-industriels-pour-un-avenir-partage\/","title":{"rendered":"Des partenariats industriels pour un avenir partag\u00e9"},"content":{"rendered":"<p>Depuis 2024, l\u2019ENSCMu a structur\u00e9 ses collaborations avec les entreprises en introduisant des conventions de partenariat. Ces accords s\u2019inscrivent dans une vision strat\u00e9gique : renforcer les liens entre l\u2019\u00e9cole et le tissu industriel, pour pr\u00e9parer les ing\u00e9nieurs chimistes de demain tout en r\u00e9pondant aux enjeux des entreprises.<\/p>\n<p>Ces collaborations font partie de l\u2019ADN de l\u2019ENSCMu. En effet, les passerelles entre le monde acad\u00e9mique et industriel sont nombreuses : cursus en apprentissage depuis 2024, contrat de professionnalisation depuis 2016, stages&#8230;<\/p>\n<p>En retour, l\u2019ENSCMu s\u2019engage \u00e0 offrir une visibilit\u00e9 accrue \u00e0 ses partenaires, \u00e0 faciliter leurs recrutements et \u00e0 int\u00e9grer leurs besoins dans ses formations. Cette dynamique cr\u00e9e un cercle vertueux, o\u00f9 l\u2019innovation, la formation, et l\u2019industrie se nourrissent mutuellement.<\/p>\n<h4><b>2024, une ann\u00e9e fructueuse\u00a0<\/b><\/h4>\n<p>En 2024, l\u2019ENSCMu a sign\u00e9 quatre conventions de partenariat avec des entreprises leaders dans leur secteurs respectifs :<\/p>\n<ul>\n<li><b>dsm-firmenich,<\/b> leader dans les domaines de la nutrition, de la sant\u00e9 et de la beaut\u00e9, dispose d\u2019un site de production \u00e0 Village-Neuf, dans le Haut-Rhin, sp\u00e9cialis\u00e9 dans la fabrication de vitamines, carot\u00e9no\u00efdes et pr\u00e9m\u00e9- langes destin\u00e9s \u00e0 la nutrition humaine et animale, ainsi qu\u2019aux secteurs cosm\u00e9tiques et pharmaceutiques.<\/li>\n<li><b>Tronox,<\/b> une entreprise mondiale sp\u00e9cialis\u00e9e dans la production de pigments et de produits chimiques industriels, est \u00e9galement partenaire de l\u2019ENSCMu. Ce partenariat est particuli\u00e8rement pertinent dans le cadre de la formation des \u00e9l\u00e8ves aux processus industriels complexes et \u00e0 la gestion de la production \u00e0 grande \u00e9chelle.<\/li>\n<li><b>Autocycling,<\/b> une entreprise innovante sp\u00e9cialis\u00e9e dans le recyclage \u00e9cologique de mat\u00e9riaux industriels. Son objectif est de d\u00e9velopper des solutions durables pour la r\u00e9cup\u00e9ration et le recyclage de m\u00e9taux pr\u00e9cieux \u00e0 partir de d\u00e9chets industriels, en mettant l\u2019accent sur des proc\u00e9d\u00e9s respectueux de l\u2019environnement.<\/li>\n<li><b>Bassetti,<\/b> une entreprise sp\u00e9cialis\u00e9e dans le d\u00e9veloppement de logiciels de gestion de la performance industrielle. Ses solutions permettent aux entreprises d\u2019optimiser la tra\u00e7abilit\u00e9, la qualit\u00e9 et la conformit\u00e9 de leurs \u00e9quipements, tout en am\u00e9liorant l\u2019efficacit\u00e9 des processus de conception, de production et de maintenance.<\/li>\n<\/ul>\n<p><img loading=\"lazy\" decoding=\"async\" class=\"size-large wp-image-5256 aligncenter\" src=\"https:\/\/www.enscmu.uha.fr\/wp-content\/uploads\/2025\/03\/IMG_6849-1024x683.jpg\" alt=\"\" width=\"750\" height=\"500\" srcset=\"https:\/\/www.enscmu.uha.fr\/wp-content\/uploads\/2025\/03\/IMG_6849-1024x683.jpg 1024w, https:\/\/www.enscmu.uha.fr\/wp-content\/uploads\/2025\/03\/IMG_6849-300x200.jpg 300w, https:\/\/www.enscmu.uha.fr\/wp-content\/uploads\/2025\/03\/IMG_6849-768x512.jpg 768w, https:\/\/www.enscmu.uha.fr\/wp-content\/uploads\/2025\/03\/IMG_6849-1536x1024.jpg 1536w, https:\/\/www.enscmu.uha.fr\/wp-content\/uploads\/2025\/03\/IMG_6849-2048x1365.jpg 2048w\" sizes=\"auto, (max-width: 750px) 100vw, 750px\" \/><\/p>\n<p><img loading=\"lazy\" decoding=\"async\" class=\"size-large wp-image-5070 aligncenter\" src=\"https:\/\/www.enscmu.uha.fr\/wp-content\/uploads\/2024\/12\/ENSCMu_Convention_Partenariat_autocycling_29.1.2024-1024x682.jpg\" alt=\"Signature convention de partenariat Autocycling ENSCMu\" width=\"750\" height=\"500\" srcset=\"https:\/\/www.enscmu.uha.fr\/wp-content\/uploads\/2024\/12\/ENSCMu_Convention_Partenariat_autocycling_29.1.2024-1024x682.jpg 1024w, https:\/\/www.enscmu.uha.fr\/wp-content\/uploads\/2024\/12\/ENSCMu_Convention_Partenariat_autocycling_29.1.2024-300x200.jpg 300w, https:\/\/www.enscmu.uha.fr\/wp-content\/uploads\/2024\/12\/ENSCMu_Convention_Partenariat_autocycling_29.1.2024-768x512.jpg 768w, https:\/\/www.enscmu.uha.fr\/wp-content\/uploads\/2024\/12\/ENSCMu_Convention_Partenariat_autocycling_29.1.2024-1536x1024.jpg 1536w, https:\/\/www.enscmu.uha.fr\/wp-content\/uploads\/2024\/12\/ENSCMu_Convention_Partenariat_autocycling_29.1.2024.jpg 1772w\" sizes=\"auto, (max-width: 750px) 100vw, 750px\" \/><\/p>\n","protected":false},"excerpt":{"rendered":"<p>Depuis 2024, l\u2019ENSCMu a structur\u00e9 ses collaborations avec les entreprises en introduisant des conventions de partenariat. Ces accords s\u2019inscrivent dans une vision strat\u00e9gique : renforcer les liens entre l\u2019\u00e9cole et le tissu industriel, pour pr\u00e9parer les ing\u00e9nieurs chimistes de demain tout en r\u00e9pondant aux enjeux des entreprises. Ces collaborations font partie de l\u2019ADN de l\u2019ENSCMu. [&hellip;]<\/p>\n","protected":false},"author":10,"featured_media":0,"parent":0,"menu_order":0,"comment_status":"closed","ping_status":"closed","template":"","meta":{"footnotes":""},"categories":[19],"tags":[],"class_list":["post-5255","page","type-page","status-publish","hentry","category-newsletter"],"yoast_head":"<!-- This site is optimized with the Yoast SEO plugin v27.0 - https:\/\/yoast.com\/product\/yoast-seo-wordpress\/ -->\n<title>Des partenariats industriels pour un avenir partag\u00e9 - ENSCMu<\/title>\n<meta name=\"robots\" content=\"index, follow, max-snippet:-1, max-image-preview:large, max-video-preview:-1\" \/>\n<link rel=\"canonical\" href=\"https:\/\/www.enscmu.uha.fr\/index.php\/des-partenariats-industriels-pour-un-avenir-partage\/\" \/>\n<meta property=\"og:locale\" content=\"fr_FR\" \/>\n<meta property=\"og:type\" content=\"article\" \/>\n<meta property=\"og:title\" content=\"Des partenariats industriels pour un avenir partag\u00e9 - ENSCMu\" \/>\n<meta property=\"og:description\" content=\"Depuis 2024, l\u2019ENSCMu a structur\u00e9 ses collaborations avec les entreprises en introduisant des conventions de partenariat. Ces accords s\u2019inscrivent dans une vision strat\u00e9gique : renforcer les liens entre l\u2019\u00e9cole et le tissu industriel, pour pr\u00e9parer les ing\u00e9nieurs chimistes de demain tout en r\u00e9pondant aux enjeux des entreprises. Ces collaborations font partie de l\u2019ADN de l\u2019ENSCMu. [&hellip;]\" \/>\n<meta property=\"og:url\" content=\"https:\/\/www.enscmu.uha.fr\/index.php\/des-partenariats-industriels-pour-un-avenir-partage\/\" \/>\n<meta property=\"og:site_name\" content=\"ENSCMu | \u00c9cole Nationale Sup\u00e9rieure de Chimie de Mulhouse\" \/>\n<meta property=\"article:modified_time\" content=\"2025-03-04T12:51:46+00:00\" \/>\n<meta property=\"og:image\" content=\"https:\/\/www.enscmu.uha.fr\/wp-content\/uploads\/2025\/03\/IMG_6849-scaled.jpg\" \/>\n\t<meta property=\"og:image:width\" content=\"2560\" \/>\n\t<meta property=\"og:image:height\" content=\"1707\" \/>\n\t<meta property=\"og:image:type\" content=\"image\/jpeg\" \/>\n<meta name=\"twitter:card\" content=\"summary_large_image\" \/>\n<meta name=\"twitter:label1\" content=\"Dur\u00e9e de lecture estim\u00e9e\" \/>\n\t<meta name=\"twitter:data1\" content=\"3 minutes\" \/>\n<script type=\"application\/ld+json\" class=\"yoast-schema-graph\">{\"@context\":\"https:\/\/schema.org\",\"@graph\":[{\"@type\":\"WebPage\",\"@id\":\"https:\/\/www.enscmu.uha.fr\/index.php\/des-partenariats-industriels-pour-un-avenir-partage\/\",\"url\":\"https:\/\/www.enscmu.uha.fr\/index.php\/des-partenariats-industriels-pour-un-avenir-partage\/\",\"name\":\"Des partenariats industriels pour un avenir partag\u00e9 - ENSCMu\",\"isPartOf\":{\"@id\":\"https:\/\/www.enscmu.uha.fr\/#website\"},\"primaryImageOfPage\":{\"@id\":\"https:\/\/www.enscmu.uha.fr\/index.php\/des-partenariats-industriels-pour-un-avenir-partage\/#primaryimage\"},\"image\":{\"@id\":\"https:\/\/www.enscmu.uha.fr\/index.php\/des-partenariats-industriels-pour-un-avenir-partage\/#primaryimage\"},\"thumbnailUrl\":\"https:\/\/www.enscmu.uha.fr\/wp-content\/uploads\/2025\/03\/IMG_6849-1024x683.jpg\",\"datePublished\":\"2025-03-04T12:49:44+00:00\",\"dateModified\":\"2025-03-04T12:51:46+00:00\",\"breadcrumb\":{\"@id\":\"https:\/\/www.enscmu.uha.fr\/index.php\/des-partenariats-industriels-pour-un-avenir-partage\/#breadcrumb\"},\"inLanguage\":\"fr-FR\",\"potentialAction\":[{\"@type\":\"ReadAction\",\"target\":[\"https:\/\/www.enscmu.uha.fr\/index.php\/des-partenariats-industriels-pour-un-avenir-partage\/\"]}]},{\"@type\":\"ImageObject\",\"inLanguage\":\"fr-FR\",\"@id\":\"https:\/\/www.enscmu.uha.fr\/index.php\/des-partenariats-industriels-pour-un-avenir-partage\/#primaryimage\",\"url\":\"https:\/\/www.enscmu.uha.fr\/wp-content\/uploads\/2025\/03\/IMG_6849-scaled.jpg\",\"contentUrl\":\"https:\/\/www.enscmu.uha.fr\/wp-content\/uploads\/2025\/03\/IMG_6849-scaled.jpg\",\"width\":2560,\"height\":1707},{\"@type\":\"BreadcrumbList\",\"@id\":\"https:\/\/www.enscmu.uha.fr\/index.php\/des-partenariats-industriels-pour-un-avenir-partage\/#breadcrumb\",\"itemListElement\":[{\"@type\":\"ListItem\",\"position\":1,\"name\":\"Accueil\",\"item\":\"https:\/\/www.enscmu.uha.fr\/\"},{\"@type\":\"ListItem\",\"position\":2,\"name\":\"Des partenariats industriels pour un avenir partag\u00e9\"}]},{\"@type\":\"WebSite\",\"@id\":\"https:\/\/www.enscmu.uha.fr\/#website\",\"url\":\"https:\/\/www.enscmu.uha.fr\/\",\"name\":\"ENSCMu | \u00c9cole Nationale Sup\u00e9rieure de Chimie de Mulhouse\",\"description\":\"Campus Illberg | Universit\u00e9 de Haute-Alsace\",\"potentialAction\":[{\"@type\":\"SearchAction\",\"target\":{\"@type\":\"EntryPoint\",\"urlTemplate\":\"https:\/\/www.enscmu.uha.fr\/?s={search_term_string}\"},\"query-input\":{\"@type\":\"PropertyValueSpecification\",\"valueRequired\":true,\"valueName\":\"search_term_string\"}}],\"inLanguage\":\"fr-FR\"}]}<\/script>\n<!-- \/ Yoast SEO plugin. -->","yoast_head_json":{"title":"Des partenariats industriels pour un avenir partag\u00e9 - ENSCMu","robots":{"index":"index","follow":"follow","max-snippet":"max-snippet:-1","max-image-preview":"max-image-preview:large","max-video-preview":"max-video-preview:-1"},"canonical":"https:\/\/www.enscmu.uha.fr\/index.php\/des-partenariats-industriels-pour-un-avenir-partage\/","og_locale":"fr_FR","og_type":"article","og_title":"Des partenariats industriels pour un avenir partag\u00e9 - ENSCMu","og_description":"Depuis 2024, l\u2019ENSCMu a structur\u00e9 ses collaborations avec les entreprises en introduisant des conventions de partenariat. Ces accords s\u2019inscrivent dans une vision strat\u00e9gique : renforcer les liens entre l\u2019\u00e9cole et le tissu industriel, pour pr\u00e9parer les ing\u00e9nieurs chimistes de demain tout en r\u00e9pondant aux enjeux des entreprises. Ces collaborations font partie de l\u2019ADN de l\u2019ENSCMu. [&hellip;]","og_url":"https:\/\/www.enscmu.uha.fr\/index.php\/des-partenariats-industriels-pour-un-avenir-partage\/","og_site_name":"ENSCMu | \u00c9cole Nationale Sup\u00e9rieure de Chimie de Mulhouse","article_modified_time":"2025-03-04T12:51:46+00:00","og_image":[{"width":2560,"height":1707,"url":"https:\/\/www.enscmu.uha.fr\/wp-content\/uploads\/2025\/03\/IMG_6849-scaled.jpg","type":"image\/jpeg"}],"twitter_card":"summary_large_image","twitter_misc":{"Dur\u00e9e de lecture estim\u00e9e":"3 minutes"},"schema":{"@context":"https:\/\/schema.org","@graph":[{"@type":"WebPage","@id":"https:\/\/www.enscmu.uha.fr\/index.php\/des-partenariats-industriels-pour-un-avenir-partage\/","url":"https:\/\/www.enscmu.uha.fr\/index.php\/des-partenariats-industriels-pour-un-avenir-partage\/","name":"Des partenariats industriels pour un avenir partag\u00e9 - ENSCMu","isPartOf":{"@id":"https:\/\/www.enscmu.uha.fr\/#website"},"primaryImageOfPage":{"@id":"https:\/\/www.enscmu.uha.fr\/index.php\/des-partenariats-industriels-pour-un-avenir-partage\/#primaryimage"},"image":{"@id":"https:\/\/www.enscmu.uha.fr\/index.php\/des-partenariats-industriels-pour-un-avenir-partage\/#primaryimage"},"thumbnailUrl":"https:\/\/www.enscmu.uha.fr\/wp-content\/uploads\/2025\/03\/IMG_6849-1024x683.jpg","datePublished":"2025-03-04T12:49:44+00:00","dateModified":"2025-03-04T12:51:46+00:00","breadcrumb":{"@id":"https:\/\/www.enscmu.uha.fr\/index.php\/des-partenariats-industriels-pour-un-avenir-partage\/#breadcrumb"},"inLanguage":"fr-FR","potentialAction":[{"@type":"ReadAction","target":["https:\/\/www.enscmu.uha.fr\/index.php\/des-partenariats-industriels-pour-un-avenir-partage\/"]}]},{"@type":"ImageObject","inLanguage":"fr-FR","@id":"https:\/\/www.enscmu.uha.fr\/index.php\/des-partenariats-industriels-pour-un-avenir-partage\/#primaryimage","url":"https:\/\/www.enscmu.uha.fr\/wp-content\/uploads\/2025\/03\/IMG_6849-scaled.jpg","contentUrl":"https:\/\/www.enscmu.uha.fr\/wp-content\/uploads\/2025\/03\/IMG_6849-scaled.jpg","width":2560,"height":1707},{"@type":"BreadcrumbList","@id":"https:\/\/www.enscmu.uha.fr\/index.php\/des-partenariats-industriels-pour-un-avenir-partage\/#breadcrumb","itemListElement":[{"@type":"ListItem","position":1,"name":"Accueil","item":"https:\/\/www.enscmu.uha.fr\/"},{"@type":"ListItem","position":2,"name":"Des partenariats industriels pour un avenir partag\u00e9"}]},{"@type":"WebSite","@id":"https:\/\/www.enscmu.uha.fr\/#website","url":"https:\/\/www.enscmu.uha.fr\/","name":"ENSCMu | \u00c9cole Nationale Sup\u00e9rieure de Chimie de Mulhouse","description":"Campus Illberg | Universit\u00e9 de Haute-Alsace","potentialAction":[{"@type":"SearchAction","target":{"@type":"EntryPoint","urlTemplate":"https:\/\/www.enscmu.uha.fr\/?s={search_term_string}"},"query-input":{"@type":"PropertyValueSpecification","valueRequired":true,"valueName":"search_term_string"}}],"inLanguage":"fr-FR"}]}},"_links":{"self":[{"href":"https:\/\/www.enscmu.uha.fr\/index.php\/wp-json\/wp\/v2\/pages\/5255","targetHints":{"allow":["GET"]}}],"collection":[{"href":"https:\/\/www.enscmu.uha.fr\/index.php\/wp-json\/wp\/v2\/pages"}],"about":[{"href":"https:\/\/www.enscmu.uha.fr\/index.php\/wp-json\/wp\/v2\/types\/page"}],"author":[{"embeddable":true,"href":"https:\/\/www.enscmu.uha.fr\/index.php\/wp-json\/wp\/v2\/users\/10"}],"replies":[{"embeddable":true,"href":"https:\/\/www.enscmu.uha.fr\/index.php\/wp-json\/wp\/v2\/comments?post=5255"}],"version-history":[{"count":1,"href":"https:\/\/www.enscmu.uha.fr\/index.php\/wp-json\/wp\/v2\/pages\/5255\/revisions"}],"predecessor-version":[{"id":5257,"href":"https:\/\/www.enscmu.uha.fr\/index.php\/wp-json\/wp\/v2\/pages\/5255\/revisions\/5257"}],"wp:attachment":[{"href":"https:\/\/www.enscmu.uha.fr\/index.php\/wp-json\/wp\/v2\/media?parent=5255"}],"wp:term":[{"taxonomy":"category","embeddable":true,"href":"https:\/\/www.enscmu.uha.fr\/index.php\/wp-json\/wp\/v2\/categories?post=5255"},{"taxonomy":"post_tag","embeddable":true,"href":"https:\/\/www.enscmu.uha.fr\/index.php\/wp-json\/wp\/v2\/tags?post=5255"}],"curies":[{"name":"wp","href":"https:\/\/api.w.org\/{rel}","templated":true}]}}