{"id":5289,"date":"2025-03-04T15:03:22","date_gmt":"2025-03-04T14:03:22","guid":{"rendered":"https:\/\/www.enscmu.uha.fr\/?page_id=5289"},"modified":"2025-03-04T15:07:22","modified_gmt":"2025-03-04T14:07:22","slug":"irjbd-une-annee-2024-riche-en-projets","status":"publish","type":"page","link":"https:\/\/www.enscmu.uha.fr\/index.php\/irjbd-une-annee-2024-riche-en-projets\/","title":{"rendered":"IRJBD : une ann\u00e9e 2024 riche en projets"},"content":{"rendered":"<p>Les unit\u00e9s de recherche du Laboratoire de Photochimie et d\u2019Ing\u00e9nierie Macromol\u00e9culaires (LPIM), du Laboratoire Gestion des Risques et Environnement (LGRE), du Laboratoire d\u2019Innovation Mol\u00e9culaire et Applications (LIMA) et de l\u2018Institut de Science des Mat\u00e9riaux de Mulhouse (IS2M) ont marqu\u00e9 l\u2019ann\u00e9e par leurs travaux.<\/p>\n<ul>\n<li><strong>Le LPIM<\/strong> a consolid\u00e9 sa position d\u2019acteur majeur dans le projet europ\u00e9en POPULAR, d\u00e9di\u00e9 aux dispositifs opto\u00e9lectroniques polym\u00e8res pour des applications photoniques avanc\u00e9es.<\/li>\n<li><strong>Au LGRE,<\/strong> Orlane Douguet, doctorante, a brill\u00e9 lors de Ma th\u00e8se en 180 secondes 2023, t\u00e9moignant de l\u2019excellence de la formation doctorale.<\/li>\n<li><strong>Le LIMA<\/strong> a quant \u00e0 lui c\u00e9l\u00e9br\u00e9 de nombreuses distinctions pour ses jeunes chercheurs : le Dr. Vincent Bizet a \u00e9t\u00e9 honor\u00e9 par l\u2019Emergence@INC CNRS 2023, le Thieme Chemistry Journals Award 2023 et a \u00e9t\u00e9 s\u00e9lectionn\u00e9 comme Emerging Investigator 2024 par Catalysis Science &amp; Technology (RSC), tout en rejoignant l\u2019Early Career Advisory Board de Tetrahedron et Tetrahedron Letters. Le Dr. Morgan Cormier a, pour sa part, re\u00e7u le Prix Jean Normant 2024 de la Soci\u00e9t\u00e9 Chimique de France, division Chimie Organique.<\/li>\n<li>Enfin, <strong>l\u2019IS2M<\/strong> a r\u00e9alis\u00e9 des perc\u00e9es dans les mat\u00e9riaux pour batteries sodium-ion, l\u2019impression 3D sous lumi\u00e8re solaire et les photoswitches polym\u00e8res, affirmant son r\u00f4le dans la transition \u00e9nerg\u00e9tique et les technologies innovantes.<\/li>\n<\/ul>\n","protected":false},"excerpt":{"rendered":"<p>Les unit\u00e9s de recherche du Laboratoire de Photochimie et d\u2019Ing\u00e9nierie Macromol\u00e9culaires (LPIM), du Laboratoire Gestion des Risques et Environnement (LGRE), du Laboratoire d\u2019Innovation Mol\u00e9culaire et Applications (LIMA) et de l\u2018Institut de Science des Mat\u00e9riaux de Mulhouse (IS2M) ont marqu\u00e9 l\u2019ann\u00e9e par leurs travaux. Le LPIM a consolid\u00e9 sa position d\u2019acteur majeur dans le projet europ\u00e9en [&hellip;]<\/p>\n","protected":false},"author":10,"featured_media":0,"parent":0,"menu_order":0,"comment_status":"closed","ping_status":"closed","template":"","meta":{"footnotes":""},"categories":[19],"tags":[],"class_list":["post-5289","page","type-page","status-publish","hentry","category-newsletter"],"yoast_head":"<!-- This site is optimized with the Yoast SEO plugin v27.0 - https:\/\/yoast.com\/product\/yoast-seo-wordpress\/ -->\n<title>IRJBD : une ann\u00e9e 2024 riche en projets - ENSCMu<\/title>\n<meta name=\"robots\" content=\"index, follow, max-snippet:-1, max-image-preview:large, max-video-preview:-1\" \/>\n<link rel=\"canonical\" href=\"https:\/\/www.enscmu.uha.fr\/index.php\/irjbd-une-annee-2024-riche-en-projets\/\" \/>\n<meta property=\"og:locale\" content=\"fr_FR\" \/>\n<meta property=\"og:type\" content=\"article\" \/>\n<meta property=\"og:title\" content=\"IRJBD : une ann\u00e9e 2024 riche en projets - ENSCMu\" \/>\n<meta property=\"og:description\" content=\"Les unit\u00e9s de recherche du Laboratoire de Photochimie et d\u2019Ing\u00e9nierie Macromol\u00e9culaires (LPIM), du Laboratoire Gestion des Risques et Environnement (LGRE), du Laboratoire d\u2019Innovation Mol\u00e9culaire et Applications (LIMA) et de l\u2018Institut de Science des Mat\u00e9riaux de Mulhouse (IS2M) ont marqu\u00e9 l\u2019ann\u00e9e par leurs travaux. Le LPIM a consolid\u00e9 sa position d\u2019acteur majeur dans le projet europ\u00e9en [&hellip;]\" \/>\n<meta property=\"og:url\" content=\"https:\/\/www.enscmu.uha.fr\/index.php\/irjbd-une-annee-2024-riche-en-projets\/\" \/>\n<meta property=\"og:site_name\" content=\"ENSCMu | \u00c9cole Nationale Sup\u00e9rieure de Chimie de Mulhouse\" \/>\n<meta property=\"article:modified_time\" content=\"2025-03-04T14:07:22+00:00\" \/>\n<meta name=\"twitter:card\" content=\"summary_large_image\" \/>\n<meta name=\"twitter:label1\" content=\"Dur\u00e9e de lecture estim\u00e9e\" \/>\n\t<meta name=\"twitter:data1\" content=\"2 minutes\" \/>\n<script type=\"application\/ld+json\" class=\"yoast-schema-graph\">{\"@context\":\"https:\/\/schema.org\",\"@graph\":[{\"@type\":\"WebPage\",\"@id\":\"https:\/\/www.enscmu.uha.fr\/index.php\/irjbd-une-annee-2024-riche-en-projets\/\",\"url\":\"https:\/\/www.enscmu.uha.fr\/index.php\/irjbd-une-annee-2024-riche-en-projets\/\",\"name\":\"IRJBD : une ann\u00e9e 2024 riche en projets - ENSCMu\",\"isPartOf\":{\"@id\":\"https:\/\/www.enscmu.uha.fr\/#website\"},\"datePublished\":\"2025-03-04T14:03:22+00:00\",\"dateModified\":\"2025-03-04T14:07:22+00:00\",\"breadcrumb\":{\"@id\":\"https:\/\/www.enscmu.uha.fr\/index.php\/irjbd-une-annee-2024-riche-en-projets\/#breadcrumb\"},\"inLanguage\":\"fr-FR\",\"potentialAction\":[{\"@type\":\"ReadAction\",\"target\":[\"https:\/\/www.enscmu.uha.fr\/index.php\/irjbd-une-annee-2024-riche-en-projets\/\"]}]},{\"@type\":\"BreadcrumbList\",\"@id\":\"https:\/\/www.enscmu.uha.fr\/index.php\/irjbd-une-annee-2024-riche-en-projets\/#breadcrumb\",\"itemListElement\":[{\"@type\":\"ListItem\",\"position\":1,\"name\":\"Accueil\",\"item\":\"https:\/\/www.enscmu.uha.fr\/\"},{\"@type\":\"ListItem\",\"position\":2,\"name\":\"IRJBD : une ann\u00e9e 2024 riche en projets\"}]},{\"@type\":\"WebSite\",\"@id\":\"https:\/\/www.enscmu.uha.fr\/#website\",\"url\":\"https:\/\/www.enscmu.uha.fr\/\",\"name\":\"ENSCMu | \u00c9cole Nationale Sup\u00e9rieure de Chimie de Mulhouse\",\"description\":\"Campus Illberg | Universit\u00e9 de Haute-Alsace\",\"potentialAction\":[{\"@type\":\"SearchAction\",\"target\":{\"@type\":\"EntryPoint\",\"urlTemplate\":\"https:\/\/www.enscmu.uha.fr\/?s={search_term_string}\"},\"query-input\":{\"@type\":\"PropertyValueSpecification\",\"valueRequired\":true,\"valueName\":\"search_term_string\"}}],\"inLanguage\":\"fr-FR\"}]}<\/script>\n<!-- \/ Yoast SEO plugin. -->","yoast_head_json":{"title":"IRJBD : une ann\u00e9e 2024 riche en projets - ENSCMu","robots":{"index":"index","follow":"follow","max-snippet":"max-snippet:-1","max-image-preview":"max-image-preview:large","max-video-preview":"max-video-preview:-1"},"canonical":"https:\/\/www.enscmu.uha.fr\/index.php\/irjbd-une-annee-2024-riche-en-projets\/","og_locale":"fr_FR","og_type":"article","og_title":"IRJBD : une ann\u00e9e 2024 riche en projets - ENSCMu","og_description":"Les unit\u00e9s de recherche du Laboratoire de Photochimie et d\u2019Ing\u00e9nierie Macromol\u00e9culaires (LPIM), du Laboratoire Gestion des Risques et Environnement (LGRE), du Laboratoire d\u2019Innovation Mol\u00e9culaire et Applications (LIMA) et de l\u2018Institut de Science des Mat\u00e9riaux de Mulhouse (IS2M) ont marqu\u00e9 l\u2019ann\u00e9e par leurs travaux. Le LPIM a consolid\u00e9 sa position d\u2019acteur majeur dans le projet europ\u00e9en [&hellip;]","og_url":"https:\/\/www.enscmu.uha.fr\/index.php\/irjbd-une-annee-2024-riche-en-projets\/","og_site_name":"ENSCMu | \u00c9cole Nationale Sup\u00e9rieure de Chimie de Mulhouse","article_modified_time":"2025-03-04T14:07:22+00:00","twitter_card":"summary_large_image","twitter_misc":{"Dur\u00e9e de lecture estim\u00e9e":"2 minutes"},"schema":{"@context":"https:\/\/schema.org","@graph":[{"@type":"WebPage","@id":"https:\/\/www.enscmu.uha.fr\/index.php\/irjbd-une-annee-2024-riche-en-projets\/","url":"https:\/\/www.enscmu.uha.fr\/index.php\/irjbd-une-annee-2024-riche-en-projets\/","name":"IRJBD : une ann\u00e9e 2024 riche en projets - ENSCMu","isPartOf":{"@id":"https:\/\/www.enscmu.uha.fr\/#website"},"datePublished":"2025-03-04T14:03:22+00:00","dateModified":"2025-03-04T14:07:22+00:00","breadcrumb":{"@id":"https:\/\/www.enscmu.uha.fr\/index.php\/irjbd-une-annee-2024-riche-en-projets\/#breadcrumb"},"inLanguage":"fr-FR","potentialAction":[{"@type":"ReadAction","target":["https:\/\/www.enscmu.uha.fr\/index.php\/irjbd-une-annee-2024-riche-en-projets\/"]}]},{"@type":"BreadcrumbList","@id":"https:\/\/www.enscmu.uha.fr\/index.php\/irjbd-une-annee-2024-riche-en-projets\/#breadcrumb","itemListElement":[{"@type":"ListItem","position":1,"name":"Accueil","item":"https:\/\/www.enscmu.uha.fr\/"},{"@type":"ListItem","position":2,"name":"IRJBD : une ann\u00e9e 2024 riche en projets"}]},{"@type":"WebSite","@id":"https:\/\/www.enscmu.uha.fr\/#website","url":"https:\/\/www.enscmu.uha.fr\/","name":"ENSCMu | \u00c9cole Nationale Sup\u00e9rieure de Chimie de Mulhouse","description":"Campus Illberg | Universit\u00e9 de Haute-Alsace","potentialAction":[{"@type":"SearchAction","target":{"@type":"EntryPoint","urlTemplate":"https:\/\/www.enscmu.uha.fr\/?s={search_term_string}"},"query-input":{"@type":"PropertyValueSpecification","valueRequired":true,"valueName":"search_term_string"}}],"inLanguage":"fr-FR"}]}},"_links":{"self":[{"href":"https:\/\/www.enscmu.uha.fr\/index.php\/wp-json\/wp\/v2\/pages\/5289","targetHints":{"allow":["GET"]}}],"collection":[{"href":"https:\/\/www.enscmu.uha.fr\/index.php\/wp-json\/wp\/v2\/pages"}],"about":[{"href":"https:\/\/www.enscmu.uha.fr\/index.php\/wp-json\/wp\/v2\/types\/page"}],"author":[{"embeddable":true,"href":"https:\/\/www.enscmu.uha.fr\/index.php\/wp-json\/wp\/v2\/users\/10"}],"replies":[{"embeddable":true,"href":"https:\/\/www.enscmu.uha.fr\/index.php\/wp-json\/wp\/v2\/comments?post=5289"}],"version-history":[{"count":3,"href":"https:\/\/www.enscmu.uha.fr\/index.php\/wp-json\/wp\/v2\/pages\/5289\/revisions"}],"predecessor-version":[{"id":5292,"href":"https:\/\/www.enscmu.uha.fr\/index.php\/wp-json\/wp\/v2\/pages\/5289\/revisions\/5292"}],"wp:attachment":[{"href":"https:\/\/www.enscmu.uha.fr\/index.php\/wp-json\/wp\/v2\/media?parent=5289"}],"wp:term":[{"taxonomy":"category","embeddable":true,"href":"https:\/\/www.enscmu.uha.fr\/index.php\/wp-json\/wp\/v2\/categories?post=5289"},{"taxonomy":"post_tag","embeddable":true,"href":"https:\/\/www.enscmu.uha.fr\/index.php\/wp-json\/wp\/v2\/tags?post=5289"}],"curies":[{"name":"wp","href":"https:\/\/api.w.org\/{rel}","templated":true}]}}