{"id":5293,"date":"2025-03-04T16:22:45","date_gmt":"2025-03-04T15:22:45","guid":{"rendered":"https:\/\/www.enscmu.uha.fr\/?page_id=5293"},"modified":"2025-03-04T16:22:45","modified_gmt":"2025-03-04T15:22:45","slug":"jean-michel-dolle-un-chimiste-ouvert-sur-le-monde","status":"publish","type":"page","link":"https:\/\/www.enscmu.uha.fr\/index.php\/jean-michel-dolle-un-chimiste-ouvert-sur-le-monde\/","title":{"rendered":"JEAN-MICHEL DOLLE : UN CHIMISTE OUVERT SUR LE MONDE"},"content":{"rendered":"<p><span class=\"fontstyle0\">Apr\u00e8s un an de classe pr\u00e9paratoire, il int\u00e8gre l\u2019\u00c9cole de Chimie de Mulhouse en 1966 dont il sortira major en 1970. Il y effectue ensuite un doctorat de chimie organique pour le groupe Total qu\u2019il int\u00e8gre en 1974 au Havre, plus pr\u00e9cis\u00e9ment au Centre de Recherches o\u00f9 il restera jusqu\u2019en 1979. De l\u2019\u00c9cole il se souvient tout particuli\u00e8rement de l\u2019excellence de la formation et des bals de la Chimie, un \u00e9v\u00e8nement \u00e0 Mulhouse chaque ann\u00e9e . \u00c0 noter \u00e9galement qu\u2019il avait eu \u00e0 g\u00e9r\u00e9r les relations complexes avec le corps enseignant et les \u00e9l\u00e8ves en mai 1968.<\/span><\/p>\n<p><span class=\"fontstyle0\">Il aime souligner l\u2019importance des relations humaines et le d\u00e9veloppement d\u2019une ouverture d\u2019esprit consistant \u00e0 aller chercher des connaissances et de la culture au-del\u00e0 de son domaine d\u2019expertise.<\/span><\/p>\n<p><span class=\"fontstyle0\">En 1979, il part pour la raffinerie Total de La M\u00e8de o\u00f9 il est en charge de la Qualit\u00e9 et d\u2019un projet d\u2019informatisation de laboratoire de contr\u00f4le pour le Groupe Total o\u00f9 il y restera jusqu\u2019en 1987, car estimant que chez Total les carri\u00e8res \u00e9taient trop li\u00e9es au dipl\u00f4me de d\u00e9part, il rejoint le groupe am\u00e9ricain Arco Chemical qui construit \u00e0 Fos, une toute nouvelle usine. Arco Chemical, qui deviendra plus tard Lyondell Basell, est une entreprise am\u00e9ricaine o\u00f9 la plus-value apport\u00e9e par la personne est justement mise en avant sans rappel du dipl\u00f4me de d\u00e9part.<\/span><\/p>\n<p><span class=\"fontstyle0\">Il est embauch\u00e9 pour d\u00e9marrer le laboratoire de contr\u00f4le et informatiser les laboratoires de contr\u00f4le du Groupe. Apr\u00e8s un passage en Production il devient par la suite, directeur QHSE (Qualit\u00e9, Hygi\u00e8ne, S\u00e9curit\u00e9 et Environnement). Il y reste jusqu\u2019en 1992 avant de rejoindre Londres au si\u00e8ge europ\u00e9en d\u2019Arco Chemical o\u00f9 il va participer \u00e0 la coordination et \u00e0 l\u2019\u00e9criture des standards de qualit\u00e9 et s\u00e9curit\u00e9 entres les diverses usines du groupe Arco Chemical install\u00e9es \u00e0 travers le monde. (Programme Manufacturing Excellence). Cette exp\u00e9rience lui fera d\u00e9couvrir la richesse de l\u2019interculturalit\u00e9.<\/span><\/p>\n<p><span class=\"fontstyle0\">Puis vient son retour en France o\u00f9 il termine sa carri\u00e8re pour le m\u00eame groupe en tant que directeur op\u00e9rations TDI \u00e0 Pont-de-Claix en Is\u00e8re. Ce poste lui a aussi permis de s\u2019ouvrir sur le domaine de la communication et du relationnel o\u00f9 en effet une partie de son temps de travail \u00e9tait d\u00e9di\u00e9e \u00e0 r\u00e9aliser des op\u00e9rations de relations publiques aupr\u00e8s des diff\u00e9rentes instances de la r\u00e9gion et donc de construire un r\u00e9seau au niveau socio-\u00e9conomique. <\/span><\/p>\n<p><span class=\"fontstyle0\">\u00c9tant \u00e0 la retraite depuis 2009, ce n\u2019est pas pour autant une raison pour lui de rester inactif, en effet il le montre par ses nombreux engagements dans les milieux associatifs et politiques comme lorsqu\u2019il \u00e9tait conseiller municipal de Montbonnot en Is\u00e8re <\/span><span class=\"fontstyle0\">entre 2008 et 2020 ou encore aupr\u00e8s du MEDEF o\u00f9 il participe \u00e0 l\u2019insertion professionnelle en \u00e9tant pr\u00e9sident de IP2I et du Fongecif Is\u00e8re. Il a \u00e9galement pu participer \u00e0 la mise en place de formations d\u2019\u00e9tudes sup\u00e9rieures en apprentissage dans l\u2019acad\u00e9mie de Grenoble en tant que pr\u00e9sident de Formasup Is\u00e8re.<\/span><\/p>\n<p><span class=\"fontstyle0\">Il participe \u00e9galement actuellement \u00e0 l\u2019enrichissement culturel de sa commune, comme avec la mise en place d\u2019un fonds de dotation pour participer \u00e0 la cr\u00e9ation et la mise en place d\u2019\u0153uvres d\u2019art \u00e0 Montbonnot.<\/span><\/p>\n<p><img loading=\"lazy\" decoding=\"async\" class=\"size-large wp-image-5294 aligncenter\" src=\"https:\/\/www.enscmu.uha.fr\/wp-content\/uploads\/2025\/03\/IMG_7431-1024x683.jpg\" alt=\"\" width=\"750\" height=\"500\" srcset=\"https:\/\/www.enscmu.uha.fr\/wp-content\/uploads\/2025\/03\/IMG_7431-1024x683.jpg 1024w, https:\/\/www.enscmu.uha.fr\/wp-content\/uploads\/2025\/03\/IMG_7431-300x200.jpg 300w, https:\/\/www.enscmu.uha.fr\/wp-content\/uploads\/2025\/03\/IMG_7431-768x512.jpg 768w, https:\/\/www.enscmu.uha.fr\/wp-content\/uploads\/2025\/03\/IMG_7431-1536x1024.jpg 1536w, https:\/\/www.enscmu.uha.fr\/wp-content\/uploads\/2025\/03\/IMG_7431-2048x1365.jpg 2048w\" sizes=\"auto, (max-width: 750px) 100vw, 750px\" \/><\/p>\n","protected":false},"excerpt":{"rendered":"<p>Apr\u00e8s un an de classe pr\u00e9paratoire, il int\u00e8gre l\u2019\u00c9cole de Chimie de Mulhouse en 1966 dont il sortira major en 1970. Il y effectue ensuite un doctorat de chimie organique pour le groupe Total qu\u2019il int\u00e8gre en 1974 au Havre, plus pr\u00e9cis\u00e9ment au Centre de Recherches o\u00f9 il restera jusqu\u2019en 1979. De l\u2019\u00c9cole il se [&hellip;]<\/p>\n","protected":false},"author":10,"featured_media":0,"parent":0,"menu_order":0,"comment_status":"closed","ping_status":"closed","template":"","meta":{"footnotes":""},"categories":[19],"tags":[],"class_list":["post-5293","page","type-page","status-publish","hentry","category-newsletter"],"yoast_head":"<!-- This site is optimized with the Yoast SEO plugin v27.0 - https:\/\/yoast.com\/product\/yoast-seo-wordpress\/ -->\n<title>JEAN-MICHEL DOLLE : UN CHIMISTE OUVERT SUR LE MONDE - ENSCMu<\/title>\n<meta name=\"robots\" content=\"index, follow, max-snippet:-1, max-image-preview:large, max-video-preview:-1\" \/>\n<link rel=\"canonical\" href=\"https:\/\/www.enscmu.uha.fr\/index.php\/jean-michel-dolle-un-chimiste-ouvert-sur-le-monde\/\" \/>\n<meta property=\"og:locale\" content=\"fr_FR\" \/>\n<meta property=\"og:type\" content=\"article\" \/>\n<meta property=\"og:title\" content=\"JEAN-MICHEL DOLLE : UN CHIMISTE OUVERT SUR LE MONDE - ENSCMu\" \/>\n<meta property=\"og:description\" content=\"Apr\u00e8s un an de classe pr\u00e9paratoire, il int\u00e8gre l\u2019\u00c9cole de Chimie de Mulhouse en 1966 dont il sortira major en 1970. Il y effectue ensuite un doctorat de chimie organique pour le groupe Total qu\u2019il int\u00e8gre en 1974 au Havre, plus pr\u00e9cis\u00e9ment au Centre de Recherches o\u00f9 il restera jusqu\u2019en 1979. De l\u2019\u00c9cole il se [&hellip;]\" \/>\n<meta property=\"og:url\" content=\"https:\/\/www.enscmu.uha.fr\/index.php\/jean-michel-dolle-un-chimiste-ouvert-sur-le-monde\/\" \/>\n<meta property=\"og:site_name\" content=\"ENSCMu | \u00c9cole Nationale Sup\u00e9rieure de Chimie de Mulhouse\" \/>\n<meta property=\"og:image\" content=\"https:\/\/www.enscmu.uha.fr\/wp-content\/uploads\/2025\/03\/IMG_7431-scaled.jpg\" \/>\n\t<meta property=\"og:image:width\" content=\"2560\" \/>\n\t<meta property=\"og:image:height\" content=\"1707\" \/>\n\t<meta property=\"og:image:type\" content=\"image\/jpeg\" \/>\n<meta name=\"twitter:card\" content=\"summary_large_image\" \/>\n<meta name=\"twitter:label1\" content=\"Dur\u00e9e de lecture estim\u00e9e\" \/>\n\t<meta name=\"twitter:data1\" content=\"3 minutes\" \/>\n<script type=\"application\/ld+json\" class=\"yoast-schema-graph\">{\"@context\":\"https:\/\/schema.org\",\"@graph\":[{\"@type\":\"WebPage\",\"@id\":\"https:\/\/www.enscmu.uha.fr\/index.php\/jean-michel-dolle-un-chimiste-ouvert-sur-le-monde\/\",\"url\":\"https:\/\/www.enscmu.uha.fr\/index.php\/jean-michel-dolle-un-chimiste-ouvert-sur-le-monde\/\",\"name\":\"JEAN-MICHEL DOLLE : UN CHIMISTE OUVERT SUR LE MONDE - ENSCMu\",\"isPartOf\":{\"@id\":\"https:\/\/www.enscmu.uha.fr\/#website\"},\"primaryImageOfPage\":{\"@id\":\"https:\/\/www.enscmu.uha.fr\/index.php\/jean-michel-dolle-un-chimiste-ouvert-sur-le-monde\/#primaryimage\"},\"image\":{\"@id\":\"https:\/\/www.enscmu.uha.fr\/index.php\/jean-michel-dolle-un-chimiste-ouvert-sur-le-monde\/#primaryimage\"},\"thumbnailUrl\":\"https:\/\/www.enscmu.uha.fr\/wp-content\/uploads\/2025\/03\/IMG_7431-1024x683.jpg\",\"datePublished\":\"2025-03-04T15:22:45+00:00\",\"breadcrumb\":{\"@id\":\"https:\/\/www.enscmu.uha.fr\/index.php\/jean-michel-dolle-un-chimiste-ouvert-sur-le-monde\/#breadcrumb\"},\"inLanguage\":\"fr-FR\",\"potentialAction\":[{\"@type\":\"ReadAction\",\"target\":[\"https:\/\/www.enscmu.uha.fr\/index.php\/jean-michel-dolle-un-chimiste-ouvert-sur-le-monde\/\"]}]},{\"@type\":\"ImageObject\",\"inLanguage\":\"fr-FR\",\"@id\":\"https:\/\/www.enscmu.uha.fr\/index.php\/jean-michel-dolle-un-chimiste-ouvert-sur-le-monde\/#primaryimage\",\"url\":\"https:\/\/www.enscmu.uha.fr\/wp-content\/uploads\/2025\/03\/IMG_7431-scaled.jpg\",\"contentUrl\":\"https:\/\/www.enscmu.uha.fr\/wp-content\/uploads\/2025\/03\/IMG_7431-scaled.jpg\",\"width\":2560,\"height\":1707},{\"@type\":\"BreadcrumbList\",\"@id\":\"https:\/\/www.enscmu.uha.fr\/index.php\/jean-michel-dolle-un-chimiste-ouvert-sur-le-monde\/#breadcrumb\",\"itemListElement\":[{\"@type\":\"ListItem\",\"position\":1,\"name\":\"Accueil\",\"item\":\"https:\/\/www.enscmu.uha.fr\/\"},{\"@type\":\"ListItem\",\"position\":2,\"name\":\"JEAN-MICHEL DOLLE : UN CHIMISTE OUVERT SUR LE MONDE\"}]},{\"@type\":\"WebSite\",\"@id\":\"https:\/\/www.enscmu.uha.fr\/#website\",\"url\":\"https:\/\/www.enscmu.uha.fr\/\",\"name\":\"ENSCMu | \u00c9cole Nationale Sup\u00e9rieure de Chimie de Mulhouse\",\"description\":\"Campus Illberg | Universit\u00e9 de Haute-Alsace\",\"potentialAction\":[{\"@type\":\"SearchAction\",\"target\":{\"@type\":\"EntryPoint\",\"urlTemplate\":\"https:\/\/www.enscmu.uha.fr\/?s={search_term_string}\"},\"query-input\":{\"@type\":\"PropertyValueSpecification\",\"valueRequired\":true,\"valueName\":\"search_term_string\"}}],\"inLanguage\":\"fr-FR\"}]}<\/script>\n<!-- \/ Yoast SEO plugin. -->","yoast_head_json":{"title":"JEAN-MICHEL DOLLE : UN CHIMISTE OUVERT SUR LE MONDE - ENSCMu","robots":{"index":"index","follow":"follow","max-snippet":"max-snippet:-1","max-image-preview":"max-image-preview:large","max-video-preview":"max-video-preview:-1"},"canonical":"https:\/\/www.enscmu.uha.fr\/index.php\/jean-michel-dolle-un-chimiste-ouvert-sur-le-monde\/","og_locale":"fr_FR","og_type":"article","og_title":"JEAN-MICHEL DOLLE : UN CHIMISTE OUVERT SUR LE MONDE - ENSCMu","og_description":"Apr\u00e8s un an de classe pr\u00e9paratoire, il int\u00e8gre l\u2019\u00c9cole de Chimie de Mulhouse en 1966 dont il sortira major en 1970. Il y effectue ensuite un doctorat de chimie organique pour le groupe Total qu\u2019il int\u00e8gre en 1974 au Havre, plus pr\u00e9cis\u00e9ment au Centre de Recherches o\u00f9 il restera jusqu\u2019en 1979. De l\u2019\u00c9cole il se [&hellip;]","og_url":"https:\/\/www.enscmu.uha.fr\/index.php\/jean-michel-dolle-un-chimiste-ouvert-sur-le-monde\/","og_site_name":"ENSCMu | \u00c9cole Nationale Sup\u00e9rieure de Chimie de Mulhouse","og_image":[{"width":2560,"height":1707,"url":"https:\/\/www.enscmu.uha.fr\/wp-content\/uploads\/2025\/03\/IMG_7431-scaled.jpg","type":"image\/jpeg"}],"twitter_card":"summary_large_image","twitter_misc":{"Dur\u00e9e de lecture estim\u00e9e":"3 minutes"},"schema":{"@context":"https:\/\/schema.org","@graph":[{"@type":"WebPage","@id":"https:\/\/www.enscmu.uha.fr\/index.php\/jean-michel-dolle-un-chimiste-ouvert-sur-le-monde\/","url":"https:\/\/www.enscmu.uha.fr\/index.php\/jean-michel-dolle-un-chimiste-ouvert-sur-le-monde\/","name":"JEAN-MICHEL DOLLE : UN CHIMISTE OUVERT SUR LE MONDE - ENSCMu","isPartOf":{"@id":"https:\/\/www.enscmu.uha.fr\/#website"},"primaryImageOfPage":{"@id":"https:\/\/www.enscmu.uha.fr\/index.php\/jean-michel-dolle-un-chimiste-ouvert-sur-le-monde\/#primaryimage"},"image":{"@id":"https:\/\/www.enscmu.uha.fr\/index.php\/jean-michel-dolle-un-chimiste-ouvert-sur-le-monde\/#primaryimage"},"thumbnailUrl":"https:\/\/www.enscmu.uha.fr\/wp-content\/uploads\/2025\/03\/IMG_7431-1024x683.jpg","datePublished":"2025-03-04T15:22:45+00:00","breadcrumb":{"@id":"https:\/\/www.enscmu.uha.fr\/index.php\/jean-michel-dolle-un-chimiste-ouvert-sur-le-monde\/#breadcrumb"},"inLanguage":"fr-FR","potentialAction":[{"@type":"ReadAction","target":["https:\/\/www.enscmu.uha.fr\/index.php\/jean-michel-dolle-un-chimiste-ouvert-sur-le-monde\/"]}]},{"@type":"ImageObject","inLanguage":"fr-FR","@id":"https:\/\/www.enscmu.uha.fr\/index.php\/jean-michel-dolle-un-chimiste-ouvert-sur-le-monde\/#primaryimage","url":"https:\/\/www.enscmu.uha.fr\/wp-content\/uploads\/2025\/03\/IMG_7431-scaled.jpg","contentUrl":"https:\/\/www.enscmu.uha.fr\/wp-content\/uploads\/2025\/03\/IMG_7431-scaled.jpg","width":2560,"height":1707},{"@type":"BreadcrumbList","@id":"https:\/\/www.enscmu.uha.fr\/index.php\/jean-michel-dolle-un-chimiste-ouvert-sur-le-monde\/#breadcrumb","itemListElement":[{"@type":"ListItem","position":1,"name":"Accueil","item":"https:\/\/www.enscmu.uha.fr\/"},{"@type":"ListItem","position":2,"name":"JEAN-MICHEL DOLLE : UN CHIMISTE OUVERT SUR LE MONDE"}]},{"@type":"WebSite","@id":"https:\/\/www.enscmu.uha.fr\/#website","url":"https:\/\/www.enscmu.uha.fr\/","name":"ENSCMu | \u00c9cole Nationale Sup\u00e9rieure de Chimie de Mulhouse","description":"Campus Illberg | Universit\u00e9 de Haute-Alsace","potentialAction":[{"@type":"SearchAction","target":{"@type":"EntryPoint","urlTemplate":"https:\/\/www.enscmu.uha.fr\/?s={search_term_string}"},"query-input":{"@type":"PropertyValueSpecification","valueRequired":true,"valueName":"search_term_string"}}],"inLanguage":"fr-FR"}]}},"_links":{"self":[{"href":"https:\/\/www.enscmu.uha.fr\/index.php\/wp-json\/wp\/v2\/pages\/5293","targetHints":{"allow":["GET"]}}],"collection":[{"href":"https:\/\/www.enscmu.uha.fr\/index.php\/wp-json\/wp\/v2\/pages"}],"about":[{"href":"https:\/\/www.enscmu.uha.fr\/index.php\/wp-json\/wp\/v2\/types\/page"}],"author":[{"embeddable":true,"href":"https:\/\/www.enscmu.uha.fr\/index.php\/wp-json\/wp\/v2\/users\/10"}],"replies":[{"embeddable":true,"href":"https:\/\/www.enscmu.uha.fr\/index.php\/wp-json\/wp\/v2\/comments?post=5293"}],"version-history":[{"count":1,"href":"https:\/\/www.enscmu.uha.fr\/index.php\/wp-json\/wp\/v2\/pages\/5293\/revisions"}],"predecessor-version":[{"id":5295,"href":"https:\/\/www.enscmu.uha.fr\/index.php\/wp-json\/wp\/v2\/pages\/5293\/revisions\/5295"}],"wp:attachment":[{"href":"https:\/\/www.enscmu.uha.fr\/index.php\/wp-json\/wp\/v2\/media?parent=5293"}],"wp:term":[{"taxonomy":"category","embeddable":true,"href":"https:\/\/www.enscmu.uha.fr\/index.php\/wp-json\/wp\/v2\/categories?post=5293"},{"taxonomy":"post_tag","embeddable":true,"href":"https:\/\/www.enscmu.uha.fr\/index.php\/wp-json\/wp\/v2\/tags?post=5293"}],"curies":[{"name":"wp","href":"https:\/\/api.w.org\/{rel}","templated":true}]}}