{"id":55,"date":"2017-12-12T15:54:15","date_gmt":"2017-12-12T14:54:15","guid":{"rendered":"https:\/\/www.enscmu.uha.fr\/?page_id=55"},"modified":"2025-11-03T16:50:18","modified_gmt":"2025-11-03T15:50:18","slug":"partir-a-letranger","status":"publish","type":"page","link":"https:\/\/www.enscmu.uha.fr\/index.php\/international\/partir-a-letranger\/","title":{"rendered":"PARTIR \u00c0 L&rsquo;\u00c9TRANGER"},"content":{"rendered":"<div class=\"deflex main\" style=\"display: flex;\">\n<div class=\"deborder\" style=\"width: 70%; margin-left: auto; margin-right: auto; padding-right: 5%;\">\n<p>L\u2019ENSCMu demande \u00e0 tous ses \u00e9l\u00e8ves ing\u00e9nieurs d\u2019acqu\u00e9rir une exp\u00e9rience \u00e0 l\u2019international durant leur cursus (dur\u00e9e minimale de 16 semaines sous statut \u00e9tudiant et 9 semaines sous statut apprenti), en mobilit\u00e9 acad\u00e9mique et\/ou en stage et\/ou en ann\u00e9e de c\u00e9sure. Plusieurs possibilit\u00e9s s\u2019offrent \u00e0 eux afin d\u2019ajouter une exp\u00e9rience internationale \u00e0 leur parcours :<\/p>\n<h1>\u00c9changes acad\u00e9miques<\/h1>\n<h2>Erasmus+<\/h2>\n<p>Dans le cadre des accords Erasmus+ destin\u00e9s \u00e0 promouvoir la mobilit\u00e9 au sein de l\u2019Union Europ\u00e9enne, les \u00e9l\u00e8ves de l\u2019ENSCMu peuvent passer leur premier semestre de 3<sup>e<\/sup> ann\u00e9e dans un pays partenaire, et valider 30 ECTS (European Credit Transfer System, valeur qui repr\u00e9sente le volume de travail effectif de l&rsquo;\u00e9tudiant, syst\u00e8me commun \u00e0 l&rsquo;ensemble de la Communaut\u00e9 Europ\u00e9enne).<\/p>\n<p>L\u2019ENSCMu a des accords Erasmus+ avec de nombreux pays et notamment :<\/p>\n<ul>\n<li>l\u2019Allemagne : <a href=\"http:\/\/www.tu-chemnitz.de\/\" target=\"_blank\" rel=\"noopener noreferrer\">Technische Universit\u00e4t Chemnitz<\/a>, <a href=\"http:\/\/www.nta-isny.de\/de\/hochschule-university-of-applied-sciences.html\" target=\"_blank\" rel=\"noopener noreferrer\">University of Applied Sciences Isny-im-Allg\u00e4u<\/a>,<\/li>\n<li>la Bulgarie : <a href=\"https:\/\/www.uni-sofia.bg\/eng\" target=\"_blank\" rel=\"noopener noreferrer\">Sofia University<\/a>,<\/li>\n<li>l\u2019Espagne : <a href=\"http:\/\/www.ua.es\/\" target=\"_blank\" rel=\"noopener noreferrer\">Universit\u00e9 d&rsquo;Alicante<\/a>, <a href=\"http:\/\/www.urv.cat\/\" target=\"_blank\" rel=\"noopener noreferrer\">Universitat Rovira i Virgili de Tarragona<\/a>, <a href=\"http:\/\/www.uva.es\/export\/sites\/uva\/\" target=\"_blank\" rel=\"noopener noreferrer\">Universidad de Valladolid<\/a>,<\/li>\n<li>la R\u00e9publique Tch\u00e8que : <a href=\"http:\/\/www.vscht.cz\/?jazyk=en\" target=\"_blank\" rel=\"noopener noreferrer\">University of Chemistry and Technology, Prague<\/a>,<\/li>\n<li>mais aussi la Belgique, les Pays-Bas, la Roumanie, la Slovaquie, la Turquie.<\/li>\n<\/ul>\n<p>Des aides financi\u00e8res sont disponibles : bourses Erasmus+, R\u00e9gion et de mobilit\u00e9 (cette derni\u00e8re r\u00e9serv\u00e9e aux boursiers du CROUS). <span id=\"OBJ_PREFIX_DWT1076_com_zimbra_url\" class=\"Object\" role=\"link\"><span id=\"OBJ_PREFIX_DWT1086_com_zimbra_url\" class=\"Object\" role=\"link\"><a href=\"https:\/\/www.etudiant.gouv.fr\/cid96349\/bourses-erasmus-et-ami.html\" target=\"_blank\" rel=\"noopener noreferrer\">www.etudiant.gouv.fr<\/a><\/span><\/span> est disponible pour conna\u00eetre toutes les informations concernant toutes les demandes de bourses pour un s\u00e9jour \u00e0 l&rsquo;\u00e9tranger. Pour en savoir plus pour trouver les offres t\u00e9l\u00e9coms (t\u00e9l\u00e9phone portable, internet) les plus avantageuses pour les \u00e9tudiants lors de leur d\u00e9part, dirigez-vous vers votre op\u00e9rateur.<\/p>\n<h2>Double dipl\u00f4me avec l\u2019Universit\u00e9 de Toledo (USA)<\/h2>\n<p>Une convention de double-dipl\u00f4me existe avec l\u2019<a href=\"http:\/\/www.utoledo.edu\/\" target=\"_blank\" rel=\"noopener noreferrer\">Universit\u00e9 de Toledo<\/a>. Les \u00e9l\u00e8ves de l&rsquo;ENSCMu b\u00e9n\u00e9ficiant de ce programme quittent l&rsquo;\u00e9cole apr\u00e8s la 2<sup>e<\/sup> ann\u00e9e de cycle ing\u00e9nieur et suivent les deux ann\u00e9es de Master \u00e0 Toledo dans l&rsquo;une des fili\u00e8res chimie propos\u00e9s par l&rsquo;universit\u00e9. Ils payent les droits universitaires fran\u00e7ais m\u00eame pendant leurs ann\u00e9es d&rsquo;\u00e9tudes aux Etats-Unis. Cet \u00e9change leur permet d&rsquo;obtenir le dipl\u00f4me d&rsquo;ing\u00e9nieur de l&rsquo;ENSCMu et le Master of Science de l&rsquo;Universit\u00e9 de Toledo.<\/p>\n<h2>Double dipl\u00f4me avec l\u2019Universit\u00e9 du Qu\u00e9bec \u00e0 Chicoutimi<\/h2>\n<p>Une convention de double-dipl\u00f4me existe avec l\u2019<a href=\"http:\/\/www.uqac.ca\/\" target=\"_blank\" rel=\"noopener noreferrer\">Universit\u00e9 du Qu\u00e9bec \u00e0 Chicoutimi UQAC<\/a>. Les \u00e9l\u00e8ves de l&rsquo;ENSCMu b\u00e9n\u00e9ficiant de ce programme quittent l&rsquo;\u00e9cole apr\u00e8s la 2<sup>e<\/sup> ann\u00e9e de cycle ing\u00e9nieur et passent une ann\u00e9e d&rsquo;\u00e9tudes \u00e0 l&rsquo;UQAC. Cet \u00e9change leur permet d&rsquo;obtenir le dipl\u00f4me d&rsquo;ing\u00e9nieur de l&rsquo;ENSCMu et le <a href=\"https:\/\/www.uqac.ca\/programme\/1505-dess-en-cosmetologie\/\" target=\"_blank\" rel=\"noopener noreferrer\">Dipl\u00f4me d&rsquo;\u00c9tudes Sup\u00e9rieures Sp\u00e9cialis\u00e9es (DESS) en Cosm\u00e9tologie de l&rsquo;UQAC<\/a>.<\/p>\n<h2>Double dipl\u00f4me avec l&rsquo;Universit\u00e9 de Sherbrooke au Qu\u00e9bec<\/h2>\n<p>Une convention de double-dipl\u00f4me existe avec l\u2019Universit\u00e9 de Sherbrooke au Qu\u00e9bec. Les \u00e9l\u00e8ves pourront obtenir le dipl\u00f4me d&rsquo;ing\u00e9nieur de l&rsquo;ENSCMu et une <a href=\"https:\/\/www.usherbrooke.ca\/admission\/programme\/609\/maitrise-en-chimie\/\" target=\"_blank\" rel=\"noopener noreferrer\">Ma\u00eetrise de chimie, parcours synth\u00e8se organique et chimie pharmaceutique ou parcours nanomat\u00e9riaux et caract\u00e9risation de pointe<\/a>.<\/p>\n<h2>Autres collaborations hors Erasmus+<\/h2>\n<ul>\n<li>Dans le cadre d&rsquo;un accord avec l&rsquo;<a href=\"http:\/\/www.ed.ac.uk\/home\" target=\"_blank\" rel=\"noopener noreferrer\">Universit\u00e9 d\u2019Edimbourg<\/a> en \u00c9cosse,<\/li>\n<li>Dans le cadre d\u2019un partenariat avec le <a href=\"http:\/\/www.bci-qc.ca\/\" target=\"_blank\" rel=\"noopener noreferrer\">programme BCI (Bureau de Coop\u00e9ration Interuniversitaire) du Qu\u00e9bec<\/a>, il est possible pour un petit nombre d\u2019\u00e9tudiants de partir un semestre au sein de <a href=\"https:\/\/www.usherbrooke.ca\/\">l&rsquo;Universit\u00e9 de Sherbrook<\/a> ou de <a href=\"https:\/\/www.ulaval.ca\/\">l&rsquo;Universit\u00e9 Laval.<\/a><\/li>\n<li>Accords avec le Japon et l&rsquo;Etats-Unis.<\/li>\n<\/ul>\n<h2>Programme Arfitec (Argentina France Ing\u00e9nieurs Technologie)<\/h2>\n<p>Sous l\u2019\u00e9gide de la <a href=\"http:\/\/www.cdefi.fr\/\" target=\"_blank\" rel=\"noopener noreferrer\">Conf\u00e9rence des Directeurs des \u00c9coles Fran\u00e7aises d\u2019Ing\u00e9nieurs (CDEFI)<\/a>, l&rsquo;ENSCMu prend part \u00e0 un programme d\u2019\u00e9change mis en place avec des universit\u00e9s argentines. Gr\u00e2ce \u00e0 ce programme, les \u00e9l\u00e8ves de l&rsquo;ENSCMu peuvent passer le premier semestre de leur 3<sup>e<\/sup> ann\u00e9e dans une universit\u00e9 partenaire en Argentine pour y suivre des enseignements dans le domaine de la chimie verte (<a href=\"https:\/\/www.uba.ar\">Universidad de Buenos Aires (UBA)<\/a>, <a href=\"https:\/\/www.unl.edu.ar\/\">Universidad Nacional del Litoral (UNL)<\/a> ou des mat\u00e9riaux (<a href=\"https:\/\/www.mdp.edu.ar\/\">Universidad Nacional de Mar del Plata (UNMDP)<\/a>, <a href=\"https:\/\/www.unam.edu.ar\/\">Universidad Nacional de Misiones (UNAM)<\/a>, <a href=\"https:\/\/uncaus.edu.ar\/\">Universidad Nacional del Chaco Austral (UNCAUS).<\/a><\/p>\n<p>Ce programme permet aussi aux \u00e9tudiants argentins de venir \u00e9tudier dans l\u2019une des \u00e9coles fran\u00e7aises partenaires.<\/p>\n<h2>Programme Brafitec (Brasil France Ing\u00e9nieurs Technologie)<\/h2>\n<p>Sous l\u2019\u00e9gide de la <a href=\"http:\/\/www.cdefi.fr\/\" target=\"_blank\" rel=\"noopener noreferrer\">Conf\u00e9rence des Directeurs des \u00c9coles Fran\u00e7aises d\u2019Ing\u00e9nieurs (CDEFI)<\/a>, l&rsquo;ENSCMu prend part \u00e0 un programme d\u2019\u00e9change mis en place avec des universit\u00e9s br\u00e9siliennes. Gr\u00e2ce \u00e0 ce programme, les \u00e9l\u00e8ves de l&rsquo;ENSCMu peuvent passer le premier semestre de leur 3<sup>e<\/sup> ann\u00e9e dans une universit\u00e9 partenaire au Br\u00e9sil pour y suivre des enseignements dans le domaine de la chimie verte (<a href=\"https:\/\/ufsc.br\/\">Universidade Federal de Santa Catarina (UFSC)<\/a>, <a href=\"https:\/\/ufpr.br\/\">Universidade Federal do Paran\u00e1 (UFPR)<\/a>, <a href=\"https:\/\/portal.ufvjm.edu.br\/\">Universidade Federal Dos Vales do Jequitinhonha e Mucuri<\/a> (UFVJM)) ou des mat\u00e9riaux (<a href=\"https:\/\/www.ufabc.edu.br\/\">Universidade Federal do ABC (UFABC)<\/a>, <a href=\"http:\/\/www.ufrgs.br\/ufrgs\/inicial\">Universidade Federal do Rio Grande do Sul (UFRGS)<\/a>, <a href=\"https:\/\/ufsc.br\/\">Universidade Federal de Santa Catarina(UFSC)<\/a>).<\/p>\n<p>Ce programme permet aussi aux \u00e9tudiants br\u00e9siliens de venir \u00e9tudier dans l\u2019une des \u00e9coles fran\u00e7aises partenaires.<\/p>\n<h1>Stages et c\u00e9sures<\/h1>\n<p>Les \u00e9l\u00e8ves de l&rsquo;ENSCMu peuvent effectuer leur stage de 1re ann\u00e9e (ex\u00e9cution en entreprise), 2e ann\u00e9e (recherche), 3e ann\u00e9e (stage ing\u00e9nieur en entreprise) ou encore une ann\u00e9e de c\u00e9sure (entre la 2e et la 3e ann\u00e9e &#8211; facultatif) \u00e0 l&rsquo;\u00e9tranger.<\/p>\n<h1>O\u00f9 vont nos \u00e9l\u00e8ves ?<\/h1>\n<p>D\u00e9couvrez la carte des stages et \u00e9changes acad\u00e9miques de l&rsquo;ENSCMu.<\/p>\n<p><iframe loading=\"lazy\" src=\"https:\/\/www.google.com\/maps\/d\/embed?mid=1dC2Bew8dYMDazXLPyse4MoSecKuTDeT8\" width=\"640\" height=\"480\"><\/iframe><\/p>\n<p>Consultez la plaquette <a href=\"https:\/\/www.enscmu.uha.fr\/wp-content\/uploads\/2025\/11\/ENSCMu_plaquette_ENGLISH_2024-2025.pdf\" target=\"_blank\" rel=\"noopener noreferrer\">ENSCMu &#8211; School of chemical engineers<\/a>.<\/p>\n<\/div>\n<div style=\"width: 27.5%; margin-left: auto; margin-right: auto;\">\n<p>Contact : Magali Bonne, Responsable Relations Internationales et Mobilit\u00e9s<br \/>\nCourriel : <a href=\"https:\/\/www.enscmu.uha.fr\/index.php\/contacts-acces\/\">international.enscmu@uha.fr<\/a><\/p>\n<div class=\"su-service\"><div class=\"su-service-title\" style=\"padding-left:46px;min-height:32px;line-height:32px\"><i class=\"sui sui-download\" style=\"font-size:32px;color:#CE0075\"><\/i> A t\u00e9l\u00e9charger<\/div><div class=\"su-service-content su-u-clearfix su-u-trim\" style=\"padding-left:46px\"><a href=\"https:\/\/www.enscmu.uha.fr\/wp-content\/uploads\/2025\/11\/ENSCMu_plaquette_ENGLISH_2024-2025.pdf\" target=\"_blank\" rel=\"noopener noreferrer\">ENSCMu &#8211; School of chemical engineers<\/a><\/div><\/div>\n<\/div>\n<\/div>\n<div id=\"s3gt_translate_tooltip_mini\" class=\"s3gt_translate_tooltip_mini_box\" style=\"background: initial !important; border: initial !important; border-radius: initial !important; border-spacing: initial !important; border-collapse: initial !important; direction: ltr !important; flex-direction: initial !important; font-weight: initial !important; height: initial !important; letter-spacing: initial !important; min-width: initial !important; max-width: initial !important; min-height: initial !important; max-height: initial !important; margin: auto !important; outline: initial !important; padding: initial !important; position: absolute; table-layout: initial !important; text-align: initial !important; text-shadow: initial !important; width: initial !important; word-break: initial !important; word-spacing: initial !important; overflow-wrap: initial !important; box-sizing: initial !important; display: initial !important; color: inherit !important; font-size: 13px !important; font-family: X-LocaleSpecific, sans-serif, Tahoma, Helvetica !important; line-height: 13px !important; vertical-align: top !important; white-space: inherit !important; left: 160px; top: 2238px; opacity: 0.45;\">\n<div id=\"s3gt_translate_tooltip_mini_logo\" class=\"s3gt_translate_tooltip_mini\" title=\"Traduire le texte s\u00e9lectionn\u00e9\"><\/div>\n<div id=\"s3gt_translate_tooltip_mini_sound\" class=\"s3gt_translate_tooltip_mini\" title=\"Lecture\"><\/div>\n<div id=\"s3gt_translate_tooltip_mini_copy\" class=\"s3gt_translate_tooltip_mini\" title=\"Copier le texte dans le presse-papiers\"><\/div>\n<\/div>\n","protected":false},"excerpt":{"rendered":"<p>L\u2019ENSCMu demande \u00e0 tous ses \u00e9l\u00e8ves ing\u00e9nieurs d\u2019acqu\u00e9rir une exp\u00e9rience \u00e0 l\u2019international durant leur cursus (dur\u00e9e minimale de 16 semaines sous statut \u00e9tudiant et 9 semaines sous statut apprenti), en mobilit\u00e9 acad\u00e9mique et\/ou en stage et\/ou en ann\u00e9e de c\u00e9sure. Plusieurs possibilit\u00e9s s\u2019offrent \u00e0 eux afin d\u2019ajouter une exp\u00e9rience internationale \u00e0 leur parcours : \u00c9changes [&hellip;]<\/p>\n","protected":false},"author":1,"featured_media":0,"parent":51,"menu_order":0,"comment_status":"closed","ping_status":"closed","template":"","meta":{"footnotes":""},"categories":[5],"tags":[],"class_list":["post-55","page","type-page","status-publish","hentry","category-futurs-etudiants"],"yoast_head":"<!-- This site is optimized with the Yoast SEO plugin v27.4 - https:\/\/yoast.com\/product\/yoast-seo-wordpress\/ -->\n<title>PARTIR \u00c0 L&#039;\u00c9TRANGER - ENSCMu<\/title>\n<meta name=\"robots\" content=\"index, follow, max-snippet:-1, max-image-preview:large, max-video-preview:-1\" \/>\n<link rel=\"canonical\" href=\"https:\/\/www.enscmu.uha.fr\/index.php\/international\/partir-a-letranger\/\" \/>\n<meta property=\"og:locale\" content=\"fr_FR\" \/>\n<meta property=\"og:type\" content=\"article\" \/>\n<meta property=\"og:title\" content=\"PARTIR \u00c0 L&#039;\u00c9TRANGER - ENSCMu\" \/>\n<meta property=\"og:description\" content=\"L\u2019ENSCMu demande \u00e0 tous ses \u00e9l\u00e8ves ing\u00e9nieurs d\u2019acqu\u00e9rir une exp\u00e9rience \u00e0 l\u2019international durant leur cursus (dur\u00e9e minimale de 16 semaines sous statut \u00e9tudiant et 9 semaines sous statut apprenti), en mobilit\u00e9 acad\u00e9mique et\/ou en stage et\/ou en ann\u00e9e de c\u00e9sure. Plusieurs possibilit\u00e9s s\u2019offrent \u00e0 eux afin d\u2019ajouter une exp\u00e9rience internationale \u00e0 leur parcours : \u00c9changes [&hellip;]\" \/>\n<meta property=\"og:url\" content=\"https:\/\/www.enscmu.uha.fr\/index.php\/international\/partir-a-letranger\/\" \/>\n<meta property=\"og:site_name\" content=\"ENSCMu | \u00c9cole Nationale Sup\u00e9rieure de Chimie de Mulhouse\" \/>\n<meta property=\"article:modified_time\" content=\"2025-11-03T15:50:18+00:00\" \/>\n<meta name=\"twitter:card\" content=\"summary_large_image\" \/>\n<meta name=\"twitter:label1\" content=\"Dur\u00e9e de lecture estim\u00e9e\" \/>\n\t<meta name=\"twitter:data1\" content=\"5 minutes\" \/>\n<script type=\"application\/ld+json\" class=\"yoast-schema-graph\">{\"@context\":\"https:\\\/\\\/schema.org\",\"@graph\":[{\"@type\":\"WebPage\",\"@id\":\"https:\\\/\\\/www.enscmu.uha.fr\\\/index.php\\\/international\\\/partir-a-letranger\\\/\",\"url\":\"https:\\\/\\\/www.enscmu.uha.fr\\\/index.php\\\/international\\\/partir-a-letranger\\\/\",\"name\":\"PARTIR \u00c0 L'\u00c9TRANGER - ENSCMu\",\"isPartOf\":{\"@id\":\"https:\\\/\\\/www.enscmu.uha.fr\\\/#website\"},\"datePublished\":\"2017-12-12T14:54:15+00:00\",\"dateModified\":\"2025-11-03T15:50:18+00:00\",\"breadcrumb\":{\"@id\":\"https:\\\/\\\/www.enscmu.uha.fr\\\/index.php\\\/international\\\/partir-a-letranger\\\/#breadcrumb\"},\"inLanguage\":\"fr-FR\",\"potentialAction\":[{\"@type\":\"ReadAction\",\"target\":[\"https:\\\/\\\/www.enscmu.uha.fr\\\/index.php\\\/international\\\/partir-a-letranger\\\/\"]}]},{\"@type\":\"BreadcrumbList\",\"@id\":\"https:\\\/\\\/www.enscmu.uha.fr\\\/index.php\\\/international\\\/partir-a-letranger\\\/#breadcrumb\",\"itemListElement\":[{\"@type\":\"ListItem\",\"position\":1,\"name\":\"Accueil\",\"item\":\"https:\\\/\\\/www.enscmu.uha.fr\\\/\"},{\"@type\":\"ListItem\",\"position\":2,\"name\":\"INTERNATIONAL\",\"item\":\"https:\\\/\\\/www.enscmu.uha.fr\\\/index.php\\\/international\\\/\"},{\"@type\":\"ListItem\",\"position\":3,\"name\":\"PARTIR \u00c0 L&rsquo;\u00c9TRANGER\"}]},{\"@type\":\"WebSite\",\"@id\":\"https:\\\/\\\/www.enscmu.uha.fr\\\/#website\",\"url\":\"https:\\\/\\\/www.enscmu.uha.fr\\\/\",\"name\":\"ENSCMu | \u00c9cole Nationale Sup\u00e9rieure de Chimie de Mulhouse\",\"description\":\"Campus Illberg | Universit\u00e9 de Haute-Alsace\",\"potentialAction\":[{\"@type\":\"SearchAction\",\"target\":{\"@type\":\"EntryPoint\",\"urlTemplate\":\"https:\\\/\\\/www.enscmu.uha.fr\\\/?s={search_term_string}\"},\"query-input\":{\"@type\":\"PropertyValueSpecification\",\"valueRequired\":true,\"valueName\":\"search_term_string\"}}],\"inLanguage\":\"fr-FR\"}]}<\/script>\n<!-- \/ Yoast SEO plugin. -->","yoast_head_json":{"title":"PARTIR \u00c0 L'\u00c9TRANGER - ENSCMu","robots":{"index":"index","follow":"follow","max-snippet":"max-snippet:-1","max-image-preview":"max-image-preview:large","max-video-preview":"max-video-preview:-1"},"canonical":"https:\/\/www.enscmu.uha.fr\/index.php\/international\/partir-a-letranger\/","og_locale":"fr_FR","og_type":"article","og_title":"PARTIR \u00c0 L'\u00c9TRANGER - ENSCMu","og_description":"L\u2019ENSCMu demande \u00e0 tous ses \u00e9l\u00e8ves ing\u00e9nieurs d\u2019acqu\u00e9rir une exp\u00e9rience \u00e0 l\u2019international durant leur cursus (dur\u00e9e minimale de 16 semaines sous statut \u00e9tudiant et 9 semaines sous statut apprenti), en mobilit\u00e9 acad\u00e9mique et\/ou en stage et\/ou en ann\u00e9e de c\u00e9sure. Plusieurs possibilit\u00e9s s\u2019offrent \u00e0 eux afin d\u2019ajouter une exp\u00e9rience internationale \u00e0 leur parcours : \u00c9changes [&hellip;]","og_url":"https:\/\/www.enscmu.uha.fr\/index.php\/international\/partir-a-letranger\/","og_site_name":"ENSCMu | \u00c9cole Nationale Sup\u00e9rieure de Chimie de Mulhouse","article_modified_time":"2025-11-03T15:50:18+00:00","twitter_card":"summary_large_image","twitter_misc":{"Dur\u00e9e de lecture estim\u00e9e":"5 minutes"},"schema":{"@context":"https:\/\/schema.org","@graph":[{"@type":"WebPage","@id":"https:\/\/www.enscmu.uha.fr\/index.php\/international\/partir-a-letranger\/","url":"https:\/\/www.enscmu.uha.fr\/index.php\/international\/partir-a-letranger\/","name":"PARTIR \u00c0 L'\u00c9TRANGER - ENSCMu","isPartOf":{"@id":"https:\/\/www.enscmu.uha.fr\/#website"},"datePublished":"2017-12-12T14:54:15+00:00","dateModified":"2025-11-03T15:50:18+00:00","breadcrumb":{"@id":"https:\/\/www.enscmu.uha.fr\/index.php\/international\/partir-a-letranger\/#breadcrumb"},"inLanguage":"fr-FR","potentialAction":[{"@type":"ReadAction","target":["https:\/\/www.enscmu.uha.fr\/index.php\/international\/partir-a-letranger\/"]}]},{"@type":"BreadcrumbList","@id":"https:\/\/www.enscmu.uha.fr\/index.php\/international\/partir-a-letranger\/#breadcrumb","itemListElement":[{"@type":"ListItem","position":1,"name":"Accueil","item":"https:\/\/www.enscmu.uha.fr\/"},{"@type":"ListItem","position":2,"name":"INTERNATIONAL","item":"https:\/\/www.enscmu.uha.fr\/index.php\/international\/"},{"@type":"ListItem","position":3,"name":"PARTIR \u00c0 L&rsquo;\u00c9TRANGER"}]},{"@type":"WebSite","@id":"https:\/\/www.enscmu.uha.fr\/#website","url":"https:\/\/www.enscmu.uha.fr\/","name":"ENSCMu | \u00c9cole Nationale Sup\u00e9rieure de Chimie de Mulhouse","description":"Campus Illberg | Universit\u00e9 de Haute-Alsace","potentialAction":[{"@type":"SearchAction","target":{"@type":"EntryPoint","urlTemplate":"https:\/\/www.enscmu.uha.fr\/?s={search_term_string}"},"query-input":{"@type":"PropertyValueSpecification","valueRequired":true,"valueName":"search_term_string"}}],"inLanguage":"fr-FR"}]}},"_links":{"self":[{"href":"https:\/\/www.enscmu.uha.fr\/index.php\/wp-json\/wp\/v2\/pages\/55","targetHints":{"allow":["GET"]}}],"collection":[{"href":"https:\/\/www.enscmu.uha.fr\/index.php\/wp-json\/wp\/v2\/pages"}],"about":[{"href":"https:\/\/www.enscmu.uha.fr\/index.php\/wp-json\/wp\/v2\/types\/page"}],"author":[{"embeddable":true,"href":"https:\/\/www.enscmu.uha.fr\/index.php\/wp-json\/wp\/v2\/users\/1"}],"replies":[{"embeddable":true,"href":"https:\/\/www.enscmu.uha.fr\/index.php\/wp-json\/wp\/v2\/comments?post=55"}],"version-history":[{"count":37,"href":"https:\/\/www.enscmu.uha.fr\/index.php\/wp-json\/wp\/v2\/pages\/55\/revisions"}],"predecessor-version":[{"id":5697,"href":"https:\/\/www.enscmu.uha.fr\/index.php\/wp-json\/wp\/v2\/pages\/55\/revisions\/5697"}],"up":[{"embeddable":true,"href":"https:\/\/www.enscmu.uha.fr\/index.php\/wp-json\/wp\/v2\/pages\/51"}],"wp:attachment":[{"href":"https:\/\/www.enscmu.uha.fr\/index.php\/wp-json\/wp\/v2\/media?parent=55"}],"wp:term":[{"taxonomy":"category","embeddable":true,"href":"https:\/\/www.enscmu.uha.fr\/index.php\/wp-json\/wp\/v2\/categories?post=55"},{"taxonomy":"post_tag","embeddable":true,"href":"https:\/\/www.enscmu.uha.fr\/index.php\/wp-json\/wp\/v2\/tags?post=55"}],"curies":[{"name":"wp","href":"https:\/\/api.w.org\/{rel}","templated":true}]}}