{"id":5642,"date":"2025-10-21T15:38:54","date_gmt":"2025-10-21T13:38:54","guid":{"rendered":"https:\/\/www.enscmu.uha.fr\/?page_id=5642"},"modified":"2026-01-20T15:12:11","modified_gmt":"2026-01-20T14:12:11","slug":"cycle-post-bac-integre-de-lenscmu","status":"publish","type":"page","link":"https:\/\/www.enscmu.uha.fr\/index.php\/formation\/cycle-post-bac-integre-de-lenscmu\/","title":{"rendered":"CYCLE POST BAC DE L&rsquo;ENSCMu"},"content":{"rendered":"<div class=\"deflex main\" style=\"display: flex;\">\n<div class=\"deborder\" style=\"width: 70%; margin-left: auto; margin-right: auto; padding-right: 5%;\">\n<h1 class=\"mceTemp\">Comment candidater ?<\/h1>\n<figure id=\"attachment_214\" aria-describedby=\"caption-attachment-214\" style=\"width: 200px\" class=\"wp-caption alignright\"><img loading=\"lazy\" decoding=\"async\" class=\"wp-image-214 size-medium\" src=\"https:\/\/www.enscmu.uha.fr\/wp-content\/uploads\/2017\/12\/ENSCMu-salle-info2\u00a9GregoryTachet-200x300.jpg\" alt=\"ENSCMu salle informatique\" width=\"200\" height=\"300\" srcset=\"https:\/\/www.enscmu.uha.fr\/wp-content\/uploads\/2017\/12\/ENSCMu-salle-info2\u00a9GregoryTachet-200x300.jpg 200w, https:\/\/www.enscmu.uha.fr\/wp-content\/uploads\/2017\/12\/ENSCMu-salle-info2\u00a9GregoryTachet-768x1151.jpg 768w, https:\/\/www.enscmu.uha.fr\/wp-content\/uploads\/2017\/12\/ENSCMu-salle-info2\u00a9GregoryTachet-683x1024.jpg 683w, https:\/\/www.enscmu.uha.fr\/wp-content\/uploads\/2017\/12\/ENSCMu-salle-info2\u00a9GregoryTachet.jpg 788w\" sizes=\"auto, (max-width: 200px) 100vw, 200px\" \/><figcaption id=\"caption-attachment-214\" class=\"wp-caption-text\">\u00a9GregoryTachet<\/figcaption><\/figure>\n<p style=\"font-weight: 400;\">Le cycle post-bac de l\u2019ENSCMu permet aux bacheliers qui le choisissent de <strong>se pr\u00e9parer au m\u00e9tier d\u2019ing\u00e9nieur en 5 ans<\/strong>. Il dispose de 16 places.<\/p>\n<p>Pour la rentr\u00e9e 2026, les candidats titulaires d\u2019un Bac voie g\u00e9n\u00e9rale peuvent candidater sur la plateforme d&rsquo;inscription post-bac <a href=\"https:\/\/dossier.parcoursup.fr\/Candidats\/public\/fiches\/afficherFicheFormation?g_ta_cod=51729&amp;typeBac=0&amp;originePc=0\">Parcoursup<\/a>. Les candidatures sont g\u00e9r\u00e9es par l\u2019ENSCMu, qui examine les dossiers des candidats et effectue une s\u00e9lection.<\/p>\n<p>Les frais de candidature s&rsquo;\u00e9l\u00e8vent \u00e0 :<\/p>\n<ul>\n<li>30,00\u00a0\u20ac (candidats non boursiers)<\/li>\n<li>15,00 \u20ac (candidats boursiers)<\/li>\n<\/ul>\n<h1>Quelles sp\u00e9cialit\u00e9s choisir au lyc\u00e9e ?<\/h1>\n<ul>\n<li class=\"O2\">En 1re : Maths + Physique-Chimie + autre sp\u00e9cialit\u00e9 au choix<\/li>\n<li class=\"O2\">En terminale : Maths + Physique-Chimie fortement recommand\u00e9es compl\u00e9t\u00e9es avec l&rsquo;option Maths experte.<\/li>\n<\/ul>\n<p>Plus de d\u00e9tails sur les <a href=\"https:\/\/dossier.parcoursup.fr\/Candidats\/public\/fiches\/afficherFicheFormation?g_ta_cod=51729&amp;typeBac=0&amp;originePc=0\" target=\"_blank\" rel=\"noopener\">crit\u00e8res d&rsquo;analyse des candidatures<\/a>.<\/p>\n<h1>Quelles \u00e9tapes vers l&rsquo;admission ?<\/h1>\n<p>L\u2019admissibilit\u00e9 au <strong>Cycle Post-Bac de l\u2019ENSCMu<\/strong> se fait en <strong>deux \u00e9tapes<\/strong> : l&rsquo;<strong>\u00e9tude du dossier<\/strong> et l&rsquo;<strong>entretien d&rsquo;admission<\/strong>.<\/p>\n<p>L\u2019\u00e9tude du dossier repose sur les <strong>r\u00e9sultats scolaires coefficient\u00e9s de premi\u00e8re et de terminale<\/strong>, incluant les enseignements de sp\u00e9cialit\u00e9s scientifiques, la langue vivante A, la philosophie de terminale, ainsi que les notes du baccalaur\u00e9at de fran\u00e7ais.<\/p>\n<p>Les candidats d\u00e9clar\u00e9s admissibles sont convoqu\u00e9s \u00e0 un <strong>entretien<\/strong>. Cet \u00e9change permet d\u2019\u00e9valuer la <strong>motivation<\/strong>, les <strong>attentes<\/strong>, et la <strong>coh\u00e9rence du projet professionnel<\/strong> du candidat avec la formation d\u2019ing\u00e9nieur chimiste.<\/p>\n<p><strong>Un seul classement<\/strong> est \u00e9tabli sur la base du dossier et de l\u2019entretien, puis remont\u00e9 sur Parcoursup. Les candidats class\u00e9s pourront \u00eatre appel\u00e9s en fonction de leur position, dans la limite des places disponibles, sous r\u00e9serve d\u2019obtention du baccalaur\u00e9at.<\/p>\n<p><strong>Dates et lieu de l\u2019entretien<\/strong><\/p>\n<ul>\n<li><strong>\u00e0 Mulhouse<\/strong> (sauf candidats r\u00e9sidant hors M\u00e9tropole, pour qui des entretiens par <strong>visioconf\u00e9rence<\/strong> sont organis\u00e9s) ;<\/li>\n<li><strong>du 15 avril 2026 au 13 mai 2026<\/strong>. Les candidats admissibles recevront un email les invitant \u00e0 prendre rendez-vous sur Parcoursup <strong>du 10 avril 2026 au 30 avril 2026<\/strong>.<\/li>\n<\/ul>\n<p>Plus de d\u00e9tails sur les <a href=\"https:\/\/dossier.parcoursup.fr\/Candidats\/public\/fiches\/afficherFicheFormation?g_ta_cod=51729&amp;typeBac=0&amp;originePc=0\" target=\"_blank\" rel=\"noopener\">modalit\u00e9 de candidatures<\/a>.<\/p>\n<h1>Et apr\u00e8s l&rsquo;admission ?<\/h1>\n<p>Une fois admis, les \u00e9l\u00e8ves en cycle post-bac s\u2019inscrivent \u00e0 l\u2019ENSCMu. Consulter la <a href=\"https:\/\/www.enscmu.uha.fr\/index.php\/formation\/inscription\/\">proc\u00e9dure d\u2019inscription \u00e0 l&rsquo;ENSCMu<\/a>.<\/p>\n<p>Les certificats de scolarit\u00e9 sont d\u00e9livr\u00e9s dans les jours qui suivent la rentr\u00e9e.<\/p>\n<p>Le cycle post-bac de l&rsquo;ENSCMu se d\u00e9roule en 2 ans (2&#215;60 ECTS pour European Credits Transfert System) avec une \u00e9valuation des connaissances tout au long du cursus.<\/p>\n<p>\u00c0 l\u2019issue du cycle post-bac de l&rsquo;ENSCMu, l\u2019entr\u00e9e dans le cycle ing\u00e9nieur est directe et sans concours, sous r\u00e9serve de la validation de toutes les unit\u00e9s d&rsquo;enseignement (120 ECTS). Ainsi, pour chaque unit\u00e9 d\u2019enseignement l\u2019\u00e9tudiant doit obtenir au minimum la note moyenne de 10\/20, sans compensation possible entre les unit\u00e9s d\u2019enseignement.<\/p>\n<p>Le redoublement est possible exceptionnellement apr\u00e8s proposition du jury.<\/p>\n<p>En cas d\u2019\u00e9chec, une r\u00e9orientation est propos\u00e9e, par exemple vers une licence.<\/p>\n<h1>Enseignements<\/h1>\n<p>Le programme des enseignements est construit en accord avec celui de la Licence de physique-chimie renforc\u00e9e de l\u2019UHA. Pendant deux ans les \u00e9tudiants suivent un enseignement g\u00e9n\u00e9ral en chimie, physique, math\u00e9matiques, sciences pour l\u2019ing\u00e9nieur et langues.<\/p>\n<ul>\n<li>Programme cycle post bac ENSCMu 1re ann\u00e9e 2023-2024<\/li>\n<\/ul>\n<p><img loading=\"lazy\" decoding=\"async\" class=\"alignnone size-medium wp-image-5740\" src=\"https:\/\/www.enscmu.uha.fr\/wp-content\/uploads\/2025\/11\/Capture-decran-2025-11-25-a-11.44.04-300x224.png\" alt=\"\" width=\"300\" height=\"224\" srcset=\"https:\/\/www.enscmu.uha.fr\/wp-content\/uploads\/2025\/11\/Capture-decran-2025-11-25-a-11.44.04-300x224.png 300w, https:\/\/www.enscmu.uha.fr\/wp-content\/uploads\/2025\/11\/Capture-decran-2025-11-25-a-11.44.04-135x100.png 135w, https:\/\/www.enscmu.uha.fr\/wp-content\/uploads\/2025\/11\/Capture-decran-2025-11-25-a-11.44.04.png 706w\" sizes=\"auto, (max-width: 300px) 100vw, 300px\" \/><\/p>\n<p>En 1<sup>re<\/sup> ann\u00e9e les \u00e9l\u00e8ves forment petit groupe pour assurer au mieux la transition avec le lyc\u00e9e. La plupart des enseignements sont dispens\u00e9s sous la forme de cours int\u00e9gr\u00e9s et sont mutualis\u00e9s avec la licence renforc\u00e9e Physique-Chimie ou la licence Regio Chimica de l&rsquo;Universit\u00e9 de Haute-Alsace.<\/p>\n<ul>\n<li>Programme cycle post bac ENSCMu 2<sup>e<\/sup> ann\u00e9e 2023-2024<\/li>\n<\/ul>\n<p><img loading=\"lazy\" decoding=\"async\" class=\"alignnone size-medium wp-image-5741\" src=\"https:\/\/www.enscmu.uha.fr\/wp-content\/uploads\/2025\/11\/Capture-decran-2025-11-25-a-11.44.48-300x217.png\" alt=\"\" width=\"300\" height=\"217\" srcset=\"https:\/\/www.enscmu.uha.fr\/wp-content\/uploads\/2025\/11\/Capture-decran-2025-11-25-a-11.44.48-300x217.png 300w, https:\/\/www.enscmu.uha.fr\/wp-content\/uploads\/2025\/11\/Capture-decran-2025-11-25-a-11.44.48.png 718w\" sizes=\"auto, (max-width: 300px) 100vw, 300px\" \/><\/p>\n<p>En 2<sup>e<\/sup> ann\u00e9e<span style=\"font-size: small;\">\u00a0<\/span>la plupart des enseignements sont dispens\u00e9s sous la forme de cours magistraux (mutualis\u00e9s avec les formations de Licence de l\u2019Universit\u00e9) et de travaux dirig\u00e9s (mutualis\u00e9s avec Licence renforc\u00e9e physique-chimie de l\u2019Universit\u00e9).<\/p>\n<h1>Points forts<\/h1>\n<ul>\n<li>p\u00e9dagogie exclusivement en petits groupes en 1<sup>re<\/sup> ann\u00e9e,<\/li>\n<li>deux langues vivantes obligatoires et accent mis sur les sciences humaines,<\/li>\n<li>d\u00e9couverte du m\u00e9tier d&rsquo;ing\u00e9nieur (sciences pour l&rsquo;ing\u00e9nieur, conf\u00e9rences, rencontres m\u00e9tiers&#8230;),<\/li>\n<li>int\u00e9gration directe dans le cycle ing\u00e9nieur de l&rsquo;ENSCMu apr\u00e8s validation du cycle post-bac.<\/li>\n<\/ul>\n<p>Consultez la <a href=\"https:\/\/www.enscmu.uha.fr\/wp-content\/uploads\/2025\/11\/ENSCMu_plaquette_2025-2026_web.pdf\" target=\"_blank\" rel=\"noopener noreferrer\">Plaquette formation cycle ing\u00e9nieur ENSCMu<\/a> et la <a href=\"https:\/\/www.enscmu.uha.fr\/wp-content\/uploads\/2025\/11\/ENSCMu_Flyer-CPB_2025-26.pdf\" target=\"_blank\" rel=\"noopener noreferrer\">fiche cycle post-bac ENSCMu<\/a>.<\/p>\n<h1>Immersion lyc\u00e9en<\/h1>\n<p>Le Service d&rsquo;Information et d&rsquo;Orientation de l&rsquo;Universit\u00e9 de Haute-Alsace propose aux lyc\u00e9ens de se mettre dans la peau d\u2019un \u00e9tudiant \u00e0 l\u2019universit\u00e9 \u00e0 travers une immersion, en groupe (enseignant du lyc\u00e9e accompagnant un groupe d\u2019\u00e9l\u00e8ves) ou individuellement. Le cycle post-bac de l&rsquo;ENSCMu fait partie des formations ouvertes \u00e0 l&rsquo;immersion. Pour en savoir plus, consultez la page <a href=\"https:\/\/www.uha.fr\/fr\/formation-1\/orientation-decouverte-des-formations-1\/immersion-dans-une-filiere.html\" target=\"_blank\" rel=\"noopener noreferrer\">Immersion lyc\u00e9en de l&rsquo;UHA<\/a>.<br \/>\n<!--\n\n\n<h1>Dates de rentr\u00e9e 2020-2021<\/h1>\n\n\n\n\n<h4>Cycle post-bac de l'ENSCMu<\/h4>\n\n\n1re ann\u00e9e : mardi 08.09.2020 \u00e0 10h (ENSISA Lumi\u00e8re - petit amphith\u00e9\u00e2tre)\n2e ann\u00e9e : mercredi 09.09.2020 \u00e0 10h (ENSISA Lumi\u00e8re - petit amphith\u00e9\u00e2tre)--><\/p>\n<\/div>\n<div style=\"width: 27.5%; margin-left: auto; margin-right: auto;\">Contacts : Scolarit\u00e9 &#8211; cycle post-bac<br \/>\nT\u00e9l. : +33 (0)3 89 33 68 14<br \/>\nCourriel : <a href=\"https:\/\/www.enscmu.uha.fr\/index.php\/contacts-acces\/\">cycle-postbac.enscmu@uha.fr<\/a><span style=\"font-weight: 400;\"><br \/>\n<\/span><br \/>\n<div class=\"su-service\"><div class=\"su-service-title\" style=\"padding-left:46px;min-height:32px;line-height:32px\"><i class=\"sui sui-download\" style=\"font-size:32px;color:#CE0075\"><\/i> A t\u00e9l\u00e9charger<\/div><div class=\"su-service-content su-u-clearfix su-u-trim\" style=\"padding-left:46px\"><a href=\"https:\/\/www.enscmu.uha.fr\/wp-content\/uploads\/2025\/11\/ENSCMu_plaquette_2025-2026_web.pdf\" target=\"_blank\" rel=\"noopener noreferrer\">Plaquette formation cycle ing\u00e9nieur ENSCMu<\/a><\/div><\/div>\n<div class=\"su-service\"><div class=\"su-service-title\" style=\"padding-left:46px;min-height:32px;line-height:32px\"><i class=\"sui sui-download\" style=\"font-size:32px;color:#CE0075\"><\/i> \u00c0 t\u00e9l\u00e9charger<\/div><div class=\"su-service-content su-u-clearfix su-u-trim\" style=\"padding-left:46px\"><a href=\"https:\/\/www.enscmu.uha.fr\/wp-content\/uploads\/2025\/11\/ENSCMu_Flyer-CPB_2025-26.pdf\">Fiche cycle post-bac ENSCMu<\/a><\/div><\/div><div class=\"su-service\"><div class=\"su-service-title\" style=\"padding-left:46px;min-height:32px;line-height:32px\"><i class=\"sui sui-download\" style=\"font-size:32px;color:#CE0075\"><\/i> \u00c0 t\u00e9l\u00e9charger<\/div><div class=\"su-service-content su-u-clearfix su-u-trim\" style=\"padding-left:46px\"><a href=\"https:\/\/www.enscmu.uha.fr\/wp-content\/uploads\/2025\/06\/CALENDRIER-ENSCMu-2025-2026.pdf\">CALENDRIER ENSCMu 2025-2026<\/a><\/div><\/div><\/div>\n<div id=\"s3gt_translate_tooltip_mini\" class=\"s3gt_translate_tooltip_mini_box\" style=\"background: initial !important; border: initial !important; border-radius: initial !important; border-spacing: initial !important; border-collapse: initial !important; direction: ltr !important; flex-direction: initial !important; font-weight: initial !important; height: initial !important; letter-spacing: initial !important; min-width: initial !important; max-width: initial !important; min-height: initial !important; max-height: initial !important; margin: auto !important; outline: initial !important; padding: initial !important; position: absolute; table-layout: initial !important; text-align: initial !important; text-shadow: initial !important; width: initial !important; word-break: initial !important; word-spacing: initial !important; overflow-wrap: initial !important; box-sizing: initial !important; display: initial !important; color: inherit !important; font-size: 13px !important; font-family: X-LocaleSpecific, sans-serif, Tahoma, Helvetica !important; line-height: 13px !important; vertical-align: top !important; white-space: inherit !important; left: 194px; top: 1643px; opacity: 0.6;\">\n<div id=\"s3gt_translate_tooltip_mini_logo\" class=\"s3gt_translate_tooltip_mini\" title=\"Traduire le texte s\u00e9lectionn\u00e9\"><\/div>\n<div id=\"s3gt_translate_tooltip_mini_sound\" class=\"s3gt_translate_tooltip_mini\" title=\"Lecture\"><\/div>\n<div id=\"s3gt_translate_tooltip_mini_copy\" class=\"s3gt_translate_tooltip_mini\" title=\"Copier le texte dans le presse-papiers\"><\/div>\n<\/div>\n<\/div>\n","protected":false},"excerpt":{"rendered":"<p>Comment candidater ? Le cycle post-bac de l\u2019ENSCMu permet aux bacheliers qui le choisissent de se pr\u00e9parer au m\u00e9tier d\u2019ing\u00e9nieur en 5 ans. Il dispose de 16 places. Pour la rentr\u00e9e 2026, les candidats titulaires d\u2019un Bac voie g\u00e9n\u00e9rale peuvent candidater sur la plateforme d&rsquo;inscription post-bac Parcoursup. Les candidatures sont g\u00e9r\u00e9es par l\u2019ENSCMu, qui examine [&hellip;]<\/p>\n","protected":false},"author":2,"featured_media":0,"parent":17,"menu_order":5,"comment_status":"closed","ping_status":"closed","template":"","meta":{"footnotes":""},"categories":[5],"tags":[],"class_list":["post-5642","page","type-page","status-publish","hentry","category-futurs-etudiants"],"yoast_head":"<!-- This site is optimized with the Yoast SEO plugin v27.4 - https:\/\/yoast.com\/product\/yoast-seo-wordpress\/ -->\n<title>CYCLE POST BAC DE L&#039;ENSCMu - ENSCMu<\/title>\n<meta name=\"robots\" content=\"index, follow, max-snippet:-1, max-image-preview:large, max-video-preview:-1\" \/>\n<link rel=\"canonical\" href=\"https:\/\/www.enscmu.uha.fr\/index.php\/formation\/cycle-post-bac-integre-de-lenscmu\/\" \/>\n<meta property=\"og:locale\" content=\"fr_FR\" \/>\n<meta property=\"og:type\" content=\"article\" \/>\n<meta property=\"og:title\" content=\"CYCLE POST BAC DE L&#039;ENSCMu - ENSCMu\" \/>\n<meta property=\"og:description\" content=\"Comment candidater ? Le cycle post-bac de l\u2019ENSCMu permet aux bacheliers qui le choisissent de se pr\u00e9parer au m\u00e9tier d\u2019ing\u00e9nieur en 5 ans. Il dispose de 16 places. Pour la rentr\u00e9e 2026, les candidats titulaires d\u2019un Bac voie g\u00e9n\u00e9rale peuvent candidater sur la plateforme d&rsquo;inscription post-bac Parcoursup. Les candidatures sont g\u00e9r\u00e9es par l\u2019ENSCMu, qui examine [&hellip;]\" \/>\n<meta property=\"og:url\" content=\"https:\/\/www.enscmu.uha.fr\/index.php\/formation\/cycle-post-bac-integre-de-lenscmu\/\" \/>\n<meta property=\"og:site_name\" content=\"ENSCMu | \u00c9cole Nationale Sup\u00e9rieure de Chimie de Mulhouse\" \/>\n<meta property=\"article:modified_time\" content=\"2026-01-20T14:12:11+00:00\" \/>\n<meta property=\"og:image\" content=\"https:\/\/www.enscmu.uha.fr\/wp-content\/uploads\/2025\/11\/Capture-decran-2025-11-25-a-11.44.04-300x224.png\" \/>\n<meta name=\"twitter:card\" content=\"summary_large_image\" \/>\n<meta name=\"twitter:label1\" content=\"Dur\u00e9e de lecture estim\u00e9e\" \/>\n\t<meta name=\"twitter:data1\" content=\"5 minutes\" \/>\n<script type=\"application\/ld+json\" class=\"yoast-schema-graph\">{\"@context\":\"https:\\\/\\\/schema.org\",\"@graph\":[{\"@type\":\"WebPage\",\"@id\":\"https:\\\/\\\/www.enscmu.uha.fr\\\/index.php\\\/formation\\\/cycle-post-bac-integre-de-lenscmu\\\/\",\"url\":\"https:\\\/\\\/www.enscmu.uha.fr\\\/index.php\\\/formation\\\/cycle-post-bac-integre-de-lenscmu\\\/\",\"name\":\"CYCLE POST BAC DE L'ENSCMu - ENSCMu\",\"isPartOf\":{\"@id\":\"https:\\\/\\\/www.enscmu.uha.fr\\\/#website\"},\"primaryImageOfPage\":{\"@id\":\"https:\\\/\\\/www.enscmu.uha.fr\\\/index.php\\\/formation\\\/cycle-post-bac-integre-de-lenscmu\\\/#primaryimage\"},\"image\":{\"@id\":\"https:\\\/\\\/www.enscmu.uha.fr\\\/index.php\\\/formation\\\/cycle-post-bac-integre-de-lenscmu\\\/#primaryimage\"},\"thumbnailUrl\":\"https:\\\/\\\/www.enscmu.uha.fr\\\/wp-content\\\/uploads\\\/2025\\\/11\\\/Capture-decran-2025-11-25-a-11.44.04-300x224.png\",\"datePublished\":\"2025-10-21T13:38:54+00:00\",\"dateModified\":\"2026-01-20T14:12:11+00:00\",\"breadcrumb\":{\"@id\":\"https:\\\/\\\/www.enscmu.uha.fr\\\/index.php\\\/formation\\\/cycle-post-bac-integre-de-lenscmu\\\/#breadcrumb\"},\"inLanguage\":\"fr-FR\",\"potentialAction\":[{\"@type\":\"ReadAction\",\"target\":[\"https:\\\/\\\/www.enscmu.uha.fr\\\/index.php\\\/formation\\\/cycle-post-bac-integre-de-lenscmu\\\/\"]}]},{\"@type\":\"ImageObject\",\"inLanguage\":\"fr-FR\",\"@id\":\"https:\\\/\\\/www.enscmu.uha.fr\\\/index.php\\\/formation\\\/cycle-post-bac-integre-de-lenscmu\\\/#primaryimage\",\"url\":\"https:\\\/\\\/www.enscmu.uha.fr\\\/wp-content\\\/uploads\\\/2025\\\/11\\\/Capture-decran-2025-11-25-a-11.44.04.png\",\"contentUrl\":\"https:\\\/\\\/www.enscmu.uha.fr\\\/wp-content\\\/uploads\\\/2025\\\/11\\\/Capture-decran-2025-11-25-a-11.44.04.png\",\"width\":706,\"height\":528},{\"@type\":\"BreadcrumbList\",\"@id\":\"https:\\\/\\\/www.enscmu.uha.fr\\\/index.php\\\/formation\\\/cycle-post-bac-integre-de-lenscmu\\\/#breadcrumb\",\"itemListElement\":[{\"@type\":\"ListItem\",\"position\":1,\"name\":\"Accueil\",\"item\":\"https:\\\/\\\/www.enscmu.uha.fr\\\/\"},{\"@type\":\"ListItem\",\"position\":2,\"name\":\"FORMATION\",\"item\":\"https:\\\/\\\/www.enscmu.uha.fr\\\/index.php\\\/formation\\\/\"},{\"@type\":\"ListItem\",\"position\":3,\"name\":\"CYCLE POST BAC DE L&rsquo;ENSCMu\"}]},{\"@type\":\"WebSite\",\"@id\":\"https:\\\/\\\/www.enscmu.uha.fr\\\/#website\",\"url\":\"https:\\\/\\\/www.enscmu.uha.fr\\\/\",\"name\":\"ENSCMu | \u00c9cole Nationale Sup\u00e9rieure de Chimie de Mulhouse\",\"description\":\"Campus Illberg | Universit\u00e9 de Haute-Alsace\",\"potentialAction\":[{\"@type\":\"SearchAction\",\"target\":{\"@type\":\"EntryPoint\",\"urlTemplate\":\"https:\\\/\\\/www.enscmu.uha.fr\\\/?s={search_term_string}\"},\"query-input\":{\"@type\":\"PropertyValueSpecification\",\"valueRequired\":true,\"valueName\":\"search_term_string\"}}],\"inLanguage\":\"fr-FR\"}]}<\/script>\n<!-- \/ Yoast SEO plugin. -->","yoast_head_json":{"title":"CYCLE POST BAC DE L'ENSCMu - ENSCMu","robots":{"index":"index","follow":"follow","max-snippet":"max-snippet:-1","max-image-preview":"max-image-preview:large","max-video-preview":"max-video-preview:-1"},"canonical":"https:\/\/www.enscmu.uha.fr\/index.php\/formation\/cycle-post-bac-integre-de-lenscmu\/","og_locale":"fr_FR","og_type":"article","og_title":"CYCLE POST BAC DE L'ENSCMu - ENSCMu","og_description":"Comment candidater ? Le cycle post-bac de l\u2019ENSCMu permet aux bacheliers qui le choisissent de se pr\u00e9parer au m\u00e9tier d\u2019ing\u00e9nieur en 5 ans. Il dispose de 16 places. Pour la rentr\u00e9e 2026, les candidats titulaires d\u2019un Bac voie g\u00e9n\u00e9rale peuvent candidater sur la plateforme d&rsquo;inscription post-bac Parcoursup. Les candidatures sont g\u00e9r\u00e9es par l\u2019ENSCMu, qui examine [&hellip;]","og_url":"https:\/\/www.enscmu.uha.fr\/index.php\/formation\/cycle-post-bac-integre-de-lenscmu\/","og_site_name":"ENSCMu | \u00c9cole Nationale Sup\u00e9rieure de Chimie de Mulhouse","article_modified_time":"2026-01-20T14:12:11+00:00","og_image":[{"url":"https:\/\/www.enscmu.uha.fr\/wp-content\/uploads\/2025\/11\/Capture-decran-2025-11-25-a-11.44.04-300x224.png","type":"","width":"","height":""}],"twitter_card":"summary_large_image","twitter_misc":{"Dur\u00e9e de lecture estim\u00e9e":"5 minutes"},"schema":{"@context":"https:\/\/schema.org","@graph":[{"@type":"WebPage","@id":"https:\/\/www.enscmu.uha.fr\/index.php\/formation\/cycle-post-bac-integre-de-lenscmu\/","url":"https:\/\/www.enscmu.uha.fr\/index.php\/formation\/cycle-post-bac-integre-de-lenscmu\/","name":"CYCLE POST BAC DE L'ENSCMu - ENSCMu","isPartOf":{"@id":"https:\/\/www.enscmu.uha.fr\/#website"},"primaryImageOfPage":{"@id":"https:\/\/www.enscmu.uha.fr\/index.php\/formation\/cycle-post-bac-integre-de-lenscmu\/#primaryimage"},"image":{"@id":"https:\/\/www.enscmu.uha.fr\/index.php\/formation\/cycle-post-bac-integre-de-lenscmu\/#primaryimage"},"thumbnailUrl":"https:\/\/www.enscmu.uha.fr\/wp-content\/uploads\/2025\/11\/Capture-decran-2025-11-25-a-11.44.04-300x224.png","datePublished":"2025-10-21T13:38:54+00:00","dateModified":"2026-01-20T14:12:11+00:00","breadcrumb":{"@id":"https:\/\/www.enscmu.uha.fr\/index.php\/formation\/cycle-post-bac-integre-de-lenscmu\/#breadcrumb"},"inLanguage":"fr-FR","potentialAction":[{"@type":"ReadAction","target":["https:\/\/www.enscmu.uha.fr\/index.php\/formation\/cycle-post-bac-integre-de-lenscmu\/"]}]},{"@type":"ImageObject","inLanguage":"fr-FR","@id":"https:\/\/www.enscmu.uha.fr\/index.php\/formation\/cycle-post-bac-integre-de-lenscmu\/#primaryimage","url":"https:\/\/www.enscmu.uha.fr\/wp-content\/uploads\/2025\/11\/Capture-decran-2025-11-25-a-11.44.04.png","contentUrl":"https:\/\/www.enscmu.uha.fr\/wp-content\/uploads\/2025\/11\/Capture-decran-2025-11-25-a-11.44.04.png","width":706,"height":528},{"@type":"BreadcrumbList","@id":"https:\/\/www.enscmu.uha.fr\/index.php\/formation\/cycle-post-bac-integre-de-lenscmu\/#breadcrumb","itemListElement":[{"@type":"ListItem","position":1,"name":"Accueil","item":"https:\/\/www.enscmu.uha.fr\/"},{"@type":"ListItem","position":2,"name":"FORMATION","item":"https:\/\/www.enscmu.uha.fr\/index.php\/formation\/"},{"@type":"ListItem","position":3,"name":"CYCLE POST BAC DE L&rsquo;ENSCMu"}]},{"@type":"WebSite","@id":"https:\/\/www.enscmu.uha.fr\/#website","url":"https:\/\/www.enscmu.uha.fr\/","name":"ENSCMu | \u00c9cole Nationale Sup\u00e9rieure de Chimie de Mulhouse","description":"Campus Illberg | Universit\u00e9 de Haute-Alsace","potentialAction":[{"@type":"SearchAction","target":{"@type":"EntryPoint","urlTemplate":"https:\/\/www.enscmu.uha.fr\/?s={search_term_string}"},"query-input":{"@type":"PropertyValueSpecification","valueRequired":true,"valueName":"search_term_string"}}],"inLanguage":"fr-FR"}]}},"_links":{"self":[{"href":"https:\/\/www.enscmu.uha.fr\/index.php\/wp-json\/wp\/v2\/pages\/5642","targetHints":{"allow":["GET"]}}],"collection":[{"href":"https:\/\/www.enscmu.uha.fr\/index.php\/wp-json\/wp\/v2\/pages"}],"about":[{"href":"https:\/\/www.enscmu.uha.fr\/index.php\/wp-json\/wp\/v2\/types\/page"}],"author":[{"embeddable":true,"href":"https:\/\/www.enscmu.uha.fr\/index.php\/wp-json\/wp\/v2\/users\/2"}],"replies":[{"embeddable":true,"href":"https:\/\/www.enscmu.uha.fr\/index.php\/wp-json\/wp\/v2\/comments?post=5642"}],"version-history":[{"count":13,"href":"https:\/\/www.enscmu.uha.fr\/index.php\/wp-json\/wp\/v2\/pages\/5642\/revisions"}],"predecessor-version":[{"id":5652,"href":"https:\/\/www.enscmu.uha.fr\/index.php\/wp-json\/wp\/v2\/pages\/5642\/revisions\/5652"}],"up":[{"embeddable":true,"href":"https:\/\/www.enscmu.uha.fr\/index.php\/wp-json\/wp\/v2\/pages\/17"}],"wp:attachment":[{"href":"https:\/\/www.enscmu.uha.fr\/index.php\/wp-json\/wp\/v2\/media?parent=5642"}],"wp:term":[{"taxonomy":"category","embeddable":true,"href":"https:\/\/www.enscmu.uha.fr\/index.php\/wp-json\/wp\/v2\/categories?post=5642"},{"taxonomy":"post_tag","embeddable":true,"href":"https:\/\/www.enscmu.uha.fr\/index.php\/wp-json\/wp\/v2\/tags?post=5642"}],"curies":[{"name":"wp","href":"https:\/\/api.w.org\/{rel}","templated":true}]}}