{"id":57,"date":"2017-12-12T15:54:27","date_gmt":"2017-12-12T14:54:27","guid":{"rendered":"https:\/\/www.enscmu.uha.fr\/?page_id=57"},"modified":"2025-11-24T11:34:45","modified_gmt":"2025-11-24T10:34:45","slug":"venir-de-letranger","status":"publish","type":"page","link":"https:\/\/www.enscmu.uha.fr\/index.php\/international\/venir-de-letranger\/","title":{"rendered":"VENIR DE L&rsquo;\u00c9TRANGER"},"content":{"rendered":"<div class=\"deflex main\" style=\"display: flex;\">\n<div class=\"deborder\" style=\"width: 70%; margin-left: auto; margin-right: auto; padding-right: 5%;\">\n<div class=\"su-youtube su-u-responsive-media-yes\"><iframe loading=\"lazy\" width=\"600\" height=\"400\" src=\"https:\/\/www.youtube.com\/embed\/l8QYTcLa5TU?\" frameborder=\"0\" allowfullscreen allow=\"autoplay; encrypted-media; picture-in-picture\" title=\"\"><\/iframe><\/div>\n<p>Un bon niveau de fran\u00e7ais est indispensable pour suivre les cours avec profit. Il est possible de se perfectionner gr\u00e2ce aux cours de fran\u00e7ais langue \u00e9trang\u00e8re (FLE) organis\u00e9s par l\u2019Universit\u00e9 de Haute-Alsace, ou en autonomie au <a href=\"https:\/\/www.learning-center.uha.fr\/opac\/.do\" target=\"_blank\" rel=\"noopener\">Learning Center<\/a>. Un bon niveau scientifique est \u00e9galement exig\u00e9 (admission sur dossier).<\/p>\n<p>Les \u00e9tudiants\u00a0souhaitant venir en France peuvent \u00e9galement\u00a0b\u00e9n\u00e9ficier d&rsquo;aides \u00e0 condition de remplir certains crit\u00e8res. Attention \u00e9galement de ne pas oublier d&rsquo;effectuer certaines d\u00e9marches\u00a0en arrivant en France (comme par exemple la souscription \u00e0 une assurance habitation pour le logement dont les infos sont accessibles sur le site <span id=\"OBJ_PREFIX_DWT1098_com_zimbra_url\" class=\"Object\" role=\"link\"><span id=\"OBJ_PREFIX_DWT1114_com_zimbra_url\" class=\"Object\" role=\"link\"><a href=\"https:\/\/selectra.info\/assurance\/guides\/habitation\" target=\"_blank\" rel=\"noopener noreferrer\">Selectra<\/a><\/span><\/span>). Connectez-vous sur\u00a0<span id=\"OBJ_PREFIX_DWT1099_com_zimbra_url\" class=\"Object\" role=\"link\"><span id=\"OBJ_PREFIX_DWT1115_com_zimbra_url\" class=\"Object\" role=\"link\"><a href=\"https:\/\/www.etudiant.gouv.fr\/pid38648-cid140113\/aides-financieres-pour-les-etudiants-internationaux.html\" target=\"_blank\" rel=\"noopener noreferrer\">www.etudiant.gouv.fr<\/a><\/span><\/span> pour conna\u00eetre les conditions d&rsquo;\u00e9ligibilit\u00e9 d&rsquo;obtention de bourse.<\/p>\n<h1>\u00c9changes acad\u00e9miques<\/h1>\n<h2>Erasmus+<\/h2>\n<p>Dans le cadre des accords Erasmus+ destin\u00e9s \u00e0 promouvoir la mobilit\u00e9 au sein de l\u2019Union Europ\u00e9enne, les \u00e9tudiants europ\u00e9ens peuvent suivre un semestre de cours \u00e0 l\u2019ENSCMu durant la 3<sup>e<\/sup> ann\u00e9e de cycle ing\u00e9nieur, et valider 30 ECTS (European Credit Transfer System, valeur qui repr\u00e9sente le volume de travail effectif de l&rsquo;\u00e9tudiant, syst\u00e8me commun \u00e0 l&rsquo;ensemble de la Communaut\u00e9 Europ\u00e9enne). Des aides financi\u00e8res sont disponibles (bourses). L\u2019ENSCMu a des accords Erasmus+ avec de nombreux pays et notamment :<\/p>\n<ul>\n<li>l\u2019Allemagne : <a href=\"http:\/\/www.tu-chemnitz.de\/\" target=\"_blank\" rel=\"noopener noreferrer\">Technische Universit\u00e4t Chemnitz<\/a>, <a href=\"http:\/\/www.nta-isny.de\/de\/hochschule-university-of-applied-sciences.html\" target=\"_blank\" rel=\"noopener noreferrer\">University of Applied Sciences Isny-im-Allg\u00e4u<\/a>,<\/li>\n<li>la Bulgarie : <a href=\"https:\/\/www.uni-sofia.bg\/eng\" target=\"_blank\" rel=\"noopener noreferrer\">Sofia University<\/a>,<\/li>\n<li>l\u2019Espagne : <a href=\"http:\/\/www.ua.es\/\" target=\"_blank\" rel=\"noopener noreferrer\">Universit\u00e9 d&rsquo;Alicante<\/a>, <a href=\"http:\/\/www.urv.cat\/\" target=\"_blank\" rel=\"noopener noreferrer\">Universitat Rovira i Virgili de Tarragona<\/a>, <a href=\"http:\/\/www.uva.es\/export\/sites\/uva\/\" target=\"_blank\" rel=\"noopener noreferrer\">Universidad de Valladolid<\/a>,<\/li>\n<li>la R\u00e9publique Tch\u00e8que : <a href=\"http:\/\/www.vscht.cz\/?jazyk=en\" target=\"_blank\" rel=\"noopener noreferrer\">University of Chemistry and Technology, Prague<\/a>,<\/li>\n<li>mais aussi la Belgique, la Bulgarie, les Pays-Bas, la Roumanie, la Slovaquie, la Turquie.<\/li>\n<\/ul>\n<h2>Double dipl\u00f4me avec l\u2019Universit\u00e9 de Toledo (USA)<\/h2>\n<p>Une convention de double-dipl\u00f4me existe depuis 2011 avec l\u2019<a href=\"http:\/\/www.utoledo.edu\/\" target=\"_blank\" rel=\"noopener noreferrer\">Universit\u00e9 de Toledo<\/a>. Cet \u00e9change permet aux \u00e9tudiants de Toledo de rejoindre l&rsquo;ENSCMu apr\u00e8s leur Licence 3 pour suivre les enseignements de 2<sup>e<\/sup> et 3<sup>e<\/sup> ann\u00e9es \u00e0 l&rsquo;\u00e9cole. Ce programme leur permet d&rsquo;obtenir le dipl\u00f4me d&rsquo;ing\u00e9nieur et le Master of Science de l&rsquo;Universit\u00e9 de Toledo.<\/p>\n<h2>Double dipl\u00f4me avec l\u2019Universit\u00e9 du Qu\u00e9bec \u00e0 Chicoutimi<\/h2>\n<p>Une convention de double-dipl\u00f4me existe depuis 2016 avec l\u2019<a href=\"http:\/\/www.uqac.ca\/\" target=\"_blank\" rel=\"noopener noreferrer\">Universit\u00e9 du Qu\u00e9bec \u00e0 Chicoutimi UQAC<\/a>. Cet \u00e9change permet aux \u00e9tudiants de l\u2019UQAC ayant un niveau M1 de rejoindre l&rsquo;ENSCMu pour suivre les enseignements de 3<sup>e<\/sup> ann\u00e9e \u00e0 l&rsquo;\u00e9cole. Ce programme leur permet d&rsquo;obtenir le dipl\u00f4me d&rsquo;ing\u00e9nieur et le Master of Science de l&rsquo;UQAC.<\/p>\n<h2>Double dipl\u00f4me avec l&rsquo;Universit\u00e9 de Sherbrooke au Qu\u00e9bec<\/h2>\n<p>Une convention de double-dipl\u00f4me existe depuis 2021 avec l\u2019Universit\u00e9 de Sherbrooke au Qu\u00e9bec. Cet \u00e9change permet aux \u00e9tudiants de l\u2019Universit\u00e9 de Sherbrooke ayant un niveau M1 de rejoindre l&rsquo;ENSCMu pour suivre les enseignements de 3<sup>e<\/sup> ann\u00e9e \u00e0 l&rsquo;\u00e9cole. Ce programme leur permet d&rsquo;obtenir le dipl\u00f4me d&rsquo;ing\u00e9nieur et la <a href=\"https:\/\/www.usherbrooke.ca\/admission\/programme\/609\/maitrise-en-chimie\/\" target=\"_blank\" rel=\"noopener noreferrer\">Ma\u00eetrise de chimie de l&rsquo;Universit\u00e9<\/a>.<\/p>\n<h2>Autres collaborations hors Erasmus+<\/h2>\n<ul>\n<li>Dans le cadre d&rsquo;un accord avec l&rsquo;<a href=\"http:\/\/www.ed.ac.uk\/home\" target=\"_blank\" rel=\"noopener noreferrer\">Universit\u00e9 d\u2019Edimbourg<\/a> en \u00c9cosse.<\/li>\n<li>Avec les universit\u00e9s du Qu\u00e9bec au Canada : des \u00e9tudiants \u00e9trangers peuvent int\u00e9grer l\u2019ENSCMu dans le cadre d\u2019accords sign\u00e9s entre l\u2019UHA-ENSCMu et les universit\u00e9s du Qu\u00e9bec au Canada (accord avec le <a href=\"http:\/\/www.bci-qc.ca\/\" target=\"_blank\" rel=\"noopener noreferrer\">programme BCI &#8211; Bureau de Coop\u00e9ration Interuniversitaire du Qu\u00e9bec<\/a>). Des accords de collaboration sont \u00e9galement conclus avec l&rsquo;Universit\u00e9 de Sherbrooke au Qu\u00e9bec.<\/li>\n<li>L&rsquo;ENSCMu a \u00e9galement sign\u00e9 un accord avec l&rsquo;<a href=\"http:\/\/www.nagasaki-u.ac.jp\/en\/\" target=\"_blank\" rel=\"noopener noreferrer\">Universit\u00e9 de Nagasaki au Japon<\/a>.<\/li>\n<\/ul>\n<h2>Programme Arfitec (Argentina France Ing\u00e9nieurs Technologie)<\/h2>\n<p>Sous l\u2019\u00e9gide de la <a href=\"http:\/\/www.cdefi.fr\/\" target=\"_blank\" rel=\"noopener noreferrer\">Conf\u00e9rence des Directeurs des \u00c9coles Fran\u00e7aises d\u2019Ing\u00e9nieurs (CDEFI)<\/a>, l\u2019ENSCMu prend part \u00e0 un programme d\u2019\u00e9change mis en place avec des universit\u00e9s argentines. Gr\u00e2ce \u00e0 ce programme, les \u00e9l\u00e8ves de l\u2019ENSCMu peuvent passer le premier semestre de leur 3<sup>e<\/sup> ann\u00e9e dans une universit\u00e9 partenaire en Argentine pour y suivre des enseignements dans le domaine de la chimie verte (<a href=\"https:\/\/www.uba.ar\">Universidad de Buenos Aires (UBA)<\/a>, <a href=\"https:\/\/www.unl.edu.ar\/\">Universidad Nacional del Litoral (UNL)<\/a> ou des mat\u00e9riaux (<a href=\"https:\/\/www.mdp.edu.ar\/\">Universidad Nacional de Mar del Plata (UNMDP)<\/a>, <a href=\"https:\/\/www.unam.edu.ar\/\">Universidad Nacional de Misiones (UNAM)<\/a>, <a href=\"https:\/\/uncaus.edu.ar\/\">Universidad Nacional del Chaco Austral (UNCAUS).<\/a><\/p>\n<p>Ce programme permet aussi aux \u00e9tudiants argentins de venir \u00e9tudier dans l\u2019une des \u00e9coles fran\u00e7aises partenaires.<\/p>\n<h2>Programme Brafitec (Brasil France Ing\u00e9nieurs Technologie)<\/h2>\n<p>Sous l\u2019\u00e9gide de la <a href=\"http:\/\/www.cdefi.fr\/\" target=\"_blank\" rel=\"noopener noreferrer\">Conf\u00e9rence des Directeurs des \u00c9coles Fran\u00e7aises d\u2019Ing\u00e9nieurs (CDEFI)<\/a>, l\u2019ENSCMu prend part \u00e0 un programme d\u2019\u00e9change mis en place avec des universit\u00e9s br\u00e9siliennes. Gr\u00e2ce \u00e0 ce programme, les \u00e9l\u00e8ves de l\u2019ENSCMu peuvent passer le premier semestre de leur 3<sup>e<\/sup> ann\u00e9e dans une universit\u00e9 partenaire au Br\u00e9sil pour y suivre des enseignements dans le domaine de la chimie verte (<a href=\"https:\/\/ufsc.br\/\">Universidade Federal de Santa Catarina (UFSC)<\/a>, <a href=\"https:\/\/ufpr.br\/\">Universidade Federal do Paran\u00e1 (UFPR)<\/a>, <a href=\"https:\/\/portal.ufvjm.edu.br\/\">Universidade Federal Dos Vales do Jequitinhonha e Mucuri<\/a> (UFVJM)) ou des mat\u00e9riaux (<a href=\"https:\/\/www.ufabc.edu.br\/\">Universidade Federal do ABC (UFABC)<\/a>, <a href=\"http:\/\/www.ufrgs.br\/ufrgs\/inicial\">Universidade Federal do Rio Grande do Sul (UFRGS)<\/a>, <a href=\"https:\/\/ufsc.br\/\">Universidade Federal de Santa Catarina(UFSC)<\/a>).<\/p>\n<p>Ce programme permet aussi aux \u00e9tudiants br\u00e9siliens de venir \u00e9tudier dans l\u2019une des \u00e9coles fran\u00e7aises partenaires.<\/p>\n<h1>R\u00e9seau Campus France<\/h1>\n<p>L\u2019ENSCMu, en tant que composante de l\u2019UHA, est membre du r\u00e9seau <a href=\"http:\/\/www.campusfrance.org\/\" target=\"_blank\" rel=\"noopener noreferrer\">Campus France<\/a> qui promeut les \u00e9tudes en France et aide les \u00e9tudiants internationaux \u00e0 effectuer les d\u00e9marches n\u00e9cessaires et \u00e0 r\u00e9aliser leur projet. Les \u00e9tudiants venant des pays list\u00e9s ci-dessous doivent passer par la plateforme \u00ab\u00a0Etudes en France\u00a0\u00bb de Campus France pour acc\u00e9der au cycle ing\u00e9nieur de l&rsquo;ENSCMu.<br \/>\n41 pays concern\u00e9s : Alg\u00e9rie, Argentine, B\u00e9nin, Br\u00e9sil, Burkina Faso, Burundi, Cameroun, Chili, Chine, Colombie, Comores, Congo Brazzaville, Cor\u00e9e du Sud, C\u00f4te d&rsquo;Ivoire, Djibouti, Egypte, Etats-Unis, Gabon, Guin\u00e9e, Inde, Indon\u00e9sie, Iran, Japon, Koweit, Liban, Madagascar, Mali, Maroc, Maurice, Mauritanie, Mexique, P\u00e9rou, R\u00e9publique du Congo D\u00e9mocratique, Russie, S\u00e9n\u00e9gal, Singapour, Taiwan, Togo, Tunisie, Turquie et Vietnam.<\/p>\n<p>Consulter la plaquette <a href=\"https:\/\/www.enscmu.uha.fr\/wp-content\/uploads\/2025\/11\/ENSCMu_plaquette_ENGLISH_2024-2025.pdf\" target=\"_blank\" rel=\"noopener noreferrer\">ENSCMu &#8211; School of chemical engineering<\/a>.<\/p>\n<\/div>\n<div style=\"width: 27.5%; margin-left: auto; margin-right: auto;\">Contact : Magali BONNE, responsable des relations internationales \u00e0 l&rsquo;ENSCMu,<br \/>\nCourriel : <a href=\"https:\/\/www.enscmu.uha.fr\/index.php\/contacts-acces\/\">international.enscmu@uha.fr<\/a><div class=\"su-service\"><div class=\"su-service-title\" style=\"padding-left:46px;min-height:32px;line-height:32px\"><i class=\"sui sui-download\" style=\"font-size:32px;color:#CE0075\"><\/i> A t\u00e9l\u00e9charger<\/div><div class=\"su-service-content su-u-clearfix su-u-trim\" style=\"padding-left:46px\"><a href=\"https:\/\/www.enscmu.uha.fr\/wp-content\/uploads\/2025\/01\/ENSCMu_plaquette_ENGLISH_2024-2025.pdf\" target=\"_blank\" rel=\"noopener noreferrer\">ENSCMu &#8211; School of chemical engineering<\/a><\/div><\/div><\/div>\n<\/div>\n","protected":false},"excerpt":{"rendered":"<p>Un bon niveau de fran\u00e7ais est indispensable pour suivre les cours avec profit. Il est possible de se perfectionner gr\u00e2ce aux cours de fran\u00e7ais langue \u00e9trang\u00e8re (FLE) organis\u00e9s par l\u2019Universit\u00e9 de Haute-Alsace, ou en autonomie au Learning Center. Un bon niveau scientifique est \u00e9galement exig\u00e9 (admission sur dossier). Les \u00e9tudiants\u00a0souhaitant venir en France peuvent \u00e9galement\u00a0b\u00e9n\u00e9ficier [&hellip;]<\/p>\n","protected":false},"author":1,"featured_media":0,"parent":51,"menu_order":0,"comment_status":"closed","ping_status":"closed","template":"","meta":{"footnotes":""},"categories":[5],"tags":[],"class_list":["post-57","page","type-page","status-publish","hentry","category-futurs-etudiants"],"yoast_head":"<!-- This site is optimized with the Yoast SEO plugin v27.4 - https:\/\/yoast.com\/product\/yoast-seo-wordpress\/ -->\n<title>VENIR DE L&#039;\u00c9TRANGER - ENSCMu<\/title>\n<meta name=\"robots\" content=\"index, follow, max-snippet:-1, max-image-preview:large, max-video-preview:-1\" \/>\n<link rel=\"canonical\" href=\"https:\/\/www.enscmu.uha.fr\/index.php\/international\/venir-de-letranger\/\" \/>\n<meta property=\"og:locale\" content=\"fr_FR\" \/>\n<meta property=\"og:type\" content=\"article\" \/>\n<meta property=\"og:title\" content=\"VENIR DE L&#039;\u00c9TRANGER - ENSCMu\" \/>\n<meta property=\"og:description\" content=\"Un bon niveau de fran\u00e7ais est indispensable pour suivre les cours avec profit. Il est possible de se perfectionner gr\u00e2ce aux cours de fran\u00e7ais langue \u00e9trang\u00e8re (FLE) organis\u00e9s par l\u2019Universit\u00e9 de Haute-Alsace, ou en autonomie au Learning Center. Un bon niveau scientifique est \u00e9galement exig\u00e9 (admission sur dossier). Les \u00e9tudiants\u00a0souhaitant venir en France peuvent \u00e9galement\u00a0b\u00e9n\u00e9ficier [&hellip;]\" \/>\n<meta property=\"og:url\" content=\"https:\/\/www.enscmu.uha.fr\/index.php\/international\/venir-de-letranger\/\" \/>\n<meta property=\"og:site_name\" content=\"ENSCMu | \u00c9cole Nationale Sup\u00e9rieure de Chimie de Mulhouse\" \/>\n<meta property=\"article:modified_time\" content=\"2025-11-24T10:34:45+00:00\" \/>\n<meta name=\"twitter:card\" content=\"summary_large_image\" \/>\n<meta name=\"twitter:label1\" content=\"Dur\u00e9e de lecture estim\u00e9e\" \/>\n\t<meta name=\"twitter:data1\" content=\"5 minutes\" \/>\n<script type=\"application\/ld+json\" class=\"yoast-schema-graph\">{\"@context\":\"https:\\\/\\\/schema.org\",\"@graph\":[{\"@type\":\"WebPage\",\"@id\":\"https:\\\/\\\/www.enscmu.uha.fr\\\/index.php\\\/international\\\/venir-de-letranger\\\/\",\"url\":\"https:\\\/\\\/www.enscmu.uha.fr\\\/index.php\\\/international\\\/venir-de-letranger\\\/\",\"name\":\"VENIR DE L'\u00c9TRANGER - ENSCMu\",\"isPartOf\":{\"@id\":\"https:\\\/\\\/www.enscmu.uha.fr\\\/#website\"},\"datePublished\":\"2017-12-12T14:54:27+00:00\",\"dateModified\":\"2025-11-24T10:34:45+00:00\",\"breadcrumb\":{\"@id\":\"https:\\\/\\\/www.enscmu.uha.fr\\\/index.php\\\/international\\\/venir-de-letranger\\\/#breadcrumb\"},\"inLanguage\":\"fr-FR\",\"potentialAction\":[{\"@type\":\"ReadAction\",\"target\":[\"https:\\\/\\\/www.enscmu.uha.fr\\\/index.php\\\/international\\\/venir-de-letranger\\\/\"]}]},{\"@type\":\"BreadcrumbList\",\"@id\":\"https:\\\/\\\/www.enscmu.uha.fr\\\/index.php\\\/international\\\/venir-de-letranger\\\/#breadcrumb\",\"itemListElement\":[{\"@type\":\"ListItem\",\"position\":1,\"name\":\"Accueil\",\"item\":\"https:\\\/\\\/www.enscmu.uha.fr\\\/\"},{\"@type\":\"ListItem\",\"position\":2,\"name\":\"INTERNATIONAL\",\"item\":\"https:\\\/\\\/www.enscmu.uha.fr\\\/index.php\\\/international\\\/\"},{\"@type\":\"ListItem\",\"position\":3,\"name\":\"VENIR DE L&rsquo;\u00c9TRANGER\"}]},{\"@type\":\"WebSite\",\"@id\":\"https:\\\/\\\/www.enscmu.uha.fr\\\/#website\",\"url\":\"https:\\\/\\\/www.enscmu.uha.fr\\\/\",\"name\":\"ENSCMu | \u00c9cole Nationale Sup\u00e9rieure de Chimie de Mulhouse\",\"description\":\"Campus Illberg | Universit\u00e9 de Haute-Alsace\",\"potentialAction\":[{\"@type\":\"SearchAction\",\"target\":{\"@type\":\"EntryPoint\",\"urlTemplate\":\"https:\\\/\\\/www.enscmu.uha.fr\\\/?s={search_term_string}\"},\"query-input\":{\"@type\":\"PropertyValueSpecification\",\"valueRequired\":true,\"valueName\":\"search_term_string\"}}],\"inLanguage\":\"fr-FR\"}]}<\/script>\n<!-- \/ Yoast SEO plugin. -->","yoast_head_json":{"title":"VENIR DE L'\u00c9TRANGER - ENSCMu","robots":{"index":"index","follow":"follow","max-snippet":"max-snippet:-1","max-image-preview":"max-image-preview:large","max-video-preview":"max-video-preview:-1"},"canonical":"https:\/\/www.enscmu.uha.fr\/index.php\/international\/venir-de-letranger\/","og_locale":"fr_FR","og_type":"article","og_title":"VENIR DE L'\u00c9TRANGER - ENSCMu","og_description":"Un bon niveau de fran\u00e7ais est indispensable pour suivre les cours avec profit. Il est possible de se perfectionner gr\u00e2ce aux cours de fran\u00e7ais langue \u00e9trang\u00e8re (FLE) organis\u00e9s par l\u2019Universit\u00e9 de Haute-Alsace, ou en autonomie au Learning Center. Un bon niveau scientifique est \u00e9galement exig\u00e9 (admission sur dossier). Les \u00e9tudiants\u00a0souhaitant venir en France peuvent \u00e9galement\u00a0b\u00e9n\u00e9ficier [&hellip;]","og_url":"https:\/\/www.enscmu.uha.fr\/index.php\/international\/venir-de-letranger\/","og_site_name":"ENSCMu | \u00c9cole Nationale Sup\u00e9rieure de Chimie de Mulhouse","article_modified_time":"2025-11-24T10:34:45+00:00","twitter_card":"summary_large_image","twitter_misc":{"Dur\u00e9e de lecture estim\u00e9e":"5 minutes"},"schema":{"@context":"https:\/\/schema.org","@graph":[{"@type":"WebPage","@id":"https:\/\/www.enscmu.uha.fr\/index.php\/international\/venir-de-letranger\/","url":"https:\/\/www.enscmu.uha.fr\/index.php\/international\/venir-de-letranger\/","name":"VENIR DE L'\u00c9TRANGER - ENSCMu","isPartOf":{"@id":"https:\/\/www.enscmu.uha.fr\/#website"},"datePublished":"2017-12-12T14:54:27+00:00","dateModified":"2025-11-24T10:34:45+00:00","breadcrumb":{"@id":"https:\/\/www.enscmu.uha.fr\/index.php\/international\/venir-de-letranger\/#breadcrumb"},"inLanguage":"fr-FR","potentialAction":[{"@type":"ReadAction","target":["https:\/\/www.enscmu.uha.fr\/index.php\/international\/venir-de-letranger\/"]}]},{"@type":"BreadcrumbList","@id":"https:\/\/www.enscmu.uha.fr\/index.php\/international\/venir-de-letranger\/#breadcrumb","itemListElement":[{"@type":"ListItem","position":1,"name":"Accueil","item":"https:\/\/www.enscmu.uha.fr\/"},{"@type":"ListItem","position":2,"name":"INTERNATIONAL","item":"https:\/\/www.enscmu.uha.fr\/index.php\/international\/"},{"@type":"ListItem","position":3,"name":"VENIR DE L&rsquo;\u00c9TRANGER"}]},{"@type":"WebSite","@id":"https:\/\/www.enscmu.uha.fr\/#website","url":"https:\/\/www.enscmu.uha.fr\/","name":"ENSCMu | \u00c9cole Nationale Sup\u00e9rieure de Chimie de Mulhouse","description":"Campus Illberg | Universit\u00e9 de Haute-Alsace","potentialAction":[{"@type":"SearchAction","target":{"@type":"EntryPoint","urlTemplate":"https:\/\/www.enscmu.uha.fr\/?s={search_term_string}"},"query-input":{"@type":"PropertyValueSpecification","valueRequired":true,"valueName":"search_term_string"}}],"inLanguage":"fr-FR"}]}},"_links":{"self":[{"href":"https:\/\/www.enscmu.uha.fr\/index.php\/wp-json\/wp\/v2\/pages\/57","targetHints":{"allow":["GET"]}}],"collection":[{"href":"https:\/\/www.enscmu.uha.fr\/index.php\/wp-json\/wp\/v2\/pages"}],"about":[{"href":"https:\/\/www.enscmu.uha.fr\/index.php\/wp-json\/wp\/v2\/types\/page"}],"author":[{"embeddable":true,"href":"https:\/\/www.enscmu.uha.fr\/index.php\/wp-json\/wp\/v2\/users\/1"}],"replies":[{"embeddable":true,"href":"https:\/\/www.enscmu.uha.fr\/index.php\/wp-json\/wp\/v2\/comments?post=57"}],"version-history":[{"count":29,"href":"https:\/\/www.enscmu.uha.fr\/index.php\/wp-json\/wp\/v2\/pages\/57\/revisions"}],"predecessor-version":[{"id":5739,"href":"https:\/\/www.enscmu.uha.fr\/index.php\/wp-json\/wp\/v2\/pages\/57\/revisions\/5739"}],"up":[{"embeddable":true,"href":"https:\/\/www.enscmu.uha.fr\/index.php\/wp-json\/wp\/v2\/pages\/51"}],"wp:attachment":[{"href":"https:\/\/www.enscmu.uha.fr\/index.php\/wp-json\/wp\/v2\/media?parent=57"}],"wp:term":[{"taxonomy":"category","embeddable":true,"href":"https:\/\/www.enscmu.uha.fr\/index.php\/wp-json\/wp\/v2\/categories?post=57"},{"taxonomy":"post_tag","embeddable":true,"href":"https:\/\/www.enscmu.uha.fr\/index.php\/wp-json\/wp\/v2\/tags?post=57"}],"curies":[{"name":"wp","href":"https:\/\/api.w.org\/{rel}","templated":true}]}}