{"id":59,"date":"2017-12-12T15:54:41","date_gmt":"2017-12-12T14:54:41","guid":{"rendered":"https:\/\/www.enscmu.uha.fr\/?page_id=59"},"modified":"2026-03-17T10:46:53","modified_gmt":"2026-03-17T09:46:53","slug":"relations-entreprises","status":"publish","type":"page","link":"https:\/\/www.enscmu.uha.fr\/index.php\/relations-entreprises\/","title":{"rendered":"RELATIONS ENTREPRISES"},"content":{"rendered":"<div class=\"deflex main\" style=\"display: flex;\">\n<div class=\"deborder\" style=\"width: 70%; margin-left: auto; margin-right: auto; padding-right: 5%;\">\n<h1>Chimie Mulhouse, une \u00e9cole d\u2019ing\u00e9nieur polyvalente en chimie<\/h1>\n<p>Chimie analytique, chimie inorganique, chimie organique, chimie physique, cosm\u00e9tologie, environnement, formulation, mat\u00e9riaux polym\u00e8res, s\u00e9curit\u00e9\u2026<\/p>\n[su_you<div class=\"su-youtube su-u-responsive-media-yes\"><iframe loading=\"lazy\" width=\"600\" height=\"400\" src=\"https:\/\/www.youtube.com\/embed\/zF5ea6xdrsc?\" frameborder=\"0\" allowfullscreen allow=\"autoplay; encrypted-media; picture-in-picture\" title=\"\"><\/iframe><\/div>\n<h1>Le milieu professionnel fortement impliqu\u00e9 dans la formation \u00e0 l\u2019ENSCMu :<\/h1>\n<ul>\n<li>Une soixantaine d\u2019intervenants majoritairement issus du monde socio-\u00e9conomique dispensent des enseignements.<\/li>\n<li>Des professionnels participent aux conseils de l\u2019ENSCMu.<\/li>\n<li>Des conf\u00e9rences et rencontres avec des entreprises et des professionnels dipl\u00f4m\u00e9s de l\u2019ENSCMu sont organis\u00e9es tout au long de l\u2019ann\u00e9e par l\u2019\u00e9cole et l\u2019<a href=\"http:\/\/www.chimiemulhouse.fr\/\" target=\"_blank\" rel=\"noopener noreferrer\">Amicale Chimie Mulhouse<\/a>, association des anciens \u00e9l\u00e8ves. Certaines sont le fruit de notre collaboration avec nos <a href=\"https:\/\/www.enscmu.uha.fr\/index.php\/relations-entreprises\/partenariats\/\">partenaires entreprises<\/a>.<\/li>\n<li>De nombreuses entreprises partenaires <a href=\"https:\/\/www.enscmu.uha.fr\/index.php\/relations-entreprises\/depot-doffres-de-stages\/\">accueillent nos stagiaires<\/a> chaque ann\u00e9e et <a href=\"https:\/\/www.enscmu.uha.fr\/index.php\/relations-entreprises\/depot-doffres-demploi\/\">recrutent nos ing\u00e9nieurs<\/a>. Depuis la rentr\u00e9e 2020, elles accueillent aussi nos \u00e9l\u00e8ves en <a href=\"https:\/\/www.enscmu.uha.fr\/index.php\/projet-contrat-de-professionnalisation\/\">contrat de professionnalisation<\/a>.<\/li>\n<li>Les entreprises ont acc\u00e8s aux prestations propos\u00e9es par l&rsquo;association \u00e9tudiante de l\u2019ENSCMu, Horizons Alsace Chimie, assurant depuis une dizaine d\u2019ann\u00e9es des prestations de service aux entreprises.<\/li>\n<li>Les entreprises peuvent nous soutenir \u00e0 travers la <a href=\"https:\/\/www.enscmu.uha.fr\/index.php\/relations-entreprises\/taxe-dapprentissage\/\">taxe d\u2019apprentissage<\/a>.<\/li>\n<\/ul>\n<p>&nbsp;<\/p>\n<\/div>\n<div style=\"width: 27.5%; margin-left: auto; margin-right: auto;\">\n<div class=\"su-service\"><div class=\"su-service-title\" style=\"padding-left:46px;min-height:32px;line-height:32px\"><i class=\"sui sui-download\" style=\"font-size:32px;color:#CE0075\"><\/i> A t\u00e9l\u00e9charger<\/div><div class=\"su-service-content su-u-clearfix su-u-trim\" style=\"padding-left:46px\"><a href=\"https:\/\/www.enscmu.uha.fr\/wp-content\/uploads\/2024\/10\/ENSCMu_plaquette-entreprise_2024.pdf\" target=\"_blank\" rel=\"noopener noreferrer\">Plaquette relations entreprises<\/a><\/div><\/div>\n<\/div>\n<\/div>\n","protected":false},"excerpt":{"rendered":"<p>Chimie Mulhouse, une \u00e9cole d\u2019ing\u00e9nieur polyvalente en chimie Chimie analytique, chimie inorganique, chimie organique, chimie physique, cosm\u00e9tologie, environnement, formulation, mat\u00e9riaux polym\u00e8res, s\u00e9curit\u00e9\u2026 [su_you Le milieu professionnel fortement impliqu\u00e9 dans la formation \u00e0 l\u2019ENSCMu : Une soixantaine d\u2019intervenants majoritairement issus du monde socio-\u00e9conomique dispensent des enseignements. Des professionnels participent aux conseils de l\u2019ENSCMu. Des conf\u00e9rences et [&hellip;]<\/p>\n","protected":false},"author":1,"featured_media":257,"parent":0,"menu_order":0,"comment_status":"closed","ping_status":"closed","template":"","meta":{"footnotes":""},"categories":[6],"tags":[],"class_list":["post-59","page","type-page","status-publish","has-post-thumbnail","hentry","category-entreprises-partenaires"],"yoast_head":"<!-- This site is optimized with the Yoast SEO plugin v27.4 - https:\/\/yoast.com\/product\/yoast-seo-wordpress\/ -->\n<title>RELATIONS ENTREPRISES - ENSCMu<\/title>\n<meta name=\"robots\" content=\"index, follow, max-snippet:-1, max-image-preview:large, max-video-preview:-1\" \/>\n<link rel=\"canonical\" href=\"https:\/\/www.enscmu.uha.fr\/index.php\/relations-entreprises\/\" \/>\n<meta property=\"og:locale\" content=\"fr_FR\" \/>\n<meta property=\"og:type\" content=\"article\" \/>\n<meta property=\"og:title\" content=\"RELATIONS ENTREPRISES - ENSCMu\" \/>\n<meta property=\"og:description\" content=\"Chimie Mulhouse, une \u00e9cole d\u2019ing\u00e9nieur polyvalente en chimie Chimie analytique, chimie inorganique, chimie organique, chimie physique, cosm\u00e9tologie, environnement, formulation, mat\u00e9riaux polym\u00e8res, s\u00e9curit\u00e9\u2026 [su_you Le milieu professionnel fortement impliqu\u00e9 dans la formation \u00e0 l\u2019ENSCMu : Une soixantaine d\u2019intervenants majoritairement issus du monde socio-\u00e9conomique dispensent des enseignements. Des professionnels participent aux conseils de l\u2019ENSCMu. Des conf\u00e9rences et [&hellip;]\" \/>\n<meta property=\"og:url\" content=\"https:\/\/www.enscmu.uha.fr\/index.php\/relations-entreprises\/\" \/>\n<meta property=\"og:site_name\" content=\"ENSCMu | \u00c9cole Nationale Sup\u00e9rieure de Chimie de Mulhouse\" \/>\n<meta property=\"article:modified_time\" content=\"2026-03-17T09:46:53+00:00\" \/>\n<meta property=\"og:image\" content=\"https:\/\/www.enscmu.uha.fr\/wp-content\/uploads\/2017\/12\/ENSCMu-travaux-pratiques-chimie-macromoleculaire\u00a9GregoryTachet.jpg\" \/>\n\t<meta property=\"og:image:width\" content=\"1181\" \/>\n\t<meta property=\"og:image:height\" content=\"788\" \/>\n\t<meta property=\"og:image:type\" content=\"image\/jpeg\" \/>\n<meta name=\"twitter:card\" content=\"summary_large_image\" \/>\n<meta name=\"twitter:label1\" content=\"Dur\u00e9e de lecture estim\u00e9e\" \/>\n\t<meta name=\"twitter:data1\" content=\"2 minutes\" \/>\n<script type=\"application\/ld+json\" class=\"yoast-schema-graph\">{\"@context\":\"https:\\\/\\\/schema.org\",\"@graph\":[{\"@type\":\"WebPage\",\"@id\":\"https:\\\/\\\/www.enscmu.uha.fr\\\/index.php\\\/relations-entreprises\\\/\",\"url\":\"https:\\\/\\\/www.enscmu.uha.fr\\\/index.php\\\/relations-entreprises\\\/\",\"name\":\"RELATIONS ENTREPRISES - ENSCMu\",\"isPartOf\":{\"@id\":\"https:\\\/\\\/www.enscmu.uha.fr\\\/#website\"},\"primaryImageOfPage\":{\"@id\":\"https:\\\/\\\/www.enscmu.uha.fr\\\/index.php\\\/relations-entreprises\\\/#primaryimage\"},\"image\":{\"@id\":\"https:\\\/\\\/www.enscmu.uha.fr\\\/index.php\\\/relations-entreprises\\\/#primaryimage\"},\"thumbnailUrl\":\"https:\\\/\\\/www.enscmu.uha.fr\\\/wp-content\\\/uploads\\\/2017\\\/12\\\/ENSCMu-travaux-pratiques-chimie-macromoleculaire\u00a9GregoryTachet.jpg\",\"datePublished\":\"2017-12-12T14:54:41+00:00\",\"dateModified\":\"2026-03-17T09:46:53+00:00\",\"breadcrumb\":{\"@id\":\"https:\\\/\\\/www.enscmu.uha.fr\\\/index.php\\\/relations-entreprises\\\/#breadcrumb\"},\"inLanguage\":\"fr-FR\",\"potentialAction\":[{\"@type\":\"ReadAction\",\"target\":[\"https:\\\/\\\/www.enscmu.uha.fr\\\/index.php\\\/relations-entreprises\\\/\"]}]},{\"@type\":\"ImageObject\",\"inLanguage\":\"fr-FR\",\"@id\":\"https:\\\/\\\/www.enscmu.uha.fr\\\/index.php\\\/relations-entreprises\\\/#primaryimage\",\"url\":\"https:\\\/\\\/www.enscmu.uha.fr\\\/wp-content\\\/uploads\\\/2017\\\/12\\\/ENSCMu-travaux-pratiques-chimie-macromoleculaire\u00a9GregoryTachet.jpg\",\"contentUrl\":\"https:\\\/\\\/www.enscmu.uha.fr\\\/wp-content\\\/uploads\\\/2017\\\/12\\\/ENSCMu-travaux-pratiques-chimie-macromoleculaire\u00a9GregoryTachet.jpg\",\"width\":1181,\"height\":788,\"caption\":\"\u00a9GregoryTachet\"},{\"@type\":\"BreadcrumbList\",\"@id\":\"https:\\\/\\\/www.enscmu.uha.fr\\\/index.php\\\/relations-entreprises\\\/#breadcrumb\",\"itemListElement\":[{\"@type\":\"ListItem\",\"position\":1,\"name\":\"Accueil\",\"item\":\"https:\\\/\\\/www.enscmu.uha.fr\\\/\"},{\"@type\":\"ListItem\",\"position\":2,\"name\":\"RELATIONS ENTREPRISES\"}]},{\"@type\":\"WebSite\",\"@id\":\"https:\\\/\\\/www.enscmu.uha.fr\\\/#website\",\"url\":\"https:\\\/\\\/www.enscmu.uha.fr\\\/\",\"name\":\"ENSCMu | \u00c9cole Nationale Sup\u00e9rieure de Chimie de Mulhouse\",\"description\":\"Campus Illberg | Universit\u00e9 de Haute-Alsace\",\"potentialAction\":[{\"@type\":\"SearchAction\",\"target\":{\"@type\":\"EntryPoint\",\"urlTemplate\":\"https:\\\/\\\/www.enscmu.uha.fr\\\/?s={search_term_string}\"},\"query-input\":{\"@type\":\"PropertyValueSpecification\",\"valueRequired\":true,\"valueName\":\"search_term_string\"}}],\"inLanguage\":\"fr-FR\"}]}<\/script>\n<!-- \/ Yoast SEO plugin. -->","yoast_head_json":{"title":"RELATIONS ENTREPRISES - ENSCMu","robots":{"index":"index","follow":"follow","max-snippet":"max-snippet:-1","max-image-preview":"max-image-preview:large","max-video-preview":"max-video-preview:-1"},"canonical":"https:\/\/www.enscmu.uha.fr\/index.php\/relations-entreprises\/","og_locale":"fr_FR","og_type":"article","og_title":"RELATIONS ENTREPRISES - ENSCMu","og_description":"Chimie Mulhouse, une \u00e9cole d\u2019ing\u00e9nieur polyvalente en chimie Chimie analytique, chimie inorganique, chimie organique, chimie physique, cosm\u00e9tologie, environnement, formulation, mat\u00e9riaux polym\u00e8res, s\u00e9curit\u00e9\u2026 [su_you Le milieu professionnel fortement impliqu\u00e9 dans la formation \u00e0 l\u2019ENSCMu : Une soixantaine d\u2019intervenants majoritairement issus du monde socio-\u00e9conomique dispensent des enseignements. Des professionnels participent aux conseils de l\u2019ENSCMu. Des conf\u00e9rences et [&hellip;]","og_url":"https:\/\/www.enscmu.uha.fr\/index.php\/relations-entreprises\/","og_site_name":"ENSCMu | \u00c9cole Nationale Sup\u00e9rieure de Chimie de Mulhouse","article_modified_time":"2026-03-17T09:46:53+00:00","og_image":[{"width":1181,"height":788,"url":"https:\/\/www.enscmu.uha.fr\/wp-content\/uploads\/2017\/12\/ENSCMu-travaux-pratiques-chimie-macromoleculaire\u00a9GregoryTachet.jpg","type":"image\/jpeg"}],"twitter_card":"summary_large_image","twitter_misc":{"Dur\u00e9e de lecture estim\u00e9e":"2 minutes"},"schema":{"@context":"https:\/\/schema.org","@graph":[{"@type":"WebPage","@id":"https:\/\/www.enscmu.uha.fr\/index.php\/relations-entreprises\/","url":"https:\/\/www.enscmu.uha.fr\/index.php\/relations-entreprises\/","name":"RELATIONS ENTREPRISES - ENSCMu","isPartOf":{"@id":"https:\/\/www.enscmu.uha.fr\/#website"},"primaryImageOfPage":{"@id":"https:\/\/www.enscmu.uha.fr\/index.php\/relations-entreprises\/#primaryimage"},"image":{"@id":"https:\/\/www.enscmu.uha.fr\/index.php\/relations-entreprises\/#primaryimage"},"thumbnailUrl":"https:\/\/www.enscmu.uha.fr\/wp-content\/uploads\/2017\/12\/ENSCMu-travaux-pratiques-chimie-macromoleculaire\u00a9GregoryTachet.jpg","datePublished":"2017-12-12T14:54:41+00:00","dateModified":"2026-03-17T09:46:53+00:00","breadcrumb":{"@id":"https:\/\/www.enscmu.uha.fr\/index.php\/relations-entreprises\/#breadcrumb"},"inLanguage":"fr-FR","potentialAction":[{"@type":"ReadAction","target":["https:\/\/www.enscmu.uha.fr\/index.php\/relations-entreprises\/"]}]},{"@type":"ImageObject","inLanguage":"fr-FR","@id":"https:\/\/www.enscmu.uha.fr\/index.php\/relations-entreprises\/#primaryimage","url":"https:\/\/www.enscmu.uha.fr\/wp-content\/uploads\/2017\/12\/ENSCMu-travaux-pratiques-chimie-macromoleculaire\u00a9GregoryTachet.jpg","contentUrl":"https:\/\/www.enscmu.uha.fr\/wp-content\/uploads\/2017\/12\/ENSCMu-travaux-pratiques-chimie-macromoleculaire\u00a9GregoryTachet.jpg","width":1181,"height":788,"caption":"\u00a9GregoryTachet"},{"@type":"BreadcrumbList","@id":"https:\/\/www.enscmu.uha.fr\/index.php\/relations-entreprises\/#breadcrumb","itemListElement":[{"@type":"ListItem","position":1,"name":"Accueil","item":"https:\/\/www.enscmu.uha.fr\/"},{"@type":"ListItem","position":2,"name":"RELATIONS ENTREPRISES"}]},{"@type":"WebSite","@id":"https:\/\/www.enscmu.uha.fr\/#website","url":"https:\/\/www.enscmu.uha.fr\/","name":"ENSCMu | \u00c9cole Nationale Sup\u00e9rieure de Chimie de Mulhouse","description":"Campus Illberg | Universit\u00e9 de Haute-Alsace","potentialAction":[{"@type":"SearchAction","target":{"@type":"EntryPoint","urlTemplate":"https:\/\/www.enscmu.uha.fr\/?s={search_term_string}"},"query-input":{"@type":"PropertyValueSpecification","valueRequired":true,"valueName":"search_term_string"}}],"inLanguage":"fr-FR"}]}},"_links":{"self":[{"href":"https:\/\/www.enscmu.uha.fr\/index.php\/wp-json\/wp\/v2\/pages\/59","targetHints":{"allow":["GET"]}}],"collection":[{"href":"https:\/\/www.enscmu.uha.fr\/index.php\/wp-json\/wp\/v2\/pages"}],"about":[{"href":"https:\/\/www.enscmu.uha.fr\/index.php\/wp-json\/wp\/v2\/types\/page"}],"author":[{"embeddable":true,"href":"https:\/\/www.enscmu.uha.fr\/index.php\/wp-json\/wp\/v2\/users\/1"}],"replies":[{"embeddable":true,"href":"https:\/\/www.enscmu.uha.fr\/index.php\/wp-json\/wp\/v2\/comments?post=59"}],"version-history":[{"count":26,"href":"https:\/\/www.enscmu.uha.fr\/index.php\/wp-json\/wp\/v2\/pages\/59\/revisions"}],"predecessor-version":[{"id":2094,"href":"https:\/\/www.enscmu.uha.fr\/index.php\/wp-json\/wp\/v2\/pages\/59\/revisions\/2094"}],"wp:featuredmedia":[{"embeddable":true,"href":"https:\/\/www.enscmu.uha.fr\/index.php\/wp-json\/wp\/v2\/media\/257"}],"wp:attachment":[{"href":"https:\/\/www.enscmu.uha.fr\/index.php\/wp-json\/wp\/v2\/media?parent=59"}],"wp:term":[{"taxonomy":"category","embeddable":true,"href":"https:\/\/www.enscmu.uha.fr\/index.php\/wp-json\/wp\/v2\/categories?post=59"},{"taxonomy":"post_tag","embeddable":true,"href":"https:\/\/www.enscmu.uha.fr\/index.php\/wp-json\/wp\/v2\/tags?post=59"}],"curies":[{"name":"wp","href":"https:\/\/api.w.org\/{rel}","templated":true}]}}