{"id":5937,"date":"2026-03-03T15:42:13","date_gmt":"2026-03-03T14:42:13","guid":{"rendered":"https:\/\/www.enscmu.uha.fr\/?page_id=5937"},"modified":"2026-03-17T11:04:12","modified_gmt":"2026-03-17T10:04:12","slug":"taxe-dapprentissage","status":"publish","type":"page","link":"https:\/\/www.enscmu.uha.fr\/index.php\/relations-entreprises\/taxe-dapprentissage\/","title":{"rendered":"TAXE D&rsquo;APPRENTISSAGE"},"content":{"rendered":"<div class=\"deflex main\" style=\"display: flex;\">\n<div class=\"deborder\" style=\"width: 70%; margin-left: auto; margin-right: auto; padding-right: 5%;\">\n<h1>L&rsquo;ENSCMu, un choix strat\u00e9gique pour le versement de votre taxe d&rsquo;apprentissage.<\/h1>\n<p><img loading=\"lazy\" decoding=\"async\" class=\"alignnone wp-image-5940 size-large\" src=\"https:\/\/www.enscmu.uha.fr\/wp-content\/uploads\/2026\/03\/TA2026_ENSCMu_Cover-1024x529.jpg\" alt=\"\" width=\"750\" height=\"387\" srcset=\"https:\/\/www.enscmu.uha.fr\/wp-content\/uploads\/2026\/03\/TA2026_ENSCMu_Cover-1024x529.jpg 1024w, https:\/\/www.enscmu.uha.fr\/wp-content\/uploads\/2026\/03\/TA2026_ENSCMu_Cover-300x155.jpg 300w, https:\/\/www.enscmu.uha.fr\/wp-content\/uploads\/2026\/03\/TA2026_ENSCMu_Cover-768x397.jpg 768w, https:\/\/www.enscmu.uha.fr\/wp-content\/uploads\/2026\/03\/TA2026_ENSCMu_Cover-1536x794.jpg 1536w, https:\/\/www.enscmu.uha.fr\/wp-content\/uploads\/2026\/03\/TA2026_ENSCMu_Cover.jpg 1800w\" sizes=\"auto, (max-width: 750px) 100vw, 750px\" \/><\/p>\n<p>L\u2019engagement de l&rsquo;ENSCMu : proposer une formation d&rsquo;ing\u00e9nieur chimiste d&rsquo;excellence en constante progression, pour r\u00e9pondre aux besoins \u00e9volutifs des entreprises.<\/p>\n<p id=\"isPasted\" class=\"default\"><img loading=\"lazy\" decoding=\"async\" class=\"size-medium wp-image-5625 alignleft\" src=\"https:\/\/www.enscmu.uha.fr\/wp-content\/uploads\/2025\/09\/ENSCMu_20250910_plateforme-Lean-300x200.jpg\" alt=\"\" width=\"300\" height=\"200\" srcset=\"https:\/\/www.enscmu.uha.fr\/wp-content\/uploads\/2025\/09\/ENSCMu_20250910_plateforme-Lean-300x200.jpg 300w, https:\/\/www.enscmu.uha.fr\/wp-content\/uploads\/2025\/09\/ENSCMu_20250910_plateforme-Lean-1024x682.jpg 1024w, https:\/\/www.enscmu.uha.fr\/wp-content\/uploads\/2025\/09\/ENSCMu_20250910_plateforme-Lean-768x512.jpg 768w, https:\/\/www.enscmu.uha.fr\/wp-content\/uploads\/2025\/09\/ENSCMu_20250910_plateforme-Lean-1536x1024.jpg 1536w, https:\/\/www.enscmu.uha.fr\/wp-content\/uploads\/2025\/09\/ENSCMu_20250910_plateforme-Lean.jpg 1772w\" sizes=\"auto, (max-width: 300px) 100vw, 300px\" \/>En 2025, l&rsquo;ENSCMu a notamment d\u00e9ploy\u00e9 une <a href=\"https:\/\/www.enscmu.uha.fr\/index.php\/2025\/10\/27\/lenscmu-a-inaugure-sa-plateforme-lean-excellence-5-0\/\">plateforme d&rsquo;enseignement du Lean Management 5.0<\/a>, conduisant \u00e0 la certification Lean Green Belt de nos apprentis. <strong>C&rsquo;est l&rsquo;une des valeurs ajout\u00e9es de la formation d&rsquo;ing\u00e9nieurs chimistes \u00e0 l&rsquo;ENSCMu<\/strong>, qui est\u00a0<a href=\"https:\/\/www.enscmu.uha.fr\/index.php\/lenscmu\/label-qualite-iso-9001\/\">certifi\u00e9e ISO 9001<\/a> par l&rsquo;Afnor.<\/p>\n<p>&nbsp;<\/p>\n<h2>Avec l&rsquo;ENSCMu, transformez une obligation en investissement durable.<\/h2>\n<p class=\"default\">Vous pouvez contribuer au d\u00e9veloppement et aux \u00e9volutions de l\u2019\u00e9cole et investir dans la formation de vos futurs ing\u00e9nieurs chimistes \u00e0 travers la taxe d\u2019apprentissage, que l&rsquo;ENSCMu est habilit\u00e9e \u00e0 percevoir. Cette derni\u00e8re est un imp\u00f4t vers\u00e9 par les entreprises, qui peut \u00eatre fl\u00e9ch\u00e9 en totalit\u00e9 ou en partie vers une ou plusieurs structures d\u2019enseignement.<\/p>\n<h1>Que fait-on avec la taxe d\u2019apprentissage ?<\/h1>\n<p>Votre taxe d\u2019apprentissage est consacr\u00e9e \u00e0 la p\u00e9dagogie. Par exemple, elle a permis \u00e0 l\u2019\u00e9cole ces derni\u00e8res ann\u00e9es :<\/p>\n<ul>\n<li>d\u2019acqu\u00e9rir de nouveaux \u00e9quipements de travaux pratiques et informatiques (acc\u00e9dez \u00e0 la <a href=\"https:\/\/www.enscmu.uha.fr\/visiteenscmu\/\" target=\"_blank\" rel=\"noopener noreferrer\">visite virtuelle<\/a> pour voir les salles de TP et autres infrastructures de l&rsquo;ENSCMu),<\/li>\n<li>de financer un programme de coaching des \u00e9l\u00e8ves par des intervenants issus du monde industriel dans le cadre de l\u2019\u00e9laboration de leur projet professionnel,<\/li>\n<li>de soutenir les projets p\u00e9dagogiques et associatifs des \u00e9l\u00e8ves,<\/li>\n<li>de coorganiser les <a href=\"https:\/\/www.rencontresdelachimie.fr\" target=\"_blank\" rel=\"noopener\">Rencontres de la Chimie<\/a>,<\/li>\n<li>de mettre en place une <a href=\"https:\/\/www.enscmu.uha.fr\/wp-content\/uploads\/2026\/02\/ENSCMu_plaquette_chaire_T2i_2026.pdf\">chaire d&rsquo;enseignement <em>Transformation et innovation industrielle<\/em><\/a>&#8230;<\/li>\n<\/ul>\n<h1>Chimie Mulhouse, cr\u00e9\u00e9e par et pour les entreprises<\/h1>\n<p>L&rsquo;ENSCMu est la 1<sup>re<\/sup> \u00e9cole de chimie cr\u00e9\u00e9e en France par les entreprises, il y a plus de 200 ans.<br \/>\nCe lien est notre raison d\u2019\u00eatre : projets entreprises-\u00e9l\u00e8ves \/\/ accueil d\u2019\u00e9l\u00e8ves en stage, en <a href=\"https:\/\/www.enscmu.uha.fr\/index.php\/projet-contrat-de-professionnalisation\/\" target=\"_blank\" rel=\"noopener\">contrat de professionnalisation<\/a>, en <a href=\"https:\/\/www.enscmu.uha.fr\/index.php\/formation\/cycle-ingenieur-en-apprentissage\/\">apprentissage<\/a> \/\/Horizons Alsace Chimie \/\/ recrutement de jeunes dipl\u00f4m\u00e9s&#8230;<\/p>\n<p>Outre la taxe d&rsquo;apprentissage, les entreprises ont d&rsquo;autres moyens d&rsquo;investir dans la formation de leurs futurs collaborateurs. En devenant partenaire \u00e0 travers une convention, elles peuvent profiter d&rsquo;un statut aux nombreux avantages (diffusion de vos offres de stage et emplois, parrainage d&rsquo;une promotion au nom de votre entreprise, visibilit\u00e9 sur nos supports et r\u00e9seaux&#8230;).<\/p>\n<p>En savoir plus sur les <a href=\"https:\/\/www.enscmu.uha.fr\/index.php\/relations-entreprises\/partenariats\/\">partenariats de l&rsquo;ENSCMu<\/a>.<\/p>\n<h1><strong>Comment effectuer le versement ?<\/strong><\/h1>\n<p>La part principale de taxe d&rsquo;apprentissage doit \u00eatre d\u00e9clar\u00e9e aupr\u00e8s de l&rsquo;Urssaf par le biais de la <strong>d\u00e9claration sociale nominative (DSN)<\/strong>. Suite \u00e0 leur d\u00e9claration en DSN, les employeurs redevables du solde de la taxe d\u2019apprentissage peuvent se connecter \u00e0 la plateforme SOLT\u00e9A pour affecter tout ou partie du solde de leur taxe d\u2019apprentissage \u00e0 un ou plusieurs \u00e9tablissements habilit\u00e9s.<\/p>\n<p>Vous souhaitez participer au d\u00e9veloppement de la premi\u00e8re \u00e9cole de chimie cr\u00e9\u00e9e en France gr\u00e2ce au versement de la taxe d\u2019apprentissage ? Voici la marche \u00e0 suivre :<\/p>\n<p><strong>Votre entreprise est install\u00e9e hors Alsace <\/strong><\/p>\n<p><strong>\u00c9tape 1 :<\/strong> rendez-vous sur <a href=\"https:\/\/www.soltea.gouv.fr\/espace-public\/\">SOLT\u00e9A<\/a> et connectez-vous pour fl\u00e9cher votre solde.<\/p>\n<p><strong>\u00c9tape 2 :<\/strong> indiquez le num\u00e9ro Siret de l\u2019Universit\u00e9 de Haute-Alsace : <strong>196 811 665 00013<\/strong>.<\/p>\n<p><strong>\u00c9tape 3 : <\/strong>identifiez l\u2019ENSCMu dans le moteur de recherche <strong>(code UAI 0680097L) <\/strong>puis renseignez les cr\u00e9dits que vous souhaitez affecter \u00e0 notre \u00e9tablissement.<\/p>\n<p>&nbsp;<\/p>\n<p><strong>Votre entreprise est install\u00e9e en Alsace<\/strong><\/p>\n<p><strong>\u00c9tape 1 :<\/strong> rendez-vous sur <a href=\"https:\/\/www.soltea.gouv.fr\/espace-public\/\">SOLT\u00e9A<\/a> et connectez-vous pour fl\u00e9cher votre solde.<\/p>\n<p><strong>\u00c9tape 2 :<\/strong> indiquez le num\u00e9ro Siret de l\u2019Universit\u00e9 de Haute-Alsace : <strong>196 811 665 00013<\/strong>.<\/p>\n<p>Votre contribution sera dirig\u00e9e dans un pot commun g\u00e9r\u00e9 par l\u2019UHA avant une redistribution aux diff\u00e9rentes composantes.<\/p>\n<p><strong>La campagne de versement 2026 de la taxe d\u2019apprentissage est ouverte du 15 avril au 15 octobre 2026.<\/strong><\/p>\n<p>&nbsp;<\/p>\n<div class=\"su-youtube su-u-responsive-media-yes\"><iframe loading=\"lazy\" width=\"600\" height=\"400\" src=\"https:\/\/www.youtube.com\/embed\/zF5ea6xdrsc?\" frameborder=\"0\" allowfullscreen allow=\"autoplay; encrypted-media; picture-in-picture\" title=\"\"><\/iframe><\/div>\n<\/div>\n<div style=\"width: 27.5%; margin-left: auto; margin-right: auto;\">Contact : Estelle LENA, relations entreprises, emploi et taxe d\u2019apprentissage<br \/>\nT\u00e9l. : +33 (0)3 89 33 68 43<br \/>\nCourriel : <a href=\"mailto:estelle.lena@uha.fr\">estelle.lena@uha.fr<\/a><div class=\"su-service\"><div class=\"su-service-title\" style=\"padding-left:46px;min-height:32px;line-height:32px\"><i class=\"sui sui-download\" style=\"font-size:32px;color:#CE0075\"><\/i> A consulter<\/div><div class=\"su-service-content su-u-clearfix su-u-trim\" style=\"padding-left:46px\"><a href=\"https:\/\/fisd8.r.ag.d.sendibm3.com\/mk\/mr\/sh\/OycXxko2a8zXNWXpMUaJGWvw\/4onh2YqklXyD\" target=\"_blank\" rel=\"noopener\">ENSCMu &#8211; taxe d&rsquo;apprentissage 2026<\/a><\/div><\/div><div class=\"su-service\"><div class=\"su-service-title\" style=\"padding-left:46px;min-height:32px;line-height:32px\"><i class=\"sui sui-download\" style=\"font-size:32px;color:#CE0075\"><\/i> A visionner<\/div><div class=\"su-service-content su-u-clearfix su-u-trim\" style=\"padding-left:46px\"><a href=\"https:\/\/youtu.be\/ODEVb6OKAxE\" target=\"_blank\" rel=\"noopener noreferrer\">ENSCMu &#8211; pr\u00e9sentation 3 min<\/a><\/div><\/div><\/div>\n<\/div>\n<p>&nbsp;<\/p>\n","protected":false},"excerpt":{"rendered":"<p>L&rsquo;ENSCMu, un choix strat\u00e9gique pour le versement de votre taxe d&rsquo;apprentissage. L\u2019engagement de l&rsquo;ENSCMu : proposer une formation d&rsquo;ing\u00e9nieur chimiste d&rsquo;excellence en constante progression, pour r\u00e9pondre aux besoins \u00e9volutifs des entreprises. En 2025, l&rsquo;ENSCMu a notamment d\u00e9ploy\u00e9 une plateforme d&rsquo;enseignement du Lean Management 5.0, conduisant \u00e0 la certification Lean Green Belt de nos apprentis. C&rsquo;est [&hellip;]<\/p>\n","protected":false},"author":2,"featured_media":0,"parent":59,"menu_order":5,"comment_status":"closed","ping_status":"closed","template":"","meta":{"footnotes":""},"categories":[6],"tags":[],"class_list":["post-5937","page","type-page","status-publish","hentry","category-entreprises-partenaires"],"yoast_head":"<!-- This site is optimized with the Yoast SEO plugin v27.0 - https:\/\/yoast.com\/product\/yoast-seo-wordpress\/ -->\n<title>TAXE D&#039;APPRENTISSAGE - ENSCMu<\/title>\n<meta name=\"robots\" content=\"index, follow, max-snippet:-1, max-image-preview:large, max-video-preview:-1\" \/>\n<link rel=\"canonical\" href=\"https:\/\/www.enscmu.uha.fr\/index.php\/relations-entreprises\/taxe-dapprentissage\/\" \/>\n<meta property=\"og:locale\" content=\"fr_FR\" \/>\n<meta property=\"og:type\" content=\"article\" \/>\n<meta property=\"og:title\" content=\"TAXE D&#039;APPRENTISSAGE - ENSCMu\" \/>\n<meta property=\"og:description\" content=\"L&rsquo;ENSCMu, un choix strat\u00e9gique pour le versement de votre taxe d&rsquo;apprentissage. L\u2019engagement de l&rsquo;ENSCMu : proposer une formation d&rsquo;ing\u00e9nieur chimiste d&rsquo;excellence en constante progression, pour r\u00e9pondre aux besoins \u00e9volutifs des entreprises. En 2025, l&rsquo;ENSCMu a notamment d\u00e9ploy\u00e9 une plateforme d&rsquo;enseignement du Lean Management 5.0, conduisant \u00e0 la certification Lean Green Belt de nos apprentis. C&rsquo;est [&hellip;]\" \/>\n<meta property=\"og:url\" content=\"https:\/\/www.enscmu.uha.fr\/index.php\/relations-entreprises\/taxe-dapprentissage\/\" \/>\n<meta property=\"og:site_name\" content=\"ENSCMu | \u00c9cole Nationale Sup\u00e9rieure de Chimie de Mulhouse\" \/>\n<meta property=\"article:modified_time\" content=\"2026-03-17T10:04:12+00:00\" \/>\n<meta property=\"og:image\" content=\"https:\/\/www.enscmu.uha.fr\/wp-content\/uploads\/2026\/03\/TA2026_ENSCMu_Cover.jpg\" \/>\n\t<meta property=\"og:image:width\" content=\"1800\" \/>\n\t<meta property=\"og:image:height\" content=\"930\" \/>\n\t<meta property=\"og:image:type\" content=\"image\/jpeg\" \/>\n<meta name=\"twitter:card\" content=\"summary_large_image\" \/>\n<meta name=\"twitter:label1\" content=\"Dur\u00e9e de lecture estim\u00e9e\" \/>\n\t<meta name=\"twitter:data1\" content=\"4 minutes\" \/>\n<script type=\"application\/ld+json\" class=\"yoast-schema-graph\">{\"@context\":\"https:\/\/schema.org\",\"@graph\":[{\"@type\":\"WebPage\",\"@id\":\"https:\/\/www.enscmu.uha.fr\/index.php\/relations-entreprises\/taxe-dapprentissage\/\",\"url\":\"https:\/\/www.enscmu.uha.fr\/index.php\/relations-entreprises\/taxe-dapprentissage\/\",\"name\":\"TAXE D'APPRENTISSAGE - ENSCMu\",\"isPartOf\":{\"@id\":\"https:\/\/www.enscmu.uha.fr\/#website\"},\"primaryImageOfPage\":{\"@id\":\"https:\/\/www.enscmu.uha.fr\/index.php\/relations-entreprises\/taxe-dapprentissage\/#primaryimage\"},\"image\":{\"@id\":\"https:\/\/www.enscmu.uha.fr\/index.php\/relations-entreprises\/taxe-dapprentissage\/#primaryimage\"},\"thumbnailUrl\":\"https:\/\/www.enscmu.uha.fr\/wp-content\/uploads\/2026\/03\/TA2026_ENSCMu_Cover-1024x529.jpg\",\"datePublished\":\"2026-03-03T14:42:13+00:00\",\"dateModified\":\"2026-03-17T10:04:12+00:00\",\"breadcrumb\":{\"@id\":\"https:\/\/www.enscmu.uha.fr\/index.php\/relations-entreprises\/taxe-dapprentissage\/#breadcrumb\"},\"inLanguage\":\"fr-FR\",\"potentialAction\":[{\"@type\":\"ReadAction\",\"target\":[\"https:\/\/www.enscmu.uha.fr\/index.php\/relations-entreprises\/taxe-dapprentissage\/\"]}]},{\"@type\":\"ImageObject\",\"inLanguage\":\"fr-FR\",\"@id\":\"https:\/\/www.enscmu.uha.fr\/index.php\/relations-entreprises\/taxe-dapprentissage\/#primaryimage\",\"url\":\"https:\/\/www.enscmu.uha.fr\/wp-content\/uploads\/2026\/03\/TA2026_ENSCMu_Cover.jpg\",\"contentUrl\":\"https:\/\/www.enscmu.uha.fr\/wp-content\/uploads\/2026\/03\/TA2026_ENSCMu_Cover.jpg\",\"width\":1800,\"height\":930},{\"@type\":\"BreadcrumbList\",\"@id\":\"https:\/\/www.enscmu.uha.fr\/index.php\/relations-entreprises\/taxe-dapprentissage\/#breadcrumb\",\"itemListElement\":[{\"@type\":\"ListItem\",\"position\":1,\"name\":\"Accueil\",\"item\":\"https:\/\/www.enscmu.uha.fr\/\"},{\"@type\":\"ListItem\",\"position\":2,\"name\":\"RELATIONS ENTREPRISES\",\"item\":\"https:\/\/www.enscmu.uha.fr\/index.php\/relations-entreprises\/\"},{\"@type\":\"ListItem\",\"position\":3,\"name\":\"TAXE D&rsquo;APPRENTISSAGE\"}]},{\"@type\":\"WebSite\",\"@id\":\"https:\/\/www.enscmu.uha.fr\/#website\",\"url\":\"https:\/\/www.enscmu.uha.fr\/\",\"name\":\"ENSCMu | \u00c9cole Nationale Sup\u00e9rieure de Chimie de Mulhouse\",\"description\":\"Campus Illberg | Universit\u00e9 de Haute-Alsace\",\"potentialAction\":[{\"@type\":\"SearchAction\",\"target\":{\"@type\":\"EntryPoint\",\"urlTemplate\":\"https:\/\/www.enscmu.uha.fr\/?s={search_term_string}\"},\"query-input\":{\"@type\":\"PropertyValueSpecification\",\"valueRequired\":true,\"valueName\":\"search_term_string\"}}],\"inLanguage\":\"fr-FR\"}]}<\/script>\n<!-- \/ Yoast SEO plugin. -->","yoast_head_json":{"title":"TAXE D'APPRENTISSAGE - ENSCMu","robots":{"index":"index","follow":"follow","max-snippet":"max-snippet:-1","max-image-preview":"max-image-preview:large","max-video-preview":"max-video-preview:-1"},"canonical":"https:\/\/www.enscmu.uha.fr\/index.php\/relations-entreprises\/taxe-dapprentissage\/","og_locale":"fr_FR","og_type":"article","og_title":"TAXE D'APPRENTISSAGE - ENSCMu","og_description":"L&rsquo;ENSCMu, un choix strat\u00e9gique pour le versement de votre taxe d&rsquo;apprentissage. L\u2019engagement de l&rsquo;ENSCMu : proposer une formation d&rsquo;ing\u00e9nieur chimiste d&rsquo;excellence en constante progression, pour r\u00e9pondre aux besoins \u00e9volutifs des entreprises. En 2025, l&rsquo;ENSCMu a notamment d\u00e9ploy\u00e9 une plateforme d&rsquo;enseignement du Lean Management 5.0, conduisant \u00e0 la certification Lean Green Belt de nos apprentis. C&rsquo;est [&hellip;]","og_url":"https:\/\/www.enscmu.uha.fr\/index.php\/relations-entreprises\/taxe-dapprentissage\/","og_site_name":"ENSCMu | \u00c9cole Nationale Sup\u00e9rieure de Chimie de Mulhouse","article_modified_time":"2026-03-17T10:04:12+00:00","og_image":[{"width":1800,"height":930,"url":"https:\/\/www.enscmu.uha.fr\/wp-content\/uploads\/2026\/03\/TA2026_ENSCMu_Cover.jpg","type":"image\/jpeg"}],"twitter_card":"summary_large_image","twitter_misc":{"Dur\u00e9e de lecture estim\u00e9e":"4 minutes"},"schema":{"@context":"https:\/\/schema.org","@graph":[{"@type":"WebPage","@id":"https:\/\/www.enscmu.uha.fr\/index.php\/relations-entreprises\/taxe-dapprentissage\/","url":"https:\/\/www.enscmu.uha.fr\/index.php\/relations-entreprises\/taxe-dapprentissage\/","name":"TAXE D'APPRENTISSAGE - ENSCMu","isPartOf":{"@id":"https:\/\/www.enscmu.uha.fr\/#website"},"primaryImageOfPage":{"@id":"https:\/\/www.enscmu.uha.fr\/index.php\/relations-entreprises\/taxe-dapprentissage\/#primaryimage"},"image":{"@id":"https:\/\/www.enscmu.uha.fr\/index.php\/relations-entreprises\/taxe-dapprentissage\/#primaryimage"},"thumbnailUrl":"https:\/\/www.enscmu.uha.fr\/wp-content\/uploads\/2026\/03\/TA2026_ENSCMu_Cover-1024x529.jpg","datePublished":"2026-03-03T14:42:13+00:00","dateModified":"2026-03-17T10:04:12+00:00","breadcrumb":{"@id":"https:\/\/www.enscmu.uha.fr\/index.php\/relations-entreprises\/taxe-dapprentissage\/#breadcrumb"},"inLanguage":"fr-FR","potentialAction":[{"@type":"ReadAction","target":["https:\/\/www.enscmu.uha.fr\/index.php\/relations-entreprises\/taxe-dapprentissage\/"]}]},{"@type":"ImageObject","inLanguage":"fr-FR","@id":"https:\/\/www.enscmu.uha.fr\/index.php\/relations-entreprises\/taxe-dapprentissage\/#primaryimage","url":"https:\/\/www.enscmu.uha.fr\/wp-content\/uploads\/2026\/03\/TA2026_ENSCMu_Cover.jpg","contentUrl":"https:\/\/www.enscmu.uha.fr\/wp-content\/uploads\/2026\/03\/TA2026_ENSCMu_Cover.jpg","width":1800,"height":930},{"@type":"BreadcrumbList","@id":"https:\/\/www.enscmu.uha.fr\/index.php\/relations-entreprises\/taxe-dapprentissage\/#breadcrumb","itemListElement":[{"@type":"ListItem","position":1,"name":"Accueil","item":"https:\/\/www.enscmu.uha.fr\/"},{"@type":"ListItem","position":2,"name":"RELATIONS ENTREPRISES","item":"https:\/\/www.enscmu.uha.fr\/index.php\/relations-entreprises\/"},{"@type":"ListItem","position":3,"name":"TAXE D&rsquo;APPRENTISSAGE"}]},{"@type":"WebSite","@id":"https:\/\/www.enscmu.uha.fr\/#website","url":"https:\/\/www.enscmu.uha.fr\/","name":"ENSCMu | \u00c9cole Nationale Sup\u00e9rieure de Chimie de Mulhouse","description":"Campus Illberg | Universit\u00e9 de Haute-Alsace","potentialAction":[{"@type":"SearchAction","target":{"@type":"EntryPoint","urlTemplate":"https:\/\/www.enscmu.uha.fr\/?s={search_term_string}"},"query-input":{"@type":"PropertyValueSpecification","valueRequired":true,"valueName":"search_term_string"}}],"inLanguage":"fr-FR"}]}},"_links":{"self":[{"href":"https:\/\/www.enscmu.uha.fr\/index.php\/wp-json\/wp\/v2\/pages\/5937","targetHints":{"allow":["GET"]}}],"collection":[{"href":"https:\/\/www.enscmu.uha.fr\/index.php\/wp-json\/wp\/v2\/pages"}],"about":[{"href":"https:\/\/www.enscmu.uha.fr\/index.php\/wp-json\/wp\/v2\/types\/page"}],"author":[{"embeddable":true,"href":"https:\/\/www.enscmu.uha.fr\/index.php\/wp-json\/wp\/v2\/users\/2"}],"replies":[{"embeddable":true,"href":"https:\/\/www.enscmu.uha.fr\/index.php\/wp-json\/wp\/v2\/comments?post=5937"}],"version-history":[{"count":13,"href":"https:\/\/www.enscmu.uha.fr\/index.php\/wp-json\/wp\/v2\/pages\/5937\/revisions"}],"predecessor-version":[{"id":5989,"href":"https:\/\/www.enscmu.uha.fr\/index.php\/wp-json\/wp\/v2\/pages\/5937\/revisions\/5989"}],"up":[{"embeddable":true,"href":"https:\/\/www.enscmu.uha.fr\/index.php\/wp-json\/wp\/v2\/pages\/59"}],"wp:attachment":[{"href":"https:\/\/www.enscmu.uha.fr\/index.php\/wp-json\/wp\/v2\/media?parent=5937"}],"wp:term":[{"taxonomy":"category","embeddable":true,"href":"https:\/\/www.enscmu.uha.fr\/index.php\/wp-json\/wp\/v2\/categories?post=5937"},{"taxonomy":"post_tag","embeddable":true,"href":"https:\/\/www.enscmu.uha.fr\/index.php\/wp-json\/wp\/v2\/tags?post=5937"}],"curies":[{"name":"wp","href":"https:\/\/api.w.org\/{rel}","templated":true}]}}