{"id":65,"date":"2017-12-12T15:55:20","date_gmt":"2017-12-12T14:55:20","guid":{"rendered":"https:\/\/www.enscmu.uha.fr\/?page_id=65"},"modified":"2021-02-09T17:06:59","modified_gmt":"2021-02-09T16:06:59","slug":"deposer-une-offre-de-stage","status":"publish","type":"page","link":"https:\/\/www.enscmu.uha.fr\/index.php\/relations-entreprises\/deposer-une-offre-de-stage\/","title":{"rendered":"D\u00c9POSER UNE OFFRE DE STAGE"},"content":{"rendered":"<div class=\"deflex main\" style=\"display: flex;\">\n<div class=\"deborder\" style=\"width: 70%; margin-left: auto; margin-right: auto; padding-right: 5%;\">\n<p>Le service des stages diffuse les offres des entreprises partenaires aux \u00e9l\u00e8ves-ing\u00e9nieurs de l\u2019ENSCMu. Plusieurs dur\u00e9es de stage sont possibles en fonction de l\u2019ann\u00e9e concern\u00e9e.<\/p>\n<h1>P\u00e9riode de stages<\/h1>\n<ul>\n<li>Stage d&rsquo;ex\u00e9cution : stage obligatoire durant l&rsquo;\u00e9t\u00e9 \u00e0 la fin de la premi\u00e8re ann\u00e9e (BAC+3), d&rsquo;une dur\u00e9e minimum de 6 semaines<\/li>\n<li>Stage de recherche (peut \u00eatre men\u00e9 dans un laboratoire R&amp;D en entreprise) : minimum 8 semaines \u00e0 partir des vacances de printemps<\/li>\n<li>Stage ing\u00e9nieur : en fin de 3<sup>e<\/sup> ann\u00e9e (BAC+5), apr\u00e8s avoir suivi l\u2019une des <a href=\"https:\/\/www.enscmu.uha.fr\/index.php\/formation\/cycle-ingenieur\/3eme-annee\/\">4 options<\/a> propos\u00e9es par l\u2019ENSCMu (Chimie organique bio organique et th\u00e9rapeutique, Formulation et cosm\u00e9tologie, Mat\u00e9riaux et polym\u00e8res, S\u00e9curit\u00e9 et d\u00e9veloppement durable)<\/li>\n<\/ul>\n<p>\u00c0 l\u2019issue du stage de 3<sup>e<\/sup> ann\u00e9e les ma\u00eetres de stages \u00e9valuent les \u00e9l\u00e8ves accueillis dans leur entreprise. Les appr\u00e9ciations \u00ab excellent \u00bb et \u00ab bon \u00bb repr\u00e9sentent 90 % des \u00e9valuations sur le comportement et les aptitudes professionnelles et intellectuelles des stagiaires (analyse des fiches d\u2019\u00e9valuation de stages de fin d\u2019\u00e9tudes 2018-19).<\/p>\n<h1>D\u00e9poser une offre de stage<\/h1>\n<div>Dans l&rsquo;optique de rapprocher les entreprises de nos \u00e9tudiants et dipl\u00f4m\u00e9s et afin de les accompagner dans leur projet personnel, notre \u00e9tablissement a mis en place un Career Center en partenariat avec JobTeaser. Le Career Center de JobTeaser est une plate forme carri\u00e8re de r\u00e9f\u00e9rence en Europe, directement int\u00e9gr\u00e9e dans l&rsquo;intranet de plus de 400 \u00e9tablissements et proposant des solutions de diffusion d&rsquo;offres et de marque employeur.<\/div>\n<div><\/div>\n<div>Les \u00e9tudiants b\u00e9n\u00e9ficient d&rsquo;un intranet qui offre de nombreuses fonctionnalit\u00e9s :<\/div>\n<div><\/div>\n<div>&#8211; Espaces de pr\u00e9sentation des entreprises et de leurs m\u00e9tiers.<\/div>\n<div>&#8211; Annonce des \u00e9v\u00e9nements carri\u00e8res des entreprises.<\/div>\n<div>&#8211; Diffusion d&rsquo;offres de stage et d&#8217;emploi.<\/div>\n<div>&#8211; Alertes emails offres et \u00e9v\u00e9nements.<\/div>\n<div><\/div>\n<div>Pour vous inscrire et d\u00e9poser votre offre, cliquez ici : <a href=\"https:\/\/enscmu.jobteaser.com\/fr\/recruiter_account\/sign_in\" target=\"_blank\" rel=\"noopener noreferrer\">Publier une offre sur le Career Center ENSCMu<\/a><\/div>\n<div><\/div>\n<div>En postant votre offre via ce formulaire, vous pourrez suivre son \u00e9volution (validation, nombre de vues), l&rsquo;archiver lorsqu&rsquo;elle est pourvue, la modifier en toute autonomie ou encore la republier. Une fois votre compte cr\u00e9\u00e9, vous pourrez ajouter de nouvelles offres rapidement en acc\u00e9dant directement \u00e0 votre compte recruteur gr\u00e2ce \u00e0 votre email et votre mot de passe choisi.<\/div>\n<div><\/div>\n<div>Vous trouverez en p.j. un tutoriel de formulaire de d\u00e9p\u00f4t d&rsquo;offres.<\/div>\n<div><\/div>\n<div>\n<div>\n<h5><\/h5>\n<\/div>\n<\/div>\n<\/div>\n<div style=\"width: 27.5%; margin-left: auto; margin-right: auto;\">Contact : Estelle Lena, relations entreprises, placement et taxe d\u2019apprentissage<br \/>\nT\u00e9l. : +33 (0)3 89 33 68 43<br \/>\nCourriel : <a href=\"mailto:estelle.lena@uha.fr\">estelle.lena@uha.fr<\/a><\/div>\n<\/div>\n","protected":false},"excerpt":{"rendered":"<p>Le service des stages diffuse les offres des entreprises partenaires aux \u00e9l\u00e8ves-ing\u00e9nieurs de l\u2019ENSCMu. Plusieurs dur\u00e9es de stage sont possibles en fonction de l\u2019ann\u00e9e concern\u00e9e. P\u00e9riode de stages Stage d&rsquo;ex\u00e9cution : stage obligatoire durant l&rsquo;\u00e9t\u00e9 \u00e0 la fin de la premi\u00e8re ann\u00e9e (BAC+3), d&rsquo;une dur\u00e9e minimum de 6 semaines Stage de recherche (peut \u00eatre men\u00e9 [&hellip;]<\/p>\n","protected":false},"author":1,"featured_media":0,"parent":59,"menu_order":0,"comment_status":"closed","ping_status":"closed","template":"","meta":{"footnotes":""},"categories":[6],"tags":[],"class_list":["post-65","page","type-page","status-publish","hentry","category-entreprises-partenaires"],"yoast_head":"<!-- This site is optimized with the Yoast SEO plugin v27.0 - https:\/\/yoast.com\/product\/yoast-seo-wordpress\/ -->\n<title>D\u00c9POSER UNE OFFRE DE STAGE - ENSCMu<\/title>\n<meta name=\"robots\" content=\"index, follow, max-snippet:-1, max-image-preview:large, max-video-preview:-1\" \/>\n<link rel=\"canonical\" href=\"https:\/\/www.enscmu.uha.fr\/index.php\/relations-entreprises\/deposer-une-offre-de-stage\/\" \/>\n<meta property=\"og:locale\" content=\"fr_FR\" \/>\n<meta property=\"og:type\" content=\"article\" \/>\n<meta property=\"og:title\" content=\"D\u00c9POSER UNE OFFRE DE STAGE - ENSCMu\" \/>\n<meta property=\"og:description\" content=\"Le service des stages diffuse les offres des entreprises partenaires aux \u00e9l\u00e8ves-ing\u00e9nieurs de l\u2019ENSCMu. Plusieurs dur\u00e9es de stage sont possibles en fonction de l\u2019ann\u00e9e concern\u00e9e. P\u00e9riode de stages Stage d&rsquo;ex\u00e9cution : stage obligatoire durant l&rsquo;\u00e9t\u00e9 \u00e0 la fin de la premi\u00e8re ann\u00e9e (BAC+3), d&rsquo;une dur\u00e9e minimum de 6 semaines Stage de recherche (peut \u00eatre men\u00e9 [&hellip;]\" \/>\n<meta property=\"og:url\" content=\"https:\/\/www.enscmu.uha.fr\/index.php\/relations-entreprises\/deposer-une-offre-de-stage\/\" \/>\n<meta property=\"og:site_name\" content=\"ENSCMu | \u00c9cole Nationale Sup\u00e9rieure de Chimie de Mulhouse\" \/>\n<meta property=\"article:modified_time\" content=\"2021-02-09T16:06:59+00:00\" \/>\n<meta name=\"twitter:card\" content=\"summary_large_image\" \/>\n<meta name=\"twitter:label1\" content=\"Dur\u00e9e de lecture estim\u00e9e\" \/>\n\t<meta name=\"twitter:data1\" content=\"2 minutes\" \/>\n<script type=\"application\/ld+json\" class=\"yoast-schema-graph\">{\"@context\":\"https:\/\/schema.org\",\"@graph\":[{\"@type\":\"WebPage\",\"@id\":\"https:\/\/www.enscmu.uha.fr\/index.php\/relations-entreprises\/deposer-une-offre-de-stage\/\",\"url\":\"https:\/\/www.enscmu.uha.fr\/index.php\/relations-entreprises\/deposer-une-offre-de-stage\/\",\"name\":\"D\u00c9POSER UNE OFFRE DE STAGE - ENSCMu\",\"isPartOf\":{\"@id\":\"https:\/\/www.enscmu.uha.fr\/#website\"},\"datePublished\":\"2017-12-12T14:55:20+00:00\",\"dateModified\":\"2021-02-09T16:06:59+00:00\",\"breadcrumb\":{\"@id\":\"https:\/\/www.enscmu.uha.fr\/index.php\/relations-entreprises\/deposer-une-offre-de-stage\/#breadcrumb\"},\"inLanguage\":\"fr-FR\",\"potentialAction\":[{\"@type\":\"ReadAction\",\"target\":[\"https:\/\/www.enscmu.uha.fr\/index.php\/relations-entreprises\/deposer-une-offre-de-stage\/\"]}]},{\"@type\":\"BreadcrumbList\",\"@id\":\"https:\/\/www.enscmu.uha.fr\/index.php\/relations-entreprises\/deposer-une-offre-de-stage\/#breadcrumb\",\"itemListElement\":[{\"@type\":\"ListItem\",\"position\":1,\"name\":\"Accueil\",\"item\":\"https:\/\/www.enscmu.uha.fr\/\"},{\"@type\":\"ListItem\",\"position\":2,\"name\":\"RELATIONS ENTREPRISES\",\"item\":\"https:\/\/www.enscmu.uha.fr\/index.php\/relations-entreprises\/\"},{\"@type\":\"ListItem\",\"position\":3,\"name\":\"D\u00c9POSER UNE OFFRE DE STAGE\"}]},{\"@type\":\"WebSite\",\"@id\":\"https:\/\/www.enscmu.uha.fr\/#website\",\"url\":\"https:\/\/www.enscmu.uha.fr\/\",\"name\":\"ENSCMu | \u00c9cole Nationale Sup\u00e9rieure de Chimie de Mulhouse\",\"description\":\"Campus Illberg | Universit\u00e9 de Haute-Alsace\",\"potentialAction\":[{\"@type\":\"SearchAction\",\"target\":{\"@type\":\"EntryPoint\",\"urlTemplate\":\"https:\/\/www.enscmu.uha.fr\/?s={search_term_string}\"},\"query-input\":{\"@type\":\"PropertyValueSpecification\",\"valueRequired\":true,\"valueName\":\"search_term_string\"}}],\"inLanguage\":\"fr-FR\"}]}<\/script>\n<!-- \/ Yoast SEO plugin. -->","yoast_head_json":{"title":"D\u00c9POSER UNE OFFRE DE STAGE - ENSCMu","robots":{"index":"index","follow":"follow","max-snippet":"max-snippet:-1","max-image-preview":"max-image-preview:large","max-video-preview":"max-video-preview:-1"},"canonical":"https:\/\/www.enscmu.uha.fr\/index.php\/relations-entreprises\/deposer-une-offre-de-stage\/","og_locale":"fr_FR","og_type":"article","og_title":"D\u00c9POSER UNE OFFRE DE STAGE - ENSCMu","og_description":"Le service des stages diffuse les offres des entreprises partenaires aux \u00e9l\u00e8ves-ing\u00e9nieurs de l\u2019ENSCMu. Plusieurs dur\u00e9es de stage sont possibles en fonction de l\u2019ann\u00e9e concern\u00e9e. P\u00e9riode de stages Stage d&rsquo;ex\u00e9cution : stage obligatoire durant l&rsquo;\u00e9t\u00e9 \u00e0 la fin de la premi\u00e8re ann\u00e9e (BAC+3), d&rsquo;une dur\u00e9e minimum de 6 semaines Stage de recherche (peut \u00eatre men\u00e9 [&hellip;]","og_url":"https:\/\/www.enscmu.uha.fr\/index.php\/relations-entreprises\/deposer-une-offre-de-stage\/","og_site_name":"ENSCMu | \u00c9cole Nationale Sup\u00e9rieure de Chimie de Mulhouse","article_modified_time":"2021-02-09T16:06:59+00:00","twitter_card":"summary_large_image","twitter_misc":{"Dur\u00e9e de lecture estim\u00e9e":"2 minutes"},"schema":{"@context":"https:\/\/schema.org","@graph":[{"@type":"WebPage","@id":"https:\/\/www.enscmu.uha.fr\/index.php\/relations-entreprises\/deposer-une-offre-de-stage\/","url":"https:\/\/www.enscmu.uha.fr\/index.php\/relations-entreprises\/deposer-une-offre-de-stage\/","name":"D\u00c9POSER UNE OFFRE DE STAGE - ENSCMu","isPartOf":{"@id":"https:\/\/www.enscmu.uha.fr\/#website"},"datePublished":"2017-12-12T14:55:20+00:00","dateModified":"2021-02-09T16:06:59+00:00","breadcrumb":{"@id":"https:\/\/www.enscmu.uha.fr\/index.php\/relations-entreprises\/deposer-une-offre-de-stage\/#breadcrumb"},"inLanguage":"fr-FR","potentialAction":[{"@type":"ReadAction","target":["https:\/\/www.enscmu.uha.fr\/index.php\/relations-entreprises\/deposer-une-offre-de-stage\/"]}]},{"@type":"BreadcrumbList","@id":"https:\/\/www.enscmu.uha.fr\/index.php\/relations-entreprises\/deposer-une-offre-de-stage\/#breadcrumb","itemListElement":[{"@type":"ListItem","position":1,"name":"Accueil","item":"https:\/\/www.enscmu.uha.fr\/"},{"@type":"ListItem","position":2,"name":"RELATIONS ENTREPRISES","item":"https:\/\/www.enscmu.uha.fr\/index.php\/relations-entreprises\/"},{"@type":"ListItem","position":3,"name":"D\u00c9POSER UNE OFFRE DE STAGE"}]},{"@type":"WebSite","@id":"https:\/\/www.enscmu.uha.fr\/#website","url":"https:\/\/www.enscmu.uha.fr\/","name":"ENSCMu | \u00c9cole Nationale Sup\u00e9rieure de Chimie de Mulhouse","description":"Campus Illberg | Universit\u00e9 de Haute-Alsace","potentialAction":[{"@type":"SearchAction","target":{"@type":"EntryPoint","urlTemplate":"https:\/\/www.enscmu.uha.fr\/?s={search_term_string}"},"query-input":{"@type":"PropertyValueSpecification","valueRequired":true,"valueName":"search_term_string"}}],"inLanguage":"fr-FR"}]}},"_links":{"self":[{"href":"https:\/\/www.enscmu.uha.fr\/index.php\/wp-json\/wp\/v2\/pages\/65","targetHints":{"allow":["GET"]}}],"collection":[{"href":"https:\/\/www.enscmu.uha.fr\/index.php\/wp-json\/wp\/v2\/pages"}],"about":[{"href":"https:\/\/www.enscmu.uha.fr\/index.php\/wp-json\/wp\/v2\/types\/page"}],"author":[{"embeddable":true,"href":"https:\/\/www.enscmu.uha.fr\/index.php\/wp-json\/wp\/v2\/users\/1"}],"replies":[{"embeddable":true,"href":"https:\/\/www.enscmu.uha.fr\/index.php\/wp-json\/wp\/v2\/comments?post=65"}],"version-history":[{"count":12,"href":"https:\/\/www.enscmu.uha.fr\/index.php\/wp-json\/wp\/v2\/pages\/65\/revisions"}],"predecessor-version":[{"id":3001,"href":"https:\/\/www.enscmu.uha.fr\/index.php\/wp-json\/wp\/v2\/pages\/65\/revisions\/3001"}],"up":[{"embeddable":true,"href":"https:\/\/www.enscmu.uha.fr\/index.php\/wp-json\/wp\/v2\/pages\/59"}],"wp:attachment":[{"href":"https:\/\/www.enscmu.uha.fr\/index.php\/wp-json\/wp\/v2\/media?parent=65"}],"wp:term":[{"taxonomy":"category","embeddable":true,"href":"https:\/\/www.enscmu.uha.fr\/index.php\/wp-json\/wp\/v2\/categories?post=65"},{"taxonomy":"post_tag","embeddable":true,"href":"https:\/\/www.enscmu.uha.fr\/index.php\/wp-json\/wp\/v2\/tags?post=65"}],"curies":[{"name":"wp","href":"https:\/\/api.w.org\/{rel}","templated":true}]}}