{"id":67,"date":"2017-12-12T15:55:35","date_gmt":"2017-12-12T14:55:35","guid":{"rendered":"https:\/\/www.enscmu.uha.fr\/?page_id=67"},"modified":"2023-06-01T14:21:36","modified_gmt":"2023-06-01T12:21:36","slug":"deposer-une-offre-demploi","status":"publish","type":"page","link":"https:\/\/www.enscmu.uha.fr\/index.php\/relations-entreprises\/deposer-une-offre-demploi\/","title":{"rendered":"D\u00c9POSER UNE OFFRE D&rsquo;EMPLOI"},"content":{"rendered":"<div class=\"deflex main\" style=\"display: flex;\">\n<div class=\"deborder\" style=\"width: 70%; margin-left: auto; margin-right: auto; padding-right: 5%;\">\n<p>L\u2019ENSCMu suit le devenir de ses dipl\u00f4m\u00e9s pendant cinq ans \u00e0 travers son observatoire de l\u2019emploi. Elle leur propose \u00e9galement un service de placement. A travers ce service les entreprises peuvent faire parvenir leurs offres d\u2019emploi aux jeunes dipl\u00f4m\u00e9s ing\u00e9nieurs chimistes.Les offres destin\u00e9es aux ing\u00e9nieurs plus exp\u00e9riment\u00e9s sont \u00e9galement diffus\u00e9es \u00e0 travers l\u2019<a href=\"http:\/\/www.chimiemulhouse.fr\/\" target=\"_blank\" rel=\"noopener noreferrer\">Amicale Chimie Mulhouse<\/a>, association des dipl\u00f4m\u00e9s de l\u2019ENSCMu.<\/p>\n<\/div>\n<div style=\"width: 27.5%; margin-left: auto; margin-right: auto;\">Contact : Estelle LENA, relations entreprises, placement et taxe d\u2019apprentissage<br \/>\nT\u00e9l. : +33 (0)3 89 33 68 43<br \/>\nCourriel : <a href=\"mailto:estelle.lena@uha.fr\">estelle.lena@uha.fr<\/a><\/div>\n<\/div>\n","protected":false},"excerpt":{"rendered":"<p>L\u2019ENSCMu suit le devenir de ses dipl\u00f4m\u00e9s pendant cinq ans \u00e0 travers son observatoire de l\u2019emploi. Elle leur propose \u00e9galement un service de placement. A travers ce service les entreprises peuvent faire parvenir leurs offres d\u2019emploi aux jeunes dipl\u00f4m\u00e9s ing\u00e9nieurs chimistes.Les offres destin\u00e9es aux ing\u00e9nieurs plus exp\u00e9riment\u00e9s sont \u00e9galement diffus\u00e9es \u00e0 travers l\u2019Amicale Chimie Mulhouse, [&hellip;]<\/p>\n","protected":false},"author":1,"featured_media":0,"parent":59,"menu_order":0,"comment_status":"closed","ping_status":"closed","template":"","meta":{"footnotes":""},"categories":[6],"tags":[],"class_list":["post-67","page","type-page","status-publish","hentry","category-entreprises-partenaires"],"yoast_head":"<!-- This site is optimized with the Yoast SEO plugin v27.4 - https:\/\/yoast.com\/product\/yoast-seo-wordpress\/ -->\n<title>D\u00c9POSER UNE OFFRE D&#039;EMPLOI - ENSCMu<\/title>\n<meta name=\"robots\" content=\"index, follow, max-snippet:-1, max-image-preview:large, max-video-preview:-1\" \/>\n<link rel=\"canonical\" href=\"https:\/\/www.enscmu.uha.fr\/index.php\/relations-entreprises\/deposer-une-offre-demploi\/\" \/>\n<meta property=\"og:locale\" content=\"fr_FR\" \/>\n<meta property=\"og:type\" content=\"article\" \/>\n<meta property=\"og:title\" content=\"D\u00c9POSER UNE OFFRE D&#039;EMPLOI - ENSCMu\" \/>\n<meta property=\"og:description\" content=\"L\u2019ENSCMu suit le devenir de ses dipl\u00f4m\u00e9s pendant cinq ans \u00e0 travers son observatoire de l\u2019emploi. Elle leur propose \u00e9galement un service de placement. A travers ce service les entreprises peuvent faire parvenir leurs offres d\u2019emploi aux jeunes dipl\u00f4m\u00e9s ing\u00e9nieurs chimistes.Les offres destin\u00e9es aux ing\u00e9nieurs plus exp\u00e9riment\u00e9s sont \u00e9galement diffus\u00e9es \u00e0 travers l\u2019Amicale Chimie Mulhouse, [&hellip;]\" \/>\n<meta property=\"og:url\" content=\"https:\/\/www.enscmu.uha.fr\/index.php\/relations-entreprises\/deposer-une-offre-demploi\/\" \/>\n<meta property=\"og:site_name\" content=\"ENSCMu | \u00c9cole Nationale Sup\u00e9rieure de Chimie de Mulhouse\" \/>\n<meta property=\"article:modified_time\" content=\"2023-06-01T12:21:36+00:00\" \/>\n<meta name=\"twitter:card\" content=\"summary_large_image\" \/>\n<meta name=\"twitter:label1\" content=\"Dur\u00e9e de lecture estim\u00e9e\" \/>\n\t<meta name=\"twitter:data1\" content=\"1 minute\" \/>\n<script type=\"application\/ld+json\" class=\"yoast-schema-graph\">{\"@context\":\"https:\\\/\\\/schema.org\",\"@graph\":[{\"@type\":\"WebPage\",\"@id\":\"https:\\\/\\\/www.enscmu.uha.fr\\\/index.php\\\/relations-entreprises\\\/deposer-une-offre-demploi\\\/\",\"url\":\"https:\\\/\\\/www.enscmu.uha.fr\\\/index.php\\\/relations-entreprises\\\/deposer-une-offre-demploi\\\/\",\"name\":\"D\u00c9POSER UNE OFFRE D'EMPLOI - ENSCMu\",\"isPartOf\":{\"@id\":\"https:\\\/\\\/www.enscmu.uha.fr\\\/#website\"},\"datePublished\":\"2017-12-12T14:55:35+00:00\",\"dateModified\":\"2023-06-01T12:21:36+00:00\",\"breadcrumb\":{\"@id\":\"https:\\\/\\\/www.enscmu.uha.fr\\\/index.php\\\/relations-entreprises\\\/deposer-une-offre-demploi\\\/#breadcrumb\"},\"inLanguage\":\"fr-FR\",\"potentialAction\":[{\"@type\":\"ReadAction\",\"target\":[\"https:\\\/\\\/www.enscmu.uha.fr\\\/index.php\\\/relations-entreprises\\\/deposer-une-offre-demploi\\\/\"]}]},{\"@type\":\"BreadcrumbList\",\"@id\":\"https:\\\/\\\/www.enscmu.uha.fr\\\/index.php\\\/relations-entreprises\\\/deposer-une-offre-demploi\\\/#breadcrumb\",\"itemListElement\":[{\"@type\":\"ListItem\",\"position\":1,\"name\":\"Accueil\",\"item\":\"https:\\\/\\\/www.enscmu.uha.fr\\\/\"},{\"@type\":\"ListItem\",\"position\":2,\"name\":\"RELATIONS ENTREPRISES\",\"item\":\"https:\\\/\\\/www.enscmu.uha.fr\\\/index.php\\\/relations-entreprises\\\/\"},{\"@type\":\"ListItem\",\"position\":3,\"name\":\"D\u00c9POSER UNE OFFRE D&#8217;EMPLOI\"}]},{\"@type\":\"WebSite\",\"@id\":\"https:\\\/\\\/www.enscmu.uha.fr\\\/#website\",\"url\":\"https:\\\/\\\/www.enscmu.uha.fr\\\/\",\"name\":\"ENSCMu | \u00c9cole Nationale Sup\u00e9rieure de Chimie de Mulhouse\",\"description\":\"Campus Illberg | Universit\u00e9 de Haute-Alsace\",\"potentialAction\":[{\"@type\":\"SearchAction\",\"target\":{\"@type\":\"EntryPoint\",\"urlTemplate\":\"https:\\\/\\\/www.enscmu.uha.fr\\\/?s={search_term_string}\"},\"query-input\":{\"@type\":\"PropertyValueSpecification\",\"valueRequired\":true,\"valueName\":\"search_term_string\"}}],\"inLanguage\":\"fr-FR\"}]}<\/script>\n<!-- \/ Yoast SEO plugin. -->","yoast_head_json":{"title":"D\u00c9POSER UNE OFFRE D'EMPLOI - ENSCMu","robots":{"index":"index","follow":"follow","max-snippet":"max-snippet:-1","max-image-preview":"max-image-preview:large","max-video-preview":"max-video-preview:-1"},"canonical":"https:\/\/www.enscmu.uha.fr\/index.php\/relations-entreprises\/deposer-une-offre-demploi\/","og_locale":"fr_FR","og_type":"article","og_title":"D\u00c9POSER UNE OFFRE D'EMPLOI - ENSCMu","og_description":"L\u2019ENSCMu suit le devenir de ses dipl\u00f4m\u00e9s pendant cinq ans \u00e0 travers son observatoire de l\u2019emploi. Elle leur propose \u00e9galement un service de placement. A travers ce service les entreprises peuvent faire parvenir leurs offres d\u2019emploi aux jeunes dipl\u00f4m\u00e9s ing\u00e9nieurs chimistes.Les offres destin\u00e9es aux ing\u00e9nieurs plus exp\u00e9riment\u00e9s sont \u00e9galement diffus\u00e9es \u00e0 travers l\u2019Amicale Chimie Mulhouse, [&hellip;]","og_url":"https:\/\/www.enscmu.uha.fr\/index.php\/relations-entreprises\/deposer-une-offre-demploi\/","og_site_name":"ENSCMu | \u00c9cole Nationale Sup\u00e9rieure de Chimie de Mulhouse","article_modified_time":"2023-06-01T12:21:36+00:00","twitter_card":"summary_large_image","twitter_misc":{"Dur\u00e9e de lecture estim\u00e9e":"1 minute"},"schema":{"@context":"https:\/\/schema.org","@graph":[{"@type":"WebPage","@id":"https:\/\/www.enscmu.uha.fr\/index.php\/relations-entreprises\/deposer-une-offre-demploi\/","url":"https:\/\/www.enscmu.uha.fr\/index.php\/relations-entreprises\/deposer-une-offre-demploi\/","name":"D\u00c9POSER UNE OFFRE D'EMPLOI - ENSCMu","isPartOf":{"@id":"https:\/\/www.enscmu.uha.fr\/#website"},"datePublished":"2017-12-12T14:55:35+00:00","dateModified":"2023-06-01T12:21:36+00:00","breadcrumb":{"@id":"https:\/\/www.enscmu.uha.fr\/index.php\/relations-entreprises\/deposer-une-offre-demploi\/#breadcrumb"},"inLanguage":"fr-FR","potentialAction":[{"@type":"ReadAction","target":["https:\/\/www.enscmu.uha.fr\/index.php\/relations-entreprises\/deposer-une-offre-demploi\/"]}]},{"@type":"BreadcrumbList","@id":"https:\/\/www.enscmu.uha.fr\/index.php\/relations-entreprises\/deposer-une-offre-demploi\/#breadcrumb","itemListElement":[{"@type":"ListItem","position":1,"name":"Accueil","item":"https:\/\/www.enscmu.uha.fr\/"},{"@type":"ListItem","position":2,"name":"RELATIONS ENTREPRISES","item":"https:\/\/www.enscmu.uha.fr\/index.php\/relations-entreprises\/"},{"@type":"ListItem","position":3,"name":"D\u00c9POSER UNE OFFRE D&#8217;EMPLOI"}]},{"@type":"WebSite","@id":"https:\/\/www.enscmu.uha.fr\/#website","url":"https:\/\/www.enscmu.uha.fr\/","name":"ENSCMu | \u00c9cole Nationale Sup\u00e9rieure de Chimie de Mulhouse","description":"Campus Illberg | Universit\u00e9 de Haute-Alsace","potentialAction":[{"@type":"SearchAction","target":{"@type":"EntryPoint","urlTemplate":"https:\/\/www.enscmu.uha.fr\/?s={search_term_string}"},"query-input":{"@type":"PropertyValueSpecification","valueRequired":true,"valueName":"search_term_string"}}],"inLanguage":"fr-FR"}]}},"_links":{"self":[{"href":"https:\/\/www.enscmu.uha.fr\/index.php\/wp-json\/wp\/v2\/pages\/67","targetHints":{"allow":["GET"]}}],"collection":[{"href":"https:\/\/www.enscmu.uha.fr\/index.php\/wp-json\/wp\/v2\/pages"}],"about":[{"href":"https:\/\/www.enscmu.uha.fr\/index.php\/wp-json\/wp\/v2\/types\/page"}],"author":[{"embeddable":true,"href":"https:\/\/www.enscmu.uha.fr\/index.php\/wp-json\/wp\/v2\/users\/1"}],"replies":[{"embeddable":true,"href":"https:\/\/www.enscmu.uha.fr\/index.php\/wp-json\/wp\/v2\/comments?post=67"}],"version-history":[{"count":9,"href":"https:\/\/www.enscmu.uha.fr\/index.php\/wp-json\/wp\/v2\/pages\/67\/revisions"}],"predecessor-version":[{"id":4454,"href":"https:\/\/www.enscmu.uha.fr\/index.php\/wp-json\/wp\/v2\/pages\/67\/revisions\/4454"}],"up":[{"embeddable":true,"href":"https:\/\/www.enscmu.uha.fr\/index.php\/wp-json\/wp\/v2\/pages\/59"}],"wp:attachment":[{"href":"https:\/\/www.enscmu.uha.fr\/index.php\/wp-json\/wp\/v2\/media?parent=67"}],"wp:term":[{"taxonomy":"category","embeddable":true,"href":"https:\/\/www.enscmu.uha.fr\/index.php\/wp-json\/wp\/v2\/categories?post=67"},{"taxonomy":"post_tag","embeddable":true,"href":"https:\/\/www.enscmu.uha.fr\/index.php\/wp-json\/wp\/v2\/tags?post=67"}],"curies":[{"name":"wp","href":"https:\/\/api.w.org\/{rel}","templated":true}]}}