{"id":69,"date":"2017-12-12T15:55:55","date_gmt":"2017-12-12T14:55:55","guid":{"rendered":"https:\/\/www.enscmu.uha.fr\/?page_id=69"},"modified":"2024-09-23T16:28:58","modified_gmt":"2024-09-23T14:28:58","slug":"junior-entreprise","status":"publish","type":"page","link":"https:\/\/www.enscmu.uha.fr\/index.php\/relations-entreprises\/junior-entreprise\/","title":{"rendered":"HORIZONS ALSACE CHIMIE"},"content":{"rendered":"<div class=\"deflex main\" style=\"display: flex;\">\n<div class=\"deborder\" style=\"width: 70%; margin-left: auto; margin-right: auto; padding-right: 5%;\">\n<h1>Horizons Alsace Chimie : des solutions aujourd&rsquo;hui par les ing\u00e9nieurs de demain<\/h1>\n<p><img loading=\"lazy\" decoding=\"async\" class=\"wp-image-1580 alignleft\" src=\"https:\/\/www.enscmu.uha.fr\/wp-content\/uploads\/2019\/04\/HAC-JI-1024x1024.png\" alt=\"\" width=\"234\" height=\"234\" srcset=\"https:\/\/www.enscmu.uha.fr\/wp-content\/uploads\/2019\/04\/HAC-JI-1024x1024.png 1024w, https:\/\/www.enscmu.uha.fr\/wp-content\/uploads\/2019\/04\/HAC-JI-150x150.png 150w, https:\/\/www.enscmu.uha.fr\/wp-content\/uploads\/2019\/04\/HAC-JI-300x300.png 300w, https:\/\/www.enscmu.uha.fr\/wp-content\/uploads\/2019\/04\/HAC-JI-768x768.png 768w, https:\/\/www.enscmu.uha.fr\/wp-content\/uploads\/2019\/04\/HAC-JI.png 1079w\" sizes=\"auto, (max-width: 234px) 100vw, 234px\" \/><\/p>\n<p>L\u2019association <a href=\"https:\/\/www.hac-juniorentreprise.com\/\" target=\"_blank\" rel=\"noopener noreferrer\">Horizons Alsace Chimie (HAC)<\/a> a \u00e9t\u00e9 cr\u00e9\u00e9e par des \u00e9l\u00e8ves-ing\u00e9nieurs de l\u2019ENSCMu. Depuis 10 ans ils l&rsquo;administrent et la g\u00e8re enti\u00e8rement. HAC\u00a0propose aux entreprises des prestations de service \u00e0 tarif pr\u00e9f\u00e9rentiel.<\/p>\n<p>Les \u00e9l\u00e8ves-ing\u00e9nieurs r\u00e9alisent des \u00e9tudes bibliographiques et des analyses dans plusieurs domaines de la chimie (chimie analytique, chimie organique, chimie physique, formulation, consulting s\u00e9curit\u00e9). Ils disposent d\u2019un acc\u00e8s aux laboratoires de l\u2019ENSCMu, de l\u2019Universit\u00e9 de Haute-Alsace et du CNRS et du soutien des enseignants-chercheurs pour mener \u00e0 bien leurs travaux.<\/p>\n<p>Par exemple\u00a0: durant le mandat 2016-2017, Horizons Alsace Chimie a notamment r\u00e9alis\u00e9 plusieurs \u00e9tudes pour l\u2019entreprise CINE Europe (Consortium Industriel des Nettoyants Europ\u00e9ens) sur l\u2019analyse de produits d\u2019entretien et de nettoyage (d\u00e9tergent, antid\u00e9rapant, anti mousse&#8230;). \u00ab\u00a0<em>Le but des analyses \u00e9tait de d\u00e9terminer la nature des substances chimiques pr\u00e9sentes dans les diff\u00e9rents produits et de les quantifier<\/em> \u00bb, explique Salom\u00e9 Queffeulou, pr\u00e9sidente d\u2019HAC en 2016-2017. \u00ab <em>En collaboration avec les chercheurs du campus et notamment du laboratoire de Chimie Organique et Bio-Organique (COB), nous avons utilis\u00e9 la R\u00e9sonance Magn\u00e9tique Nucl\u00e9aire pour aboutir \u00e0 un r\u00e9sultat concluant pour l\u2019entreprise, avec qui un partenariat durable a pu \u00eatre \u00e9tabli.<\/em> \u00bb<\/p>\n<p>Lien utile\u00a0: <a href=\"https:\/\/www.hac-juniorentreprise.com\/\" target=\"_blank\" rel=\"noopener noreferrer\">Horizons Alsace Chimie (HAC)<\/a><\/p>\n<\/div>\n<div style=\"width: 27.5%; margin-left: auto; margin-right: auto;\">Contact : Estelle LENA, relations entreprises, placement et taxe d\u2019apprentissage<br \/>\nCourriel : <a href=\"mailto:hac.enscmu@gmail.com\">hac.enscmu@gmail.com<\/a><\/div>\n<\/div>\n","protected":false},"excerpt":{"rendered":"<p>Horizons Alsace Chimie : des solutions aujourd&rsquo;hui par les ing\u00e9nieurs de demain L\u2019association Horizons Alsace Chimie (HAC) a \u00e9t\u00e9 cr\u00e9\u00e9e par des \u00e9l\u00e8ves-ing\u00e9nieurs de l\u2019ENSCMu. Depuis 10 ans ils l&rsquo;administrent et la g\u00e8re enti\u00e8rement. HAC\u00a0propose aux entreprises des prestations de service \u00e0 tarif pr\u00e9f\u00e9rentiel. Les \u00e9l\u00e8ves-ing\u00e9nieurs r\u00e9alisent des \u00e9tudes bibliographiques et des analyses dans plusieurs [&hellip;]<\/p>\n","protected":false},"author":1,"featured_media":2855,"parent":59,"menu_order":0,"comment_status":"closed","ping_status":"closed","template":"","meta":{"footnotes":""},"categories":[6],"tags":[],"class_list":["post-69","page","type-page","status-publish","has-post-thumbnail","hentry","category-entreprises-partenaires"],"yoast_head":"<!-- This site is optimized with the Yoast SEO plugin v27.4 - https:\/\/yoast.com\/product\/yoast-seo-wordpress\/ -->\n<title>HORIZONS ALSACE CHIMIE - ENSCMu<\/title>\n<meta name=\"robots\" content=\"index, follow, max-snippet:-1, max-image-preview:large, max-video-preview:-1\" \/>\n<link rel=\"canonical\" href=\"https:\/\/www.enscmu.uha.fr\/index.php\/relations-entreprises\/junior-entreprise\/\" \/>\n<meta property=\"og:locale\" content=\"fr_FR\" \/>\n<meta property=\"og:type\" content=\"article\" \/>\n<meta property=\"og:title\" content=\"HORIZONS ALSACE CHIMIE - ENSCMu\" \/>\n<meta property=\"og:description\" content=\"Horizons Alsace Chimie : des solutions aujourd&rsquo;hui par les ing\u00e9nieurs de demain L\u2019association Horizons Alsace Chimie (HAC) a \u00e9t\u00e9 cr\u00e9\u00e9e par des \u00e9l\u00e8ves-ing\u00e9nieurs de l\u2019ENSCMu. Depuis 10 ans ils l&rsquo;administrent et la g\u00e8re enti\u00e8rement. HAC\u00a0propose aux entreprises des prestations de service \u00e0 tarif pr\u00e9f\u00e9rentiel. Les \u00e9l\u00e8ves-ing\u00e9nieurs r\u00e9alisent des \u00e9tudes bibliographiques et des analyses dans plusieurs [&hellip;]\" \/>\n<meta property=\"og:url\" content=\"https:\/\/www.enscmu.uha.fr\/index.php\/relations-entreprises\/junior-entreprise\/\" \/>\n<meta property=\"og:site_name\" content=\"ENSCMu | \u00c9cole Nationale Sup\u00e9rieure de Chimie de Mulhouse\" \/>\n<meta property=\"article:modified_time\" content=\"2024-09-23T14:28:58+00:00\" \/>\n<meta property=\"og:image\" content=\"https:\/\/www.enscmu.uha.fr\/wp-content\/uploads\/2020\/12\/HAC-JE-e1607417780148.jpg\" \/>\n\t<meta property=\"og:image:width\" content=\"769\" \/>\n\t<meta property=\"og:image:height\" content=\"592\" \/>\n\t<meta property=\"og:image:type\" content=\"image\/jpeg\" \/>\n<meta name=\"twitter:card\" content=\"summary_large_image\" \/>\n<meta name=\"twitter:label1\" content=\"Dur\u00e9e de lecture estim\u00e9e\" \/>\n\t<meta name=\"twitter:data1\" content=\"2 minutes\" \/>\n<script type=\"application\/ld+json\" class=\"yoast-schema-graph\">{\"@context\":\"https:\\\/\\\/schema.org\",\"@graph\":[{\"@type\":\"WebPage\",\"@id\":\"https:\\\/\\\/www.enscmu.uha.fr\\\/index.php\\\/relations-entreprises\\\/junior-entreprise\\\/\",\"url\":\"https:\\\/\\\/www.enscmu.uha.fr\\\/index.php\\\/relations-entreprises\\\/junior-entreprise\\\/\",\"name\":\"HORIZONS ALSACE CHIMIE - ENSCMu\",\"isPartOf\":{\"@id\":\"https:\\\/\\\/www.enscmu.uha.fr\\\/#website\"},\"primaryImageOfPage\":{\"@id\":\"https:\\\/\\\/www.enscmu.uha.fr\\\/index.php\\\/relations-entreprises\\\/junior-entreprise\\\/#primaryimage\"},\"image\":{\"@id\":\"https:\\\/\\\/www.enscmu.uha.fr\\\/index.php\\\/relations-entreprises\\\/junior-entreprise\\\/#primaryimage\"},\"thumbnailUrl\":\"https:\\\/\\\/www.enscmu.uha.fr\\\/wp-content\\\/uploads\\\/2020\\\/12\\\/HAC-JE-e1607417780148.jpg\",\"datePublished\":\"2017-12-12T14:55:55+00:00\",\"dateModified\":\"2024-09-23T14:28:58+00:00\",\"breadcrumb\":{\"@id\":\"https:\\\/\\\/www.enscmu.uha.fr\\\/index.php\\\/relations-entreprises\\\/junior-entreprise\\\/#breadcrumb\"},\"inLanguage\":\"fr-FR\",\"potentialAction\":[{\"@type\":\"ReadAction\",\"target\":[\"https:\\\/\\\/www.enscmu.uha.fr\\\/index.php\\\/relations-entreprises\\\/junior-entreprise\\\/\"]}]},{\"@type\":\"ImageObject\",\"inLanguage\":\"fr-FR\",\"@id\":\"https:\\\/\\\/www.enscmu.uha.fr\\\/index.php\\\/relations-entreprises\\\/junior-entreprise\\\/#primaryimage\",\"url\":\"https:\\\/\\\/www.enscmu.uha.fr\\\/wp-content\\\/uploads\\\/2020\\\/12\\\/HAC-JE-e1607417780148.jpg\",\"contentUrl\":\"https:\\\/\\\/www.enscmu.uha.fr\\\/wp-content\\\/uploads\\\/2020\\\/12\\\/HAC-JE-e1607417780148.jpg\",\"width\":769,\"height\":592},{\"@type\":\"BreadcrumbList\",\"@id\":\"https:\\\/\\\/www.enscmu.uha.fr\\\/index.php\\\/relations-entreprises\\\/junior-entreprise\\\/#breadcrumb\",\"itemListElement\":[{\"@type\":\"ListItem\",\"position\":1,\"name\":\"Accueil\",\"item\":\"https:\\\/\\\/www.enscmu.uha.fr\\\/\"},{\"@type\":\"ListItem\",\"position\":2,\"name\":\"RELATIONS ENTREPRISES\",\"item\":\"https:\\\/\\\/www.enscmu.uha.fr\\\/index.php\\\/relations-entreprises\\\/\"},{\"@type\":\"ListItem\",\"position\":3,\"name\":\"HORIZONS ALSACE CHIMIE\"}]},{\"@type\":\"WebSite\",\"@id\":\"https:\\\/\\\/www.enscmu.uha.fr\\\/#website\",\"url\":\"https:\\\/\\\/www.enscmu.uha.fr\\\/\",\"name\":\"ENSCMu | \u00c9cole Nationale Sup\u00e9rieure de Chimie de Mulhouse\",\"description\":\"Campus Illberg | Universit\u00e9 de Haute-Alsace\",\"potentialAction\":[{\"@type\":\"SearchAction\",\"target\":{\"@type\":\"EntryPoint\",\"urlTemplate\":\"https:\\\/\\\/www.enscmu.uha.fr\\\/?s={search_term_string}\"},\"query-input\":{\"@type\":\"PropertyValueSpecification\",\"valueRequired\":true,\"valueName\":\"search_term_string\"}}],\"inLanguage\":\"fr-FR\"}]}<\/script>\n<!-- \/ Yoast SEO plugin. -->","yoast_head_json":{"title":"HORIZONS ALSACE CHIMIE - ENSCMu","robots":{"index":"index","follow":"follow","max-snippet":"max-snippet:-1","max-image-preview":"max-image-preview:large","max-video-preview":"max-video-preview:-1"},"canonical":"https:\/\/www.enscmu.uha.fr\/index.php\/relations-entreprises\/junior-entreprise\/","og_locale":"fr_FR","og_type":"article","og_title":"HORIZONS ALSACE CHIMIE - ENSCMu","og_description":"Horizons Alsace Chimie : des solutions aujourd&rsquo;hui par les ing\u00e9nieurs de demain L\u2019association Horizons Alsace Chimie (HAC) a \u00e9t\u00e9 cr\u00e9\u00e9e par des \u00e9l\u00e8ves-ing\u00e9nieurs de l\u2019ENSCMu. Depuis 10 ans ils l&rsquo;administrent et la g\u00e8re enti\u00e8rement. HAC\u00a0propose aux entreprises des prestations de service \u00e0 tarif pr\u00e9f\u00e9rentiel. Les \u00e9l\u00e8ves-ing\u00e9nieurs r\u00e9alisent des \u00e9tudes bibliographiques et des analyses dans plusieurs [&hellip;]","og_url":"https:\/\/www.enscmu.uha.fr\/index.php\/relations-entreprises\/junior-entreprise\/","og_site_name":"ENSCMu | \u00c9cole Nationale Sup\u00e9rieure de Chimie de Mulhouse","article_modified_time":"2024-09-23T14:28:58+00:00","og_image":[{"width":769,"height":592,"url":"https:\/\/www.enscmu.uha.fr\/wp-content\/uploads\/2020\/12\/HAC-JE-e1607417780148.jpg","type":"image\/jpeg"}],"twitter_card":"summary_large_image","twitter_misc":{"Dur\u00e9e de lecture estim\u00e9e":"2 minutes"},"schema":{"@context":"https:\/\/schema.org","@graph":[{"@type":"WebPage","@id":"https:\/\/www.enscmu.uha.fr\/index.php\/relations-entreprises\/junior-entreprise\/","url":"https:\/\/www.enscmu.uha.fr\/index.php\/relations-entreprises\/junior-entreprise\/","name":"HORIZONS ALSACE CHIMIE - ENSCMu","isPartOf":{"@id":"https:\/\/www.enscmu.uha.fr\/#website"},"primaryImageOfPage":{"@id":"https:\/\/www.enscmu.uha.fr\/index.php\/relations-entreprises\/junior-entreprise\/#primaryimage"},"image":{"@id":"https:\/\/www.enscmu.uha.fr\/index.php\/relations-entreprises\/junior-entreprise\/#primaryimage"},"thumbnailUrl":"https:\/\/www.enscmu.uha.fr\/wp-content\/uploads\/2020\/12\/HAC-JE-e1607417780148.jpg","datePublished":"2017-12-12T14:55:55+00:00","dateModified":"2024-09-23T14:28:58+00:00","breadcrumb":{"@id":"https:\/\/www.enscmu.uha.fr\/index.php\/relations-entreprises\/junior-entreprise\/#breadcrumb"},"inLanguage":"fr-FR","potentialAction":[{"@type":"ReadAction","target":["https:\/\/www.enscmu.uha.fr\/index.php\/relations-entreprises\/junior-entreprise\/"]}]},{"@type":"ImageObject","inLanguage":"fr-FR","@id":"https:\/\/www.enscmu.uha.fr\/index.php\/relations-entreprises\/junior-entreprise\/#primaryimage","url":"https:\/\/www.enscmu.uha.fr\/wp-content\/uploads\/2020\/12\/HAC-JE-e1607417780148.jpg","contentUrl":"https:\/\/www.enscmu.uha.fr\/wp-content\/uploads\/2020\/12\/HAC-JE-e1607417780148.jpg","width":769,"height":592},{"@type":"BreadcrumbList","@id":"https:\/\/www.enscmu.uha.fr\/index.php\/relations-entreprises\/junior-entreprise\/#breadcrumb","itemListElement":[{"@type":"ListItem","position":1,"name":"Accueil","item":"https:\/\/www.enscmu.uha.fr\/"},{"@type":"ListItem","position":2,"name":"RELATIONS ENTREPRISES","item":"https:\/\/www.enscmu.uha.fr\/index.php\/relations-entreprises\/"},{"@type":"ListItem","position":3,"name":"HORIZONS ALSACE CHIMIE"}]},{"@type":"WebSite","@id":"https:\/\/www.enscmu.uha.fr\/#website","url":"https:\/\/www.enscmu.uha.fr\/","name":"ENSCMu | \u00c9cole Nationale Sup\u00e9rieure de Chimie de Mulhouse","description":"Campus Illberg | Universit\u00e9 de Haute-Alsace","potentialAction":[{"@type":"SearchAction","target":{"@type":"EntryPoint","urlTemplate":"https:\/\/www.enscmu.uha.fr\/?s={search_term_string}"},"query-input":{"@type":"PropertyValueSpecification","valueRequired":true,"valueName":"search_term_string"}}],"inLanguage":"fr-FR"}]}},"_links":{"self":[{"href":"https:\/\/www.enscmu.uha.fr\/index.php\/wp-json\/wp\/v2\/pages\/69","targetHints":{"allow":["GET"]}}],"collection":[{"href":"https:\/\/www.enscmu.uha.fr\/index.php\/wp-json\/wp\/v2\/pages"}],"about":[{"href":"https:\/\/www.enscmu.uha.fr\/index.php\/wp-json\/wp\/v2\/types\/page"}],"author":[{"embeddable":true,"href":"https:\/\/www.enscmu.uha.fr\/index.php\/wp-json\/wp\/v2\/users\/1"}],"replies":[{"embeddable":true,"href":"https:\/\/www.enscmu.uha.fr\/index.php\/wp-json\/wp\/v2\/comments?post=69"}],"version-history":[{"count":12,"href":"https:\/\/www.enscmu.uha.fr\/index.php\/wp-json\/wp\/v2\/pages\/69\/revisions"}],"predecessor-version":[{"id":4839,"href":"https:\/\/www.enscmu.uha.fr\/index.php\/wp-json\/wp\/v2\/pages\/69\/revisions\/4839"}],"up":[{"embeddable":true,"href":"https:\/\/www.enscmu.uha.fr\/index.php\/wp-json\/wp\/v2\/pages\/59"}],"wp:featuredmedia":[{"embeddable":true,"href":"https:\/\/www.enscmu.uha.fr\/index.php\/wp-json\/wp\/v2\/media\/2855"}],"wp:attachment":[{"href":"https:\/\/www.enscmu.uha.fr\/index.php\/wp-json\/wp\/v2\/media?parent=69"}],"wp:term":[{"taxonomy":"category","embeddable":true,"href":"https:\/\/www.enscmu.uha.fr\/index.php\/wp-json\/wp\/v2\/categories?post=69"},{"taxonomy":"post_tag","embeddable":true,"href":"https:\/\/www.enscmu.uha.fr\/index.php\/wp-json\/wp\/v2\/tags?post=69"}],"curies":[{"name":"wp","href":"https:\/\/api.w.org\/{rel}","templated":true}]}}