{"id":7,"date":"2017-12-12T15:47:46","date_gmt":"2017-12-12T14:47:46","guid":{"rendered":"https:\/\/www.enscmu.uha.fr\/?page_id=7"},"modified":"2025-12-02T15:41:25","modified_gmt":"2025-12-02T14:41:25","slug":"label-qualite-iso-9001","status":"publish","type":"page","link":"https:\/\/www.enscmu.uha.fr\/index.php\/ecole-ingenieurs-chimistes-mulhouse\/label-qualite-iso-9001\/","title":{"rendered":"LABEL QUALIT\u00c9 ISO 9001"},"content":{"rendered":"<div class=\"deflex main\" style=\"display: flex;\">\n<div class=\"deborder\" style=\"width: 70%; margin-left: auto; margin-right: auto; padding-right: 5%;\">\n<p>L\u2019objectif principal de l\u2019ENSCMu est la r\u00e9ussite et l\u2019insertion professionnelle de ses \u00e9tudiants. En 2004, l\u2019\u00e9cole a choisi de mettre en place une d\u00e9marche qualit\u00e9, afin d\u2019appliquer une politique d\u2019am\u00e9lioration continue \u00e0 l\u2019ensemble des activit\u00e9s li\u00e9es \u00e0 la formation, regroup\u00e9es par processus, d\u00e9taill\u00e9es dans la cartographie des processus.<\/p>\n<p>Chimie Mulhouse a obtenu la certification ISO 9001-version 2008 le 22 d\u00e9cembre 2012 pour une p\u00e9riode de 3 ans, pour sa formation d\u2019ing\u00e9nieur chimiste. Cette certification a \u00e9t\u00e9 renouvel\u00e9e pour la p\u00e9riode 2015-2018, et l&rsquo;ENSCMu est pass\u00e9e \u00e0 la version 2015 de la norme depuis fin 2017. La certification suivante a \u00e9t\u00e9 accord\u00e9e fin 2018 jusqu&rsquo;\u00e0 fin 2021. Depuis janvier 2025, l&rsquo;ENSCMu est <a href=\"https:\/\/www.enscmu.uha.fr\/wp-content\/uploads\/2022\/01\/ENSCMu_certificat_AFNOR_ISO9001_01.22.pdf\" target=\"_blank\" rel=\"noopener noreferrer\">certifi\u00e9e ISO 9001-version 2015 par l&rsquo;AFNOR<\/a> pour un nouveau cycle de trois ans.<\/p>\n<p><img loading=\"lazy\" decoding=\"async\" class=\"alignnone wp-image-4439 size-large\" src=\"https:\/\/www.enscmu.uha.fr\/wp-content\/uploads\/2023\/04\/representation-cartographie-qualite-21.10.22-1024x724.png\" alt=\"\" width=\"750\" height=\"530\" srcset=\"https:\/\/www.enscmu.uha.fr\/wp-content\/uploads\/2023\/04\/representation-cartographie-qualite-21.10.22-1024x724.png 1024w, https:\/\/www.enscmu.uha.fr\/wp-content\/uploads\/2023\/04\/representation-cartographie-qualite-21.10.22-300x212.png 300w, https:\/\/www.enscmu.uha.fr\/wp-content\/uploads\/2023\/04\/representation-cartographie-qualite-21.10.22-768x543.png 768w, https:\/\/www.enscmu.uha.fr\/wp-content\/uploads\/2023\/04\/representation-cartographie-qualite-21.10.22-1536x1086.png 1536w, https:\/\/www.enscmu.uha.fr\/wp-content\/uploads\/2023\/04\/representation-cartographie-qualite-21.10.22-2048x1448.png 2048w\" sizes=\"auto, (max-width: 750px) 100vw, 750px\" \/><\/p>\n<h2>ORIENTATIONS STRAT\u00c9GIQUES<\/h2>\n<p>L\u2019\u00e9cole dispose d\u2019un Syst\u00e8me de Management de la Qualit\u00e9 (SMQ) qui lui permet d\u2019\u00eatre attentive \u00e0 la satisfaction des clients ou b\u00e9n\u00e9ficiaires, que sont les \u00e9tudiants et les entreprises susceptibles d\u2019employer les jeunes ing\u00e9nieurs.<\/p>\n<p>Dans cette optique, la direction a d\u00e9fini 3 grands axes politiques :<\/p>\n<ul>\n<li>assurer le haut niveau de qualit\u00e9 des enseignements dispens\u00e9s par l&rsquo;ENSCMu en pratiquant les modalit\u00e9s p\u00e9dagogiques les plus appropri\u00e9es,<\/li>\n<li>renforcer la notori\u00e9t\u00e9 de l&rsquo;ENSCMu afin d\u2019augmenter son attractivit\u00e9 et ainsi attirer les \u00e9l\u00e8ves les plus brillants et inciter les entreprises \u00e0 recruter les ing\u00e9nieurs form\u00e9s,<\/li>\n<li>d\u00e9velopper l\u2019<a href=\"https:\/\/www.enscmu.uha.fr\/index.php\/international\/\">ouverture \u00e0 l\u2019international<\/a> afin de permettre \u00e0 la fois aux \u00e9tudiants de l\u2019ENSCMu d&rsquo;ajouter davantage de mobilit\u00e9 \u00e0 leur formation et d\u2019attirer des \u00e9tudiants \u00e9trangers.<\/li>\n<\/ul>\n<p>&nbsp;<\/p>\n<h2>LES OUTILS DE LA QUALIT\u00c9<\/h2>\n<p>Pour mener \u00e0 bien les actions n\u00e9cessaires \u00e0 la poursuite de nos objectifs, nous disposons d\u2019un certain nombre d\u2019outils et notamment :<\/p>\n<ul>\n<li>le tableau de bord regroupant les indicateurs de performance qui sont utiles \u00e0 la prise de d\u00e9cision de la direction,<\/li>\n<li>les enqu\u00eates effectu\u00e9es aupr\u00e8s de nos clients (\u00e9valuation des enseignements, enqu\u00eate de satisfaction de la direction, appr\u00e9ciations de stages&#8230;).<\/li>\n<\/ul>\n<\/div>\n<div style=\"width: 27.5%; margin-left: auto; margin-right: auto;\">Contact : Annick Kurtz, Responsable qualit\u00e9<br \/>\n<a href=\"https:\/\/www.annuaire.uha.fr\/\">Contactez-nous<\/a><div class=\"su-service\"><div class=\"su-service-title\" style=\"padding-left:46px;min-height:32px;line-height:32px\"><i class=\"sui sui-download\" style=\"font-size:32px;color:#CE0075\"><\/i> A t\u00e9l\u00e9charger<\/div><div class=\"su-service-content su-u-clearfix su-u-trim\" style=\"padding-left:46px\"><a href=\"https:\/\/www.enscmu.uha.fr\/wp-content\/uploads\/2022\/01\/ENSCMu_certificat_AFNOR_ISO9001_01.22.pdf\" target=\"_blank\" rel=\"noopener noreferrer\">Certification ISO 9001 &#8211; version 2015 de l&rsquo;ENSCMu<\/a><\/div><\/div><\/div>\n<\/div>\n<div id=\"s3gt_translate_tooltip_mini\" class=\"s3gt_translate_tooltip_mini_box\" style=\"background: initial !important; border: initial !important; border-radius: initial !important; border-spacing: initial !important; border-collapse: initial !important; direction: ltr !important; flex-direction: initial !important; font-weight: initial !important; height: initial !important; letter-spacing: initial !important; min-width: initial !important; max-width: initial !important; min-height: initial !important; max-height: initial !important; margin: auto !important; outline: initial !important; padding: initial !important; position: absolute; table-layout: initial !important; text-align: initial !important; text-shadow: initial !important; width: initial !important; word-break: initial !important; word-spacing: initial !important; overflow-wrap: initial !important; box-sizing: initial !important; display: initial !important; color: inherit !important; font-size: 13px !important; font-family: X-LocaleSpecific, sans-serif, Tahoma, Helvetica !important; line-height: 13px !important; vertical-align: top !important; white-space: inherit !important; left: 647px; top: 169px; opacity: 0.85;\">\n<div id=\"s3gt_translate_tooltip_mini_logo\" class=\"s3gt_translate_tooltip_mini\" title=\"Traduire le texte s\u00e9lectionn\u00e9\"><\/div>\n<div id=\"s3gt_translate_tooltip_mini_sound\" class=\"s3gt_translate_tooltip_mini\" title=\"Lecture\"><\/div>\n<div id=\"s3gt_translate_tooltip_mini_copy\" class=\"s3gt_translate_tooltip_mini\" title=\"Copier le texte dans le presse-papiers\"><\/div>\n<\/div>\n","protected":false},"excerpt":{"rendered":"<p>L\u2019objectif principal de l\u2019ENSCMu est la r\u00e9ussite et l\u2019insertion professionnelle de ses \u00e9tudiants. En 2004, l\u2019\u00e9cole a choisi de mettre en place une d\u00e9marche qualit\u00e9, afin d\u2019appliquer une politique d\u2019am\u00e9lioration continue \u00e0 l\u2019ensemble des activit\u00e9s li\u00e9es \u00e0 la formation, regroup\u00e9es par processus, d\u00e9taill\u00e9es dans la cartographie des processus. Chimie Mulhouse a obtenu la certification ISO [&hellip;]<\/p>\n","protected":false},"author":1,"featured_media":0,"parent":2,"menu_order":0,"comment_status":"closed","ping_status":"closed","template":"","meta":{"footnotes":""},"categories":[6],"tags":[],"class_list":["post-7","page","type-page","status-publish","hentry","category-entreprises-partenaires"],"yoast_head":"<!-- This site is optimized with the Yoast SEO plugin v27.4 - https:\/\/yoast.com\/product\/yoast-seo-wordpress\/ -->\n<title>LABEL QUALIT\u00c9 ISO 9001 - ENSCMu<\/title>\n<meta name=\"robots\" content=\"index, follow, max-snippet:-1, max-image-preview:large, max-video-preview:-1\" \/>\n<link rel=\"canonical\" href=\"https:\/\/www.enscmu.uha.fr\/index.php\/ecole-ingenieurs-chimistes-mulhouse\/label-qualite-iso-9001\/\" \/>\n<meta property=\"og:locale\" content=\"fr_FR\" \/>\n<meta property=\"og:type\" content=\"article\" \/>\n<meta property=\"og:title\" content=\"LABEL QUALIT\u00c9 ISO 9001 - ENSCMu\" \/>\n<meta property=\"og:description\" content=\"L\u2019objectif principal de l\u2019ENSCMu est la r\u00e9ussite et l\u2019insertion professionnelle de ses \u00e9tudiants. En 2004, l\u2019\u00e9cole a choisi de mettre en place une d\u00e9marche qualit\u00e9, afin d\u2019appliquer une politique d\u2019am\u00e9lioration continue \u00e0 l\u2019ensemble des activit\u00e9s li\u00e9es \u00e0 la formation, regroup\u00e9es par processus, d\u00e9taill\u00e9es dans la cartographie des processus. Chimie Mulhouse a obtenu la certification ISO [&hellip;]\" \/>\n<meta property=\"og:url\" content=\"https:\/\/www.enscmu.uha.fr\/index.php\/ecole-ingenieurs-chimistes-mulhouse\/label-qualite-iso-9001\/\" \/>\n<meta property=\"og:site_name\" content=\"ENSCMu | \u00c9cole Nationale Sup\u00e9rieure de Chimie de Mulhouse\" \/>\n<meta property=\"article:modified_time\" content=\"2025-12-02T14:41:25+00:00\" \/>\n<meta property=\"og:image\" content=\"https:\/\/www.enscmu.uha.fr\/wp-content\/uploads\/2023\/04\/representation-cartographie-qualite-21.10.22.png\" \/>\n\t<meta property=\"og:image:width\" content=\"3508\" \/>\n\t<meta property=\"og:image:height\" content=\"2480\" \/>\n\t<meta property=\"og:image:type\" content=\"image\/png\" \/>\n<meta name=\"twitter:card\" content=\"summary_large_image\" \/>\n<meta name=\"twitter:label1\" content=\"Dur\u00e9e de lecture estim\u00e9e\" \/>\n\t<meta name=\"twitter:data1\" content=\"2 minutes\" \/>\n<script type=\"application\/ld+json\" class=\"yoast-schema-graph\">{\"@context\":\"https:\\\/\\\/schema.org\",\"@graph\":[{\"@type\":\"WebPage\",\"@id\":\"https:\\\/\\\/www.enscmu.uha.fr\\\/index.php\\\/ecole-ingenieurs-chimistes-mulhouse\\\/label-qualite-iso-9001\\\/\",\"url\":\"https:\\\/\\\/www.enscmu.uha.fr\\\/index.php\\\/ecole-ingenieurs-chimistes-mulhouse\\\/label-qualite-iso-9001\\\/\",\"name\":\"LABEL QUALIT\u00c9 ISO 9001 - ENSCMu\",\"isPartOf\":{\"@id\":\"https:\\\/\\\/www.enscmu.uha.fr\\\/#website\"},\"primaryImageOfPage\":{\"@id\":\"https:\\\/\\\/www.enscmu.uha.fr\\\/index.php\\\/ecole-ingenieurs-chimistes-mulhouse\\\/label-qualite-iso-9001\\\/#primaryimage\"},\"image\":{\"@id\":\"https:\\\/\\\/www.enscmu.uha.fr\\\/index.php\\\/ecole-ingenieurs-chimistes-mulhouse\\\/label-qualite-iso-9001\\\/#primaryimage\"},\"thumbnailUrl\":\"https:\\\/\\\/www.enscmu.uha.fr\\\/wp-content\\\/uploads\\\/2023\\\/04\\\/representation-cartographie-qualite-21.10.22-1024x724.png\",\"datePublished\":\"2017-12-12T14:47:46+00:00\",\"dateModified\":\"2025-12-02T14:41:25+00:00\",\"breadcrumb\":{\"@id\":\"https:\\\/\\\/www.enscmu.uha.fr\\\/index.php\\\/ecole-ingenieurs-chimistes-mulhouse\\\/label-qualite-iso-9001\\\/#breadcrumb\"},\"inLanguage\":\"fr-FR\",\"potentialAction\":[{\"@type\":\"ReadAction\",\"target\":[\"https:\\\/\\\/www.enscmu.uha.fr\\\/index.php\\\/ecole-ingenieurs-chimistes-mulhouse\\\/label-qualite-iso-9001\\\/\"]}]},{\"@type\":\"ImageObject\",\"inLanguage\":\"fr-FR\",\"@id\":\"https:\\\/\\\/www.enscmu.uha.fr\\\/index.php\\\/ecole-ingenieurs-chimistes-mulhouse\\\/label-qualite-iso-9001\\\/#primaryimage\",\"url\":\"https:\\\/\\\/www.enscmu.uha.fr\\\/wp-content\\\/uploads\\\/2023\\\/04\\\/representation-cartographie-qualite-21.10.22.png\",\"contentUrl\":\"https:\\\/\\\/www.enscmu.uha.fr\\\/wp-content\\\/uploads\\\/2023\\\/04\\\/representation-cartographie-qualite-21.10.22.png\",\"width\":3508,\"height\":2480},{\"@type\":\"BreadcrumbList\",\"@id\":\"https:\\\/\\\/www.enscmu.uha.fr\\\/index.php\\\/ecole-ingenieurs-chimistes-mulhouse\\\/label-qualite-iso-9001\\\/#breadcrumb\",\"itemListElement\":[{\"@type\":\"ListItem\",\"position\":1,\"name\":\"Accueil\",\"item\":\"https:\\\/\\\/www.enscmu.uha.fr\\\/\"},{\"@type\":\"ListItem\",\"position\":2,\"name\":\"L&rsquo;ENSCMu\",\"item\":\"https:\\\/\\\/www.enscmu.uha.fr\\\/index.php\\\/ecole-ingenieurs-chimistes-mulhouse\\\/\"},{\"@type\":\"ListItem\",\"position\":3,\"name\":\"LABEL QUALIT\u00c9 ISO 9001\"}]},{\"@type\":\"WebSite\",\"@id\":\"https:\\\/\\\/www.enscmu.uha.fr\\\/#website\",\"url\":\"https:\\\/\\\/www.enscmu.uha.fr\\\/\",\"name\":\"ENSCMu | \u00c9cole Nationale Sup\u00e9rieure de Chimie de Mulhouse\",\"description\":\"Campus Illberg | Universit\u00e9 de Haute-Alsace\",\"potentialAction\":[{\"@type\":\"SearchAction\",\"target\":{\"@type\":\"EntryPoint\",\"urlTemplate\":\"https:\\\/\\\/www.enscmu.uha.fr\\\/?s={search_term_string}\"},\"query-input\":{\"@type\":\"PropertyValueSpecification\",\"valueRequired\":true,\"valueName\":\"search_term_string\"}}],\"inLanguage\":\"fr-FR\"}]}<\/script>\n<!-- \/ Yoast SEO plugin. -->","yoast_head_json":{"title":"LABEL QUALIT\u00c9 ISO 9001 - ENSCMu","robots":{"index":"index","follow":"follow","max-snippet":"max-snippet:-1","max-image-preview":"max-image-preview:large","max-video-preview":"max-video-preview:-1"},"canonical":"https:\/\/www.enscmu.uha.fr\/index.php\/ecole-ingenieurs-chimistes-mulhouse\/label-qualite-iso-9001\/","og_locale":"fr_FR","og_type":"article","og_title":"LABEL QUALIT\u00c9 ISO 9001 - ENSCMu","og_description":"L\u2019objectif principal de l\u2019ENSCMu est la r\u00e9ussite et l\u2019insertion professionnelle de ses \u00e9tudiants. En 2004, l\u2019\u00e9cole a choisi de mettre en place une d\u00e9marche qualit\u00e9, afin d\u2019appliquer une politique d\u2019am\u00e9lioration continue \u00e0 l\u2019ensemble des activit\u00e9s li\u00e9es \u00e0 la formation, regroup\u00e9es par processus, d\u00e9taill\u00e9es dans la cartographie des processus. Chimie Mulhouse a obtenu la certification ISO [&hellip;]","og_url":"https:\/\/www.enscmu.uha.fr\/index.php\/ecole-ingenieurs-chimistes-mulhouse\/label-qualite-iso-9001\/","og_site_name":"ENSCMu | \u00c9cole Nationale Sup\u00e9rieure de Chimie de Mulhouse","article_modified_time":"2025-12-02T14:41:25+00:00","og_image":[{"width":3508,"height":2480,"url":"https:\/\/www.enscmu.uha.fr\/wp-content\/uploads\/2023\/04\/representation-cartographie-qualite-21.10.22.png","type":"image\/png"}],"twitter_card":"summary_large_image","twitter_misc":{"Dur\u00e9e de lecture estim\u00e9e":"2 minutes"},"schema":{"@context":"https:\/\/schema.org","@graph":[{"@type":"WebPage","@id":"https:\/\/www.enscmu.uha.fr\/index.php\/ecole-ingenieurs-chimistes-mulhouse\/label-qualite-iso-9001\/","url":"https:\/\/www.enscmu.uha.fr\/index.php\/ecole-ingenieurs-chimistes-mulhouse\/label-qualite-iso-9001\/","name":"LABEL QUALIT\u00c9 ISO 9001 - ENSCMu","isPartOf":{"@id":"https:\/\/www.enscmu.uha.fr\/#website"},"primaryImageOfPage":{"@id":"https:\/\/www.enscmu.uha.fr\/index.php\/ecole-ingenieurs-chimistes-mulhouse\/label-qualite-iso-9001\/#primaryimage"},"image":{"@id":"https:\/\/www.enscmu.uha.fr\/index.php\/ecole-ingenieurs-chimistes-mulhouse\/label-qualite-iso-9001\/#primaryimage"},"thumbnailUrl":"https:\/\/www.enscmu.uha.fr\/wp-content\/uploads\/2023\/04\/representation-cartographie-qualite-21.10.22-1024x724.png","datePublished":"2017-12-12T14:47:46+00:00","dateModified":"2025-12-02T14:41:25+00:00","breadcrumb":{"@id":"https:\/\/www.enscmu.uha.fr\/index.php\/ecole-ingenieurs-chimistes-mulhouse\/label-qualite-iso-9001\/#breadcrumb"},"inLanguage":"fr-FR","potentialAction":[{"@type":"ReadAction","target":["https:\/\/www.enscmu.uha.fr\/index.php\/ecole-ingenieurs-chimistes-mulhouse\/label-qualite-iso-9001\/"]}]},{"@type":"ImageObject","inLanguage":"fr-FR","@id":"https:\/\/www.enscmu.uha.fr\/index.php\/ecole-ingenieurs-chimistes-mulhouse\/label-qualite-iso-9001\/#primaryimage","url":"https:\/\/www.enscmu.uha.fr\/wp-content\/uploads\/2023\/04\/representation-cartographie-qualite-21.10.22.png","contentUrl":"https:\/\/www.enscmu.uha.fr\/wp-content\/uploads\/2023\/04\/representation-cartographie-qualite-21.10.22.png","width":3508,"height":2480},{"@type":"BreadcrumbList","@id":"https:\/\/www.enscmu.uha.fr\/index.php\/ecole-ingenieurs-chimistes-mulhouse\/label-qualite-iso-9001\/#breadcrumb","itemListElement":[{"@type":"ListItem","position":1,"name":"Accueil","item":"https:\/\/www.enscmu.uha.fr\/"},{"@type":"ListItem","position":2,"name":"L&rsquo;ENSCMu","item":"https:\/\/www.enscmu.uha.fr\/index.php\/ecole-ingenieurs-chimistes-mulhouse\/"},{"@type":"ListItem","position":3,"name":"LABEL QUALIT\u00c9 ISO 9001"}]},{"@type":"WebSite","@id":"https:\/\/www.enscmu.uha.fr\/#website","url":"https:\/\/www.enscmu.uha.fr\/","name":"ENSCMu | \u00c9cole Nationale Sup\u00e9rieure de Chimie de Mulhouse","description":"Campus Illberg | Universit\u00e9 de Haute-Alsace","potentialAction":[{"@type":"SearchAction","target":{"@type":"EntryPoint","urlTemplate":"https:\/\/www.enscmu.uha.fr\/?s={search_term_string}"},"query-input":{"@type":"PropertyValueSpecification","valueRequired":true,"valueName":"search_term_string"}}],"inLanguage":"fr-FR"}]}},"_links":{"self":[{"href":"https:\/\/www.enscmu.uha.fr\/index.php\/wp-json\/wp\/v2\/pages\/7","targetHints":{"allow":["GET"]}}],"collection":[{"href":"https:\/\/www.enscmu.uha.fr\/index.php\/wp-json\/wp\/v2\/pages"}],"about":[{"href":"https:\/\/www.enscmu.uha.fr\/index.php\/wp-json\/wp\/v2\/types\/page"}],"author":[{"embeddable":true,"href":"https:\/\/www.enscmu.uha.fr\/index.php\/wp-json\/wp\/v2\/users\/1"}],"replies":[{"embeddable":true,"href":"https:\/\/www.enscmu.uha.fr\/index.php\/wp-json\/wp\/v2\/comments?post=7"}],"version-history":[{"count":21,"href":"https:\/\/www.enscmu.uha.fr\/index.php\/wp-json\/wp\/v2\/pages\/7\/revisions"}],"predecessor-version":[{"id":5771,"href":"https:\/\/www.enscmu.uha.fr\/index.php\/wp-json\/wp\/v2\/pages\/7\/revisions\/5771"}],"up":[{"embeddable":true,"href":"https:\/\/www.enscmu.uha.fr\/index.php\/wp-json\/wp\/v2\/pages\/2"}],"wp:attachment":[{"href":"https:\/\/www.enscmu.uha.fr\/index.php\/wp-json\/wp\/v2\/media?parent=7"}],"wp:term":[{"taxonomy":"category","embeddable":true,"href":"https:\/\/www.enscmu.uha.fr\/index.php\/wp-json\/wp\/v2\/categories?post=7"},{"taxonomy":"post_tag","embeddable":true,"href":"https:\/\/www.enscmu.uha.fr\/index.php\/wp-json\/wp\/v2\/tags?post=7"}],"curies":[{"name":"wp","href":"https:\/\/api.w.org\/{rel}","templated":true}]}}