{"id":71,"date":"2020-02-02T15:56:09","date_gmt":"2020-02-02T14:56:09","guid":{"rendered":"https:\/\/www.enscmu.uha.fr\/?page_id=71"},"modified":"2025-02-06T17:27:16","modified_gmt":"2025-02-06T16:27:16","slug":"dons-fondation-pour-lenscmu","status":"publish","type":"page","link":"https:\/\/www.enscmu.uha.fr\/index.php\/relations-entreprises\/dons-fondation-pour-lenscmu\/","title":{"rendered":"DONS &#8211; FONDATION POUR L&rsquo;ENSCMu"},"content":{"rendered":"<div class=\"deflex main\" style=\"display: flex;\">\n<div class=\"deborder\" style=\"width: 70%; margin-left: auto; margin-right: auto; padding-right: 5%;\">\n<p><img loading=\"lazy\" decoding=\"async\" class=\"wp-image-4406 size-medium aligncenter\" src=\"https:\/\/www.enscmu.uha.fr\/wp-content\/uploads\/2023\/03\/logo_fondation_enscmu_rose-300x76.png\" alt=\"\" width=\"300\" height=\"76\" srcset=\"https:\/\/www.enscmu.uha.fr\/wp-content\/uploads\/2023\/03\/logo_fondation_enscmu_rose-300x76.png 300w, https:\/\/www.enscmu.uha.fr\/wp-content\/uploads\/2023\/03\/logo_fondation_enscmu_rose-1024x260.png 1024w, https:\/\/www.enscmu.uha.fr\/wp-content\/uploads\/2023\/03\/logo_fondation_enscmu_rose-768x195.png 768w, https:\/\/www.enscmu.uha.fr\/wp-content\/uploads\/2023\/03\/logo_fondation_enscmu_rose-1536x390.png 1536w, https:\/\/www.enscmu.uha.fr\/wp-content\/uploads\/2023\/03\/logo_fondation_enscmu_rose.png 2000w\" sizes=\"auto, (max-width: 300px) 100vw, 300px\" \/><\/p>\n<p>La <a href=\"https:\/\/www.fondation-enscmu.fr\/\" target=\"_blank\" rel=\"noopener\">Fondation pour l\u2019ENSCMu<\/a> est reconnue d&rsquo;utilit\u00e9 publique. Depuis 1930, elle est le partenaire privil\u00e9gi\u00e9 de l\u2019\u00e9cole pour le soutien de l\u2019enseignement et de la recherche. Elle apporte son appui aux valeurs d\u00e9fendues par l\u2019\u00e9cole que sont :<\/p>\n<ul>\n<li>l\u2019excellence (accueil d\u2019intervenants \u00e9trangers renomm\u00e9s, financement de s\u00e9jours d\u2019\u00e9tudiants \u00e0 l\u2019\u00e9tranger, de th\u00e8ses de haut niveau et de chaires innovantes, participation \u00e0 la modernisation des \u00e9quipements de travaux pratiques de l\u2019\u00e9cole, soutien aux projets d\u2019innovation p\u00e9dagogique et au d\u00e9veloppement des langues \u00e9trang\u00e8res),<\/li>\n<li>l\u2019ouverture sur le monde (soutien du dynamisme associatif \u00e9tudiant, facteur de responsabilisation et d\u2019esprit d\u2019entreprendre, soutien de la coop\u00e9ration internationale et en particulier transfrontali\u00e8re).<\/li>\n<\/ul>\n<h1>M\u00e9c\u00e9nat<\/h1>\n<p><a href=\"https:\/\/www.helloasso.com\/associations\/fondation-ecole-nat-superieure-de-chimie\/formulaires\/2\" target=\"_blank\" rel=\"noopener\"><strong>Devenez m\u00e9c\u00e8ne en faisant un don<\/strong><\/a> \u00e0 la Fondation pour l\u2019ENSCMu pour prendre part \u00e0 la construction de l\u2019\u00e9cole du futur et continuer \u00e0 en faire une r\u00e9f\u00e9rence dans le monde de la chimie de demain.<\/p>\n<h1>Pourquoi donner ?<\/h1>\n<ul>\n<li>Afin de vous rapprocher d\u2019un vivier d\u2019ing\u00e9nieurs de qualit\u00e9, comp\u00e9tents dans le domaine de la chimie mais aussi ouverts sur d\u2019autres disciplines et comp\u00e9tences devenues incontournables ;<\/li>\n<li>Pour soutenir les actions en faveur de la recherche et la faire progresser sur des th\u00e9matiques li\u00e9es \u00e0 votre activit\u00e9 ;<\/li>\n<li>Pour vous engager dans une d\u00e9marche socialement responsable.<\/li>\n<\/ul>\n<p>Reconnue d\u2019utilit\u00e9 publique, la Fondation pour l&rsquo;ENSCMu peut b\u00e9n\u00e9ficier de dons de la part des entreprises et des particuliers. Elle permet aux donateurs d&rsquo;acc\u00e9der \u00e0 des <a href=\"https:\/\/www.centre-francais-fondations.org\/donner\/\" target=\"_blank\" rel=\"noopener noreferrer\">r\u00e9ductions d&rsquo;imp\u00f4ts<\/a> (60% du don est d\u00e9ductible des imp\u00f4ts pour les entreprises et 66% du don est d\u00e9ductible des imp\u00f4ts pour les particuliers).<\/p>\n<\/div>\n<div style=\"width: 27.5%; margin-left: auto; margin-right: auto;\">\n<p>Contact : <a href=\"mailto:contact@fondation-enscmu.fr\">contact@fondation-enscmu.fr<\/a><\/p>\n<div class=\"su-service\"><div class=\"su-service-title\" style=\"padding-left:46px;min-height:32px;line-height:32px\"><i class=\"sui sui-download\" style=\"font-size:32px;color:#CE0075\"><\/i> \u00c0 t\u00e9l\u00e9charger<\/div><div class=\"su-service-content su-u-clearfix su-u-trim\" style=\"padding-left:46px\"><a href=\"https:\/\/www.enscmu.uha.fr\/wp-content\/uploads\/2023\/03\/FondationChimie_offreMecenat.pdf\" target=\"_blank\" rel=\"noopener noreferrer\">Brochure Fondation pour l&rsquo;ENSCMu<\/a><\/p>\n<p><a href=\"https:\/\/www.enscmu.uha.fr\/wp-content\/uploads\/2023\/03\/FONDATION_ENSCMU_mecenat.pdf\">Brochure M\u00e9c\u00e9nat de l&rsquo;ENSCMu<\/a><\/div><\/div>\n<\/div>\n<\/div>\n","protected":false},"excerpt":{"rendered":"<p>La Fondation pour l\u2019ENSCMu est reconnue d&rsquo;utilit\u00e9 publique. Depuis 1930, elle est le partenaire privil\u00e9gi\u00e9 de l\u2019\u00e9cole pour le soutien de l\u2019enseignement et de la recherche. Elle apporte son appui aux valeurs d\u00e9fendues par l\u2019\u00e9cole que sont : l\u2019excellence (accueil d\u2019intervenants \u00e9trangers renomm\u00e9s, financement de s\u00e9jours d\u2019\u00e9tudiants \u00e0 l\u2019\u00e9tranger, de th\u00e8ses de haut niveau et [&hellip;]<\/p>\n","protected":false},"author":1,"featured_media":0,"parent":59,"menu_order":2,"comment_status":"closed","ping_status":"closed","template":"","meta":{"footnotes":""},"categories":[6],"tags":[],"class_list":["post-71","page","type-page","status-publish","hentry","category-entreprises-partenaires"],"yoast_head":"<!-- This site is optimized with the Yoast SEO plugin v27.4 - https:\/\/yoast.com\/product\/yoast-seo-wordpress\/ -->\n<title>DONS - FONDATION POUR L&#039;ENSCMu - ENSCMu<\/title>\n<meta name=\"robots\" content=\"index, follow, max-snippet:-1, max-image-preview:large, max-video-preview:-1\" \/>\n<link rel=\"canonical\" href=\"https:\/\/www.enscmu.uha.fr\/index.php\/relations-entreprises\/dons-fondation-pour-lenscmu\/\" \/>\n<meta property=\"og:locale\" content=\"fr_FR\" \/>\n<meta property=\"og:type\" content=\"article\" \/>\n<meta property=\"og:title\" content=\"DONS - FONDATION POUR L&#039;ENSCMu - ENSCMu\" \/>\n<meta property=\"og:description\" content=\"La Fondation pour l\u2019ENSCMu est reconnue d&rsquo;utilit\u00e9 publique. Depuis 1930, elle est le partenaire privil\u00e9gi\u00e9 de l\u2019\u00e9cole pour le soutien de l\u2019enseignement et de la recherche. Elle apporte son appui aux valeurs d\u00e9fendues par l\u2019\u00e9cole que sont : l\u2019excellence (accueil d\u2019intervenants \u00e9trangers renomm\u00e9s, financement de s\u00e9jours d\u2019\u00e9tudiants \u00e0 l\u2019\u00e9tranger, de th\u00e8ses de haut niveau et [&hellip;]\" \/>\n<meta property=\"og:url\" content=\"https:\/\/www.enscmu.uha.fr\/index.php\/relations-entreprises\/dons-fondation-pour-lenscmu\/\" \/>\n<meta property=\"og:site_name\" content=\"ENSCMu | \u00c9cole Nationale Sup\u00e9rieure de Chimie de Mulhouse\" \/>\n<meta property=\"article:modified_time\" content=\"2025-02-06T16:27:16+00:00\" \/>\n<meta property=\"og:image\" content=\"https:\/\/www.enscmu.uha.fr\/wp-content\/uploads\/2023\/03\/logo_fondation_enscmu_rose.png\" \/>\n\t<meta property=\"og:image:width\" content=\"2000\" \/>\n\t<meta property=\"og:image:height\" content=\"508\" \/>\n\t<meta property=\"og:image:type\" content=\"image\/png\" \/>\n<meta name=\"twitter:card\" content=\"summary_large_image\" \/>\n<meta name=\"twitter:label1\" content=\"Dur\u00e9e de lecture estim\u00e9e\" \/>\n\t<meta name=\"twitter:data1\" content=\"2 minutes\" \/>\n<script type=\"application\/ld+json\" class=\"yoast-schema-graph\">{\"@context\":\"https:\\\/\\\/schema.org\",\"@graph\":[{\"@type\":\"WebPage\",\"@id\":\"https:\\\/\\\/www.enscmu.uha.fr\\\/index.php\\\/relations-entreprises\\\/dons-fondation-pour-lenscmu\\\/\",\"url\":\"https:\\\/\\\/www.enscmu.uha.fr\\\/index.php\\\/relations-entreprises\\\/dons-fondation-pour-lenscmu\\\/\",\"name\":\"DONS - FONDATION POUR L'ENSCMu - ENSCMu\",\"isPartOf\":{\"@id\":\"https:\\\/\\\/www.enscmu.uha.fr\\\/#website\"},\"primaryImageOfPage\":{\"@id\":\"https:\\\/\\\/www.enscmu.uha.fr\\\/index.php\\\/relations-entreprises\\\/dons-fondation-pour-lenscmu\\\/#primaryimage\"},\"image\":{\"@id\":\"https:\\\/\\\/www.enscmu.uha.fr\\\/index.php\\\/relations-entreprises\\\/dons-fondation-pour-lenscmu\\\/#primaryimage\"},\"thumbnailUrl\":\"https:\\\/\\\/www.enscmu.uha.fr\\\/wp-content\\\/uploads\\\/2023\\\/03\\\/logo_fondation_enscmu_rose-300x76.png\",\"datePublished\":\"2020-02-02T14:56:09+00:00\",\"dateModified\":\"2025-02-06T16:27:16+00:00\",\"breadcrumb\":{\"@id\":\"https:\\\/\\\/www.enscmu.uha.fr\\\/index.php\\\/relations-entreprises\\\/dons-fondation-pour-lenscmu\\\/#breadcrumb\"},\"inLanguage\":\"fr-FR\",\"potentialAction\":[{\"@type\":\"ReadAction\",\"target\":[\"https:\\\/\\\/www.enscmu.uha.fr\\\/index.php\\\/relations-entreprises\\\/dons-fondation-pour-lenscmu\\\/\"]}]},{\"@type\":\"ImageObject\",\"inLanguage\":\"fr-FR\",\"@id\":\"https:\\\/\\\/www.enscmu.uha.fr\\\/index.php\\\/relations-entreprises\\\/dons-fondation-pour-lenscmu\\\/#primaryimage\",\"url\":\"https:\\\/\\\/www.enscmu.uha.fr\\\/wp-content\\\/uploads\\\/2023\\\/03\\\/logo_fondation_enscmu_rose.png\",\"contentUrl\":\"https:\\\/\\\/www.enscmu.uha.fr\\\/wp-content\\\/uploads\\\/2023\\\/03\\\/logo_fondation_enscmu_rose.png\",\"width\":2000,\"height\":508},{\"@type\":\"BreadcrumbList\",\"@id\":\"https:\\\/\\\/www.enscmu.uha.fr\\\/index.php\\\/relations-entreprises\\\/dons-fondation-pour-lenscmu\\\/#breadcrumb\",\"itemListElement\":[{\"@type\":\"ListItem\",\"position\":1,\"name\":\"Accueil\",\"item\":\"https:\\\/\\\/www.enscmu.uha.fr\\\/\"},{\"@type\":\"ListItem\",\"position\":2,\"name\":\"RELATIONS ENTREPRISES\",\"item\":\"https:\\\/\\\/www.enscmu.uha.fr\\\/index.php\\\/relations-entreprises\\\/\"},{\"@type\":\"ListItem\",\"position\":3,\"name\":\"DONS &#8211; FONDATION POUR L&rsquo;ENSCMu\"}]},{\"@type\":\"WebSite\",\"@id\":\"https:\\\/\\\/www.enscmu.uha.fr\\\/#website\",\"url\":\"https:\\\/\\\/www.enscmu.uha.fr\\\/\",\"name\":\"ENSCMu | \u00c9cole Nationale Sup\u00e9rieure de Chimie de Mulhouse\",\"description\":\"Campus Illberg | Universit\u00e9 de Haute-Alsace\",\"potentialAction\":[{\"@type\":\"SearchAction\",\"target\":{\"@type\":\"EntryPoint\",\"urlTemplate\":\"https:\\\/\\\/www.enscmu.uha.fr\\\/?s={search_term_string}\"},\"query-input\":{\"@type\":\"PropertyValueSpecification\",\"valueRequired\":true,\"valueName\":\"search_term_string\"}}],\"inLanguage\":\"fr-FR\"}]}<\/script>\n<!-- \/ Yoast SEO plugin. -->","yoast_head_json":{"title":"DONS - FONDATION POUR L'ENSCMu - ENSCMu","robots":{"index":"index","follow":"follow","max-snippet":"max-snippet:-1","max-image-preview":"max-image-preview:large","max-video-preview":"max-video-preview:-1"},"canonical":"https:\/\/www.enscmu.uha.fr\/index.php\/relations-entreprises\/dons-fondation-pour-lenscmu\/","og_locale":"fr_FR","og_type":"article","og_title":"DONS - FONDATION POUR L'ENSCMu - ENSCMu","og_description":"La Fondation pour l\u2019ENSCMu est reconnue d&rsquo;utilit\u00e9 publique. Depuis 1930, elle est le partenaire privil\u00e9gi\u00e9 de l\u2019\u00e9cole pour le soutien de l\u2019enseignement et de la recherche. Elle apporte son appui aux valeurs d\u00e9fendues par l\u2019\u00e9cole que sont : l\u2019excellence (accueil d\u2019intervenants \u00e9trangers renomm\u00e9s, financement de s\u00e9jours d\u2019\u00e9tudiants \u00e0 l\u2019\u00e9tranger, de th\u00e8ses de haut niveau et [&hellip;]","og_url":"https:\/\/www.enscmu.uha.fr\/index.php\/relations-entreprises\/dons-fondation-pour-lenscmu\/","og_site_name":"ENSCMu | \u00c9cole Nationale Sup\u00e9rieure de Chimie de Mulhouse","article_modified_time":"2025-02-06T16:27:16+00:00","og_image":[{"width":2000,"height":508,"url":"https:\/\/www.enscmu.uha.fr\/wp-content\/uploads\/2023\/03\/logo_fondation_enscmu_rose.png","type":"image\/png"}],"twitter_card":"summary_large_image","twitter_misc":{"Dur\u00e9e de lecture estim\u00e9e":"2 minutes"},"schema":{"@context":"https:\/\/schema.org","@graph":[{"@type":"WebPage","@id":"https:\/\/www.enscmu.uha.fr\/index.php\/relations-entreprises\/dons-fondation-pour-lenscmu\/","url":"https:\/\/www.enscmu.uha.fr\/index.php\/relations-entreprises\/dons-fondation-pour-lenscmu\/","name":"DONS - FONDATION POUR L'ENSCMu - ENSCMu","isPartOf":{"@id":"https:\/\/www.enscmu.uha.fr\/#website"},"primaryImageOfPage":{"@id":"https:\/\/www.enscmu.uha.fr\/index.php\/relations-entreprises\/dons-fondation-pour-lenscmu\/#primaryimage"},"image":{"@id":"https:\/\/www.enscmu.uha.fr\/index.php\/relations-entreprises\/dons-fondation-pour-lenscmu\/#primaryimage"},"thumbnailUrl":"https:\/\/www.enscmu.uha.fr\/wp-content\/uploads\/2023\/03\/logo_fondation_enscmu_rose-300x76.png","datePublished":"2020-02-02T14:56:09+00:00","dateModified":"2025-02-06T16:27:16+00:00","breadcrumb":{"@id":"https:\/\/www.enscmu.uha.fr\/index.php\/relations-entreprises\/dons-fondation-pour-lenscmu\/#breadcrumb"},"inLanguage":"fr-FR","potentialAction":[{"@type":"ReadAction","target":["https:\/\/www.enscmu.uha.fr\/index.php\/relations-entreprises\/dons-fondation-pour-lenscmu\/"]}]},{"@type":"ImageObject","inLanguage":"fr-FR","@id":"https:\/\/www.enscmu.uha.fr\/index.php\/relations-entreprises\/dons-fondation-pour-lenscmu\/#primaryimage","url":"https:\/\/www.enscmu.uha.fr\/wp-content\/uploads\/2023\/03\/logo_fondation_enscmu_rose.png","contentUrl":"https:\/\/www.enscmu.uha.fr\/wp-content\/uploads\/2023\/03\/logo_fondation_enscmu_rose.png","width":2000,"height":508},{"@type":"BreadcrumbList","@id":"https:\/\/www.enscmu.uha.fr\/index.php\/relations-entreprises\/dons-fondation-pour-lenscmu\/#breadcrumb","itemListElement":[{"@type":"ListItem","position":1,"name":"Accueil","item":"https:\/\/www.enscmu.uha.fr\/"},{"@type":"ListItem","position":2,"name":"RELATIONS ENTREPRISES","item":"https:\/\/www.enscmu.uha.fr\/index.php\/relations-entreprises\/"},{"@type":"ListItem","position":3,"name":"DONS &#8211; FONDATION POUR L&rsquo;ENSCMu"}]},{"@type":"WebSite","@id":"https:\/\/www.enscmu.uha.fr\/#website","url":"https:\/\/www.enscmu.uha.fr\/","name":"ENSCMu | \u00c9cole Nationale Sup\u00e9rieure de Chimie de Mulhouse","description":"Campus Illberg | Universit\u00e9 de Haute-Alsace","potentialAction":[{"@type":"SearchAction","target":{"@type":"EntryPoint","urlTemplate":"https:\/\/www.enscmu.uha.fr\/?s={search_term_string}"},"query-input":{"@type":"PropertyValueSpecification","valueRequired":true,"valueName":"search_term_string"}}],"inLanguage":"fr-FR"}]}},"_links":{"self":[{"href":"https:\/\/www.enscmu.uha.fr\/index.php\/wp-json\/wp\/v2\/pages\/71","targetHints":{"allow":["GET"]}}],"collection":[{"href":"https:\/\/www.enscmu.uha.fr\/index.php\/wp-json\/wp\/v2\/pages"}],"about":[{"href":"https:\/\/www.enscmu.uha.fr\/index.php\/wp-json\/wp\/v2\/types\/page"}],"author":[{"embeddable":true,"href":"https:\/\/www.enscmu.uha.fr\/index.php\/wp-json\/wp\/v2\/users\/1"}],"replies":[{"embeddable":true,"href":"https:\/\/www.enscmu.uha.fr\/index.php\/wp-json\/wp\/v2\/comments?post=71"}],"version-history":[{"count":18,"href":"https:\/\/www.enscmu.uha.fr\/index.php\/wp-json\/wp\/v2\/pages\/71\/revisions"}],"predecessor-version":[{"id":4408,"href":"https:\/\/www.enscmu.uha.fr\/index.php\/wp-json\/wp\/v2\/pages\/71\/revisions\/4408"}],"up":[{"embeddable":true,"href":"https:\/\/www.enscmu.uha.fr\/index.php\/wp-json\/wp\/v2\/pages\/59"}],"wp:attachment":[{"href":"https:\/\/www.enscmu.uha.fr\/index.php\/wp-json\/wp\/v2\/media?parent=71"}],"wp:term":[{"taxonomy":"category","embeddable":true,"href":"https:\/\/www.enscmu.uha.fr\/index.php\/wp-json\/wp\/v2\/categories?post=71"},{"taxonomy":"post_tag","embeddable":true,"href":"https:\/\/www.enscmu.uha.fr\/index.php\/wp-json\/wp\/v2\/tags?post=71"}],"curies":[{"name":"wp","href":"https:\/\/api.w.org\/{rel}","templated":true}]}}