{"id":75,"date":"2017-12-12T15:56:38","date_gmt":"2017-12-12T14:56:38","guid":{"rendered":"https:\/\/www.enscmu.uha.fr\/?page_id=75"},"modified":"2023-07-06T10:08:03","modified_gmt":"2023-07-06T08:08:03","slug":"associations-clubs","status":"publish","type":"page","link":"https:\/\/www.enscmu.uha.fr\/index.php\/vie-etudiante\/associations-clubs\/","title":{"rendered":"ASSOCIATIONS ET CLUBS"},"content":{"rendered":"<div class=\"deflex main\" style=\"display: flex;\">\n<div class=\"deborder\" style=\"width: 70%; margin-left: auto; margin-right: auto; padding-right: 5%;\">\n<figure id=\"attachment_275\" aria-describedby=\"caption-attachment-275\" style=\"width: 300px\" class=\"wp-caption alignleft\"><img loading=\"lazy\" decoding=\"async\" class=\"size-medium wp-image-275\" src=\"https:\/\/www.enscmu.uha.fr\/wp-content\/uploads\/2017\/12\/ENSCMu-amicale1\u00a9GregoryTachet-300x200.jpg\" alt=\"Amicale de l'ENSCMu\" width=\"300\" height=\"200\" srcset=\"https:\/\/www.enscmu.uha.fr\/wp-content\/uploads\/2017\/12\/ENSCMu-amicale1\u00a9GregoryTachet-300x200.jpg 300w, https:\/\/www.enscmu.uha.fr\/wp-content\/uploads\/2017\/12\/ENSCMu-amicale1\u00a9GregoryTachet-768x512.jpg 768w, https:\/\/www.enscmu.uha.fr\/wp-content\/uploads\/2017\/12\/ENSCMu-amicale1\u00a9GregoryTachet-1024x683.jpg 1024w, https:\/\/www.enscmu.uha.fr\/wp-content\/uploads\/2017\/12\/ENSCMu-amicale1\u00a9GregoryTachet.jpg 1181w\" sizes=\"auto, (max-width: 300px) 100vw, 300px\" \/><figcaption id=\"caption-attachment-275\" class=\"wp-caption-text\">\u00a9GregoryTachet<\/figcaption><\/figure>\n<p>Les \u00e9l\u00e8ves de l\u2019ENSCMu b\u00e9n\u00e9ficient du soutien de la Direction dans leur vie associative. Ils disposent d\u2019espaces d\u00e9di\u00e9s (amicale am\u00e9nag\u00e9e, salle informatique et bureaux attenants, acc\u00e8s aux salles de l\u2019\u00e9cole pour les r\u00e9unions, aux salles de TP pour les manipulations&#8230;) et de moyens financiers accord\u00e9s chaque ann\u00e9e par l\u2019\u00e9cole.<\/p>\n<p>L\u2019investissement associatif peut \u00e9galement entrer dans le cadre des <a href=\"https:\/\/www.enscmu.uha.fr\/index.php\/formation\/cycle-ingenieur\/projets-stages\/\">projets personnels<\/a>, men\u00e9s en 1<sup>re<\/sup> et 2<sup>e<\/sup> ann\u00e9es de cycle ing\u00e9nieur et int\u00e9gr\u00e9s dans l&#8217;emploi du temps et dans la notation. Les \u00e9l\u00e8ves d\u00e9veloppent des comp\u00e9tences utiles aux ing\u00e9nieurs comme g\u00e9rer un projet, travailler en \u00e9quipe, r\u00e9pondre aux attentes de partenaires ext\u00e9rieurs, pr\u00e9senter des r\u00e9sultats&#8230;<\/p>\n<p>En encourageant ainsi les activit\u00e9s associatives de ses \u00e9l\u00e8ves, l\u2019ENSCMu entend contribuer \u00e0 leur \u00e9panouissement ainsi qu\u2019au d\u00e9veloppement de leurs capacit\u00e9s \u00e0 g\u00e9rer un projet et \u00e0 prendre des responsabilit\u00e9s.<\/p>\n<p>Une vingtaine de clubs et associations existent \u00e0 l\u2019ENSCMu (sports, musique, th\u00e9\u00e2tre, pompoms, humanitaire, environnement, patrimoine, \u00e9v\u00e9nementiel, cosm\u00e9tologie&#8230;).<\/p>\n<h1>Bureaux des \u00c9l\u00e8ves, du Bal, des Sports, des Arts<\/h1>\n<figure id=\"attachment_276\" aria-describedby=\"caption-attachment-276\" style=\"width: 300px\" class=\"wp-caption alignright\"><img loading=\"lazy\" decoding=\"async\" class=\"size-medium wp-image-276\" src=\"https:\/\/www.enscmu.uha.fr\/wp-content\/uploads\/2017\/12\/ENSCMu-amicale2\u00a9GregoryTachet-300x200.jpg\" alt=\"Amicale de l'ENSCMu\" width=\"300\" height=\"200\" srcset=\"https:\/\/www.enscmu.uha.fr\/wp-content\/uploads\/2017\/12\/ENSCMu-amicale2\u00a9GregoryTachet-300x200.jpg 300w, https:\/\/www.enscmu.uha.fr\/wp-content\/uploads\/2017\/12\/ENSCMu-amicale2\u00a9GregoryTachet-768x512.jpg 768w, https:\/\/www.enscmu.uha.fr\/wp-content\/uploads\/2017\/12\/ENSCMu-amicale2\u00a9GregoryTachet-1024x683.jpg 1024w, https:\/\/www.enscmu.uha.fr\/wp-content\/uploads\/2017\/12\/ENSCMu-amicale2\u00a9GregoryTachet.jpg 1181w\" sizes=\"auto, (max-width: 300px) 100vw, 300px\" \/><figcaption id=\"caption-attachment-276\" class=\"wp-caption-text\">\u00a9GregoryTachet<\/figcaption><\/figure>\n<p>Le Bureau des \u00c9l\u00e8ves ou BDE est l\u2019association centrale dans la vie associative des \u00e9l\u00e8ves. Il g\u00e8re l\u2019ensemble des clubs et organise de nombreux \u00e9v\u00e9nements et activit\u00e9s. Cela commence d\u00e8s la rentr\u00e9e avec la p\u00e9riode d\u2019int\u00e9gration des \u00e9l\u00e8ves de 1<sup>re<\/sup> ann\u00e9e.<\/p>\n<p>Le Bureau du Bal ou BDB organise la Soir\u00e9e de la Chimie associant la Remise de dipl\u00f4mes et le Bal de la Chimie. Puis il organise le voyage d\u2019\u00e9tude de 2<sup>e<\/sup> ann\u00e9e.<\/p>\n<p>Le Bureau des Sports ou BDS met en place de nombreuses sorties et activit\u00e9s sportives. Il g\u00e8re \u00e9galement l\u2019implication des \u00e9quipes de l\u2019ENSCMu dans les championnats corporatifs.<\/p>\n<p>Le Bureau des Arts ou BDA rassemble les diff\u00e9rents clubs artistiques. Cela va de la cr\u00e9ation du Char de Carnaval de l\u2019ENSCMu au th\u00e9\u00e2tre en passant par la musique ou la peinture\u2026<\/p>\n<p>C\u00f4t\u00e9 clubs, il y en a pour tous les go\u00fbts : les pompoms pour repr\u00e9senter l&rsquo;ENSCMu dans les \u00e9v\u00e8nements, le book club pour \u00e9changer et s&rsquo;amuser en anglais, oenologie&#8230; Les \u00e9l\u00e8ves peuvent aussi cr\u00e9er de nouveaux clubs en fonction de leurs envies. D\u00e9couvrez tous les clubs et associations sur le site du <a href=\"https:\/\/www.bde-enscmu.com\/\" target=\"_blank\" rel=\"noopener noreferrer\">BDE<\/a> et dans la <a href=\"https:\/\/www.enscmu.uha.fr\/wp-content\/uploads\/2023\/06\/plaquette-alpha.pdf\" target=\"_blank\" rel=\"noopener noreferrer\">plaquette alpha 2023-2024<\/a>.<\/p>\n<h1>Aphyse<\/h1>\n<p>L&rsquo;Association de Pr\u00e9vention pour l\u2019HYgi\u00e8ne, la S\u00e9curit\u00e9 et l\u2019Environnement participe aux actions men\u00e9es en mati\u00e8re d\u2019hygi\u00e8ne et s\u00e9curit\u00e9 \u00e0 l\u2019\u00e9cole. Elle organise notamment une formation aux premiers secours pour les \u00e9l\u00e8ves ing\u00e9nieurs volontaires.<\/p>\n<p>Lien utile : <a href=\"https:\/\/www.bde-enscmu.com\/associations\" target=\"_blank\" rel=\"noopener noreferrer\">site du BDE &#8211; association Aphyse<\/a><\/p>\n<h1>AICAP<\/h1>\n<p>L&rsquo;association se nomme AICAP pour All In Cosmetics And Perfumes. Elle offre aux \u00e9tudiants la possibilit\u00e9 d\u2019approfondir leurs connaissances dans le domaine de la cosm\u00e9tologie (travaux pratiques, visites d\u2019entreprises\u2026) avant le choix d&rsquo;option de derni\u00e8re ann\u00e9e. Elle propose \u00e9galement des activit\u00e9s tourn\u00e9es vers le grand public pour mieux faire conna\u00eetre la formulation et la cosm\u00e9tologie (portes ouvertes, Makerfight, F\u00eate de la science&#8230;).<\/p>\n<p>Lien utile : <a href=\"https:\/\/www.bde-enscmu.com\/associations\" target=\"_blank\" rel=\"noopener noreferrer\">site du BDE &#8211; association AICAP<\/a><\/p>\n<h1>ENSCMulticolore<\/h1>\n<p>L&rsquo;association souhaite faire revivre la collection unique de colorants que poss\u00e8de l&rsquo;ENSCMu. De fait de son histoire, li\u00e9e \u00e0 l&rsquo;industrie textile et \u00e0 la formation de chimistes sp\u00e9cialis\u00e9s dans la coloration d\u00e8s le XIXe si\u00e8cle, l&rsquo;\u00e9cole a accumul\u00e9 plus de 4500 \u00e9chantillons de colorants et de 1000 documents d&rsquo;\u00e9poque, pendant longtemps stock\u00e9s \u00e0 l&rsquo;abri des regards. L&rsquo;objectif d&rsquo;ENSCMulticolore est de r\u00e9pertorier, trier, remettre en \u00e9tat et analyser les colorants afin de promouvoir et faire revivre ce patrimoine aupr\u00e8s du public.<\/p>\n<p>Lien utile : <a href=\"https:\/\/www.bde-enscmu.com\/associations\" target=\"_blank\" rel=\"noopener noreferrer\">site du BDE &#8211; association ENSCMulticolore<\/a><\/p>\n<h1>Horizons Alsace Chimie<\/h1>\n<div>\n<p>La Junior-Initiative de l\u2019ENSCMu est une association \u00e9tudiante donnant l\u2019opportunit\u00e9 aux \u00e9l\u00e8ves motiv\u00e9s du cycle ing\u00e9nieur de mettre \u00e0 disposition des entreprises le savoir-faire qu\u2019ils ont acquis au cours d\u2019une formation scientifique solide et ainsi de monter en comp\u00e9tence via la r\u00e9alisation de projets.<\/p>\n<\/div>\n<p>Lien utile :\u00a0<a href=\"https:\/\/www.hac-juniorentreprise.com\">https:\/\/www.hac-juniorentreprise.com<\/a><\/p>\n<p>Et pour toute question : <span style=\"font-weight: 400;\">hac.enscmu@gmail.com<\/span><\/p>\n<h1>IS2F<\/h1>\n<p>Ing\u00e9nieurs Solidaires et Sans Fronti\u00e8res est une association \u00e9tudiante \u00e0 vocation humanitaire qui m\u00e8ne \u00e0 la fois des actions au niveau local et un projet d\u2019aide humanitaire \u00e0 Madagascar.<\/p>\n<p>Lien utile : <a href=\"https:\/\/www.bde-enscmu.com\/associations\" target=\"_blank\" rel=\"noopener noreferrer\">site du BDE &#8211; association IS2F<\/a><\/p>\n<\/div>\n<div style=\"width: 27.5%; margin-left: auto; margin-right: auto;\">\n<p>Contact : Bureau des \u00e9l\u00e8ves<br \/>\nT\u00e9l. : +33 (0)3 89 33 68 00<br \/>\nCourriel : <a href=\"https:\/\/www.enscmu.uha.fr\/index.php\/contacts-acces\/\">bde.enscmu@uha.fr<\/a><\/p>\n<div class=\"su-service\"><div class=\"su-service-title\" style=\"padding-left:46px;min-height:32px;line-height:32px\"><i class=\"sui sui-download\" style=\"font-size:32px;color:#CE0075\"><\/i> A t\u00e9l\u00e9charger<\/div><div class=\"su-service-content su-u-clearfix su-u-trim\" style=\"padding-left:46px\"><a href=\"https:\/\/www.enscmu.uha.fr\/wp-content\/uploads\/2023\/06\/plaquette-alpha.pdf\">ENSCMu &#8211; plaquette alpha 2023-2024<\/a><\/div><\/div>\n<div class=\"su-service\"><div class=\"su-service-title\" style=\"padding-left:46px;min-height:32px;line-height:32px\"><i class=\"sui sui-download\" style=\"font-size:32px;color:#CE0075\"><\/i> A t\u00e9l\u00e9charger<\/div><div class=\"su-service-content su-u-clearfix su-u-trim\" style=\"padding-left:46px\"><a href=\"https:\/\/www.enscmu.uha.fr\/wp-content\/uploads\/2022\/06\/ENSCMu_plaquette-alpha_2022-23_web.pdf\" target=\"_blank\" rel=\"noopener noreferrer\">ENSCMu &#8211; plaquette alpha 2022-2023<\/a><\/div><\/div>\n<div class=\"su-service\"><div class=\"su-service-title\" style=\"padding-left:46px;min-height:32px;line-height:32px\"><i class=\"sui sui-download\" style=\"font-size:32px;color:#CE0075\"><\/i> A t\u00e9l\u00e9charger<\/div><div class=\"su-service-content su-u-clearfix su-u-trim\" style=\"padding-left:46px\"><a href=\"https:\/\/www.enscmu.uha.fr\/wp-content\/uploads\/2021\/06\/ENSCMu_plaquette-alpha_2021-2022_web.pdf\" target=\"_blank\" rel=\"noopener noreferrer\">ENSCMu &#8211; plaquette alpha 2021-2022<\/a><\/div><\/div>\n<\/div>\n<\/div>\n","protected":false},"excerpt":{"rendered":"<p>Les \u00e9l\u00e8ves de l\u2019ENSCMu b\u00e9n\u00e9ficient du soutien de la Direction dans leur vie associative. Ils disposent d\u2019espaces d\u00e9di\u00e9s (amicale am\u00e9nag\u00e9e, salle informatique et bureaux attenants, acc\u00e8s aux salles de l\u2019\u00e9cole pour les r\u00e9unions, aux salles de TP pour les manipulations&#8230;) et de moyens financiers accord\u00e9s chaque ann\u00e9e par l\u2019\u00e9cole. L\u2019investissement associatif peut \u00e9galement entrer dans [&hellip;]<\/p>\n","protected":false},"author":1,"featured_media":1814,"parent":73,"menu_order":0,"comment_status":"closed","ping_status":"closed","template":"","meta":{"footnotes":""},"categories":[5],"tags":[],"class_list":["post-75","page","type-page","status-publish","has-post-thumbnail","hentry","category-futurs-etudiants"],"yoast_head":"<!-- This site is optimized with the Yoast SEO plugin v27.0 - https:\/\/yoast.com\/product\/yoast-seo-wordpress\/ -->\n<title>ASSOCIATIONS ET CLUBS - ENSCMu<\/title>\n<meta name=\"robots\" content=\"index, follow, max-snippet:-1, max-image-preview:large, max-video-preview:-1\" \/>\n<link rel=\"canonical\" href=\"https:\/\/www.enscmu.uha.fr\/index.php\/vie-etudiante\/associations-clubs\/\" \/>\n<meta property=\"og:locale\" content=\"fr_FR\" \/>\n<meta property=\"og:type\" content=\"article\" \/>\n<meta property=\"og:title\" content=\"ASSOCIATIONS ET CLUBS - ENSCMu\" \/>\n<meta property=\"og:description\" content=\"Les \u00e9l\u00e8ves de l\u2019ENSCMu b\u00e9n\u00e9ficient du soutien de la Direction dans leur vie associative. Ils disposent d\u2019espaces d\u00e9di\u00e9s (amicale am\u00e9nag\u00e9e, salle informatique et bureaux attenants, acc\u00e8s aux salles de l\u2019\u00e9cole pour les r\u00e9unions, aux salles de TP pour les manipulations&#8230;) et de moyens financiers accord\u00e9s chaque ann\u00e9e par l\u2019\u00e9cole. L\u2019investissement associatif peut \u00e9galement entrer dans [&hellip;]\" \/>\n<meta property=\"og:url\" content=\"https:\/\/www.enscmu.uha.fr\/index.php\/vie-etudiante\/associations-clubs\/\" \/>\n<meta property=\"og:site_name\" content=\"ENSCMu | \u00c9cole Nationale Sup\u00e9rieure de Chimie de Mulhouse\" \/>\n<meta property=\"article:modified_time\" content=\"2023-07-06T08:08:03+00:00\" \/>\n<meta property=\"og:image\" content=\"https:\/\/www.enscmu.uha.fr\/wp-content\/uploads\/2019\/09\/ENSCMu-Color-Fun-19.09.2019_jet-couleurs-final-1.jpg\" \/>\n\t<meta property=\"og:image:width\" content=\"1240\" \/>\n\t<meta property=\"og:image:height\" content=\"827\" \/>\n\t<meta property=\"og:image:type\" content=\"image\/jpeg\" \/>\n<meta name=\"twitter:card\" content=\"summary_large_image\" \/>\n<meta name=\"twitter:label1\" content=\"Dur\u00e9e de lecture estim\u00e9e\" \/>\n\t<meta name=\"twitter:data1\" content=\"4 minutes\" \/>\n<script type=\"application\/ld+json\" class=\"yoast-schema-graph\">{\"@context\":\"https:\/\/schema.org\",\"@graph\":[{\"@type\":\"WebPage\",\"@id\":\"https:\/\/www.enscmu.uha.fr\/index.php\/vie-etudiante\/associations-clubs\/\",\"url\":\"https:\/\/www.enscmu.uha.fr\/index.php\/vie-etudiante\/associations-clubs\/\",\"name\":\"ASSOCIATIONS ET CLUBS - ENSCMu\",\"isPartOf\":{\"@id\":\"https:\/\/www.enscmu.uha.fr\/#website\"},\"primaryImageOfPage\":{\"@id\":\"https:\/\/www.enscmu.uha.fr\/index.php\/vie-etudiante\/associations-clubs\/#primaryimage\"},\"image\":{\"@id\":\"https:\/\/www.enscmu.uha.fr\/index.php\/vie-etudiante\/associations-clubs\/#primaryimage\"},\"thumbnailUrl\":\"https:\/\/www.enscmu.uha.fr\/wp-content\/uploads\/2019\/09\/ENSCMu-Color-Fun-19.09.2019_jet-couleurs-final-1.jpg\",\"datePublished\":\"2017-12-12T14:56:38+00:00\",\"dateModified\":\"2023-07-06T08:08:03+00:00\",\"breadcrumb\":{\"@id\":\"https:\/\/www.enscmu.uha.fr\/index.php\/vie-etudiante\/associations-clubs\/#breadcrumb\"},\"inLanguage\":\"fr-FR\",\"potentialAction\":[{\"@type\":\"ReadAction\",\"target\":[\"https:\/\/www.enscmu.uha.fr\/index.php\/vie-etudiante\/associations-clubs\/\"]}]},{\"@type\":\"ImageObject\",\"inLanguage\":\"fr-FR\",\"@id\":\"https:\/\/www.enscmu.uha.fr\/index.php\/vie-etudiante\/associations-clubs\/#primaryimage\",\"url\":\"https:\/\/www.enscmu.uha.fr\/wp-content\/uploads\/2019\/09\/ENSCMu-Color-Fun-19.09.2019_jet-couleurs-final-1.jpg\",\"contentUrl\":\"https:\/\/www.enscmu.uha.fr\/wp-content\/uploads\/2019\/09\/ENSCMu-Color-Fun-19.09.2019_jet-couleurs-final-1.jpg\",\"width\":1240,\"height\":827},{\"@type\":\"BreadcrumbList\",\"@id\":\"https:\/\/www.enscmu.uha.fr\/index.php\/vie-etudiante\/associations-clubs\/#breadcrumb\",\"itemListElement\":[{\"@type\":\"ListItem\",\"position\":1,\"name\":\"Accueil\",\"item\":\"https:\/\/www.enscmu.uha.fr\/\"},{\"@type\":\"ListItem\",\"position\":2,\"name\":\"VIE \u00c9TUDIANTE\",\"item\":\"https:\/\/www.enscmu.uha.fr\/index.php\/vie-etudiante\/\"},{\"@type\":\"ListItem\",\"position\":3,\"name\":\"ASSOCIATIONS ET CLUBS\"}]},{\"@type\":\"WebSite\",\"@id\":\"https:\/\/www.enscmu.uha.fr\/#website\",\"url\":\"https:\/\/www.enscmu.uha.fr\/\",\"name\":\"ENSCMu | \u00c9cole Nationale Sup\u00e9rieure de Chimie de Mulhouse\",\"description\":\"Campus Illberg | Universit\u00e9 de Haute-Alsace\",\"potentialAction\":[{\"@type\":\"SearchAction\",\"target\":{\"@type\":\"EntryPoint\",\"urlTemplate\":\"https:\/\/www.enscmu.uha.fr\/?s={search_term_string}\"},\"query-input\":{\"@type\":\"PropertyValueSpecification\",\"valueRequired\":true,\"valueName\":\"search_term_string\"}}],\"inLanguage\":\"fr-FR\"}]}<\/script>\n<!-- \/ Yoast SEO plugin. -->","yoast_head_json":{"title":"ASSOCIATIONS ET CLUBS - ENSCMu","robots":{"index":"index","follow":"follow","max-snippet":"max-snippet:-1","max-image-preview":"max-image-preview:large","max-video-preview":"max-video-preview:-1"},"canonical":"https:\/\/www.enscmu.uha.fr\/index.php\/vie-etudiante\/associations-clubs\/","og_locale":"fr_FR","og_type":"article","og_title":"ASSOCIATIONS ET CLUBS - ENSCMu","og_description":"Les \u00e9l\u00e8ves de l\u2019ENSCMu b\u00e9n\u00e9ficient du soutien de la Direction dans leur vie associative. Ils disposent d\u2019espaces d\u00e9di\u00e9s (amicale am\u00e9nag\u00e9e, salle informatique et bureaux attenants, acc\u00e8s aux salles de l\u2019\u00e9cole pour les r\u00e9unions, aux salles de TP pour les manipulations&#8230;) et de moyens financiers accord\u00e9s chaque ann\u00e9e par l\u2019\u00e9cole. L\u2019investissement associatif peut \u00e9galement entrer dans [&hellip;]","og_url":"https:\/\/www.enscmu.uha.fr\/index.php\/vie-etudiante\/associations-clubs\/","og_site_name":"ENSCMu | \u00c9cole Nationale Sup\u00e9rieure de Chimie de Mulhouse","article_modified_time":"2023-07-06T08:08:03+00:00","og_image":[{"width":1240,"height":827,"url":"https:\/\/www.enscmu.uha.fr\/wp-content\/uploads\/2019\/09\/ENSCMu-Color-Fun-19.09.2019_jet-couleurs-final-1.jpg","type":"image\/jpeg"}],"twitter_card":"summary_large_image","twitter_misc":{"Dur\u00e9e de lecture estim\u00e9e":"4 minutes"},"schema":{"@context":"https:\/\/schema.org","@graph":[{"@type":"WebPage","@id":"https:\/\/www.enscmu.uha.fr\/index.php\/vie-etudiante\/associations-clubs\/","url":"https:\/\/www.enscmu.uha.fr\/index.php\/vie-etudiante\/associations-clubs\/","name":"ASSOCIATIONS ET CLUBS - ENSCMu","isPartOf":{"@id":"https:\/\/www.enscmu.uha.fr\/#website"},"primaryImageOfPage":{"@id":"https:\/\/www.enscmu.uha.fr\/index.php\/vie-etudiante\/associations-clubs\/#primaryimage"},"image":{"@id":"https:\/\/www.enscmu.uha.fr\/index.php\/vie-etudiante\/associations-clubs\/#primaryimage"},"thumbnailUrl":"https:\/\/www.enscmu.uha.fr\/wp-content\/uploads\/2019\/09\/ENSCMu-Color-Fun-19.09.2019_jet-couleurs-final-1.jpg","datePublished":"2017-12-12T14:56:38+00:00","dateModified":"2023-07-06T08:08:03+00:00","breadcrumb":{"@id":"https:\/\/www.enscmu.uha.fr\/index.php\/vie-etudiante\/associations-clubs\/#breadcrumb"},"inLanguage":"fr-FR","potentialAction":[{"@type":"ReadAction","target":["https:\/\/www.enscmu.uha.fr\/index.php\/vie-etudiante\/associations-clubs\/"]}]},{"@type":"ImageObject","inLanguage":"fr-FR","@id":"https:\/\/www.enscmu.uha.fr\/index.php\/vie-etudiante\/associations-clubs\/#primaryimage","url":"https:\/\/www.enscmu.uha.fr\/wp-content\/uploads\/2019\/09\/ENSCMu-Color-Fun-19.09.2019_jet-couleurs-final-1.jpg","contentUrl":"https:\/\/www.enscmu.uha.fr\/wp-content\/uploads\/2019\/09\/ENSCMu-Color-Fun-19.09.2019_jet-couleurs-final-1.jpg","width":1240,"height":827},{"@type":"BreadcrumbList","@id":"https:\/\/www.enscmu.uha.fr\/index.php\/vie-etudiante\/associations-clubs\/#breadcrumb","itemListElement":[{"@type":"ListItem","position":1,"name":"Accueil","item":"https:\/\/www.enscmu.uha.fr\/"},{"@type":"ListItem","position":2,"name":"VIE \u00c9TUDIANTE","item":"https:\/\/www.enscmu.uha.fr\/index.php\/vie-etudiante\/"},{"@type":"ListItem","position":3,"name":"ASSOCIATIONS ET CLUBS"}]},{"@type":"WebSite","@id":"https:\/\/www.enscmu.uha.fr\/#website","url":"https:\/\/www.enscmu.uha.fr\/","name":"ENSCMu | \u00c9cole Nationale Sup\u00e9rieure de Chimie de Mulhouse","description":"Campus Illberg | Universit\u00e9 de Haute-Alsace","potentialAction":[{"@type":"SearchAction","target":{"@type":"EntryPoint","urlTemplate":"https:\/\/www.enscmu.uha.fr\/?s={search_term_string}"},"query-input":{"@type":"PropertyValueSpecification","valueRequired":true,"valueName":"search_term_string"}}],"inLanguage":"fr-FR"}]}},"_links":{"self":[{"href":"https:\/\/www.enscmu.uha.fr\/index.php\/wp-json\/wp\/v2\/pages\/75","targetHints":{"allow":["GET"]}}],"collection":[{"href":"https:\/\/www.enscmu.uha.fr\/index.php\/wp-json\/wp\/v2\/pages"}],"about":[{"href":"https:\/\/www.enscmu.uha.fr\/index.php\/wp-json\/wp\/v2\/types\/page"}],"author":[{"embeddable":true,"href":"https:\/\/www.enscmu.uha.fr\/index.php\/wp-json\/wp\/v2\/users\/1"}],"replies":[{"embeddable":true,"href":"https:\/\/www.enscmu.uha.fr\/index.php\/wp-json\/wp\/v2\/comments?post=75"}],"version-history":[{"count":29,"href":"https:\/\/www.enscmu.uha.fr\/index.php\/wp-json\/wp\/v2\/pages\/75\/revisions"}],"predecessor-version":[{"id":4548,"href":"https:\/\/www.enscmu.uha.fr\/index.php\/wp-json\/wp\/v2\/pages\/75\/revisions\/4548"}],"up":[{"embeddable":true,"href":"https:\/\/www.enscmu.uha.fr\/index.php\/wp-json\/wp\/v2\/pages\/73"}],"wp:featuredmedia":[{"embeddable":true,"href":"https:\/\/www.enscmu.uha.fr\/index.php\/wp-json\/wp\/v2\/media\/1814"}],"wp:attachment":[{"href":"https:\/\/www.enscmu.uha.fr\/index.php\/wp-json\/wp\/v2\/media?parent=75"}],"wp:term":[{"taxonomy":"category","embeddable":true,"href":"https:\/\/www.enscmu.uha.fr\/index.php\/wp-json\/wp\/v2\/categories?post=75"},{"taxonomy":"post_tag","embeddable":true,"href":"https:\/\/www.enscmu.uha.fr\/index.php\/wp-json\/wp\/v2\/tags?post=75"}],"curies":[{"name":"wp","href":"https:\/\/api.w.org\/{rel}","templated":true}]}}