{"id":755,"date":"2018-01-22T10:43:19","date_gmt":"2018-01-22T09:43:19","guid":{"rendered":"https:\/\/www.enscmu.uha.fr\/?page_id=755"},"modified":"2026-03-02T11:43:45","modified_gmt":"2026-03-02T10:43:45","slug":"admission-sur-titre-1re-annee","status":"publish","type":"page","link":"https:\/\/www.enscmu.uha.fr\/index.php\/formation\/admissions\/admission-sur-titre-1re-annee\/","title":{"rendered":"ADMISSION SUR TITRE 1RE ANNEE"},"content":{"rendered":"<div class=\"deflex main\" style=\"display: flex;\">\n<div class=\"deborder\" style=\"width: 70%; margin-left: auto; margin-right: auto; padding-right: 5%;\">\n<h1>Dipl\u00f4mes concern\u00e9s<\/h1>\n<p>Seuls les titulaires des dipl\u00f4mes ci-apr\u00e8s ont acc\u00e8s \u00e0 l&rsquo;admission sur titre en 1re ann\u00e9e :<\/p>\n<ul>\n<li>B.U.T2 et B.U.T3 de Chimie (le recrutement sur B.U.T sera \u00e9galement possible selon les m\u00eames modalit\u00e9s en fin de 2e ann\u00e9e ou en fin de 3e ann\u00e9e)<\/li>\n<li>B.U.T chimie en alternance<\/li>\n<li>B.T.S. de Chimie<\/li>\n<li>Licence 2, Licence 3 Sciences, technologie, sant\u00e9 &#8211; Mentions Chimie et Physique-Chimie<\/li>\n<li>Dipl\u00f4me \u00e9tranger niveau \u00e9quivalent L3 europ\u00e9en <strong>(hors UE : proc\u00e9dure Campus France)<\/strong><\/li>\n<li>Formation transfrontali\u00e8re niveau \u00e9quivalent L2 (<a href=\"http:\/\/www.regiochimica.uha.fr\" target=\"_blank\" rel=\"noopener noreferrer\">Regio Chimica<\/a>, etc.)<\/li>\n<\/ul>\n<p>Gr\u00e2ce au recrutement sur titre, les \u00e9l\u00e8ves m\u00e9ritants et motiv\u00e9s peuvent poursuivre leurs \u00e9tudes. Ils doivent se situer dans le 1er quart de leur promotion pour que leur dossier soit examin\u00e9.<br \/>\n<!--\n\n\n<h1><strong>Candidatures<\/strong><\/h1>\n\n\n<span style=\"color: #000;\"><strong>Les dossiers de candidature pour septembre 2023 (\u00e0 constituer par le candidat selon la composition ci-apr\u00e8s) se d\u00e9roulent en ligne sur <a style=\"color: #000;\" href=\"https:\/\/ecandidat.uha.fr\/ecandidat\/#!accueilView\" target=\"_blank\" rel=\"noopener\">e-candidat<\/a>\u00a0\u00e0 partir du 6 mars 2023 et jusqu'au 8 mai 2023.<\/strong><\/span> Au vu des r\u00e9sultats connus \u00e0 ce moment l\u00e0 (notes et classement), un jury d\u00e9cide de la recevabilit\u00e9 de la candidature. Ensuite les candidats sont tenus de compl\u00e9ter leur dossier en envoyant le compl\u00e9ment \u00e0 scolarite.enscmu@uha.fr avant le 8 juin 2021 (voir composition ci-apr\u00e8s 2e partie).--><\/p>\n<h1><strong>Composition du dossier de candidature<\/strong><\/h1>\n<p><strong>Le portail d\u00e9di\u00e9 au d\u00e9p\u00f4t des pi\u00e8ces sera disponible en mars 2026 : <a href=\"https:\/\/ecandidat.uha.fr\/ecandidat\/\">https:\/\/ecandidat.uha.fr\/ecandidat\/<\/a><br \/>\n<\/strong><\/p>\n<ul>\n<li>Lettre de motivation du candidat (peut-\u00eatre manuscrite ou dactylographi\u00e9e)<\/li>\n<li>Curriculum Vitae<\/li>\n<li>Carte d&rsquo;identit\u00e9<\/li>\n<li>Relev\u00e9 de notes du baccalaur\u00e9at<\/li>\n<li>Relev\u00e9 des notes obtenues aux semestres 1, 2 et 3 de formation <u>avec classement<\/u> et semestre 4 facultatif<\/li>\n<li>Pour les candidats de L3, fournir \u00e9galement les relev\u00e9s de notes des semestres 4 et 5 <u>avec classement<\/u> et semestre 6 facultatif<\/li>\n<li>Lettre de recommandation (par un enseignant, responsable de fili\u00e8re, ma\u00eetre de stage&#8230;)<\/li>\n<li><a href=\"https:\/\/www.enscmu.uha.fr\/wp-content\/uploads\/2025\/02\/Avis-poursuite-etude-rentree-2025.docx\">Avis du Jury ayant d\u00e9livr\u00e9 l&rsquo;attestation de r\u00e9ussite sur l&rsquo;opportunit\u00e9 pour le candidat de poursuivre ses \u00e9tudes dans une \u00e9cole d&rsquo;Ing\u00e9nieurs<\/a> (aucun dossier ne sera examin\u00e9 sans cet avis).<\/li>\n<\/ul>\n<p>Le Jury d&rsquo;admission statue d\u00e9but juin sur l&rsquo;admission des candidats. Pour cela il s\u2019appuie sur les dossiers tels qu&rsquo;ils ont \u00e9t\u00e9 d\u00e9pos\u00e9s, suivis d&rsquo;un entretien organis\u00e9 en visioconf\u00e9rence.<\/p>\n<h1><strong>Dossier d&rsquo;inscription et pi\u00e8ces \u00e0 joindre<\/strong><\/h1>\n<p>En dernier lieu une fois admis, les \u00e9l\u00e8ves doivent compl\u00e9ter et rendre un dossier d&rsquo;inscription au service de scolarit\u00e9 de l&rsquo;ENSCMu en suivant la <a href=\"https:\/\/www.enscmu.uha.fr\/index.php\/formation\/inscription\/\">proc\u00e9dure d&rsquo;inscription.<\/a><\/p>\n<\/div>\n<div style=\"width: 27.5%; margin-left: auto; margin-right: auto;\">Contact : Service de scolarit\u00e9<br \/>\nT\u00e9l. : +33 (0)3 89 33 68 14<br \/>\nCourriel : <a href=\"https:\/\/www.enscmu.uha.fr\/index.php\/contacts-acces\/\">scolarite.enscmu@uha.fr<\/a>Le portail d\u00e9di\u00e9 au d\u00e9p\u00f4t des pi\u00e8ces de candidature est ouvert du 2 mars au 3 mai 2026 : <a href=\"https:\/\/ecandidat.uha.fr\/ecandidat\/\">https:\/\/ecandidat.uha.fr\/ecandidat\/<\/a><\/div>\n<div><\/div>\n<\/div>\n","protected":false},"excerpt":{"rendered":"<p>Dipl\u00f4mes concern\u00e9s Seuls les titulaires des dipl\u00f4mes ci-apr\u00e8s ont acc\u00e8s \u00e0 l&rsquo;admission sur titre en 1re ann\u00e9e : B.U.T2 et B.U.T3 de Chimie (le recrutement sur B.U.T sera \u00e9galement possible selon les m\u00eames modalit\u00e9s en fin de 2e ann\u00e9e ou en fin de 3e ann\u00e9e) B.U.T chimie en alternance B.T.S. de Chimie Licence 2, Licence [&hellip;]<\/p>\n","protected":false},"author":2,"featured_media":0,"parent":19,"menu_order":0,"comment_status":"closed","ping_status":"closed","template":"","meta":{"footnotes":""},"categories":[5],"tags":[],"class_list":["post-755","page","type-page","status-publish","hentry","category-futurs-etudiants"],"yoast_head":"<!-- This site is optimized with the Yoast SEO plugin v27.4 - https:\/\/yoast.com\/product\/yoast-seo-wordpress\/ -->\n<title>ADMISSION SUR TITRE 1RE ANNEE - ENSCMu<\/title>\n<meta name=\"description\" content=\"L\u2019admission sur titre en 1re ann\u00e9e est ouverte aux titulaires d\u2019un DUT ou BTS Chimie, Licence 2\/3 Chimie et Physique-Chimie ou dipl\u00f4me \u00e9tranger \u00e9quivalent.\" \/>\n<meta name=\"robots\" content=\"index, follow, max-snippet:-1, max-image-preview:large, max-video-preview:-1\" \/>\n<link rel=\"canonical\" href=\"https:\/\/www.enscmu.uha.fr\/index.php\/formation\/admissions\/admission-sur-titre-1re-annee\/\" \/>\n<meta property=\"og:locale\" content=\"fr_FR\" \/>\n<meta property=\"og:type\" content=\"article\" \/>\n<meta property=\"og:title\" content=\"ADMISSION SUR TITRE 1RE ANNEE - ENSCMu\" \/>\n<meta property=\"og:description\" content=\"L\u2019admission sur titre en 1re ann\u00e9e est ouverte aux titulaires d\u2019un DUT ou BTS Chimie, Licence 2\/3 Chimie et Physique-Chimie ou dipl\u00f4me \u00e9tranger \u00e9quivalent.\" \/>\n<meta property=\"og:url\" content=\"https:\/\/www.enscmu.uha.fr\/index.php\/formation\/admissions\/admission-sur-titre-1re-annee\/\" \/>\n<meta property=\"og:site_name\" content=\"ENSCMu | \u00c9cole Nationale Sup\u00e9rieure de Chimie de Mulhouse\" \/>\n<meta property=\"article:modified_time\" content=\"2026-03-02T10:43:45+00:00\" \/>\n<meta name=\"twitter:card\" content=\"summary_large_image\" \/>\n<meta name=\"twitter:label1\" content=\"Dur\u00e9e de lecture estim\u00e9e\" \/>\n\t<meta name=\"twitter:data1\" content=\"2 minutes\" \/>\n<script type=\"application\/ld+json\" class=\"yoast-schema-graph\">{\"@context\":\"https:\\\/\\\/schema.org\",\"@graph\":[{\"@type\":\"WebPage\",\"@id\":\"https:\\\/\\\/www.enscmu.uha.fr\\\/index.php\\\/formation\\\/admissions\\\/admission-sur-titre-1re-annee\\\/\",\"url\":\"https:\\\/\\\/www.enscmu.uha.fr\\\/index.php\\\/formation\\\/admissions\\\/admission-sur-titre-1re-annee\\\/\",\"name\":\"ADMISSION SUR TITRE 1RE ANNEE - ENSCMu\",\"isPartOf\":{\"@id\":\"https:\\\/\\\/www.enscmu.uha.fr\\\/#website\"},\"datePublished\":\"2018-01-22T09:43:19+00:00\",\"dateModified\":\"2026-03-02T10:43:45+00:00\",\"description\":\"L\u2019admission sur titre en 1re ann\u00e9e est ouverte aux titulaires d\u2019un DUT ou BTS Chimie, Licence 2\\\/3 Chimie et Physique-Chimie ou dipl\u00f4me \u00e9tranger \u00e9quivalent.\",\"breadcrumb\":{\"@id\":\"https:\\\/\\\/www.enscmu.uha.fr\\\/index.php\\\/formation\\\/admissions\\\/admission-sur-titre-1re-annee\\\/#breadcrumb\"},\"inLanguage\":\"fr-FR\",\"potentialAction\":[{\"@type\":\"ReadAction\",\"target\":[\"https:\\\/\\\/www.enscmu.uha.fr\\\/index.php\\\/formation\\\/admissions\\\/admission-sur-titre-1re-annee\\\/\"]}]},{\"@type\":\"BreadcrumbList\",\"@id\":\"https:\\\/\\\/www.enscmu.uha.fr\\\/index.php\\\/formation\\\/admissions\\\/admission-sur-titre-1re-annee\\\/#breadcrumb\",\"itemListElement\":[{\"@type\":\"ListItem\",\"position\":1,\"name\":\"Accueil\",\"item\":\"https:\\\/\\\/www.enscmu.uha.fr\\\/\"},{\"@type\":\"ListItem\",\"position\":2,\"name\":\"FORMATION\",\"item\":\"https:\\\/\\\/www.enscmu.uha.fr\\\/index.php\\\/formation\\\/\"},{\"@type\":\"ListItem\",\"position\":3,\"name\":\"ADMISSIONS\",\"item\":\"https:\\\/\\\/www.enscmu.uha.fr\\\/index.php\\\/formation\\\/admissions\\\/\"},{\"@type\":\"ListItem\",\"position\":4,\"name\":\"ADMISSION SUR TITRE 1RE ANNEE\"}]},{\"@type\":\"WebSite\",\"@id\":\"https:\\\/\\\/www.enscmu.uha.fr\\\/#website\",\"url\":\"https:\\\/\\\/www.enscmu.uha.fr\\\/\",\"name\":\"ENSCMu | \u00c9cole Nationale Sup\u00e9rieure de Chimie de Mulhouse\",\"description\":\"Campus Illberg | Universit\u00e9 de Haute-Alsace\",\"potentialAction\":[{\"@type\":\"SearchAction\",\"target\":{\"@type\":\"EntryPoint\",\"urlTemplate\":\"https:\\\/\\\/www.enscmu.uha.fr\\\/?s={search_term_string}\"},\"query-input\":{\"@type\":\"PropertyValueSpecification\",\"valueRequired\":true,\"valueName\":\"search_term_string\"}}],\"inLanguage\":\"fr-FR\"}]}<\/script>\n<!-- \/ Yoast SEO plugin. -->","yoast_head_json":{"title":"ADMISSION SUR TITRE 1RE ANNEE - ENSCMu","description":"L\u2019admission sur titre en 1re ann\u00e9e est ouverte aux titulaires d\u2019un DUT ou BTS Chimie, Licence 2\/3 Chimie et Physique-Chimie ou dipl\u00f4me \u00e9tranger \u00e9quivalent.","robots":{"index":"index","follow":"follow","max-snippet":"max-snippet:-1","max-image-preview":"max-image-preview:large","max-video-preview":"max-video-preview:-1"},"canonical":"https:\/\/www.enscmu.uha.fr\/index.php\/formation\/admissions\/admission-sur-titre-1re-annee\/","og_locale":"fr_FR","og_type":"article","og_title":"ADMISSION SUR TITRE 1RE ANNEE - ENSCMu","og_description":"L\u2019admission sur titre en 1re ann\u00e9e est ouverte aux titulaires d\u2019un DUT ou BTS Chimie, Licence 2\/3 Chimie et Physique-Chimie ou dipl\u00f4me \u00e9tranger \u00e9quivalent.","og_url":"https:\/\/www.enscmu.uha.fr\/index.php\/formation\/admissions\/admission-sur-titre-1re-annee\/","og_site_name":"ENSCMu | \u00c9cole Nationale Sup\u00e9rieure de Chimie de Mulhouse","article_modified_time":"2026-03-02T10:43:45+00:00","twitter_card":"summary_large_image","twitter_misc":{"Dur\u00e9e de lecture estim\u00e9e":"2 minutes"},"schema":{"@context":"https:\/\/schema.org","@graph":[{"@type":"WebPage","@id":"https:\/\/www.enscmu.uha.fr\/index.php\/formation\/admissions\/admission-sur-titre-1re-annee\/","url":"https:\/\/www.enscmu.uha.fr\/index.php\/formation\/admissions\/admission-sur-titre-1re-annee\/","name":"ADMISSION SUR TITRE 1RE ANNEE - ENSCMu","isPartOf":{"@id":"https:\/\/www.enscmu.uha.fr\/#website"},"datePublished":"2018-01-22T09:43:19+00:00","dateModified":"2026-03-02T10:43:45+00:00","description":"L\u2019admission sur titre en 1re ann\u00e9e est ouverte aux titulaires d\u2019un DUT ou BTS Chimie, Licence 2\/3 Chimie et Physique-Chimie ou dipl\u00f4me \u00e9tranger \u00e9quivalent.","breadcrumb":{"@id":"https:\/\/www.enscmu.uha.fr\/index.php\/formation\/admissions\/admission-sur-titre-1re-annee\/#breadcrumb"},"inLanguage":"fr-FR","potentialAction":[{"@type":"ReadAction","target":["https:\/\/www.enscmu.uha.fr\/index.php\/formation\/admissions\/admission-sur-titre-1re-annee\/"]}]},{"@type":"BreadcrumbList","@id":"https:\/\/www.enscmu.uha.fr\/index.php\/formation\/admissions\/admission-sur-titre-1re-annee\/#breadcrumb","itemListElement":[{"@type":"ListItem","position":1,"name":"Accueil","item":"https:\/\/www.enscmu.uha.fr\/"},{"@type":"ListItem","position":2,"name":"FORMATION","item":"https:\/\/www.enscmu.uha.fr\/index.php\/formation\/"},{"@type":"ListItem","position":3,"name":"ADMISSIONS","item":"https:\/\/www.enscmu.uha.fr\/index.php\/formation\/admissions\/"},{"@type":"ListItem","position":4,"name":"ADMISSION SUR TITRE 1RE ANNEE"}]},{"@type":"WebSite","@id":"https:\/\/www.enscmu.uha.fr\/#website","url":"https:\/\/www.enscmu.uha.fr\/","name":"ENSCMu | \u00c9cole Nationale Sup\u00e9rieure de Chimie de Mulhouse","description":"Campus Illberg | Universit\u00e9 de Haute-Alsace","potentialAction":[{"@type":"SearchAction","target":{"@type":"EntryPoint","urlTemplate":"https:\/\/www.enscmu.uha.fr\/?s={search_term_string}"},"query-input":{"@type":"PropertyValueSpecification","valueRequired":true,"valueName":"search_term_string"}}],"inLanguage":"fr-FR"}]}},"_links":{"self":[{"href":"https:\/\/www.enscmu.uha.fr\/index.php\/wp-json\/wp\/v2\/pages\/755","targetHints":{"allow":["GET"]}}],"collection":[{"href":"https:\/\/www.enscmu.uha.fr\/index.php\/wp-json\/wp\/v2\/pages"}],"about":[{"href":"https:\/\/www.enscmu.uha.fr\/index.php\/wp-json\/wp\/v2\/types\/page"}],"author":[{"embeddable":true,"href":"https:\/\/www.enscmu.uha.fr\/index.php\/wp-json\/wp\/v2\/users\/2"}],"replies":[{"embeddable":true,"href":"https:\/\/www.enscmu.uha.fr\/index.php\/wp-json\/wp\/v2\/comments?post=755"}],"version-history":[{"count":95,"href":"https:\/\/www.enscmu.uha.fr\/index.php\/wp-json\/wp\/v2\/pages\/755\/revisions"}],"predecessor-version":[{"id":5935,"href":"https:\/\/www.enscmu.uha.fr\/index.php\/wp-json\/wp\/v2\/pages\/755\/revisions\/5935"}],"up":[{"embeddable":true,"href":"https:\/\/www.enscmu.uha.fr\/index.php\/wp-json\/wp\/v2\/pages\/19"}],"wp:attachment":[{"href":"https:\/\/www.enscmu.uha.fr\/index.php\/wp-json\/wp\/v2\/media?parent=755"}],"wp:term":[{"taxonomy":"category","embeddable":true,"href":"https:\/\/www.enscmu.uha.fr\/index.php\/wp-json\/wp\/v2\/categories?post=755"},{"taxonomy":"post_tag","embeddable":true,"href":"https:\/\/www.enscmu.uha.fr\/index.php\/wp-json\/wp\/v2\/tags?post=755"}],"curies":[{"name":"wp","href":"https:\/\/api.w.org\/{rel}","templated":true}]}}